{"id":7340,"date":"2023-01-20T17:07:46","date_gmt":"2023-01-20T17:07:46","guid":{"rendered":"https:\/\/emea.dev.technetix.com\/nuestra-vision\/"},"modified":"2023-05-17T11:00:04","modified_gmt":"2023-05-17T11:00:04","slug":"nuestra-vision","status":"publish","type":"page","link":"https:\/\/emea.dev.technetix.com\/es\/nuestra-vision\/","title":{"rendered":"Nuestra visi\u00f3n"},"content":{"rendered":"<div class=\"gb-container gb-container-f86f3f4f gb-container-hero-banner\"><div class=\"gb-inside-container\">\n<h1 class=\"gb-headline gb-headline-e1547755 gb-headline-text gb-headline-hero-banner-title\">Nuestra visi\u00f3n<\/h1>\n<\/div><\/div><div class=\"gb-container gb-container-c4c9035b gb-container-con-centered-header\">\n<h2 class=\"gb-headline gb-headline-d02c52e4 gb-headline-text\">Technetix se esfuerza por hacer posible lo imposible. Cada miembro de nuestro equipo se centra en desarrollar y ofrecer soluciones integradas que maximicen el rendimiento de su red de banda ancha al tiempo que disminuyen el costo total de propiedad. Ofrecemos productos innovadores para la evoluci\u00f3n de su red de banda ancha.\u200e  <\/h2>\n<\/div><div class=\"gb-container gb-container-5c65cbd8 gb-container-wide-back-page-con\">\n<div class=\"gb-grid-wrapper gb-grid-wrapper-53f55656\">\n<div class=\"gb-grid-column gb-grid-column-111762de\"><div class=\"gb-container gb-container-111762de image-link-block\"><a class=\"gb-container-link\" href=\"https:\/\/emea.dev.technetix.com\/es\/nuestra-vision\/5g-xhaul\/\"><\/a><div class=\"gb-inside-container\">\n<div class=\"gb-container gb-container-c51a427e\"><div class=\"gb-inside-container\">\n<figure class=\"gb-block-image gb-block-image-92ef0c3b\"><img loading=\"lazy\" decoding=\"async\" width=\"1000\" height=\"500\" class=\"gb-image gb-image-92ef0c3b\" src=\"https:\/\/emea.dev.technetix.com\/wp-content\/uploads\/sites\/2\/2023\/01\/5G_XHAUL_1000X500_FINAL_2.jpeg\" alt=\"\" srcset=\"https:\/\/emea.dev.technetix.com\/wp-content\/uploads\/sites\/2\/2023\/01\/5G_XHAUL_1000X500_FINAL_2.jpeg 1000w, https:\/\/emea.dev.technetix.com\/wp-content\/uploads\/sites\/2\/2023\/01\/5G_XHAUL_1000X500_FINAL_2-300x150.jpeg 300w, https:\/\/emea.dev.technetix.com\/wp-content\/uploads\/sites\/2\/2023\/01\/5G_XHAUL_1000X500_FINAL_2-768x384.jpeg 768w, https:\/\/emea.dev.technetix.com\/wp-content\/uploads\/sites\/2\/2023\/01\/5G_XHAUL_1000X500_FINAL_2-600x300.jpeg 600w\" sizes=\"(max-width: 1000px) 100vw, 1000px\" \/><\/figure>\n\n<h2 class=\"gb-headline gb-headline-8057c017 gb-headline-text\">5G xHaul<\/h2>\n\n<p class=\"gb-headline gb-headline-380a8e6b gb-headline-text\">\u200eTechnetix ofrece una soluci\u00f3n de fibra virtual (Virtual Segmentation\u2122) que extiende su red hasta 10 Gbps y puede ser utilizada tanto por operadores de cable como de red m\u00f3vil para proporcionar servicios 5G.<\/p>\n<\/div><\/div>\n<\/div><\/div><\/div>\n\n<div class=\"gb-grid-column gb-grid-column-0f3a7a2d\"><div class=\"gb-container gb-container-0f3a7a2d image-link-block\"><a class=\"gb-container-link\" href=\"https:\/\/emea.dev.technetix.com\/es\/nuestra-vision\/10-gbps-sobre-coaxial-para-empresas\/\"><\/a><div class=\"gb-inside-container\">\n<div class=\"gb-container gb-container-c4ec9969\"><div class=\"gb-inside-container\">\n<figure class=\"gb-block-image gb-block-image-c6378176\"><img loading=\"lazy\" decoding=\"async\" width=\"1000\" height=\"500\" class=\"gb-image gb-image-c6378176\" src=\"https:\/\/emea.dev.technetix.com\/wp-content\/uploads\/sites\/2\/2023\/01\/10G_1000X500_FINAL_1.jpeg\" alt=\"\" srcset=\"https:\/\/emea.dev.technetix.com\/wp-content\/uploads\/sites\/2\/2023\/01\/10G_1000X500_FINAL_1.jpeg 1000w, https:\/\/emea.dev.technetix.com\/wp-content\/uploads\/sites\/2\/2023\/01\/10G_1000X500_FINAL_1-300x150.jpeg 300w, https:\/\/emea.dev.technetix.com\/wp-content\/uploads\/sites\/2\/2023\/01\/10G_1000X500_FINAL_1-768x384.jpeg 768w, https:\/\/emea.dev.technetix.com\/wp-content\/uploads\/sites\/2\/2023\/01\/10G_1000X500_FINAL_1-600x300.jpeg 600w\" sizes=\"(max-width: 1000px) 100vw, 1000px\" \/><\/figure>\n\n<h2 class=\"gb-headline gb-headline-bdf96aa9 gb-headline-text\">\u200e10 Gbps sobre coaxial para empresas<\/h2>\n\n<p class=\"gb-headline gb-headline-223e14e1 gb-headline-text\">Virtual Segmentation\u2122, la soluci\u00f3n de fibra virtual de Technetix, puede ampliar su red para alcanzar los 10 Gbps, lo que le permite proporcionar conexiones de alta velocidad a las empresas mediante el uso de dispositivos coaxiales.\u200e<\/p>\n<\/div><\/div>\n<\/div><\/div><\/div>\n\n<div class=\"gb-grid-column gb-grid-column-fa1136ec\"><div class=\"gb-container gb-container-fa1136ec image-link-block\"><div class=\"gb-inside-container\">\n<div class=\"gb-container gb-container-a82b1d77\"><div class=\"gb-inside-container\">\n<figure class=\"gb-block-image gb-block-image-fb958e24\"><img loading=\"lazy\" decoding=\"async\" width=\"1000\" height=\"500\" class=\"gb-image gb-image-fb958e24\" src=\"https:\/\/emea.dev.technetix.com\/wp-content\/uploads\/sites\/2\/2023\/01\/DAA_1000X500_FINAL_1.jpeg\" alt=\"\" srcset=\"https:\/\/emea.dev.technetix.com\/wp-content\/uploads\/sites\/2\/2023\/01\/DAA_1000X500_FINAL_1.jpeg 1000w, https:\/\/emea.dev.technetix.com\/wp-content\/uploads\/sites\/2\/2023\/01\/DAA_1000X500_FINAL_1-300x150.jpeg 300w, https:\/\/emea.dev.technetix.com\/wp-content\/uploads\/sites\/2\/2023\/01\/DAA_1000X500_FINAL_1-768x384.jpeg 768w, https:\/\/emea.dev.technetix.com\/wp-content\/uploads\/sites\/2\/2023\/01\/DAA_1000X500_FINAL_1-600x300.jpeg 600w\" sizes=\"(max-width: 1000px) 100vw, 1000px\" \/><\/figure>\n\n<h2 class=\"gb-headline gb-headline-0dd81281 gb-headline-text\">\u200eArquitectura de acceso distribuido\u200e \u200e<\/h2>\n\n<p class=\"gb-headline gb-headline-75c47dac gb-headline-text\">La arquitectura de acceso distribuido (DAA) permite la reubicaci\u00f3n de los elementos tradicionales de cabecera en la red de acceso para los operadores que buscan ampliar la capacidad de la red.<\/p>\n<\/div><\/div>\n<\/div><\/div><\/div>\n\n<div class=\"gb-grid-column gb-grid-column-b447ea4f\"><div class=\"gb-container gb-container-b447ea4f image-link-block\"><a class=\"gb-container-link\" href=\"https:\/\/emea.dev.technetix.com\/es\/nuestra-vision\/arquitectura-de-ganancia-distribuida\/\"><\/a><div class=\"gb-inside-container\">\n<div class=\"gb-container gb-container-5236316e\"><div class=\"gb-inside-container\">\n<figure class=\"gb-block-image gb-block-image-a10c1c35\"><img loading=\"lazy\" decoding=\"async\" width=\"1000\" height=\"500\" class=\"gb-image gb-image-a10c1c35\" src=\"https:\/\/emea.dev.technetix.com\/wp-content\/uploads\/sites\/2\/2023\/01\/DGA_1000X500_FINAL_2.jpeg\" alt=\"\" srcset=\"https:\/\/emea.dev.technetix.com\/wp-content\/uploads\/sites\/2\/2023\/01\/DGA_1000X500_FINAL_2.jpeg 1000w, https:\/\/emea.dev.technetix.com\/wp-content\/uploads\/sites\/2\/2023\/01\/DGA_1000X500_FINAL_2-300x150.jpeg 300w, https:\/\/emea.dev.technetix.com\/wp-content\/uploads\/sites\/2\/2023\/01\/DGA_1000X500_FINAL_2-768x384.jpeg 768w, https:\/\/emea.dev.technetix.com\/wp-content\/uploads\/sites\/2\/2023\/01\/DGA_1000X500_FINAL_2-600x300.jpeg 600w\" sizes=\"(max-width: 1000px) 100vw, 1000px\" \/><\/figure>\n\n<h2 class=\"gb-headline gb-headline-e4fd00be gb-headline-text\">\u200eArquitectura de ganancia distribuida<\/h2>\n\n<p class=\"gb-headline gb-headline-5091eee6 gb-headline-text\">\u200eLa arquitectura de ganancia distribuida (DGA) le brinda la capacidad de generar m\u00e1s ingresos con menos gastos, m\u00e1s por menos.\u200e<\/p>\n<\/div><\/div>\n<\/div><\/div><\/div>\n\n<div class=\"gb-grid-column gb-grid-column-d52cf903\"><div class=\"gb-container gb-container-d52cf903 image-link-block\"><a class=\"gb-container-link\" href=\"https:\/\/emea.dev.technetix.com\/es\/nuestra-vision\/docsis3-1\/\"><\/a><div class=\"gb-inside-container\">\n<div class=\"gb-container gb-container-40df47fe\"><div class=\"gb-inside-container\">\n<figure class=\"gb-block-image gb-block-image-e59ab004\"><img loading=\"lazy\" decoding=\"async\" width=\"1000\" height=\"500\" class=\"gb-image gb-image-e59ab004\" src=\"https:\/\/emea.dev.technetix.com\/wp-content\/uploads\/sites\/2\/2023\/01\/D31_1000X500_FINAL_2.jpeg\" alt=\"\" srcset=\"https:\/\/emea.dev.technetix.com\/wp-content\/uploads\/sites\/2\/2023\/01\/D31_1000X500_FINAL_2.jpeg 1000w, https:\/\/emea.dev.technetix.com\/wp-content\/uploads\/sites\/2\/2023\/01\/D31_1000X500_FINAL_2-300x150.jpeg 300w, https:\/\/emea.dev.technetix.com\/wp-content\/uploads\/sites\/2\/2023\/01\/D31_1000X500_FINAL_2-768x384.jpeg 768w, https:\/\/emea.dev.technetix.com\/wp-content\/uploads\/sites\/2\/2023\/01\/D31_1000X500_FINAL_2-600x300.jpeg 600w\" sizes=\"(max-width: 1000px) 100vw, 1000px\" \/><\/figure>\n\n<h2 class=\"gb-headline gb-headline-57a4ec89 gb-headline-text\">DOCSIS 3.1<\/h2>\n\n<p class=\"gb-headline gb-headline-9f7b0e46 gb-headline-text\">\u200eLa tecnolog\u00eda DOCSIS 3.1 ofrece Internet de alta velocidad con la calidad excepcional requerida para juegos en l\u00ednea y aplicaciones en tiempo real como realidad aumentada e IoT.\u200e<\/p>\n<\/div><\/div>\n<\/div><\/div><\/div>\n\n<div class=\"gb-grid-column gb-grid-column-3871cb83\"><div class=\"gb-container gb-container-3871cb83 image-link-block\"><a class=\"gb-container-link\" href=\"https:\/\/emea.dev.technetix.com\/es\/nuestra-vision\/docsis4-0-esd\/\"><\/a><div class=\"gb-inside-container\">\n<div class=\"gb-container gb-container-0e77b9bc\"><div class=\"gb-inside-container\">\n<figure class=\"gb-block-image gb-block-image-28cbb04e\"><img loading=\"lazy\" decoding=\"async\" width=\"1000\" height=\"500\" class=\"gb-image gb-image-28cbb04e\" src=\"https:\/\/emea.dev.technetix.com\/wp-content\/uploads\/sites\/2\/2023\/01\/D4_ESD_1000X500_FINAL_1.jpeg\" alt=\"\" srcset=\"https:\/\/emea.dev.technetix.com\/wp-content\/uploads\/sites\/2\/2023\/01\/D4_ESD_1000X500_FINAL_1.jpeg 1000w, https:\/\/emea.dev.technetix.com\/wp-content\/uploads\/sites\/2\/2023\/01\/D4_ESD_1000X500_FINAL_1-300x150.jpeg 300w, https:\/\/emea.dev.technetix.com\/wp-content\/uploads\/sites\/2\/2023\/01\/D4_ESD_1000X500_FINAL_1-768x384.jpeg 768w, https:\/\/emea.dev.technetix.com\/wp-content\/uploads\/sites\/2\/2023\/01\/D4_ESD_1000X500_FINAL_1-600x300.jpeg 600w\" sizes=\"(max-width: 1000px) 100vw, 1000px\" \/><\/figure>\n\n<h2 class=\"gb-headline gb-headline-aeb3a02c gb-headline-text\">\u200eDOCSIS 4.0 ESD<\/h2>\n\n<p class=\"gb-headline gb-headline-f619d067 gb-headline-text\">\u200eDOCSIS 4.0 ESD &#8211; EXTENDED Spectrum DOCSIS (ESD) admite hasta 1,8 GHz manteniendo separado el tr\u00e1fico ascendente y descendente.\u200e<\/p>\n<\/div><\/div>\n<\/div><\/div><\/div>\n\n<div class=\"gb-grid-column gb-grid-column-abf88640\"><div class=\"gb-container gb-container-abf88640 image-link-block\"><a class=\"gb-container-link\" href=\"https:\/\/emea.dev.technetix.com\/es\/nuestra-vision\/docsis4-0-fdx\/\"><\/a><div class=\"gb-inside-container\">\n<div class=\"gb-container gb-container-ea187d45\"><div class=\"gb-inside-container\">\n<figure class=\"gb-block-image gb-block-image-f8db48f1\"><img loading=\"lazy\" decoding=\"async\" width=\"1000\" height=\"500\" class=\"gb-image gb-image-f8db48f1\" src=\"https:\/\/emea.dev.technetix.com\/wp-content\/uploads\/sites\/2\/2023\/01\/D4_FDX_1000X500_FINAL.jpeg\" alt=\"\" srcset=\"https:\/\/emea.dev.technetix.com\/wp-content\/uploads\/sites\/2\/2023\/01\/D4_FDX_1000X500_FINAL.jpeg 1000w, https:\/\/emea.dev.technetix.com\/wp-content\/uploads\/sites\/2\/2023\/01\/D4_FDX_1000X500_FINAL-300x150.jpeg 300w, https:\/\/emea.dev.technetix.com\/wp-content\/uploads\/sites\/2\/2023\/01\/D4_FDX_1000X500_FINAL-768x384.jpeg 768w, https:\/\/emea.dev.technetix.com\/wp-content\/uploads\/sites\/2\/2023\/01\/D4_FDX_1000X500_FINAL-600x300.jpeg 600w\" sizes=\"(max-width: 1000px) 100vw, 1000px\" \/><\/figure>\n\n<h2 class=\"gb-headline gb-headline-65d13e9f gb-headline-text\">DOCSIS 4.0 FDx<\/h2>\n\n<p class=\"gb-headline gb-headline-b80c3c47 gb-headline-text\">\u200eLa tecnolog\u00eda DOCSIS 4.0 permite servicios de banda ancha de pr\u00f3xima generaci\u00f3n utilizando una red HFC existente, el est\u00e1ndar abarca la tecnolog\u00eda DOCSIS d\u00faplex completo (FDx), que ofrece datos de velocidad multi-gigabit sim\u00e9tricos.<\/p>\n<\/div><\/div>\n<\/div><\/div><\/div>\n\n<div class=\"gb-grid-column gb-grid-column-4d5091f7\"><div class=\"gb-container gb-container-4d5091f7 image-link-block\"><a class=\"gb-container-link\" href=\"https:\/\/emea.dev.technetix.com\/es\/nuestra-vision\/flexi-split\/\"><\/a><div class=\"gb-inside-container\">\n<div class=\"gb-container gb-container-deebfbac\"><div class=\"gb-inside-container\">\n<figure class=\"gb-block-image gb-block-image-07355cb8\"><img loading=\"lazy\" decoding=\"async\" width=\"1000\" height=\"500\" class=\"gb-image gb-image-07355cb8\" src=\"https:\/\/emea.dev.technetix.com\/wp-content\/uploads\/sites\/2\/2023\/01\/FLEXI-SPLIT_1000X500_FINAL_2.jpeg\" alt=\"\" srcset=\"https:\/\/emea.dev.technetix.com\/wp-content\/uploads\/sites\/2\/2023\/01\/FLEXI-SPLIT_1000X500_FINAL_2.jpeg 1000w, https:\/\/emea.dev.technetix.com\/wp-content\/uploads\/sites\/2\/2023\/01\/FLEXI-SPLIT_1000X500_FINAL_2-300x150.jpeg 300w, https:\/\/emea.dev.technetix.com\/wp-content\/uploads\/sites\/2\/2023\/01\/FLEXI-SPLIT_1000X500_FINAL_2-768x384.jpeg 768w, https:\/\/emea.dev.technetix.com\/wp-content\/uploads\/sites\/2\/2023\/01\/FLEXI-SPLIT_1000X500_FINAL_2-600x300.jpeg 600w\" sizes=\"(max-width: 1000px) 100vw, 1000px\" \/><\/figure>\n\n<h2 class=\"gb-headline gb-headline-21eaa8c1 gb-headline-text\">Flexi-split<\/h2>\n\n<p class=\"gb-headline gb-headline-597d40a6 gb-headline-text\">\u200eCon la soluci\u00f3n flexi-split de Technetix, la divisi\u00f3n de frecuencias ascendente y descendente en las redes se puede ajustar sin reemplazar ni cambiar los amplificadores flexi-split.\u200e<\/p>\n<\/div><\/div>\n<\/div><\/div><\/div>\n\n<div class=\"gb-grid-column gb-grid-column-62994a5b\"><div class=\"gb-container gb-container-62994a5b image-link-block\"><div class=\"gb-inside-container\">\n<div class=\"gb-container gb-container-72f14b5c\"><div class=\"gb-inside-container\">\n<figure class=\"gb-block-image gb-block-image-19b713e0\"><img loading=\"lazy\" decoding=\"async\" width=\"1000\" height=\"500\" class=\"gb-image gb-image-19b713e0\" src=\"https:\/\/emea.dev.technetix.com\/wp-content\/uploads\/sites\/2\/2023\/01\/SDN_1000X500_FINAL_1.jpeg\" alt=\"\" srcset=\"https:\/\/emea.dev.technetix.com\/wp-content\/uploads\/sites\/2\/2023\/01\/SDN_1000X500_FINAL_1.jpeg 1000w, https:\/\/emea.dev.technetix.com\/wp-content\/uploads\/sites\/2\/2023\/01\/SDN_1000X500_FINAL_1-300x150.jpeg 300w, https:\/\/emea.dev.technetix.com\/wp-content\/uploads\/sites\/2\/2023\/01\/SDN_1000X500_FINAL_1-768x384.jpeg 768w, https:\/\/emea.dev.technetix.com\/wp-content\/uploads\/sites\/2\/2023\/01\/SDN_1000X500_FINAL_1-600x300.jpeg 600w\" sizes=\"(max-width: 1000px) 100vw, 1000px\" \/><\/figure>\n\n<h2 class=\"gb-headline gb-headline-7d02f62a gb-headline-text\">\u200eRedes definidas por software\u200e<\/h2>\n\n<p class=\"gb-headline gb-headline-d23ae928 gb-headline-text\">Controle su red de forma remota mediante aplicaciones de red definidas por software para cambiar la configuraci\u00f3n de sus equipos.\u200e<\/p>\n<\/div><\/div>\n<\/div><\/div><\/div>\n<\/div>\n<\/div><div class=\"gb-container gb-container-86061b5f gb-container-con-buttons-bottom\">\n<h2 class=\"gb-headline gb-headline-7ce6fa4b gb-headline-text gb-headline-head-bottom-buttons\">Enlaces de inter\u00e9s<\/h2>\n\n<div class=\"gb-button-wrapper gb-button-wrapper-5300c273 gb-button-wrapper-after-con-buttons\">\n<a class=\"gb-button gb-button-ff3bad62 gb-button-text gb-button-bottom-button\" href=\"https:\/\/emea.dev.technetix.com\/es\/consultoria-de-redes\/\">Consultor\u00eda de redes<\/a>\n\n<a class=\"gb-button gb-button-e7a0fe73 gb-button-text gb-button-bottom-button\" href=\"https:\/\/emea.dev.technetix.com\/es\/technetix-academy\/\">Technetix Academy<\/a>\n\n<a class=\"gb-button gb-button-5e4e6530 gb-button-text gb-button-bottom-button\" href=\"https:\/\/emea.dev.technetix.com\/es\/redes-hfc\/\">Redes HFC<\/a>\n\n<a class=\"gb-button gb-button-3eadfa91 gb-button-text gb-button-bottom-button\" href=\"https:\/\/emea.dev.technetix.com\/es\/redes-fttx\/\">Redes FTTx<\/a>\n\n<a class=\"gb-button gb-button-74bfad52 gb-button-text gb-button-bottom-button\" href=\"https:\/\/emea.dev.technetix.com\/es\/contactenos\/\">Cont\u00e1ctenos<\/a>\n<\/div>\n<\/div>","protected":false},"excerpt":{"rendered":"<p>Nuestra visi\u00f3n Technetix se esfuerza por hacer posible lo imposible. Cada miembro de nuestro equipo se centra en desarrollar y ofrecer soluciones integradas que maximicen el rendimiento de su red de banda ancha al tiempo que disminuyen el costo total de propiedad. Ofrecemos productos innovadores para la evoluci\u00f3n de su red de banda ancha.\u200e Enlaces &#8230; <a title=\"Nuestra visi\u00f3n\" class=\"read-more\" href=\"https:\/\/emea.dev.technetix.com\/es\/nuestra-vision\/\" aria-label=\"M\u00e1s en Nuestra visi\u00f3n\">Read more<\/a><\/p>\n","protected":false},"author":1,"featured_media":21610,"parent":0,"menu_order":0,"comment_status":"open","ping_status":"closed","template":"","meta":{"_acf_changed":false,"_gspb_post_css":"","footnotes":""},"class_list":["post-7340","page","type-page","status-publish","has-post-thumbnail"],"yoast_head":"<!-- This site is optimized with the Yoast SEO Premium plugin v22.5 (Yoast SEO v23.7) - https:\/\/yoast.com\/wordpress\/plugins\/seo\/ -->\n<title>Nuestra visi\u00f3n - Technetix EMEA<\/title>\n<meta name=\"robots\" content=\"index, follow, max-snippet:-1, max-image-preview:large, max-video-preview:-1\" \/>\n<link rel=\"canonical\" href=\"https:\/\/emea.dev.technetix.com\/es\/nuestra-vision\/\" \/>\n<meta property=\"og:locale\" content=\"es_ES\" \/>\n<meta property=\"og:type\" content=\"article\" \/>\n<meta property=\"og:title\" content=\"Nuestra visi\u00f3n - Technetix EMEA\" \/>\n<meta property=\"og:description\" content=\"Nuestra visi\u00f3n Technetix se esfuerza por hacer posible lo imposible. Cada miembro de nuestro equipo se centra en desarrollar y ofrecer soluciones integradas que maximicen el rendimiento de su red de banda ancha al tiempo que disminuyen el costo total de propiedad. Ofrecemos productos innovadores para la evoluci\u00f3n de su red de banda ancha.\u200e Enlaces ... Read more\" \/>\n<meta property=\"og:url\" content=\"https:\/\/emea.dev.technetix.com\/es\/nuestra-vision\/\" \/>\n<meta property=\"og:site_name\" content=\"Technetix EMEA\" \/>\n<meta property=\"article:modified_time\" content=\"2023-05-17T11:00:04+00:00\" \/>\n<meta property=\"og:image\" content=\"https:\/\/emea.dev.technetix.com\/wp-content\/uploads\/sites\/2\/2023\/05\/ABOUT_LARGE_VISION_FINAL.jpg\" \/>\n\t<meta property=\"og:image:width\" content=\"1920\" \/>\n\t<meta property=\"og:image:height\" content=\"450\" \/>\n\t<meta property=\"og:image:type\" content=\"image\/jpeg\" \/>\n<meta name=\"twitter:card\" content=\"summary_large_image\" \/>\n<meta name=\"twitter:site\" content=\"@technetixgroup\" \/>\n<meta name=\"twitter:label1\" content=\"Tiempo de lectura\" \/>\n\t<meta name=\"twitter:data1\" content=\"4 minutos\" \/>\n<script type=\"application\/ld+json\" class=\"yoast-schema-graph\">{\"@context\":\"https:\/\/schema.org\",\"@graph\":[{\"@type\":\"WebPage\",\"@id\":\"https:\/\/emea.dev.technetix.com\/es\/nuestra-vision\/\",\"url\":\"https:\/\/emea.dev.technetix.com\/es\/nuestra-vision\/\",\"name\":\"Nuestra visi\u00f3n - Technetix EMEA\",\"isPartOf\":{\"@id\":\"https:\/\/emea.dev.technetix.com\/es\/#website\"},\"primaryImageOfPage\":{\"@id\":\"https:\/\/emea.dev.technetix.com\/es\/nuestra-vision\/#primaryimage\"},\"image\":{\"@id\":\"https:\/\/emea.dev.technetix.com\/es\/nuestra-vision\/#primaryimage\"},\"thumbnailUrl\":\"https:\/\/emea.dev.technetix.com\/wp-content\/uploads\/sites\/2\/2023\/05\/ABOUT_LARGE_VISION_FINAL.jpg\",\"datePublished\":\"2023-01-20T17:07:46+00:00\",\"dateModified\":\"2023-05-17T11:00:04+00:00\",\"breadcrumb\":{\"@id\":\"https:\/\/emea.dev.technetix.com\/es\/nuestra-vision\/#breadcrumb\"},\"inLanguage\":\"es\",\"potentialAction\":[{\"@type\":\"ReadAction\",\"target\":[\"https:\/\/emea.dev.technetix.com\/es\/nuestra-vision\/\"]}]},{\"@type\":\"ImageObject\",\"inLanguage\":\"es\",\"@id\":\"https:\/\/emea.dev.technetix.com\/es\/nuestra-vision\/#primaryimage\",\"url\":\"https:\/\/emea.dev.technetix.com\/wp-content\/uploads\/sites\/2\/2023\/05\/ABOUT_LARGE_VISION_FINAL.jpg\",\"contentUrl\":\"https:\/\/emea.dev.technetix.com\/wp-content\/uploads\/sites\/2\/2023\/05\/ABOUT_LARGE_VISION_FINAL.jpg\",\"width\":1920,\"height\":450},{\"@type\":\"BreadcrumbList\",\"@id\":\"https:\/\/emea.dev.technetix.com\/es\/nuestra-vision\/#breadcrumb\",\"itemListElement\":[{\"@type\":\"ListItem\",\"position\":1,\"name\":\"Home\",\"item\":\"https:\/\/emea.dev.technetix.com\/es\/\"},{\"@type\":\"ListItem\",\"position\":2,\"name\":\"Nuestra visi\u00f3n\"}]},{\"@type\":\"WebSite\",\"@id\":\"https:\/\/emea.dev.technetix.com\/es\/#website\",\"url\":\"https:\/\/emea.dev.technetix.com\/es\/\",\"name\":\"Technetix\",\"description\":\"Next-generation broadband equipment engineering\",\"publisher\":{\"@id\":\"https:\/\/emea.dev.technetix.com\/es\/#organization\"},\"potentialAction\":[{\"@type\":\"SearchAction\",\"target\":{\"@type\":\"EntryPoint\",\"urlTemplate\":\"https:\/\/emea.dev.technetix.com\/es\/?s={search_term_string}\"},\"query-input\":{\"@type\":\"PropertyValueSpecification\",\"valueRequired\":true,\"valueName\":\"search_term_string\"}}],\"inLanguage\":\"es\"},{\"@type\":\"Organization\",\"@id\":\"https:\/\/emea.dev.technetix.com\/es\/#organization\",\"name\":\"Technetix\",\"url\":\"https:\/\/emea.dev.technetix.com\/es\/\",\"logo\":{\"@type\":\"ImageObject\",\"inLanguage\":\"es\",\"@id\":\"https:\/\/emea.dev.technetix.com\/es\/#\/schema\/logo\/image\/\",\"url\":\"https:\/\/emea.dev.technetix.com\/wp-content\/uploads\/sites\/2\/2023\/06\/logo-Technetix-1000x1000-1.png\",\"contentUrl\":\"https:\/\/emea.dev.technetix.com\/wp-content\/uploads\/sites\/2\/2023\/06\/logo-Technetix-1000x1000-1.png\",\"width\":1000,\"height\":1000,\"caption\":\"Technetix\"},\"image\":{\"@id\":\"https:\/\/emea.dev.technetix.com\/es\/#\/schema\/logo\/image\/\"},\"sameAs\":[\"https:\/\/x.com\/technetixgroup\",\"https:\/\/www.linkedin.com\/company\/technetix\/\",\"https:\/\/www.youtube.com\/c\/Technetix-group\"]}]}<\/script>\n<!-- \/ Yoast SEO Premium plugin. -->","yoast_head_json":{"title":"Nuestra visi\u00f3n - Technetix EMEA","robots":{"index":"index","follow":"follow","max-snippet":"max-snippet:-1","max-image-preview":"max-image-preview:large","max-video-preview":"max-video-preview:-1"},"canonical":"https:\/\/emea.dev.technetix.com\/es\/nuestra-vision\/","og_locale":"es_ES","og_type":"article","og_title":"Nuestra visi\u00f3n - Technetix EMEA","og_description":"Nuestra visi\u00f3n Technetix se esfuerza por hacer posible lo imposible. Cada miembro de nuestro equipo se centra en desarrollar y ofrecer soluciones integradas que maximicen el rendimiento de su red de banda ancha al tiempo que disminuyen el costo total de propiedad. Ofrecemos productos innovadores para la evoluci\u00f3n de su red de banda ancha.\u200e Enlaces ... Read more","og_url":"https:\/\/emea.dev.technetix.com\/es\/nuestra-vision\/","og_site_name":"Technetix EMEA","article_modified_time":"2023-05-17T11:00:04+00:00","og_image":[{"width":1920,"height":450,"url":"https:\/\/emea.dev.technetix.com\/wp-content\/uploads\/sites\/2\/2023\/05\/ABOUT_LARGE_VISION_FINAL.jpg","type":"image\/jpeg"}],"twitter_card":"summary_large_image","twitter_site":"@technetixgroup","twitter_misc":{"Tiempo de lectura":"4 minutos"},"schema":{"@context":"https:\/\/schema.org","@graph":[{"@type":"WebPage","@id":"https:\/\/emea.dev.technetix.com\/es\/nuestra-vision\/","url":"https:\/\/emea.dev.technetix.com\/es\/nuestra-vision\/","name":"Nuestra visi\u00f3n - Technetix EMEA","isPartOf":{"@id":"https:\/\/emea.dev.technetix.com\/es\/#website"},"primaryImageOfPage":{"@id":"https:\/\/emea.dev.technetix.com\/es\/nuestra-vision\/#primaryimage"},"image":{"@id":"https:\/\/emea.dev.technetix.com\/es\/nuestra-vision\/#primaryimage"},"thumbnailUrl":"https:\/\/emea.dev.technetix.com\/wp-content\/uploads\/sites\/2\/2023\/05\/ABOUT_LARGE_VISION_FINAL.jpg","datePublished":"2023-01-20T17:07:46+00:00","dateModified":"2023-05-17T11:00:04+00:00","breadcrumb":{"@id":"https:\/\/emea.dev.technetix.com\/es\/nuestra-vision\/#breadcrumb"},"inLanguage":"es","potentialAction":[{"@type":"ReadAction","target":["https:\/\/emea.dev.technetix.com\/es\/nuestra-vision\/"]}]},{"@type":"ImageObject","inLanguage":"es","@id":"https:\/\/emea.dev.technetix.com\/es\/nuestra-vision\/#primaryimage","url":"https:\/\/emea.dev.technetix.com\/wp-content\/uploads\/sites\/2\/2023\/05\/ABOUT_LARGE_VISION_FINAL.jpg","contentUrl":"https:\/\/emea.dev.technetix.com\/wp-content\/uploads\/sites\/2\/2023\/05\/ABOUT_LARGE_VISION_FINAL.jpg","width":1920,"height":450},{"@type":"BreadcrumbList","@id":"https:\/\/emea.dev.technetix.com\/es\/nuestra-vision\/#breadcrumb","itemListElement":[{"@type":"ListItem","position":1,"name":"Home","item":"https:\/\/emea.dev.technetix.com\/es\/"},{"@type":"ListItem","position":2,"name":"Nuestra visi\u00f3n"}]},{"@type":"WebSite","@id":"https:\/\/emea.dev.technetix.com\/es\/#website","url":"https:\/\/emea.dev.technetix.com\/es\/","name":"Technetix","description":"Next-generation broadband equipment engineering","publisher":{"@id":"https:\/\/emea.dev.technetix.com\/es\/#organization"},"potentialAction":[{"@type":"SearchAction","target":{"@type":"EntryPoint","urlTemplate":"https:\/\/emea.dev.technetix.com\/es\/?s={search_term_string}"},"query-input":{"@type":"PropertyValueSpecification","valueRequired":true,"valueName":"search_term_string"}}],"inLanguage":"es"},{"@type":"Organization","@id":"https:\/\/emea.dev.technetix.com\/es\/#organization","name":"Technetix","url":"https:\/\/emea.dev.technetix.com\/es\/","logo":{"@type":"ImageObject","inLanguage":"es","@id":"https:\/\/emea.dev.technetix.com\/es\/#\/schema\/logo\/image\/","url":"https:\/\/emea.dev.technetix.com\/wp-content\/uploads\/sites\/2\/2023\/06\/logo-Technetix-1000x1000-1.png","contentUrl":"https:\/\/emea.dev.technetix.com\/wp-content\/uploads\/sites\/2\/2023\/06\/logo-Technetix-1000x1000-1.png","width":1000,"height":1000,"caption":"Technetix"},"image":{"@id":"https:\/\/emea.dev.technetix.com\/es\/#\/schema\/logo\/image\/"},"sameAs":["https:\/\/x.com\/technetixgroup","https:\/\/www.linkedin.com\/company\/technetix\/","https:\/\/www.youtube.com\/c\/Technetix-group"]}]}},"acf":[],"publishpress_future_workflow_manual_trigger":{"enabledWorkflows":[]},"_links":{"self":[{"href":"https:\/\/emea.dev.technetix.com\/es\/wp-json\/wp\/v2\/pages\/7340"}],"collection":[{"href":"https:\/\/emea.dev.technetix.com\/es\/wp-json\/wp\/v2\/pages"}],"about":[{"href":"https:\/\/emea.dev.technetix.com\/es\/wp-json\/wp\/v2\/types\/page"}],"author":[{"embeddable":true,"href":"https:\/\/emea.dev.technetix.com\/es\/wp-json\/wp\/v2\/users\/1"}],"replies":[{"embeddable":true,"href":"https:\/\/emea.dev.technetix.com\/es\/wp-json\/wp\/v2\/comments?post=7340"}],"version-history":[{"count":5,"href":"https:\/\/emea.dev.technetix.com\/es\/wp-json\/wp\/v2\/pages\/7340\/revisions"}],"predecessor-version":[{"id":21617,"href":"https:\/\/emea.dev.technetix.com\/es\/wp-json\/wp\/v2\/pages\/7340\/revisions\/21617"}],"wp:featuredmedia":[{"embeddable":true,"href":"https:\/\/emea.dev.technetix.com\/es\/wp-json\/wp\/v2\/media\/21610"}],"wp:attachment":[{"href":"https:\/\/emea.dev.technetix.com\/es\/wp-json\/wp\/v2\/media?parent=7340"}],"curies":[{"name":"wp","href":"https:\/\/api.w.org\/{rel}","templated":true}]}}