{"id":7335,"date":"2023-02-06T16:31:52","date_gmt":"2023-02-06T16:31:52","guid":{"rendered":"https:\/\/emea.dev.technetix.com\/preferencias-de-suscripcion\/"},"modified":"2023-04-17T23:37:05","modified_gmt":"2023-04-17T23:37:05","slug":"preferencias-de-suscripcion","status":"publish","type":"page","link":"https:\/\/emea.dev.technetix.com\/es\/preferencias-de-suscripcion\/","title":{"rendered":"Preferencias de suscripci\u00f3n"},"content":{"rendered":"<div class=\"gb-container gb-container-cb23b599 gb-container-inner-back-page-con\">\n<h1 class=\"gb-headline gb-headline-bea944e9 gb-headline-text gb-headline-h1-no-hero\">Preferencias de suscripci\u00f3n<\/h1>\n\n<!--[if lte IE 8]>\n<script charset=\"utf-8\" type=\"text\/javascript\" src=\"\/\/js.hsforms.net\/forms\/v2-legacy.js\"><\/script>\n<![endif]-->\n<script charset=\"utf-8\" type=\"text\/javascript\" src=\"\/\/js.hsforms.net\/forms\/v2.js\"><\/script>\n<script>\n  hbspt.forms.create({\n\tregion: \"na1\",\n\tportalId: \"2705019\",\n\tformId: \"61b13485-b16c-41fd-a661-ded6f9e00c40\"\n});\n<\/script>\n\n<p class=\"gb-headline gb-headline-195ee7e5 gb-headline-text\">*Campo obligatorio<\/p>\n\n<p class=\"gb-headline gb-headline-fbd209b5 gb-headline-text\">Si prefieres no recibir ning\u00fan email nuestro, haz click abajo. Tenga en cuenta que su solicitud afectar\u00e1 a la direcci\u00f3n de email que indican arriba. Si han provisto varias direcciones de email en el pasado, necesitar\u00e1 completar este formulario por cada una de las direcciones de email.  <\/p>\n\n<!--HubSpot Call-to-Action Code --><span class=\"hs-cta-wrapper\" id=\"hs-cta-wrapper-e0ef814f-7a84-40d9-bc67-aa0960c4ecdf\"><span class=\"hs-cta-node hs-cta-e0ef814f-7a84-40d9-bc67-aa0960c4ecdf\" id=\"hs-cta-e0ef814f-7a84-40d9-bc67-aa0960c4ecdf\"><!--[if lte IE 8]><div id=\"hs-cta-ie-element\"><\/div><![endif]--><a href=\"https:\/\/cta-redirect.hubspot.com\/cta\/redirect\/2705019\/e0ef814f-7a84-40d9-bc67-aa0960c4ecdf\" target=\"_blank\" rel=\"noopener\">Cancelar la suscripci&oacute;n<\/a><\/span><script charset=\"utf-8\" src=\"https:\/\/js.hscta.net\/cta\/current.js\"><\/script><script type=\"text\/javascript\"> hbspt.cta.load(2705019, 'e0ef814f-7a84-40d9-bc67-aa0960c4ecdf', {}); <\/script><\/span><!-- end HubSpot Call-to-Action Code -->\n\n<div class=\"gb-container gb-container-13552c06\"><div class=\"gb-inside-container\">\n<p class=\"gb-headline gb-headline-5cc1dae1 gb-headline-text\">Siga <a href=\"https:\/\/emea.dev.technetix.com\/update-your-details\/\">este enlace<\/a> si desa actualizar sus datos.<\/p>\n<\/div><\/div>\n<\/div>","protected":false},"excerpt":{"rendered":"<p>Preferencias de suscripci\u00f3n *Campo obligatorio Si prefieres no recibir ning\u00fan email nuestro, haz click abajo. Tenga en cuenta que su solicitud afectar\u00e1 a la direcci\u00f3n de email que indican arriba. Si han provisto varias direcciones de email en el pasado, necesitar\u00e1 completar este formulario por cada una de las direcciones de email. Cancelar la suscripci&oacute;n &#8230; <a title=\"Preferencias de suscripci\u00f3n\" class=\"read-more\" href=\"https:\/\/emea.dev.technetix.com\/es\/preferencias-de-suscripcion\/\" aria-label=\"M\u00e1s en Preferencias de suscripci\u00f3n\">Read more<\/a><\/p>\n","protected":false},"author":1,"featured_media":0,"parent":0,"menu_order":0,"comment_status":"closed","ping_status":"closed","template":"","meta":{"_acf_changed":false,"_gspb_post_css":"","footnotes":""},"class_list":["post-7335","page","type-page","status-publish"],"yoast_head":"<!-- This site is optimized with the Yoast SEO Premium plugin v22.5 (Yoast SEO v23.7) - https:\/\/yoast.com\/wordpress\/plugins\/seo\/ -->\n<title>Preferencias de suscripci\u00f3n - Technetix EMEA<\/title>\n<meta name=\"robots\" content=\"index, follow, max-snippet:-1, max-image-preview:large, max-video-preview:-1\" \/>\n<link rel=\"canonical\" href=\"https:\/\/emea.dev.technetix.com\/es\/preferencias-de-suscripcion\/\" \/>\n<meta property=\"og:locale\" content=\"es_ES\" \/>\n<meta property=\"og:type\" content=\"article\" \/>\n<meta property=\"og:title\" content=\"Preferencias de suscripci\u00f3n - Technetix EMEA\" \/>\n<meta property=\"og:description\" content=\"Preferencias de suscripci\u00f3n *Campo obligatorio Si prefieres no recibir ning\u00fan email nuestro, haz click abajo. Tenga en cuenta que su solicitud afectar\u00e1 a la direcci\u00f3n de email que indican arriba. Si han provisto varias direcciones de email en el pasado, necesitar\u00e1 completar este formulario por cada una de las direcciones de email. Cancelar la suscripci&oacute;n ... Read more\" \/>\n<meta property=\"og:url\" content=\"https:\/\/emea.dev.technetix.com\/es\/preferencias-de-suscripcion\/\" \/>\n<meta property=\"og:site_name\" content=\"Technetix EMEA\" \/>\n<meta property=\"article:modified_time\" content=\"2023-04-17T23:37:05+00:00\" \/>\n<meta property=\"og:image\" content=\"https:\/\/emea.dev.technetix.com\/wp-content\/uploads\/sites\/2\/2023\/06\/logo-Technetix-1200x675-1.png\" \/>\n\t<meta property=\"og:image:width\" content=\"1200\" \/>\n\t<meta property=\"og:image:height\" content=\"675\" \/>\n\t<meta property=\"og:image:type\" content=\"image\/png\" \/>\n<meta name=\"twitter:card\" content=\"summary_large_image\" \/>\n<meta name=\"twitter:site\" content=\"@technetixgroup\" \/>\n<meta name=\"twitter:label1\" content=\"Tiempo de lectura\" \/>\n\t<meta name=\"twitter:data1\" content=\"1 minuto\" \/>\n<script type=\"application\/ld+json\" class=\"yoast-schema-graph\">{\"@context\":\"https:\/\/schema.org\",\"@graph\":[{\"@type\":\"WebPage\",\"@id\":\"https:\/\/emea.dev.technetix.com\/es\/preferencias-de-suscripcion\/\",\"url\":\"https:\/\/emea.dev.technetix.com\/es\/preferencias-de-suscripcion\/\",\"name\":\"Preferencias de suscripci\u00f3n - Technetix EMEA\",\"isPartOf\":{\"@id\":\"https:\/\/emea.dev.technetix.com\/es\/#website\"},\"datePublished\":\"2023-02-06T16:31:52+00:00\",\"dateModified\":\"2023-04-17T23:37:05+00:00\",\"breadcrumb\":{\"@id\":\"https:\/\/emea.dev.technetix.com\/es\/preferencias-de-suscripcion\/#breadcrumb\"},\"inLanguage\":\"es\",\"potentialAction\":[{\"@type\":\"ReadAction\",\"target\":[\"https:\/\/emea.dev.technetix.com\/es\/preferencias-de-suscripcion\/\"]}]},{\"@type\":\"BreadcrumbList\",\"@id\":\"https:\/\/emea.dev.technetix.com\/es\/preferencias-de-suscripcion\/#breadcrumb\",\"itemListElement\":[{\"@type\":\"ListItem\",\"position\":1,\"name\":\"Home\",\"item\":\"https:\/\/emea.dev.technetix.com\/es\/\"},{\"@type\":\"ListItem\",\"position\":2,\"name\":\"Preferencias de suscripci\u00f3n\"}]},{\"@type\":\"WebSite\",\"@id\":\"https:\/\/emea.dev.technetix.com\/es\/#website\",\"url\":\"https:\/\/emea.dev.technetix.com\/es\/\",\"name\":\"Technetix\",\"description\":\"Next-generation broadband equipment engineering\",\"publisher\":{\"@id\":\"https:\/\/emea.dev.technetix.com\/es\/#organization\"},\"potentialAction\":[{\"@type\":\"SearchAction\",\"target\":{\"@type\":\"EntryPoint\",\"urlTemplate\":\"https:\/\/emea.dev.technetix.com\/es\/?s={search_term_string}\"},\"query-input\":{\"@type\":\"PropertyValueSpecification\",\"valueRequired\":true,\"valueName\":\"search_term_string\"}}],\"inLanguage\":\"es\"},{\"@type\":\"Organization\",\"@id\":\"https:\/\/emea.dev.technetix.com\/es\/#organization\",\"name\":\"Technetix\",\"url\":\"https:\/\/emea.dev.technetix.com\/es\/\",\"logo\":{\"@type\":\"ImageObject\",\"inLanguage\":\"es\",\"@id\":\"https:\/\/emea.dev.technetix.com\/es\/#\/schema\/logo\/image\/\",\"url\":\"https:\/\/emea.dev.technetix.com\/wp-content\/uploads\/sites\/2\/2023\/06\/logo-Technetix-1000x1000-1.png\",\"contentUrl\":\"https:\/\/emea.dev.technetix.com\/wp-content\/uploads\/sites\/2\/2023\/06\/logo-Technetix-1000x1000-1.png\",\"width\":1000,\"height\":1000,\"caption\":\"Technetix\"},\"image\":{\"@id\":\"https:\/\/emea.dev.technetix.com\/es\/#\/schema\/logo\/image\/\"},\"sameAs\":[\"https:\/\/x.com\/technetixgroup\",\"https:\/\/www.linkedin.com\/company\/technetix\/\",\"https:\/\/www.youtube.com\/c\/Technetix-group\"]}]}<\/script>\n<!-- \/ Yoast SEO Premium plugin. -->","yoast_head_json":{"title":"Preferencias de suscripci\u00f3n - Technetix EMEA","robots":{"index":"index","follow":"follow","max-snippet":"max-snippet:-1","max-image-preview":"max-image-preview:large","max-video-preview":"max-video-preview:-1"},"canonical":"https:\/\/emea.dev.technetix.com\/es\/preferencias-de-suscripcion\/","og_locale":"es_ES","og_type":"article","og_title":"Preferencias de suscripci\u00f3n - Technetix EMEA","og_description":"Preferencias de suscripci\u00f3n *Campo obligatorio Si prefieres no recibir ning\u00fan email nuestro, haz click abajo. Tenga en cuenta que su solicitud afectar\u00e1 a la direcci\u00f3n de email que indican arriba. Si han provisto varias direcciones de email en el pasado, necesitar\u00e1 completar este formulario por cada una de las direcciones de email. Cancelar la suscripci&oacute;n ... Read more","og_url":"https:\/\/emea.dev.technetix.com\/es\/preferencias-de-suscripcion\/","og_site_name":"Technetix EMEA","article_modified_time":"2023-04-17T23:37:05+00:00","og_image":[{"width":1200,"height":675,"url":"https:\/\/emea.dev.technetix.com\/wp-content\/uploads\/sites\/2\/2023\/06\/logo-Technetix-1200x675-1.png","type":"image\/png"}],"twitter_card":"summary_large_image","twitter_site":"@technetixgroup","twitter_misc":{"Tiempo de lectura":"1 minuto"},"schema":{"@context":"https:\/\/schema.org","@graph":[{"@type":"WebPage","@id":"https:\/\/emea.dev.technetix.com\/es\/preferencias-de-suscripcion\/","url":"https:\/\/emea.dev.technetix.com\/es\/preferencias-de-suscripcion\/","name":"Preferencias de suscripci\u00f3n - Technetix EMEA","isPartOf":{"@id":"https:\/\/emea.dev.technetix.com\/es\/#website"},"datePublished":"2023-02-06T16:31:52+00:00","dateModified":"2023-04-17T23:37:05+00:00","breadcrumb":{"@id":"https:\/\/emea.dev.technetix.com\/es\/preferencias-de-suscripcion\/#breadcrumb"},"inLanguage":"es","potentialAction":[{"@type":"ReadAction","target":["https:\/\/emea.dev.technetix.com\/es\/preferencias-de-suscripcion\/"]}]},{"@type":"BreadcrumbList","@id":"https:\/\/emea.dev.technetix.com\/es\/preferencias-de-suscripcion\/#breadcrumb","itemListElement":[{"@type":"ListItem","position":1,"name":"Home","item":"https:\/\/emea.dev.technetix.com\/es\/"},{"@type":"ListItem","position":2,"name":"Preferencias de suscripci\u00f3n"}]},{"@type":"WebSite","@id":"https:\/\/emea.dev.technetix.com\/es\/#website","url":"https:\/\/emea.dev.technetix.com\/es\/","name":"Technetix","description":"Next-generation broadband equipment engineering","publisher":{"@id":"https:\/\/emea.dev.technetix.com\/es\/#organization"},"potentialAction":[{"@type":"SearchAction","target":{"@type":"EntryPoint","urlTemplate":"https:\/\/emea.dev.technetix.com\/es\/?s={search_term_string}"},"query-input":{"@type":"PropertyValueSpecification","valueRequired":true,"valueName":"search_term_string"}}],"inLanguage":"es"},{"@type":"Organization","@id":"https:\/\/emea.dev.technetix.com\/es\/#organization","name":"Technetix","url":"https:\/\/emea.dev.technetix.com\/es\/","logo":{"@type":"ImageObject","inLanguage":"es","@id":"https:\/\/emea.dev.technetix.com\/es\/#\/schema\/logo\/image\/","url":"https:\/\/emea.dev.technetix.com\/wp-content\/uploads\/sites\/2\/2023\/06\/logo-Technetix-1000x1000-1.png","contentUrl":"https:\/\/emea.dev.technetix.com\/wp-content\/uploads\/sites\/2\/2023\/06\/logo-Technetix-1000x1000-1.png","width":1000,"height":1000,"caption":"Technetix"},"image":{"@id":"https:\/\/emea.dev.technetix.com\/es\/#\/schema\/logo\/image\/"},"sameAs":["https:\/\/x.com\/technetixgroup","https:\/\/www.linkedin.com\/company\/technetix\/","https:\/\/www.youtube.com\/c\/Technetix-group"]}]}},"acf":[],"publishpress_future_workflow_manual_trigger":{"enabledWorkflows":[]},"_links":{"self":[{"href":"https:\/\/emea.dev.technetix.com\/es\/wp-json\/wp\/v2\/pages\/7335"}],"collection":[{"href":"https:\/\/emea.dev.technetix.com\/es\/wp-json\/wp\/v2\/pages"}],"about":[{"href":"https:\/\/emea.dev.technetix.com\/es\/wp-json\/wp\/v2\/types\/page"}],"author":[{"embeddable":true,"href":"https:\/\/emea.dev.technetix.com\/es\/wp-json\/wp\/v2\/users\/1"}],"replies":[{"embeddable":true,"href":"https:\/\/emea.dev.technetix.com\/es\/wp-json\/wp\/v2\/comments?post=7335"}],"version-history":[{"count":5,"href":"https:\/\/emea.dev.technetix.com\/es\/wp-json\/wp\/v2\/pages\/7335\/revisions"}],"predecessor-version":[{"id":13327,"href":"https:\/\/emea.dev.technetix.com\/es\/wp-json\/wp\/v2\/pages\/7335\/revisions\/13327"}],"wp:attachment":[{"href":"https:\/\/emea.dev.technetix.com\/es\/wp-json\/wp\/v2\/media?parent=7335"}],"curies":[{"name":"wp","href":"https:\/\/api.w.org\/{rel}","templated":true}]}}