{"id":7327,"date":"2023-01-20T17:39:45","date_gmt":"2023-01-20T17:39:45","guid":{"rendered":"https:\/\/emea.dev.technetix.com\/sobre-nosotros\/asociaciones-industriales\/"},"modified":"2023-04-17T23:05:33","modified_gmt":"2023-04-17T23:05:33","slug":"asociaciones-industriales","status":"publish","type":"page","link":"https:\/\/emea.dev.technetix.com\/es\/sobre-nosotros\/asociaciones-industriales\/","title":{"rendered":"Asociaciones industriales"},"content":{"rendered":"<div class=\"gb-container gb-container-f86f3f4f gb-container-hero-banner\"><div class=\"gb-inside-container\">\n<h1 class=\"gb-headline gb-headline-e1547755 gb-headline-text gb-headline-hero-banner-title\">Asociaciones industriales<\/h1>\n<\/div><\/div><div class=\"gb-container gb-container-b1f9610b gb-container-inner-back-page-con\">\n<div class=\"gb-grid-wrapper gb-grid-wrapper-a3574b78\">\n<div class=\"gb-grid-column gb-grid-column-7b116ef5\"><div class=\"gb-container gb-container-7b116ef5\"><a class=\"gb-container-link\" href=\"https:\/\/www.broadband-forum.org\/\" rel=\"noopener noreferrer\" target=\"_blank\"><\/a><div class=\"gb-inside-container\">\n<div class=\"gb-container gb-container-0ada68e6 awards-image-container\"><div class=\"gb-inside-container\">\n<figure class=\"gb-block-image gb-block-image-2fffffa1\"><img loading=\"lazy\" decoding=\"async\" width=\"200\" height=\"200\" class=\"gb-image gb-image-2fffffa1\" src=\"https:\/\/emea.dev.technetix.com\/wp-content\/uploads\/sites\/2\/2023\/01\/bbf-200.jpeg\" alt=\"Miembro principal del Broadband Forum.\" srcset=\"https:\/\/emea.dev.technetix.com\/wp-content\/uploads\/sites\/2\/2023\/01\/bbf-200.jpeg 200w, https:\/\/emea.dev.technetix.com\/wp-content\/uploads\/sites\/2\/2023\/01\/bbf-200-150x150.jpeg 150w, https:\/\/emea.dev.technetix.com\/wp-content\/uploads\/sites\/2\/2023\/01\/bbf-200-100x100.jpeg 100w\" sizes=\"(max-width: 200px) 100vw, 200px\" \/><\/figure>\n<\/div><\/div>\n\n<div class=\"gb-container gb-container-cd567f71\"><div class=\"gb-inside-container\">\n<p class=\"gb-headline gb-headline-a67decbc gb-headline-text\">Miembro principal del Broadband Forum.<\/p>\n<\/div><\/div>\n<\/div><\/div><\/div>\n\n<div class=\"gb-grid-column gb-grid-column-81f006c9\"><div class=\"gb-container gb-container-81f006c9\"><a class=\"gb-container-link\" href=\"https:\/\/thescte.eu\/\" rel=\"noopener noreferrer\" target=\"_blank\"><\/a><div class=\"gb-inside-container\">\n<div class=\"gb-container gb-container-bb5480a1 awards-image-container\"><div class=\"gb-inside-container\">\n<figure class=\"gb-block-image gb-block-image-f93c6552\"><img loading=\"lazy\" decoding=\"async\" width=\"200\" height=\"200\" class=\"gb-image gb-image-f93c6552\" src=\"https:\/\/emea.dev.technetix.com\/wp-content\/uploads\/sites\/2\/2023\/01\/SCTE-200.jpeg\" alt=\"Miembro corporativo de The Society for Broadband Professionals (SCTE).\" srcset=\"https:\/\/emea.dev.technetix.com\/wp-content\/uploads\/sites\/2\/2023\/01\/SCTE-200.jpeg 200w, https:\/\/emea.dev.technetix.com\/wp-content\/uploads\/sites\/2\/2023\/01\/SCTE-200-150x150.jpeg 150w, https:\/\/emea.dev.technetix.com\/wp-content\/uploads\/sites\/2\/2023\/01\/SCTE-200-100x100.jpeg 100w\" sizes=\"(max-width: 200px) 100vw, 200px\" \/><\/figure>\n<\/div><\/div>\n\n<div class=\"gb-container gb-container-ecbf5142\"><div class=\"gb-inside-container\">\n<p class=\"gb-headline gb-headline-513795dd gb-headline-text\">Miembro corporativo de The Society for Broadband Professionals (SCTE).<\/p>\n<\/div><\/div>\n<\/div><\/div><\/div>\n\n<div class=\"gb-grid-column gb-grid-column-eade3199\"><div class=\"gb-container gb-container-eade3199\"><a class=\"gb-container-link\" href=\"https:\/\/materials-finishing.org\/\" rel=\"noopener noreferrer\" target=\"_blank\"><\/a><div class=\"gb-inside-container\">\n<div class=\"gb-container gb-container-96a7c4c3 awards-image-container\"><div class=\"gb-inside-container\">\n<figure class=\"gb-block-image gb-block-image-cd57c847\"><img loading=\"lazy\" decoding=\"async\" width=\"200\" height=\"200\" class=\"gb-image gb-image-cd57c847\" src=\"https:\/\/emea.dev.technetix.com\/wp-content\/uploads\/sites\/2\/2023\/01\/IMF-200.jpeg\" alt=\"Technetix es un Miembro Sustentador del Institute of Metal Finishing. Los componentes de este grupo ofrecen un f\u00e1cil acceso a la experiencia, cursos de formaci\u00f3n acreditados y las \u00faltimas investigaciones en acabados de metales. \" srcset=\"https:\/\/emea.dev.technetix.com\/wp-content\/uploads\/sites\/2\/2023\/01\/IMF-200.jpeg 200w, https:\/\/emea.dev.technetix.com\/wp-content\/uploads\/sites\/2\/2023\/01\/IMF-200-150x150.jpeg 150w, https:\/\/emea.dev.technetix.com\/wp-content\/uploads\/sites\/2\/2023\/01\/IMF-200-100x100.jpeg 100w\" sizes=\"(max-width: 200px) 100vw, 200px\" \/><\/figure>\n<\/div><\/div>\n\n<div class=\"gb-container gb-container-6300b78b\"><div class=\"gb-inside-container\">\n<p class=\"gb-headline gb-headline-31eaee92 gb-headline-text\">Technetix es un Miembro Sustentador del Institute of Metal Finishing. Los componentes de este grupo ofrecen un f\u00e1cil acceso a la experiencia, cursos de formaci\u00f3n acreditados y las \u00faltimas investigaciones en acabados de metales. <\/p>\n<\/div><\/div>\n<\/div><\/div><\/div>\n\n<div class=\"gb-grid-column gb-grid-column-acebbabd\"><div class=\"gb-container gb-container-acebbabd\"><a class=\"gb-container-link\" href=\"https:\/\/www.ftthcouncil.eu\/\" rel=\"noopener noreferrer\" target=\"_blank\"><\/a><div class=\"gb-inside-container\">\n<div class=\"gb-container gb-container-09af4dd4 awards-image-container\"><div class=\"gb-inside-container\">\n<figure class=\"gb-block-image gb-block-image-9ced033d\"><img loading=\"lazy\" decoding=\"async\" width=\"200\" height=\"200\" class=\"gb-image gb-image-9ced033d\" src=\"https:\/\/emea.dev.technetix.com\/wp-content\/uploads\/sites\/2\/2023\/04\/FTTH-Council-Europe-logo.jpg\" alt=\"Miembro del Fiber to the Home Council Europe.\" srcset=\"https:\/\/emea.dev.technetix.com\/wp-content\/uploads\/sites\/2\/2023\/04\/FTTH-Council-Europe-logo.jpg 200w, https:\/\/emea.dev.technetix.com\/wp-content\/uploads\/sites\/2\/2023\/04\/FTTH-Council-Europe-logo-150x150.jpg 150w, https:\/\/emea.dev.technetix.com\/wp-content\/uploads\/sites\/2\/2023\/04\/FTTH-Council-Europe-logo-100x100.jpg 100w\" sizes=\"(max-width: 200px) 100vw, 200px\" \/><\/figure>\n<\/div><\/div>\n\n<div class=\"gb-container gb-container-9f6f872f\"><div class=\"gb-inside-container\">\n<p class=\"gb-headline gb-headline-0bea33c7 gb-headline-text\">Miembro del Fiber to the Home Council Europe.<\/p>\n<\/div><\/div>\n<\/div><\/div><\/div>\n<\/div>\n\n<div class=\"gb-grid-wrapper gb-grid-wrapper-8d8edeae\">\n<div class=\"gb-grid-column gb-grid-column-22ea49ab\"><div class=\"gb-container gb-container-22ea49ab\"><a class=\"gb-container-link\" href=\"http:\/\/cabletvpioneers.com\/\" rel=\"noopener noreferrer\" target=\"_blank\"><\/a><div class=\"gb-inside-container\">\n<div class=\"gb-container gb-container-6d91355f awards-image-container\"><div class=\"gb-inside-container\">\n<figure class=\"gb-block-image gb-block-image-64b39ace\"><img loading=\"lazy\" decoding=\"async\" width=\"200\" height=\"200\" class=\"gb-image gb-image-64b39ace\" src=\"https:\/\/emea.dev.technetix.com\/wp-content\/uploads\/sites\/2\/2023\/01\/CableTVpioneers-200.jpeg\" alt=\"Miembro del Cable TV Pioneers.\" srcset=\"https:\/\/emea.dev.technetix.com\/wp-content\/uploads\/sites\/2\/2023\/01\/CableTVpioneers-200.jpeg 200w, https:\/\/emea.dev.technetix.com\/wp-content\/uploads\/sites\/2\/2023\/01\/CableTVpioneers-200-150x150.jpeg 150w, https:\/\/emea.dev.technetix.com\/wp-content\/uploads\/sites\/2\/2023\/01\/CableTVpioneers-200-100x100.jpeg 100w\" sizes=\"(max-width: 200px) 100vw, 200px\" \/><\/figure>\n<\/div><\/div>\n\n<div class=\"gb-container gb-container-8e240b34\"><div class=\"gb-inside-container\">\n<p class=\"gb-headline gb-headline-24bcdffd gb-headline-text\">Miembro del Cable TV Pioneers.<\/p>\n<\/div><\/div>\n<\/div><\/div><\/div>\n\n<div class=\"gb-grid-column gb-grid-column-302fc519\"><div class=\"gb-container gb-container-302fc519\"><a class=\"gb-container-link\" href=\"https:\/\/www.scte.org\/\" rel=\"noopener noreferrer\" target=\"_blank\"><\/a><div class=\"gb-inside-container\">\n<div class=\"gb-container gb-container-12274b59 awards-image-container\"><div class=\"gb-inside-container\">\n<figure class=\"gb-block-image gb-block-image-8b10b494\"><img loading=\"lazy\" decoding=\"async\" width=\"200\" height=\"200\" class=\"gb-image gb-image-8b10b494\" src=\"https:\/\/emea.dev.technetix.com\/wp-content\/uploads\/sites\/2\/2023\/01\/SCTE-ISBE-200.jpeg\" alt=\"Miembro de The Society of Cable Telecommunications Engineers (SCTE) Society's Organisational Standards.\" srcset=\"https:\/\/emea.dev.technetix.com\/wp-content\/uploads\/sites\/2\/2023\/01\/SCTE-ISBE-200.jpeg 200w, https:\/\/emea.dev.technetix.com\/wp-content\/uploads\/sites\/2\/2023\/01\/SCTE-ISBE-200-150x150.jpeg 150w, https:\/\/emea.dev.technetix.com\/wp-content\/uploads\/sites\/2\/2023\/01\/SCTE-ISBE-200-100x100.jpeg 100w\" sizes=\"(max-width: 200px) 100vw, 200px\" \/><\/figure>\n<\/div><\/div>\n\n<div class=\"gb-container gb-container-654a3f6a\"><div class=\"gb-inside-container\">\n<p class=\"gb-headline gb-headline-04abc976 gb-headline-text\">Miembro de The Society of Cable Telecommunications Engineers (SCTE) Society&#8217;s Organisational Standards.<\/p>\n<\/div><\/div>\n<\/div><\/div><\/div>\n<\/div>\n<\/div>","protected":false},"excerpt":{"rendered":"<p>Asociaciones industriales<\/p>\n","protected":false},"author":1,"featured_media":960,"parent":7168,"menu_order":0,"comment_status":"open","ping_status":"closed","template":"","meta":{"_acf_changed":false,"_gspb_post_css":"","footnotes":""},"class_list":["post-7327","page","type-page","status-publish","has-post-thumbnail"],"yoast_head":"<!-- This site is optimized with the Yoast SEO Premium plugin v22.5 (Yoast SEO v23.7) - https:\/\/yoast.com\/wordpress\/plugins\/seo\/ -->\n<title>Asociaciones industriales - Technetix EMEA<\/title>\n<meta name=\"robots\" content=\"index, follow, max-snippet:-1, max-image-preview:large, max-video-preview:-1\" \/>\n<link rel=\"canonical\" href=\"https:\/\/emea.dev.technetix.com\/es\/sobre-nosotros\/asociaciones-industriales\/\" \/>\n<meta property=\"og:locale\" content=\"es_ES\" \/>\n<meta property=\"og:type\" content=\"article\" \/>\n<meta property=\"og:title\" content=\"Asociaciones industriales - Technetix EMEA\" \/>\n<meta property=\"og:description\" content=\"Asociaciones industriales\" \/>\n<meta property=\"og:url\" content=\"https:\/\/emea.dev.technetix.com\/es\/sobre-nosotros\/asociaciones-industriales\/\" \/>\n<meta property=\"og:site_name\" content=\"Technetix EMEA\" \/>\n<meta property=\"article:modified_time\" content=\"2023-04-17T23:05:33+00:00\" \/>\n<meta property=\"og:image\" content=\"https:\/\/emea.dev.technetix.com\/wp-content\/uploads\/sites\/2\/2023\/01\/ABOUT_LARGE_PARTNERS_FINAL.jpg\" \/>\n\t<meta property=\"og:image:width\" content=\"1920\" \/>\n\t<meta property=\"og:image:height\" content=\"450\" \/>\n\t<meta property=\"og:image:type\" content=\"image\/jpeg\" \/>\n<meta name=\"twitter:card\" content=\"summary_large_image\" \/>\n<meta name=\"twitter:site\" content=\"@technetixgroup\" \/>\n<meta name=\"twitter:label1\" content=\"Tiempo de lectura\" \/>\n\t<meta name=\"twitter:data1\" content=\"2 minutos\" \/>\n<script type=\"application\/ld+json\" class=\"yoast-schema-graph\">{\"@context\":\"https:\/\/schema.org\",\"@graph\":[{\"@type\":\"WebPage\",\"@id\":\"https:\/\/emea.dev.technetix.com\/es\/sobre-nosotros\/asociaciones-industriales\/\",\"url\":\"https:\/\/emea.dev.technetix.com\/es\/sobre-nosotros\/asociaciones-industriales\/\",\"name\":\"Asociaciones industriales - Technetix EMEA\",\"isPartOf\":{\"@id\":\"https:\/\/emea.dev.technetix.com\/es\/#website\"},\"primaryImageOfPage\":{\"@id\":\"https:\/\/emea.dev.technetix.com\/es\/sobre-nosotros\/asociaciones-industriales\/#primaryimage\"},\"image\":{\"@id\":\"https:\/\/emea.dev.technetix.com\/es\/sobre-nosotros\/asociaciones-industriales\/#primaryimage\"},\"thumbnailUrl\":\"https:\/\/emea.dev.technetix.com\/wp-content\/uploads\/sites\/2\/2023\/01\/ABOUT_LARGE_PARTNERS_FINAL.jpg\",\"datePublished\":\"2023-01-20T17:39:45+00:00\",\"dateModified\":\"2023-04-17T23:05:33+00:00\",\"breadcrumb\":{\"@id\":\"https:\/\/emea.dev.technetix.com\/es\/sobre-nosotros\/asociaciones-industriales\/#breadcrumb\"},\"inLanguage\":\"es\",\"potentialAction\":[{\"@type\":\"ReadAction\",\"target\":[\"https:\/\/emea.dev.technetix.com\/es\/sobre-nosotros\/asociaciones-industriales\/\"]}]},{\"@type\":\"ImageObject\",\"inLanguage\":\"es\",\"@id\":\"https:\/\/emea.dev.technetix.com\/es\/sobre-nosotros\/asociaciones-industriales\/#primaryimage\",\"url\":\"https:\/\/emea.dev.technetix.com\/wp-content\/uploads\/sites\/2\/2023\/01\/ABOUT_LARGE_PARTNERS_FINAL.jpg\",\"contentUrl\":\"https:\/\/emea.dev.technetix.com\/wp-content\/uploads\/sites\/2\/2023\/01\/ABOUT_LARGE_PARTNERS_FINAL.jpg\",\"width\":1920,\"height\":450},{\"@type\":\"BreadcrumbList\",\"@id\":\"https:\/\/emea.dev.technetix.com\/es\/sobre-nosotros\/asociaciones-industriales\/#breadcrumb\",\"itemListElement\":[{\"@type\":\"ListItem\",\"position\":1,\"name\":\"Home\",\"item\":\"https:\/\/emea.dev.technetix.com\/es\/\"},{\"@type\":\"ListItem\",\"position\":2,\"name\":\"Sobre nosotros\",\"item\":\"https:\/\/emea.dev.technetix.com\/es\/sobre-nosotros\/\"},{\"@type\":\"ListItem\",\"position\":3,\"name\":\"Asociaciones industriales\"}]},{\"@type\":\"WebSite\",\"@id\":\"https:\/\/emea.dev.technetix.com\/es\/#website\",\"url\":\"https:\/\/emea.dev.technetix.com\/es\/\",\"name\":\"Technetix\",\"description\":\"Next-generation broadband equipment engineering\",\"publisher\":{\"@id\":\"https:\/\/emea.dev.technetix.com\/es\/#organization\"},\"potentialAction\":[{\"@type\":\"SearchAction\",\"target\":{\"@type\":\"EntryPoint\",\"urlTemplate\":\"https:\/\/emea.dev.technetix.com\/es\/?s={search_term_string}\"},\"query-input\":{\"@type\":\"PropertyValueSpecification\",\"valueRequired\":true,\"valueName\":\"search_term_string\"}}],\"inLanguage\":\"es\"},{\"@type\":\"Organization\",\"@id\":\"https:\/\/emea.dev.technetix.com\/es\/#organization\",\"name\":\"Technetix\",\"url\":\"https:\/\/emea.dev.technetix.com\/es\/\",\"logo\":{\"@type\":\"ImageObject\",\"inLanguage\":\"es\",\"@id\":\"https:\/\/emea.dev.technetix.com\/es\/#\/schema\/logo\/image\/\",\"url\":\"https:\/\/emea.dev.technetix.com\/wp-content\/uploads\/sites\/2\/2023\/06\/logo-Technetix-1000x1000-1.png\",\"contentUrl\":\"https:\/\/emea.dev.technetix.com\/wp-content\/uploads\/sites\/2\/2023\/06\/logo-Technetix-1000x1000-1.png\",\"width\":1000,\"height\":1000,\"caption\":\"Technetix\"},\"image\":{\"@id\":\"https:\/\/emea.dev.technetix.com\/es\/#\/schema\/logo\/image\/\"},\"sameAs\":[\"https:\/\/x.com\/technetixgroup\",\"https:\/\/www.linkedin.com\/company\/technetix\/\",\"https:\/\/www.youtube.com\/c\/Technetix-group\"]}]}<\/script>\n<!-- \/ Yoast SEO Premium plugin. -->","yoast_head_json":{"title":"Asociaciones industriales - Technetix EMEA","robots":{"index":"index","follow":"follow","max-snippet":"max-snippet:-1","max-image-preview":"max-image-preview:large","max-video-preview":"max-video-preview:-1"},"canonical":"https:\/\/emea.dev.technetix.com\/es\/sobre-nosotros\/asociaciones-industriales\/","og_locale":"es_ES","og_type":"article","og_title":"Asociaciones industriales - Technetix EMEA","og_description":"Asociaciones industriales","og_url":"https:\/\/emea.dev.technetix.com\/es\/sobre-nosotros\/asociaciones-industriales\/","og_site_name":"Technetix EMEA","article_modified_time":"2023-04-17T23:05:33+00:00","og_image":[{"width":1920,"height":450,"url":"https:\/\/emea.dev.technetix.com\/wp-content\/uploads\/sites\/2\/2023\/01\/ABOUT_LARGE_PARTNERS_FINAL.jpg","type":"image\/jpeg"}],"twitter_card":"summary_large_image","twitter_site":"@technetixgroup","twitter_misc":{"Tiempo de lectura":"2 minutos"},"schema":{"@context":"https:\/\/schema.org","@graph":[{"@type":"WebPage","@id":"https:\/\/emea.dev.technetix.com\/es\/sobre-nosotros\/asociaciones-industriales\/","url":"https:\/\/emea.dev.technetix.com\/es\/sobre-nosotros\/asociaciones-industriales\/","name":"Asociaciones industriales - Technetix EMEA","isPartOf":{"@id":"https:\/\/emea.dev.technetix.com\/es\/#website"},"primaryImageOfPage":{"@id":"https:\/\/emea.dev.technetix.com\/es\/sobre-nosotros\/asociaciones-industriales\/#primaryimage"},"image":{"@id":"https:\/\/emea.dev.technetix.com\/es\/sobre-nosotros\/asociaciones-industriales\/#primaryimage"},"thumbnailUrl":"https:\/\/emea.dev.technetix.com\/wp-content\/uploads\/sites\/2\/2023\/01\/ABOUT_LARGE_PARTNERS_FINAL.jpg","datePublished":"2023-01-20T17:39:45+00:00","dateModified":"2023-04-17T23:05:33+00:00","breadcrumb":{"@id":"https:\/\/emea.dev.technetix.com\/es\/sobre-nosotros\/asociaciones-industriales\/#breadcrumb"},"inLanguage":"es","potentialAction":[{"@type":"ReadAction","target":["https:\/\/emea.dev.technetix.com\/es\/sobre-nosotros\/asociaciones-industriales\/"]}]},{"@type":"ImageObject","inLanguage":"es","@id":"https:\/\/emea.dev.technetix.com\/es\/sobre-nosotros\/asociaciones-industriales\/#primaryimage","url":"https:\/\/emea.dev.technetix.com\/wp-content\/uploads\/sites\/2\/2023\/01\/ABOUT_LARGE_PARTNERS_FINAL.jpg","contentUrl":"https:\/\/emea.dev.technetix.com\/wp-content\/uploads\/sites\/2\/2023\/01\/ABOUT_LARGE_PARTNERS_FINAL.jpg","width":1920,"height":450},{"@type":"BreadcrumbList","@id":"https:\/\/emea.dev.technetix.com\/es\/sobre-nosotros\/asociaciones-industriales\/#breadcrumb","itemListElement":[{"@type":"ListItem","position":1,"name":"Home","item":"https:\/\/emea.dev.technetix.com\/es\/"},{"@type":"ListItem","position":2,"name":"Sobre nosotros","item":"https:\/\/emea.dev.technetix.com\/es\/sobre-nosotros\/"},{"@type":"ListItem","position":3,"name":"Asociaciones industriales"}]},{"@type":"WebSite","@id":"https:\/\/emea.dev.technetix.com\/es\/#website","url":"https:\/\/emea.dev.technetix.com\/es\/","name":"Technetix","description":"Next-generation broadband equipment engineering","publisher":{"@id":"https:\/\/emea.dev.technetix.com\/es\/#organization"},"potentialAction":[{"@type":"SearchAction","target":{"@type":"EntryPoint","urlTemplate":"https:\/\/emea.dev.technetix.com\/es\/?s={search_term_string}"},"query-input":{"@type":"PropertyValueSpecification","valueRequired":true,"valueName":"search_term_string"}}],"inLanguage":"es"},{"@type":"Organization","@id":"https:\/\/emea.dev.technetix.com\/es\/#organization","name":"Technetix","url":"https:\/\/emea.dev.technetix.com\/es\/","logo":{"@type":"ImageObject","inLanguage":"es","@id":"https:\/\/emea.dev.technetix.com\/es\/#\/schema\/logo\/image\/","url":"https:\/\/emea.dev.technetix.com\/wp-content\/uploads\/sites\/2\/2023\/06\/logo-Technetix-1000x1000-1.png","contentUrl":"https:\/\/emea.dev.technetix.com\/wp-content\/uploads\/sites\/2\/2023\/06\/logo-Technetix-1000x1000-1.png","width":1000,"height":1000,"caption":"Technetix"},"image":{"@id":"https:\/\/emea.dev.technetix.com\/es\/#\/schema\/logo\/image\/"},"sameAs":["https:\/\/x.com\/technetixgroup","https:\/\/www.linkedin.com\/company\/technetix\/","https:\/\/www.youtube.com\/c\/Technetix-group"]}]}},"acf":[],"publishpress_future_workflow_manual_trigger":{"enabledWorkflows":[]},"_links":{"self":[{"href":"https:\/\/emea.dev.technetix.com\/es\/wp-json\/wp\/v2\/pages\/7327"}],"collection":[{"href":"https:\/\/emea.dev.technetix.com\/es\/wp-json\/wp\/v2\/pages"}],"about":[{"href":"https:\/\/emea.dev.technetix.com\/es\/wp-json\/wp\/v2\/types\/page"}],"author":[{"embeddable":true,"href":"https:\/\/emea.dev.technetix.com\/es\/wp-json\/wp\/v2\/users\/1"}],"replies":[{"embeddable":true,"href":"https:\/\/emea.dev.technetix.com\/es\/wp-json\/wp\/v2\/comments?post=7327"}],"version-history":[{"count":3,"href":"https:\/\/emea.dev.technetix.com\/es\/wp-json\/wp\/v2\/pages\/7327\/revisions"}],"predecessor-version":[{"id":13313,"href":"https:\/\/emea.dev.technetix.com\/es\/wp-json\/wp\/v2\/pages\/7327\/revisions\/13313"}],"up":[{"embeddable":true,"href":"https:\/\/emea.dev.technetix.com\/es\/wp-json\/wp\/v2\/pages\/7168"}],"wp:featuredmedia":[{"embeddable":true,"href":"https:\/\/emea.dev.technetix.com\/es\/wp-json\/wp\/v2\/media\/960"}],"wp:attachment":[{"href":"https:\/\/emea.dev.technetix.com\/es\/wp-json\/wp\/v2\/media?parent=7327"}],"curies":[{"name":"wp","href":"https:\/\/api.w.org\/{rel}","templated":true}]}}