{"id":7317,"date":"2023-02-02T22:16:11","date_gmt":"2023-02-02T22:16:11","guid":{"rendered":"https:\/\/emea.dev.technetix.com\/redes-hfc\/redes-en-el-hogar\/ghn-linea-electrica\/"},"modified":"2023-06-07T20:06:15","modified_gmt":"2023-06-07T20:06:15","slug":"ghn-linea-electrica","status":"publish","type":"page","link":"https:\/\/emea.dev.technetix.com\/es\/redes-hfc\/redes-en-el-hogar\/ghn-linea-electrica\/","title":{"rendered":"G.hn Powerline"},"content":{"rendered":"<div class=\"gb-container gb-container-f86f3f4f gb-container-hero-banner\"><div class=\"gb-inside-container\">\n<h1 class=\"gb-headline gb-headline-e1547755 gb-headline-text gb-headline-hero-banner-title\">G.hn Powerline<\/h1>\n<\/div><\/div><div class=\"gb-container gb-container-e6d37ac2 gb-container-inner-back-page-con\">\n<p class=\"gb-headline gb-headline-6656b5c3 gb-headline-text\">La tecnolog\u00eda Powerline le permite establecer una conexi\u00f3n Ethernet sobre el cableado el\u00e9ctrico de red existente. Esta conexi\u00f3n ethernet se puede utilizar para conectar un televisor o PC y tambi\u00e9n alimentar\u00e1 un punto de acceso Wi-Fi. <\/p>\n\n<p class=\"gb-headline gb-headline-4beb2edb gb-headline-text\">Los productos Powerline se han actualizado a G.hn, un nuevo est\u00e1ndar que permite velocidades de capa f\u00edsica superiores a 1 Gbps y son mucho m\u00e1s estables que los productos aprobados por HomePlug anteriores.<\/p>\n\n<figure class=\"gb-block-image gb-block-image-61e35e7d\"><img loading=\"lazy\" decoding=\"async\" width=\"1832\" height=\"1168\" class=\"gb-image gb-image-61e35e7d\" src=\"https:\/\/emea.dev.technetix.com\/wp-content\/uploads\/sites\/2\/2023\/02\/Ghn-powerline-house-diagram2.jpeg\" alt=\"Los productos Powerline se han actualizado a G.hn, un nuevo est\u00e1ndar que permite velocidades de capa f\u00edsica superiores a 1 Gbps y son mucho m\u00e1s estables que los productos aprobados por HomePlug anteriores.\" srcset=\"https:\/\/emea.dev.technetix.com\/wp-content\/uploads\/sites\/2\/2023\/02\/Ghn-powerline-house-diagram2.jpeg 1832w, https:\/\/emea.dev.technetix.com\/wp-content\/uploads\/sites\/2\/2023\/02\/Ghn-powerline-house-diagram2-300x191.jpeg 300w, https:\/\/emea.dev.technetix.com\/wp-content\/uploads\/sites\/2\/2023\/02\/Ghn-powerline-house-diagram2-1024x653.jpeg 1024w, https:\/\/emea.dev.technetix.com\/wp-content\/uploads\/sites\/2\/2023\/02\/Ghn-powerline-house-diagram2-768x490.jpeg 768w, https:\/\/emea.dev.technetix.com\/wp-content\/uploads\/sites\/2\/2023\/02\/Ghn-powerline-house-diagram2-1536x979.jpeg 1536w, https:\/\/emea.dev.technetix.com\/wp-content\/uploads\/sites\/2\/2023\/02\/Ghn-powerline-house-diagram2-600x383.jpeg 600w\" sizes=\"(max-width: 1832px) 100vw, 1832px\" \/><\/figure>\n\n<h2 class=\"gb-headline gb-headline-6b17d0fd gb-headline-text gb-headline-h2-in-content\">Powerline Bridge Technetix G.hn<\/h2>\n\n<p class=\"gb-headline gb-headline-623f5b86 gb-headline-text\">El Powerline Bridge se utiliza para crear un punto de conexi\u00f3n Ethernet en una habitaci\u00f3n. Se coloca un puente al lado de un m\u00f3dem de Internet y los otros puentes se colocan en las habitaciones que necesita conectarse. Las unidades se enlazan presionando el \u00abbot\u00f3n de enlace\u00bb durante tres segundos.  <\/p>\n\n<figure class=\"gb-block-image gb-block-image-f5380205\"><img loading=\"lazy\" decoding=\"async\" width=\"1395\" height=\"1200\" class=\"gb-image gb-image-f5380205\" src=\"https:\/\/emea.dev.technetix.com\/wp-content\/uploads\/sites\/2\/2023\/02\/11201901_PL-Bridge_PRFL_03.jpeg\" alt=\"Powerline Bridge Technetix G.hn\" srcset=\"https:\/\/emea.dev.technetix.com\/wp-content\/uploads\/sites\/2\/2023\/02\/11201901_PL-Bridge_PRFL_03.jpeg 1395w, https:\/\/emea.dev.technetix.com\/wp-content\/uploads\/sites\/2\/2023\/02\/11201901_PL-Bridge_PRFL_03-300x258.jpeg 300w, https:\/\/emea.dev.technetix.com\/wp-content\/uploads\/sites\/2\/2023\/02\/11201901_PL-Bridge_PRFL_03-1024x881.jpeg 1024w, https:\/\/emea.dev.technetix.com\/wp-content\/uploads\/sites\/2\/2023\/02\/11201901_PL-Bridge_PRFL_03-768x661.jpeg 768w, https:\/\/emea.dev.technetix.com\/wp-content\/uploads\/sites\/2\/2023\/02\/11201901_PL-Bridge_PRFL_03-600x516.jpeg 600w\" sizes=\"(max-width: 1395px) 100vw, 1395px\" \/><\/figure>\n\n<h2 class=\"gb-headline gb-headline-4b572e45 gb-headline-text gb-headline-h2-in-content\">Technetix G.hn Powerline Wi-Fi<\/h2>\n\n<p class=\"gb-headline gb-headline-c9b08205 gb-headline-text\">La unidad Powerline Wi-Fi se utiliza para crear una potente red Wi-Fi utilizando el cableado el\u00e9ctrico de red existente. El m\u00f3dem de Internet coloca una unidad Wi-Fi y las unidades Wi-Fi adicionales deben ubicarse donde sea necesario mejorar la se\u00f1al. Las unidades se enlazan presionando el bot\u00f3n \u00abenlace\u00bb durante tres segundos. Las unidades Wi-Fi de Technetix crear\u00e1n autom\u00e1ticamente un SSID Wi-Fi con una contrase\u00f1a despu\u00e9s de que est\u00e9n vinculadas. Las unidades trabajar\u00e1n juntas y mover\u00e1n autom\u00e1ticamente a los usuarios a la unidad de mejor rendimiento en tiempo real.    <\/p>\n\n<figure class=\"gb-block-image gb-block-image-dd19386a\"><img loading=\"lazy\" decoding=\"async\" width=\"1395\" height=\"1200\" class=\"gb-image gb-image-dd19386a\" src=\"https:\/\/emea.dev.technetix.com\/wp-content\/uploads\/sites\/2\/2023\/02\/11201901_PL-Wifi_PRFL_03.jpeg\" alt=\"Technetix G.hn Powerline Wi-Fi\" srcset=\"https:\/\/emea.dev.technetix.com\/wp-content\/uploads\/sites\/2\/2023\/02\/11201901_PL-Wifi_PRFL_03.jpeg 1395w, https:\/\/emea.dev.technetix.com\/wp-content\/uploads\/sites\/2\/2023\/02\/11201901_PL-Wifi_PRFL_03-300x258.jpeg 300w, https:\/\/emea.dev.technetix.com\/wp-content\/uploads\/sites\/2\/2023\/02\/11201901_PL-Wifi_PRFL_03-1024x881.jpeg 1024w, https:\/\/emea.dev.technetix.com\/wp-content\/uploads\/sites\/2\/2023\/02\/11201901_PL-Wifi_PRFL_03-768x661.jpeg 768w, https:\/\/emea.dev.technetix.com\/wp-content\/uploads\/sites\/2\/2023\/02\/11201901_PL-Wifi_PRFL_03-600x516.jpeg 600w\" sizes=\"(max-width: 1395px) 100vw, 1395px\" \/><\/figure>\n<\/div><div class=\"gb-container gb-container-597523cc gb-container-con-buttons-bottom\">\n<h2 class=\"gb-headline gb-headline-7ce6fa4b gb-headline-text gb-headline-head-bottom-buttons\">Enlaces de inter\u00e9s<\/h2>\n\n<div class=\"gb-button-wrapper gb-button-wrapper-5300c273 gb-button-wrapper-after-con-buttons\">\n<a class=\"gb-button gb-button-3eadfa91 gb-button-text gb-button-bottom-button\" href=\"https:\/\/emea.dev.technetix.com\/es\/producto\/technetix-g-hn-powerline-ethernet-bridge-2\/\">G.hn Powerline Bridge<\/a>\n\n<a class=\"gb-button gb-button-eb733cde gb-button-text gb-button-bottom-button\" href=\"https:\/\/emea.dev.technetix.com\/es\/producto\/technetix-g-hn-powerline-wi-fi-access-point-2\/\">G.hn Powerline Wi-Fi<\/a>\n\n<a class=\"gb-button gb-button-504d92e7 gb-button-text gb-button-bottom-button\" href=\"https:\/\/emea.dev.technetix.com\/wp-content\/uploads\/sites\/2\/2023\/02\/POWERLINE-BRIDGE_MAN_EN.pdf\" target=\"_blank\" rel=\"noopener noreferrer\">User manual (Bridge)<\/a>\n\n<a class=\"gb-button gb-button-4ceed201 gb-button-text gb-button-bottom-button\" href=\"https:\/\/emea.dev.technetix.com\/wp-content\/uploads\/sites\/2\/2023\/02\/POWERLINE-WIFI_MAN_EN.pdf\" target=\"_blank\" rel=\"noopener noreferrer\">User manual (Wi-Fi)<\/a>\n\n<a class=\"gb-button gb-button-74bfad52 gb-button-text gb-button-bottom-button\" href=\"https:\/\/emea.dev.technetix.com\/es\/contactenos\/\">Cont\u00e1ctenos<\/a>\n<\/div>\n<\/div>","protected":false},"excerpt":{"rendered":"<p>G.hn Powerline La tecnolog\u00eda Powerline le permite establecer una conexi\u00f3n Ethernet sobre el cableado el\u00e9ctrico de red existente. Esta conexi\u00f3n ethernet se puede utilizar para conectar un televisor o PC y tambi\u00e9n alimentar\u00e1 un punto de acceso Wi-Fi. Los productos Powerline se han actualizado a G.hn, un nuevo est\u00e1ndar que permite velocidades de capa f\u00edsica &#8230; <a title=\"G.hn Powerline\" class=\"read-more\" href=\"https:\/\/emea.dev.technetix.com\/es\/redes-hfc\/redes-en-el-hogar\/ghn-linea-electrica\/\" aria-label=\"M\u00e1s en G.hn Powerline\">Read more<\/a><\/p>\n","protected":false},"author":1,"featured_media":2512,"parent":7132,"menu_order":0,"comment_status":"open","ping_status":"closed","template":"","meta":{"_acf_changed":false,"_gspb_post_css":"","footnotes":""},"class_list":["post-7317","page","type-page","status-publish","has-post-thumbnail"],"yoast_head":"<!-- This site is optimized with the Yoast SEO Premium plugin v22.5 (Yoast SEO v23.7) - https:\/\/yoast.com\/wordpress\/plugins\/seo\/ -->\n<title>G.hn Powerline - Technetix EMEA<\/title>\n<meta name=\"robots\" content=\"index, follow, max-snippet:-1, max-image-preview:large, max-video-preview:-1\" \/>\n<link rel=\"canonical\" href=\"https:\/\/emea.dev.technetix.com\/es\/redes-hfc\/redes-en-el-hogar\/ghn-linea-electrica\/\" \/>\n<meta property=\"og:locale\" content=\"es_ES\" \/>\n<meta property=\"og:type\" content=\"article\" \/>\n<meta property=\"og:title\" content=\"G.hn Powerline - Technetix EMEA\" \/>\n<meta property=\"og:description\" content=\"G.hn Powerline La tecnolog\u00eda Powerline le permite establecer una conexi\u00f3n Ethernet sobre el cableado el\u00e9ctrico de red existente. Esta conexi\u00f3n ethernet se puede utilizar para conectar un televisor o PC y tambi\u00e9n alimentar\u00e1 un punto de acceso Wi-Fi. Los productos Powerline se han actualizado a G.hn, un nuevo est\u00e1ndar que permite velocidades de capa f\u00edsica ... Read more\" \/>\n<meta property=\"og:url\" content=\"https:\/\/emea.dev.technetix.com\/es\/redes-hfc\/redes-en-el-hogar\/ghn-linea-electrica\/\" \/>\n<meta property=\"og:site_name\" content=\"Technetix EMEA\" \/>\n<meta property=\"article:modified_time\" content=\"2023-06-07T20:06:15+00:00\" \/>\n<meta property=\"og:image\" content=\"https:\/\/emea.dev.technetix.com\/wp-content\/uploads\/sites\/2\/2023\/02\/LANDING_PAGE_LARGE_POWERLINE_FINAL.jpeg\" \/>\n\t<meta property=\"og:image:width\" content=\"1920\" \/>\n\t<meta property=\"og:image:height\" content=\"450\" \/>\n\t<meta property=\"og:image:type\" content=\"image\/jpeg\" \/>\n<meta name=\"twitter:card\" content=\"summary_large_image\" \/>\n<meta name=\"twitter:site\" content=\"@technetixgroup\" \/>\n<meta name=\"twitter:label1\" content=\"Tiempo de lectura\" \/>\n\t<meta name=\"twitter:data1\" content=\"2 minutos\" \/>\n<script type=\"application\/ld+json\" class=\"yoast-schema-graph\">{\"@context\":\"https:\/\/schema.org\",\"@graph\":[{\"@type\":\"WebPage\",\"@id\":\"https:\/\/emea.dev.technetix.com\/es\/redes-hfc\/redes-en-el-hogar\/ghn-linea-electrica\/\",\"url\":\"https:\/\/emea.dev.technetix.com\/es\/redes-hfc\/redes-en-el-hogar\/ghn-linea-electrica\/\",\"name\":\"G.hn Powerline - Technetix EMEA\",\"isPartOf\":{\"@id\":\"https:\/\/emea.dev.technetix.com\/es\/#website\"},\"primaryImageOfPage\":{\"@id\":\"https:\/\/emea.dev.technetix.com\/es\/redes-hfc\/redes-en-el-hogar\/ghn-linea-electrica\/#primaryimage\"},\"image\":{\"@id\":\"https:\/\/emea.dev.technetix.com\/es\/redes-hfc\/redes-en-el-hogar\/ghn-linea-electrica\/#primaryimage\"},\"thumbnailUrl\":\"https:\/\/emea.dev.technetix.com\/wp-content\/uploads\/sites\/2\/2023\/02\/LANDING_PAGE_LARGE_POWERLINE_FINAL.jpeg\",\"datePublished\":\"2023-02-02T22:16:11+00:00\",\"dateModified\":\"2023-06-07T20:06:15+00:00\",\"breadcrumb\":{\"@id\":\"https:\/\/emea.dev.technetix.com\/es\/redes-hfc\/redes-en-el-hogar\/ghn-linea-electrica\/#breadcrumb\"},\"inLanguage\":\"es\",\"potentialAction\":[{\"@type\":\"ReadAction\",\"target\":[\"https:\/\/emea.dev.technetix.com\/es\/redes-hfc\/redes-en-el-hogar\/ghn-linea-electrica\/\"]}]},{\"@type\":\"ImageObject\",\"inLanguage\":\"es\",\"@id\":\"https:\/\/emea.dev.technetix.com\/es\/redes-hfc\/redes-en-el-hogar\/ghn-linea-electrica\/#primaryimage\",\"url\":\"https:\/\/emea.dev.technetix.com\/wp-content\/uploads\/sites\/2\/2023\/02\/LANDING_PAGE_LARGE_POWERLINE_FINAL.jpeg\",\"contentUrl\":\"https:\/\/emea.dev.technetix.com\/wp-content\/uploads\/sites\/2\/2023\/02\/LANDING_PAGE_LARGE_POWERLINE_FINAL.jpeg\",\"width\":1920,\"height\":450},{\"@type\":\"BreadcrumbList\",\"@id\":\"https:\/\/emea.dev.technetix.com\/es\/redes-hfc\/redes-en-el-hogar\/ghn-linea-electrica\/#breadcrumb\",\"itemListElement\":[{\"@type\":\"ListItem\",\"position\":1,\"name\":\"Home\",\"item\":\"https:\/\/emea.dev.technetix.com\/es\/\"},{\"@type\":\"ListItem\",\"position\":2,\"name\":\"Banda ancha de cable\",\"item\":\"https:\/\/emea.dev.technetix.com\/es\/redes-hfc\/\"},{\"@type\":\"ListItem\",\"position\":3,\"name\":\"Redes en el hogar\",\"item\":\"https:\/\/emea.dev.technetix.com\/es\/redes-hfc\/redes-en-el-hogar\/\"},{\"@type\":\"ListItem\",\"position\":4,\"name\":\"G.hn Powerline\"}]},{\"@type\":\"WebSite\",\"@id\":\"https:\/\/emea.dev.technetix.com\/es\/#website\",\"url\":\"https:\/\/emea.dev.technetix.com\/es\/\",\"name\":\"Technetix\",\"description\":\"Next-generation broadband equipment engineering\",\"publisher\":{\"@id\":\"https:\/\/emea.dev.technetix.com\/es\/#organization\"},\"potentialAction\":[{\"@type\":\"SearchAction\",\"target\":{\"@type\":\"EntryPoint\",\"urlTemplate\":\"https:\/\/emea.dev.technetix.com\/es\/?s={search_term_string}\"},\"query-input\":{\"@type\":\"PropertyValueSpecification\",\"valueRequired\":true,\"valueName\":\"search_term_string\"}}],\"inLanguage\":\"es\"},{\"@type\":\"Organization\",\"@id\":\"https:\/\/emea.dev.technetix.com\/es\/#organization\",\"name\":\"Technetix\",\"url\":\"https:\/\/emea.dev.technetix.com\/es\/\",\"logo\":{\"@type\":\"ImageObject\",\"inLanguage\":\"es\",\"@id\":\"https:\/\/emea.dev.technetix.com\/es\/#\/schema\/logo\/image\/\",\"url\":\"https:\/\/emea.dev.technetix.com\/wp-content\/uploads\/sites\/2\/2023\/06\/logo-Technetix-1000x1000-1.png\",\"contentUrl\":\"https:\/\/emea.dev.technetix.com\/wp-content\/uploads\/sites\/2\/2023\/06\/logo-Technetix-1000x1000-1.png\",\"width\":1000,\"height\":1000,\"caption\":\"Technetix\"},\"image\":{\"@id\":\"https:\/\/emea.dev.technetix.com\/es\/#\/schema\/logo\/image\/\"},\"sameAs\":[\"https:\/\/x.com\/technetixgroup\",\"https:\/\/www.linkedin.com\/company\/technetix\/\",\"https:\/\/www.youtube.com\/c\/Technetix-group\"]}]}<\/script>\n<!-- \/ Yoast SEO Premium plugin. -->","yoast_head_json":{"title":"G.hn Powerline - Technetix EMEA","robots":{"index":"index","follow":"follow","max-snippet":"max-snippet:-1","max-image-preview":"max-image-preview:large","max-video-preview":"max-video-preview:-1"},"canonical":"https:\/\/emea.dev.technetix.com\/es\/redes-hfc\/redes-en-el-hogar\/ghn-linea-electrica\/","og_locale":"es_ES","og_type":"article","og_title":"G.hn Powerline - Technetix EMEA","og_description":"G.hn Powerline La tecnolog\u00eda Powerline le permite establecer una conexi\u00f3n Ethernet sobre el cableado el\u00e9ctrico de red existente. Esta conexi\u00f3n ethernet se puede utilizar para conectar un televisor o PC y tambi\u00e9n alimentar\u00e1 un punto de acceso Wi-Fi. Los productos Powerline se han actualizado a G.hn, un nuevo est\u00e1ndar que permite velocidades de capa f\u00edsica ... Read more","og_url":"https:\/\/emea.dev.technetix.com\/es\/redes-hfc\/redes-en-el-hogar\/ghn-linea-electrica\/","og_site_name":"Technetix EMEA","article_modified_time":"2023-06-07T20:06:15+00:00","og_image":[{"width":1920,"height":450,"url":"https:\/\/emea.dev.technetix.com\/wp-content\/uploads\/sites\/2\/2023\/02\/LANDING_PAGE_LARGE_POWERLINE_FINAL.jpeg","type":"image\/jpeg"}],"twitter_card":"summary_large_image","twitter_site":"@technetixgroup","twitter_misc":{"Tiempo de lectura":"2 minutos"},"schema":{"@context":"https:\/\/schema.org","@graph":[{"@type":"WebPage","@id":"https:\/\/emea.dev.technetix.com\/es\/redes-hfc\/redes-en-el-hogar\/ghn-linea-electrica\/","url":"https:\/\/emea.dev.technetix.com\/es\/redes-hfc\/redes-en-el-hogar\/ghn-linea-electrica\/","name":"G.hn Powerline - Technetix EMEA","isPartOf":{"@id":"https:\/\/emea.dev.technetix.com\/es\/#website"},"primaryImageOfPage":{"@id":"https:\/\/emea.dev.technetix.com\/es\/redes-hfc\/redes-en-el-hogar\/ghn-linea-electrica\/#primaryimage"},"image":{"@id":"https:\/\/emea.dev.technetix.com\/es\/redes-hfc\/redes-en-el-hogar\/ghn-linea-electrica\/#primaryimage"},"thumbnailUrl":"https:\/\/emea.dev.technetix.com\/wp-content\/uploads\/sites\/2\/2023\/02\/LANDING_PAGE_LARGE_POWERLINE_FINAL.jpeg","datePublished":"2023-02-02T22:16:11+00:00","dateModified":"2023-06-07T20:06:15+00:00","breadcrumb":{"@id":"https:\/\/emea.dev.technetix.com\/es\/redes-hfc\/redes-en-el-hogar\/ghn-linea-electrica\/#breadcrumb"},"inLanguage":"es","potentialAction":[{"@type":"ReadAction","target":["https:\/\/emea.dev.technetix.com\/es\/redes-hfc\/redes-en-el-hogar\/ghn-linea-electrica\/"]}]},{"@type":"ImageObject","inLanguage":"es","@id":"https:\/\/emea.dev.technetix.com\/es\/redes-hfc\/redes-en-el-hogar\/ghn-linea-electrica\/#primaryimage","url":"https:\/\/emea.dev.technetix.com\/wp-content\/uploads\/sites\/2\/2023\/02\/LANDING_PAGE_LARGE_POWERLINE_FINAL.jpeg","contentUrl":"https:\/\/emea.dev.technetix.com\/wp-content\/uploads\/sites\/2\/2023\/02\/LANDING_PAGE_LARGE_POWERLINE_FINAL.jpeg","width":1920,"height":450},{"@type":"BreadcrumbList","@id":"https:\/\/emea.dev.technetix.com\/es\/redes-hfc\/redes-en-el-hogar\/ghn-linea-electrica\/#breadcrumb","itemListElement":[{"@type":"ListItem","position":1,"name":"Home","item":"https:\/\/emea.dev.technetix.com\/es\/"},{"@type":"ListItem","position":2,"name":"Banda ancha de cable","item":"https:\/\/emea.dev.technetix.com\/es\/redes-hfc\/"},{"@type":"ListItem","position":3,"name":"Redes en el hogar","item":"https:\/\/emea.dev.technetix.com\/es\/redes-hfc\/redes-en-el-hogar\/"},{"@type":"ListItem","position":4,"name":"G.hn Powerline"}]},{"@type":"WebSite","@id":"https:\/\/emea.dev.technetix.com\/es\/#website","url":"https:\/\/emea.dev.technetix.com\/es\/","name":"Technetix","description":"Next-generation broadband equipment engineering","publisher":{"@id":"https:\/\/emea.dev.technetix.com\/es\/#organization"},"potentialAction":[{"@type":"SearchAction","target":{"@type":"EntryPoint","urlTemplate":"https:\/\/emea.dev.technetix.com\/es\/?s={search_term_string}"},"query-input":{"@type":"PropertyValueSpecification","valueRequired":true,"valueName":"search_term_string"}}],"inLanguage":"es"},{"@type":"Organization","@id":"https:\/\/emea.dev.technetix.com\/es\/#organization","name":"Technetix","url":"https:\/\/emea.dev.technetix.com\/es\/","logo":{"@type":"ImageObject","inLanguage":"es","@id":"https:\/\/emea.dev.technetix.com\/es\/#\/schema\/logo\/image\/","url":"https:\/\/emea.dev.technetix.com\/wp-content\/uploads\/sites\/2\/2023\/06\/logo-Technetix-1000x1000-1.png","contentUrl":"https:\/\/emea.dev.technetix.com\/wp-content\/uploads\/sites\/2\/2023\/06\/logo-Technetix-1000x1000-1.png","width":1000,"height":1000,"caption":"Technetix"},"image":{"@id":"https:\/\/emea.dev.technetix.com\/es\/#\/schema\/logo\/image\/"},"sameAs":["https:\/\/x.com\/technetixgroup","https:\/\/www.linkedin.com\/company\/technetix\/","https:\/\/www.youtube.com\/c\/Technetix-group"]}]}},"acf":[],"publishpress_future_workflow_manual_trigger":{"enabledWorkflows":[]},"_links":{"self":[{"href":"https:\/\/emea.dev.technetix.com\/es\/wp-json\/wp\/v2\/pages\/7317"}],"collection":[{"href":"https:\/\/emea.dev.technetix.com\/es\/wp-json\/wp\/v2\/pages"}],"about":[{"href":"https:\/\/emea.dev.technetix.com\/es\/wp-json\/wp\/v2\/types\/page"}],"author":[{"embeddable":true,"href":"https:\/\/emea.dev.technetix.com\/es\/wp-json\/wp\/v2\/users\/1"}],"replies":[{"embeddable":true,"href":"https:\/\/emea.dev.technetix.com\/es\/wp-json\/wp\/v2\/comments?post=7317"}],"version-history":[{"count":5,"href":"https:\/\/emea.dev.technetix.com\/es\/wp-json\/wp\/v2\/pages\/7317\/revisions"}],"predecessor-version":[{"id":21829,"href":"https:\/\/emea.dev.technetix.com\/es\/wp-json\/wp\/v2\/pages\/7317\/revisions\/21829"}],"up":[{"embeddable":true,"href":"https:\/\/emea.dev.technetix.com\/es\/wp-json\/wp\/v2\/pages\/7132"}],"wp:featuredmedia":[{"embeddable":true,"href":"https:\/\/emea.dev.technetix.com\/es\/wp-json\/wp\/v2\/media\/2512"}],"wp:attachment":[{"href":"https:\/\/emea.dev.technetix.com\/es\/wp-json\/wp\/v2\/media?parent=7317"}],"curies":[{"name":"wp","href":"https:\/\/api.w.org\/{rel}","templated":true}]}}