{"id":7313,"date":"2023-02-02T21:56:14","date_gmt":"2023-02-02T21:56:14","guid":{"rendered":"https:\/\/emea.dev.technetix.com\/redes-hfc\/redes-en-el-hogar\/ez-amp\/"},"modified":"2024-02-08T10:05:01","modified_gmt":"2024-02-08T10:05:01","slug":"ez-amp","status":"publish","type":"page","link":"https:\/\/emea.dev.technetix.com\/es\/redes-hfc\/redes-en-el-hogar\/ez-amp\/","title":{"rendered":"EZ-Amp"},"content":{"rendered":"<div class=\"gb-container gb-container-f86f3f4f gb-container-hero-banner\"><div class=\"gb-inside-container\">\n<h1 class=\"gb-headline gb-headline-e1547755 gb-headline-text gb-headline-hero-banner-title\">EZ-Amp<\/h1>\n<\/div><\/div><div class=\"gb-container gb-container-fed5be23 gb-container-inner-back-page-con\">\n<h2 class=\"gb-headline gb-headline-d02c52e4 gb-headline-text\">Prepare el upstream para el futuro.<\/h2>\n\n<ul class=\"wp-block-list\"><li>Amplificador totalmente compatible con DOCSIS 3.1 con 1,2 GHz de bajada y 204 MHz de subida<\/li>\n\n<li>Filtros diplex conmutables de 65\/85 a 204\/258 MHz<\/li>\n\n<li>Atractivo y la cubierta opcional permiten el despliegue en \u00e1reas habitables<\/li><\/ul>\n\n<p class=\"gb-headline gb-headline-6656b5c3 gb-headline-text\">La introducci\u00f3n de DOCSIS 3.1 ha ampliado la banda de frecuencias descendente a 1,2 GHz, as\u00ed como ha elevado la banda ascendente a 204 MHz de divisi\u00f3n alta. Los amplificadores dom\u00e9sticos de 1,2 GHz se implementan actualmente con una divisi\u00f3n de banda fija a 42\/54 o 65\/85 MHz, dependiendo de la regi\u00f3n de operaci\u00f3n. Cuando un hogar se actualiza de DOCSIS 3.0 a DOCSIS 3.1, la relaci\u00f3n de los divisores en el hogar debe cambiarse a 204\/258 MHz. Esto requerir\u00e1 una costosa actuaci\u00f3n para cambiar el amplificador en el hogar del cliente o un complejo y costoso programa de actualizaci\u00f3n universal con todos los clientes.    <\/p>\n\n<figure class=\"gb-block-image gb-block-image-61e35e7d\"><img loading=\"lazy\" decoding=\"async\" width=\"600\" height=\"600\" class=\"gb-image gb-image-61e35e7d\" src=\"https:\/\/emea.dev.technetix.com\/wp-content\/uploads\/sites\/2\/2023\/02\/problem_ez-amp.jpeg\" alt=\"Amplificador totalmente compatible con DOCSIS 3.1 con 1,2 GHz de bajada y 204 MHz de subida\" srcset=\"https:\/\/emea.dev.technetix.com\/wp-content\/uploads\/sites\/2\/2023\/02\/problem_ez-amp.jpeg 600w, https:\/\/emea.dev.technetix.com\/wp-content\/uploads\/sites\/2\/2023\/02\/problem_ez-amp-300x300.jpeg 300w, https:\/\/emea.dev.technetix.com\/wp-content\/uploads\/sites\/2\/2023\/02\/problem_ez-amp-150x150.jpeg 150w, https:\/\/emea.dev.technetix.com\/wp-content\/uploads\/sites\/2\/2023\/02\/problem_ez-amp-100x100.jpeg 100w\" sizes=\"(max-width: 600px) 100vw, 600px\" \/><\/figure>\n<\/div><div class=\"gb-container gb-container-96438770\"><div class=\"gb-inside-container\"><\/div><\/div><div class=\"gb-container gb-container-7e23f552 gb-container-inner-back-page-con\">\n<h2 class=\"gb-headline gb-headline-8f084a72 gb-headline-text gb-headline-h2-in-content\">Una soluci\u00f3n para amplificar el CPE<\/h2>\n\n<p class=\"gb-headline gb-headline-9bdf2e3a gb-headline-text\">Technetix ha superado este desaf\u00edo mediante la introducci\u00f3n de la serie de amplificadores EZ-Amp, con filtros de diplex conmutables autom\u00e1ticamente que permiten una actualizaci\u00f3n ascendente sin acudir al hogar. Al actualizar las redes existentes de 862 MHz o 1 GHz a 1,2 GHz en la actualidad, Technetix prepara el upstream para el futuro. <\/p>\n\n<p class=\"gb-headline gb-headline-b7f80498 gb-headline-text\">La serie b\u00e1sica EZ-Amp incorpora la tecnolog\u00eda patentada de Technetix que contiene filtros de diplex conmutables autom\u00e1ticamente. Cuando se activa la actualizaci\u00f3n remota a una nueva divisi\u00f3n, los m\u00f3dems dom\u00e9sticos comenzar\u00e1n a transmitir se\u00f1ales de RF por encima de 65 MHz. El EZ-Amp detectar\u00e1 estas se\u00f1ales y cambiar\u00e1 los filtros diplexores autom\u00e1ticamente para pasar estas nuevas se\u00f1ales de RF ascendentes DOCSIS 3.1.  <\/p>\n\n<p class=\"gb-headline gb-headline-b1286c89 gb-headline-text\">La detecci\u00f3n de RF en el EZ-Amp identifica autom\u00e1ticamente los m\u00f3dems que var\u00edan en la banda ascendente m\u00e1s alta y ajusta inmediatamente sus circuitos internos, lo que permite que estas se\u00f1ales de frecuencia ascendente m\u00e1s alta pasen en la nueva banda ascendente completa de 204 MHz. Esto significa que no se pierden datos para el cliente y no se requiere ninguna intervenci\u00f3n adicional del operador para permitir las actualizaciones de DOCSIS 3.1 en el hogar. <\/p>\n\n<p class=\"gb-headline gb-headline-80901a12 gb-headline-text\">Esta tecnolog\u00eda de conmutaci\u00f3n patentada ha sido probada y verificada en entornos de red de la vida real.<\/p>\n\n<figure class=\"gb-block-image gb-block-image-fb488e61\"><img loading=\"lazy\" decoding=\"async\" width=\"600\" height=\"600\" class=\"gb-image gb-image-fb488e61\" src=\"https:\/\/emea.dev.technetix.com\/wp-content\/uploads\/sites\/2\/2023\/02\/solution_ez-amp.jpeg\" alt=\"La detecci\u00f3n de RF en el EZ-Amp identifica autom\u00e1ticamente los m\u00f3dems que var\u00edan en la banda ascendente m\u00e1s alta y ajusta inmediatamente sus circuitos internos, lo que permite que estas se\u00f1ales de frecuencia ascendente m\u00e1s alta pasen en la nueva banda ascendente completa de 204 MHz\" srcset=\"https:\/\/emea.dev.technetix.com\/wp-content\/uploads\/sites\/2\/2023\/02\/solution_ez-amp.jpeg 600w, https:\/\/emea.dev.technetix.com\/wp-content\/uploads\/sites\/2\/2023\/02\/solution_ez-amp-300x300.jpeg 300w, https:\/\/emea.dev.technetix.com\/wp-content\/uploads\/sites\/2\/2023\/02\/solution_ez-amp-150x150.jpeg 150w, https:\/\/emea.dev.technetix.com\/wp-content\/uploads\/sites\/2\/2023\/02\/solution_ez-amp-100x100.jpeg 100w\" sizes=\"(max-width: 600px) 100vw, 600px\" \/><\/figure>\n<\/div><div class=\"gb-container gb-container-8ef03eb7 gb-container-con-buttons-bottom\">\n<h2 class=\"gb-headline gb-headline-3e437dab gb-headline-text gb-headline-head-bottom-buttons\">Enlaces de inter\u00e9s<\/h2>\n\n<div class=\"gb-button-wrapper gb-button-wrapper-068b0509 gb-button-wrapper-after-con-buttons\">\n<a class=\"gb-button gb-button-50ffcde4 gb-button-text gb-button-bottom-button\" href=\"https:\/\/emea.dev.technetix.com\/es\/producto\/1-2-ghz-auto-adaptive-band-split-in-home-amplifier-2\/\">EZ-Amp Basic<\/a>\n\n<a class=\"gb-button gb-button-7248a959 gb-button-text gb-button-bottom-button\" href=\"https:\/\/emea.dev.technetix.com\/es\/producto\/1-2ghz-unity-gain-in-home-amplifier-2\/\">EZ-Amp Lite<\/a>\n\n<a class=\"gb-button gb-button-f1bbdb78 gb-button-text gb-button-bottom-button\" href=\"https:\/\/emea.dev.technetix.com\/es\/productos\/tecnologia-de-banda-ancha\/amplificadores-domesticos\/\">Explore amplificadores para el hogar<\/a>\n\n<a class=\"gb-button gb-button-81a5d3dc gb-button-text gb-button-bottom-button\" href=\"https:\/\/emea.dev.technetix.com\/es\/contactenos\/\">Cont\u00e1ctenos<\/a>\n<\/div>\n<\/div>","protected":false},"excerpt":{"rendered":"<p>EZ-Amp Prepare el upstream para el futuro. La introducci\u00f3n de DOCSIS 3.1 ha ampliado la banda de frecuencias descendente a 1,2 GHz, as\u00ed como ha elevado la banda ascendente a 204 MHz de divisi\u00f3n alta. Los amplificadores dom\u00e9sticos de 1,2 GHz se implementan actualmente con una divisi\u00f3n de banda fija a 42\/54 o 65\/85 MHz, &#8230; <a title=\"EZ-Amp\" class=\"read-more\" href=\"https:\/\/emea.dev.technetix.com\/es\/redes-hfc\/redes-en-el-hogar\/ez-amp\/\" aria-label=\"M\u00e1s en EZ-Amp\">Read more<\/a><\/p>\n","protected":false},"author":1,"featured_media":2521,"parent":7132,"menu_order":0,"comment_status":"closed","ping_status":"closed","template":"","meta":{"_acf_changed":false,"_gspb_post_css":"","footnotes":""},"class_list":["post-7313","page","type-page","status-publish","has-post-thumbnail"],"yoast_head":"<!-- This site is optimized with the Yoast SEO Premium plugin v22.5 (Yoast SEO v23.7) - https:\/\/yoast.com\/wordpress\/plugins\/seo\/ -->\n<title>EZ-Amp - Technetix EMEA<\/title>\n<meta name=\"robots\" content=\"index, follow, max-snippet:-1, max-image-preview:large, max-video-preview:-1\" \/>\n<link rel=\"canonical\" href=\"https:\/\/emea.dev.technetix.com\/es\/redes-hfc\/redes-en-el-hogar\/ez-amp\/\" \/>\n<meta property=\"og:locale\" content=\"es_ES\" \/>\n<meta property=\"og:type\" content=\"article\" \/>\n<meta property=\"og:title\" content=\"EZ-Amp - Technetix EMEA\" \/>\n<meta property=\"og:description\" content=\"EZ-Amp Prepare el upstream para el futuro. La introducci\u00f3n de DOCSIS 3.1 ha ampliado la banda de frecuencias descendente a 1,2 GHz, as\u00ed como ha elevado la banda ascendente a 204 MHz de divisi\u00f3n alta. Los amplificadores dom\u00e9sticos de 1,2 GHz se implementan actualmente con una divisi\u00f3n de banda fija a 42\/54 o 65\/85 MHz, ... Read more\" \/>\n<meta property=\"og:url\" content=\"https:\/\/emea.dev.technetix.com\/es\/redes-hfc\/redes-en-el-hogar\/ez-amp\/\" \/>\n<meta property=\"og:site_name\" content=\"Technetix EMEA\" \/>\n<meta property=\"article:modified_time\" content=\"2024-02-08T10:05:01+00:00\" \/>\n<meta property=\"og:image\" content=\"https:\/\/emea.dev.technetix.com\/wp-content\/uploads\/sites\/2\/2023\/02\/LANDING_PAGE_LARGE_EZAMP_FINAL.jpeg\" \/>\n\t<meta property=\"og:image:width\" content=\"1920\" \/>\n\t<meta property=\"og:image:height\" content=\"450\" \/>\n\t<meta property=\"og:image:type\" content=\"image\/jpeg\" \/>\n<meta name=\"twitter:card\" content=\"summary_large_image\" \/>\n<meta name=\"twitter:site\" content=\"@technetixgroup\" \/>\n<meta name=\"twitter:label1\" content=\"Tiempo de lectura\" \/>\n\t<meta name=\"twitter:data1\" content=\"3 minutos\" \/>\n<script type=\"application\/ld+json\" class=\"yoast-schema-graph\">{\"@context\":\"https:\/\/schema.org\",\"@graph\":[{\"@type\":\"WebPage\",\"@id\":\"https:\/\/emea.dev.technetix.com\/es\/redes-hfc\/redes-en-el-hogar\/ez-amp\/\",\"url\":\"https:\/\/emea.dev.technetix.com\/es\/redes-hfc\/redes-en-el-hogar\/ez-amp\/\",\"name\":\"EZ-Amp - Technetix EMEA\",\"isPartOf\":{\"@id\":\"https:\/\/emea.dev.technetix.com\/es\/#website\"},\"primaryImageOfPage\":{\"@id\":\"https:\/\/emea.dev.technetix.com\/es\/redes-hfc\/redes-en-el-hogar\/ez-amp\/#primaryimage\"},\"image\":{\"@id\":\"https:\/\/emea.dev.technetix.com\/es\/redes-hfc\/redes-en-el-hogar\/ez-amp\/#primaryimage\"},\"thumbnailUrl\":\"https:\/\/emea.dev.technetix.com\/wp-content\/uploads\/sites\/2\/2023\/02\/LANDING_PAGE_LARGE_EZAMP_FINAL.jpeg\",\"datePublished\":\"2023-02-02T21:56:14+00:00\",\"dateModified\":\"2024-02-08T10:05:01+00:00\",\"breadcrumb\":{\"@id\":\"https:\/\/emea.dev.technetix.com\/es\/redes-hfc\/redes-en-el-hogar\/ez-amp\/#breadcrumb\"},\"inLanguage\":\"es\",\"potentialAction\":[{\"@type\":\"ReadAction\",\"target\":[\"https:\/\/emea.dev.technetix.com\/es\/redes-hfc\/redes-en-el-hogar\/ez-amp\/\"]}]},{\"@type\":\"ImageObject\",\"inLanguage\":\"es\",\"@id\":\"https:\/\/emea.dev.technetix.com\/es\/redes-hfc\/redes-en-el-hogar\/ez-amp\/#primaryimage\",\"url\":\"https:\/\/emea.dev.technetix.com\/wp-content\/uploads\/sites\/2\/2023\/02\/LANDING_PAGE_LARGE_EZAMP_FINAL.jpeg\",\"contentUrl\":\"https:\/\/emea.dev.technetix.com\/wp-content\/uploads\/sites\/2\/2023\/02\/LANDING_PAGE_LARGE_EZAMP_FINAL.jpeg\",\"width\":1920,\"height\":450},{\"@type\":\"BreadcrumbList\",\"@id\":\"https:\/\/emea.dev.technetix.com\/es\/redes-hfc\/redes-en-el-hogar\/ez-amp\/#breadcrumb\",\"itemListElement\":[{\"@type\":\"ListItem\",\"position\":1,\"name\":\"Home\",\"item\":\"https:\/\/emea.dev.technetix.com\/es\/\"},{\"@type\":\"ListItem\",\"position\":2,\"name\":\"Banda ancha de cable\",\"item\":\"https:\/\/emea.dev.technetix.com\/es\/redes-hfc\/\"},{\"@type\":\"ListItem\",\"position\":3,\"name\":\"Redes en el hogar\",\"item\":\"https:\/\/emea.dev.technetix.com\/es\/redes-hfc\/redes-en-el-hogar\/\"},{\"@type\":\"ListItem\",\"position\":4,\"name\":\"EZ-Amp\"}]},{\"@type\":\"WebSite\",\"@id\":\"https:\/\/emea.dev.technetix.com\/es\/#website\",\"url\":\"https:\/\/emea.dev.technetix.com\/es\/\",\"name\":\"Technetix\",\"description\":\"Next-generation broadband equipment engineering\",\"publisher\":{\"@id\":\"https:\/\/emea.dev.technetix.com\/es\/#organization\"},\"potentialAction\":[{\"@type\":\"SearchAction\",\"target\":{\"@type\":\"EntryPoint\",\"urlTemplate\":\"https:\/\/emea.dev.technetix.com\/es\/?s={search_term_string}\"},\"query-input\":{\"@type\":\"PropertyValueSpecification\",\"valueRequired\":true,\"valueName\":\"search_term_string\"}}],\"inLanguage\":\"es\"},{\"@type\":\"Organization\",\"@id\":\"https:\/\/emea.dev.technetix.com\/es\/#organization\",\"name\":\"Technetix\",\"url\":\"https:\/\/emea.dev.technetix.com\/es\/\",\"logo\":{\"@type\":\"ImageObject\",\"inLanguage\":\"es\",\"@id\":\"https:\/\/emea.dev.technetix.com\/es\/#\/schema\/logo\/image\/\",\"url\":\"https:\/\/emea.dev.technetix.com\/wp-content\/uploads\/sites\/2\/2023\/06\/logo-Technetix-1000x1000-1.png\",\"contentUrl\":\"https:\/\/emea.dev.technetix.com\/wp-content\/uploads\/sites\/2\/2023\/06\/logo-Technetix-1000x1000-1.png\",\"width\":1000,\"height\":1000,\"caption\":\"Technetix\"},\"image\":{\"@id\":\"https:\/\/emea.dev.technetix.com\/es\/#\/schema\/logo\/image\/\"},\"sameAs\":[\"https:\/\/x.com\/technetixgroup\",\"https:\/\/www.linkedin.com\/company\/technetix\/\",\"https:\/\/www.youtube.com\/c\/Technetix-group\"]}]}<\/script>\n<!-- \/ Yoast SEO Premium plugin. -->","yoast_head_json":{"title":"EZ-Amp - Technetix EMEA","robots":{"index":"index","follow":"follow","max-snippet":"max-snippet:-1","max-image-preview":"max-image-preview:large","max-video-preview":"max-video-preview:-1"},"canonical":"https:\/\/emea.dev.technetix.com\/es\/redes-hfc\/redes-en-el-hogar\/ez-amp\/","og_locale":"es_ES","og_type":"article","og_title":"EZ-Amp - Technetix EMEA","og_description":"EZ-Amp Prepare el upstream para el futuro. La introducci\u00f3n de DOCSIS 3.1 ha ampliado la banda de frecuencias descendente a 1,2 GHz, as\u00ed como ha elevado la banda ascendente a 204 MHz de divisi\u00f3n alta. Los amplificadores dom\u00e9sticos de 1,2 GHz se implementan actualmente con una divisi\u00f3n de banda fija a 42\/54 o 65\/85 MHz, ... Read more","og_url":"https:\/\/emea.dev.technetix.com\/es\/redes-hfc\/redes-en-el-hogar\/ez-amp\/","og_site_name":"Technetix EMEA","article_modified_time":"2024-02-08T10:05:01+00:00","og_image":[{"width":1920,"height":450,"url":"https:\/\/emea.dev.technetix.com\/wp-content\/uploads\/sites\/2\/2023\/02\/LANDING_PAGE_LARGE_EZAMP_FINAL.jpeg","type":"image\/jpeg"}],"twitter_card":"summary_large_image","twitter_site":"@technetixgroup","twitter_misc":{"Tiempo de lectura":"3 minutos"},"schema":{"@context":"https:\/\/schema.org","@graph":[{"@type":"WebPage","@id":"https:\/\/emea.dev.technetix.com\/es\/redes-hfc\/redes-en-el-hogar\/ez-amp\/","url":"https:\/\/emea.dev.technetix.com\/es\/redes-hfc\/redes-en-el-hogar\/ez-amp\/","name":"EZ-Amp - Technetix EMEA","isPartOf":{"@id":"https:\/\/emea.dev.technetix.com\/es\/#website"},"primaryImageOfPage":{"@id":"https:\/\/emea.dev.technetix.com\/es\/redes-hfc\/redes-en-el-hogar\/ez-amp\/#primaryimage"},"image":{"@id":"https:\/\/emea.dev.technetix.com\/es\/redes-hfc\/redes-en-el-hogar\/ez-amp\/#primaryimage"},"thumbnailUrl":"https:\/\/emea.dev.technetix.com\/wp-content\/uploads\/sites\/2\/2023\/02\/LANDING_PAGE_LARGE_EZAMP_FINAL.jpeg","datePublished":"2023-02-02T21:56:14+00:00","dateModified":"2024-02-08T10:05:01+00:00","breadcrumb":{"@id":"https:\/\/emea.dev.technetix.com\/es\/redes-hfc\/redes-en-el-hogar\/ez-amp\/#breadcrumb"},"inLanguage":"es","potentialAction":[{"@type":"ReadAction","target":["https:\/\/emea.dev.technetix.com\/es\/redes-hfc\/redes-en-el-hogar\/ez-amp\/"]}]},{"@type":"ImageObject","inLanguage":"es","@id":"https:\/\/emea.dev.technetix.com\/es\/redes-hfc\/redes-en-el-hogar\/ez-amp\/#primaryimage","url":"https:\/\/emea.dev.technetix.com\/wp-content\/uploads\/sites\/2\/2023\/02\/LANDING_PAGE_LARGE_EZAMP_FINAL.jpeg","contentUrl":"https:\/\/emea.dev.technetix.com\/wp-content\/uploads\/sites\/2\/2023\/02\/LANDING_PAGE_LARGE_EZAMP_FINAL.jpeg","width":1920,"height":450},{"@type":"BreadcrumbList","@id":"https:\/\/emea.dev.technetix.com\/es\/redes-hfc\/redes-en-el-hogar\/ez-amp\/#breadcrumb","itemListElement":[{"@type":"ListItem","position":1,"name":"Home","item":"https:\/\/emea.dev.technetix.com\/es\/"},{"@type":"ListItem","position":2,"name":"Banda ancha de cable","item":"https:\/\/emea.dev.technetix.com\/es\/redes-hfc\/"},{"@type":"ListItem","position":3,"name":"Redes en el hogar","item":"https:\/\/emea.dev.technetix.com\/es\/redes-hfc\/redes-en-el-hogar\/"},{"@type":"ListItem","position":4,"name":"EZ-Amp"}]},{"@type":"WebSite","@id":"https:\/\/emea.dev.technetix.com\/es\/#website","url":"https:\/\/emea.dev.technetix.com\/es\/","name":"Technetix","description":"Next-generation broadband equipment engineering","publisher":{"@id":"https:\/\/emea.dev.technetix.com\/es\/#organization"},"potentialAction":[{"@type":"SearchAction","target":{"@type":"EntryPoint","urlTemplate":"https:\/\/emea.dev.technetix.com\/es\/?s={search_term_string}"},"query-input":{"@type":"PropertyValueSpecification","valueRequired":true,"valueName":"search_term_string"}}],"inLanguage":"es"},{"@type":"Organization","@id":"https:\/\/emea.dev.technetix.com\/es\/#organization","name":"Technetix","url":"https:\/\/emea.dev.technetix.com\/es\/","logo":{"@type":"ImageObject","inLanguage":"es","@id":"https:\/\/emea.dev.technetix.com\/es\/#\/schema\/logo\/image\/","url":"https:\/\/emea.dev.technetix.com\/wp-content\/uploads\/sites\/2\/2023\/06\/logo-Technetix-1000x1000-1.png","contentUrl":"https:\/\/emea.dev.technetix.com\/wp-content\/uploads\/sites\/2\/2023\/06\/logo-Technetix-1000x1000-1.png","width":1000,"height":1000,"caption":"Technetix"},"image":{"@id":"https:\/\/emea.dev.technetix.com\/es\/#\/schema\/logo\/image\/"},"sameAs":["https:\/\/x.com\/technetixgroup","https:\/\/www.linkedin.com\/company\/technetix\/","https:\/\/www.youtube.com\/c\/Technetix-group"]}]}},"acf":[],"publishpress_future_workflow_manual_trigger":{"enabledWorkflows":[]},"_links":{"self":[{"href":"https:\/\/emea.dev.technetix.com\/es\/wp-json\/wp\/v2\/pages\/7313"}],"collection":[{"href":"https:\/\/emea.dev.technetix.com\/es\/wp-json\/wp\/v2\/pages"}],"about":[{"href":"https:\/\/emea.dev.technetix.com\/es\/wp-json\/wp\/v2\/types\/page"}],"author":[{"embeddable":true,"href":"https:\/\/emea.dev.technetix.com\/es\/wp-json\/wp\/v2\/users\/1"}],"replies":[{"embeddable":true,"href":"https:\/\/emea.dev.technetix.com\/es\/wp-json\/wp\/v2\/comments?post=7313"}],"version-history":[{"count":4,"href":"https:\/\/emea.dev.technetix.com\/es\/wp-json\/wp\/v2\/pages\/7313\/revisions"}],"predecessor-version":[{"id":262849,"href":"https:\/\/emea.dev.technetix.com\/es\/wp-json\/wp\/v2\/pages\/7313\/revisions\/262849"}],"up":[{"embeddable":true,"href":"https:\/\/emea.dev.technetix.com\/es\/wp-json\/wp\/v2\/pages\/7132"}],"wp:featuredmedia":[{"embeddable":true,"href":"https:\/\/emea.dev.technetix.com\/es\/wp-json\/wp\/v2\/media\/2521"}],"wp:attachment":[{"href":"https:\/\/emea.dev.technetix.com\/es\/wp-json\/wp\/v2\/media?parent=7313"}],"curies":[{"name":"wp","href":"https:\/\/api.w.org\/{rel}","templated":true}]}}