{"id":7238,"date":"2023-02-02T20:06:49","date_gmt":"2023-02-02T20:06:49","guid":{"rendered":"https:\/\/emea.dev.technetix.com\/redes-hfc\/multitaps-y-pasivos-de-linea\/taps-subterraneos-ab-series\/"},"modified":"2023-05-05T13:53:11","modified_gmt":"2023-05-05T13:53:11","slug":"taps-subterraneos-ab-series","status":"publish","type":"page","link":"https:\/\/emea.dev.technetix.com\/es\/redes-hfc\/multitaps-y-pasivos-de-linea\/taps-subterraneos-ab-series\/","title":{"rendered":"TAPS subterr\u00e1neos AB-series"},"content":{"rendered":"<div class=\"gb-container gb-container-f86f3f4f gb-container-hero-banner\"><div class=\"gb-inside-container\">\n<h1 class=\"gb-headline gb-headline-e1547755 gb-headline-text gb-headline-hero-banner-title\">TAPS subterr\u00e1neos AB-series<\/h1>\n<\/div><\/div><div class=\"gb-container gb-container-bca69d06 gb-container-inner-back-page-con\">\n<h2 class=\"gb-headline gb-headline-d02c52e4 gb-headline-text\">Taps subterr\u00e1neos D-line &#8211; Resiliencia y alto rendimiento.<\/h2>\n\n<ul class=\"wp-block-list\"><li>Los TAPS subterr\u00e1neos est\u00e1n dise\u00f1ados para instalaci\u00f3n en redes de CATV, principalmente en instalaciones subterr\u00e1neas.<\/li>\n\n<li>Dependiendo del tipo, se conectan hasta 4 cables de derivaci\u00f3n a una l\u00ednea de se\u00f1al CATV.<\/li>\n\n<li>Disponible como divisor de 2 v\u00edas, derivaciones de 1, 2, 3 o 4 v\u00edas con atenuaciones est\u00e1ndar de 10, 15 o 20 dB.<\/li>\n\n<li>Estos productos cuentan con una respuesta de frecuencia optimizada de 5-1200 MHz para upstream y downstream.<\/li><\/ul>\n<\/div><div class=\"gb-container gb-container-563164f0\"><div class=\"gb-inside-container\">\n<figure class=\"gb-block-image gb-block-image-61e35e7d\"><img loading=\"lazy\" decoding=\"async\" width=\"1920\" height=\"548\" class=\"gb-image gb-image-61e35e7d\" src=\"https:\/\/emea.dev.technetix.com\/wp-content\/uploads\/sites\/2\/2023\/02\/19005238_AB-410_PRFL_05-3b.jpeg\" alt=\"Los TAPS subterr\u00e1neos est\u00e1n dise\u00f1ados para instalaci\u00f3n en redes de CATV, principalmente en instalaciones subterr\u00e1neas.\" srcset=\"https:\/\/emea.dev.technetix.com\/wp-content\/uploads\/sites\/2\/2023\/02\/19005238_AB-410_PRFL_05-3b.jpeg 1920w, https:\/\/emea.dev.technetix.com\/wp-content\/uploads\/sites\/2\/2023\/02\/19005238_AB-410_PRFL_05-3b-300x86.jpeg 300w, https:\/\/emea.dev.technetix.com\/wp-content\/uploads\/sites\/2\/2023\/02\/19005238_AB-410_PRFL_05-3b-1024x292.jpeg 1024w, https:\/\/emea.dev.technetix.com\/wp-content\/uploads\/sites\/2\/2023\/02\/19005238_AB-410_PRFL_05-3b-768x219.jpeg 768w, https:\/\/emea.dev.technetix.com\/wp-content\/uploads\/sites\/2\/2023\/02\/19005238_AB-410_PRFL_05-3b-1536x438.jpeg 1536w, https:\/\/emea.dev.technetix.com\/wp-content\/uploads\/sites\/2\/2023\/02\/19005238_AB-410_PRFL_05-3b-600x171.jpeg 600w\" sizes=\"(max-width: 1920px) 100vw, 1920px\" \/><\/figure>\n<\/div><\/div><div class=\"gb-container gb-container-79bd2807 gb-container-inner-back-page-con\">\n<p class=\"gb-headline gb-headline-5ac64bf6 gb-headline-text\">Los conectores de cable est\u00e1n hechos de cable coaxial flexible con conectores de RF fijos, por lo que se utilizan manguitos de contacto 4\/20.<\/p>\n\n<p class=\"gb-headline gb-headline-a67e2ee0 gb-headline-text\">Adem\u00e1s, el dise\u00f1o modificado de estos nuevos TAPS da Technetix consigue un factor de cribado muy alto.<\/p>\n<\/div><div class=\"gb-container gb-container-ee2cb390 gb-container-con-buttons-bottom\">\n<h2 class=\"gb-headline gb-headline-431676ce gb-headline-text gb-headline-head-bottom-buttons\">Enlaces de inter\u00e9s<\/h2>\n\n<div class=\"gb-button-wrapper gb-button-wrapper-97e49234 gb-button-wrapper-after-con-buttons\">\n<a class=\"gb-button gb-button-03babf68 gb-button-text gb-button-bottom-button\" href=\"https:\/\/emea.dev.technetix.com\/es\/productos\/tecnologia-de-banda-ancha\/taps-de-exterior\/?swoof=1&amp;pa_style-sub-brand=ab-series&amp;really_curr_tax=665-product_cat\">Navegar por la serie<\/a>\n\n<a class=\"gb-button gb-button-8631b1ab gb-button-text gb-button-bottom-button\" href=\"https:\/\/emea.dev.technetix.com\/es\/contactenos\/\">Cont\u00e1ctenos<\/a>\n<\/div>\n<\/div>","protected":false},"excerpt":{"rendered":"<p>TAPS subterr\u00e1neos AB-series Taps subterr\u00e1neos D-line &#8211; Resiliencia y alto rendimiento. Los conectores de cable est\u00e1n hechos de cable coaxial flexible con conectores de RF fijos, por lo que se utilizan manguitos de contacto 4\/20. Adem\u00e1s, el dise\u00f1o modificado de estos nuevos TAPS da Technetix consigue un factor de cribado muy alto. Enlaces de inter\u00e9s<\/p>\n","protected":false},"author":1,"featured_media":2452,"parent":7128,"menu_order":0,"comment_status":"open","ping_status":"closed","template":"","meta":{"_acf_changed":false,"_gspb_post_css":"","footnotes":""},"class_list":["post-7238","page","type-page","status-publish","has-post-thumbnail"],"yoast_head":"<!-- This site is optimized with the Yoast SEO Premium plugin v22.5 (Yoast SEO v23.7) - https:\/\/yoast.com\/wordpress\/plugins\/seo\/ -->\n<title>TAPS subterr\u00e1neos AB-series - Technetix EMEA<\/title>\n<meta name=\"robots\" content=\"index, follow, max-snippet:-1, max-image-preview:large, max-video-preview:-1\" \/>\n<link rel=\"canonical\" href=\"https:\/\/emea.dev.technetix.com\/es\/redes-hfc\/multitaps-y-pasivos-de-linea\/taps-subterraneos-ab-series\/\" \/>\n<meta property=\"og:locale\" content=\"es_ES\" \/>\n<meta property=\"og:type\" content=\"article\" \/>\n<meta property=\"og:title\" content=\"TAPS subterr\u00e1neos AB-series - Technetix EMEA\" \/>\n<meta property=\"og:description\" content=\"TAPS subterr\u00e1neos AB-series Taps subterr\u00e1neos D-line &#8211; Resiliencia y alto rendimiento. Los conectores de cable est\u00e1n hechos de cable coaxial flexible con conectores de RF fijos, por lo que se utilizan manguitos de contacto 4\/20. Adem\u00e1s, el dise\u00f1o modificado de estos nuevos TAPS da Technetix consigue un factor de cribado muy alto. Enlaces de inter\u00e9s\" \/>\n<meta property=\"og:url\" content=\"https:\/\/emea.dev.technetix.com\/es\/redes-hfc\/multitaps-y-pasivos-de-linea\/taps-subterraneos-ab-series\/\" \/>\n<meta property=\"og:site_name\" content=\"Technetix EMEA\" \/>\n<meta property=\"article:modified_time\" content=\"2023-05-05T13:53:11+00:00\" \/>\n<meta property=\"og:image\" content=\"https:\/\/emea.dev.technetix.com\/wp-content\/uploads\/sites\/2\/2023\/02\/LANDING_PAGE_LARGE_UTG_FINAL.jpeg\" \/>\n\t<meta property=\"og:image:width\" content=\"1920\" \/>\n\t<meta property=\"og:image:height\" content=\"450\" \/>\n\t<meta property=\"og:image:type\" content=\"image\/jpeg\" \/>\n<meta name=\"twitter:card\" content=\"summary_large_image\" \/>\n<meta name=\"twitter:site\" content=\"@technetixgroup\" \/>\n<meta name=\"twitter:label1\" content=\"Tiempo de lectura\" \/>\n\t<meta name=\"twitter:data1\" content=\"1 minuto\" \/>\n<script type=\"application\/ld+json\" class=\"yoast-schema-graph\">{\"@context\":\"https:\/\/schema.org\",\"@graph\":[{\"@type\":\"WebPage\",\"@id\":\"https:\/\/emea.dev.technetix.com\/es\/redes-hfc\/multitaps-y-pasivos-de-linea\/taps-subterraneos-ab-series\/\",\"url\":\"https:\/\/emea.dev.technetix.com\/es\/redes-hfc\/multitaps-y-pasivos-de-linea\/taps-subterraneos-ab-series\/\",\"name\":\"TAPS subterr\u00e1neos AB-series - Technetix EMEA\",\"isPartOf\":{\"@id\":\"https:\/\/emea.dev.technetix.com\/es\/#website\"},\"primaryImageOfPage\":{\"@id\":\"https:\/\/emea.dev.technetix.com\/es\/redes-hfc\/multitaps-y-pasivos-de-linea\/taps-subterraneos-ab-series\/#primaryimage\"},\"image\":{\"@id\":\"https:\/\/emea.dev.technetix.com\/es\/redes-hfc\/multitaps-y-pasivos-de-linea\/taps-subterraneos-ab-series\/#primaryimage\"},\"thumbnailUrl\":\"https:\/\/emea.dev.technetix.com\/wp-content\/uploads\/sites\/2\/2023\/02\/LANDING_PAGE_LARGE_UTG_FINAL.jpeg\",\"datePublished\":\"2023-02-02T20:06:49+00:00\",\"dateModified\":\"2023-05-05T13:53:11+00:00\",\"breadcrumb\":{\"@id\":\"https:\/\/emea.dev.technetix.com\/es\/redes-hfc\/multitaps-y-pasivos-de-linea\/taps-subterraneos-ab-series\/#breadcrumb\"},\"inLanguage\":\"es\",\"potentialAction\":[{\"@type\":\"ReadAction\",\"target\":[\"https:\/\/emea.dev.technetix.com\/es\/redes-hfc\/multitaps-y-pasivos-de-linea\/taps-subterraneos-ab-series\/\"]}]},{\"@type\":\"ImageObject\",\"inLanguage\":\"es\",\"@id\":\"https:\/\/emea.dev.technetix.com\/es\/redes-hfc\/multitaps-y-pasivos-de-linea\/taps-subterraneos-ab-series\/#primaryimage\",\"url\":\"https:\/\/emea.dev.technetix.com\/wp-content\/uploads\/sites\/2\/2023\/02\/LANDING_PAGE_LARGE_UTG_FINAL.jpeg\",\"contentUrl\":\"https:\/\/emea.dev.technetix.com\/wp-content\/uploads\/sites\/2\/2023\/02\/LANDING_PAGE_LARGE_UTG_FINAL.jpeg\",\"width\":1920,\"height\":450},{\"@type\":\"BreadcrumbList\",\"@id\":\"https:\/\/emea.dev.technetix.com\/es\/redes-hfc\/multitaps-y-pasivos-de-linea\/taps-subterraneos-ab-series\/#breadcrumb\",\"itemListElement\":[{\"@type\":\"ListItem\",\"position\":1,\"name\":\"Home\",\"item\":\"https:\/\/emea.dev.technetix.com\/es\/\"},{\"@type\":\"ListItem\",\"position\":2,\"name\":\"Banda ancha de cable\",\"item\":\"https:\/\/emea.dev.technetix.com\/es\/redes-hfc\/\"},{\"@type\":\"ListItem\",\"position\":3,\"name\":\"Multitaps y pasivos de l\u00ednea\",\"item\":\"https:\/\/emea.dev.technetix.com\/es\/redes-hfc\/multitaps-y-pasivos-de-linea\/\"},{\"@type\":\"ListItem\",\"position\":4,\"name\":\"TAPS subterr\u00e1neos AB-series\"}]},{\"@type\":\"WebSite\",\"@id\":\"https:\/\/emea.dev.technetix.com\/es\/#website\",\"url\":\"https:\/\/emea.dev.technetix.com\/es\/\",\"name\":\"Technetix\",\"description\":\"Next-generation broadband equipment engineering\",\"publisher\":{\"@id\":\"https:\/\/emea.dev.technetix.com\/es\/#organization\"},\"potentialAction\":[{\"@type\":\"SearchAction\",\"target\":{\"@type\":\"EntryPoint\",\"urlTemplate\":\"https:\/\/emea.dev.technetix.com\/es\/?s={search_term_string}\"},\"query-input\":{\"@type\":\"PropertyValueSpecification\",\"valueRequired\":true,\"valueName\":\"search_term_string\"}}],\"inLanguage\":\"es\"},{\"@type\":\"Organization\",\"@id\":\"https:\/\/emea.dev.technetix.com\/es\/#organization\",\"name\":\"Technetix\",\"url\":\"https:\/\/emea.dev.technetix.com\/es\/\",\"logo\":{\"@type\":\"ImageObject\",\"inLanguage\":\"es\",\"@id\":\"https:\/\/emea.dev.technetix.com\/es\/#\/schema\/logo\/image\/\",\"url\":\"https:\/\/emea.dev.technetix.com\/wp-content\/uploads\/sites\/2\/2023\/06\/logo-Technetix-1000x1000-1.png\",\"contentUrl\":\"https:\/\/emea.dev.technetix.com\/wp-content\/uploads\/sites\/2\/2023\/06\/logo-Technetix-1000x1000-1.png\",\"width\":1000,\"height\":1000,\"caption\":\"Technetix\"},\"image\":{\"@id\":\"https:\/\/emea.dev.technetix.com\/es\/#\/schema\/logo\/image\/\"},\"sameAs\":[\"https:\/\/x.com\/technetixgroup\",\"https:\/\/www.linkedin.com\/company\/technetix\/\",\"https:\/\/www.youtube.com\/c\/Technetix-group\"]}]}<\/script>\n<!-- \/ Yoast SEO Premium plugin. -->","yoast_head_json":{"title":"TAPS subterr\u00e1neos AB-series - Technetix EMEA","robots":{"index":"index","follow":"follow","max-snippet":"max-snippet:-1","max-image-preview":"max-image-preview:large","max-video-preview":"max-video-preview:-1"},"canonical":"https:\/\/emea.dev.technetix.com\/es\/redes-hfc\/multitaps-y-pasivos-de-linea\/taps-subterraneos-ab-series\/","og_locale":"es_ES","og_type":"article","og_title":"TAPS subterr\u00e1neos AB-series - Technetix EMEA","og_description":"TAPS subterr\u00e1neos AB-series Taps subterr\u00e1neos D-line &#8211; Resiliencia y alto rendimiento. Los conectores de cable est\u00e1n hechos de cable coaxial flexible con conectores de RF fijos, por lo que se utilizan manguitos de contacto 4\/20. Adem\u00e1s, el dise\u00f1o modificado de estos nuevos TAPS da Technetix consigue un factor de cribado muy alto. Enlaces de inter\u00e9s","og_url":"https:\/\/emea.dev.technetix.com\/es\/redes-hfc\/multitaps-y-pasivos-de-linea\/taps-subterraneos-ab-series\/","og_site_name":"Technetix EMEA","article_modified_time":"2023-05-05T13:53:11+00:00","og_image":[{"width":1920,"height":450,"url":"https:\/\/emea.dev.technetix.com\/wp-content\/uploads\/sites\/2\/2023\/02\/LANDING_PAGE_LARGE_UTG_FINAL.jpeg","type":"image\/jpeg"}],"twitter_card":"summary_large_image","twitter_site":"@technetixgroup","twitter_misc":{"Tiempo de lectura":"1 minuto"},"schema":{"@context":"https:\/\/schema.org","@graph":[{"@type":"WebPage","@id":"https:\/\/emea.dev.technetix.com\/es\/redes-hfc\/multitaps-y-pasivos-de-linea\/taps-subterraneos-ab-series\/","url":"https:\/\/emea.dev.technetix.com\/es\/redes-hfc\/multitaps-y-pasivos-de-linea\/taps-subterraneos-ab-series\/","name":"TAPS subterr\u00e1neos AB-series - Technetix EMEA","isPartOf":{"@id":"https:\/\/emea.dev.technetix.com\/es\/#website"},"primaryImageOfPage":{"@id":"https:\/\/emea.dev.technetix.com\/es\/redes-hfc\/multitaps-y-pasivos-de-linea\/taps-subterraneos-ab-series\/#primaryimage"},"image":{"@id":"https:\/\/emea.dev.technetix.com\/es\/redes-hfc\/multitaps-y-pasivos-de-linea\/taps-subterraneos-ab-series\/#primaryimage"},"thumbnailUrl":"https:\/\/emea.dev.technetix.com\/wp-content\/uploads\/sites\/2\/2023\/02\/LANDING_PAGE_LARGE_UTG_FINAL.jpeg","datePublished":"2023-02-02T20:06:49+00:00","dateModified":"2023-05-05T13:53:11+00:00","breadcrumb":{"@id":"https:\/\/emea.dev.technetix.com\/es\/redes-hfc\/multitaps-y-pasivos-de-linea\/taps-subterraneos-ab-series\/#breadcrumb"},"inLanguage":"es","potentialAction":[{"@type":"ReadAction","target":["https:\/\/emea.dev.technetix.com\/es\/redes-hfc\/multitaps-y-pasivos-de-linea\/taps-subterraneos-ab-series\/"]}]},{"@type":"ImageObject","inLanguage":"es","@id":"https:\/\/emea.dev.technetix.com\/es\/redes-hfc\/multitaps-y-pasivos-de-linea\/taps-subterraneos-ab-series\/#primaryimage","url":"https:\/\/emea.dev.technetix.com\/wp-content\/uploads\/sites\/2\/2023\/02\/LANDING_PAGE_LARGE_UTG_FINAL.jpeg","contentUrl":"https:\/\/emea.dev.technetix.com\/wp-content\/uploads\/sites\/2\/2023\/02\/LANDING_PAGE_LARGE_UTG_FINAL.jpeg","width":1920,"height":450},{"@type":"BreadcrumbList","@id":"https:\/\/emea.dev.technetix.com\/es\/redes-hfc\/multitaps-y-pasivos-de-linea\/taps-subterraneos-ab-series\/#breadcrumb","itemListElement":[{"@type":"ListItem","position":1,"name":"Home","item":"https:\/\/emea.dev.technetix.com\/es\/"},{"@type":"ListItem","position":2,"name":"Banda ancha de cable","item":"https:\/\/emea.dev.technetix.com\/es\/redes-hfc\/"},{"@type":"ListItem","position":3,"name":"Multitaps y pasivos de l\u00ednea","item":"https:\/\/emea.dev.technetix.com\/es\/redes-hfc\/multitaps-y-pasivos-de-linea\/"},{"@type":"ListItem","position":4,"name":"TAPS subterr\u00e1neos AB-series"}]},{"@type":"WebSite","@id":"https:\/\/emea.dev.technetix.com\/es\/#website","url":"https:\/\/emea.dev.technetix.com\/es\/","name":"Technetix","description":"Next-generation broadband equipment engineering","publisher":{"@id":"https:\/\/emea.dev.technetix.com\/es\/#organization"},"potentialAction":[{"@type":"SearchAction","target":{"@type":"EntryPoint","urlTemplate":"https:\/\/emea.dev.technetix.com\/es\/?s={search_term_string}"},"query-input":{"@type":"PropertyValueSpecification","valueRequired":true,"valueName":"search_term_string"}}],"inLanguage":"es"},{"@type":"Organization","@id":"https:\/\/emea.dev.technetix.com\/es\/#organization","name":"Technetix","url":"https:\/\/emea.dev.technetix.com\/es\/","logo":{"@type":"ImageObject","inLanguage":"es","@id":"https:\/\/emea.dev.technetix.com\/es\/#\/schema\/logo\/image\/","url":"https:\/\/emea.dev.technetix.com\/wp-content\/uploads\/sites\/2\/2023\/06\/logo-Technetix-1000x1000-1.png","contentUrl":"https:\/\/emea.dev.technetix.com\/wp-content\/uploads\/sites\/2\/2023\/06\/logo-Technetix-1000x1000-1.png","width":1000,"height":1000,"caption":"Technetix"},"image":{"@id":"https:\/\/emea.dev.technetix.com\/es\/#\/schema\/logo\/image\/"},"sameAs":["https:\/\/x.com\/technetixgroup","https:\/\/www.linkedin.com\/company\/technetix\/","https:\/\/www.youtube.com\/c\/Technetix-group"]}]}},"acf":[],"publishpress_future_workflow_manual_trigger":{"enabledWorkflows":[]},"_links":{"self":[{"href":"https:\/\/emea.dev.technetix.com\/es\/wp-json\/wp\/v2\/pages\/7238"}],"collection":[{"href":"https:\/\/emea.dev.technetix.com\/es\/wp-json\/wp\/v2\/pages"}],"about":[{"href":"https:\/\/emea.dev.technetix.com\/es\/wp-json\/wp\/v2\/types\/page"}],"author":[{"embeddable":true,"href":"https:\/\/emea.dev.technetix.com\/es\/wp-json\/wp\/v2\/users\/1"}],"replies":[{"embeddable":true,"href":"https:\/\/emea.dev.technetix.com\/es\/wp-json\/wp\/v2\/comments?post=7238"}],"version-history":[{"count":3,"href":"https:\/\/emea.dev.technetix.com\/es\/wp-json\/wp\/v2\/pages\/7238\/revisions"}],"predecessor-version":[{"id":19203,"href":"https:\/\/emea.dev.technetix.com\/es\/wp-json\/wp\/v2\/pages\/7238\/revisions\/19203"}],"up":[{"embeddable":true,"href":"https:\/\/emea.dev.technetix.com\/es\/wp-json\/wp\/v2\/pages\/7128"}],"wp:featuredmedia":[{"embeddable":true,"href":"https:\/\/emea.dev.technetix.com\/es\/wp-json\/wp\/v2\/media\/2452"}],"wp:attachment":[{"href":"https:\/\/emea.dev.technetix.com\/es\/wp-json\/wp\/v2\/media?parent=7238"}],"curies":[{"name":"wp","href":"https:\/\/api.w.org\/{rel}","templated":true}]}}