{"id":7196,"date":"2023-01-31T13:12:11","date_gmt":"2023-01-31T13:12:11","guid":{"rendered":"https:\/\/emea.dev.technetix.com\/redes-hfc\/soluciones-de-cabecera\/combinacion-de-divisores-ascendentes\/"},"modified":"2023-04-16T21:51:44","modified_gmt":"2023-04-16T21:51:44","slug":"combinacion-de-divisores-ascendentes","status":"publish","type":"page","link":"https:\/\/emea.dev.technetix.com\/es\/redes-hfc\/soluciones-de-cabecera\/combinacion-de-divisores-ascendentes\/","title":{"rendered":"Combinaci\u00f3n de divisores ascendentes"},"content":{"rendered":"<div class=\"gb-container gb-container-f86f3f4f gb-container-hero-banner\"><div class=\"gb-inside-container\">\n<h1 class=\"gb-headline gb-headline-e1547755 gb-headline-text gb-headline-hero-banner-title\">Combinaci\u00f3n de divisores ascendentes<\/h1>\n<\/div><\/div><div class=\"gb-container gb-container-e5962792 gb-container-inner-back-page-con\">\n<h2 class=\"gb-headline gb-headline-d02c52e4 gb-headline-text\">Technetix ha desarrollado una soluci\u00f3n ascendente para complementar la plataforma del NCI.<\/h2>\n\n<p class=\"gb-headline gb-headline-6656b5c3 gb-headline-text\">Las se\u00f1ales ascendentes deben conectarse a diferentes plataformas de servicio y se utilizan para aplicaciones de monitoreo y mantenimiento proactivo. La cabecera es cada vez m\u00e1s grande y los cables son cada vez m\u00e1s largos para conectarse, esto se combina con frecuencias ascendentes m\u00e1s altas (204 MHz) que requieren m\u00e1s compensaci\u00f3n de inclinaci\u00f3n. Tambi\u00e9n es necesario optimizar los diferentes niveles de salida de los receptores \u00f3pticos y los diferentes niveles de entrada de las plataformas de servicio.  <\/p>\n\n<p class=\"gb-headline gb-headline-8d9a4d14 gb-headline-text\">Estos requisitos se cumplen con el nuevo combinador divisor ascendente (USC), que utiliza el chasis NCI y ofrece una soluci\u00f3n muy flexible con alta densidad. Tambi\u00e9n ofrece: <\/p>\n\n<ul class=\"wp-block-list\"><li>Soluci\u00f3n de combinaci\u00f3n compatible con DOCSIS 3.1 CCAP<\/li>\n\n<li>Hasta 44 canales de EE. UU. gestionados en un chasis 3RU<\/li>\n\n<li>Control electr\u00f3nico de pendiente y nivel en cada puerto (pasos de 0,5 dB)<\/li>\n\n<li>Sin interrupciones del servicio durante la configuraci\u00f3n y los cambios<\/li>\n\n<li>Control remoto y monitoreo a trav\u00e9s de SNMP y servidor web<\/li><\/ul>\n\n<figure class=\"gb-block-image gb-block-image-61e35e7d\"><img loading=\"lazy\" decoding=\"async\" width=\"750\" height=\"1000\" class=\"gb-image gb-image-61e35e7d\" src=\"https:\/\/emea.dev.technetix.com\/wp-content\/uploads\/sites\/2\/2023\/01\/USC-solution_inRack-web.jpeg\" alt=\"\" srcset=\"https:\/\/emea.dev.technetix.com\/wp-content\/uploads\/sites\/2\/2023\/01\/USC-solution_inRack-web.jpeg 750w, https:\/\/emea.dev.technetix.com\/wp-content\/uploads\/sites\/2\/2023\/01\/USC-solution_inRack-web-225x300.jpeg 225w, https:\/\/emea.dev.technetix.com\/wp-content\/uploads\/sites\/2\/2023\/01\/USC-solution_inRack-web-600x800.jpeg 600w\" sizes=\"(max-width: 750px) 100vw, 750px\" \/><\/figure>\n<\/div><div class=\"gb-container gb-container-8efce9a9 gb-container-con-buttons-bottom\">\n<h2 class=\"gb-headline gb-headline-7ce6fa4b gb-headline-text gb-headline-head-bottom-buttons\">Enlaces de inter\u00e9s<\/h2>\n\n<div class=\"gb-button-wrapper gb-button-wrapper-5300c273 gb-button-wrapper-after-con-buttons\">\n<a class=\"gb-button gb-button-74bfad52 gb-button-text gb-button-bottom-button\" href=\"https:\/\/emea.dev.technetix.com\/es\/contactenos\/\">Cont\u00e1ctenos<\/a>\n<\/div>\n<\/div>","protected":false},"excerpt":{"rendered":"<p>Combinaci\u00f3n de divisores ascendentes Technetix ha desarrollado una soluci\u00f3n ascendente para complementar la plataforma del NCI. Las se\u00f1ales ascendentes deben conectarse a diferentes plataformas de servicio y se utilizan para aplicaciones de monitoreo y mantenimiento proactivo. La cabecera es cada vez m\u00e1s grande y los cables son cada vez m\u00e1s largos para conectarse, esto se &#8230; <a title=\"Combinaci\u00f3n de divisores ascendentes\" class=\"read-more\" href=\"https:\/\/emea.dev.technetix.com\/es\/redes-hfc\/soluciones-de-cabecera\/combinacion-de-divisores-ascendentes\/\" aria-label=\"M\u00e1s en Combinaci\u00f3n de divisores ascendentes\">Read more<\/a><\/p>\n","protected":false},"author":1,"featured_media":2273,"parent":7122,"menu_order":0,"comment_status":"open","ping_status":"closed","template":"","meta":{"_acf_changed":false,"_gspb_post_css":"","footnotes":""},"class_list":["post-7196","page","type-page","status-publish","has-post-thumbnail"],"yoast_head":"<!-- This site is optimized with the Yoast SEO Premium plugin v22.5 (Yoast SEO v23.7) - https:\/\/yoast.com\/wordpress\/plugins\/seo\/ -->\n<title>Combinaci\u00f3n de divisores ascendentes - Technetix EMEA<\/title>\n<meta name=\"robots\" content=\"index, follow, max-snippet:-1, max-image-preview:large, max-video-preview:-1\" \/>\n<link rel=\"canonical\" href=\"https:\/\/emea.dev.technetix.com\/es\/redes-hfc\/soluciones-de-cabecera\/combinacion-de-divisores-ascendentes\/\" \/>\n<meta property=\"og:locale\" content=\"es_ES\" \/>\n<meta property=\"og:type\" content=\"article\" \/>\n<meta property=\"og:title\" content=\"Combinaci\u00f3n de divisores ascendentes - Technetix EMEA\" \/>\n<meta property=\"og:description\" content=\"Combinaci\u00f3n de divisores ascendentes Technetix ha desarrollado una soluci\u00f3n ascendente para complementar la plataforma del NCI. Las se\u00f1ales ascendentes deben conectarse a diferentes plataformas de servicio y se utilizan para aplicaciones de monitoreo y mantenimiento proactivo. La cabecera es cada vez m\u00e1s grande y los cables son cada vez m\u00e1s largos para conectarse, esto se ... Read more\" \/>\n<meta property=\"og:url\" content=\"https:\/\/emea.dev.technetix.com\/es\/redes-hfc\/soluciones-de-cabecera\/combinacion-de-divisores-ascendentes\/\" \/>\n<meta property=\"og:site_name\" content=\"Technetix EMEA\" \/>\n<meta property=\"article:modified_time\" content=\"2023-04-16T21:51:44+00:00\" \/>\n<meta property=\"og:image\" content=\"https:\/\/emea.dev.technetix.com\/wp-content\/uploads\/sites\/2\/2023\/01\/USC-solution_inRack-web.jpeg\" \/>\n<meta name=\"twitter:card\" content=\"summary_large_image\" \/>\n<meta name=\"twitter:site\" content=\"@technetixgroup\" \/>\n<meta name=\"twitter:label1\" content=\"Tiempo de lectura\" \/>\n\t<meta name=\"twitter:data1\" content=\"1 minuto\" \/>\n<script type=\"application\/ld+json\" class=\"yoast-schema-graph\">{\"@context\":\"https:\/\/schema.org\",\"@graph\":[{\"@type\":\"WebPage\",\"@id\":\"https:\/\/emea.dev.technetix.com\/es\/redes-hfc\/soluciones-de-cabecera\/combinacion-de-divisores-ascendentes\/\",\"url\":\"https:\/\/emea.dev.technetix.com\/es\/redes-hfc\/soluciones-de-cabecera\/combinacion-de-divisores-ascendentes\/\",\"name\":\"Combinaci\u00f3n de divisores ascendentes - Technetix EMEA\",\"isPartOf\":{\"@id\":\"https:\/\/emea.dev.technetix.com\/es\/#website\"},\"primaryImageOfPage\":{\"@id\":\"https:\/\/emea.dev.technetix.com\/es\/redes-hfc\/soluciones-de-cabecera\/combinacion-de-divisores-ascendentes\/#primaryimage\"},\"image\":{\"@id\":\"https:\/\/emea.dev.technetix.com\/es\/redes-hfc\/soluciones-de-cabecera\/combinacion-de-divisores-ascendentes\/#primaryimage\"},\"thumbnailUrl\":\"https:\/\/emea.dev.technetix.com\/wp-content\/uploads\/sites\/2\/2023\/01\/LANDING_PAGE_LARGE_USC_FINAL.jpeg\",\"datePublished\":\"2023-01-31T13:12:11+00:00\",\"dateModified\":\"2023-04-16T21:51:44+00:00\",\"breadcrumb\":{\"@id\":\"https:\/\/emea.dev.technetix.com\/es\/redes-hfc\/soluciones-de-cabecera\/combinacion-de-divisores-ascendentes\/#breadcrumb\"},\"inLanguage\":\"es\",\"potentialAction\":[{\"@type\":\"ReadAction\",\"target\":[\"https:\/\/emea.dev.technetix.com\/es\/redes-hfc\/soluciones-de-cabecera\/combinacion-de-divisores-ascendentes\/\"]}]},{\"@type\":\"ImageObject\",\"inLanguage\":\"es\",\"@id\":\"https:\/\/emea.dev.technetix.com\/es\/redes-hfc\/soluciones-de-cabecera\/combinacion-de-divisores-ascendentes\/#primaryimage\",\"url\":\"https:\/\/emea.dev.technetix.com\/wp-content\/uploads\/sites\/2\/2023\/01\/LANDING_PAGE_LARGE_USC_FINAL.jpeg\",\"contentUrl\":\"https:\/\/emea.dev.technetix.com\/wp-content\/uploads\/sites\/2\/2023\/01\/LANDING_PAGE_LARGE_USC_FINAL.jpeg\",\"width\":1920,\"height\":450},{\"@type\":\"BreadcrumbList\",\"@id\":\"https:\/\/emea.dev.technetix.com\/es\/redes-hfc\/soluciones-de-cabecera\/combinacion-de-divisores-ascendentes\/#breadcrumb\",\"itemListElement\":[{\"@type\":\"ListItem\",\"position\":1,\"name\":\"Home\",\"item\":\"https:\/\/emea.dev.technetix.com\/es\/\"},{\"@type\":\"ListItem\",\"position\":2,\"name\":\"Banda ancha de cable\",\"item\":\"https:\/\/emea.dev.technetix.com\/es\/redes-hfc\/\"},{\"@type\":\"ListItem\",\"position\":3,\"name\":\"Soluciones de cabecera\u200e\",\"item\":\"https:\/\/emea.dev.technetix.com\/es\/redes-hfc\/soluciones-de-cabecera\/\"},{\"@type\":\"ListItem\",\"position\":4,\"name\":\"Combinaci\u00f3n de divisores ascendentes\"}]},{\"@type\":\"WebSite\",\"@id\":\"https:\/\/emea.dev.technetix.com\/es\/#website\",\"url\":\"https:\/\/emea.dev.technetix.com\/es\/\",\"name\":\"Technetix\",\"description\":\"Next-generation broadband equipment engineering\",\"publisher\":{\"@id\":\"https:\/\/emea.dev.technetix.com\/es\/#organization\"},\"potentialAction\":[{\"@type\":\"SearchAction\",\"target\":{\"@type\":\"EntryPoint\",\"urlTemplate\":\"https:\/\/emea.dev.technetix.com\/es\/?s={search_term_string}\"},\"query-input\":{\"@type\":\"PropertyValueSpecification\",\"valueRequired\":true,\"valueName\":\"search_term_string\"}}],\"inLanguage\":\"es\"},{\"@type\":\"Organization\",\"@id\":\"https:\/\/emea.dev.technetix.com\/es\/#organization\",\"name\":\"Technetix\",\"url\":\"https:\/\/emea.dev.technetix.com\/es\/\",\"logo\":{\"@type\":\"ImageObject\",\"inLanguage\":\"es\",\"@id\":\"https:\/\/emea.dev.technetix.com\/es\/#\/schema\/logo\/image\/\",\"url\":\"https:\/\/emea.dev.technetix.com\/wp-content\/uploads\/sites\/2\/2023\/06\/logo-Technetix-1000x1000-1.png\",\"contentUrl\":\"https:\/\/emea.dev.technetix.com\/wp-content\/uploads\/sites\/2\/2023\/06\/logo-Technetix-1000x1000-1.png\",\"width\":1000,\"height\":1000,\"caption\":\"Technetix\"},\"image\":{\"@id\":\"https:\/\/emea.dev.technetix.com\/es\/#\/schema\/logo\/image\/\"},\"sameAs\":[\"https:\/\/x.com\/technetixgroup\",\"https:\/\/www.linkedin.com\/company\/technetix\/\",\"https:\/\/www.youtube.com\/c\/Technetix-group\"]}]}<\/script>\n<!-- \/ Yoast SEO Premium plugin. -->","yoast_head_json":{"title":"Combinaci\u00f3n de divisores ascendentes - Technetix EMEA","robots":{"index":"index","follow":"follow","max-snippet":"max-snippet:-1","max-image-preview":"max-image-preview:large","max-video-preview":"max-video-preview:-1"},"canonical":"https:\/\/emea.dev.technetix.com\/es\/redes-hfc\/soluciones-de-cabecera\/combinacion-de-divisores-ascendentes\/","og_locale":"es_ES","og_type":"article","og_title":"Combinaci\u00f3n de divisores ascendentes - Technetix EMEA","og_description":"Combinaci\u00f3n de divisores ascendentes Technetix ha desarrollado una soluci\u00f3n ascendente para complementar la plataforma del NCI. Las se\u00f1ales ascendentes deben conectarse a diferentes plataformas de servicio y se utilizan para aplicaciones de monitoreo y mantenimiento proactivo. La cabecera es cada vez m\u00e1s grande y los cables son cada vez m\u00e1s largos para conectarse, esto se ... Read more","og_url":"https:\/\/emea.dev.technetix.com\/es\/redes-hfc\/soluciones-de-cabecera\/combinacion-de-divisores-ascendentes\/","og_site_name":"Technetix EMEA","article_modified_time":"2023-04-16T21:51:44+00:00","og_image":[{"url":"https:\/\/emea.dev.technetix.com\/wp-content\/uploads\/sites\/2\/2023\/01\/USC-solution_inRack-web.jpeg"}],"twitter_card":"summary_large_image","twitter_site":"@technetixgroup","twitter_misc":{"Tiempo de lectura":"1 minuto"},"schema":{"@context":"https:\/\/schema.org","@graph":[{"@type":"WebPage","@id":"https:\/\/emea.dev.technetix.com\/es\/redes-hfc\/soluciones-de-cabecera\/combinacion-de-divisores-ascendentes\/","url":"https:\/\/emea.dev.technetix.com\/es\/redes-hfc\/soluciones-de-cabecera\/combinacion-de-divisores-ascendentes\/","name":"Combinaci\u00f3n de divisores ascendentes - Technetix EMEA","isPartOf":{"@id":"https:\/\/emea.dev.technetix.com\/es\/#website"},"primaryImageOfPage":{"@id":"https:\/\/emea.dev.technetix.com\/es\/redes-hfc\/soluciones-de-cabecera\/combinacion-de-divisores-ascendentes\/#primaryimage"},"image":{"@id":"https:\/\/emea.dev.technetix.com\/es\/redes-hfc\/soluciones-de-cabecera\/combinacion-de-divisores-ascendentes\/#primaryimage"},"thumbnailUrl":"https:\/\/emea.dev.technetix.com\/wp-content\/uploads\/sites\/2\/2023\/01\/LANDING_PAGE_LARGE_USC_FINAL.jpeg","datePublished":"2023-01-31T13:12:11+00:00","dateModified":"2023-04-16T21:51:44+00:00","breadcrumb":{"@id":"https:\/\/emea.dev.technetix.com\/es\/redes-hfc\/soluciones-de-cabecera\/combinacion-de-divisores-ascendentes\/#breadcrumb"},"inLanguage":"es","potentialAction":[{"@type":"ReadAction","target":["https:\/\/emea.dev.technetix.com\/es\/redes-hfc\/soluciones-de-cabecera\/combinacion-de-divisores-ascendentes\/"]}]},{"@type":"ImageObject","inLanguage":"es","@id":"https:\/\/emea.dev.technetix.com\/es\/redes-hfc\/soluciones-de-cabecera\/combinacion-de-divisores-ascendentes\/#primaryimage","url":"https:\/\/emea.dev.technetix.com\/wp-content\/uploads\/sites\/2\/2023\/01\/LANDING_PAGE_LARGE_USC_FINAL.jpeg","contentUrl":"https:\/\/emea.dev.technetix.com\/wp-content\/uploads\/sites\/2\/2023\/01\/LANDING_PAGE_LARGE_USC_FINAL.jpeg","width":1920,"height":450},{"@type":"BreadcrumbList","@id":"https:\/\/emea.dev.technetix.com\/es\/redes-hfc\/soluciones-de-cabecera\/combinacion-de-divisores-ascendentes\/#breadcrumb","itemListElement":[{"@type":"ListItem","position":1,"name":"Home","item":"https:\/\/emea.dev.technetix.com\/es\/"},{"@type":"ListItem","position":2,"name":"Banda ancha de cable","item":"https:\/\/emea.dev.technetix.com\/es\/redes-hfc\/"},{"@type":"ListItem","position":3,"name":"Soluciones de cabecera\u200e","item":"https:\/\/emea.dev.technetix.com\/es\/redes-hfc\/soluciones-de-cabecera\/"},{"@type":"ListItem","position":4,"name":"Combinaci\u00f3n de divisores ascendentes"}]},{"@type":"WebSite","@id":"https:\/\/emea.dev.technetix.com\/es\/#website","url":"https:\/\/emea.dev.technetix.com\/es\/","name":"Technetix","description":"Next-generation broadband equipment engineering","publisher":{"@id":"https:\/\/emea.dev.technetix.com\/es\/#organization"},"potentialAction":[{"@type":"SearchAction","target":{"@type":"EntryPoint","urlTemplate":"https:\/\/emea.dev.technetix.com\/es\/?s={search_term_string}"},"query-input":{"@type":"PropertyValueSpecification","valueRequired":true,"valueName":"search_term_string"}}],"inLanguage":"es"},{"@type":"Organization","@id":"https:\/\/emea.dev.technetix.com\/es\/#organization","name":"Technetix","url":"https:\/\/emea.dev.technetix.com\/es\/","logo":{"@type":"ImageObject","inLanguage":"es","@id":"https:\/\/emea.dev.technetix.com\/es\/#\/schema\/logo\/image\/","url":"https:\/\/emea.dev.technetix.com\/wp-content\/uploads\/sites\/2\/2023\/06\/logo-Technetix-1000x1000-1.png","contentUrl":"https:\/\/emea.dev.technetix.com\/wp-content\/uploads\/sites\/2\/2023\/06\/logo-Technetix-1000x1000-1.png","width":1000,"height":1000,"caption":"Technetix"},"image":{"@id":"https:\/\/emea.dev.technetix.com\/es\/#\/schema\/logo\/image\/"},"sameAs":["https:\/\/x.com\/technetixgroup","https:\/\/www.linkedin.com\/company\/technetix\/","https:\/\/www.youtube.com\/c\/Technetix-group"]}]}},"acf":[],"publishpress_future_workflow_manual_trigger":{"enabledWorkflows":[]},"_links":{"self":[{"href":"https:\/\/emea.dev.technetix.com\/es\/wp-json\/wp\/v2\/pages\/7196"}],"collection":[{"href":"https:\/\/emea.dev.technetix.com\/es\/wp-json\/wp\/v2\/pages"}],"about":[{"href":"https:\/\/emea.dev.technetix.com\/es\/wp-json\/wp\/v2\/types\/page"}],"author":[{"embeddable":true,"href":"https:\/\/emea.dev.technetix.com\/es\/wp-json\/wp\/v2\/users\/1"}],"replies":[{"embeddable":true,"href":"https:\/\/emea.dev.technetix.com\/es\/wp-json\/wp\/v2\/comments?post=7196"}],"version-history":[{"count":2,"href":"https:\/\/emea.dev.technetix.com\/es\/wp-json\/wp\/v2\/pages\/7196\/revisions"}],"predecessor-version":[{"id":13263,"href":"https:\/\/emea.dev.technetix.com\/es\/wp-json\/wp\/v2\/pages\/7196\/revisions\/13263"}],"up":[{"embeddable":true,"href":"https:\/\/emea.dev.technetix.com\/es\/wp-json\/wp\/v2\/pages\/7122"}],"wp:featuredmedia":[{"embeddable":true,"href":"https:\/\/emea.dev.technetix.com\/es\/wp-json\/wp\/v2\/media\/2273"}],"wp:attachment":[{"href":"https:\/\/emea.dev.technetix.com\/es\/wp-json\/wp\/v2\/media?parent=7196"}],"curies":[{"name":"wp","href":"https:\/\/api.w.org\/{rel}","templated":true}]}}