{"id":7194,"date":"2023-01-31T13:04:42","date_gmt":"2023-01-31T13:04:42","guid":{"rendered":"https:\/\/emea.dev.technetix.com\/redes-hfc\/soluciones-de-cabecera\/nci-solucion-de-insercion-de-senal-narrowcast\/"},"modified":"2023-05-05T13:23:23","modified_gmt":"2023-05-05T13:23:23","slug":"nci-solucion-de-insercion-de-senal-narrowcast","status":"publish","type":"page","link":"https:\/\/emea.dev.technetix.com\/es\/redes-hfc\/soluciones-de-cabecera\/nci-solucion-de-insercion-de-senal-narrowcast\/","title":{"rendered":"NCI &#8211; Soluci\u00f3n de inserci\u00f3n de se\u00f1al Narrowcast"},"content":{"rendered":"<div class=\"gb-container gb-container-f86f3f4f gb-container-hero-banner\"><div class=\"gb-inside-container\">\n<h1 class=\"gb-headline gb-headline-e1547755 gb-headline-text gb-headline-hero-banner-title\">NCI &#8211; Soluci\u00f3n de inserci\u00f3n de se\u00f1al Narrowcast<\/h1>\n<\/div><\/div><div class=\"gb-container gb-container-40b0b303 gb-container-inner-back-page-con\">\n<h2 class=\"gb-headline gb-headline-d02c52e4 gb-headline-text\">Los esquemas de modulaci\u00f3n QAM de alto nivel en equipos CCAP requieren un alto aislamiento para la combinaci\u00f3n de se\u00f1ales. El est\u00e1ndar CCAP dicta un aislamiento de 70 dB entre puertos en un dispositivo CCAP. <\/h2>\n\n<ul class=\"wp-block-list\"><li>Soluci\u00f3n combinada compatible con DOCSIS 3.1 CCAP<\/li>\n\n<li>Alta especificaci\u00f3n CSO\/CTB<\/li>\n\n<li>Control electr\u00f3nico de pendiente y nivel en cada puerto de 0,5 dB escalones<\/li>\n\n<li>No hay interrupci\u00f3n del servicio durante la configuraci\u00f3n y los cambios<\/li>\n\n<li>Control remoto y monitoreo a trav\u00e9s de SNMP y servidor web<\/li><\/ul>\n\n<p class=\"gb-headline gb-headline-6656b5c3 gb-headline-text\">Los sistemas de combinaci\u00f3n de cabecera pasiva existentes construidos con divisores y acopladores direccionales est\u00e1n creando rutas de fuga y reduciendo el aislamiento en los sistemas de combinaci\u00f3n. Esta fuga de se\u00f1al reduce el CNR y el MER en los servicios ofrecidos. <\/p>\n\n<p class=\"gb-headline gb-headline-5d191d05 gb-headline-text\">La soluci\u00f3n Technetix NCI ofrece el aislamiento m\u00e1s alto posible en la combinaci\u00f3n de cabecera y ofrece al menos 3 dB mejor CNR en la red de acceso despu\u00e9s del enlace \u00f3ptico, lo que brinda un mejor margen para el despliegue de esquemas de modulaci\u00f3n m\u00e1s altos como 4K QAM. Con control remoto, conmutaci\u00f3n electr\u00f3nica, unidad de rack de alta densidad confirman la flexibilidad del sistema NCI. <\/p>\n\n<figure class=\"gb-block-image gb-block-image-61e35e7d\"><img loading=\"lazy\" decoding=\"async\" width=\"600\" height=\"486\" class=\"gb-image gb-image-61e35e7d\" src=\"https:\/\/emea.dev.technetix.com\/wp-content\/uploads\/sites\/2\/2023\/01\/problem_nci-1.jpeg\" alt=\"\" srcset=\"https:\/\/emea.dev.technetix.com\/wp-content\/uploads\/sites\/2\/2023\/01\/problem_nci-1.jpeg 600w, https:\/\/emea.dev.technetix.com\/wp-content\/uploads\/sites\/2\/2023\/01\/problem_nci-1-300x243.jpeg 300w\" sizes=\"(max-width: 600px) 100vw, 600px\" \/><\/figure>\n\n<h2 class=\"gb-headline gb-headline-6b17d0fd gb-headline-text gb-headline-h2-in-content\">La soluci\u00f3n inteligente para la gesti\u00f3n de se\u00f1ales de RF de cabecera<\/h2>\n\n<p class=\"gb-headline gb-headline-623f5b86 gb-headline-text\">La combinaci\u00f3n activa es la mejor soluci\u00f3n para proporcionar un sistema preparado para el futuro que puede manejar DOCSIS 3.0, DOCSIS 3.1 y CCAP. La soluci\u00f3n compacta Narrowcast Inserter (NCI) compatible con CCAP de Technetix es la opci\u00f3n inteligente para superar estos desaf\u00edos. <\/p>\n\n<p class=\"gb-headline gb-headline-599967f8 gb-headline-text\">NCI proporciona la m\u00e1xima flexibilidad para un espacio m\u00ednimo en el rack, junto con un bajo consumo de energ\u00eda y un alto aislamiento.<\/p>\n\n<figure class=\"gb-block-image gb-block-image-f5380205\"><img loading=\"lazy\" decoding=\"async\" width=\"600\" height=\"600\" class=\"gb-image gb-image-f5380205\" src=\"https:\/\/emea.dev.technetix.com\/wp-content\/uploads\/sites\/2\/2023\/01\/solution_nci.jpeg\" alt=\"La soluci\u00f3n inteligente para la gesti\u00f3n de se\u00f1ales de RF de cabecera\" srcset=\"https:\/\/emea.dev.technetix.com\/wp-content\/uploads\/sites\/2\/2023\/01\/solution_nci.jpeg 600w, https:\/\/emea.dev.technetix.com\/wp-content\/uploads\/sites\/2\/2023\/01\/solution_nci-300x300.jpeg 300w, https:\/\/emea.dev.technetix.com\/wp-content\/uploads\/sites\/2\/2023\/01\/solution_nci-150x150.jpeg 150w, https:\/\/emea.dev.technetix.com\/wp-content\/uploads\/sites\/2\/2023\/01\/solution_nci-100x100.jpeg 100w\" sizes=\"(max-width: 600px) 100vw, 600px\" \/><\/figure>\n<\/div><div class=\"gb-container gb-container-df7dd8f7 gb-container-con-buttons-bottom\">\n<h2 class=\"gb-headline gb-headline-7ce6fa4b gb-headline-text gb-headline-head-bottom-buttons\">Enlaces de inter\u00e9s<\/h2>\n\n<div class=\"gb-button-wrapper gb-button-wrapper-5300c273 gb-button-wrapper-after-con-buttons\">\n<a class=\"gb-button gb-button-5e4e6530 gb-button-text gb-button-bottom-button\" href=\"https:\/\/emea.dev.technetix.com\/wp-content\/uploads\/sites\/2\/2023\/02\/NCI-Solution_BRC_EN.pdf\" target=\"_blank\" rel=\"noopener noreferrer\">Descripci\u00f3n general del producto<\/a>\n\n<a class=\"gb-button gb-button-4ceed201 gb-button-text gb-button-bottom-button\" href=\"https:\/\/emea.dev.technetix.com\/es\/productos\/tecnologia-de-banda-ancha\/cabecera-rf\/\">Navega<\/a>\n\n<a class=\"gb-button gb-button-74bfad52 gb-button-text gb-button-bottom-button\" href=\"https:\/\/emea.dev.technetix.com\/es\/contactenos\/\">Cont\u00e1ctenos<\/a>\n<\/div>\n<\/div>","protected":false},"excerpt":{"rendered":"<p>NCI &#8211; Soluci\u00f3n de inserci\u00f3n de se\u00f1al Narrowcast Los esquemas de modulaci\u00f3n QAM de alto nivel en equipos CCAP requieren un alto aislamiento para la combinaci\u00f3n de se\u00f1ales. El est\u00e1ndar CCAP dicta un aislamiento de 70 dB entre puertos en un dispositivo CCAP. Los sistemas de combinaci\u00f3n de cabecera pasiva existentes construidos con divisores y &#8230; <a title=\"NCI &#8211; Soluci\u00f3n de inserci\u00f3n de se\u00f1al Narrowcast\" class=\"read-more\" href=\"https:\/\/emea.dev.technetix.com\/es\/redes-hfc\/soluciones-de-cabecera\/nci-solucion-de-insercion-de-senal-narrowcast\/\" aria-label=\"M\u00e1s en NCI &#8211; Soluci\u00f3n de inserci\u00f3n de se\u00f1al Narrowcast\">Read more<\/a><\/p>\n","protected":false},"author":1,"featured_media":2253,"parent":7122,"menu_order":0,"comment_status":"open","ping_status":"closed","template":"","meta":{"_acf_changed":false,"_gspb_post_css":"","footnotes":""},"class_list":["post-7194","page","type-page","status-publish","has-post-thumbnail"],"yoast_head":"<!-- This site is optimized with the Yoast SEO Premium plugin v22.5 (Yoast SEO v23.7) - https:\/\/yoast.com\/wordpress\/plugins\/seo\/ -->\n<title>NCI - Soluci\u00f3n de inserci\u00f3n de se\u00f1al Narrowcast - Technetix EMEA<\/title>\n<meta name=\"robots\" content=\"index, follow, max-snippet:-1, max-image-preview:large, max-video-preview:-1\" \/>\n<link rel=\"canonical\" href=\"https:\/\/emea.dev.technetix.com\/es\/redes-hfc\/soluciones-de-cabecera\/nci-solucion-de-insercion-de-senal-narrowcast\/\" \/>\n<meta property=\"og:locale\" content=\"es_ES\" \/>\n<meta property=\"og:type\" content=\"article\" \/>\n<meta property=\"og:title\" content=\"NCI - Soluci\u00f3n de inserci\u00f3n de se\u00f1al Narrowcast - Technetix EMEA\" \/>\n<meta property=\"og:description\" content=\"NCI &#8211; Soluci\u00f3n de inserci\u00f3n de se\u00f1al Narrowcast Los esquemas de modulaci\u00f3n QAM de alto nivel en equipos CCAP requieren un alto aislamiento para la combinaci\u00f3n de se\u00f1ales. El est\u00e1ndar CCAP dicta un aislamiento de 70 dB entre puertos en un dispositivo CCAP. Los sistemas de combinaci\u00f3n de cabecera pasiva existentes construidos con divisores y ... Read more\" \/>\n<meta property=\"og:url\" content=\"https:\/\/emea.dev.technetix.com\/es\/redes-hfc\/soluciones-de-cabecera\/nci-solucion-de-insercion-de-senal-narrowcast\/\" \/>\n<meta property=\"og:site_name\" content=\"Technetix EMEA\" \/>\n<meta property=\"article:modified_time\" content=\"2023-05-05T13:23:23+00:00\" \/>\n<meta property=\"og:image\" content=\"https:\/\/emea.dev.technetix.com\/wp-content\/uploads\/sites\/2\/2023\/01\/LANDING_PAGE_LARGE_NARROWCAST_FINAL.jpeg\" \/>\n\t<meta property=\"og:image:width\" content=\"1920\" \/>\n\t<meta property=\"og:image:height\" content=\"450\" \/>\n\t<meta property=\"og:image:type\" content=\"image\/jpeg\" \/>\n<meta name=\"twitter:card\" content=\"summary_large_image\" \/>\n<meta name=\"twitter:site\" content=\"@technetixgroup\" \/>\n<meta name=\"twitter:label1\" content=\"Tiempo de lectura\" \/>\n\t<meta name=\"twitter:data1\" content=\"2 minutos\" \/>\n<script type=\"application\/ld+json\" class=\"yoast-schema-graph\">{\"@context\":\"https:\/\/schema.org\",\"@graph\":[{\"@type\":\"WebPage\",\"@id\":\"https:\/\/emea.dev.technetix.com\/es\/redes-hfc\/soluciones-de-cabecera\/nci-solucion-de-insercion-de-senal-narrowcast\/\",\"url\":\"https:\/\/emea.dev.technetix.com\/es\/redes-hfc\/soluciones-de-cabecera\/nci-solucion-de-insercion-de-senal-narrowcast\/\",\"name\":\"NCI - Soluci\u00f3n de inserci\u00f3n de se\u00f1al Narrowcast - Technetix EMEA\",\"isPartOf\":{\"@id\":\"https:\/\/emea.dev.technetix.com\/es\/#website\"},\"primaryImageOfPage\":{\"@id\":\"https:\/\/emea.dev.technetix.com\/es\/redes-hfc\/soluciones-de-cabecera\/nci-solucion-de-insercion-de-senal-narrowcast\/#primaryimage\"},\"image\":{\"@id\":\"https:\/\/emea.dev.technetix.com\/es\/redes-hfc\/soluciones-de-cabecera\/nci-solucion-de-insercion-de-senal-narrowcast\/#primaryimage\"},\"thumbnailUrl\":\"https:\/\/emea.dev.technetix.com\/wp-content\/uploads\/sites\/2\/2023\/01\/LANDING_PAGE_LARGE_NARROWCAST_FINAL.jpeg\",\"datePublished\":\"2023-01-31T13:04:42+00:00\",\"dateModified\":\"2023-05-05T13:23:23+00:00\",\"breadcrumb\":{\"@id\":\"https:\/\/emea.dev.technetix.com\/es\/redes-hfc\/soluciones-de-cabecera\/nci-solucion-de-insercion-de-senal-narrowcast\/#breadcrumb\"},\"inLanguage\":\"es\",\"potentialAction\":[{\"@type\":\"ReadAction\",\"target\":[\"https:\/\/emea.dev.technetix.com\/es\/redes-hfc\/soluciones-de-cabecera\/nci-solucion-de-insercion-de-senal-narrowcast\/\"]}]},{\"@type\":\"ImageObject\",\"inLanguage\":\"es\",\"@id\":\"https:\/\/emea.dev.technetix.com\/es\/redes-hfc\/soluciones-de-cabecera\/nci-solucion-de-insercion-de-senal-narrowcast\/#primaryimage\",\"url\":\"https:\/\/emea.dev.technetix.com\/wp-content\/uploads\/sites\/2\/2023\/01\/LANDING_PAGE_LARGE_NARROWCAST_FINAL.jpeg\",\"contentUrl\":\"https:\/\/emea.dev.technetix.com\/wp-content\/uploads\/sites\/2\/2023\/01\/LANDING_PAGE_LARGE_NARROWCAST_FINAL.jpeg\",\"width\":1920,\"height\":450},{\"@type\":\"BreadcrumbList\",\"@id\":\"https:\/\/emea.dev.technetix.com\/es\/redes-hfc\/soluciones-de-cabecera\/nci-solucion-de-insercion-de-senal-narrowcast\/#breadcrumb\",\"itemListElement\":[{\"@type\":\"ListItem\",\"position\":1,\"name\":\"Home\",\"item\":\"https:\/\/emea.dev.technetix.com\/es\/\"},{\"@type\":\"ListItem\",\"position\":2,\"name\":\"Banda ancha de cable\",\"item\":\"https:\/\/emea.dev.technetix.com\/es\/redes-hfc\/\"},{\"@type\":\"ListItem\",\"position\":3,\"name\":\"Soluciones de cabecera\u200e\",\"item\":\"https:\/\/emea.dev.technetix.com\/es\/redes-hfc\/soluciones-de-cabecera\/\"},{\"@type\":\"ListItem\",\"position\":4,\"name\":\"NCI &#8211; Soluci\u00f3n de inserci\u00f3n de se\u00f1al Narrowcast\"}]},{\"@type\":\"WebSite\",\"@id\":\"https:\/\/emea.dev.technetix.com\/es\/#website\",\"url\":\"https:\/\/emea.dev.technetix.com\/es\/\",\"name\":\"Technetix\",\"description\":\"Next-generation broadband equipment engineering\",\"publisher\":{\"@id\":\"https:\/\/emea.dev.technetix.com\/es\/#organization\"},\"potentialAction\":[{\"@type\":\"SearchAction\",\"target\":{\"@type\":\"EntryPoint\",\"urlTemplate\":\"https:\/\/emea.dev.technetix.com\/es\/?s={search_term_string}\"},\"query-input\":{\"@type\":\"PropertyValueSpecification\",\"valueRequired\":true,\"valueName\":\"search_term_string\"}}],\"inLanguage\":\"es\"},{\"@type\":\"Organization\",\"@id\":\"https:\/\/emea.dev.technetix.com\/es\/#organization\",\"name\":\"Technetix\",\"url\":\"https:\/\/emea.dev.technetix.com\/es\/\",\"logo\":{\"@type\":\"ImageObject\",\"inLanguage\":\"es\",\"@id\":\"https:\/\/emea.dev.technetix.com\/es\/#\/schema\/logo\/image\/\",\"url\":\"https:\/\/emea.dev.technetix.com\/wp-content\/uploads\/sites\/2\/2023\/06\/logo-Technetix-1000x1000-1.png\",\"contentUrl\":\"https:\/\/emea.dev.technetix.com\/wp-content\/uploads\/sites\/2\/2023\/06\/logo-Technetix-1000x1000-1.png\",\"width\":1000,\"height\":1000,\"caption\":\"Technetix\"},\"image\":{\"@id\":\"https:\/\/emea.dev.technetix.com\/es\/#\/schema\/logo\/image\/\"},\"sameAs\":[\"https:\/\/x.com\/technetixgroup\",\"https:\/\/www.linkedin.com\/company\/technetix\/\",\"https:\/\/www.youtube.com\/c\/Technetix-group\"]}]}<\/script>\n<!-- \/ Yoast SEO Premium plugin. -->","yoast_head_json":{"title":"NCI - Soluci\u00f3n de inserci\u00f3n de se\u00f1al Narrowcast - Technetix EMEA","robots":{"index":"index","follow":"follow","max-snippet":"max-snippet:-1","max-image-preview":"max-image-preview:large","max-video-preview":"max-video-preview:-1"},"canonical":"https:\/\/emea.dev.technetix.com\/es\/redes-hfc\/soluciones-de-cabecera\/nci-solucion-de-insercion-de-senal-narrowcast\/","og_locale":"es_ES","og_type":"article","og_title":"NCI - Soluci\u00f3n de inserci\u00f3n de se\u00f1al Narrowcast - Technetix EMEA","og_description":"NCI &#8211; Soluci\u00f3n de inserci\u00f3n de se\u00f1al Narrowcast Los esquemas de modulaci\u00f3n QAM de alto nivel en equipos CCAP requieren un alto aislamiento para la combinaci\u00f3n de se\u00f1ales. El est\u00e1ndar CCAP dicta un aislamiento de 70 dB entre puertos en un dispositivo CCAP. Los sistemas de combinaci\u00f3n de cabecera pasiva existentes construidos con divisores y ... Read more","og_url":"https:\/\/emea.dev.technetix.com\/es\/redes-hfc\/soluciones-de-cabecera\/nci-solucion-de-insercion-de-senal-narrowcast\/","og_site_name":"Technetix EMEA","article_modified_time":"2023-05-05T13:23:23+00:00","og_image":[{"width":1920,"height":450,"url":"https:\/\/emea.dev.technetix.com\/wp-content\/uploads\/sites\/2\/2023\/01\/LANDING_PAGE_LARGE_NARROWCAST_FINAL.jpeg","type":"image\/jpeg"}],"twitter_card":"summary_large_image","twitter_site":"@technetixgroup","twitter_misc":{"Tiempo de lectura":"2 minutos"},"schema":{"@context":"https:\/\/schema.org","@graph":[{"@type":"WebPage","@id":"https:\/\/emea.dev.technetix.com\/es\/redes-hfc\/soluciones-de-cabecera\/nci-solucion-de-insercion-de-senal-narrowcast\/","url":"https:\/\/emea.dev.technetix.com\/es\/redes-hfc\/soluciones-de-cabecera\/nci-solucion-de-insercion-de-senal-narrowcast\/","name":"NCI - Soluci\u00f3n de inserci\u00f3n de se\u00f1al Narrowcast - Technetix EMEA","isPartOf":{"@id":"https:\/\/emea.dev.technetix.com\/es\/#website"},"primaryImageOfPage":{"@id":"https:\/\/emea.dev.technetix.com\/es\/redes-hfc\/soluciones-de-cabecera\/nci-solucion-de-insercion-de-senal-narrowcast\/#primaryimage"},"image":{"@id":"https:\/\/emea.dev.technetix.com\/es\/redes-hfc\/soluciones-de-cabecera\/nci-solucion-de-insercion-de-senal-narrowcast\/#primaryimage"},"thumbnailUrl":"https:\/\/emea.dev.technetix.com\/wp-content\/uploads\/sites\/2\/2023\/01\/LANDING_PAGE_LARGE_NARROWCAST_FINAL.jpeg","datePublished":"2023-01-31T13:04:42+00:00","dateModified":"2023-05-05T13:23:23+00:00","breadcrumb":{"@id":"https:\/\/emea.dev.technetix.com\/es\/redes-hfc\/soluciones-de-cabecera\/nci-solucion-de-insercion-de-senal-narrowcast\/#breadcrumb"},"inLanguage":"es","potentialAction":[{"@type":"ReadAction","target":["https:\/\/emea.dev.technetix.com\/es\/redes-hfc\/soluciones-de-cabecera\/nci-solucion-de-insercion-de-senal-narrowcast\/"]}]},{"@type":"ImageObject","inLanguage":"es","@id":"https:\/\/emea.dev.technetix.com\/es\/redes-hfc\/soluciones-de-cabecera\/nci-solucion-de-insercion-de-senal-narrowcast\/#primaryimage","url":"https:\/\/emea.dev.technetix.com\/wp-content\/uploads\/sites\/2\/2023\/01\/LANDING_PAGE_LARGE_NARROWCAST_FINAL.jpeg","contentUrl":"https:\/\/emea.dev.technetix.com\/wp-content\/uploads\/sites\/2\/2023\/01\/LANDING_PAGE_LARGE_NARROWCAST_FINAL.jpeg","width":1920,"height":450},{"@type":"BreadcrumbList","@id":"https:\/\/emea.dev.technetix.com\/es\/redes-hfc\/soluciones-de-cabecera\/nci-solucion-de-insercion-de-senal-narrowcast\/#breadcrumb","itemListElement":[{"@type":"ListItem","position":1,"name":"Home","item":"https:\/\/emea.dev.technetix.com\/es\/"},{"@type":"ListItem","position":2,"name":"Banda ancha de cable","item":"https:\/\/emea.dev.technetix.com\/es\/redes-hfc\/"},{"@type":"ListItem","position":3,"name":"Soluciones de cabecera\u200e","item":"https:\/\/emea.dev.technetix.com\/es\/redes-hfc\/soluciones-de-cabecera\/"},{"@type":"ListItem","position":4,"name":"NCI &#8211; Soluci\u00f3n de inserci\u00f3n de se\u00f1al Narrowcast"}]},{"@type":"WebSite","@id":"https:\/\/emea.dev.technetix.com\/es\/#website","url":"https:\/\/emea.dev.technetix.com\/es\/","name":"Technetix","description":"Next-generation broadband equipment engineering","publisher":{"@id":"https:\/\/emea.dev.technetix.com\/es\/#organization"},"potentialAction":[{"@type":"SearchAction","target":{"@type":"EntryPoint","urlTemplate":"https:\/\/emea.dev.technetix.com\/es\/?s={search_term_string}"},"query-input":{"@type":"PropertyValueSpecification","valueRequired":true,"valueName":"search_term_string"}}],"inLanguage":"es"},{"@type":"Organization","@id":"https:\/\/emea.dev.technetix.com\/es\/#organization","name":"Technetix","url":"https:\/\/emea.dev.technetix.com\/es\/","logo":{"@type":"ImageObject","inLanguage":"es","@id":"https:\/\/emea.dev.technetix.com\/es\/#\/schema\/logo\/image\/","url":"https:\/\/emea.dev.technetix.com\/wp-content\/uploads\/sites\/2\/2023\/06\/logo-Technetix-1000x1000-1.png","contentUrl":"https:\/\/emea.dev.technetix.com\/wp-content\/uploads\/sites\/2\/2023\/06\/logo-Technetix-1000x1000-1.png","width":1000,"height":1000,"caption":"Technetix"},"image":{"@id":"https:\/\/emea.dev.technetix.com\/es\/#\/schema\/logo\/image\/"},"sameAs":["https:\/\/x.com\/technetixgroup","https:\/\/www.linkedin.com\/company\/technetix\/","https:\/\/www.youtube.com\/c\/Technetix-group"]}]}},"acf":[],"publishpress_future_workflow_manual_trigger":{"enabledWorkflows":[]},"_links":{"self":[{"href":"https:\/\/emea.dev.technetix.com\/es\/wp-json\/wp\/v2\/pages\/7194"}],"collection":[{"href":"https:\/\/emea.dev.technetix.com\/es\/wp-json\/wp\/v2\/pages"}],"about":[{"href":"https:\/\/emea.dev.technetix.com\/es\/wp-json\/wp\/v2\/types\/page"}],"author":[{"embeddable":true,"href":"https:\/\/emea.dev.technetix.com\/es\/wp-json\/wp\/v2\/users\/1"}],"replies":[{"embeddable":true,"href":"https:\/\/emea.dev.technetix.com\/es\/wp-json\/wp\/v2\/comments?post=7194"}],"version-history":[{"count":3,"href":"https:\/\/emea.dev.technetix.com\/es\/wp-json\/wp\/v2\/pages\/7194\/revisions"}],"predecessor-version":[{"id":19175,"href":"https:\/\/emea.dev.technetix.com\/es\/wp-json\/wp\/v2\/pages\/7194\/revisions\/19175"}],"up":[{"embeddable":true,"href":"https:\/\/emea.dev.technetix.com\/es\/wp-json\/wp\/v2\/pages\/7122"}],"wp:featuredmedia":[{"embeddable":true,"href":"https:\/\/emea.dev.technetix.com\/es\/wp-json\/wp\/v2\/media\/2253"}],"wp:attachment":[{"href":"https:\/\/emea.dev.technetix.com\/es\/wp-json\/wp\/v2\/media?parent=7194"}],"curies":[{"name":"wp","href":"https:\/\/api.w.org\/{rel}","templated":true}]}}