{"id":7184,"date":"2023-01-17T17:23:19","date_gmt":"2023-01-17T17:23:19","guid":{"rendered":"https:\/\/emea.dev.technetix.com\/terminos-y-condiciones\/"},"modified":"2023-04-16T21:26:24","modified_gmt":"2023-04-16T21:26:24","slug":"terminos-y-condiciones","status":"publish","type":"page","link":"https:\/\/emea.dev.technetix.com\/es\/terminos-y-condiciones\/","title":{"rendered":"T\u00e9rminos y condiciones"},"content":{"rendered":"<div class=\"gb-container gb-container-f86f3f4f gb-container-hero-banner\"><div class=\"gb-inside-container\">\n<h1 class=\"gb-headline gb-headline-e1547755 gb-headline-text gb-headline-hero-banner-title\">T\u00e9rminos y condiciones<\/h1>\n<\/div><\/div><div class=\"gb-container gb-container-2b756a3f gb-container-inner-back-page-con\">\n<p class=\"gb-headline gb-headline-6656b5c3 gb-headline-text\">Los siguientes son los t\u00e9rminos y condiciones aplicables a la utilizaci\u00f3n del sitio web de Technetix (\u00abel Sitio web de Technetix\u00bb) y a su relaci\u00f3n con Technetix. L\u00e9alos con detenimiento, ya que hacen referencia a sus derechos y responsabilidades ante la ley. Si no est\u00e1 de acuerdo con estos t\u00e9rminos, le rogamos que no utilice el Sitio web de Technetix. Para realizar cualquier pregunta relativa a dichos t\u00e9rminos, p\u00f3ngase en contacto con nosotros en: <a href=\"mailto:info-es@dev.technetix.com\" target=\"_blank\" rel=\"noreferrer noopener\">info-es@dev.technetix.com<\/a>   <\/p>\n\n<h2 class=\"gb-headline gb-headline-d02c52e4 gb-headline-text gb-headline-h2-in-content\">1 USO DEL SITIO WEB DE TECHNETIX<\/h2>\n\n<p class=\"gb-headline gb-headline-7444ac95 gb-headline-text\">El Sitio web de Technetix se pone a su disposici\u00f3n para su uso personal de acuerdo con las presentes Condiciones de uso. La utilizaci\u00f3n del Sitio web de Technetix supone que acepta lo dispuesto en dichas Condiciones de uso. Technetix se reserva el derecho a modificar las Condiciones cada cierto tiempo. Dichos cambios entrar\u00e1n en vigor una vez publicados en esta p\u00e1gina.  <\/p>\n\n<h2 class=\"gb-headline gb-headline-931820fe gb-headline-text gb-headline-h2-in-content\">2 PROPIEDAD INTELECTUAL<\/h2>\n\n<p class=\"gb-headline gb-headline-6e9b9362 gb-headline-text\">El contenido del Sitio web de Technetix est\u00e1 protegido por derechos de propiedad intelectual, marcas comerciales, derechos de bases de datos y otros derechos de propiedad intelectual. El contenido del Sitio web de Technetix podr\u00e1 recuperarse y mostrarse en una pantalla de ordenador, as\u00ed como almacenarse de manera electr\u00f3nica en un disco (no as\u00ed en ning\u00fan servidor u otro dispositivo de almacenamiento conectado a una red) o imprimirse en papel para su uso personal y no comercial, siempre que se mantengan intactos todos los avisos de propiedad intelectual y comercial. <\/p>\n\n<p class=\"gb-headline gb-headline-3c1bdb5d gb-headline-text\">Excepto en el supuesto expresamente indicado anteriormente, est\u00e1 prohibido reproducir, modificar, publicar, transmitir, distribuir o utilizar cualquier material o contenido del Sitio web Technetix con fines comerciales sin el permiso previo por escrito de Technetix.<\/p>\n\n<p class=\"gb-headline gb-headline-4df9e9cf gb-headline-text\">Las marcas comerciales, logotipos y nombres de marca que aparecen en el Sitio web de Technetix son propiedad de Technetix o de terceros. Est\u00e1 prohibido utilizar dichas marcas comerciales, logotipos y nombres de marca sin el consentimiento previo por escrito del propietario; ning\u00fan caso las presentes Condiciones de uso supondr\u00e1n la concesi\u00f3n de dicho permiso. <\/p>\n\n<h2 class=\"gb-headline gb-headline-6adc7ec1 gb-headline-text gb-headline-h2-in-content\">3 USO DEL SITIO WEB DE TECHNETIX<\/h2>\n\n<p class=\"gb-headline gb-headline-bb43bb8f gb-headline-text\">Durante la utilizaci\u00f3n del Sitio web de Technetix no podr\u00e1 compartir, vincular, transmitir o publicar de cualquier otro modo:<\/p>\n\n<ul class=\"wp-block-list\"><li>Material ilegal, hostigador, difamatorio, abusivo, amenazante, da\u00f1ino, obsceno o inaceptable por cualquier otro motivo.<\/li>\n\n<li>Material que instigue conductas que constituyan un delito, que conlleve responsabilidad civil o que incumpla cualquier legislaci\u00f3n, normativa o c\u00f3digo de conducta aplicable.<\/li>\n\n<li>Copias de material protegido por propiedad intelectual sin permiso del propietario.<\/li>\n\n<li>Datos de terceros como, por ejemplo, nombre, direcci\u00f3n de correo electr\u00f3nico, n\u00famero de tel\u00e9fono<\/li>\n\n<li>Cualquier contenido que incluya un virus, archivo o c\u00f3digo inform\u00e1tico dise\u00f1ado para interrumpir, destruir o limitar la funcionalidad del Sitio web de Technetix, as\u00ed como de cualquier software o equipo.<\/li><\/ul>\n\n<p class=\"gb-headline gb-headline-307352be gb-headline-text\">Est\u00e1 prohibido (a) interferir en el uso o disfrute del Sitio web de Technetix por parte de otra persona; o (b) suplantar la personalidad de otra persona o entidad; o (c) restringir o impedir el acceso de otro usuario al Sitio web de Technetix.   <\/p>\n\n<p class=\"gb-headline gb-headline-61c67806 gb-headline-text\">En caso de incumplimiento del apartado 3, ser\u00e1 responsable de las p\u00e9rdidas y costes derivados de dicho incumplimiento.<\/p>\n\n<h2 class=\"gb-headline gb-headline-3311186f gb-headline-text gb-headline-h2-in-content\">4 DISPONIBILIDAD DE LOS PRODUCTOS<\/h2>\n\n<p class=\"gb-headline gb-headline-ac55fe88 gb-headline-text\">El Sitio web de Technetix ofrece informaci\u00f3n internacional. Consulte con el representante de Technetix local la disponibilidad de los productos y servicios incluidos en el Sitio web de Technetix. En ning\u00fan caso, el contenido del Sitio web Technetix se considerar\u00e1 una oferta o cualquier otro tipo de documento contractual susceptible de aceptaci\u00f3n. Los productos y servicios de Technetix se venden de acuerdo con los t\u00e9rminos y condiciones generales de venta de Technetix, que estar\u00e1n a su disposici\u00f3n previa solicitud.  <\/p>\n\n<h2 class=\"gb-headline gb-headline-46be4142 gb-headline-text gb-headline-h2-in-content\">5 SITIOS WEB DE TERCEROS<\/h2>\n\n<p class=\"gb-headline gb-headline-1002d842 gb-headline-text\">Para la comodidad de los clientes, el Sitio web de Technetix incluye v\u00ednculos a otros sitios web o a contenido que escapa al control de Technetix. Technetix no se hace responsable de la precisi\u00f3n o fidelidad de ning\u00fan tipo de informaci\u00f3n, dato, opini\u00f3n, consejo o afirmaci\u00f3n realizada en dicho sitios web. La inclusi\u00f3n de dichos v\u00ednculos no supondr\u00e1 en ning\u00fan caso una recomendaci\u00f3n o patrocinio por parte de Technetix.  <\/p>\n\n<h2 class=\"gb-headline gb-headline-049ac5db gb-headline-text gb-headline-h2-in-content\">6 EXENCI\u00d3N DE RESPONSABILIDAD GENERAL<\/h2>\n\n<p class=\"gb-headline gb-headline-146a8d06 gb-headline-text\">A pesar de que Technetix tiene la intenci\u00f3n de ofrecer informaci\u00f3n correcta en el Sitio web de Technetix, Technetix no se har\u00e1 responsable de la calidad, precisi\u00f3n o exhaustividad de dicha informaci\u00f3n y se reserva el derecho a realizar cambios en la informaci\u00f3n y en productos mencionados, en cualquier momento y sin previo aviso. La menci\u00f3n a productos o servicios que no son propiedad de Technetix en ning\u00fan caso supondr\u00e1 una recomendaci\u00f3n o patrocinio por parte de Technetix. <\/p>\n\n<p class=\"gb-headline gb-headline-d6d58f85 gb-headline-text\">TODA LA INFORMACI\u00d3N INCLUIDA EN EL SITIO WEB DE TECHNETIX APARECE \u00abTAL CUAL\u00bb CON CUALQUIER FALLO POSIBLE Y SIN GARANT\u00cdA DE NING\u00daN TIPO, YA SEA DE FORMA EXPL\u00cdCITA O IMPL\u00cdCITA. TECHNETIX Y SUS PROVEEDORES QUEDAN EXENTOS DE CUALQUIER GARANT\u00cdA, EXPLICITA O IMPL\u00cdCITA, ENTRE LAS QUE SE INCLUYEN, ENTRE OTRAS, AQUELLAS RELATIVAS A CALIDAD SATISFACTORIA, ADECUACI\u00d3N A UN FIN CONCRETO Y CONFORMIDAD O QUE PUDIERA SURGIR A CONSECUENCIA DE UN ACUERDO, USO O PR\u00c1CTICA COMERCIAL. <\/p>\n\n<p class=\"gb-headline gb-headline-ebb3962b gb-headline-text\">En ning\u00fan caso Technetix ser\u00e1 responsable de p\u00e9rdidas ocasionadas a ra\u00edz de circunstancias que escapen a su control.<\/p>\n\n<p class=\"gb-headline gb-headline-429ef074 gb-headline-text\">La responsabilidad de Technetix no quedar\u00e1 limitada en caso de muerte o de da\u00f1os personales ocasionados a causa de una negligencia por parte de Technetix en aquellos pa\u00edses en los que sea ilegal que Technetix persiga dicha exenci\u00f3n de responsabilidad.<\/p>\n\n<h2 class=\"gb-headline gb-headline-c92866b8 gb-headline-text gb-headline-h2-in-content\">7 DERECHO DE TECHNETIX A SUSPENDER, RESTRINGIR O BLOQUEAR EL ACCESO<\/h2>\n\n<p class=\"gb-headline gb-headline-061905f6 gb-headline-text\">Technetix podr\u00e1 suspender, restringir o bloquear su acceso al Sitio web Technetix inmediatamente y seg\u00fan estime oportuno, en caso de incumplimiento de alguna de las obligaciones de acuerdo con las presentes Condiciones de uso.<\/p>\n\n<h2 class=\"gb-headline gb-headline-7197b59f gb-headline-text gb-headline-h2-in-content\">8 LEGISLACI\u00d3N APLICABLE<\/h2>\n\n<p class=\"gb-headline gb-headline-e884fd3c gb-headline-text\">Las presentes Condiciones de uso est\u00e1n sujetas a la legislaci\u00f3n de Inglaterra y Gales. Cualquier desacuerdo se intentar\u00e1 resolver con la mayor rapidez y eficacia posible. Si no est\u00e1 satisfecho con la gesti\u00f3n de dicho desacuerdo por nuestra parte y desea emprender acciones legales, deber\u00e1 hacerlo en el Reino Unido.  <\/p>\n\n<h2 class=\"gb-headline gb-headline-11f34bd4 gb-headline-text gb-headline-h2-in-content\">9 DISPOSICIONES VARIAS<\/h2>\n\n<p class=\"gb-headline gb-headline-7c8bba21 gb-headline-text\">En ning\u00fan caso podr\u00e1 ceder sus derechos en virtud de las presentes Condiciones de uso a ninguna otra persona. En caso de que tengamos motivos razonables para pensar que sus derechos no se ver\u00e1n afectados, podremos transferir sus derechos a otra empresa en virtud de las presentes Condiciones de uso. <\/p>\n\n<p class=\"gb-headline gb-headline-ccb8ac67 gb-headline-text\">Incluso en el caso de que se produjera un incumplimiento de las Condiciones de uso y de que Technetix optara por no tomar ninguna media al respecto, Technetix podr\u00e1 hacer uso de sus derechos y recursos m\u00e1s adelante o en cualquier otra situaci\u00f3n en la que se produzca un incumplimiento de las Condiciones de uso.<\/p>\n\n<p class=\"gb-headline gb-headline-32b965b4 gb-headline-text\">El Sitio web de Technetix es propiedad y est\u00e1 dirigido por Technetix Limited, en Inglaterra y Gales, con el n\u00famero de empresa 2484988. Sede social: Innovation House, Technetix Business Park, Albourne, West Sussex, BN6 9EB, Reino Unido. <\/p>\n<\/div>","protected":false},"excerpt":{"rendered":"<p>T\u00e9rminos y condiciones Los siguientes son los t\u00e9rminos y condiciones aplicables a la utilizaci\u00f3n del sitio web de Technetix (\u00abel Sitio web de Technetix\u00bb) y a su relaci\u00f3n con Technetix. L\u00e9alos con detenimiento, ya que hacen referencia a sus derechos y responsabilidades ante la ley. Si no est\u00e1 de acuerdo con estos t\u00e9rminos, le rogamos &#8230; <a title=\"T\u00e9rminos y condiciones\" class=\"read-more\" href=\"https:\/\/emea.dev.technetix.com\/es\/terminos-y-condiciones\/\" aria-label=\"M\u00e1s en T\u00e9rminos y condiciones\">Read more<\/a><\/p>\n","protected":false},"author":1,"featured_media":0,"parent":0,"menu_order":0,"comment_status":"closed","ping_status":"closed","template":"","meta":{"_acf_changed":false,"_gspb_post_css":"","footnotes":""},"class_list":["post-7184","page","type-page","status-publish"],"yoast_head":"<!-- This site is optimized with the Yoast SEO Premium plugin v22.5 (Yoast SEO v23.7) - https:\/\/yoast.com\/wordpress\/plugins\/seo\/ -->\n<title>T\u00e9rminos y condiciones - Technetix EMEA<\/title>\n<meta name=\"robots\" content=\"index, follow, max-snippet:-1, max-image-preview:large, max-video-preview:-1\" \/>\n<link rel=\"canonical\" href=\"https:\/\/emea.dev.technetix.com\/es\/terminos-y-condiciones\/\" \/>\n<meta property=\"og:locale\" content=\"es_ES\" \/>\n<meta property=\"og:type\" content=\"article\" \/>\n<meta property=\"og:title\" content=\"T\u00e9rminos y condiciones - Technetix EMEA\" \/>\n<meta property=\"og:description\" content=\"T\u00e9rminos y condiciones Los siguientes son los t\u00e9rminos y condiciones aplicables a la utilizaci\u00f3n del sitio web de Technetix (\u00abel Sitio web de Technetix\u00bb) y a su relaci\u00f3n con Technetix. L\u00e9alos con detenimiento, ya que hacen referencia a sus derechos y responsabilidades ante la ley. Si no est\u00e1 de acuerdo con estos t\u00e9rminos, le rogamos ... Read more\" \/>\n<meta property=\"og:url\" content=\"https:\/\/emea.dev.technetix.com\/es\/terminos-y-condiciones\/\" \/>\n<meta property=\"og:site_name\" content=\"Technetix EMEA\" \/>\n<meta property=\"article:modified_time\" content=\"2023-04-16T21:26:24+00:00\" \/>\n<meta property=\"og:image\" content=\"https:\/\/emea.dev.technetix.com\/wp-content\/uploads\/sites\/2\/2023\/06\/logo-Technetix-1200x675-1.png\" \/>\n\t<meta property=\"og:image:width\" content=\"1200\" \/>\n\t<meta property=\"og:image:height\" content=\"675\" \/>\n\t<meta property=\"og:image:type\" content=\"image\/png\" \/>\n<meta name=\"twitter:card\" content=\"summary_large_image\" \/>\n<meta name=\"twitter:site\" content=\"@technetixgroup\" \/>\n<meta name=\"twitter:label1\" content=\"Tiempo de lectura\" \/>\n\t<meta name=\"twitter:data1\" content=\"5 minutos\" \/>\n<script type=\"application\/ld+json\" class=\"yoast-schema-graph\">{\"@context\":\"https:\/\/schema.org\",\"@graph\":[{\"@type\":\"WebPage\",\"@id\":\"https:\/\/emea.dev.technetix.com\/es\/terminos-y-condiciones\/\",\"url\":\"https:\/\/emea.dev.technetix.com\/es\/terminos-y-condiciones\/\",\"name\":\"T\u00e9rminos y condiciones - Technetix EMEA\",\"isPartOf\":{\"@id\":\"https:\/\/emea.dev.technetix.com\/es\/#website\"},\"datePublished\":\"2023-01-17T17:23:19+00:00\",\"dateModified\":\"2023-04-16T21:26:24+00:00\",\"breadcrumb\":{\"@id\":\"https:\/\/emea.dev.technetix.com\/es\/terminos-y-condiciones\/#breadcrumb\"},\"inLanguage\":\"es\",\"potentialAction\":[{\"@type\":\"ReadAction\",\"target\":[\"https:\/\/emea.dev.technetix.com\/es\/terminos-y-condiciones\/\"]}]},{\"@type\":\"BreadcrumbList\",\"@id\":\"https:\/\/emea.dev.technetix.com\/es\/terminos-y-condiciones\/#breadcrumb\",\"itemListElement\":[{\"@type\":\"ListItem\",\"position\":1,\"name\":\"Home\",\"item\":\"https:\/\/emea.dev.technetix.com\/es\/\"},{\"@type\":\"ListItem\",\"position\":2,\"name\":\"T\u00e9rminos y condiciones\"}]},{\"@type\":\"WebSite\",\"@id\":\"https:\/\/emea.dev.technetix.com\/es\/#website\",\"url\":\"https:\/\/emea.dev.technetix.com\/es\/\",\"name\":\"Technetix\",\"description\":\"Next-generation broadband equipment engineering\",\"publisher\":{\"@id\":\"https:\/\/emea.dev.technetix.com\/es\/#organization\"},\"potentialAction\":[{\"@type\":\"SearchAction\",\"target\":{\"@type\":\"EntryPoint\",\"urlTemplate\":\"https:\/\/emea.dev.technetix.com\/es\/?s={search_term_string}\"},\"query-input\":{\"@type\":\"PropertyValueSpecification\",\"valueRequired\":true,\"valueName\":\"search_term_string\"}}],\"inLanguage\":\"es\"},{\"@type\":\"Organization\",\"@id\":\"https:\/\/emea.dev.technetix.com\/es\/#organization\",\"name\":\"Technetix\",\"url\":\"https:\/\/emea.dev.technetix.com\/es\/\",\"logo\":{\"@type\":\"ImageObject\",\"inLanguage\":\"es\",\"@id\":\"https:\/\/emea.dev.technetix.com\/es\/#\/schema\/logo\/image\/\",\"url\":\"https:\/\/emea.dev.technetix.com\/wp-content\/uploads\/sites\/2\/2023\/06\/logo-Technetix-1000x1000-1.png\",\"contentUrl\":\"https:\/\/emea.dev.technetix.com\/wp-content\/uploads\/sites\/2\/2023\/06\/logo-Technetix-1000x1000-1.png\",\"width\":1000,\"height\":1000,\"caption\":\"Technetix\"},\"image\":{\"@id\":\"https:\/\/emea.dev.technetix.com\/es\/#\/schema\/logo\/image\/\"},\"sameAs\":[\"https:\/\/x.com\/technetixgroup\",\"https:\/\/www.linkedin.com\/company\/technetix\/\",\"https:\/\/www.youtube.com\/c\/Technetix-group\"]}]}<\/script>\n<!-- \/ Yoast SEO Premium plugin. -->","yoast_head_json":{"title":"T\u00e9rminos y condiciones - Technetix EMEA","robots":{"index":"index","follow":"follow","max-snippet":"max-snippet:-1","max-image-preview":"max-image-preview:large","max-video-preview":"max-video-preview:-1"},"canonical":"https:\/\/emea.dev.technetix.com\/es\/terminos-y-condiciones\/","og_locale":"es_ES","og_type":"article","og_title":"T\u00e9rminos y condiciones - Technetix EMEA","og_description":"T\u00e9rminos y condiciones Los siguientes son los t\u00e9rminos y condiciones aplicables a la utilizaci\u00f3n del sitio web de Technetix (\u00abel Sitio web de Technetix\u00bb) y a su relaci\u00f3n con Technetix. L\u00e9alos con detenimiento, ya que hacen referencia a sus derechos y responsabilidades ante la ley. Si no est\u00e1 de acuerdo con estos t\u00e9rminos, le rogamos ... Read more","og_url":"https:\/\/emea.dev.technetix.com\/es\/terminos-y-condiciones\/","og_site_name":"Technetix EMEA","article_modified_time":"2023-04-16T21:26:24+00:00","og_image":[{"width":1200,"height":675,"url":"https:\/\/emea.dev.technetix.com\/wp-content\/uploads\/sites\/2\/2023\/06\/logo-Technetix-1200x675-1.png","type":"image\/png"}],"twitter_card":"summary_large_image","twitter_site":"@technetixgroup","twitter_misc":{"Tiempo de lectura":"5 minutos"},"schema":{"@context":"https:\/\/schema.org","@graph":[{"@type":"WebPage","@id":"https:\/\/emea.dev.technetix.com\/es\/terminos-y-condiciones\/","url":"https:\/\/emea.dev.technetix.com\/es\/terminos-y-condiciones\/","name":"T\u00e9rminos y condiciones - Technetix EMEA","isPartOf":{"@id":"https:\/\/emea.dev.technetix.com\/es\/#website"},"datePublished":"2023-01-17T17:23:19+00:00","dateModified":"2023-04-16T21:26:24+00:00","breadcrumb":{"@id":"https:\/\/emea.dev.technetix.com\/es\/terminos-y-condiciones\/#breadcrumb"},"inLanguage":"es","potentialAction":[{"@type":"ReadAction","target":["https:\/\/emea.dev.technetix.com\/es\/terminos-y-condiciones\/"]}]},{"@type":"BreadcrumbList","@id":"https:\/\/emea.dev.technetix.com\/es\/terminos-y-condiciones\/#breadcrumb","itemListElement":[{"@type":"ListItem","position":1,"name":"Home","item":"https:\/\/emea.dev.technetix.com\/es\/"},{"@type":"ListItem","position":2,"name":"T\u00e9rminos y condiciones"}]},{"@type":"WebSite","@id":"https:\/\/emea.dev.technetix.com\/es\/#website","url":"https:\/\/emea.dev.technetix.com\/es\/","name":"Technetix","description":"Next-generation broadband equipment engineering","publisher":{"@id":"https:\/\/emea.dev.technetix.com\/es\/#organization"},"potentialAction":[{"@type":"SearchAction","target":{"@type":"EntryPoint","urlTemplate":"https:\/\/emea.dev.technetix.com\/es\/?s={search_term_string}"},"query-input":{"@type":"PropertyValueSpecification","valueRequired":true,"valueName":"search_term_string"}}],"inLanguage":"es"},{"@type":"Organization","@id":"https:\/\/emea.dev.technetix.com\/es\/#organization","name":"Technetix","url":"https:\/\/emea.dev.technetix.com\/es\/","logo":{"@type":"ImageObject","inLanguage":"es","@id":"https:\/\/emea.dev.technetix.com\/es\/#\/schema\/logo\/image\/","url":"https:\/\/emea.dev.technetix.com\/wp-content\/uploads\/sites\/2\/2023\/06\/logo-Technetix-1000x1000-1.png","contentUrl":"https:\/\/emea.dev.technetix.com\/wp-content\/uploads\/sites\/2\/2023\/06\/logo-Technetix-1000x1000-1.png","width":1000,"height":1000,"caption":"Technetix"},"image":{"@id":"https:\/\/emea.dev.technetix.com\/es\/#\/schema\/logo\/image\/"},"sameAs":["https:\/\/x.com\/technetixgroup","https:\/\/www.linkedin.com\/company\/technetix\/","https:\/\/www.youtube.com\/c\/Technetix-group"]}]}},"acf":[],"publishpress_future_workflow_manual_trigger":{"enabledWorkflows":[]},"_links":{"self":[{"href":"https:\/\/emea.dev.technetix.com\/es\/wp-json\/wp\/v2\/pages\/7184"}],"collection":[{"href":"https:\/\/emea.dev.technetix.com\/es\/wp-json\/wp\/v2\/pages"}],"about":[{"href":"https:\/\/emea.dev.technetix.com\/es\/wp-json\/wp\/v2\/types\/page"}],"author":[{"embeddable":true,"href":"https:\/\/emea.dev.technetix.com\/es\/wp-json\/wp\/v2\/users\/1"}],"replies":[{"embeddable":true,"href":"https:\/\/emea.dev.technetix.com\/es\/wp-json\/wp\/v2\/comments?post=7184"}],"version-history":[{"count":3,"href":"https:\/\/emea.dev.technetix.com\/es\/wp-json\/wp\/v2\/pages\/7184\/revisions"}],"predecessor-version":[{"id":13254,"href":"https:\/\/emea.dev.technetix.com\/es\/wp-json\/wp\/v2\/pages\/7184\/revisions\/13254"}],"wp:attachment":[{"href":"https:\/\/emea.dev.technetix.com\/es\/wp-json\/wp\/v2\/media?parent=7184"}],"curies":[{"name":"wp","href":"https:\/\/api.w.org\/{rel}","templated":true}]}}