{"id":7182,"date":"2023-01-17T17:22:35","date_gmt":"2023-01-17T17:22:35","guid":{"rendered":"https:\/\/emea.dev.technetix.com\/politica-de-privacidad-de-technetix\/"},"modified":"2023-04-16T21:24:39","modified_gmt":"2023-04-16T21:24:39","slug":"politica-de-privacidad-de-technetix","status":"publish","type":"page","link":"https:\/\/emea.dev.technetix.com\/es\/politica-de-privacidad-de-technetix\/","title":{"rendered":"Pol\u00edtica de Privacidad y Cookies\u200e"},"content":{"rendered":"<div class=\"gb-container gb-container-f86f3f4f gb-container-hero-banner\"><div class=\"gb-inside-container\">\n<h1 class=\"gb-headline gb-headline-e1547755 gb-headline-text gb-headline-hero-banner-title\">Pol\u00edtica de Privacidad y Cookies\u200e<\/h1>\n<\/div><\/div><div class=\"gb-container gb-container-561b9ec2 gb-container-inner-back-page-con\">\n<h2 class=\"gb-headline gb-headline-7aeaa0c3 gb-headline-text gb-headline-h2-in-content\">\u200eEn Technetix, tratamos sus datos cuidadosamente y utilizamos los requisitos del Reglamento General de Protecci\u00f3n de Datos de Europa para regular la forma en que manejamos su informaci\u00f3n personal.\u200e<\/h2>\n\n<p>\u200eEsta pol\u00edtica describe c\u00f3mo recopilamos, usamos y cuidamos la informaci\u00f3n que nos proporciona cuando utiliza el sitio web Technetix.com. Podemos actualizar esta pol\u00edtica en cualquier momento sin previo aviso. Su uso del sitio web de Technetix se considerar\u00e1 como su aceptaci\u00f3n de los t\u00e9rminos de esta Pol\u00edtica de privacidad, seg\u00fan se actualice peri\u00f3dicamente, a menos que nos notifique expresamente lo contrario. \u200e  <\/p>\n\n<h2 class=\"gb-headline gb-headline-aadf287b gb-headline-text gb-headline-h2-in-content\">\u200e\u00bfQu\u00e9 informaci\u00f3n recopilamos?\u200e<\/h2>\n\n<p>\u200eRecopilamos informaci\u00f3n sobre c\u00f3mo utiliza nuestro sitio web para ayudarnos a desarrollar y mejorar nuestro sitio web, incluidos los detalles de su nombre de dominio y direcci\u00f3n de Protocolo de Internet (IP), sistema operativo, versi\u00f3n del navegador, detalles de cookies, cu\u00e1nto tiempo permaneci\u00f3 en una p\u00e1gina, la ruta que tom\u00f3 para navegar por las p\u00e1ginas y el sitio web que visit\u00f3 antes de acceder a nuestro sitio.\u200e<\/p>\n\n<p>\u200eAdem\u00e1s, cuando nos solicite informaci\u00f3n, solicite a alguien de Technetix que se ponga en contacto con usted, realice un pedido a trav\u00e9s de nuestra tienda web, se registre para recibir correos electr\u00f3nicos, boletines informativos o informaci\u00f3n de productos de Technetix (este registro se puede retirar en cualquier momento siguiendo los enlaces proporcionados en cada comunicaci\u00f3n) o utilice un portal en l\u00ednea de Technetix, le pediremos que proporcione su nombre, direcci\u00f3n, correo electr\u00f3nico, n\u00famero de tel\u00e9fono, nombre y direcci\u00f3n de la organizaci\u00f3n y cualquier otra informaci\u00f3n que sea razonablemente necesaria para atender su solicitud.\u200e<\/p>\n\n<h2 class=\"gb-headline gb-headline-11bf3807 gb-headline-text gb-headline-h2-in-content\">\u200e\u00bfPara qu\u00e9 utilizamos su informaci\u00f3n personal?\u200e<\/h2>\n\n<p>\u200eQueremos entender mejor lo que necesita de nosotros. Utilizamos su informaci\u00f3n personal para mejorar o intentar mejorar su experiencia de navegaci\u00f3n. Los principales usos de sus datos son:\u200e  <\/p>\n\n<ul class=\"wp-block-list\"><li>para responder a sus solicitudes y\/o consultas\u200e<\/li>\n\n<li>para proporcionarle productos, servicios e informaci\u00f3n solicitada\u200e<\/li>\n\n<li>\u200epara enviarle detalles de productos y servicios que creemos que ser\u00e1n de inter\u00e9s para su negocio\u200e<\/li>\n\n<li>\u200epara mantenerle al d\u00eda con los desarrollos en Technetix\u200e<\/li>\n\n<li>para analizar y supervisar el tr\u00e1fico y ayudar a proporcionar y mejorar el sitio web de Technetix\u200e<\/li>\n\n<li>para permitirnos revisar, desarrollar y mejorar los productos y servicios\u200e<\/li>\n\n<li>\u200epara proteger nuestro sitio web del acceso no autorizado\u200e<\/li>\n\n<li>\u200epara mantener registros con fines administrativos\u200e<\/li>\n\n<li>para cumplir con las obligaciones legales y\/o reglamentarias\u200e<\/li><\/ul>\n\n<p>\u200eOdiamos el correo basura tanto como usted, por lo que depende de usted decidir si desea o no recibir informaci\u00f3n de nosotros.\u200e<\/p>\n\n<h2 class=\"gb-headline gb-headline-acf182ba gb-headline-text gb-headline-h2-in-content\">\u200e\u00bfA qui\u00e9n divulgamos su informaci\u00f3n personal?\u200e<\/h2>\n\n<p>\u200ePodemos proporcionar informaci\u00f3n sobre usted a los empleados y agentes de Technetix para tratar con cualquier cuenta, producto y servicio que Technetix o las empresas de nuestro grupo le proporcionen ahora o en el futuro y a determinadas compa\u00f1\u00edas externas para asegurar el correcto funcionamiento de nuestra web.\u200e<\/p>\n\n<p>\u200eSi elige comprar cualquier producto o servicio a trav\u00e9s de nuestra tienda web o portal en l\u00ednea, pasaremos su informaci\u00f3n a nuestro proveedor de servicios de pago externo. Este proveedor de servicios de pago externo puede requerir informaci\u00f3n adicional de usted para poder procesar su pago.\u200e <\/p>\n\n<p>\u200ePodemos utilizar informaci\u00f3n agregada y estad\u00edsticas con el fin de monitorear el uso del sitio web para ayudarnos a desarrollar el sitio web y nuestro servicio y podemos proporcionar dicha informaci\u00f3n agregada an\u00f3nima a terceros, por ejemplo, \u200e\u200e socios y anunciantes. Estas estad\u00edsticas no incluir\u00e1n informaci\u00f3n que pueda utilizarse para identificarle.\u200e <\/p>\n\n<p>\u200eNo transmitiremos su informaci\u00f3n personal a terceros, excepto de acuerdo con esta pol\u00edtica o cuando la ley nos exija divulgar esa informaci\u00f3n.\u200e<\/p>\n\n<h2 class=\"gb-headline gb-headline-a041f672 gb-headline-text gb-headline-h2-in-content\">\u200eTransferencia de informaci\u00f3n al extranjero\u200e<\/h2>\n\n<p>\u200eTechnetix tiene oficinas en el Reino Unido, Pa\u00edses Bajos, Espa\u00f1a, Polonia, B\u00e9lgica, Irlanda, Kosovo, Estados Unidos, Taiw\u00e1n y China y opera a nivel mundial. Al proporcionar informaci\u00f3n a Technetix, usted acepta que Technetix puede transferir leg\u00edtimamente informaci\u00f3n a las empresas matrices, subsidiarias y afiliadas de Technetix (ya sean presentes o futuras) y a otros terceros, que pueden estar ubicados fuera del Espacio Econ\u00f3mico Europeo. \u200e <\/p>\n\n<h2 class=\"gb-headline gb-headline-9fdd5049 gb-headline-text gb-headline-h2-in-content\">Cookies<\/h2>\n\n<p>\u200eLas cookies son peque\u00f1os archivos de texto guardados en su computadora que nos permiten monitorear cu\u00e1ntos visitantes tenemos a nuestro sitio y habilitar la funcionalidad del sitio. Como pueden registrar detalles del uso del sitio por parte de un visitante, algunas personas preferir\u00edan que no se usaran cookies. Si no desea recibir cookies, puede modificar la configuraci\u00f3n de su navegador para que bloquee todas las cookies o le notifique cuando se utilizan cookies. Sin embargo, tenga en cuenta que la desactivaci\u00f3n de las cookies puede afectar a la funcionalidad de algunas p\u00e1ginas web.\u200e   <\/p>\n\n<h2 class=\"gb-headline gb-headline-45df64ce gb-headline-text gb-headline-h2-in-content\">\u200eSolicitudes de informaci\u00f3n\u200e<\/h2>\n\n<p>Puede solicitarnos una copia de la informaci\u00f3n que tenemos sobre usted en cualquier momento, por lo que cobraremos una tarifa de administraci\u00f3n de acuerdo con la ley aplicable. Si desea cambiar cualquier informaci\u00f3n que tengamos sobre usted o corregir cualquier inexactitud en su informaci\u00f3n, o si desea que dejemos de usar cualquier informaci\u00f3n que nos haya proporcionado, comun\u00edquese a trav\u00e9s de <a href=\"https:\/\/emea.dev.technetix.com\/es\/preferencias-de-suscripcion\/\">este enlace<\/a>.  En ausencia de dicha solicitud, al utilizar este sitio web, usted acepta la recopilaci\u00f3n y el uso de su informaci\u00f3n personal por parte de Technetix Group Limited y sus compa\u00f1\u00edas subsidiarias y afiliadas de acuerdo con los t\u00e9rminos de esta Pol\u00edtica de privacidad.\u200e<\/p>\n\n<h2 class=\"gb-headline gb-headline-94a5e884 gb-headline-text gb-headline-h2-in-content\">\u200eLegislaci\u00f3n aplicable\u200e<\/h2>\n\n<p>\u200eCualquier disputa en relaci\u00f3n con este sitio web, o su uso del mismo, o cualquier contenido se regir\u00e1 por la ley inglesa y usted se somete a la jurisdicci\u00f3n exclusiva de los tribunales ingleses.\u200e<\/p>\n\n<h2 class=\"gb-headline gb-headline-3e3b2032 gb-headline-text gb-headline-h2-in-content\">\u200eContactando con nosotros\u200e<\/h2>\n\n<p>Si tiene alguna pregunta o inquietud sobre el uso que hacemos de su informaci\u00f3n personal, comun\u00edquese con:\u200e\u200e <a href=\"mailto:info-es@dev.technetix.com\" target=\"_blank\" rel=\"noreferrer noopener\">info-es@dev.technetix.com<\/a> en primera instancia. Tambi\u00e9n puede escribir al Delegado de Protecci\u00f3n de Datos, Innovation House, Technetix Business Park, Albourne, West Sussex, BN6 9EB, Reino Unido.\u200e<\/p>\n<\/div>","protected":false},"excerpt":{"rendered":"<p>Pol\u00edtica de Privacidad y Cookies\u200e \u200eEn Technetix, tratamos sus datos cuidadosamente y utilizamos los requisitos del Reglamento General de Protecci\u00f3n de Datos de Europa para regular la forma en que manejamos su informaci\u00f3n personal.\u200e \u200eEsta pol\u00edtica describe c\u00f3mo recopilamos, usamos y cuidamos la informaci\u00f3n que nos proporciona cuando utiliza el sitio web Technetix.com. Podemos actualizar &#8230; <a title=\"Pol\u00edtica de Privacidad y Cookies\u200e\" class=\"read-more\" href=\"https:\/\/emea.dev.technetix.com\/es\/politica-de-privacidad-de-technetix\/\" aria-label=\"M\u00e1s en Pol\u00edtica de Privacidad y Cookies\u200e\">Read more<\/a><\/p>\n","protected":false},"author":1,"featured_media":0,"parent":0,"menu_order":0,"comment_status":"closed","ping_status":"closed","template":"","meta":{"_acf_changed":false,"_gspb_post_css":"","footnotes":""},"class_list":["post-7182","page","type-page","status-publish"],"yoast_head":"<!-- This site is optimized with the Yoast SEO Premium plugin v22.5 (Yoast SEO v23.7) - https:\/\/yoast.com\/wordpress\/plugins\/seo\/ -->\n<title>Pol\u00edtica de Privacidad y Cookies\u200e - Technetix EMEA<\/title>\n<meta name=\"robots\" content=\"index, follow, max-snippet:-1, max-image-preview:large, max-video-preview:-1\" \/>\n<link rel=\"canonical\" href=\"https:\/\/emea.dev.technetix.com\/es\/politica-de-privacidad-de-technetix\/\" \/>\n<meta property=\"og:locale\" content=\"es_ES\" \/>\n<meta property=\"og:type\" content=\"article\" \/>\n<meta property=\"og:title\" content=\"Pol\u00edtica de Privacidad y Cookies\u200e - Technetix EMEA\" \/>\n<meta property=\"og:description\" content=\"Pol\u00edtica de Privacidad y Cookies\u200e \u200eEn Technetix, tratamos sus datos cuidadosamente y utilizamos los requisitos del Reglamento General de Protecci\u00f3n de Datos de Europa para regular la forma en que manejamos su informaci\u00f3n personal.\u200e \u200eEsta pol\u00edtica describe c\u00f3mo recopilamos, usamos y cuidamos la informaci\u00f3n que nos proporciona cuando utiliza el sitio web Technetix.com. Podemos actualizar ... Read more\" \/>\n<meta property=\"og:url\" content=\"https:\/\/emea.dev.technetix.com\/es\/politica-de-privacidad-de-technetix\/\" \/>\n<meta property=\"og:site_name\" content=\"Technetix EMEA\" \/>\n<meta property=\"article:modified_time\" content=\"2023-04-16T21:24:39+00:00\" \/>\n<meta property=\"og:image\" content=\"https:\/\/emea.dev.technetix.com\/wp-content\/uploads\/sites\/2\/2023\/06\/logo-Technetix-1200x675-1.png\" \/>\n\t<meta property=\"og:image:width\" content=\"1200\" \/>\n\t<meta property=\"og:image:height\" content=\"675\" \/>\n\t<meta property=\"og:image:type\" content=\"image\/png\" \/>\n<meta name=\"twitter:card\" content=\"summary_large_image\" \/>\n<meta name=\"twitter:site\" content=\"@technetixgroup\" \/>\n<meta name=\"twitter:label1\" content=\"Tiempo de lectura\" \/>\n\t<meta name=\"twitter:data1\" content=\"5 minutos\" \/>\n<script type=\"application\/ld+json\" class=\"yoast-schema-graph\">{\"@context\":\"https:\/\/schema.org\",\"@graph\":[{\"@type\":\"WebPage\",\"@id\":\"https:\/\/emea.dev.technetix.com\/es\/politica-de-privacidad-de-technetix\/\",\"url\":\"https:\/\/emea.dev.technetix.com\/es\/politica-de-privacidad-de-technetix\/\",\"name\":\"Pol\u00edtica de Privacidad y Cookies\u200e - Technetix EMEA\",\"isPartOf\":{\"@id\":\"https:\/\/emea.dev.technetix.com\/es\/#website\"},\"datePublished\":\"2023-01-17T17:22:35+00:00\",\"dateModified\":\"2023-04-16T21:24:39+00:00\",\"breadcrumb\":{\"@id\":\"https:\/\/emea.dev.technetix.com\/es\/politica-de-privacidad-de-technetix\/#breadcrumb\"},\"inLanguage\":\"es\",\"potentialAction\":[{\"@type\":\"ReadAction\",\"target\":[\"https:\/\/emea.dev.technetix.com\/es\/politica-de-privacidad-de-technetix\/\"]}]},{\"@type\":\"BreadcrumbList\",\"@id\":\"https:\/\/emea.dev.technetix.com\/es\/politica-de-privacidad-de-technetix\/#breadcrumb\",\"itemListElement\":[{\"@type\":\"ListItem\",\"position\":1,\"name\":\"Home\",\"item\":\"https:\/\/emea.dev.technetix.com\/es\/\"},{\"@type\":\"ListItem\",\"position\":2,\"name\":\"Pol\u00edtica de Privacidad y Cookies\u200e\"}]},{\"@type\":\"WebSite\",\"@id\":\"https:\/\/emea.dev.technetix.com\/es\/#website\",\"url\":\"https:\/\/emea.dev.technetix.com\/es\/\",\"name\":\"Technetix\",\"description\":\"Next-generation broadband equipment engineering\",\"publisher\":{\"@id\":\"https:\/\/emea.dev.technetix.com\/es\/#organization\"},\"potentialAction\":[{\"@type\":\"SearchAction\",\"target\":{\"@type\":\"EntryPoint\",\"urlTemplate\":\"https:\/\/emea.dev.technetix.com\/es\/?s={search_term_string}\"},\"query-input\":{\"@type\":\"PropertyValueSpecification\",\"valueRequired\":true,\"valueName\":\"search_term_string\"}}],\"inLanguage\":\"es\"},{\"@type\":\"Organization\",\"@id\":\"https:\/\/emea.dev.technetix.com\/es\/#organization\",\"name\":\"Technetix\",\"url\":\"https:\/\/emea.dev.technetix.com\/es\/\",\"logo\":{\"@type\":\"ImageObject\",\"inLanguage\":\"es\",\"@id\":\"https:\/\/emea.dev.technetix.com\/es\/#\/schema\/logo\/image\/\",\"url\":\"https:\/\/emea.dev.technetix.com\/wp-content\/uploads\/sites\/2\/2023\/06\/logo-Technetix-1000x1000-1.png\",\"contentUrl\":\"https:\/\/emea.dev.technetix.com\/wp-content\/uploads\/sites\/2\/2023\/06\/logo-Technetix-1000x1000-1.png\",\"width\":1000,\"height\":1000,\"caption\":\"Technetix\"},\"image\":{\"@id\":\"https:\/\/emea.dev.technetix.com\/es\/#\/schema\/logo\/image\/\"},\"sameAs\":[\"https:\/\/x.com\/technetixgroup\",\"https:\/\/www.linkedin.com\/company\/technetix\/\",\"https:\/\/www.youtube.com\/c\/Technetix-group\"]}]}<\/script>\n<!-- \/ Yoast SEO Premium plugin. -->","yoast_head_json":{"title":"Pol\u00edtica de Privacidad y Cookies\u200e - Technetix EMEA","robots":{"index":"index","follow":"follow","max-snippet":"max-snippet:-1","max-image-preview":"max-image-preview:large","max-video-preview":"max-video-preview:-1"},"canonical":"https:\/\/emea.dev.technetix.com\/es\/politica-de-privacidad-de-technetix\/","og_locale":"es_ES","og_type":"article","og_title":"Pol\u00edtica de Privacidad y Cookies\u200e - Technetix EMEA","og_description":"Pol\u00edtica de Privacidad y Cookies\u200e \u200eEn Technetix, tratamos sus datos cuidadosamente y utilizamos los requisitos del Reglamento General de Protecci\u00f3n de Datos de Europa para regular la forma en que manejamos su informaci\u00f3n personal.\u200e \u200eEsta pol\u00edtica describe c\u00f3mo recopilamos, usamos y cuidamos la informaci\u00f3n que nos proporciona cuando utiliza el sitio web Technetix.com. Podemos actualizar ... Read more","og_url":"https:\/\/emea.dev.technetix.com\/es\/politica-de-privacidad-de-technetix\/","og_site_name":"Technetix EMEA","article_modified_time":"2023-04-16T21:24:39+00:00","og_image":[{"width":1200,"height":675,"url":"https:\/\/emea.dev.technetix.com\/wp-content\/uploads\/sites\/2\/2023\/06\/logo-Technetix-1200x675-1.png","type":"image\/png"}],"twitter_card":"summary_large_image","twitter_site":"@technetixgroup","twitter_misc":{"Tiempo de lectura":"5 minutos"},"schema":{"@context":"https:\/\/schema.org","@graph":[{"@type":"WebPage","@id":"https:\/\/emea.dev.technetix.com\/es\/politica-de-privacidad-de-technetix\/","url":"https:\/\/emea.dev.technetix.com\/es\/politica-de-privacidad-de-technetix\/","name":"Pol\u00edtica de Privacidad y Cookies\u200e - Technetix EMEA","isPartOf":{"@id":"https:\/\/emea.dev.technetix.com\/es\/#website"},"datePublished":"2023-01-17T17:22:35+00:00","dateModified":"2023-04-16T21:24:39+00:00","breadcrumb":{"@id":"https:\/\/emea.dev.technetix.com\/es\/politica-de-privacidad-de-technetix\/#breadcrumb"},"inLanguage":"es","potentialAction":[{"@type":"ReadAction","target":["https:\/\/emea.dev.technetix.com\/es\/politica-de-privacidad-de-technetix\/"]}]},{"@type":"BreadcrumbList","@id":"https:\/\/emea.dev.technetix.com\/es\/politica-de-privacidad-de-technetix\/#breadcrumb","itemListElement":[{"@type":"ListItem","position":1,"name":"Home","item":"https:\/\/emea.dev.technetix.com\/es\/"},{"@type":"ListItem","position":2,"name":"Pol\u00edtica de Privacidad y Cookies\u200e"}]},{"@type":"WebSite","@id":"https:\/\/emea.dev.technetix.com\/es\/#website","url":"https:\/\/emea.dev.technetix.com\/es\/","name":"Technetix","description":"Next-generation broadband equipment engineering","publisher":{"@id":"https:\/\/emea.dev.technetix.com\/es\/#organization"},"potentialAction":[{"@type":"SearchAction","target":{"@type":"EntryPoint","urlTemplate":"https:\/\/emea.dev.technetix.com\/es\/?s={search_term_string}"},"query-input":{"@type":"PropertyValueSpecification","valueRequired":true,"valueName":"search_term_string"}}],"inLanguage":"es"},{"@type":"Organization","@id":"https:\/\/emea.dev.technetix.com\/es\/#organization","name":"Technetix","url":"https:\/\/emea.dev.technetix.com\/es\/","logo":{"@type":"ImageObject","inLanguage":"es","@id":"https:\/\/emea.dev.technetix.com\/es\/#\/schema\/logo\/image\/","url":"https:\/\/emea.dev.technetix.com\/wp-content\/uploads\/sites\/2\/2023\/06\/logo-Technetix-1000x1000-1.png","contentUrl":"https:\/\/emea.dev.technetix.com\/wp-content\/uploads\/sites\/2\/2023\/06\/logo-Technetix-1000x1000-1.png","width":1000,"height":1000,"caption":"Technetix"},"image":{"@id":"https:\/\/emea.dev.technetix.com\/es\/#\/schema\/logo\/image\/"},"sameAs":["https:\/\/x.com\/technetixgroup","https:\/\/www.linkedin.com\/company\/technetix\/","https:\/\/www.youtube.com\/c\/Technetix-group"]}]}},"acf":[],"publishpress_future_workflow_manual_trigger":{"enabledWorkflows":[]},"_links":{"self":[{"href":"https:\/\/emea.dev.technetix.com\/es\/wp-json\/wp\/v2\/pages\/7182"}],"collection":[{"href":"https:\/\/emea.dev.technetix.com\/es\/wp-json\/wp\/v2\/pages"}],"about":[{"href":"https:\/\/emea.dev.technetix.com\/es\/wp-json\/wp\/v2\/types\/page"}],"author":[{"embeddable":true,"href":"https:\/\/emea.dev.technetix.com\/es\/wp-json\/wp\/v2\/users\/1"}],"replies":[{"embeddable":true,"href":"https:\/\/emea.dev.technetix.com\/es\/wp-json\/wp\/v2\/comments?post=7182"}],"version-history":[{"count":2,"href":"https:\/\/emea.dev.technetix.com\/es\/wp-json\/wp\/v2\/pages\/7182\/revisions"}],"predecessor-version":[{"id":13252,"href":"https:\/\/emea.dev.technetix.com\/es\/wp-json\/wp\/v2\/pages\/7182\/revisions\/13252"}],"wp:attachment":[{"href":"https:\/\/emea.dev.technetix.com\/es\/wp-json\/wp\/v2\/media?parent=7182"}],"curies":[{"name":"wp","href":"https:\/\/api.w.org\/{rel}","templated":true}]}}