{"id":7166,"date":"2023-01-20T17:33:19","date_gmt":"2023-01-20T17:33:19","guid":{"rendered":"https:\/\/emea.dev.technetix.com\/descargas-de-software\/"},"modified":"2024-04-11T10:32:30","modified_gmt":"2024-04-11T10:32:30","slug":"descargas-de-software","status":"publish","type":"page","link":"https:\/\/emea.dev.technetix.com\/es\/descargas-de-software\/","title":{"rendered":"Descargas de software"},"content":{"rendered":"<div class=\"gb-container gb-container-f86f3f4f gb-container-hero-banner\"><div class=\"gb-inside-container\">\n<h1 class=\"gb-headline gb-headline-e1547755 gb-headline-text gb-headline-hero-banner-title\">Descargas de software<\/h1>\n<\/div><\/div><div class=\"gb-container gb-container-4b0132b3 gb-container-inner-back-page-con\">\n<h2 class=\"gb-headline gb-headline-d02c52e4 gb-headline-text\">En esta secci\u00f3n del sitio web, Technetix proporciona el software m\u00e1s reciente necesario para operar equipos DBx. Consulte las notas de la versi\u00f3n para obtener detalles sobre los cambios individuales de la versi\u00f3n. <\/h2>\n\n<p class=\"gb-headline gb-headline-6656b5c3 gb-headline-text\">Todas las descargas est\u00e1n protegidas por contrase\u00f1a, para obtener una contrase\u00f1a y para todas las dem\u00e1s preguntas, p\u00f3ngase en <a href=\"mailto:info-es@dev.technetix.com\" target=\"_blank\" rel=\"noreferrer noopener\">contacto con nuestro departamento<\/a> de servicio al cliente.<\/p>\n\n<div class=\"gb-container gb-container-e804f340 software-downloads-dl-section\"><div class=\"gb-inside-container\">\n<h2 class=\"gb-headline gb-headline-6b17d0fd gb-headline-text gb-headline-h2-in-content\" id=\"t-box-Control-software-for-DBx-series-amplifier-and-fiber-nodes\">t-box &#8211; Software de control para amplificadores de la serie DBx y nodos de fibra<\/h2>\n\n<p class=\"gb-headline gb-headline-623f5b86 gb-headline-text\">La \u00faltima versi\u00f3n del software t-box est\u00e1 disponible para descargar.<\/p>\n\n<p class=\"gb-headline gb-headline-fa8f18d6\"><span class=\"gb-icon\"><\/span><span class=\"gb-headline-text\"><a href=\"https:\/\/emea.dev.technetix.com\/wp-content\/uploads\/sites\/2\/2023\/02\/tbox-1-22-14.zip\" target=\"_blank\" rel=\"noreferrer noopener\">t-box software (version 1.22.14) (24.5 MB)<\/a><\/span><\/p>\n\n<p class=\"gb-headline gb-headline-0e6c244e\"><span class=\"gb-icon\"><\/span><span class=\"gb-headline-text\"><a href=\"https:\/\/emea.dev.technetix.com\/wp-content\/uploads\/sites\/2\/2023\/02\/tbox-release-1.22.25.zip\" target=\"_blank\" rel=\"noreferrer noopener\">t-box software (version 1.22.25) (20.1 MB)<\/a><\/span><\/p>\n\n<p class=\"gb-headline gb-headline-52ac7eef\"><span class=\"gb-icon\"><\/span><span class=\"gb-headline-text\"><a href=\"https:\/\/emea.dev.technetix.com\/wp-content\/uploads\/sites\/2\/2023\/02\/T-BOX_V1-22-25_SRN_EN.pdf\" target=\"_blank\" rel=\"noreferrer noopener\">t-box release notes v1.22.25 (779 kB)<\/a><\/span><\/p>\n\n<h2 class=\"gb-headline gb-headline-4b572e45 gb-headline-text gb-headline-h2-in-content\" id=\"BLL-Windows-control-software-for-DBx-series-amplifier-and-fiber-nodes\">BLL &#8211; Software de control de Windows para amplificadores de la serie DBx y nodos de fibra<\/h2>\n\n<p class=\"gb-headline gb-headline-c9b08205 gb-headline-text\">La \u00faltima versi\u00f3n de BLL est\u00e1 disponible para descargar. Aseg\u00farese de tener instalada la versi\u00f3n m\u00e1s reciente de .NET Framework para que el software funcione correctamente.<\/p>\n\n<p class=\"gb-headline gb-headline-6808fe73\"><span class=\"gb-icon\"><\/span><span class=\"gb-headline-text\"><a href=\"https:\/\/emea.dev.technetix.com\/wp-content\/uploads\/sites\/2\/2023\/02\/BLL-release-V3.22.26.zip\" target=\"_blank\" rel=\"noreferrer noopener\">BLL (full, version 3.22.26) (2.7 MB)<\/a><\/span><\/p>\n\n<p class=\"gb-headline gb-headline-d4aecfcf\"><span class=\"gb-icon\"><\/span><span class=\"gb-headline-text\"><a href=\"https:\/\/emea.dev.technetix.com\/wp-content\/uploads\/sites\/2\/2023\/02\/SRN_BLL_V3.22.25_V1.pdf\" target=\"_blank\" rel=\"noreferrer noopener\">BLL release notes v3.22.25 (520 kB)<\/a><\/span><\/p>\n\n<h2 class=\"gb-headline gb-headline-e3742336 gb-headline-text gb-headline-h2-in-content\" id=\"BLA-Android-control-software-for-DBx-series-amplifiers\">BLA &#8211; Software de control Android para amplificadores de la serie DBx<\/h2>\n\n<p class=\"gb-headline gb-headline-399aa230 gb-headline-text\">La \u00faltima versi\u00f3n de BLA est\u00e1 disponible para descargar. Tenga en cuenta que necesita un tel\u00e9fono inteligente compatible con un host USB y un cable adaptador. <\/p>\n\n<p class=\"gb-headline gb-headline-0070cb11\"><span class=\"gb-icon\"><\/span><span class=\"gb-headline-text\"><a href=\"https:\/\/emea.dev.technetix.com\/wp-content\/uploads\/sites\/2\/2023\/02\/BLA-release-3.22.18.1.zip\" target=\"_blank\" rel=\"noreferrer noopener\">BLA (full, version 3.22.18.1) (2.52 MB)<\/a><\/span><\/p>\n\n<p class=\"gb-headline gb-headline-284bad4a\"><span class=\"gb-icon\"><\/span><span class=\"gb-headline-text\"><a href=\"https:\/\/emea.dev.technetix.com\/wp-content\/uploads\/sites\/2\/2023\/02\/BLA_V3.22.18_SRN_EN.pdf\" target=\"_blank\" rel=\"noreferrer noopener\">BLA release notes v3.22.18 (688 kB)<\/a><\/span><\/p>\n\n<h2 class=\"gb-headline gb-headline-455110cf gb-headline-text gb-headline-h2-in-content\" id=\"NCC-Firmware\">NCC &#8211; Firmware<\/h2>\n\n<p class=\"gb-headline gb-headline-11388744 gb-headline-text\">El firmware NCC m\u00e1s reciente est\u00e1 disponible para descargar. Con la ultima herramienta de copia actualizada y soporte para la \u00faltima generaci\u00f3n de m\u00f3dulos del NCI. <\/p>\n\n<p class=\"gb-headline gb-headline-c765d135\"><span class=\"gb-icon\"><\/span><span class=\"gb-headline-text\"><a href=\"https:\/\/emea.dev.technetix.com\/wp-content\/uploads\/sites\/2\/2024\/01\/NCC-1222-Client-Package-V1_12_2.zip\">NCC-1222 client upgrade <\/a><\/span><\/p>\n\n<p class=\"gb-headline gb-headline-20517bbe\"><span class=\"gb-icon\"><\/span><span class=\"gb-headline-text\"><a href=\"https:\/\/emea.dev.technetix.com\/wp-content\/uploads\/sites\/2\/2024\/04\/NCC-2222-App-Client-Upgrade-Package-FW-V1_4-2024-03-30.zip\">NCC-2222 client upgrade<\/a> <\/span><\/p>\n\n<p class=\"gb-headline gb-headline-26a8887a\"><span class=\"gb-icon\"><\/span><span class=\"gb-headline-text\"><a href=\"https:\/\/emea.dev.technetix.com\/wp-content\/uploads\/sites\/2\/2024\/01\/UCC-321_Version-1_0_1-Release.zip\">UCC-321 client upgrade <\/a><\/span><\/p>\n\n<h2 class=\"gb-headline gb-headline-8e2d3de4 gb-headline-text gb-headline-h2-in-content\" id=\"TxNMS---User-guide\">TxNMS &#8211; Gu\u00eda del usuario<\/h2>\n\n<p class=\"gb-headline gb-headline-1c8df307\"><span class=\"gb-icon\"><\/span><span class=\"gb-headline-text\"><a href=\"https:\/\/emea.dev.technetix.com\/wp-content\/uploads\/sites\/2\/2023\/02\/TXNMS.pdf\" target=\"_blank\" rel=\"noreferrer noopener\">TXNMS (3.39 MB)<\/a><\/span><\/p>\n<\/div><\/div>\n<\/div><div class=\"gb-container gb-container-a232fa81 gb-container-con-buttons-bottom\">\n<h2 class=\"gb-headline gb-headline-7ce6fa4b gb-headline-text gb-headline-head-bottom-buttons\">Enlaces de inter\u00e9s<\/h2>\n\n<div class=\"gb-button-wrapper gb-button-wrapper-5300c273 gb-button-wrapper-after-con-buttons\">\n<a class=\"gb-button gb-button-4ceed201 gb-button-text gb-button-bottom-button\" href=\"https:\/\/emea.dev.technetix.com\/es\/redes-hfc\/sistemas-de-gestion-de-redes\/\">Sistemas de gesti\u00f3n de redes<\/a>\n\n<a class=\"gb-button gb-button-74bfad52 gb-button-text gb-button-bottom-button\" href=\"https:\/\/emea.dev.technetix.com\/es\/contactenos\/\">Cont\u00e1ctenos<\/a>\n<\/div>\n<\/div>","protected":false},"excerpt":{"rendered":"<p>Descargas de software En esta secci\u00f3n del sitio web, Technetix proporciona el software m\u00e1s reciente necesario para operar equipos DBx. Consulte las notas de la versi\u00f3n para obtener detalles sobre los cambios individuales de la versi\u00f3n. Todas las descargas est\u00e1n protegidas por contrase\u00f1a, para obtener una contrase\u00f1a y para todas las dem\u00e1s preguntas, p\u00f3ngase en &#8230; <a title=\"Descargas de software\" class=\"read-more\" href=\"https:\/\/emea.dev.technetix.com\/es\/descargas-de-software\/\" aria-label=\"M\u00e1s en Descargas de software\">Read more<\/a><\/p>\n","protected":false},"author":1,"featured_media":945,"parent":0,"menu_order":0,"comment_status":"closed","ping_status":"closed","template":"","meta":{"_acf_changed":false,"_gspb_post_css":"","footnotes":""},"class_list":["post-7166","page","type-page","status-publish","has-post-thumbnail"],"yoast_head":"<!-- This site is optimized with the Yoast SEO Premium plugin v22.5 (Yoast SEO v23.7) - https:\/\/yoast.com\/wordpress\/plugins\/seo\/ -->\n<title>Descargas de software - Technetix EMEA<\/title>\n<meta name=\"robots\" content=\"index, follow, max-snippet:-1, max-image-preview:large, max-video-preview:-1\" \/>\n<link rel=\"canonical\" href=\"https:\/\/emea.dev.technetix.com\/es\/descargas-de-software\/\" \/>\n<meta property=\"og:locale\" content=\"es_ES\" \/>\n<meta property=\"og:type\" content=\"article\" \/>\n<meta property=\"og:title\" content=\"Descargas de software - Technetix EMEA\" \/>\n<meta property=\"og:description\" content=\"Descargas de software En esta secci\u00f3n del sitio web, Technetix proporciona el software m\u00e1s reciente necesario para operar equipos DBx. Consulte las notas de la versi\u00f3n para obtener detalles sobre los cambios individuales de la versi\u00f3n. Todas las descargas est\u00e1n protegidas por contrase\u00f1a, para obtener una contrase\u00f1a y para todas las dem\u00e1s preguntas, p\u00f3ngase en ... Read more\" \/>\n<meta property=\"og:url\" content=\"https:\/\/emea.dev.technetix.com\/es\/descargas-de-software\/\" \/>\n<meta property=\"og:site_name\" content=\"Technetix EMEA\" \/>\n<meta property=\"article:modified_time\" content=\"2024-04-11T10:32:30+00:00\" \/>\n<meta property=\"og:image\" content=\"https:\/\/emea.dev.technetix.com\/wp-content\/uploads\/sites\/2\/2023\/01\/SERVICES_LARGE_SD_FINAL.jpg\" \/>\n\t<meta property=\"og:image:width\" content=\"1920\" \/>\n\t<meta property=\"og:image:height\" content=\"450\" \/>\n\t<meta property=\"og:image:type\" content=\"image\/jpeg\" \/>\n<meta name=\"twitter:card\" content=\"summary_large_image\" \/>\n<meta name=\"twitter:site\" content=\"@technetixgroup\" \/>\n<meta name=\"twitter:label1\" content=\"Tiempo de lectura\" \/>\n\t<meta name=\"twitter:data1\" content=\"2 minutos\" \/>\n<script type=\"application\/ld+json\" class=\"yoast-schema-graph\">{\"@context\":\"https:\/\/schema.org\",\"@graph\":[{\"@type\":\"WebPage\",\"@id\":\"https:\/\/emea.dev.technetix.com\/es\/descargas-de-software\/\",\"url\":\"https:\/\/emea.dev.technetix.com\/es\/descargas-de-software\/\",\"name\":\"Descargas de software - Technetix EMEA\",\"isPartOf\":{\"@id\":\"https:\/\/emea.dev.technetix.com\/es\/#website\"},\"primaryImageOfPage\":{\"@id\":\"https:\/\/emea.dev.technetix.com\/es\/descargas-de-software\/#primaryimage\"},\"image\":{\"@id\":\"https:\/\/emea.dev.technetix.com\/es\/descargas-de-software\/#primaryimage\"},\"thumbnailUrl\":\"https:\/\/emea.dev.technetix.com\/wp-content\/uploads\/sites\/2\/2023\/01\/SERVICES_LARGE_SD_FINAL.jpg\",\"datePublished\":\"2023-01-20T17:33:19+00:00\",\"dateModified\":\"2024-04-11T10:32:30+00:00\",\"breadcrumb\":{\"@id\":\"https:\/\/emea.dev.technetix.com\/es\/descargas-de-software\/#breadcrumb\"},\"inLanguage\":\"es\",\"potentialAction\":[{\"@type\":\"ReadAction\",\"target\":[\"https:\/\/emea.dev.technetix.com\/es\/descargas-de-software\/\"]}]},{\"@type\":\"ImageObject\",\"inLanguage\":\"es\",\"@id\":\"https:\/\/emea.dev.technetix.com\/es\/descargas-de-software\/#primaryimage\",\"url\":\"https:\/\/emea.dev.technetix.com\/wp-content\/uploads\/sites\/2\/2023\/01\/SERVICES_LARGE_SD_FINAL.jpg\",\"contentUrl\":\"https:\/\/emea.dev.technetix.com\/wp-content\/uploads\/sites\/2\/2023\/01\/SERVICES_LARGE_SD_FINAL.jpg\",\"width\":1920,\"height\":450},{\"@type\":\"BreadcrumbList\",\"@id\":\"https:\/\/emea.dev.technetix.com\/es\/descargas-de-software\/#breadcrumb\",\"itemListElement\":[{\"@type\":\"ListItem\",\"position\":1,\"name\":\"Home\",\"item\":\"https:\/\/emea.dev.technetix.com\/es\/\"},{\"@type\":\"ListItem\",\"position\":2,\"name\":\"Descargas de software\"}]},{\"@type\":\"WebSite\",\"@id\":\"https:\/\/emea.dev.technetix.com\/es\/#website\",\"url\":\"https:\/\/emea.dev.technetix.com\/es\/\",\"name\":\"Technetix\",\"description\":\"Next-generation broadband equipment engineering\",\"publisher\":{\"@id\":\"https:\/\/emea.dev.technetix.com\/es\/#organization\"},\"potentialAction\":[{\"@type\":\"SearchAction\",\"target\":{\"@type\":\"EntryPoint\",\"urlTemplate\":\"https:\/\/emea.dev.technetix.com\/es\/?s={search_term_string}\"},\"query-input\":{\"@type\":\"PropertyValueSpecification\",\"valueRequired\":true,\"valueName\":\"search_term_string\"}}],\"inLanguage\":\"es\"},{\"@type\":\"Organization\",\"@id\":\"https:\/\/emea.dev.technetix.com\/es\/#organization\",\"name\":\"Technetix\",\"url\":\"https:\/\/emea.dev.technetix.com\/es\/\",\"logo\":{\"@type\":\"ImageObject\",\"inLanguage\":\"es\",\"@id\":\"https:\/\/emea.dev.technetix.com\/es\/#\/schema\/logo\/image\/\",\"url\":\"https:\/\/emea.dev.technetix.com\/wp-content\/uploads\/sites\/2\/2023\/06\/logo-Technetix-1000x1000-1.png\",\"contentUrl\":\"https:\/\/emea.dev.technetix.com\/wp-content\/uploads\/sites\/2\/2023\/06\/logo-Technetix-1000x1000-1.png\",\"width\":1000,\"height\":1000,\"caption\":\"Technetix\"},\"image\":{\"@id\":\"https:\/\/emea.dev.technetix.com\/es\/#\/schema\/logo\/image\/\"},\"sameAs\":[\"https:\/\/x.com\/technetixgroup\",\"https:\/\/www.linkedin.com\/company\/technetix\/\",\"https:\/\/www.youtube.com\/c\/Technetix-group\"]}]}<\/script>\n<!-- \/ Yoast SEO Premium plugin. -->","yoast_head_json":{"title":"Descargas de software - Technetix EMEA","robots":{"index":"index","follow":"follow","max-snippet":"max-snippet:-1","max-image-preview":"max-image-preview:large","max-video-preview":"max-video-preview:-1"},"canonical":"https:\/\/emea.dev.technetix.com\/es\/descargas-de-software\/","og_locale":"es_ES","og_type":"article","og_title":"Descargas de software - Technetix EMEA","og_description":"Descargas de software En esta secci\u00f3n del sitio web, Technetix proporciona el software m\u00e1s reciente necesario para operar equipos DBx. Consulte las notas de la versi\u00f3n para obtener detalles sobre los cambios individuales de la versi\u00f3n. Todas las descargas est\u00e1n protegidas por contrase\u00f1a, para obtener una contrase\u00f1a y para todas las dem\u00e1s preguntas, p\u00f3ngase en ... Read more","og_url":"https:\/\/emea.dev.technetix.com\/es\/descargas-de-software\/","og_site_name":"Technetix EMEA","article_modified_time":"2024-04-11T10:32:30+00:00","og_image":[{"width":1920,"height":450,"url":"https:\/\/emea.dev.technetix.com\/wp-content\/uploads\/sites\/2\/2023\/01\/SERVICES_LARGE_SD_FINAL.jpg","type":"image\/jpeg"}],"twitter_card":"summary_large_image","twitter_site":"@technetixgroup","twitter_misc":{"Tiempo de lectura":"2 minutos"},"schema":{"@context":"https:\/\/schema.org","@graph":[{"@type":"WebPage","@id":"https:\/\/emea.dev.technetix.com\/es\/descargas-de-software\/","url":"https:\/\/emea.dev.technetix.com\/es\/descargas-de-software\/","name":"Descargas de software - Technetix EMEA","isPartOf":{"@id":"https:\/\/emea.dev.technetix.com\/es\/#website"},"primaryImageOfPage":{"@id":"https:\/\/emea.dev.technetix.com\/es\/descargas-de-software\/#primaryimage"},"image":{"@id":"https:\/\/emea.dev.technetix.com\/es\/descargas-de-software\/#primaryimage"},"thumbnailUrl":"https:\/\/emea.dev.technetix.com\/wp-content\/uploads\/sites\/2\/2023\/01\/SERVICES_LARGE_SD_FINAL.jpg","datePublished":"2023-01-20T17:33:19+00:00","dateModified":"2024-04-11T10:32:30+00:00","breadcrumb":{"@id":"https:\/\/emea.dev.technetix.com\/es\/descargas-de-software\/#breadcrumb"},"inLanguage":"es","potentialAction":[{"@type":"ReadAction","target":["https:\/\/emea.dev.technetix.com\/es\/descargas-de-software\/"]}]},{"@type":"ImageObject","inLanguage":"es","@id":"https:\/\/emea.dev.technetix.com\/es\/descargas-de-software\/#primaryimage","url":"https:\/\/emea.dev.technetix.com\/wp-content\/uploads\/sites\/2\/2023\/01\/SERVICES_LARGE_SD_FINAL.jpg","contentUrl":"https:\/\/emea.dev.technetix.com\/wp-content\/uploads\/sites\/2\/2023\/01\/SERVICES_LARGE_SD_FINAL.jpg","width":1920,"height":450},{"@type":"BreadcrumbList","@id":"https:\/\/emea.dev.technetix.com\/es\/descargas-de-software\/#breadcrumb","itemListElement":[{"@type":"ListItem","position":1,"name":"Home","item":"https:\/\/emea.dev.technetix.com\/es\/"},{"@type":"ListItem","position":2,"name":"Descargas de software"}]},{"@type":"WebSite","@id":"https:\/\/emea.dev.technetix.com\/es\/#website","url":"https:\/\/emea.dev.technetix.com\/es\/","name":"Technetix","description":"Next-generation broadband equipment engineering","publisher":{"@id":"https:\/\/emea.dev.technetix.com\/es\/#organization"},"potentialAction":[{"@type":"SearchAction","target":{"@type":"EntryPoint","urlTemplate":"https:\/\/emea.dev.technetix.com\/es\/?s={search_term_string}"},"query-input":{"@type":"PropertyValueSpecification","valueRequired":true,"valueName":"search_term_string"}}],"inLanguage":"es"},{"@type":"Organization","@id":"https:\/\/emea.dev.technetix.com\/es\/#organization","name":"Technetix","url":"https:\/\/emea.dev.technetix.com\/es\/","logo":{"@type":"ImageObject","inLanguage":"es","@id":"https:\/\/emea.dev.technetix.com\/es\/#\/schema\/logo\/image\/","url":"https:\/\/emea.dev.technetix.com\/wp-content\/uploads\/sites\/2\/2023\/06\/logo-Technetix-1000x1000-1.png","contentUrl":"https:\/\/emea.dev.technetix.com\/wp-content\/uploads\/sites\/2\/2023\/06\/logo-Technetix-1000x1000-1.png","width":1000,"height":1000,"caption":"Technetix"},"image":{"@id":"https:\/\/emea.dev.technetix.com\/es\/#\/schema\/logo\/image\/"},"sameAs":["https:\/\/x.com\/technetixgroup","https:\/\/www.linkedin.com\/company\/technetix\/","https:\/\/www.youtube.com\/c\/Technetix-group"]}]}},"acf":[],"publishpress_future_workflow_manual_trigger":{"enabledWorkflows":[]},"_links":{"self":[{"href":"https:\/\/emea.dev.technetix.com\/es\/wp-json\/wp\/v2\/pages\/7166"}],"collection":[{"href":"https:\/\/emea.dev.technetix.com\/es\/wp-json\/wp\/v2\/pages"}],"about":[{"href":"https:\/\/emea.dev.technetix.com\/es\/wp-json\/wp\/v2\/types\/page"}],"author":[{"embeddable":true,"href":"https:\/\/emea.dev.technetix.com\/es\/wp-json\/wp\/v2\/users\/1"}],"replies":[{"embeddable":true,"href":"https:\/\/emea.dev.technetix.com\/es\/wp-json\/wp\/v2\/comments?post=7166"}],"version-history":[{"count":5,"href":"https:\/\/emea.dev.technetix.com\/es\/wp-json\/wp\/v2\/pages\/7166\/revisions"}],"predecessor-version":[{"id":350240,"href":"https:\/\/emea.dev.technetix.com\/es\/wp-json\/wp\/v2\/pages\/7166\/revisions\/350240"}],"wp:featuredmedia":[{"embeddable":true,"href":"https:\/\/emea.dev.technetix.com\/es\/wp-json\/wp\/v2\/media\/945"}],"wp:attachment":[{"href":"https:\/\/emea.dev.technetix.com\/es\/wp-json\/wp\/v2\/media?parent=7166"}],"curies":[{"name":"wp","href":"https:\/\/api.w.org\/{rel}","templated":true}]}}