{"id":7156,"date":"2023-01-20T17:28:17","date_gmt":"2023-01-20T17:28:17","guid":{"rendered":"https:\/\/emea.dev.technetix.com\/consultoria-de-redes\/"},"modified":"2023-04-16T14:00:10","modified_gmt":"2023-04-16T14:00:10","slug":"consultoria-de-redes","status":"publish","type":"page","link":"https:\/\/emea.dev.technetix.com\/es\/consultoria-de-redes\/","title":{"rendered":"\u200eConsultor\u00eda de redes\u200e"},"content":{"rendered":"<div class=\"gb-container gb-container-f86f3f4f gb-container-hero-banner\"><div class=\"gb-inside-container\">\n<h1 class=\"gb-headline gb-headline-e1547755 gb-headline-text gb-headline-hero-banner-title\">\u200eConsultor\u00eda de redes\u200e<\/h1>\n<\/div><\/div><div class=\"gb-container gb-container-7fb59ace gb-container-inner-back-page-con\">\n<h2 class=\"gb-headline gb-headline-d02c52e4 gb-headline-text\">La divisi\u00f3n de consultor\u00eda de redes de Technetix ofrece asesoramiento especializado y orientaci\u00f3n sobre todos los aspectos de su red de banda ancha. Nuestro equipo de CTO trabaja con operadores diversos: desde MSO nacionales de primer nivel hasta operadores regionales m\u00e1s peque\u00f1os en m\u00e1s de 70 pa\u00edses de todo el mundo.\u200e <\/h2>\n\n<p class=\"gb-headline gb-headline-6656b5c3 gb-headline-text\">Nuestros servicios de consultor\u00eda incluyen:\u200e<\/p>\n\n<ul class=\"wp-block-list\"><li>An\u00e1lisis de la situaci\u00f3n actual\u200e<\/li>\n\n<li>Dibujos completos de redes topol\u00f3gicas\u200e<\/li>\n\n<li>C\u00e1lculos de red para cada escenario\u200e<\/li>\n\n<li>Actualizaciones de red para maximizar la vida \u00fatil de su red existente\u200e<\/li>\n\n<li>Soluci\u00f3n de problemas\u200e<\/li>\n\n<li>Recomendaciones de ahorro de energ\u00eda y costes\u200e<\/li>\n\n<li>Planificaci\u00f3n para el futuro\u200e<\/li><\/ul>\n\n<p class=\"gb-headline gb-headline-623f5b86 gb-headline-text\">\u200eSi desea obtener m\u00e1s informaci\u00f3n sobre nuestros servicios de consultor\u00eda de red, p\u00f3ngase en contacto con <a href=\"mailto:CTO_Team@dev.technetix.com\" target=\"_blank\" rel=\"noreferrer noopener nofollow\">CTO_Team@dev.technetix.com<\/a>.<\/p>\n<\/div><div class=\"gb-container gb-container-d3b4ee91 gb-container-con-buttons-bottom\">\n<h2 class=\"gb-headline gb-headline-7ce6fa4b gb-headline-text gb-headline-head-bottom-buttons\">Enlaces de inter\u00e9s<\/h2>\n\n<div class=\"gb-button-wrapper gb-button-wrapper-5300c273 gb-button-wrapper-after-con-buttons\">\n<a class=\"gb-button gb-button-74bfad52 gb-button-text gb-button-bottom-button\" href=\"https:\/\/emea.dev.technetix.com\/es\/contactenos\/\">Cont\u00e1ctenos<\/a>\n\n<a class=\"gb-button gb-button-e7a0fe73 gb-button-text gb-button-bottom-button\" href=\"https:\/\/emea.dev.technetix.com\/es\/technetix-academy\/\">Technetix Academy<\/a>\n\n<a class=\"gb-button gb-button-5e4e6530 gb-button-text gb-button-bottom-button\" href=\"https:\/\/emea.dev.technetix.com\/es\/nuestra-vision\/\">\u200eNuestra visi\u00f3n\u200e<\/a>\n<\/div>\n<\/div>","protected":false},"excerpt":{"rendered":"<p>\u200eConsultor\u00eda de redes\u200e La divisi\u00f3n de consultor\u00eda de redes de Technetix ofrece asesoramiento especializado y orientaci\u00f3n sobre todos los aspectos de su red de banda ancha. Nuestro equipo de CTO trabaja con operadores diversos: desde MSO nacionales de primer nivel hasta operadores regionales m\u00e1s peque\u00f1os en m\u00e1s de 70 pa\u00edses de todo el mundo.\u200e Nuestros &#8230; <a title=\"\u200eConsultor\u00eda de redes\u200e\" class=\"read-more\" href=\"https:\/\/emea.dev.technetix.com\/es\/consultoria-de-redes\/\" aria-label=\"M\u00e1s en \u200eConsultor\u00eda de redes\u200e\">Read more<\/a><\/p>\n","protected":false},"author":1,"featured_media":930,"parent":0,"menu_order":0,"comment_status":"open","ping_status":"closed","template":"","meta":{"_acf_changed":false,"_gspb_post_css":"","footnotes":""},"class_list":["post-7156","page","type-page","status-publish","has-post-thumbnail"],"yoast_head":"<!-- This site is optimized with the Yoast SEO Premium plugin v22.5 (Yoast SEO v23.7) - https:\/\/yoast.com\/wordpress\/plugins\/seo\/ -->\n<title>\u200eConsultor\u00eda de redes\u200e - Technetix EMEA<\/title>\n<meta name=\"robots\" content=\"index, follow, max-snippet:-1, max-image-preview:large, max-video-preview:-1\" \/>\n<link rel=\"canonical\" href=\"https:\/\/emea.dev.technetix.com\/es\/consultoria-de-redes\/\" \/>\n<meta property=\"og:locale\" content=\"es_ES\" \/>\n<meta property=\"og:type\" content=\"article\" \/>\n<meta property=\"og:title\" content=\"\u200eConsultor\u00eda de redes\u200e - Technetix EMEA\" \/>\n<meta property=\"og:description\" content=\"\u200eConsultor\u00eda de redes\u200e La divisi\u00f3n de consultor\u00eda de redes de Technetix ofrece asesoramiento especializado y orientaci\u00f3n sobre todos los aspectos de su red de banda ancha. Nuestro equipo de CTO trabaja con operadores diversos: desde MSO nacionales de primer nivel hasta operadores regionales m\u00e1s peque\u00f1os en m\u00e1s de 70 pa\u00edses de todo el mundo.\u200e Nuestros ... Read more\" \/>\n<meta property=\"og:url\" content=\"https:\/\/emea.dev.technetix.com\/es\/consultoria-de-redes\/\" \/>\n<meta property=\"og:site_name\" content=\"Technetix EMEA\" \/>\n<meta property=\"article:modified_time\" content=\"2023-04-16T14:00:10+00:00\" \/>\n<meta property=\"og:image\" content=\"https:\/\/emea.dev.technetix.com\/wp-content\/uploads\/sites\/2\/2023\/01\/SERVICES_LARGE_NETWORK_FINAL.jpg\" \/>\n\t<meta property=\"og:image:width\" content=\"1920\" \/>\n\t<meta property=\"og:image:height\" content=\"450\" \/>\n\t<meta property=\"og:image:type\" content=\"image\/jpeg\" \/>\n<meta name=\"twitter:card\" content=\"summary_large_image\" \/>\n<meta name=\"twitter:site\" content=\"@technetixgroup\" \/>\n<meta name=\"twitter:label1\" content=\"Tiempo de lectura\" \/>\n\t<meta name=\"twitter:data1\" content=\"1 minuto\" \/>\n<script type=\"application\/ld+json\" class=\"yoast-schema-graph\">{\"@context\":\"https:\/\/schema.org\",\"@graph\":[{\"@type\":\"WebPage\",\"@id\":\"https:\/\/emea.dev.technetix.com\/es\/consultoria-de-redes\/\",\"url\":\"https:\/\/emea.dev.technetix.com\/es\/consultoria-de-redes\/\",\"name\":\"\u200eConsultor\u00eda de redes\u200e - Technetix EMEA\",\"isPartOf\":{\"@id\":\"https:\/\/emea.dev.technetix.com\/es\/#website\"},\"primaryImageOfPage\":{\"@id\":\"https:\/\/emea.dev.technetix.com\/es\/consultoria-de-redes\/#primaryimage\"},\"image\":{\"@id\":\"https:\/\/emea.dev.technetix.com\/es\/consultoria-de-redes\/#primaryimage\"},\"thumbnailUrl\":\"https:\/\/emea.dev.technetix.com\/wp-content\/uploads\/sites\/2\/2023\/01\/SERVICES_LARGE_NETWORK_FINAL.jpg\",\"datePublished\":\"2023-01-20T17:28:17+00:00\",\"dateModified\":\"2023-04-16T14:00:10+00:00\",\"breadcrumb\":{\"@id\":\"https:\/\/emea.dev.technetix.com\/es\/consultoria-de-redes\/#breadcrumb\"},\"inLanguage\":\"es\",\"potentialAction\":[{\"@type\":\"ReadAction\",\"target\":[\"https:\/\/emea.dev.technetix.com\/es\/consultoria-de-redes\/\"]}]},{\"@type\":\"ImageObject\",\"inLanguage\":\"es\",\"@id\":\"https:\/\/emea.dev.technetix.com\/es\/consultoria-de-redes\/#primaryimage\",\"url\":\"https:\/\/emea.dev.technetix.com\/wp-content\/uploads\/sites\/2\/2023\/01\/SERVICES_LARGE_NETWORK_FINAL.jpg\",\"contentUrl\":\"https:\/\/emea.dev.technetix.com\/wp-content\/uploads\/sites\/2\/2023\/01\/SERVICES_LARGE_NETWORK_FINAL.jpg\",\"width\":1920,\"height\":450},{\"@type\":\"BreadcrumbList\",\"@id\":\"https:\/\/emea.dev.technetix.com\/es\/consultoria-de-redes\/#breadcrumb\",\"itemListElement\":[{\"@type\":\"ListItem\",\"position\":1,\"name\":\"Home\",\"item\":\"https:\/\/emea.dev.technetix.com\/es\/\"},{\"@type\":\"ListItem\",\"position\":2,\"name\":\"\u200eConsultor\u00eda de redes\u200e\"}]},{\"@type\":\"WebSite\",\"@id\":\"https:\/\/emea.dev.technetix.com\/es\/#website\",\"url\":\"https:\/\/emea.dev.technetix.com\/es\/\",\"name\":\"Technetix\",\"description\":\"Next-generation broadband equipment engineering\",\"publisher\":{\"@id\":\"https:\/\/emea.dev.technetix.com\/es\/#organization\"},\"potentialAction\":[{\"@type\":\"SearchAction\",\"target\":{\"@type\":\"EntryPoint\",\"urlTemplate\":\"https:\/\/emea.dev.technetix.com\/es\/?s={search_term_string}\"},\"query-input\":{\"@type\":\"PropertyValueSpecification\",\"valueRequired\":true,\"valueName\":\"search_term_string\"}}],\"inLanguage\":\"es\"},{\"@type\":\"Organization\",\"@id\":\"https:\/\/emea.dev.technetix.com\/es\/#organization\",\"name\":\"Technetix\",\"url\":\"https:\/\/emea.dev.technetix.com\/es\/\",\"logo\":{\"@type\":\"ImageObject\",\"inLanguage\":\"es\",\"@id\":\"https:\/\/emea.dev.technetix.com\/es\/#\/schema\/logo\/image\/\",\"url\":\"https:\/\/emea.dev.technetix.com\/wp-content\/uploads\/sites\/2\/2023\/06\/logo-Technetix-1000x1000-1.png\",\"contentUrl\":\"https:\/\/emea.dev.technetix.com\/wp-content\/uploads\/sites\/2\/2023\/06\/logo-Technetix-1000x1000-1.png\",\"width\":1000,\"height\":1000,\"caption\":\"Technetix\"},\"image\":{\"@id\":\"https:\/\/emea.dev.technetix.com\/es\/#\/schema\/logo\/image\/\"},\"sameAs\":[\"https:\/\/x.com\/technetixgroup\",\"https:\/\/www.linkedin.com\/company\/technetix\/\",\"https:\/\/www.youtube.com\/c\/Technetix-group\"]}]}<\/script>\n<!-- \/ Yoast SEO Premium plugin. -->","yoast_head_json":{"title":"\u200eConsultor\u00eda de redes\u200e - Technetix EMEA","robots":{"index":"index","follow":"follow","max-snippet":"max-snippet:-1","max-image-preview":"max-image-preview:large","max-video-preview":"max-video-preview:-1"},"canonical":"https:\/\/emea.dev.technetix.com\/es\/consultoria-de-redes\/","og_locale":"es_ES","og_type":"article","og_title":"\u200eConsultor\u00eda de redes\u200e - Technetix EMEA","og_description":"\u200eConsultor\u00eda de redes\u200e La divisi\u00f3n de consultor\u00eda de redes de Technetix ofrece asesoramiento especializado y orientaci\u00f3n sobre todos los aspectos de su red de banda ancha. Nuestro equipo de CTO trabaja con operadores diversos: desde MSO nacionales de primer nivel hasta operadores regionales m\u00e1s peque\u00f1os en m\u00e1s de 70 pa\u00edses de todo el mundo.\u200e Nuestros ... Read more","og_url":"https:\/\/emea.dev.technetix.com\/es\/consultoria-de-redes\/","og_site_name":"Technetix EMEA","article_modified_time":"2023-04-16T14:00:10+00:00","og_image":[{"width":1920,"height":450,"url":"https:\/\/emea.dev.technetix.com\/wp-content\/uploads\/sites\/2\/2023\/01\/SERVICES_LARGE_NETWORK_FINAL.jpg","type":"image\/jpeg"}],"twitter_card":"summary_large_image","twitter_site":"@technetixgroup","twitter_misc":{"Tiempo de lectura":"1 minuto"},"schema":{"@context":"https:\/\/schema.org","@graph":[{"@type":"WebPage","@id":"https:\/\/emea.dev.technetix.com\/es\/consultoria-de-redes\/","url":"https:\/\/emea.dev.technetix.com\/es\/consultoria-de-redes\/","name":"\u200eConsultor\u00eda de redes\u200e - Technetix EMEA","isPartOf":{"@id":"https:\/\/emea.dev.technetix.com\/es\/#website"},"primaryImageOfPage":{"@id":"https:\/\/emea.dev.technetix.com\/es\/consultoria-de-redes\/#primaryimage"},"image":{"@id":"https:\/\/emea.dev.technetix.com\/es\/consultoria-de-redes\/#primaryimage"},"thumbnailUrl":"https:\/\/emea.dev.technetix.com\/wp-content\/uploads\/sites\/2\/2023\/01\/SERVICES_LARGE_NETWORK_FINAL.jpg","datePublished":"2023-01-20T17:28:17+00:00","dateModified":"2023-04-16T14:00:10+00:00","breadcrumb":{"@id":"https:\/\/emea.dev.technetix.com\/es\/consultoria-de-redes\/#breadcrumb"},"inLanguage":"es","potentialAction":[{"@type":"ReadAction","target":["https:\/\/emea.dev.technetix.com\/es\/consultoria-de-redes\/"]}]},{"@type":"ImageObject","inLanguage":"es","@id":"https:\/\/emea.dev.technetix.com\/es\/consultoria-de-redes\/#primaryimage","url":"https:\/\/emea.dev.technetix.com\/wp-content\/uploads\/sites\/2\/2023\/01\/SERVICES_LARGE_NETWORK_FINAL.jpg","contentUrl":"https:\/\/emea.dev.technetix.com\/wp-content\/uploads\/sites\/2\/2023\/01\/SERVICES_LARGE_NETWORK_FINAL.jpg","width":1920,"height":450},{"@type":"BreadcrumbList","@id":"https:\/\/emea.dev.technetix.com\/es\/consultoria-de-redes\/#breadcrumb","itemListElement":[{"@type":"ListItem","position":1,"name":"Home","item":"https:\/\/emea.dev.technetix.com\/es\/"},{"@type":"ListItem","position":2,"name":"\u200eConsultor\u00eda de redes\u200e"}]},{"@type":"WebSite","@id":"https:\/\/emea.dev.technetix.com\/es\/#website","url":"https:\/\/emea.dev.technetix.com\/es\/","name":"Technetix","description":"Next-generation broadband equipment engineering","publisher":{"@id":"https:\/\/emea.dev.technetix.com\/es\/#organization"},"potentialAction":[{"@type":"SearchAction","target":{"@type":"EntryPoint","urlTemplate":"https:\/\/emea.dev.technetix.com\/es\/?s={search_term_string}"},"query-input":{"@type":"PropertyValueSpecification","valueRequired":true,"valueName":"search_term_string"}}],"inLanguage":"es"},{"@type":"Organization","@id":"https:\/\/emea.dev.technetix.com\/es\/#organization","name":"Technetix","url":"https:\/\/emea.dev.technetix.com\/es\/","logo":{"@type":"ImageObject","inLanguage":"es","@id":"https:\/\/emea.dev.technetix.com\/es\/#\/schema\/logo\/image\/","url":"https:\/\/emea.dev.technetix.com\/wp-content\/uploads\/sites\/2\/2023\/06\/logo-Technetix-1000x1000-1.png","contentUrl":"https:\/\/emea.dev.technetix.com\/wp-content\/uploads\/sites\/2\/2023\/06\/logo-Technetix-1000x1000-1.png","width":1000,"height":1000,"caption":"Technetix"},"image":{"@id":"https:\/\/emea.dev.technetix.com\/es\/#\/schema\/logo\/image\/"},"sameAs":["https:\/\/x.com\/technetixgroup","https:\/\/www.linkedin.com\/company\/technetix\/","https:\/\/www.youtube.com\/c\/Technetix-group"]}]}},"acf":[],"publishpress_future_workflow_manual_trigger":{"enabledWorkflows":[]},"_links":{"self":[{"href":"https:\/\/emea.dev.technetix.com\/es\/wp-json\/wp\/v2\/pages\/7156"}],"collection":[{"href":"https:\/\/emea.dev.technetix.com\/es\/wp-json\/wp\/v2\/pages"}],"about":[{"href":"https:\/\/emea.dev.technetix.com\/es\/wp-json\/wp\/v2\/types\/page"}],"author":[{"embeddable":true,"href":"https:\/\/emea.dev.technetix.com\/es\/wp-json\/wp\/v2\/users\/1"}],"replies":[{"embeddable":true,"href":"https:\/\/emea.dev.technetix.com\/es\/wp-json\/wp\/v2\/comments?post=7156"}],"version-history":[{"count":2,"href":"https:\/\/emea.dev.technetix.com\/es\/wp-json\/wp\/v2\/pages\/7156\/revisions"}],"predecessor-version":[{"id":13210,"href":"https:\/\/emea.dev.technetix.com\/es\/wp-json\/wp\/v2\/pages\/7156\/revisions\/13210"}],"wp:featuredmedia":[{"embeddable":true,"href":"https:\/\/emea.dev.technetix.com\/es\/wp-json\/wp\/v2\/media\/930"}],"wp:attachment":[{"href":"https:\/\/emea.dev.technetix.com\/es\/wp-json\/wp\/v2\/media?parent=7156"}],"curies":[{"name":"wp","href":"https:\/\/api.w.org\/{rel}","templated":true}]}}