{"id":7154,"date":"2023-01-19T19:00:19","date_gmt":"2023-01-19T19:00:19","guid":{"rendered":"https:\/\/emea.dev.technetix.com\/technetix-academy\/"},"modified":"2023-05-05T17:04:18","modified_gmt":"2023-05-05T17:04:18","slug":"technetix-academy","status":"publish","type":"page","link":"https:\/\/emea.dev.technetix.com\/es\/technetix-academy\/","title":{"rendered":"Technetix Academy"},"content":{"rendered":"<div class=\"gb-container gb-container-f86f3f4f gb-container-hero-banner\"><div class=\"gb-inside-container\">\n<h1 class=\"gb-headline gb-headline-e1547755 gb-headline-text gb-headline-hero-banner-title\">Technetix Academy<\/h1>\n<\/div><\/div><div class=\"gb-container gb-container-7e1107eb gb-container-inner-back-page-con\">\n<h2 class=\"gb-headline gb-headline-d02c52e4 gb-headline-text\">Desarrolle sus habilidades con Technetix Academy, donde nuestro equipo de t\u00e9cnicos de cable de banda ancha brinda capacitaci\u00f3n profesional en habilidades, en online o presencial.<\/h2>\n\n<p class=\"gb-headline gb-headline-6656b5c3 gb-headline-text\">Podemos organizar la formaci\u00f3n interna o externa en la Technetix Academy (o en un lugar alternativo por acuerdo). Nuestros cursos de formaci\u00f3n cubren una amplia gama de tecnolog\u00edas, productos y problemas de gesti\u00f3n de redes de cable de banda ancha. Podemos personalizar nuestra capacitaci\u00f3n para satisfacer sus necesidades e inquietudes espec\u00edficas.  <\/p>\n\n<p class=\"gb-headline gb-headline-e5c1e002 gb-headline-text\">Ejemplos de la formaci\u00f3n que podemos ofrecer:<\/p>\n\n<ul class=\"wp-block-list\"><li>Actualizaci\u00f3n tecnol\u00f3gica trimestral con el equipo de CTO<\/li>\n\n<li>Virtual Segmentation \u2122: profundice en la fibra sin fibra: 10 Gbps por cable coaxial<\/li>\n\n<li>Arquitectura de ganancia distribuida: su cambio a DOCSIS 4.0<\/li>\n\n<li>Gu\u00eda de instalaci\u00f3n de DBx<\/li>\n\n<li>Maximizando el ROI de su red HFC<\/li><\/ul>\n\n<p class=\"gb-headline gb-headline-623f5b86 gb-headline-text\">P\u00f3ngase en contacto con <a href=\"mailto:academy@dev.technetix.com\" target=\"_blank\" rel=\"noreferrer noopener nofollow\">academy@dev.technetix.com<\/a> si desea obtener m\u00e1s informaci\u00f3n sobre nuestra capacitaci\u00f3n y asesoramiento.<\/p>\n\n<h2 class=\"gb-headline gb-headline-6b17d0fd gb-headline-text gb-headline-h2-in-content\">La innovaci\u00f3n est\u00e1 en nuestro ADN<\/h2>\n<\/div><div class=\"gb-container gb-container-e573cd44 gb-container-con-buttons-bottom\">\n<h2 class=\"gb-headline gb-headline-7ce6fa4b gb-headline-text gb-headline-head-bottom-buttons\">Enlaces de inter\u00e9s<\/h2>\n\n<div class=\"gb-button-wrapper gb-button-wrapper-5300c273 gb-button-wrapper-after-con-buttons\">\n<a class=\"gb-button gb-button-74bfad52 gb-button-text gb-button-bottom-button\" href=\"https:\/\/emea.dev.technetix.com\/es\/contactenos\/\">Cont\u00e1ctenos<\/a>\n\n<a class=\"gb-button gb-button-5e4e6530 gb-button-text gb-button-bottom-button\" href=\"https:\/\/emea.dev.technetix.com\/es\/nuestra-vision\/\">Tecnolog\u00edas<\/a>\n\n<a class=\"gb-button gb-button-ff3bad62 gb-button-text gb-button-bottom-button\" href=\"https:\/\/emea.dev.technetix.com\/es\/consultoria-de-redes\/\">Consultor\u00eda de redes<\/a>\n<\/div>\n<\/div>","protected":false},"excerpt":{"rendered":"<p>Technetix Academy Desarrolle sus habilidades con Technetix Academy, donde nuestro equipo de t\u00e9cnicos de cable de banda ancha brinda capacitaci\u00f3n profesional en habilidades, en online o presencial. Podemos organizar la formaci\u00f3n interna o externa en la Technetix Academy (o en un lugar alternativo por acuerdo). Nuestros cursos de formaci\u00f3n cubren una amplia gama de tecnolog\u00edas, &#8230; <a title=\"Technetix Academy\" class=\"read-more\" href=\"https:\/\/emea.dev.technetix.com\/es\/technetix-academy\/\" aria-label=\"M\u00e1s en Technetix Academy\">Read more<\/a><\/p>\n","protected":false},"author":1,"featured_media":612,"parent":0,"menu_order":0,"comment_status":"open","ping_status":"closed","template":"","meta":{"_acf_changed":false,"_gspb_post_css":"","footnotes":""},"class_list":["post-7154","page","type-page","status-publish","has-post-thumbnail"],"yoast_head":"<!-- This site is optimized with the Yoast SEO Premium plugin v22.5 (Yoast SEO v23.7) - https:\/\/yoast.com\/wordpress\/plugins\/seo\/ -->\n<title>Technetix Academy - Technetix EMEA<\/title>\n<meta name=\"robots\" content=\"index, follow, max-snippet:-1, max-image-preview:large, max-video-preview:-1\" \/>\n<link rel=\"canonical\" href=\"https:\/\/emea.dev.technetix.com\/es\/technetix-academy\/\" \/>\n<meta property=\"og:locale\" content=\"es_ES\" \/>\n<meta property=\"og:type\" content=\"article\" \/>\n<meta property=\"og:title\" content=\"Technetix Academy - Technetix EMEA\" \/>\n<meta property=\"og:description\" content=\"Technetix Academy Desarrolle sus habilidades con Technetix Academy, donde nuestro equipo de t\u00e9cnicos de cable de banda ancha brinda capacitaci\u00f3n profesional en habilidades, en online o presencial. Podemos organizar la formaci\u00f3n interna o externa en la Technetix Academy (o en un lugar alternativo por acuerdo). Nuestros cursos de formaci\u00f3n cubren una amplia gama de tecnolog\u00edas, ... Read more\" \/>\n<meta property=\"og:url\" content=\"https:\/\/emea.dev.technetix.com\/es\/technetix-academy\/\" \/>\n<meta property=\"og:site_name\" content=\"Technetix EMEA\" \/>\n<meta property=\"article:modified_time\" content=\"2023-05-05T17:04:18+00:00\" \/>\n<meta property=\"og:image\" content=\"https:\/\/emea.dev.technetix.com\/wp-content\/uploads\/sites\/2\/2023\/01\/SERVICES_LARGE_TA_FINAL.jpg\" \/>\n\t<meta property=\"og:image:width\" content=\"1920\" \/>\n\t<meta property=\"og:image:height\" content=\"450\" \/>\n\t<meta property=\"og:image:type\" content=\"image\/jpeg\" \/>\n<meta name=\"twitter:card\" content=\"summary_large_image\" \/>\n<meta name=\"twitter:site\" content=\"@technetixgroup\" \/>\n<meta name=\"twitter:label1\" content=\"Tiempo de lectura\" \/>\n\t<meta name=\"twitter:data1\" content=\"1 minuto\" \/>\n<script type=\"application\/ld+json\" class=\"yoast-schema-graph\">{\"@context\":\"https:\/\/schema.org\",\"@graph\":[{\"@type\":\"WebPage\",\"@id\":\"https:\/\/emea.dev.technetix.com\/es\/technetix-academy\/\",\"url\":\"https:\/\/emea.dev.technetix.com\/es\/technetix-academy\/\",\"name\":\"Technetix Academy - Technetix EMEA\",\"isPartOf\":{\"@id\":\"https:\/\/emea.dev.technetix.com\/es\/#website\"},\"primaryImageOfPage\":{\"@id\":\"https:\/\/emea.dev.technetix.com\/es\/technetix-academy\/#primaryimage\"},\"image\":{\"@id\":\"https:\/\/emea.dev.technetix.com\/es\/technetix-academy\/#primaryimage\"},\"thumbnailUrl\":\"https:\/\/emea.dev.technetix.com\/wp-content\/uploads\/sites\/2\/2023\/01\/SERVICES_LARGE_TA_FINAL.jpg\",\"datePublished\":\"2023-01-19T19:00:19+00:00\",\"dateModified\":\"2023-05-05T17:04:18+00:00\",\"breadcrumb\":{\"@id\":\"https:\/\/emea.dev.technetix.com\/es\/technetix-academy\/#breadcrumb\"},\"inLanguage\":\"es\",\"potentialAction\":[{\"@type\":\"ReadAction\",\"target\":[\"https:\/\/emea.dev.technetix.com\/es\/technetix-academy\/\"]}]},{\"@type\":\"ImageObject\",\"inLanguage\":\"es\",\"@id\":\"https:\/\/emea.dev.technetix.com\/es\/technetix-academy\/#primaryimage\",\"url\":\"https:\/\/emea.dev.technetix.com\/wp-content\/uploads\/sites\/2\/2023\/01\/SERVICES_LARGE_TA_FINAL.jpg\",\"contentUrl\":\"https:\/\/emea.dev.technetix.com\/wp-content\/uploads\/sites\/2\/2023\/01\/SERVICES_LARGE_TA_FINAL.jpg\",\"width\":1920,\"height\":450},{\"@type\":\"BreadcrumbList\",\"@id\":\"https:\/\/emea.dev.technetix.com\/es\/technetix-academy\/#breadcrumb\",\"itemListElement\":[{\"@type\":\"ListItem\",\"position\":1,\"name\":\"Home\",\"item\":\"https:\/\/emea.dev.technetix.com\/es\/\"},{\"@type\":\"ListItem\",\"position\":2,\"name\":\"Technetix Academy\"}]},{\"@type\":\"WebSite\",\"@id\":\"https:\/\/emea.dev.technetix.com\/es\/#website\",\"url\":\"https:\/\/emea.dev.technetix.com\/es\/\",\"name\":\"Technetix\",\"description\":\"Next-generation broadband equipment engineering\",\"publisher\":{\"@id\":\"https:\/\/emea.dev.technetix.com\/es\/#organization\"},\"potentialAction\":[{\"@type\":\"SearchAction\",\"target\":{\"@type\":\"EntryPoint\",\"urlTemplate\":\"https:\/\/emea.dev.technetix.com\/es\/?s={search_term_string}\"},\"query-input\":{\"@type\":\"PropertyValueSpecification\",\"valueRequired\":true,\"valueName\":\"search_term_string\"}}],\"inLanguage\":\"es\"},{\"@type\":\"Organization\",\"@id\":\"https:\/\/emea.dev.technetix.com\/es\/#organization\",\"name\":\"Technetix\",\"url\":\"https:\/\/emea.dev.technetix.com\/es\/\",\"logo\":{\"@type\":\"ImageObject\",\"inLanguage\":\"es\",\"@id\":\"https:\/\/emea.dev.technetix.com\/es\/#\/schema\/logo\/image\/\",\"url\":\"https:\/\/emea.dev.technetix.com\/wp-content\/uploads\/sites\/2\/2023\/06\/logo-Technetix-1000x1000-1.png\",\"contentUrl\":\"https:\/\/emea.dev.technetix.com\/wp-content\/uploads\/sites\/2\/2023\/06\/logo-Technetix-1000x1000-1.png\",\"width\":1000,\"height\":1000,\"caption\":\"Technetix\"},\"image\":{\"@id\":\"https:\/\/emea.dev.technetix.com\/es\/#\/schema\/logo\/image\/\"},\"sameAs\":[\"https:\/\/x.com\/technetixgroup\",\"https:\/\/www.linkedin.com\/company\/technetix\/\",\"https:\/\/www.youtube.com\/c\/Technetix-group\"]}]}<\/script>\n<!-- \/ Yoast SEO Premium plugin. -->","yoast_head_json":{"title":"Technetix Academy - Technetix EMEA","robots":{"index":"index","follow":"follow","max-snippet":"max-snippet:-1","max-image-preview":"max-image-preview:large","max-video-preview":"max-video-preview:-1"},"canonical":"https:\/\/emea.dev.technetix.com\/es\/technetix-academy\/","og_locale":"es_ES","og_type":"article","og_title":"Technetix Academy - Technetix EMEA","og_description":"Technetix Academy Desarrolle sus habilidades con Technetix Academy, donde nuestro equipo de t\u00e9cnicos de cable de banda ancha brinda capacitaci\u00f3n profesional en habilidades, en online o presencial. Podemos organizar la formaci\u00f3n interna o externa en la Technetix Academy (o en un lugar alternativo por acuerdo). Nuestros cursos de formaci\u00f3n cubren una amplia gama de tecnolog\u00edas, ... Read more","og_url":"https:\/\/emea.dev.technetix.com\/es\/technetix-academy\/","og_site_name":"Technetix EMEA","article_modified_time":"2023-05-05T17:04:18+00:00","og_image":[{"width":1920,"height":450,"url":"https:\/\/emea.dev.technetix.com\/wp-content\/uploads\/sites\/2\/2023\/01\/SERVICES_LARGE_TA_FINAL.jpg","type":"image\/jpeg"}],"twitter_card":"summary_large_image","twitter_site":"@technetixgroup","twitter_misc":{"Tiempo de lectura":"1 minuto"},"schema":{"@context":"https:\/\/schema.org","@graph":[{"@type":"WebPage","@id":"https:\/\/emea.dev.technetix.com\/es\/technetix-academy\/","url":"https:\/\/emea.dev.technetix.com\/es\/technetix-academy\/","name":"Technetix Academy - Technetix EMEA","isPartOf":{"@id":"https:\/\/emea.dev.technetix.com\/es\/#website"},"primaryImageOfPage":{"@id":"https:\/\/emea.dev.technetix.com\/es\/technetix-academy\/#primaryimage"},"image":{"@id":"https:\/\/emea.dev.technetix.com\/es\/technetix-academy\/#primaryimage"},"thumbnailUrl":"https:\/\/emea.dev.technetix.com\/wp-content\/uploads\/sites\/2\/2023\/01\/SERVICES_LARGE_TA_FINAL.jpg","datePublished":"2023-01-19T19:00:19+00:00","dateModified":"2023-05-05T17:04:18+00:00","breadcrumb":{"@id":"https:\/\/emea.dev.technetix.com\/es\/technetix-academy\/#breadcrumb"},"inLanguage":"es","potentialAction":[{"@type":"ReadAction","target":["https:\/\/emea.dev.technetix.com\/es\/technetix-academy\/"]}]},{"@type":"ImageObject","inLanguage":"es","@id":"https:\/\/emea.dev.technetix.com\/es\/technetix-academy\/#primaryimage","url":"https:\/\/emea.dev.technetix.com\/wp-content\/uploads\/sites\/2\/2023\/01\/SERVICES_LARGE_TA_FINAL.jpg","contentUrl":"https:\/\/emea.dev.technetix.com\/wp-content\/uploads\/sites\/2\/2023\/01\/SERVICES_LARGE_TA_FINAL.jpg","width":1920,"height":450},{"@type":"BreadcrumbList","@id":"https:\/\/emea.dev.technetix.com\/es\/technetix-academy\/#breadcrumb","itemListElement":[{"@type":"ListItem","position":1,"name":"Home","item":"https:\/\/emea.dev.technetix.com\/es\/"},{"@type":"ListItem","position":2,"name":"Technetix Academy"}]},{"@type":"WebSite","@id":"https:\/\/emea.dev.technetix.com\/es\/#website","url":"https:\/\/emea.dev.technetix.com\/es\/","name":"Technetix","description":"Next-generation broadband equipment engineering","publisher":{"@id":"https:\/\/emea.dev.technetix.com\/es\/#organization"},"potentialAction":[{"@type":"SearchAction","target":{"@type":"EntryPoint","urlTemplate":"https:\/\/emea.dev.technetix.com\/es\/?s={search_term_string}"},"query-input":{"@type":"PropertyValueSpecification","valueRequired":true,"valueName":"search_term_string"}}],"inLanguage":"es"},{"@type":"Organization","@id":"https:\/\/emea.dev.technetix.com\/es\/#organization","name":"Technetix","url":"https:\/\/emea.dev.technetix.com\/es\/","logo":{"@type":"ImageObject","inLanguage":"es","@id":"https:\/\/emea.dev.technetix.com\/es\/#\/schema\/logo\/image\/","url":"https:\/\/emea.dev.technetix.com\/wp-content\/uploads\/sites\/2\/2023\/06\/logo-Technetix-1000x1000-1.png","contentUrl":"https:\/\/emea.dev.technetix.com\/wp-content\/uploads\/sites\/2\/2023\/06\/logo-Technetix-1000x1000-1.png","width":1000,"height":1000,"caption":"Technetix"},"image":{"@id":"https:\/\/emea.dev.technetix.com\/es\/#\/schema\/logo\/image\/"},"sameAs":["https:\/\/x.com\/technetixgroup","https:\/\/www.linkedin.com\/company\/technetix\/","https:\/\/www.youtube.com\/c\/Technetix-group"]}]}},"acf":[],"publishpress_future_workflow_manual_trigger":{"enabledWorkflows":[]},"_links":{"self":[{"href":"https:\/\/emea.dev.technetix.com\/es\/wp-json\/wp\/v2\/pages\/7154"}],"collection":[{"href":"https:\/\/emea.dev.technetix.com\/es\/wp-json\/wp\/v2\/pages"}],"about":[{"href":"https:\/\/emea.dev.technetix.com\/es\/wp-json\/wp\/v2\/types\/page"}],"author":[{"embeddable":true,"href":"https:\/\/emea.dev.technetix.com\/es\/wp-json\/wp\/v2\/users\/1"}],"replies":[{"embeddable":true,"href":"https:\/\/emea.dev.technetix.com\/es\/wp-json\/wp\/v2\/comments?post=7154"}],"version-history":[{"count":3,"href":"https:\/\/emea.dev.technetix.com\/es\/wp-json\/wp\/v2\/pages\/7154\/revisions"}],"predecessor-version":[{"id":19298,"href":"https:\/\/emea.dev.technetix.com\/es\/wp-json\/wp\/v2\/pages\/7154\/revisions\/19298"}],"wp:featuredmedia":[{"embeddable":true,"href":"https:\/\/emea.dev.technetix.com\/es\/wp-json\/wp\/v2\/media\/612"}],"wp:attachment":[{"href":"https:\/\/emea.dev.technetix.com\/es\/wp-json\/wp\/v2\/media?parent=7154"}],"curies":[{"name":"wp","href":"https:\/\/api.w.org\/{rel}","templated":true}]}}