{"id":7146,"date":"2023-01-20T17:17:08","date_gmt":"2023-01-20T17:17:08","guid":{"rendered":"https:\/\/emea.dev.technetix.com\/docsis3-1\/"},"modified":"2024-02-08T10:14:18","modified_gmt":"2024-02-08T10:14:18","slug":"docsis3-1","status":"publish","type":"page","link":"https:\/\/emea.dev.technetix.com\/es\/nuestra-vision\/docsis3-1\/","title":{"rendered":"Actualizar su red a DOCSIS 3.1"},"content":{"rendered":"<div class=\"gb-container gb-container-f86f3f4f gb-container-hero-banner\"><div class=\"gb-inside-container\"><\/div><\/div><div class=\"gb-container gb-container-69e983b3 gb-container-inner-back-page-con\">\n<h1 class=\"gb-headline gb-headline-e1547755 gb-headline-text\">Actualizar su red a DOCSIS 3.1<\/h1>\n\n<h2 class=\"gb-headline gb-headline-d02c52e4 gb-headline-text\">La tecnolog\u00eda DOCSIS 3.1 ofrece una Internet ultrarr\u00e1pida con una calidad excepcional, necesaria para los juegos en l\u00ednea y las aplicaciones en tiempo real, como la realidad aumentada y la IoT. DOCSIS 3.1 es tambi\u00e9n una soluci\u00f3n m\u00e1s sostenible y ecol\u00f3gica con protocolos avanzados de gesti\u00f3n de energ\u00eda que aumentan la eficiencia energ\u00e9tica del cable m\u00f3dem y reducen la huella de carbono. <\/h2>\n\n<ul class=\"wp-block-list\"><li>Mayor capacidad (10 Gbps de bajada (DS) y 2 Gbps de subida (US))<\/li>\n\n<li>Menor latencia<\/li>\n\n<li>Eficiente energ\u00e9ticamente<\/li>\n\n<li>Compatible con versiones anteriores<\/li><\/ul>\n\n<p class=\"gb-headline gb-headline-6656b5c3 gb-headline-text\">DOCSIS 3.1 utiliza m\u00e1s espectro que las versiones anteriores de DOCSIS con rangos de frecuencia descendente de hasta 1218 MHz y rangos de frecuencia ascendente de hasta 204 MHz. La divisi\u00f3n de frecuencia ascendente \/ descendente es flexible (divisi\u00f3n sub, media o alta), lo que respalda una estrategia de crecimiento con una divisi\u00f3n alta de 204\/258 MHz. <\/p>\n\n<p class=\"gb-headline gb-headline-f861b16e gb-headline-text\">DOCSIS 3.1 admite multiplexaci\u00f3n por divisi\u00f3n de frecuencia ortogonal (OFDM), un esquema de modulaci\u00f3n m\u00e1s robusto, correcci\u00f3n avanzada de errores y administraci\u00f3n avanzada de colas. Esto da como resultado un sistema de transporte de datos robusto y de baja latencia que admite 4KQAM. <\/p>\n\n<figure class=\"gb-block-image gb-block-image-61e35e7d\"><img loading=\"lazy\" decoding=\"async\" width=\"1201\" height=\"203\" class=\"gb-image gb-image-61e35e7d\" src=\"https:\/\/emea.dev.technetix.com\/wp-content\/uploads\/sites\/2\/2023\/01\/DS3.png\" alt=\"Rango de frecuencia dividido alto DOCSIS 3.1\" srcset=\"https:\/\/emea.dev.technetix.com\/wp-content\/uploads\/sites\/2\/2023\/01\/DS3.png 1201w, https:\/\/emea.dev.technetix.com\/wp-content\/uploads\/sites\/2\/2023\/01\/DS3-300x51.png 300w, https:\/\/emea.dev.technetix.com\/wp-content\/uploads\/sites\/2\/2023\/01\/DS3-1024x173.png 1024w, https:\/\/emea.dev.technetix.com\/wp-content\/uploads\/sites\/2\/2023\/01\/DS3-768x130.png 768w, https:\/\/emea.dev.technetix.com\/wp-content\/uploads\/sites\/2\/2023\/01\/DS3-600x101.png 600w\" sizes=\"(max-width: 1201px) 100vw, 1201px\" \/><\/figure>\n\n<p class=\"gb-headline gb-headline-623f5b86 gb-headline-text gb-headline-image-caption\">Rango de frecuencia dividido alto DOCSIS 3.1<\/p>\n\n<h2 class=\"gb-headline gb-headline-6b17d0fd gb-headline-text gb-headline-h2-in-content\">\u00bfCu\u00e1l es el impacto en la red?<\/h2>\n\n<p class=\"gb-headline gb-headline-50c1ef74 gb-headline-text\">Los componentes de red y dom\u00e9sticos deben especificarse hasta 1218 MHz como m\u00ednimo para hacer frente a las crecientes demandas tanto de hogares como de empresas. Adem\u00e1s, se debe admitir un rango de frecuencia descendente de hasta 204 MHz. Se requieren soluciones flexibles con diplexores intercambiables, como la gama Technetix DBx de nodos y amplificadores de red utilizados con el amplificador dom\u00e9stico EZ o el amplificador de direcci\u00f3n neutra de 1,8 GHz (DNA), el galardonado amplificador bidireccional sin filtro diplex de Technetix. Una mayor p\u00e9rdida de cable a 1218 MHz significar\u00e1 que los amplificadores deben tener una potencia compuesta total m\u00e1s alta tanto en sentido ascendente como descendente.   <\/p>\n\n<h2 class=\"gb-headline gb-headline-4b572e45 gb-headline-text gb-headline-h2-in-content\">\u00bfSe anticipan problemas?<\/h2>\n\n<p class=\"gb-headline gb-headline-c9b08205 gb-headline-text\">Aunque DOCSIS 3.1 es un protocolo robusto, es imperativo que la red y los componentes utilizados sean de la mejor calidad posible. La interferencia de dispositivos adyacentes (ADI) podr\u00eda ser un problema en \u00e1reas donde DOCSIS 3.1 coexiste con una plataforma heredada. Un m\u00f3dem DOCSIS 3.1 transmite a un nivel alto en la ventana de recepci\u00f3n de un decodificador (STB) de anterior generaci\u00f3n, saturando el STB. El aislamiento entre puertos es a\u00fan m\u00e1s importante en este caso.   <\/p>\n<\/div><div class=\"gb-container gb-container-232c61f6 gb-container-con-buttons-bottom\">\n<h2 class=\"gb-headline gb-headline-7ce6fa4b gb-headline-text gb-headline-head-bottom-buttons\">Enlaces de inter\u00e9s<\/h2>\n\n<div class=\"gb-button-wrapper gb-button-wrapper-5300c273 gb-button-wrapper-after-con-buttons\">\n<a class=\"gb-button gb-button-5e4e6530 gb-button-text gb-button-bottom-button\" href=\"https:\/\/emea.dev.technetix.com\/es\/redes-hfc\/amplificadores-para-la-red-de-acceso\/amplificadores-inteligentes-de-rf-dbx\/\">Amplificadores inteligentes de RF DBx<\/a>\n\n<a class=\"gb-button gb-button-3eadfa91 gb-button-text gb-button-bottom-button\" href=\"https:\/\/emea.dev.technetix.com\/es\/redes-hfc\/multitaps-y-pasivos-de-linea\/\">Multitaps y pasivos de l\u00ednea<\/a>\n\n<a class=\"gb-button gb-button-4ceed201 gb-button-text gb-button-bottom-button\" href=\"https:\/\/emea.dev.technetix.com\/es\/redes-hfc\/pasivos-de-interior\/\">Pasivos de interior<\/a>\n\n<a class=\"gb-button gb-button-74bfad52 gb-button-text gb-button-bottom-button\" href=\"https:\/\/emea.dev.technetix.com\/es\/contactenos\/\">Cont\u00e1ctenos<\/a>\n<\/div>\n<\/div>","protected":false},"excerpt":{"rendered":"<p>Actualizar su red a DOCSIS 3.1 La tecnolog\u00eda DOCSIS 3.1 ofrece una Internet ultrarr\u00e1pida con una calidad excepcional, necesaria para los juegos en l\u00ednea y las aplicaciones en tiempo real, como la realidad aumentada y la IoT. DOCSIS 3.1 es tambi\u00e9n una soluci\u00f3n m\u00e1s sostenible y ecol\u00f3gica con protocolos avanzados de gesti\u00f3n de energ\u00eda que &#8230; <a title=\"Actualizar su red a DOCSIS 3.1\" class=\"read-more\" href=\"https:\/\/emea.dev.technetix.com\/es\/nuestra-vision\/docsis3-1\/\" aria-label=\"M\u00e1s en Actualizar su red a DOCSIS 3.1\">Read more<\/a><\/p>\n","protected":false},"author":1,"featured_media":867,"parent":7340,"menu_order":0,"comment_status":"closed","ping_status":"closed","template":"","meta":{"_acf_changed":false,"_gspb_post_css":"","footnotes":""},"class_list":["post-7146","page","type-page","status-publish","has-post-thumbnail"],"yoast_head":"<!-- This site is optimized with the Yoast SEO Premium plugin v22.5 (Yoast SEO v23.7) - https:\/\/yoast.com\/wordpress\/plugins\/seo\/ -->\n<title>Actualizar su red a DOCSIS 3.1 - Technetix EMEA<\/title>\n<meta name=\"robots\" content=\"index, follow, max-snippet:-1, max-image-preview:large, max-video-preview:-1\" \/>\n<link rel=\"canonical\" href=\"https:\/\/emea.dev.technetix.com\/es\/nuestra-vision\/docsis3-1\/\" \/>\n<meta property=\"og:locale\" content=\"es_ES\" \/>\n<meta property=\"og:type\" content=\"article\" \/>\n<meta property=\"og:title\" content=\"Actualizar su red a DOCSIS 3.1 - Technetix EMEA\" \/>\n<meta property=\"og:description\" content=\"Actualizar su red a DOCSIS 3.1 La tecnolog\u00eda DOCSIS 3.1 ofrece una Internet ultrarr\u00e1pida con una calidad excepcional, necesaria para los juegos en l\u00ednea y las aplicaciones en tiempo real, como la realidad aumentada y la IoT. DOCSIS 3.1 es tambi\u00e9n una soluci\u00f3n m\u00e1s sostenible y ecol\u00f3gica con protocolos avanzados de gesti\u00f3n de energ\u00eda que ... Read more\" \/>\n<meta property=\"og:url\" content=\"https:\/\/emea.dev.technetix.com\/es\/nuestra-vision\/docsis3-1\/\" \/>\n<meta property=\"og:site_name\" content=\"Technetix EMEA\" \/>\n<meta property=\"article:modified_time\" content=\"2024-02-08T10:14:18+00:00\" \/>\n<meta property=\"og:image\" content=\"https:\/\/emea.dev.technetix.com\/wp-content\/uploads\/sites\/2\/2023\/01\/SOLUTIONS_LARGE_D3-1_FINAL.jpg\" \/>\n\t<meta property=\"og:image:width\" content=\"1920\" \/>\n\t<meta property=\"og:image:height\" content=\"450\" \/>\n\t<meta property=\"og:image:type\" content=\"image\/jpeg\" \/>\n<meta name=\"twitter:card\" content=\"summary_large_image\" \/>\n<meta name=\"twitter:site\" content=\"@technetixgroup\" \/>\n<meta name=\"twitter:label1\" content=\"Tiempo de lectura\" \/>\n\t<meta name=\"twitter:data1\" content=\"3 minutos\" \/>\n<script type=\"application\/ld+json\" class=\"yoast-schema-graph\">{\"@context\":\"https:\/\/schema.org\",\"@graph\":[{\"@type\":\"WebPage\",\"@id\":\"https:\/\/emea.dev.technetix.com\/es\/nuestra-vision\/docsis3-1\/\",\"url\":\"https:\/\/emea.dev.technetix.com\/es\/nuestra-vision\/docsis3-1\/\",\"name\":\"Actualizar su red a DOCSIS 3.1 - Technetix EMEA\",\"isPartOf\":{\"@id\":\"https:\/\/emea.dev.technetix.com\/es\/#website\"},\"primaryImageOfPage\":{\"@id\":\"https:\/\/emea.dev.technetix.com\/es\/nuestra-vision\/docsis3-1\/#primaryimage\"},\"image\":{\"@id\":\"https:\/\/emea.dev.technetix.com\/es\/nuestra-vision\/docsis3-1\/#primaryimage\"},\"thumbnailUrl\":\"https:\/\/emea.dev.technetix.com\/wp-content\/uploads\/sites\/2\/2023\/01\/SOLUTIONS_LARGE_D3-1_FINAL.jpg\",\"datePublished\":\"2023-01-20T17:17:08+00:00\",\"dateModified\":\"2024-02-08T10:14:18+00:00\",\"breadcrumb\":{\"@id\":\"https:\/\/emea.dev.technetix.com\/es\/nuestra-vision\/docsis3-1\/#breadcrumb\"},\"inLanguage\":\"es\",\"potentialAction\":[{\"@type\":\"ReadAction\",\"target\":[\"https:\/\/emea.dev.technetix.com\/es\/nuestra-vision\/docsis3-1\/\"]}]},{\"@type\":\"ImageObject\",\"inLanguage\":\"es\",\"@id\":\"https:\/\/emea.dev.technetix.com\/es\/nuestra-vision\/docsis3-1\/#primaryimage\",\"url\":\"https:\/\/emea.dev.technetix.com\/wp-content\/uploads\/sites\/2\/2023\/01\/SOLUTIONS_LARGE_D3-1_FINAL.jpg\",\"contentUrl\":\"https:\/\/emea.dev.technetix.com\/wp-content\/uploads\/sites\/2\/2023\/01\/SOLUTIONS_LARGE_D3-1_FINAL.jpg\",\"width\":1920,\"height\":450},{\"@type\":\"BreadcrumbList\",\"@id\":\"https:\/\/emea.dev.technetix.com\/es\/nuestra-vision\/docsis3-1\/#breadcrumb\",\"itemListElement\":[{\"@type\":\"ListItem\",\"position\":1,\"name\":\"Home\",\"item\":\"https:\/\/emea.dev.technetix.com\/es\/\"},{\"@type\":\"ListItem\",\"position\":2,\"name\":\"Nuestra visi\u00f3n\",\"item\":\"https:\/\/emea.dev.technetix.com\/es\/nuestra-vision\/\"},{\"@type\":\"ListItem\",\"position\":3,\"name\":\"Actualizar su red a DOCSIS 3.1\"}]},{\"@type\":\"WebSite\",\"@id\":\"https:\/\/emea.dev.technetix.com\/es\/#website\",\"url\":\"https:\/\/emea.dev.technetix.com\/es\/\",\"name\":\"Technetix\",\"description\":\"Next-generation broadband equipment engineering\",\"publisher\":{\"@id\":\"https:\/\/emea.dev.technetix.com\/es\/#organization\"},\"potentialAction\":[{\"@type\":\"SearchAction\",\"target\":{\"@type\":\"EntryPoint\",\"urlTemplate\":\"https:\/\/emea.dev.technetix.com\/es\/?s={search_term_string}\"},\"query-input\":{\"@type\":\"PropertyValueSpecification\",\"valueRequired\":true,\"valueName\":\"search_term_string\"}}],\"inLanguage\":\"es\"},{\"@type\":\"Organization\",\"@id\":\"https:\/\/emea.dev.technetix.com\/es\/#organization\",\"name\":\"Technetix\",\"url\":\"https:\/\/emea.dev.technetix.com\/es\/\",\"logo\":{\"@type\":\"ImageObject\",\"inLanguage\":\"es\",\"@id\":\"https:\/\/emea.dev.technetix.com\/es\/#\/schema\/logo\/image\/\",\"url\":\"https:\/\/emea.dev.technetix.com\/wp-content\/uploads\/sites\/2\/2023\/06\/logo-Technetix-1000x1000-1.png\",\"contentUrl\":\"https:\/\/emea.dev.technetix.com\/wp-content\/uploads\/sites\/2\/2023\/06\/logo-Technetix-1000x1000-1.png\",\"width\":1000,\"height\":1000,\"caption\":\"Technetix\"},\"image\":{\"@id\":\"https:\/\/emea.dev.technetix.com\/es\/#\/schema\/logo\/image\/\"},\"sameAs\":[\"https:\/\/x.com\/technetixgroup\",\"https:\/\/www.linkedin.com\/company\/technetix\/\",\"https:\/\/www.youtube.com\/c\/Technetix-group\"]}]}<\/script>\n<!-- \/ Yoast SEO Premium plugin. -->","yoast_head_json":{"title":"Actualizar su red a DOCSIS 3.1 - Technetix EMEA","robots":{"index":"index","follow":"follow","max-snippet":"max-snippet:-1","max-image-preview":"max-image-preview:large","max-video-preview":"max-video-preview:-1"},"canonical":"https:\/\/emea.dev.technetix.com\/es\/nuestra-vision\/docsis3-1\/","og_locale":"es_ES","og_type":"article","og_title":"Actualizar su red a DOCSIS 3.1 - Technetix EMEA","og_description":"Actualizar su red a DOCSIS 3.1 La tecnolog\u00eda DOCSIS 3.1 ofrece una Internet ultrarr\u00e1pida con una calidad excepcional, necesaria para los juegos en l\u00ednea y las aplicaciones en tiempo real, como la realidad aumentada y la IoT. DOCSIS 3.1 es tambi\u00e9n una soluci\u00f3n m\u00e1s sostenible y ecol\u00f3gica con protocolos avanzados de gesti\u00f3n de energ\u00eda que ... Read more","og_url":"https:\/\/emea.dev.technetix.com\/es\/nuestra-vision\/docsis3-1\/","og_site_name":"Technetix EMEA","article_modified_time":"2024-02-08T10:14:18+00:00","og_image":[{"width":1920,"height":450,"url":"https:\/\/emea.dev.technetix.com\/wp-content\/uploads\/sites\/2\/2023\/01\/SOLUTIONS_LARGE_D3-1_FINAL.jpg","type":"image\/jpeg"}],"twitter_card":"summary_large_image","twitter_site":"@technetixgroup","twitter_misc":{"Tiempo de lectura":"3 minutos"},"schema":{"@context":"https:\/\/schema.org","@graph":[{"@type":"WebPage","@id":"https:\/\/emea.dev.technetix.com\/es\/nuestra-vision\/docsis3-1\/","url":"https:\/\/emea.dev.technetix.com\/es\/nuestra-vision\/docsis3-1\/","name":"Actualizar su red a DOCSIS 3.1 - Technetix EMEA","isPartOf":{"@id":"https:\/\/emea.dev.technetix.com\/es\/#website"},"primaryImageOfPage":{"@id":"https:\/\/emea.dev.technetix.com\/es\/nuestra-vision\/docsis3-1\/#primaryimage"},"image":{"@id":"https:\/\/emea.dev.technetix.com\/es\/nuestra-vision\/docsis3-1\/#primaryimage"},"thumbnailUrl":"https:\/\/emea.dev.technetix.com\/wp-content\/uploads\/sites\/2\/2023\/01\/SOLUTIONS_LARGE_D3-1_FINAL.jpg","datePublished":"2023-01-20T17:17:08+00:00","dateModified":"2024-02-08T10:14:18+00:00","breadcrumb":{"@id":"https:\/\/emea.dev.technetix.com\/es\/nuestra-vision\/docsis3-1\/#breadcrumb"},"inLanguage":"es","potentialAction":[{"@type":"ReadAction","target":["https:\/\/emea.dev.technetix.com\/es\/nuestra-vision\/docsis3-1\/"]}]},{"@type":"ImageObject","inLanguage":"es","@id":"https:\/\/emea.dev.technetix.com\/es\/nuestra-vision\/docsis3-1\/#primaryimage","url":"https:\/\/emea.dev.technetix.com\/wp-content\/uploads\/sites\/2\/2023\/01\/SOLUTIONS_LARGE_D3-1_FINAL.jpg","contentUrl":"https:\/\/emea.dev.technetix.com\/wp-content\/uploads\/sites\/2\/2023\/01\/SOLUTIONS_LARGE_D3-1_FINAL.jpg","width":1920,"height":450},{"@type":"BreadcrumbList","@id":"https:\/\/emea.dev.technetix.com\/es\/nuestra-vision\/docsis3-1\/#breadcrumb","itemListElement":[{"@type":"ListItem","position":1,"name":"Home","item":"https:\/\/emea.dev.technetix.com\/es\/"},{"@type":"ListItem","position":2,"name":"Nuestra visi\u00f3n","item":"https:\/\/emea.dev.technetix.com\/es\/nuestra-vision\/"},{"@type":"ListItem","position":3,"name":"Actualizar su red a DOCSIS 3.1"}]},{"@type":"WebSite","@id":"https:\/\/emea.dev.technetix.com\/es\/#website","url":"https:\/\/emea.dev.technetix.com\/es\/","name":"Technetix","description":"Next-generation broadband equipment engineering","publisher":{"@id":"https:\/\/emea.dev.technetix.com\/es\/#organization"},"potentialAction":[{"@type":"SearchAction","target":{"@type":"EntryPoint","urlTemplate":"https:\/\/emea.dev.technetix.com\/es\/?s={search_term_string}"},"query-input":{"@type":"PropertyValueSpecification","valueRequired":true,"valueName":"search_term_string"}}],"inLanguage":"es"},{"@type":"Organization","@id":"https:\/\/emea.dev.technetix.com\/es\/#organization","name":"Technetix","url":"https:\/\/emea.dev.technetix.com\/es\/","logo":{"@type":"ImageObject","inLanguage":"es","@id":"https:\/\/emea.dev.technetix.com\/es\/#\/schema\/logo\/image\/","url":"https:\/\/emea.dev.technetix.com\/wp-content\/uploads\/sites\/2\/2023\/06\/logo-Technetix-1000x1000-1.png","contentUrl":"https:\/\/emea.dev.technetix.com\/wp-content\/uploads\/sites\/2\/2023\/06\/logo-Technetix-1000x1000-1.png","width":1000,"height":1000,"caption":"Technetix"},"image":{"@id":"https:\/\/emea.dev.technetix.com\/es\/#\/schema\/logo\/image\/"},"sameAs":["https:\/\/x.com\/technetixgroup","https:\/\/www.linkedin.com\/company\/technetix\/","https:\/\/www.youtube.com\/c\/Technetix-group"]}]}},"acf":[],"publishpress_future_workflow_manual_trigger":{"enabledWorkflows":[]},"_links":{"self":[{"href":"https:\/\/emea.dev.technetix.com\/es\/wp-json\/wp\/v2\/pages\/7146"}],"collection":[{"href":"https:\/\/emea.dev.technetix.com\/es\/wp-json\/wp\/v2\/pages"}],"about":[{"href":"https:\/\/emea.dev.technetix.com\/es\/wp-json\/wp\/v2\/types\/page"}],"author":[{"embeddable":true,"href":"https:\/\/emea.dev.technetix.com\/es\/wp-json\/wp\/v2\/users\/1"}],"replies":[{"embeddable":true,"href":"https:\/\/emea.dev.technetix.com\/es\/wp-json\/wp\/v2\/comments?post=7146"}],"version-history":[{"count":4,"href":"https:\/\/emea.dev.technetix.com\/es\/wp-json\/wp\/v2\/pages\/7146\/revisions"}],"predecessor-version":[{"id":262870,"href":"https:\/\/emea.dev.technetix.com\/es\/wp-json\/wp\/v2\/pages\/7146\/revisions\/262870"}],"up":[{"embeddable":true,"href":"https:\/\/emea.dev.technetix.com\/es\/wp-json\/wp\/v2\/pages\/7340"}],"wp:featuredmedia":[{"embeddable":true,"href":"https:\/\/emea.dev.technetix.com\/es\/wp-json\/wp\/v2\/media\/867"}],"wp:attachment":[{"href":"https:\/\/emea.dev.technetix.com\/es\/wp-json\/wp\/v2\/media?parent=7146"}],"curies":[{"name":"wp","href":"https:\/\/api.w.org\/{rel}","templated":true}]}}