{"id":7118,"date":"2023-01-19T19:19:48","date_gmt":"2023-01-19T19:19:48","guid":{"rendered":"https:\/\/emea.dev.technetix.com\/xhaul\/"},"modified":"2024-06-20T09:23:58","modified_gmt":"2024-06-20T09:23:58","slug":"inalambrico","status":"publish","type":"page","link":"https:\/\/emea.dev.technetix.com\/es\/inalambrico\/","title":{"rendered":"Inal\u00e1mbrico"},"content":{"rendered":"<div class=\"gb-container gb-container-c11aec0a gb-container-con-centered-header\">\n<div style=\"height:21px\" aria-hidden=\"true\" class=\"wp-block-spacer\"><\/div>\n\n<h1 class=\"gb-headline gb-headline-e37b17fd gb-headline-text\">Inal\u00e1mbrico<\/h1>\n\n<h2 class=\"gb-headline gb-headline-d02c52e4 gb-headline-text\">Soluciones de transporte de fibra y cable.<\/h2>\n<\/div><div class=\"gb-container gb-container-f8d13d6c gb-container-wide-back-page-con\">\n<div class=\"gb-grid-wrapper gb-grid-wrapper-53f55656\">\n<div class=\"gb-grid-column gb-grid-column-111762de\"><div class=\"gb-container gb-container-111762de image-link-block\"><a class=\"gb-container-link\" href=\"https:\/\/emea.dev.technetix.com\/es\/redes-hfc\/virtual-segmentation\/\"><\/a><div class=\"gb-inside-container\">\n<div class=\"gb-container gb-container-c51a427e\"><div class=\"gb-inside-container\">\n<figure class=\"gb-block-image gb-block-image-92ef0c3b\"><img loading=\"lazy\" decoding=\"async\" width=\"1000\" height=\"500\" class=\"gb-image gb-image-92ef0c3b\" src=\"https:\/\/emea.dev.technetix.com\/wp-content\/uploads\/sites\/2\/2023\/01\/1_VS-portrait.png\" alt=\"Virtual Segmentation\u2122 - Virtual Segmentation\u2122 ofrece una conexi\u00f3n\" srcset=\"https:\/\/emea.dev.technetix.com\/wp-content\/uploads\/sites\/2\/2023\/01\/1_VS-portrait.png 1000w, https:\/\/emea.dev.technetix.com\/wp-content\/uploads\/sites\/2\/2023\/01\/1_VS-portrait-300x150.png 300w, https:\/\/emea.dev.technetix.com\/wp-content\/uploads\/sites\/2\/2023\/01\/1_VS-portrait-768x384.png 768w, https:\/\/emea.dev.technetix.com\/wp-content\/uploads\/sites\/2\/2023\/01\/1_VS-portrait-600x300.png 600w\" sizes=\"(max-width: 1000px) 100vw, 1000px\" \/><\/figure>\n\n<h2 class=\"gb-headline gb-headline-8057c017 gb-headline-text\">Virtual Segmentation\u2122<\/h2>\n\n<p class=\"gb-headline gb-headline-380a8e6b gb-headline-text\">Virtual Segmentation\u2122 ofrece una conexi\u00f3n \u00absimilar a una fibra\u00bb a trav\u00e9s de redes coaxiales. Funciona como Tuber\u00eda Ethernet transparente sim\u00e9trica de hasta 10 Gb (capa 1), ideal para aplicaciones xHaul. <\/p>\n<\/div><\/div>\n<\/div><\/div><\/div>\n\n<div class=\"gb-grid-column gb-grid-column-0f3a7a2d\"><div class=\"gb-container gb-container-0f3a7a2d image-link-block\"><a class=\"gb-container-link\" href=\"https:\/\/emea.dev.technetix.com\/es\/redes-fttx\/switch-compacto\/\"><\/a><div class=\"gb-inside-container\">\n<div class=\"gb-container gb-container-c4ec9969\"><div class=\"gb-inside-container\">\n<figure class=\"gb-block-image gb-block-image-c6378176\"><img loading=\"lazy\" decoding=\"async\" width=\"1000\" height=\"500\" class=\"gb-image gb-image-c6378176\" src=\"https:\/\/emea.dev.technetix.com\/wp-content\/uploads\/sites\/2\/2023\/01\/5_cX-compact-switch.png\" alt=\"Switch compacto - Compacto y listo para backhaul m\u00f3vil. Admite SyncE e IEEE 1588v2.Tama\u00f1o reducido, protecci\u00f3n ambiental y refigeraci\u00f3n pasiva\" srcset=\"https:\/\/emea.dev.technetix.com\/wp-content\/uploads\/sites\/2\/2023\/01\/5_cX-compact-switch.png 1000w, https:\/\/emea.dev.technetix.com\/wp-content\/uploads\/sites\/2\/2023\/01\/5_cX-compact-switch-300x150.png 300w, https:\/\/emea.dev.technetix.com\/wp-content\/uploads\/sites\/2\/2023\/01\/5_cX-compact-switch-768x384.png 768w, https:\/\/emea.dev.technetix.com\/wp-content\/uploads\/sites\/2\/2023\/01\/5_cX-compact-switch-600x300.png 600w\" sizes=\"(max-width: 1000px) 100vw, 1000px\" \/><\/figure>\n\n<h2 class=\"gb-headline gb-headline-bdf96aa9 gb-headline-text\">Switch Compacto<\/h2>\n\n<p class=\"gb-headline gb-headline-223e14e1 gb-headline-text\">Compacto y listo para backhaul m\u00f3vil. Admite SyncE e IEEE 1588v2.Tama\u00f1o reducido, protecci\u00f3n ambiental y refigeraci\u00f3n pasiva.  <\/p>\n<\/div><\/div>\n<\/div><\/div><\/div>\n\n<div class=\"gb-grid-column gb-grid-column-412bfcb8\"><div class=\"gb-container gb-container-412bfcb8 image-link-block\"><a class=\"gb-container-link\" href=\"https:\/\/emea.dev.technetix.com\/es\/inalambrico\/puertas-de-enlace-poe-docsis\/\"><\/a><div class=\"gb-inside-container\">\n<div class=\"gb-container gb-container-a2588a6c\"><div class=\"gb-inside-container\">\n<figure class=\"gb-block-image gb-block-image-d2712bdd\"><img decoding=\"async\" class=\"gb-image gb-image-d2712bdd\" src=\"https:\/\/emea.dev.technetix.com\/wp-content\/uploads\/sites\/2\/2023\/12\/5000x2500px-tiles_0004_Protected_-PoE-DOCSIS%C2%AE-Gateways-1.png\" alt=\"\" title=\"5000x2500px-tiles_0004_Protected_-PoE++-DOCSIS\u00ae-Gateways\" \/><\/figure>\n\n<h2 class=\"gb-headline gb-headline-bb712b48 gb-headline-text\">Puertas de enlace PoE++ DOCSIS\u00ae<\/h2>\n\n<p>Permite el uso de dispositivos PoE++ de alta potencia en la cadena HFC.<\/p>\n<\/div><\/div>\n<\/div><\/div><\/div>\n\n<div class=\"gb-grid-column gb-grid-column-adaa01c8\"><div class=\"gb-container gb-container-adaa01c8 image-link-block\"><a class=\"gb-container-link\" href=\"https:\/\/emea.dev.technetix.com\/es\/inalambrico\/puertas-de-enlace-opticas-hfc-poe-pon\/\"><\/a><div class=\"gb-inside-container\">\n<div class=\"gb-container gb-container-52147889\"><div class=\"gb-inside-container\">\n<figure class=\"gb-block-image gb-block-image-6ac7b09f\"><img loading=\"lazy\" decoding=\"async\" width=\"1000\" height=\"500\" class=\"gb-image gb-image-6ac7b09f\" src=\"https:\/\/emea.dev.technetix.com\/wp-content\/uploads\/sites\/2\/2023\/12\/5000x2500px-tiles_0002_DOCSIS-2-2.png\" alt=\"\" title=\"5000x2500px-tiles_0002_DOCSIS-2-2\" srcset=\"https:\/\/emea.dev.technetix.com\/wp-content\/uploads\/sites\/2\/2023\/12\/5000x2500px-tiles_0002_DOCSIS-2-2.png 1000w, https:\/\/emea.dev.technetix.com\/wp-content\/uploads\/sites\/2\/2023\/12\/5000x2500px-tiles_0002_DOCSIS-2-2-300x150.png 300w, https:\/\/emea.dev.technetix.com\/wp-content\/uploads\/sites\/2\/2023\/12\/5000x2500px-tiles_0002_DOCSIS-2-2-768x384.png 768w, https:\/\/emea.dev.technetix.com\/wp-content\/uploads\/sites\/2\/2023\/12\/5000x2500px-tiles_0002_DOCSIS-2-2-600x300.png 600w\" sizes=\"(max-width: 1000px) 100vw, 1000px\" \/><\/figure>\n\n<h2 class=\"gb-headline gb-headline-8d2d26a4 gb-headline-text\">Puertas de enlace \u00f3pticas HFC PoE PON<\/h2>\n\n<p>Las puertas de enlace PON \u00f3pticas, HFC, de alimentaci\u00f3n a trav\u00e9s de Ethernet (PoE) de Technetix permiten servicios de Internet de alta velocidad a cualquier dispositivo IP conectado al puerto Ethernet a trav\u00e9s de la conectividad GPON OLT. <\/p>\n<\/div><\/div>\n<\/div><\/div><\/div>\n\n<div class=\"gb-grid-column gb-grid-column-3ac8e96c\"><div class=\"gb-container gb-container-3ac8e96c image-link-block\"><a class=\"gb-container-link\" href=\"https:\/\/emea.dev.technetix.com\/es\/inalambrico\/modems-por-cable-d-3-0-3-1-resistentes-a-la-temperatura-3-0-3-1-serie-modems\/\"><\/a><div class=\"gb-inside-container\">\n<div class=\"gb-container gb-container-d2786aa8\"><div class=\"gb-inside-container\">\n<figure class=\"gb-block-image gb-block-image-60f4a9e3\"><img loading=\"lazy\" decoding=\"async\" width=\"1000\" height=\"500\" class=\"gb-image gb-image-60f4a9e3\" src=\"https:\/\/emea.dev.technetix.com\/wp-content\/uploads\/sites\/2\/2023\/12\/5000x2500px-tiles_0001_HDCM-2.png\" alt=\"\" title=\"5000x2500px-tiles_0001_HDCM-2\" srcset=\"https:\/\/emea.dev.technetix.com\/wp-content\/uploads\/sites\/2\/2023\/12\/5000x2500px-tiles_0001_HDCM-2.png 1000w, https:\/\/emea.dev.technetix.com\/wp-content\/uploads\/sites\/2\/2023\/12\/5000x2500px-tiles_0001_HDCM-2-300x150.png 300w, https:\/\/emea.dev.technetix.com\/wp-content\/uploads\/sites\/2\/2023\/12\/5000x2500px-tiles_0001_HDCM-2-768x384.png 768w, https:\/\/emea.dev.technetix.com\/wp-content\/uploads\/sites\/2\/2023\/12\/5000x2500px-tiles_0001_HDCM-2-600x300.png 600w\" sizes=\"(max-width: 1000px) 100vw, 1000px\" \/><\/figure>\n\n<h2 class=\"gb-headline gb-headline-ffb2985b gb-headline-text\">M\u00f3dems de cable reforzados<\/h2>\n\n<p class=\"gb-headline gb-headline-77446ae5 gb-headline-text\">Nuestros m\u00f3dems por cable compactos y econ\u00f3micos est\u00e1n dise\u00f1ados espec\u00edficamente para implementaciones exteriores hostiles que requieren comunicaciones de datos gigabit+<\/p>\n<\/div><\/div>\n<\/div><\/div><\/div>\n\n<div class=\"gb-grid-column gb-grid-column-2b9b2f43\"><div class=\"gb-container gb-container-2b9b2f43 image-link-block\"><a class=\"gb-container-link\" href=\"https:\/\/emea.dev.technetix.com\/es\/inalambrico\/puntos-de-acceso-wi-fi-docsis-serie-smhap\/\"><\/a><div class=\"gb-inside-container\">\n<div class=\"gb-container gb-container-37c2f807\"><div class=\"gb-inside-container\">\n<figure class=\"gb-block-image gb-block-image-f57e72fe\"><img loading=\"lazy\" decoding=\"async\" width=\"1000\" height=\"500\" class=\"gb-image gb-image-f57e72fe\" src=\"https:\/\/emea.dev.technetix.com\/wp-content\/uploads\/sites\/2\/2023\/12\/MicrosoftTeams-image-3.png\" alt=\"\" title=\"MicrosoftTeams-image-3\" srcset=\"https:\/\/emea.dev.technetix.com\/wp-content\/uploads\/sites\/2\/2023\/12\/MicrosoftTeams-image-3.png 1000w, https:\/\/emea.dev.technetix.com\/wp-content\/uploads\/sites\/2\/2023\/12\/MicrosoftTeams-image-3-300x150.png 300w, https:\/\/emea.dev.technetix.com\/wp-content\/uploads\/sites\/2\/2023\/12\/MicrosoftTeams-image-3-768x384.png 768w, https:\/\/emea.dev.technetix.com\/wp-content\/uploads\/sites\/2\/2023\/12\/MicrosoftTeams-image-3-600x300.png 600w\" sizes=\"(max-width: 1000px) 100vw, 1000px\" \/><\/figure>\n\n<h2 class=\"gb-headline gb-headline-05ae5bc4 gb-headline-text\">Puntos de acceso Wi-Fi DOCSIS (Serie SMHAP)<\/h2>\n\n<p class=\"gb-headline gb-headline-081ab56f gb-headline-text\">Las extensiones de plantas inal\u00e1mbricas y los servicios de hotspot est\u00e1n a solo un paso de distancia. Una conexi\u00f3n r\u00e1pida y sencilla en cualquier tap o acoplador que pase energ\u00eda abre nuevas fuentes de ingresos. <\/p>\n<\/div><\/div>\n<\/div><\/div><\/div>\n<\/div>\n<\/div><div class=\"gb-container gb-container-ee3b3949 gb-container-con-buttons-bottom\">\n<h2 class=\"gb-headline gb-headline-7ce6fa4b gb-headline-text gb-headline-head-bottom-buttons\">Enlaces \u00fatiles<\/h2>\n\n<div class=\"gb-button-wrapper gb-button-wrapper-5300c273 gb-button-wrapper-after-con-buttons\">\n<a class=\"gb-button gb-button-ff3bad62 gb-button-text gb-button-bottom-button\" href=\"https:\/\/emea.dev.technetix.com\/es\/consultoria-de-redes\/\">Consultor\u00eda de redes<\/a>\n\n<a class=\"gb-button gb-button-e7a0fe73 gb-button-text gb-button-bottom-button\" href=\"https:\/\/emea.dev.technetix.com\/es\/technetix-academy\/\">Technetix Academy<\/a>\n\n<a class=\"gb-button gb-button-5e4e6530 gb-button-text gb-button-bottom-button\" href=\"https:\/\/emea.dev.technetix.com\/es\/redes-fttx\/\">Fibra<\/a>\n\n<a class=\"gb-button gb-button-3eadfa91 gb-button-text gb-button-bottom-button\" href=\"https:\/\/emea.dev.technetix.com\/es\/redes-hfc\/\">Cable de banda ancha<\/a>\n\n<a class=\"gb-button gb-button-4ceed201 gb-button-text gb-button-bottom-button\" href=\"https:\/\/emea.dev.technetix.com\/es\/nuestra-vision\/5g-xhaul\/\">5G xHaul<\/a>\n\n<a class=\"gb-button gb-button-74bfad52 gb-button-text gb-button-bottom-button\" href=\"https:\/\/emea.dev.technetix.com\/es\/contactenos\/\">Cont\u00e1ctenos<\/a>\n<\/div>\n<\/div>","protected":false},"excerpt":{"rendered":"<p>Inal\u00e1mbrico Soluciones de transporte de fibra y cable. Enlaces \u00fatiles<\/p>\n","protected":false},"author":1,"featured_media":0,"parent":0,"menu_order":0,"comment_status":"closed","ping_status":"closed","template":"","meta":{"_acf_changed":false,"_gspb_post_css":"","footnotes":""},"class_list":["post-7118","page","type-page","status-publish"],"yoast_head":"<!-- This site is optimized with the Yoast SEO Premium plugin v22.5 (Yoast SEO v23.7) - https:\/\/yoast.com\/wordpress\/plugins\/seo\/ -->\n<title>Inal\u00e1mbrico - Technetix EMEA<\/title>\n<meta name=\"robots\" content=\"index, follow, max-snippet:-1, max-image-preview:large, max-video-preview:-1\" \/>\n<link rel=\"canonical\" href=\"https:\/\/emea.dev.technetix.com\/es\/inalambrico\/\" \/>\n<meta property=\"og:locale\" content=\"es_ES\" \/>\n<meta property=\"og:type\" content=\"article\" \/>\n<meta property=\"og:title\" content=\"Inal\u00e1mbrico - Technetix EMEA\" \/>\n<meta property=\"og:description\" content=\"Inal\u00e1mbrico Soluciones de transporte de fibra y cable. Enlaces \u00fatiles\" \/>\n<meta property=\"og:url\" content=\"https:\/\/emea.dev.technetix.com\/es\/inalambrico\/\" \/>\n<meta property=\"og:site_name\" content=\"Technetix EMEA\" \/>\n<meta property=\"article:modified_time\" content=\"2024-06-20T09:23:58+00:00\" \/>\n<meta property=\"og:image\" content=\"https:\/\/emea.dev.technetix.com\/wp-content\/uploads\/sites\/2\/2023\/01\/1_VS-portrait.png\" \/>\n<meta name=\"twitter:card\" content=\"summary_large_image\" \/>\n<meta name=\"twitter:site\" content=\"@technetixgroup\" \/>\n<meta name=\"twitter:label1\" content=\"Tiempo de lectura\" \/>\n\t<meta name=\"twitter:data1\" content=\"3 minutos\" \/>\n<script type=\"application\/ld+json\" class=\"yoast-schema-graph\">{\"@context\":\"https:\/\/schema.org\",\"@graph\":[{\"@type\":\"WebPage\",\"@id\":\"https:\/\/emea.dev.technetix.com\/es\/inalambrico\/\",\"url\":\"https:\/\/emea.dev.technetix.com\/es\/inalambrico\/\",\"name\":\"Inal\u00e1mbrico - Technetix EMEA\",\"isPartOf\":{\"@id\":\"https:\/\/emea.dev.technetix.com\/es\/#website\"},\"primaryImageOfPage\":{\"@id\":\"https:\/\/emea.dev.technetix.com\/es\/inalambrico\/#primaryimage\"},\"image\":{\"@id\":\"https:\/\/emea.dev.technetix.com\/es\/inalambrico\/#primaryimage\"},\"thumbnailUrl\":\"https:\/\/emea.dev.technetix.com\/wp-content\/uploads\/sites\/2\/2023\/01\/1_VS-portrait.png\",\"datePublished\":\"2023-01-19T19:19:48+00:00\",\"dateModified\":\"2024-06-20T09:23:58+00:00\",\"breadcrumb\":{\"@id\":\"https:\/\/emea.dev.technetix.com\/es\/inalambrico\/#breadcrumb\"},\"inLanguage\":\"es\",\"potentialAction\":[{\"@type\":\"ReadAction\",\"target\":[\"https:\/\/emea.dev.technetix.com\/es\/inalambrico\/\"]}]},{\"@type\":\"ImageObject\",\"inLanguage\":\"es\",\"@id\":\"https:\/\/emea.dev.technetix.com\/es\/inalambrico\/#primaryimage\",\"url\":\"https:\/\/emea.dev.technetix.com\/wp-content\/uploads\/sites\/2\/2023\/01\/1_VS-portrait.png\",\"contentUrl\":\"https:\/\/emea.dev.technetix.com\/wp-content\/uploads\/sites\/2\/2023\/01\/1_VS-portrait.png\"},{\"@type\":\"BreadcrumbList\",\"@id\":\"https:\/\/emea.dev.technetix.com\/es\/inalambrico\/#breadcrumb\",\"itemListElement\":[{\"@type\":\"ListItem\",\"position\":1,\"name\":\"Home\",\"item\":\"https:\/\/emea.dev.technetix.com\/es\/\"},{\"@type\":\"ListItem\",\"position\":2,\"name\":\"Inal\u00e1mbrico\"}]},{\"@type\":\"WebSite\",\"@id\":\"https:\/\/emea.dev.technetix.com\/es\/#website\",\"url\":\"https:\/\/emea.dev.technetix.com\/es\/\",\"name\":\"Technetix\",\"description\":\"Next-generation broadband equipment engineering\",\"publisher\":{\"@id\":\"https:\/\/emea.dev.technetix.com\/es\/#organization\"},\"potentialAction\":[{\"@type\":\"SearchAction\",\"target\":{\"@type\":\"EntryPoint\",\"urlTemplate\":\"https:\/\/emea.dev.technetix.com\/es\/?s={search_term_string}\"},\"query-input\":{\"@type\":\"PropertyValueSpecification\",\"valueRequired\":true,\"valueName\":\"search_term_string\"}}],\"inLanguage\":\"es\"},{\"@type\":\"Organization\",\"@id\":\"https:\/\/emea.dev.technetix.com\/es\/#organization\",\"name\":\"Technetix\",\"url\":\"https:\/\/emea.dev.technetix.com\/es\/\",\"logo\":{\"@type\":\"ImageObject\",\"inLanguage\":\"es\",\"@id\":\"https:\/\/emea.dev.technetix.com\/es\/#\/schema\/logo\/image\/\",\"url\":\"https:\/\/emea.dev.technetix.com\/wp-content\/uploads\/sites\/2\/2023\/06\/logo-Technetix-1000x1000-1.png\",\"contentUrl\":\"https:\/\/emea.dev.technetix.com\/wp-content\/uploads\/sites\/2\/2023\/06\/logo-Technetix-1000x1000-1.png\",\"width\":1000,\"height\":1000,\"caption\":\"Technetix\"},\"image\":{\"@id\":\"https:\/\/emea.dev.technetix.com\/es\/#\/schema\/logo\/image\/\"},\"sameAs\":[\"https:\/\/x.com\/technetixgroup\",\"https:\/\/www.linkedin.com\/company\/technetix\/\",\"https:\/\/www.youtube.com\/c\/Technetix-group\"]}]}<\/script>\n<!-- \/ Yoast SEO Premium plugin. -->","yoast_head_json":{"title":"Inal\u00e1mbrico - Technetix EMEA","robots":{"index":"index","follow":"follow","max-snippet":"max-snippet:-1","max-image-preview":"max-image-preview:large","max-video-preview":"max-video-preview:-1"},"canonical":"https:\/\/emea.dev.technetix.com\/es\/inalambrico\/","og_locale":"es_ES","og_type":"article","og_title":"Inal\u00e1mbrico - Technetix EMEA","og_description":"Inal\u00e1mbrico Soluciones de transporte de fibra y cable. Enlaces \u00fatiles","og_url":"https:\/\/emea.dev.technetix.com\/es\/inalambrico\/","og_site_name":"Technetix EMEA","article_modified_time":"2024-06-20T09:23:58+00:00","og_image":[{"url":"https:\/\/emea.dev.technetix.com\/wp-content\/uploads\/sites\/2\/2023\/01\/1_VS-portrait.png"}],"twitter_card":"summary_large_image","twitter_site":"@technetixgroup","twitter_misc":{"Tiempo de lectura":"3 minutos"},"schema":{"@context":"https:\/\/schema.org","@graph":[{"@type":"WebPage","@id":"https:\/\/emea.dev.technetix.com\/es\/inalambrico\/","url":"https:\/\/emea.dev.technetix.com\/es\/inalambrico\/","name":"Inal\u00e1mbrico - Technetix EMEA","isPartOf":{"@id":"https:\/\/emea.dev.technetix.com\/es\/#website"},"primaryImageOfPage":{"@id":"https:\/\/emea.dev.technetix.com\/es\/inalambrico\/#primaryimage"},"image":{"@id":"https:\/\/emea.dev.technetix.com\/es\/inalambrico\/#primaryimage"},"thumbnailUrl":"https:\/\/emea.dev.technetix.com\/wp-content\/uploads\/sites\/2\/2023\/01\/1_VS-portrait.png","datePublished":"2023-01-19T19:19:48+00:00","dateModified":"2024-06-20T09:23:58+00:00","breadcrumb":{"@id":"https:\/\/emea.dev.technetix.com\/es\/inalambrico\/#breadcrumb"},"inLanguage":"es","potentialAction":[{"@type":"ReadAction","target":["https:\/\/emea.dev.technetix.com\/es\/inalambrico\/"]}]},{"@type":"ImageObject","inLanguage":"es","@id":"https:\/\/emea.dev.technetix.com\/es\/inalambrico\/#primaryimage","url":"https:\/\/emea.dev.technetix.com\/wp-content\/uploads\/sites\/2\/2023\/01\/1_VS-portrait.png","contentUrl":"https:\/\/emea.dev.technetix.com\/wp-content\/uploads\/sites\/2\/2023\/01\/1_VS-portrait.png"},{"@type":"BreadcrumbList","@id":"https:\/\/emea.dev.technetix.com\/es\/inalambrico\/#breadcrumb","itemListElement":[{"@type":"ListItem","position":1,"name":"Home","item":"https:\/\/emea.dev.technetix.com\/es\/"},{"@type":"ListItem","position":2,"name":"Inal\u00e1mbrico"}]},{"@type":"WebSite","@id":"https:\/\/emea.dev.technetix.com\/es\/#website","url":"https:\/\/emea.dev.technetix.com\/es\/","name":"Technetix","description":"Next-generation broadband equipment engineering","publisher":{"@id":"https:\/\/emea.dev.technetix.com\/es\/#organization"},"potentialAction":[{"@type":"SearchAction","target":{"@type":"EntryPoint","urlTemplate":"https:\/\/emea.dev.technetix.com\/es\/?s={search_term_string}"},"query-input":{"@type":"PropertyValueSpecification","valueRequired":true,"valueName":"search_term_string"}}],"inLanguage":"es"},{"@type":"Organization","@id":"https:\/\/emea.dev.technetix.com\/es\/#organization","name":"Technetix","url":"https:\/\/emea.dev.technetix.com\/es\/","logo":{"@type":"ImageObject","inLanguage":"es","@id":"https:\/\/emea.dev.technetix.com\/es\/#\/schema\/logo\/image\/","url":"https:\/\/emea.dev.technetix.com\/wp-content\/uploads\/sites\/2\/2023\/06\/logo-Technetix-1000x1000-1.png","contentUrl":"https:\/\/emea.dev.technetix.com\/wp-content\/uploads\/sites\/2\/2023\/06\/logo-Technetix-1000x1000-1.png","width":1000,"height":1000,"caption":"Technetix"},"image":{"@id":"https:\/\/emea.dev.technetix.com\/es\/#\/schema\/logo\/image\/"},"sameAs":["https:\/\/x.com\/technetixgroup","https:\/\/www.linkedin.com\/company\/technetix\/","https:\/\/www.youtube.com\/c\/Technetix-group"]}]}},"acf":[],"publishpress_future_workflow_manual_trigger":{"enabledWorkflows":[]},"_links":{"self":[{"href":"https:\/\/emea.dev.technetix.com\/es\/wp-json\/wp\/v2\/pages\/7118"}],"collection":[{"href":"https:\/\/emea.dev.technetix.com\/es\/wp-json\/wp\/v2\/pages"}],"about":[{"href":"https:\/\/emea.dev.technetix.com\/es\/wp-json\/wp\/v2\/types\/page"}],"author":[{"embeddable":true,"href":"https:\/\/emea.dev.technetix.com\/es\/wp-json\/wp\/v2\/users\/1"}],"replies":[{"embeddable":true,"href":"https:\/\/emea.dev.technetix.com\/es\/wp-json\/wp\/v2\/comments?post=7118"}],"version-history":[{"count":10,"href":"https:\/\/emea.dev.technetix.com\/es\/wp-json\/wp\/v2\/pages\/7118\/revisions"}],"predecessor-version":[{"id":447243,"href":"https:\/\/emea.dev.technetix.com\/es\/wp-json\/wp\/v2\/pages\/7118\/revisions\/447243"}],"wp:attachment":[{"href":"https:\/\/emea.dev.technetix.com\/es\/wp-json\/wp\/v2\/media?parent=7118"}],"curies":[{"name":"wp","href":"https:\/\/api.w.org\/{rel}","templated":true}]}}