{"id":7104,"date":"2023-03-04T21:13:23","date_gmt":"2023-03-04T21:13:23","guid":{"rendered":"https:\/\/emea.dev.technetix.com\/redes-fttx\/hdoss-32\/"},"modified":"2024-05-30T07:30:57","modified_gmt":"2024-05-30T07:30:57","slug":"hdoss-32","status":"publish","type":"page","link":"https:\/\/emea.dev.technetix.com\/es\/redes-fttx\/hdoss-32\/","title":{"rendered":"HDOSS-32"},"content":{"rendered":"<div class=\"gb-container gb-container-f86f3f4f\"><div class=\"gb-inside-container\">\n<h1 class=\"gb-headline gb-headline-e1547755 gb-headline-text\">HDOSS-32<\/h1>\n<\/div><\/div><div class=\"gb-container gb-container-18c0750c gb-container-f2ce63f1\"><div class=\"gb-inside-container\">\n<div class=\"gb-container gb-container-ef0dd6de gb-container-back-page\"><div class=\"gb-inside-container\">\n<h2 class=\"gb-headline gb-headline-d02c52e4 gb-headline-text\">Maximice la utilizaci\u00f3n de cada puerto de OLT con HDOSS<\/h2>\n\n<p class=\"gb-headline gb-headline-6656b5c3 gb-headline-text\">A medida que los operadores de acceso de fibra expanden el despliegue de redes de alta velocidad, el alto rendimiento y la maximizaci\u00f3n del retorno de la inversi\u00f3n son esenciales para todos los sistemas de acceso de fibra PON, especialmente 10G PON, 25G PON y 50G PON. Technetix ha lanzado un sistema divisor \u00f3ptico de alta densidad, el HDOSS-32, para maximizar el rendimiento de la red \u00f3ptica y simplificar la instalaci\u00f3n y el mantenimiento del despliegue de PON a gran escala, particularmente en escenarios urbanos de FTTH\/P de alta densidad. <\/p>\n\n<figure class=\"gb-block-image gb-block-image-61e35e7d\"><img loading=\"lazy\" decoding=\"async\" width=\"1000\" height=\"768\" class=\"gb-image gb-image-61e35e7d\" src=\"https:\/\/emea.dev.technetix.com\/wp-content\/uploads\/sites\/2\/2023\/03\/HDOSS_IMAGE_01.jpeg\" alt=\"HDOSS\" srcset=\"https:\/\/emea.dev.technetix.com\/wp-content\/uploads\/sites\/2\/2023\/03\/HDOSS_IMAGE_01.jpeg 1000w, https:\/\/emea.dev.technetix.com\/wp-content\/uploads\/sites\/2\/2023\/03\/HDOSS_IMAGE_01-300x230.jpeg 300w, https:\/\/emea.dev.technetix.com\/wp-content\/uploads\/sites\/2\/2023\/03\/HDOSS_IMAGE_01-768x590.jpeg 768w, https:\/\/emea.dev.technetix.com\/wp-content\/uploads\/sites\/2\/2023\/03\/HDOSS_IMAGE_01-600x461.jpeg 600w\" sizes=\"(max-width: 1000px) 100vw, 1000px\" \/><\/figure>\n\n<p class=\"gb-headline gb-headline-623f5b86 gb-headline-text\">PON de alta velocidad (10G y superior) proporciona una gran capacidad en ratios de divisi\u00f3n altas para dar servicio a clientes residenciales y de peque\u00f1as oficinas (SOHO). Muchos operadores de red dise\u00f1an acceso PON para una relaci\u00f3n de divisi\u00f3n de 1:32 o 1:64 y con penetraciones de clientes de 10 a 30 %, una relaci\u00f3n de divisi\u00f3n m\u00e1s alta es viable durante el despliegue inicial del servicio. El HDOSS-32 proporciona una primera etapa de divisi\u00f3n que se puede colocar junto a la OLT. Es una soluci\u00f3n de divisor compacta y altamente flexible que se puede adaptar f\u00e1cilmente a medida que aumentan las conexiones de los clientes y la demanda de ancho de banda, lo que permite una transici\u00f3n simple a relaciones de divisi\u00f3n m\u00e1s bajas. Para una construcci\u00f3n de acceso PON inicial, se puede implementar una relaci\u00f3n de divisi\u00f3n de 1:64, con una primera etapa de divisi\u00f3n de 1:2 justo al lado de la OLT. A medida que crece la demanda, se puede quitar el divisor y, por cada una de las 32 casas que pasan, las ramas de fibra se conectan a un puerto OLT dedicado.     <\/p>\n\n<figure class=\"gb-block-image gb-block-image-f5380205\"><img loading=\"lazy\" decoding=\"async\" width=\"1000\" height=\"566\" class=\"gb-image gb-image-f5380205\" src=\"https:\/\/emea.dev.technetix.com\/wp-content\/uploads\/sites\/2\/2023\/03\/HDOSS_CASSETTE_IMAGE_02.jpeg\" alt=\"HDOSS CASSETTE\" srcset=\"https:\/\/emea.dev.technetix.com\/wp-content\/uploads\/sites\/2\/2023\/03\/HDOSS_CASSETTE_IMAGE_02.jpeg 1000w, https:\/\/emea.dev.technetix.com\/wp-content\/uploads\/sites\/2\/2023\/03\/HDOSS_CASSETTE_IMAGE_02-300x170.jpeg 300w, https:\/\/emea.dev.technetix.com\/wp-content\/uploads\/sites\/2\/2023\/03\/HDOSS_CASSETTE_IMAGE_02-768x435.jpeg 768w, https:\/\/emea.dev.technetix.com\/wp-content\/uploads\/sites\/2\/2023\/03\/HDOSS_CASSETTE_IMAGE_02-600x340.jpeg 600w\" sizes=\"(max-width: 1000px) 100vw, 1000px\" \/><\/figure>\n\n<p class=\"gb-headline gb-headline-c9b08205 gb-headline-text\">El HDOSS-32 es el compa\u00f1ero ideal para una OLT con gran cantidad de puertos, de 16 a 256. Los puertos OLT y los transceptores \u00f3pticos que los acompa\u00f1an son elementos costosos cuando se amortizan entre unos pocos clientes. El HDOSS-32 permite que cada puerto OLT se utilice de manera eficiente y se alinee con las conexiones de los clientes y el crecimiento del ancho de banda, lo que garantiza el m\u00e1ximo retorno de la inversi\u00f3n en PON OLT. <\/p>\n\n<p class=\"gb-headline gb-headline-3d0085f2 gb-headline-text\">El HDOSS admite 32 casetes divisores en un chasis de montaje en rack de 19&#8243; de 1,5 U de altura, con cada casete capaz de admitir dos divisores de PLC 1:2 o uno 1:4. Los casetes se pueden agregar de uno en uno seg\u00fan sea necesario. El HDOSS-32 es ideal para aplicaciones PON FTTP y puede colocarse con la OLT, lo que proporciona una primera etapa de divisi\u00f3n \u00f3ptica cerca de la OLT. Con una profundidad de 200 mm, el HDOSS-32 se puede implementar en casi todos los cabinets de planta externa. Para despliegues XGS-PON OLT, el HDOSS-32 permite a los operadores de red maximizar la utilizaci\u00f3n del puerto 10G OLT durante las primeras etapas de un despliegue de FTTH\/P y proporciona una ruta de migraci\u00f3n f\u00e1cil para reducir la relaci\u00f3n de divisi\u00f3n \u00f3ptica a medida que crecen las conexiones de suscriptores y la demanda de ancho de banda.   <\/p>\n\n<p class=\"gb-headline gb-headline-43bde5b2 gb-headline-text\">Los casetes divisores HDOSS-32 incluyen un cable flexible preterminado de hasta 2,5 metros de longitud para la conexi\u00f3n directa a la OLT. Est\u00e1n disponibles conectores premium de baja p\u00e9rdida tanto SC como LC y el dise\u00f1o del casete divisor HDOSS incluye gesti\u00f3n de fibra para hasta el 50 % de la longitud del latiguillo de fibra que se enrollar\u00e1 en el casete. El innovador dise\u00f1o de casete HDOSS reduce la p\u00e9rdida a trav\u00e9s de menos conectores y optimiza perfectamente el recorrido de la fibra a cada puerto OLT, lo que simplifica la instalaci\u00f3n.  <\/p>\n<\/div><\/div>\n\n<div class=\"gb-container gb-container-ff282592 gb-container-con-bottom-buttons\"><div class=\"gb-inside-container\">\n<h2 class=\"gb-headline gb-headline-7ce6fa4b gb-headline-text gb-headline-head-bottom-buttons\">Enlaces de inter\u00e9s<\/h2>\n\n<div class=\"gb-button-wrapper gb-button-wrapper-5300c273 gb-button-wrapper-after-content-buttons\">\n<a class=\"gb-button gb-button-4ceed201 gb-button-text gb-button-bottom-button\" href=\"https:\/\/docs.dev.technetix.com\/datasheets\/19014673_HDOSS-32_DS_EN.pdf\">Ficha t\u00e9cnica<\/a>\n\n<a class=\"gb-button gb-button-91a971d3 gb-button-text gb-button-bottom-button\" href=\"https:\/\/emea.dev.technetix.com\/es\/redes-fttx\/\">Fibra<\/a>\n\n<a class=\"gb-button gb-button-74bfad52 gb-button-text gb-button-bottom-button\" href=\"https:\/\/emea.dev.technetix.com\/es\/contactenos\/\">Contactenos<\/a>\n<\/div>\n<\/div><\/div>\n<\/div><\/div>","protected":false},"excerpt":{"rendered":"<p>HDOSS-32 Maximice la utilizaci\u00f3n de cada puerto de OLT con HDOSS A medida que los operadores de acceso de fibra expanden el despliegue de redes de alta velocidad, el alto rendimiento y la maximizaci\u00f3n del retorno de la inversi\u00f3n son esenciales para todos los sistemas de acceso de fibra PON, especialmente 10G PON, 25G PON &#8230; <a title=\"HDOSS-32\" class=\"read-more\" href=\"https:\/\/emea.dev.technetix.com\/es\/redes-fttx\/hdoss-32\/\" aria-label=\"M\u00e1s en HDOSS-32\">Read more<\/a><\/p>\n","protected":false},"author":1,"featured_media":13496,"parent":7100,"menu_order":0,"comment_status":"closed","ping_status":"closed","template":"","meta":{"_acf_changed":false,"_gspb_post_css":"","footnotes":""},"class_list":["post-7104","page","type-page","status-publish","has-post-thumbnail"],"yoast_head":"<!-- This site is optimized with the Yoast SEO Premium plugin v22.5 (Yoast SEO v23.7) - https:\/\/yoast.com\/wordpress\/plugins\/seo\/ -->\n<title>HDOSS-32 - Technetix EMEA<\/title>\n<meta name=\"robots\" content=\"index, follow, max-snippet:-1, max-image-preview:large, max-video-preview:-1\" \/>\n<link rel=\"canonical\" href=\"https:\/\/emea.dev.technetix.com\/es\/redes-fttx\/hdoss-32\/\" \/>\n<meta property=\"og:locale\" content=\"es_ES\" \/>\n<meta property=\"og:type\" content=\"article\" \/>\n<meta property=\"og:title\" content=\"HDOSS-32 - Technetix EMEA\" \/>\n<meta property=\"og:description\" content=\"HDOSS-32 Maximice la utilizaci\u00f3n de cada puerto de OLT con HDOSS A medida que los operadores de acceso de fibra expanden el despliegue de redes de alta velocidad, el alto rendimiento y la maximizaci\u00f3n del retorno de la inversi\u00f3n son esenciales para todos los sistemas de acceso de fibra PON, especialmente 10G PON, 25G PON ... Read more\" \/>\n<meta property=\"og:url\" content=\"https:\/\/emea.dev.technetix.com\/es\/redes-fttx\/hdoss-32\/\" \/>\n<meta property=\"og:site_name\" content=\"Technetix EMEA\" \/>\n<meta property=\"article:modified_time\" content=\"2024-05-30T07:30:57+00:00\" \/>\n<meta property=\"og:image\" content=\"https:\/\/emea.dev.technetix.com\/wp-content\/uploads\/sites\/2\/2023\/04\/PRODUCTS_LARGE_ES_HDOSS_FINAL.jpeg\" \/>\n\t<meta property=\"og:image:width\" content=\"1920\" \/>\n\t<meta property=\"og:image:height\" content=\"450\" \/>\n\t<meta property=\"og:image:type\" content=\"image\/jpeg\" \/>\n<meta name=\"twitter:card\" content=\"summary_large_image\" \/>\n<meta name=\"twitter:site\" content=\"@technetixgroup\" \/>\n<meta name=\"twitter:label1\" content=\"Tiempo de lectura\" \/>\n\t<meta name=\"twitter:data1\" content=\"4 minutos\" \/>\n<script type=\"application\/ld+json\" class=\"yoast-schema-graph\">{\"@context\":\"https:\/\/schema.org\",\"@graph\":[{\"@type\":\"WebPage\",\"@id\":\"https:\/\/emea.dev.technetix.com\/es\/redes-fttx\/hdoss-32\/\",\"url\":\"https:\/\/emea.dev.technetix.com\/es\/redes-fttx\/hdoss-32\/\",\"name\":\"HDOSS-32 - Technetix EMEA\",\"isPartOf\":{\"@id\":\"https:\/\/emea.dev.technetix.com\/es\/#website\"},\"primaryImageOfPage\":{\"@id\":\"https:\/\/emea.dev.technetix.com\/es\/redes-fttx\/hdoss-32\/#primaryimage\"},\"image\":{\"@id\":\"https:\/\/emea.dev.technetix.com\/es\/redes-fttx\/hdoss-32\/#primaryimage\"},\"thumbnailUrl\":\"https:\/\/emea.dev.technetix.com\/wp-content\/uploads\/sites\/2\/2023\/04\/PRODUCTS_LARGE_ES_HDOSS_FINAL.jpeg\",\"datePublished\":\"2023-03-04T21:13:23+00:00\",\"dateModified\":\"2024-05-30T07:30:57+00:00\",\"breadcrumb\":{\"@id\":\"https:\/\/emea.dev.technetix.com\/es\/redes-fttx\/hdoss-32\/#breadcrumb\"},\"inLanguage\":\"es\",\"potentialAction\":[{\"@type\":\"ReadAction\",\"target\":[\"https:\/\/emea.dev.technetix.com\/es\/redes-fttx\/hdoss-32\/\"]}]},{\"@type\":\"ImageObject\",\"inLanguage\":\"es\",\"@id\":\"https:\/\/emea.dev.technetix.com\/es\/redes-fttx\/hdoss-32\/#primaryimage\",\"url\":\"https:\/\/emea.dev.technetix.com\/wp-content\/uploads\/sites\/2\/2023\/04\/PRODUCTS_LARGE_ES_HDOSS_FINAL.jpeg\",\"contentUrl\":\"https:\/\/emea.dev.technetix.com\/wp-content\/uploads\/sites\/2\/2023\/04\/PRODUCTS_LARGE_ES_HDOSS_FINAL.jpeg\",\"width\":1920,\"height\":450},{\"@type\":\"BreadcrumbList\",\"@id\":\"https:\/\/emea.dev.technetix.com\/es\/redes-fttx\/hdoss-32\/#breadcrumb\",\"itemListElement\":[{\"@type\":\"ListItem\",\"position\":1,\"name\":\"Home\",\"item\":\"https:\/\/emea.dev.technetix.com\/es\/\"},{\"@type\":\"ListItem\",\"position\":2,\"name\":\"Fibra\",\"item\":\"https:\/\/emea.dev.technetix.com\/es\/redes-fttx\/\"},{\"@type\":\"ListItem\",\"position\":3,\"name\":\"HDOSS-32\"}]},{\"@type\":\"WebSite\",\"@id\":\"https:\/\/emea.dev.technetix.com\/es\/#website\",\"url\":\"https:\/\/emea.dev.technetix.com\/es\/\",\"name\":\"Technetix\",\"description\":\"Next-generation broadband equipment engineering\",\"publisher\":{\"@id\":\"https:\/\/emea.dev.technetix.com\/es\/#organization\"},\"potentialAction\":[{\"@type\":\"SearchAction\",\"target\":{\"@type\":\"EntryPoint\",\"urlTemplate\":\"https:\/\/emea.dev.technetix.com\/es\/?s={search_term_string}\"},\"query-input\":{\"@type\":\"PropertyValueSpecification\",\"valueRequired\":true,\"valueName\":\"search_term_string\"}}],\"inLanguage\":\"es\"},{\"@type\":\"Organization\",\"@id\":\"https:\/\/emea.dev.technetix.com\/es\/#organization\",\"name\":\"Technetix\",\"url\":\"https:\/\/emea.dev.technetix.com\/es\/\",\"logo\":{\"@type\":\"ImageObject\",\"inLanguage\":\"es\",\"@id\":\"https:\/\/emea.dev.technetix.com\/es\/#\/schema\/logo\/image\/\",\"url\":\"https:\/\/emea.dev.technetix.com\/wp-content\/uploads\/sites\/2\/2023\/06\/logo-Technetix-1000x1000-1.png\",\"contentUrl\":\"https:\/\/emea.dev.technetix.com\/wp-content\/uploads\/sites\/2\/2023\/06\/logo-Technetix-1000x1000-1.png\",\"width\":1000,\"height\":1000,\"caption\":\"Technetix\"},\"image\":{\"@id\":\"https:\/\/emea.dev.technetix.com\/es\/#\/schema\/logo\/image\/\"},\"sameAs\":[\"https:\/\/x.com\/technetixgroup\",\"https:\/\/www.linkedin.com\/company\/technetix\/\",\"https:\/\/www.youtube.com\/c\/Technetix-group\"]}]}<\/script>\n<!-- \/ Yoast SEO Premium plugin. -->","yoast_head_json":{"title":"HDOSS-32 - Technetix EMEA","robots":{"index":"index","follow":"follow","max-snippet":"max-snippet:-1","max-image-preview":"max-image-preview:large","max-video-preview":"max-video-preview:-1"},"canonical":"https:\/\/emea.dev.technetix.com\/es\/redes-fttx\/hdoss-32\/","og_locale":"es_ES","og_type":"article","og_title":"HDOSS-32 - Technetix EMEA","og_description":"HDOSS-32 Maximice la utilizaci\u00f3n de cada puerto de OLT con HDOSS A medida que los operadores de acceso de fibra expanden el despliegue de redes de alta velocidad, el alto rendimiento y la maximizaci\u00f3n del retorno de la inversi\u00f3n son esenciales para todos los sistemas de acceso de fibra PON, especialmente 10G PON, 25G PON ... Read more","og_url":"https:\/\/emea.dev.technetix.com\/es\/redes-fttx\/hdoss-32\/","og_site_name":"Technetix EMEA","article_modified_time":"2024-05-30T07:30:57+00:00","og_image":[{"width":1920,"height":450,"url":"https:\/\/emea.dev.technetix.com\/wp-content\/uploads\/sites\/2\/2023\/04\/PRODUCTS_LARGE_ES_HDOSS_FINAL.jpeg","type":"image\/jpeg"}],"twitter_card":"summary_large_image","twitter_site":"@technetixgroup","twitter_misc":{"Tiempo de lectura":"4 minutos"},"schema":{"@context":"https:\/\/schema.org","@graph":[{"@type":"WebPage","@id":"https:\/\/emea.dev.technetix.com\/es\/redes-fttx\/hdoss-32\/","url":"https:\/\/emea.dev.technetix.com\/es\/redes-fttx\/hdoss-32\/","name":"HDOSS-32 - Technetix EMEA","isPartOf":{"@id":"https:\/\/emea.dev.technetix.com\/es\/#website"},"primaryImageOfPage":{"@id":"https:\/\/emea.dev.technetix.com\/es\/redes-fttx\/hdoss-32\/#primaryimage"},"image":{"@id":"https:\/\/emea.dev.technetix.com\/es\/redes-fttx\/hdoss-32\/#primaryimage"},"thumbnailUrl":"https:\/\/emea.dev.technetix.com\/wp-content\/uploads\/sites\/2\/2023\/04\/PRODUCTS_LARGE_ES_HDOSS_FINAL.jpeg","datePublished":"2023-03-04T21:13:23+00:00","dateModified":"2024-05-30T07:30:57+00:00","breadcrumb":{"@id":"https:\/\/emea.dev.technetix.com\/es\/redes-fttx\/hdoss-32\/#breadcrumb"},"inLanguage":"es","potentialAction":[{"@type":"ReadAction","target":["https:\/\/emea.dev.technetix.com\/es\/redes-fttx\/hdoss-32\/"]}]},{"@type":"ImageObject","inLanguage":"es","@id":"https:\/\/emea.dev.technetix.com\/es\/redes-fttx\/hdoss-32\/#primaryimage","url":"https:\/\/emea.dev.technetix.com\/wp-content\/uploads\/sites\/2\/2023\/04\/PRODUCTS_LARGE_ES_HDOSS_FINAL.jpeg","contentUrl":"https:\/\/emea.dev.technetix.com\/wp-content\/uploads\/sites\/2\/2023\/04\/PRODUCTS_LARGE_ES_HDOSS_FINAL.jpeg","width":1920,"height":450},{"@type":"BreadcrumbList","@id":"https:\/\/emea.dev.technetix.com\/es\/redes-fttx\/hdoss-32\/#breadcrumb","itemListElement":[{"@type":"ListItem","position":1,"name":"Home","item":"https:\/\/emea.dev.technetix.com\/es\/"},{"@type":"ListItem","position":2,"name":"Fibra","item":"https:\/\/emea.dev.technetix.com\/es\/redes-fttx\/"},{"@type":"ListItem","position":3,"name":"HDOSS-32"}]},{"@type":"WebSite","@id":"https:\/\/emea.dev.technetix.com\/es\/#website","url":"https:\/\/emea.dev.technetix.com\/es\/","name":"Technetix","description":"Next-generation broadband equipment engineering","publisher":{"@id":"https:\/\/emea.dev.technetix.com\/es\/#organization"},"potentialAction":[{"@type":"SearchAction","target":{"@type":"EntryPoint","urlTemplate":"https:\/\/emea.dev.technetix.com\/es\/?s={search_term_string}"},"query-input":{"@type":"PropertyValueSpecification","valueRequired":true,"valueName":"search_term_string"}}],"inLanguage":"es"},{"@type":"Organization","@id":"https:\/\/emea.dev.technetix.com\/es\/#organization","name":"Technetix","url":"https:\/\/emea.dev.technetix.com\/es\/","logo":{"@type":"ImageObject","inLanguage":"es","@id":"https:\/\/emea.dev.technetix.com\/es\/#\/schema\/logo\/image\/","url":"https:\/\/emea.dev.technetix.com\/wp-content\/uploads\/sites\/2\/2023\/06\/logo-Technetix-1000x1000-1.png","contentUrl":"https:\/\/emea.dev.technetix.com\/wp-content\/uploads\/sites\/2\/2023\/06\/logo-Technetix-1000x1000-1.png","width":1000,"height":1000,"caption":"Technetix"},"image":{"@id":"https:\/\/emea.dev.technetix.com\/es\/#\/schema\/logo\/image\/"},"sameAs":["https:\/\/x.com\/technetixgroup","https:\/\/www.linkedin.com\/company\/technetix\/","https:\/\/www.youtube.com\/c\/Technetix-group"]}]}},"acf":[],"publishpress_future_workflow_manual_trigger":{"enabledWorkflows":[]},"_links":{"self":[{"href":"https:\/\/emea.dev.technetix.com\/es\/wp-json\/wp\/v2\/pages\/7104"}],"collection":[{"href":"https:\/\/emea.dev.technetix.com\/es\/wp-json\/wp\/v2\/pages"}],"about":[{"href":"https:\/\/emea.dev.technetix.com\/es\/wp-json\/wp\/v2\/types\/page"}],"author":[{"embeddable":true,"href":"https:\/\/emea.dev.technetix.com\/es\/wp-json\/wp\/v2\/users\/1"}],"replies":[{"embeddable":true,"href":"https:\/\/emea.dev.technetix.com\/es\/wp-json\/wp\/v2\/comments?post=7104"}],"version-history":[{"count":6,"href":"https:\/\/emea.dev.technetix.com\/es\/wp-json\/wp\/v2\/pages\/7104\/revisions"}],"predecessor-version":[{"id":416908,"href":"https:\/\/emea.dev.technetix.com\/es\/wp-json\/wp\/v2\/pages\/7104\/revisions\/416908"}],"up":[{"embeddable":true,"href":"https:\/\/emea.dev.technetix.com\/es\/wp-json\/wp\/v2\/pages\/7100"}],"wp:featuredmedia":[{"embeddable":true,"href":"https:\/\/emea.dev.technetix.com\/es\/wp-json\/wp\/v2\/media\/13496"}],"wp:attachment":[{"href":"https:\/\/emea.dev.technetix.com\/es\/wp-json\/wp\/v2\/media?parent=7104"}],"curies":[{"name":"wp","href":"https:\/\/api.w.org\/{rel}","templated":true}]}}