{"id":7102,"date":"2023-01-18T23:15:50","date_gmt":"2023-01-18T23:15:50","guid":{"rendered":"https:\/\/emea.dev.technetix.com\/redes-fttx\/olt-remoto\/"},"modified":"2024-02-08T09:52:41","modified_gmt":"2024-02-08T09:52:41","slug":"olt-remoto","status":"publish","type":"page","link":"https:\/\/emea.dev.technetix.com\/es\/redes-fttx\/olt-remoto\/","title":{"rendered":"OLT remoto"},"content":{"rendered":"<div class=\"gb-container gb-container-f86f3f4f gb-container-hero-banner\"><div class=\"gb-inside-container\">\n<h1 class=\"gb-headline gb-headline-e1547755 gb-headline-text gb-headline-hero-banner-title\">OLT remoto<\/h1>\n<\/div><\/div><div class=\"gb-container gb-container-2848dbe4 gb-container-inner-back-page-con\">\n<h2 class=\"gb-headline gb-headline-d02c52e4 gb-headline-text\">Un terminal de l\u00ednea \u00f3ptica remota (rOLT) rentable para la implementaci\u00f3n de acceso profundo y FTTP<\/h2>\n\n<p class=\"gb-headline gb-headline-6656b5c3 gb-headline-text\">Cierre la brecha digital con el rOLT para un r\u00e1pido despliegue de servicios de banda ancha FTTH\/P sim\u00e9tricos 10G.<\/p>\n\n<ul class=\"wp-block-list\"><li>OLT XGS-PON robusta y compacta para ubicaciones remotas<\/li>\n\n<li>Ideal para despliegues en zonas rurales, distribuidas y suburbanas como peque\u00f1as ciudades y pueblos, parques empresariales y universidades<\/li>\n\n<li>Bajo consumo de energ\u00eda y refrigeraci\u00f3n pasiva<\/li>\n\n<li>rOLT reforzado con \u2265 4 puertos XGS-PON (10G) que dan servicios hasta 512 suscriptores<\/li>\n\n<li>Gesti\u00f3n integrada de la fibra, incluidos los divisores para una instalaci\u00f3n r\u00e1pida<\/li>\n\n<li>Configuraci\u00f3n flexible de 1 a 4 enlaces ascendentes de 10GE y de 1 a 4 puertos XGS-PON<\/li>\n\n<li>M\u00faltiples opciones de despliegue incluyendo en postes, pedestales, torres y armarios<\/li><\/ul>\n\n<figure class=\"gb-block-image gb-block-image-61e35e7d\"><img loading=\"lazy\" decoding=\"async\" width=\"1000\" height=\"1000\" class=\"gb-image gb-image-61e35e7d\" src=\"https:\/\/emea.dev.technetix.com\/wp-content\/uploads\/sites\/2\/2023\/07\/00000000_rOLT_PRFL_01.jpg\" alt=\"\" title=\"00000000_rOLT_PRFL_01\" srcset=\"https:\/\/emea.dev.technetix.com\/wp-content\/uploads\/sites\/2\/2023\/07\/00000000_rOLT_PRFL_01.jpg 1000w, https:\/\/emea.dev.technetix.com\/wp-content\/uploads\/sites\/2\/2023\/07\/00000000_rOLT_PRFL_01-300x300.jpg 300w, https:\/\/emea.dev.technetix.com\/wp-content\/uploads\/sites\/2\/2023\/07\/00000000_rOLT_PRFL_01-150x150.jpg 150w, https:\/\/emea.dev.technetix.com\/wp-content\/uploads\/sites\/2\/2023\/07\/00000000_rOLT_PRFL_01-768x768.jpg 768w, https:\/\/emea.dev.technetix.com\/wp-content\/uploads\/sites\/2\/2023\/07\/00000000_rOLT_PRFL_01-600x600.jpg 600w, https:\/\/emea.dev.technetix.com\/wp-content\/uploads\/sites\/2\/2023\/07\/00000000_rOLT_PRFL_01-100x100.jpg 100w\" sizes=\"(max-width: 1000px) 100vw, 1000px\" \/><\/figure>\n\n<figure class=\"gb-block-image gb-block-image-d3107c78\"><img loading=\"lazy\" decoding=\"async\" width=\"1920\" height=\"580\" class=\"gb-image gb-image-d3107c78\" src=\"https:\/\/emea.dev.technetix.com\/wp-content\/uploads\/sites\/2\/2023\/01\/Asset_3_2x.png\" alt=\"\" srcset=\"https:\/\/emea.dev.technetix.com\/wp-content\/uploads\/sites\/2\/2023\/01\/Asset_3_2x.png 1920w, https:\/\/emea.dev.technetix.com\/wp-content\/uploads\/sites\/2\/2023\/01\/Asset_3_2x-300x91.png 300w, https:\/\/emea.dev.technetix.com\/wp-content\/uploads\/sites\/2\/2023\/01\/Asset_3_2x-1024x309.png 1024w, https:\/\/emea.dev.technetix.com\/wp-content\/uploads\/sites\/2\/2023\/01\/Asset_3_2x-768x232.png 768w, https:\/\/emea.dev.technetix.com\/wp-content\/uploads\/sites\/2\/2023\/01\/Asset_3_2x-1536x464.png 1536w, https:\/\/emea.dev.technetix.com\/wp-content\/uploads\/sites\/2\/2023\/01\/Asset_3_2x-600x181.png 600w\" sizes=\"(max-width: 1920px) 100vw, 1920px\" \/><\/figure>\n<\/div><div class=\"gb-container gb-container-dbeed0b8 gb-container-con-buttons-bottom\">\n<h2 class=\"gb-headline gb-headline-7ce6fa4b gb-headline-text gb-headline-head-bottom-buttons\">Enlaces de inter\u00e9s<\/h2>\n\n<div class=\"gb-button-wrapper gb-button-wrapper-5300c273 gb-button-wrapper-after-con-buttons\">\n<a class=\"gb-button gb-button-3eadfa91 gb-button-text gb-button-bottom-button\" href=\"https:\/\/emea.dev.technetix.com\/wp-content\/uploads\/sites\/2\/2023\/07\/00000000_rOLT_V7_DS_AE.pdf\" target=\"_blank\" rel=\"noopener noreferrer\">Datasheet<\/a>\n\n<a class=\"gb-button gb-button-74bfad52 gb-button-text gb-button-bottom-button\" href=\"https:\/\/emea.dev.technetix.com\/es\/contactenos\/\">Contactenos<\/a>\n<\/div>\n<\/div>","protected":false},"excerpt":{"rendered":"<p>OLT remoto Un terminal de l\u00ednea \u00f3ptica remota (rOLT) rentable para la implementaci\u00f3n de acceso profundo y FTTP Cierre la brecha digital con el rOLT para un r\u00e1pido despliegue de servicios de banda ancha FTTH\/P sim\u00e9tricos 10G. Enlaces de inter\u00e9s<\/p>\n","protected":false},"author":1,"featured_media":97136,"parent":7100,"menu_order":0,"comment_status":"closed","ping_status":"closed","template":"","meta":{"_acf_changed":false,"_gspb_post_css":"","footnotes":""},"class_list":["post-7102","page","type-page","status-publish","has-post-thumbnail"],"yoast_head":"<!-- This site is optimized with the Yoast SEO Premium plugin v22.5 (Yoast SEO v23.7) - https:\/\/yoast.com\/wordpress\/plugins\/seo\/ -->\n<title>OLT remoto - Technetix EMEA<\/title>\n<meta name=\"robots\" content=\"index, follow, max-snippet:-1, max-image-preview:large, max-video-preview:-1\" \/>\n<link rel=\"canonical\" href=\"https:\/\/emea.dev.technetix.com\/es\/redes-fttx\/olt-remoto\/\" \/>\n<meta property=\"og:locale\" content=\"es_ES\" \/>\n<meta property=\"og:type\" content=\"article\" \/>\n<meta property=\"og:title\" content=\"OLT remoto - Technetix EMEA\" \/>\n<meta property=\"og:description\" content=\"OLT remoto Un terminal de l\u00ednea \u00f3ptica remota (rOLT) rentable para la implementaci\u00f3n de acceso profundo y FTTP Cierre la brecha digital con el rOLT para un r\u00e1pido despliegue de servicios de banda ancha FTTH\/P sim\u00e9tricos 10G. Enlaces de inter\u00e9s\" \/>\n<meta property=\"og:url\" content=\"https:\/\/emea.dev.technetix.com\/es\/redes-fttx\/olt-remoto\/\" \/>\n<meta property=\"og:site_name\" content=\"Technetix EMEA\" \/>\n<meta property=\"article:modified_time\" content=\"2024-02-08T09:52:41+00:00\" \/>\n<meta property=\"og:image\" content=\"https:\/\/emea.dev.technetix.com\/wp-content\/uploads\/sites\/2\/2023\/10\/PRODUCTS_LARGE_ES_ROLT_FINAL.jpg\" \/>\n\t<meta property=\"og:image:width\" content=\"1920\" \/>\n\t<meta property=\"og:image:height\" content=\"450\" \/>\n\t<meta property=\"og:image:type\" content=\"image\/jpeg\" \/>\n<meta name=\"twitter:card\" content=\"summary_large_image\" \/>\n<meta name=\"twitter:site\" content=\"@technetixgroup\" \/>\n<meta name=\"twitter:label1\" content=\"Tiempo de lectura\" \/>\n\t<meta name=\"twitter:data1\" content=\"2 minutos\" \/>\n<script type=\"application\/ld+json\" class=\"yoast-schema-graph\">{\"@context\":\"https:\/\/schema.org\",\"@graph\":[{\"@type\":\"WebPage\",\"@id\":\"https:\/\/emea.dev.technetix.com\/es\/redes-fttx\/olt-remoto\/\",\"url\":\"https:\/\/emea.dev.technetix.com\/es\/redes-fttx\/olt-remoto\/\",\"name\":\"OLT remoto - Technetix EMEA\",\"isPartOf\":{\"@id\":\"https:\/\/emea.dev.technetix.com\/es\/#website\"},\"primaryImageOfPage\":{\"@id\":\"https:\/\/emea.dev.technetix.com\/es\/redes-fttx\/olt-remoto\/#primaryimage\"},\"image\":{\"@id\":\"https:\/\/emea.dev.technetix.com\/es\/redes-fttx\/olt-remoto\/#primaryimage\"},\"thumbnailUrl\":\"https:\/\/emea.dev.technetix.com\/wp-content\/uploads\/sites\/2\/2023\/10\/PRODUCTS_LARGE_ES_ROLT_FINAL.jpg\",\"datePublished\":\"2023-01-18T23:15:50+00:00\",\"dateModified\":\"2024-02-08T09:52:41+00:00\",\"breadcrumb\":{\"@id\":\"https:\/\/emea.dev.technetix.com\/es\/redes-fttx\/olt-remoto\/#breadcrumb\"},\"inLanguage\":\"es\",\"potentialAction\":[{\"@type\":\"ReadAction\",\"target\":[\"https:\/\/emea.dev.technetix.com\/es\/redes-fttx\/olt-remoto\/\"]}]},{\"@type\":\"ImageObject\",\"inLanguage\":\"es\",\"@id\":\"https:\/\/emea.dev.technetix.com\/es\/redes-fttx\/olt-remoto\/#primaryimage\",\"url\":\"https:\/\/emea.dev.technetix.com\/wp-content\/uploads\/sites\/2\/2023\/10\/PRODUCTS_LARGE_ES_ROLT_FINAL.jpg\",\"contentUrl\":\"https:\/\/emea.dev.technetix.com\/wp-content\/uploads\/sites\/2\/2023\/10\/PRODUCTS_LARGE_ES_ROLT_FINAL.jpg\",\"width\":1920,\"height\":450},{\"@type\":\"BreadcrumbList\",\"@id\":\"https:\/\/emea.dev.technetix.com\/es\/redes-fttx\/olt-remoto\/#breadcrumb\",\"itemListElement\":[{\"@type\":\"ListItem\",\"position\":1,\"name\":\"Home\",\"item\":\"https:\/\/emea.dev.technetix.com\/es\/\"},{\"@type\":\"ListItem\",\"position\":2,\"name\":\"Fibra\",\"item\":\"https:\/\/emea.dev.technetix.com\/es\/redes-fttx\/\"},{\"@type\":\"ListItem\",\"position\":3,\"name\":\"OLT remoto\"}]},{\"@type\":\"WebSite\",\"@id\":\"https:\/\/emea.dev.technetix.com\/es\/#website\",\"url\":\"https:\/\/emea.dev.technetix.com\/es\/\",\"name\":\"Technetix\",\"description\":\"Next-generation broadband equipment engineering\",\"publisher\":{\"@id\":\"https:\/\/emea.dev.technetix.com\/es\/#organization\"},\"potentialAction\":[{\"@type\":\"SearchAction\",\"target\":{\"@type\":\"EntryPoint\",\"urlTemplate\":\"https:\/\/emea.dev.technetix.com\/es\/?s={search_term_string}\"},\"query-input\":{\"@type\":\"PropertyValueSpecification\",\"valueRequired\":true,\"valueName\":\"search_term_string\"}}],\"inLanguage\":\"es\"},{\"@type\":\"Organization\",\"@id\":\"https:\/\/emea.dev.technetix.com\/es\/#organization\",\"name\":\"Technetix\",\"url\":\"https:\/\/emea.dev.technetix.com\/es\/\",\"logo\":{\"@type\":\"ImageObject\",\"inLanguage\":\"es\",\"@id\":\"https:\/\/emea.dev.technetix.com\/es\/#\/schema\/logo\/image\/\",\"url\":\"https:\/\/emea.dev.technetix.com\/wp-content\/uploads\/sites\/2\/2023\/06\/logo-Technetix-1000x1000-1.png\",\"contentUrl\":\"https:\/\/emea.dev.technetix.com\/wp-content\/uploads\/sites\/2\/2023\/06\/logo-Technetix-1000x1000-1.png\",\"width\":1000,\"height\":1000,\"caption\":\"Technetix\"},\"image\":{\"@id\":\"https:\/\/emea.dev.technetix.com\/es\/#\/schema\/logo\/image\/\"},\"sameAs\":[\"https:\/\/x.com\/technetixgroup\",\"https:\/\/www.linkedin.com\/company\/technetix\/\",\"https:\/\/www.youtube.com\/c\/Technetix-group\"]}]}<\/script>\n<!-- \/ Yoast SEO Premium plugin. -->","yoast_head_json":{"title":"OLT remoto - Technetix EMEA","robots":{"index":"index","follow":"follow","max-snippet":"max-snippet:-1","max-image-preview":"max-image-preview:large","max-video-preview":"max-video-preview:-1"},"canonical":"https:\/\/emea.dev.technetix.com\/es\/redes-fttx\/olt-remoto\/","og_locale":"es_ES","og_type":"article","og_title":"OLT remoto - Technetix EMEA","og_description":"OLT remoto Un terminal de l\u00ednea \u00f3ptica remota (rOLT) rentable para la implementaci\u00f3n de acceso profundo y FTTP Cierre la brecha digital con el rOLT para un r\u00e1pido despliegue de servicios de banda ancha FTTH\/P sim\u00e9tricos 10G. Enlaces de inter\u00e9s","og_url":"https:\/\/emea.dev.technetix.com\/es\/redes-fttx\/olt-remoto\/","og_site_name":"Technetix EMEA","article_modified_time":"2024-02-08T09:52:41+00:00","og_image":[{"width":1920,"height":450,"url":"https:\/\/emea.dev.technetix.com\/wp-content\/uploads\/sites\/2\/2023\/10\/PRODUCTS_LARGE_ES_ROLT_FINAL.jpg","type":"image\/jpeg"}],"twitter_card":"summary_large_image","twitter_site":"@technetixgroup","twitter_misc":{"Tiempo de lectura":"2 minutos"},"schema":{"@context":"https:\/\/schema.org","@graph":[{"@type":"WebPage","@id":"https:\/\/emea.dev.technetix.com\/es\/redes-fttx\/olt-remoto\/","url":"https:\/\/emea.dev.technetix.com\/es\/redes-fttx\/olt-remoto\/","name":"OLT remoto - Technetix EMEA","isPartOf":{"@id":"https:\/\/emea.dev.technetix.com\/es\/#website"},"primaryImageOfPage":{"@id":"https:\/\/emea.dev.technetix.com\/es\/redes-fttx\/olt-remoto\/#primaryimage"},"image":{"@id":"https:\/\/emea.dev.technetix.com\/es\/redes-fttx\/olt-remoto\/#primaryimage"},"thumbnailUrl":"https:\/\/emea.dev.technetix.com\/wp-content\/uploads\/sites\/2\/2023\/10\/PRODUCTS_LARGE_ES_ROLT_FINAL.jpg","datePublished":"2023-01-18T23:15:50+00:00","dateModified":"2024-02-08T09:52:41+00:00","breadcrumb":{"@id":"https:\/\/emea.dev.technetix.com\/es\/redes-fttx\/olt-remoto\/#breadcrumb"},"inLanguage":"es","potentialAction":[{"@type":"ReadAction","target":["https:\/\/emea.dev.technetix.com\/es\/redes-fttx\/olt-remoto\/"]}]},{"@type":"ImageObject","inLanguage":"es","@id":"https:\/\/emea.dev.technetix.com\/es\/redes-fttx\/olt-remoto\/#primaryimage","url":"https:\/\/emea.dev.technetix.com\/wp-content\/uploads\/sites\/2\/2023\/10\/PRODUCTS_LARGE_ES_ROLT_FINAL.jpg","contentUrl":"https:\/\/emea.dev.technetix.com\/wp-content\/uploads\/sites\/2\/2023\/10\/PRODUCTS_LARGE_ES_ROLT_FINAL.jpg","width":1920,"height":450},{"@type":"BreadcrumbList","@id":"https:\/\/emea.dev.technetix.com\/es\/redes-fttx\/olt-remoto\/#breadcrumb","itemListElement":[{"@type":"ListItem","position":1,"name":"Home","item":"https:\/\/emea.dev.technetix.com\/es\/"},{"@type":"ListItem","position":2,"name":"Fibra","item":"https:\/\/emea.dev.technetix.com\/es\/redes-fttx\/"},{"@type":"ListItem","position":3,"name":"OLT remoto"}]},{"@type":"WebSite","@id":"https:\/\/emea.dev.technetix.com\/es\/#website","url":"https:\/\/emea.dev.technetix.com\/es\/","name":"Technetix","description":"Next-generation broadband equipment engineering","publisher":{"@id":"https:\/\/emea.dev.technetix.com\/es\/#organization"},"potentialAction":[{"@type":"SearchAction","target":{"@type":"EntryPoint","urlTemplate":"https:\/\/emea.dev.technetix.com\/es\/?s={search_term_string}"},"query-input":{"@type":"PropertyValueSpecification","valueRequired":true,"valueName":"search_term_string"}}],"inLanguage":"es"},{"@type":"Organization","@id":"https:\/\/emea.dev.technetix.com\/es\/#organization","name":"Technetix","url":"https:\/\/emea.dev.technetix.com\/es\/","logo":{"@type":"ImageObject","inLanguage":"es","@id":"https:\/\/emea.dev.technetix.com\/es\/#\/schema\/logo\/image\/","url":"https:\/\/emea.dev.technetix.com\/wp-content\/uploads\/sites\/2\/2023\/06\/logo-Technetix-1000x1000-1.png","contentUrl":"https:\/\/emea.dev.technetix.com\/wp-content\/uploads\/sites\/2\/2023\/06\/logo-Technetix-1000x1000-1.png","width":1000,"height":1000,"caption":"Technetix"},"image":{"@id":"https:\/\/emea.dev.technetix.com\/es\/#\/schema\/logo\/image\/"},"sameAs":["https:\/\/x.com\/technetixgroup","https:\/\/www.linkedin.com\/company\/technetix\/","https:\/\/www.youtube.com\/c\/Technetix-group"]}]}},"acf":[],"publishpress_future_workflow_manual_trigger":{"enabledWorkflows":[]},"_links":{"self":[{"href":"https:\/\/emea.dev.technetix.com\/es\/wp-json\/wp\/v2\/pages\/7102"}],"collection":[{"href":"https:\/\/emea.dev.technetix.com\/es\/wp-json\/wp\/v2\/pages"}],"about":[{"href":"https:\/\/emea.dev.technetix.com\/es\/wp-json\/wp\/v2\/types\/page"}],"author":[{"embeddable":true,"href":"https:\/\/emea.dev.technetix.com\/es\/wp-json\/wp\/v2\/users\/1"}],"replies":[{"embeddable":true,"href":"https:\/\/emea.dev.technetix.com\/es\/wp-json\/wp\/v2\/comments?post=7102"}],"version-history":[{"count":8,"href":"https:\/\/emea.dev.technetix.com\/es\/wp-json\/wp\/v2\/pages\/7102\/revisions"}],"predecessor-version":[{"id":262829,"href":"https:\/\/emea.dev.technetix.com\/es\/wp-json\/wp\/v2\/pages\/7102\/revisions\/262829"}],"up":[{"embeddable":true,"href":"https:\/\/emea.dev.technetix.com\/es\/wp-json\/wp\/v2\/pages\/7100"}],"wp:featuredmedia":[{"embeddable":true,"href":"https:\/\/emea.dev.technetix.com\/es\/wp-json\/wp\/v2\/media\/97136"}],"wp:attachment":[{"href":"https:\/\/emea.dev.technetix.com\/es\/wp-json\/wp\/v2\/media?parent=7102"}],"curies":[{"name":"wp","href":"https:\/\/api.w.org\/{rel}","templated":true}]}}