{"id":306920,"date":"2023-11-13T11:56:21","date_gmt":"2023-11-13T11:56:21","guid":{"rendered":"https:\/\/emea.dev.technetix.com\/redes-fttx\/soluciones-de-terminacion-de-suscriptores\/f-etb-f-itb\/"},"modified":"2024-03-11T11:09:11","modified_gmt":"2024-03-11T11:09:11","slug":"f-etb-f-itb","status":"publish","type":"page","link":"https:\/\/emea.dev.technetix.com\/es\/redes-fttx\/soluciones-de-terminacion-de-suscriptores\/f-etb-f-itb\/","title":{"rendered":"F-ETB\/F-ITB"},"content":{"rendered":"<div class=\"gb-container gb-container-a2efb66f gb-container-wide-back-page-con\" id=\"content\">\n<div class=\"gb-grid-wrapper gb-grid-wrapper-5efcc144\">\n<div class=\"gb-grid-column gb-grid-column-6e2f42ae\"><div class=\"gb-container gb-container-6e2f42ae\" id=\"image-col\"><div class=\"gb-inside-container\">\n<figure class=\"gb-block-image gb-block-image-61e35e7d\"><img loading=\"lazy\" decoding=\"async\" width=\"500\" height=\"500\" class=\"gb-image gb-image-61e35e7d\" src=\"https:\/\/emea.dev.technetix.com\/wp-content\/uploads\/sites\/2\/2023\/11\/ETB-ITB_ETB-Image.jpg\" alt=\"\" title=\"ETB-ITB_ETB-Image\" srcset=\"https:\/\/emea.dev.technetix.com\/wp-content\/uploads\/sites\/2\/2023\/11\/ETB-ITB_ETB-Image.jpg 500w, https:\/\/emea.dev.technetix.com\/wp-content\/uploads\/sites\/2\/2023\/11\/ETB-ITB_ETB-Image-300x300.jpg 300w, https:\/\/emea.dev.technetix.com\/wp-content\/uploads\/sites\/2\/2023\/11\/ETB-ITB_ETB-Image-150x150.jpg 150w, https:\/\/emea.dev.technetix.com\/wp-content\/uploads\/sites\/2\/2023\/11\/ETB-ITB_ETB-Image-100x100.jpg 100w\" sizes=\"(max-width: 500px) 100vw, 500px\" \/><\/figure>\n<\/div><\/div><\/div>\n\n<div class=\"gb-grid-column gb-grid-column-cb46cc96\"><div class=\"gb-container gb-container-cb46cc96\" id=\"content-col\"><div class=\"gb-inside-container\">\n<h2 class=\"wp-block-heading\" id=\"h-f-etb-f-itb-hybrid-fiber-termination-box-for-rf-and-fiber-deployments\">F-ETB\/F-ITB \u2013 caja de terminaci\u00f3n de fibra h\u00edbrida para implementaciones de fibra y RF.<\/h2>\n\n<p>Con una red en constante expansi\u00f3n y un uso de datos que aumenta exponencialmente, F-ETB y F-ITB son la soluci\u00f3n perfecta para su red de fibra. Ambas cajas, f\u00e1ciles de instalar y con una variedad de configuraciones para uso en exteriores e interiores, brindan una plataforma segura para su equipo de banda ancha. <\/p>\n\n<p>F-ETB y F-ITB est\u00e1n dise\u00f1ados para satisfacer las necesidades de arquitecturas de red en evoluci\u00f3n al proporcionar funcionalidad para redes el\u00e9ctricas, h\u00edbridas y FTTH completas. El F-ETB crece con la red, lo que reduce el tiempo del instalador y los costos de materiales al incorporar componentes modulares que permiten que la caja crezca con la red. La base de ETB e ITB tiene m\u00faltiples puntos de fijaci\u00f3n a la pared con orificios ciegos traseros para entrada\/salida de cables. Una vez solucionado, el proceso no requiere herramientas, lo que permite una instalaci\u00f3n y un mantenimiento de la red r\u00e1pidos y sencillos.   <\/p>\n\n<ul class=\"wp-block-list\"><li>La configuraci\u00f3n del panel multicapa permite una almacenamiento seguro de la fibra<\/li>\n\n<li>Almacenamiento flexible de conectores y empalmes<\/li><\/ul>\n<\/div><\/div><\/div>\n<\/div>\n<\/div><div class=\"gb-container gb-container-e4a86c09 gb-container-con-buttons-bottom\">\n<h2 class=\"gb-headline gb-headline-7ce6fa4b gb-headline-text gb-headline-head-bottom-buttons\">Enlaces de inter\u00e9s<\/h2>\n\n<div class=\"gb-button-wrapper gb-button-wrapper-5300c273 gb-button-wrapper-after-con-buttons\">\n<a class=\"gb-button gb-button-3eadfa91 gb-button-text gb-button-bottom-button\" href=\"https:\/\/emea.dev.technetix.com\/wp-content\/uploads\/sites\/2\/2023\/02\/ETB-ITB_BRC_EN.pdf\" target=\"_blank\" rel=\"noopener noreferrer\">Gu\u00eda de producto<\/a>\n\n<a class=\"gb-button gb-button-74bfad52 gb-button-text gb-button-bottom-button\" href=\"https:\/\/emea.dev.technetix.com\/es\/contactenos\/\">Cont\u00e1ctenos<\/a>\n<\/div>\n<\/div>","protected":false},"excerpt":{"rendered":"<p>Enlaces de inter\u00e9s<\/p>\n","protected":false},"author":3,"featured_media":0,"parent":288482,"menu_order":0,"comment_status":"closed","ping_status":"closed","template":"","meta":{"_acf_changed":false,"_gspb_post_css":"","footnotes":""},"class_list":["post-306920","page","type-page","status-publish"],"yoast_head":"<!-- This site is optimized with the Yoast SEO Premium plugin v22.5 (Yoast SEO v23.7) - https:\/\/yoast.com\/wordpress\/plugins\/seo\/ -->\n<title>F-ETB\/F-ITB - Technetix EMEA<\/title>\n<meta name=\"robots\" content=\"index, follow, max-snippet:-1, max-image-preview:large, max-video-preview:-1\" \/>\n<link rel=\"canonical\" href=\"https:\/\/emea.dev.technetix.com\/es\/redes-fttx\/soluciones-de-terminacion-de-suscriptores\/f-etb-f-itb\/\" \/>\n<meta property=\"og:locale\" content=\"es_ES\" \/>\n<meta property=\"og:type\" content=\"article\" \/>\n<meta property=\"og:title\" content=\"F-ETB\/F-ITB - Technetix EMEA\" \/>\n<meta property=\"og:description\" content=\"Enlaces de inter\u00e9s\" \/>\n<meta property=\"og:url\" content=\"https:\/\/emea.dev.technetix.com\/es\/redes-fttx\/soluciones-de-terminacion-de-suscriptores\/f-etb-f-itb\/\" \/>\n<meta property=\"og:site_name\" content=\"Technetix EMEA\" \/>\n<meta property=\"article:modified_time\" content=\"2024-03-11T11:09:11+00:00\" \/>\n<meta property=\"og:image\" content=\"https:\/\/emea.dev.technetix.com\/wp-content\/uploads\/sites\/2\/2023\/11\/ETB-ITB_ETB-Image.jpg\" \/>\n<meta name=\"twitter:card\" content=\"summary_large_image\" \/>\n<meta name=\"twitter:site\" content=\"@technetixgroup\" \/>\n<meta name=\"twitter:label1\" content=\"Tiempo de lectura\" \/>\n\t<meta name=\"twitter:data1\" content=\"1 minuto\" \/>\n<script type=\"application\/ld+json\" class=\"yoast-schema-graph\">{\"@context\":\"https:\/\/schema.org\",\"@graph\":[{\"@type\":\"WebPage\",\"@id\":\"https:\/\/emea.dev.technetix.com\/es\/redes-fttx\/soluciones-de-terminacion-de-suscriptores\/f-etb-f-itb\/\",\"url\":\"https:\/\/emea.dev.technetix.com\/es\/redes-fttx\/soluciones-de-terminacion-de-suscriptores\/f-etb-f-itb\/\",\"name\":\"F-ETB\/F-ITB - Technetix EMEA\",\"isPartOf\":{\"@id\":\"https:\/\/emea.dev.technetix.com\/es\/#website\"},\"primaryImageOfPage\":{\"@id\":\"https:\/\/emea.dev.technetix.com\/es\/redes-fttx\/soluciones-de-terminacion-de-suscriptores\/f-etb-f-itb\/#primaryimage\"},\"image\":{\"@id\":\"https:\/\/emea.dev.technetix.com\/es\/redes-fttx\/soluciones-de-terminacion-de-suscriptores\/f-etb-f-itb\/#primaryimage\"},\"thumbnailUrl\":\"https:\/\/emea.dev.technetix.com\/wp-content\/uploads\/sites\/2\/2023\/11\/ETB-ITB_ETB-Image.jpg\",\"datePublished\":\"2023-11-13T11:56:21+00:00\",\"dateModified\":\"2024-03-11T11:09:11+00:00\",\"breadcrumb\":{\"@id\":\"https:\/\/emea.dev.technetix.com\/es\/redes-fttx\/soluciones-de-terminacion-de-suscriptores\/f-etb-f-itb\/#breadcrumb\"},\"inLanguage\":\"es\",\"potentialAction\":[{\"@type\":\"ReadAction\",\"target\":[\"https:\/\/emea.dev.technetix.com\/es\/redes-fttx\/soluciones-de-terminacion-de-suscriptores\/f-etb-f-itb\/\"]}]},{\"@type\":\"ImageObject\",\"inLanguage\":\"es\",\"@id\":\"https:\/\/emea.dev.technetix.com\/es\/redes-fttx\/soluciones-de-terminacion-de-suscriptores\/f-etb-f-itb\/#primaryimage\",\"url\":\"https:\/\/emea.dev.technetix.com\/wp-content\/uploads\/sites\/2\/2023\/11\/ETB-ITB_ETB-Image.jpg\",\"contentUrl\":\"https:\/\/emea.dev.technetix.com\/wp-content\/uploads\/sites\/2\/2023\/11\/ETB-ITB_ETB-Image.jpg\"},{\"@type\":\"BreadcrumbList\",\"@id\":\"https:\/\/emea.dev.technetix.com\/es\/redes-fttx\/soluciones-de-terminacion-de-suscriptores\/f-etb-f-itb\/#breadcrumb\",\"itemListElement\":[{\"@type\":\"ListItem\",\"position\":1,\"name\":\"Home\",\"item\":\"https:\/\/emea.dev.technetix.com\/es\/\"},{\"@type\":\"ListItem\",\"position\":2,\"name\":\"Fibra\",\"item\":\"https:\/\/emea.dev.technetix.com\/es\/redes-fttx\/\"},{\"@type\":\"ListItem\",\"position\":3,\"name\":\"Soluciones de terminaci\u00f3n de suscriptores\",\"item\":\"https:\/\/emea.dev.technetix.com\/es\/redes-fttx\/soluciones-de-terminacion-de-suscriptores\/\"},{\"@type\":\"ListItem\",\"position\":4,\"name\":\"F-ETB\/F-ITB\"}]},{\"@type\":\"WebSite\",\"@id\":\"https:\/\/emea.dev.technetix.com\/es\/#website\",\"url\":\"https:\/\/emea.dev.technetix.com\/es\/\",\"name\":\"Technetix\",\"description\":\"Next-generation broadband equipment engineering\",\"publisher\":{\"@id\":\"https:\/\/emea.dev.technetix.com\/es\/#organization\"},\"potentialAction\":[{\"@type\":\"SearchAction\",\"target\":{\"@type\":\"EntryPoint\",\"urlTemplate\":\"https:\/\/emea.dev.technetix.com\/es\/?s={search_term_string}\"},\"query-input\":{\"@type\":\"PropertyValueSpecification\",\"valueRequired\":true,\"valueName\":\"search_term_string\"}}],\"inLanguage\":\"es\"},{\"@type\":\"Organization\",\"@id\":\"https:\/\/emea.dev.technetix.com\/es\/#organization\",\"name\":\"Technetix\",\"url\":\"https:\/\/emea.dev.technetix.com\/es\/\",\"logo\":{\"@type\":\"ImageObject\",\"inLanguage\":\"es\",\"@id\":\"https:\/\/emea.dev.technetix.com\/es\/#\/schema\/logo\/image\/\",\"url\":\"https:\/\/emea.dev.technetix.com\/wp-content\/uploads\/sites\/2\/2023\/06\/logo-Technetix-1000x1000-1.png\",\"contentUrl\":\"https:\/\/emea.dev.technetix.com\/wp-content\/uploads\/sites\/2\/2023\/06\/logo-Technetix-1000x1000-1.png\",\"width\":1000,\"height\":1000,\"caption\":\"Technetix\"},\"image\":{\"@id\":\"https:\/\/emea.dev.technetix.com\/es\/#\/schema\/logo\/image\/\"},\"sameAs\":[\"https:\/\/x.com\/technetixgroup\",\"https:\/\/www.linkedin.com\/company\/technetix\/\",\"https:\/\/www.youtube.com\/c\/Technetix-group\"]}]}<\/script>\n<!-- \/ Yoast SEO Premium plugin. -->","yoast_head_json":{"title":"F-ETB\/F-ITB - Technetix EMEA","robots":{"index":"index","follow":"follow","max-snippet":"max-snippet:-1","max-image-preview":"max-image-preview:large","max-video-preview":"max-video-preview:-1"},"canonical":"https:\/\/emea.dev.technetix.com\/es\/redes-fttx\/soluciones-de-terminacion-de-suscriptores\/f-etb-f-itb\/","og_locale":"es_ES","og_type":"article","og_title":"F-ETB\/F-ITB - Technetix EMEA","og_description":"Enlaces de inter\u00e9s","og_url":"https:\/\/emea.dev.technetix.com\/es\/redes-fttx\/soluciones-de-terminacion-de-suscriptores\/f-etb-f-itb\/","og_site_name":"Technetix EMEA","article_modified_time":"2024-03-11T11:09:11+00:00","og_image":[{"url":"https:\/\/emea.dev.technetix.com\/wp-content\/uploads\/sites\/2\/2023\/11\/ETB-ITB_ETB-Image.jpg"}],"twitter_card":"summary_large_image","twitter_site":"@technetixgroup","twitter_misc":{"Tiempo de lectura":"1 minuto"},"schema":{"@context":"https:\/\/schema.org","@graph":[{"@type":"WebPage","@id":"https:\/\/emea.dev.technetix.com\/es\/redes-fttx\/soluciones-de-terminacion-de-suscriptores\/f-etb-f-itb\/","url":"https:\/\/emea.dev.technetix.com\/es\/redes-fttx\/soluciones-de-terminacion-de-suscriptores\/f-etb-f-itb\/","name":"F-ETB\/F-ITB - Technetix EMEA","isPartOf":{"@id":"https:\/\/emea.dev.technetix.com\/es\/#website"},"primaryImageOfPage":{"@id":"https:\/\/emea.dev.technetix.com\/es\/redes-fttx\/soluciones-de-terminacion-de-suscriptores\/f-etb-f-itb\/#primaryimage"},"image":{"@id":"https:\/\/emea.dev.technetix.com\/es\/redes-fttx\/soluciones-de-terminacion-de-suscriptores\/f-etb-f-itb\/#primaryimage"},"thumbnailUrl":"https:\/\/emea.dev.technetix.com\/wp-content\/uploads\/sites\/2\/2023\/11\/ETB-ITB_ETB-Image.jpg","datePublished":"2023-11-13T11:56:21+00:00","dateModified":"2024-03-11T11:09:11+00:00","breadcrumb":{"@id":"https:\/\/emea.dev.technetix.com\/es\/redes-fttx\/soluciones-de-terminacion-de-suscriptores\/f-etb-f-itb\/#breadcrumb"},"inLanguage":"es","potentialAction":[{"@type":"ReadAction","target":["https:\/\/emea.dev.technetix.com\/es\/redes-fttx\/soluciones-de-terminacion-de-suscriptores\/f-etb-f-itb\/"]}]},{"@type":"ImageObject","inLanguage":"es","@id":"https:\/\/emea.dev.technetix.com\/es\/redes-fttx\/soluciones-de-terminacion-de-suscriptores\/f-etb-f-itb\/#primaryimage","url":"https:\/\/emea.dev.technetix.com\/wp-content\/uploads\/sites\/2\/2023\/11\/ETB-ITB_ETB-Image.jpg","contentUrl":"https:\/\/emea.dev.technetix.com\/wp-content\/uploads\/sites\/2\/2023\/11\/ETB-ITB_ETB-Image.jpg"},{"@type":"BreadcrumbList","@id":"https:\/\/emea.dev.technetix.com\/es\/redes-fttx\/soluciones-de-terminacion-de-suscriptores\/f-etb-f-itb\/#breadcrumb","itemListElement":[{"@type":"ListItem","position":1,"name":"Home","item":"https:\/\/emea.dev.technetix.com\/es\/"},{"@type":"ListItem","position":2,"name":"Fibra","item":"https:\/\/emea.dev.technetix.com\/es\/redes-fttx\/"},{"@type":"ListItem","position":3,"name":"Soluciones de terminaci\u00f3n de suscriptores","item":"https:\/\/emea.dev.technetix.com\/es\/redes-fttx\/soluciones-de-terminacion-de-suscriptores\/"},{"@type":"ListItem","position":4,"name":"F-ETB\/F-ITB"}]},{"@type":"WebSite","@id":"https:\/\/emea.dev.technetix.com\/es\/#website","url":"https:\/\/emea.dev.technetix.com\/es\/","name":"Technetix","description":"Next-generation broadband equipment engineering","publisher":{"@id":"https:\/\/emea.dev.technetix.com\/es\/#organization"},"potentialAction":[{"@type":"SearchAction","target":{"@type":"EntryPoint","urlTemplate":"https:\/\/emea.dev.technetix.com\/es\/?s={search_term_string}"},"query-input":{"@type":"PropertyValueSpecification","valueRequired":true,"valueName":"search_term_string"}}],"inLanguage":"es"},{"@type":"Organization","@id":"https:\/\/emea.dev.technetix.com\/es\/#organization","name":"Technetix","url":"https:\/\/emea.dev.technetix.com\/es\/","logo":{"@type":"ImageObject","inLanguage":"es","@id":"https:\/\/emea.dev.technetix.com\/es\/#\/schema\/logo\/image\/","url":"https:\/\/emea.dev.technetix.com\/wp-content\/uploads\/sites\/2\/2023\/06\/logo-Technetix-1000x1000-1.png","contentUrl":"https:\/\/emea.dev.technetix.com\/wp-content\/uploads\/sites\/2\/2023\/06\/logo-Technetix-1000x1000-1.png","width":1000,"height":1000,"caption":"Technetix"},"image":{"@id":"https:\/\/emea.dev.technetix.com\/es\/#\/schema\/logo\/image\/"},"sameAs":["https:\/\/x.com\/technetixgroup","https:\/\/www.linkedin.com\/company\/technetix\/","https:\/\/www.youtube.com\/c\/Technetix-group"]}]}},"acf":[],"publishpress_future_workflow_manual_trigger":{"enabledWorkflows":[]},"_links":{"self":[{"href":"https:\/\/emea.dev.technetix.com\/es\/wp-json\/wp\/v2\/pages\/306920"}],"collection":[{"href":"https:\/\/emea.dev.technetix.com\/es\/wp-json\/wp\/v2\/pages"}],"about":[{"href":"https:\/\/emea.dev.technetix.com\/es\/wp-json\/wp\/v2\/types\/page"}],"author":[{"embeddable":true,"href":"https:\/\/emea.dev.technetix.com\/es\/wp-json\/wp\/v2\/users\/3"}],"replies":[{"embeddable":true,"href":"https:\/\/emea.dev.technetix.com\/es\/wp-json\/wp\/v2\/comments?post=306920"}],"version-history":[{"count":1,"href":"https:\/\/emea.dev.technetix.com\/es\/wp-json\/wp\/v2\/pages\/306920\/revisions"}],"predecessor-version":[{"id":306921,"href":"https:\/\/emea.dev.technetix.com\/es\/wp-json\/wp\/v2\/pages\/306920\/revisions\/306921"}],"up":[{"embeddable":true,"href":"https:\/\/emea.dev.technetix.com\/es\/wp-json\/wp\/v2\/pages\/288482"}],"wp:attachment":[{"href":"https:\/\/emea.dev.technetix.com\/es\/wp-json\/wp\/v2\/media?parent=306920"}],"curies":[{"name":"wp","href":"https:\/\/api.w.org\/{rel}","templated":true}]}}