{"id":300170,"date":"2023-11-13T11:43:08","date_gmt":"2023-11-13T11:43:08","guid":{"rendered":"https:\/\/emea.dev.technetix.com\/redes-fttx\/soluciones-de-terminacion-de-suscriptores\/ftb-max\/"},"modified":"2024-05-29T14:04:26","modified_gmt":"2024-05-29T14:04:26","slug":"ftb-max","status":"publish","type":"page","link":"https:\/\/emea.dev.technetix.com\/es\/redes-fttx\/soluciones-de-terminacion-de-suscriptores\/ftb-max\/","title":{"rendered":"FTB Max"},"content":{"rendered":"<div class=\"gb-container gb-container-a2efb66f gb-container-wide-back-page-con\" id=\"content\">\n<div class=\"gb-grid-wrapper gb-grid-wrapper-5efcc144\">\n<div class=\"gb-grid-column gb-grid-column-6e2f42ae\"><div class=\"gb-container gb-container-6e2f42ae\" id=\"image-col\"><div class=\"gb-inside-container\">\n<figure class=\"gb-block-image gb-block-image-61e35e7d\"><img loading=\"lazy\" decoding=\"async\" width=\"1000\" height=\"1000\" class=\"gb-image gb-image-61e35e7d\" src=\"https:\/\/emea.dev.technetix.com\/wp-content\/uploads\/sites\/2\/2023\/11\/19013271_GF-HUEP-MAX_PRFL_04.png\" alt=\"\" title=\"19013271_GF-HUEP-MAX_PRFL_04\" srcset=\"https:\/\/emea.dev.technetix.com\/wp-content\/uploads\/sites\/2\/2023\/11\/19013271_GF-HUEP-MAX_PRFL_04.png 1000w, https:\/\/emea.dev.technetix.com\/wp-content\/uploads\/sites\/2\/2023\/11\/19013271_GF-HUEP-MAX_PRFL_04-300x300.png 300w, https:\/\/emea.dev.technetix.com\/wp-content\/uploads\/sites\/2\/2023\/11\/19013271_GF-HUEP-MAX_PRFL_04-150x150.png 150w, https:\/\/emea.dev.technetix.com\/wp-content\/uploads\/sites\/2\/2023\/11\/19013271_GF-HUEP-MAX_PRFL_04-768x768.png 768w, https:\/\/emea.dev.technetix.com\/wp-content\/uploads\/sites\/2\/2023\/11\/19013271_GF-HUEP-MAX_PRFL_04-600x600.png 600w, https:\/\/emea.dev.technetix.com\/wp-content\/uploads\/sites\/2\/2023\/11\/19013271_GF-HUEP-MAX_PRFL_04-100x100.png 100w\" sizes=\"(max-width: 1000px) 100vw, 1000px\" \/><\/figure>\n<\/div><\/div><\/div>\n\n<div class=\"gb-grid-column gb-grid-column-cb46cc96\"><div class=\"gb-container gb-container-cb46cc96\" id=\"content-col\"><div class=\"gb-inside-container\">\n<h2 class=\"wp-block-heading\" id=\"h-ftb-max-for-mass-deployment-in-residential-units-terminates-168-fibers-in-a-compact-design\">FTB max para implementaci\u00f3n masiva en unidades residenciales: termina 168 fibras en un dise\u00f1o compacto.<\/h2>\n\n<p>El f\u00e1cil montaje en la pared y la protecci\u00f3n del acceso son esenciales; con la caja de terminaci\u00f3n de fibra (FTB) Max, el esfuerzo de instalaci\u00f3n se ha reducido significativamente. Esta proporciona una larga vida \u00fatil y la m\u00e1xima protecci\u00f3n de la inversi\u00f3n. El FTB Max puede adaptarse a diferentes topolog\u00edas FTTH y, debido a su flexibilidad, puede admitir opciones de divisor, conexi\u00f3n y empalme. Termina 168 fibras en un dise\u00f1o compacto, 24 fibras se pueden conectar directamente y el resto fusionarse en bandejas. Alternativamente, el MAX se puede utilizar como caja de distribuci\u00f3n de empalme pura.    <\/p>\n\n<div style=\"height:10px\" aria-hidden=\"true\" class=\"wp-block-spacer\"><\/div>\n\n<figure class=\"wp-block-video\"><video autoplay=\"\" controls=\"\" src=\"https:\/\/emea.dev.technetix.com\/wp-content\/uploads\/sites\/2\/2024\/05\/24THX_connect_v20.mp4\"><\/video><\/figure>\n\n<div style=\"height:10px\" aria-hidden=\"true\" class=\"wp-block-spacer\"><\/div>\n\n<ul class=\"wp-block-list\"><li>Capacidad de fusiones 168x<\/li>\n\n<li>4 soportes para divisor PLC<\/li>\n\n<li>2x 12 adaptadores en soporte desplegable (48x LC)<\/li>\n\n<li>4x juegos de grommets flexibles y divisibles para 2 \u2013 10 mm \u00d8<\/li>\n\n<li>Carcasa extra\u00edble<\/li><\/ul>\n<\/div><\/div><\/div>\n<\/div>\n<\/div><div class=\"gb-container gb-container-e4a86c09 gb-container-con-buttons-bottom\">\n<h2 class=\"gb-headline gb-headline-7ce6fa4b gb-headline-text gb-headline-head-bottom-buttons\">Enlaces de inter\u00e9s<\/h2>\n\n<div class=\"gb-button-wrapper gb-button-wrapper-5300c273 gb-button-wrapper-after-con-buttons\">\n<a class=\"gb-button gb-button-05cfd9f1 gb-button-text gb-button-bottom-button\" href=\"https:\/\/emea.dev.technetix.com\/wp-content\/uploads\/sites\/2\/2024\/01\/19013271_FTB-MAX_V3_DS_EN.pdf\" target=\"_blank\" rel=\"noopener noreferrer\">Ficha t\u00e9cnica<\/a>\n\n<a class=\"gb-button gb-button-f14463ae gb-button-text gb-button-bottom-button\" href=\"https:\/\/emea.dev.technetix.com\/wp-content\/uploads\/sites\/2\/2023\/12\/FIBER-PASSIVES_V1L_BRC_AE-1.pdf\" target=\"_blank\" rel=\"noopener noreferrer\">Folleto<\/a>\n\n<a class=\"gb-button gb-button-74bfad52 gb-button-text gb-button-bottom-button\" href=\"https:\/\/emea.dev.technetix.com\/es\/contactenos\/\">Cont\u00e1ctenos<\/a>\n<\/div>\n<\/div>","protected":false},"excerpt":{"rendered":"<p>Enlaces de inter\u00e9s<\/p>\n","protected":false},"author":3,"featured_media":0,"parent":288482,"menu_order":0,"comment_status":"closed","ping_status":"closed","template":"","meta":{"_acf_changed":false,"_gspb_post_css":"","footnotes":""},"class_list":["post-300170","page","type-page","status-publish"],"yoast_head":"<!-- This site is optimized with the Yoast SEO Premium plugin v22.5 (Yoast SEO v23.7) - https:\/\/yoast.com\/wordpress\/plugins\/seo\/ -->\n<title>FTB Max - Technetix EMEA<\/title>\n<meta name=\"robots\" content=\"index, follow, max-snippet:-1, max-image-preview:large, max-video-preview:-1\" \/>\n<link rel=\"canonical\" href=\"https:\/\/emea.dev.technetix.com\/es\/redes-fttx\/soluciones-de-terminacion-de-suscriptores\/ftb-max\/\" \/>\n<meta property=\"og:locale\" content=\"es_ES\" \/>\n<meta property=\"og:type\" content=\"article\" \/>\n<meta property=\"og:title\" content=\"FTB Max - Technetix EMEA\" \/>\n<meta property=\"og:description\" content=\"Enlaces de inter\u00e9s\" \/>\n<meta property=\"og:url\" content=\"https:\/\/emea.dev.technetix.com\/es\/redes-fttx\/soluciones-de-terminacion-de-suscriptores\/ftb-max\/\" \/>\n<meta property=\"og:site_name\" content=\"Technetix EMEA\" \/>\n<meta property=\"article:modified_time\" content=\"2024-05-29T14:04:26+00:00\" \/>\n<meta property=\"og:image\" content=\"https:\/\/emea.dev.technetix.com\/wp-content\/uploads\/sites\/2\/2023\/11\/19013271_GF-HUEP-MAX_PRFL_04.png\" \/>\n<meta name=\"twitter:card\" content=\"summary_large_image\" \/>\n<meta name=\"twitter:site\" content=\"@technetixgroup\" \/>\n<meta name=\"twitter:label1\" content=\"Tiempo de lectura\" \/>\n\t<meta name=\"twitter:data1\" content=\"1 minuto\" \/>\n<script type=\"application\/ld+json\" class=\"yoast-schema-graph\">{\"@context\":\"https:\/\/schema.org\",\"@graph\":[{\"@type\":\"WebPage\",\"@id\":\"https:\/\/emea.dev.technetix.com\/es\/redes-fttx\/soluciones-de-terminacion-de-suscriptores\/ftb-max\/\",\"url\":\"https:\/\/emea.dev.technetix.com\/es\/redes-fttx\/soluciones-de-terminacion-de-suscriptores\/ftb-max\/\",\"name\":\"FTB Max - Technetix EMEA\",\"isPartOf\":{\"@id\":\"https:\/\/emea.dev.technetix.com\/es\/#website\"},\"primaryImageOfPage\":{\"@id\":\"https:\/\/emea.dev.technetix.com\/es\/redes-fttx\/soluciones-de-terminacion-de-suscriptores\/ftb-max\/#primaryimage\"},\"image\":{\"@id\":\"https:\/\/emea.dev.technetix.com\/es\/redes-fttx\/soluciones-de-terminacion-de-suscriptores\/ftb-max\/#primaryimage\"},\"thumbnailUrl\":\"https:\/\/emea.dev.technetix.com\/wp-content\/uploads\/sites\/2\/2023\/11\/19013271_GF-HUEP-MAX_PRFL_04.png\",\"datePublished\":\"2023-11-13T11:43:08+00:00\",\"dateModified\":\"2024-05-29T14:04:26+00:00\",\"breadcrumb\":{\"@id\":\"https:\/\/emea.dev.technetix.com\/es\/redes-fttx\/soluciones-de-terminacion-de-suscriptores\/ftb-max\/#breadcrumb\"},\"inLanguage\":\"es\",\"potentialAction\":[{\"@type\":\"ReadAction\",\"target\":[\"https:\/\/emea.dev.technetix.com\/es\/redes-fttx\/soluciones-de-terminacion-de-suscriptores\/ftb-max\/\"]}]},{\"@type\":\"ImageObject\",\"inLanguage\":\"es\",\"@id\":\"https:\/\/emea.dev.technetix.com\/es\/redes-fttx\/soluciones-de-terminacion-de-suscriptores\/ftb-max\/#primaryimage\",\"url\":\"https:\/\/emea.dev.technetix.com\/wp-content\/uploads\/sites\/2\/2023\/11\/19013271_GF-HUEP-MAX_PRFL_04.png\",\"contentUrl\":\"https:\/\/emea.dev.technetix.com\/wp-content\/uploads\/sites\/2\/2023\/11\/19013271_GF-HUEP-MAX_PRFL_04.png\"},{\"@type\":\"BreadcrumbList\",\"@id\":\"https:\/\/emea.dev.technetix.com\/es\/redes-fttx\/soluciones-de-terminacion-de-suscriptores\/ftb-max\/#breadcrumb\",\"itemListElement\":[{\"@type\":\"ListItem\",\"position\":1,\"name\":\"Home\",\"item\":\"https:\/\/emea.dev.technetix.com\/es\/\"},{\"@type\":\"ListItem\",\"position\":2,\"name\":\"Fibra\",\"item\":\"https:\/\/emea.dev.technetix.com\/es\/redes-fttx\/\"},{\"@type\":\"ListItem\",\"position\":3,\"name\":\"Soluciones de terminaci\u00f3n de suscriptores\",\"item\":\"https:\/\/emea.dev.technetix.com\/es\/redes-fttx\/soluciones-de-terminacion-de-suscriptores\/\"},{\"@type\":\"ListItem\",\"position\":4,\"name\":\"FTB Max\"}]},{\"@type\":\"WebSite\",\"@id\":\"https:\/\/emea.dev.technetix.com\/es\/#website\",\"url\":\"https:\/\/emea.dev.technetix.com\/es\/\",\"name\":\"Technetix\",\"description\":\"Next-generation broadband equipment engineering\",\"publisher\":{\"@id\":\"https:\/\/emea.dev.technetix.com\/es\/#organization\"},\"potentialAction\":[{\"@type\":\"SearchAction\",\"target\":{\"@type\":\"EntryPoint\",\"urlTemplate\":\"https:\/\/emea.dev.technetix.com\/es\/?s={search_term_string}\"},\"query-input\":{\"@type\":\"PropertyValueSpecification\",\"valueRequired\":true,\"valueName\":\"search_term_string\"}}],\"inLanguage\":\"es\"},{\"@type\":\"Organization\",\"@id\":\"https:\/\/emea.dev.technetix.com\/es\/#organization\",\"name\":\"Technetix\",\"url\":\"https:\/\/emea.dev.technetix.com\/es\/\",\"logo\":{\"@type\":\"ImageObject\",\"inLanguage\":\"es\",\"@id\":\"https:\/\/emea.dev.technetix.com\/es\/#\/schema\/logo\/image\/\",\"url\":\"https:\/\/emea.dev.technetix.com\/wp-content\/uploads\/sites\/2\/2023\/06\/logo-Technetix-1000x1000-1.png\",\"contentUrl\":\"https:\/\/emea.dev.technetix.com\/wp-content\/uploads\/sites\/2\/2023\/06\/logo-Technetix-1000x1000-1.png\",\"width\":1000,\"height\":1000,\"caption\":\"Technetix\"},\"image\":{\"@id\":\"https:\/\/emea.dev.technetix.com\/es\/#\/schema\/logo\/image\/\"},\"sameAs\":[\"https:\/\/x.com\/technetixgroup\",\"https:\/\/www.linkedin.com\/company\/technetix\/\",\"https:\/\/www.youtube.com\/c\/Technetix-group\"]}]}<\/script>\n<!-- \/ Yoast SEO Premium plugin. -->","yoast_head_json":{"title":"FTB Max - Technetix EMEA","robots":{"index":"index","follow":"follow","max-snippet":"max-snippet:-1","max-image-preview":"max-image-preview:large","max-video-preview":"max-video-preview:-1"},"canonical":"https:\/\/emea.dev.technetix.com\/es\/redes-fttx\/soluciones-de-terminacion-de-suscriptores\/ftb-max\/","og_locale":"es_ES","og_type":"article","og_title":"FTB Max - Technetix EMEA","og_description":"Enlaces de inter\u00e9s","og_url":"https:\/\/emea.dev.technetix.com\/es\/redes-fttx\/soluciones-de-terminacion-de-suscriptores\/ftb-max\/","og_site_name":"Technetix EMEA","article_modified_time":"2024-05-29T14:04:26+00:00","og_image":[{"url":"https:\/\/emea.dev.technetix.com\/wp-content\/uploads\/sites\/2\/2023\/11\/19013271_GF-HUEP-MAX_PRFL_04.png"}],"twitter_card":"summary_large_image","twitter_site":"@technetixgroup","twitter_misc":{"Tiempo de lectura":"1 minuto"},"schema":{"@context":"https:\/\/schema.org","@graph":[{"@type":"WebPage","@id":"https:\/\/emea.dev.technetix.com\/es\/redes-fttx\/soluciones-de-terminacion-de-suscriptores\/ftb-max\/","url":"https:\/\/emea.dev.technetix.com\/es\/redes-fttx\/soluciones-de-terminacion-de-suscriptores\/ftb-max\/","name":"FTB Max - Technetix EMEA","isPartOf":{"@id":"https:\/\/emea.dev.technetix.com\/es\/#website"},"primaryImageOfPage":{"@id":"https:\/\/emea.dev.technetix.com\/es\/redes-fttx\/soluciones-de-terminacion-de-suscriptores\/ftb-max\/#primaryimage"},"image":{"@id":"https:\/\/emea.dev.technetix.com\/es\/redes-fttx\/soluciones-de-terminacion-de-suscriptores\/ftb-max\/#primaryimage"},"thumbnailUrl":"https:\/\/emea.dev.technetix.com\/wp-content\/uploads\/sites\/2\/2023\/11\/19013271_GF-HUEP-MAX_PRFL_04.png","datePublished":"2023-11-13T11:43:08+00:00","dateModified":"2024-05-29T14:04:26+00:00","breadcrumb":{"@id":"https:\/\/emea.dev.technetix.com\/es\/redes-fttx\/soluciones-de-terminacion-de-suscriptores\/ftb-max\/#breadcrumb"},"inLanguage":"es","potentialAction":[{"@type":"ReadAction","target":["https:\/\/emea.dev.technetix.com\/es\/redes-fttx\/soluciones-de-terminacion-de-suscriptores\/ftb-max\/"]}]},{"@type":"ImageObject","inLanguage":"es","@id":"https:\/\/emea.dev.technetix.com\/es\/redes-fttx\/soluciones-de-terminacion-de-suscriptores\/ftb-max\/#primaryimage","url":"https:\/\/emea.dev.technetix.com\/wp-content\/uploads\/sites\/2\/2023\/11\/19013271_GF-HUEP-MAX_PRFL_04.png","contentUrl":"https:\/\/emea.dev.technetix.com\/wp-content\/uploads\/sites\/2\/2023\/11\/19013271_GF-HUEP-MAX_PRFL_04.png"},{"@type":"BreadcrumbList","@id":"https:\/\/emea.dev.technetix.com\/es\/redes-fttx\/soluciones-de-terminacion-de-suscriptores\/ftb-max\/#breadcrumb","itemListElement":[{"@type":"ListItem","position":1,"name":"Home","item":"https:\/\/emea.dev.technetix.com\/es\/"},{"@type":"ListItem","position":2,"name":"Fibra","item":"https:\/\/emea.dev.technetix.com\/es\/redes-fttx\/"},{"@type":"ListItem","position":3,"name":"Soluciones de terminaci\u00f3n de suscriptores","item":"https:\/\/emea.dev.technetix.com\/es\/redes-fttx\/soluciones-de-terminacion-de-suscriptores\/"},{"@type":"ListItem","position":4,"name":"FTB Max"}]},{"@type":"WebSite","@id":"https:\/\/emea.dev.technetix.com\/es\/#website","url":"https:\/\/emea.dev.technetix.com\/es\/","name":"Technetix","description":"Next-generation broadband equipment engineering","publisher":{"@id":"https:\/\/emea.dev.technetix.com\/es\/#organization"},"potentialAction":[{"@type":"SearchAction","target":{"@type":"EntryPoint","urlTemplate":"https:\/\/emea.dev.technetix.com\/es\/?s={search_term_string}"},"query-input":{"@type":"PropertyValueSpecification","valueRequired":true,"valueName":"search_term_string"}}],"inLanguage":"es"},{"@type":"Organization","@id":"https:\/\/emea.dev.technetix.com\/es\/#organization","name":"Technetix","url":"https:\/\/emea.dev.technetix.com\/es\/","logo":{"@type":"ImageObject","inLanguage":"es","@id":"https:\/\/emea.dev.technetix.com\/es\/#\/schema\/logo\/image\/","url":"https:\/\/emea.dev.technetix.com\/wp-content\/uploads\/sites\/2\/2023\/06\/logo-Technetix-1000x1000-1.png","contentUrl":"https:\/\/emea.dev.technetix.com\/wp-content\/uploads\/sites\/2\/2023\/06\/logo-Technetix-1000x1000-1.png","width":1000,"height":1000,"caption":"Technetix"},"image":{"@id":"https:\/\/emea.dev.technetix.com\/es\/#\/schema\/logo\/image\/"},"sameAs":["https:\/\/x.com\/technetixgroup","https:\/\/www.linkedin.com\/company\/technetix\/","https:\/\/www.youtube.com\/c\/Technetix-group"]}]}},"acf":[],"publishpress_future_workflow_manual_trigger":{"enabledWorkflows":[]},"_links":{"self":[{"href":"https:\/\/emea.dev.technetix.com\/es\/wp-json\/wp\/v2\/pages\/300170"}],"collection":[{"href":"https:\/\/emea.dev.technetix.com\/es\/wp-json\/wp\/v2\/pages"}],"about":[{"href":"https:\/\/emea.dev.technetix.com\/es\/wp-json\/wp\/v2\/types\/page"}],"author":[{"embeddable":true,"href":"https:\/\/emea.dev.technetix.com\/es\/wp-json\/wp\/v2\/users\/3"}],"replies":[{"embeddable":true,"href":"https:\/\/emea.dev.technetix.com\/es\/wp-json\/wp\/v2\/comments?post=300170"}],"version-history":[{"count":5,"href":"https:\/\/emea.dev.technetix.com\/es\/wp-json\/wp\/v2\/pages\/300170\/revisions"}],"predecessor-version":[{"id":415869,"href":"https:\/\/emea.dev.technetix.com\/es\/wp-json\/wp\/v2\/pages\/300170\/revisions\/415869"}],"up":[{"embeddable":true,"href":"https:\/\/emea.dev.technetix.com\/es\/wp-json\/wp\/v2\/pages\/288482"}],"wp:attachment":[{"href":"https:\/\/emea.dev.technetix.com\/es\/wp-json\/wp\/v2\/media?parent=300170"}],"curies":[{"name":"wp","href":"https:\/\/api.w.org\/{rel}","templated":true}]}}