{"id":299837,"date":"2023-11-14T11:27:36","date_gmt":"2023-11-14T11:27:36","guid":{"rendered":"https:\/\/emea.dev.technetix.com\/soluciones-de-alimentacion\/soluciones-sostenibles-renovables\/generador-de-bateria-de-banda-ancha-portatil-lifepo4-3600-wh-100-ah-36-vdc-lbbg-3600\/"},"modified":"2024-03-06T11:41:25","modified_gmt":"2024-03-06T11:41:25","slug":"generador-de-bateria-de-banda-ancha-portatil-lifepo4-3600-wh-100-ah-36-vdc-lbbg-3600","status":"publish","type":"page","link":"https:\/\/emea.dev.technetix.com\/es\/soluciones-de-alimentacion\/soluciones-sostenibles-renovables\/generador-de-bateria-de-banda-ancha-portatil-lifepo4-3600-wh-100-ah-36-vdc-lbbg-3600\/","title":{"rendered":"Generador de bater\u00eda de banda ancha port\u00e1til LiFePO4 3600 Wh\/100 Ah 36 VDC (LBBG-3600)"},"content":{"rendered":"<div class=\"gb-container gb-container-a2efb66f gb-container-wide-back-page-con\" id=\"content\">\n<div class=\"gb-grid-wrapper gb-grid-wrapper-5efcc144\">\n<div class=\"gb-grid-column gb-grid-column-6e2f42ae\"><div class=\"gb-container gb-container-6e2f42ae\" id=\"image-col\"><div class=\"gb-inside-container\">\n<figure class=\"gb-block-image gb-block-image-61e35e7d\"><img loading=\"lazy\" decoding=\"async\" width=\"2179\" height=\"2892\" class=\"gb-image gb-image-61e35e7d\" src=\"https:\/\/emea.dev.technetix.com\/wp-content\/uploads\/sites\/2\/2023\/11\/LBBG_3600_open-copy.png\" alt=\"\" title=\"LBBG_3600_open copy\" srcset=\"https:\/\/emea.dev.technetix.com\/wp-content\/uploads\/sites\/2\/2023\/11\/LBBG_3600_open-copy.png 2179w, https:\/\/emea.dev.technetix.com\/wp-content\/uploads\/sites\/2\/2023\/11\/LBBG_3600_open-copy-226x300.png 226w, https:\/\/emea.dev.technetix.com\/wp-content\/uploads\/sites\/2\/2023\/11\/LBBG_3600_open-copy-772x1024.png 772w, https:\/\/emea.dev.technetix.com\/wp-content\/uploads\/sites\/2\/2023\/11\/LBBG_3600_open-copy-768x1019.png 768w, https:\/\/emea.dev.technetix.com\/wp-content\/uploads\/sites\/2\/2023\/11\/LBBG_3600_open-copy-1157x1536.png 1157w, https:\/\/emea.dev.technetix.com\/wp-content\/uploads\/sites\/2\/2023\/11\/LBBG_3600_open-copy-1543x2048.png 1543w, https:\/\/emea.dev.technetix.com\/wp-content\/uploads\/sites\/2\/2023\/11\/LBBG_3600_open-copy-600x796.png 600w\" sizes=\"(max-width: 2179px) 100vw, 2179px\" \/><\/figure>\n<\/div><\/div><\/div>\n\n<div class=\"gb-grid-column gb-grid-column-cb46cc96\"><div class=\"gb-container gb-container-cb46cc96\" id=\"content-col\"><div class=\"gb-inside-container\">\n<h2 class=\"gb-headline gb-headline-d02c52e4 gb-headline-text\">Generador de bater\u00eda de banda ancha port\u00e1til LiFePO4 3600 Wh\/100 Ah 36 VDC (LBBG-3600)<\/h2>\n\n<p>Ecol\u00f3gico, limpio, seguro y silencioso, nuestro potente generador de bater\u00eda de banda ancha port\u00e1til que act\u00faa como una fuente de energ\u00eda de reserva externa adicional de 36 VCC y 100 Ah (3840 Wh) con alta densidad de energ\u00eda. Nuestro generador de bater\u00eda de banda ancha, de r\u00e1pida implementaci\u00f3n, port\u00e1til y resistente a la intemperie, es ideal para usar con cualquier configuraci\u00f3n de suministro de energ\u00eda de reserva para extender el tiempo de funcionamiento de la planta en escenarios cr\u00edticos. Utiliza un sistema avanzado de gesti\u00f3n de bater\u00eda y ofrece 3840 Wh de energ\u00eda almacenada.  <\/p>\n\n<ul class=\"wp-block-list\"><li>Carga de cero a completa en tres horas mediante un cargador r\u00e1pido de CA opcional o desde un controlador de carga MPPT<\/li>\n\n<li>El puerto de conexi\u00f3n en paralelo permite utilizar hasta cuatro bater\u00edas juntas para obtener 15,3 kWh adicionales de almacenamiento de energ\u00eda en espera<\/li>\n\n<li>Estuche r\u00edgido para ruedas estilo Pelican\u2122 con tres manijas fijas y una retr\u00e1ctil<\/li>\n\n<li>Puede descargarse hasta el 90% de su capacidad como energ\u00eda utilizable<\/li><\/ul>\n<\/div><\/div><\/div>\n<\/div>\n\n<div class=\"gb-container gb-container-dbeed0b8 gb-container-con-buttons-bottom\">\n<h2 class=\"gb-headline gb-headline-7ce6fa4b gb-headline-text gb-headline-head-bottom-buttons\">Enlaces de inter\u00e9s<\/h2>\n\n<div class=\"gb-button-wrapper gb-button-wrapper-5300c273 gb-button-wrapper-after-con-buttons\">\n<a class=\"gb-button gb-button-3eadfa91 gb-button-text gb-button-bottom-button\" href=\"https:\/\/emea.dev.technetix.com\/wp-content\/uploads\/sites\/2\/2023\/12\/LBBG_3600_V1_DS_EN.pdf\" target=\"_blank\" rel=\"noopener noreferrer\">Ficha t\u00e9cnica<\/a>\n\n<a class=\"gb-button gb-button-74bfad52 gb-button-text gb-button-bottom-button\" href=\"https:\/\/emea.dev.technetix.com\/es\/contactenos\/\">Cont\u00e1ctenos<\/a>\n<\/div>\n<\/div>\n<\/div>","protected":false},"excerpt":{"rendered":"<p>Enlaces de inter\u00e9s<\/p>\n","protected":false},"author":21,"featured_media":0,"parent":291625,"menu_order":0,"comment_status":"closed","ping_status":"closed","template":"","meta":{"_acf_changed":false,"_gspb_post_css":"","footnotes":""},"class_list":["post-299837","page","type-page","status-publish"],"yoast_head":"<!-- This site is optimized with the Yoast SEO Premium plugin v22.5 (Yoast SEO v23.7) - https:\/\/yoast.com\/wordpress\/plugins\/seo\/ -->\n<title>Generador de bater\u00eda de banda ancha port\u00e1til LiFePO4 3600 Wh\/100 Ah 36 VDC (LBBG-3600) - Technetix EMEA<\/title>\n<meta name=\"robots\" content=\"index, follow, max-snippet:-1, max-image-preview:large, max-video-preview:-1\" \/>\n<link rel=\"canonical\" href=\"https:\/\/emea.dev.technetix.com\/es\/soluciones-de-alimentacion\/soluciones-sostenibles-renovables\/generador-de-bateria-de-banda-ancha-portatil-lifepo4-3600-wh-100-ah-36-vdc-lbbg-3600\/\" \/>\n<meta property=\"og:locale\" content=\"es_ES\" \/>\n<meta property=\"og:type\" content=\"article\" \/>\n<meta property=\"og:title\" content=\"Generador de bater\u00eda de banda ancha port\u00e1til LiFePO4 3600 Wh\/100 Ah 36 VDC (LBBG-3600) - Technetix EMEA\" \/>\n<meta property=\"og:description\" content=\"Enlaces de inter\u00e9s\" \/>\n<meta property=\"og:url\" content=\"https:\/\/emea.dev.technetix.com\/es\/soluciones-de-alimentacion\/soluciones-sostenibles-renovables\/generador-de-bateria-de-banda-ancha-portatil-lifepo4-3600-wh-100-ah-36-vdc-lbbg-3600\/\" \/>\n<meta property=\"og:site_name\" content=\"Technetix EMEA\" \/>\n<meta property=\"article:modified_time\" content=\"2024-03-06T11:41:25+00:00\" \/>\n<meta property=\"og:image\" content=\"https:\/\/emea.dev.technetix.com\/wp-content\/uploads\/sites\/2\/2023\/11\/LBBG_3600_open-copy.png\" \/>\n<meta name=\"twitter:card\" content=\"summary_large_image\" \/>\n<meta name=\"twitter:site\" content=\"@technetixgroup\" \/>\n<meta name=\"twitter:label1\" content=\"Tiempo de lectura\" \/>\n\t<meta name=\"twitter:data1\" content=\"1 minuto\" \/>\n<script type=\"application\/ld+json\" class=\"yoast-schema-graph\">{\"@context\":\"https:\/\/schema.org\",\"@graph\":[{\"@type\":\"WebPage\",\"@id\":\"https:\/\/emea.dev.technetix.com\/es\/soluciones-de-alimentacion\/soluciones-sostenibles-renovables\/generador-de-bateria-de-banda-ancha-portatil-lifepo4-3600-wh-100-ah-36-vdc-lbbg-3600\/\",\"url\":\"https:\/\/emea.dev.technetix.com\/es\/soluciones-de-alimentacion\/soluciones-sostenibles-renovables\/generador-de-bateria-de-banda-ancha-portatil-lifepo4-3600-wh-100-ah-36-vdc-lbbg-3600\/\",\"name\":\"Generador de bater\u00eda de banda ancha port\u00e1til LiFePO4 3600 Wh\/100 Ah 36 VDC (LBBG-3600) - Technetix EMEA\",\"isPartOf\":{\"@id\":\"https:\/\/emea.dev.technetix.com\/es\/#website\"},\"primaryImageOfPage\":{\"@id\":\"https:\/\/emea.dev.technetix.com\/es\/soluciones-de-alimentacion\/soluciones-sostenibles-renovables\/generador-de-bateria-de-banda-ancha-portatil-lifepo4-3600-wh-100-ah-36-vdc-lbbg-3600\/#primaryimage\"},\"image\":{\"@id\":\"https:\/\/emea.dev.technetix.com\/es\/soluciones-de-alimentacion\/soluciones-sostenibles-renovables\/generador-de-bateria-de-banda-ancha-portatil-lifepo4-3600-wh-100-ah-36-vdc-lbbg-3600\/#primaryimage\"},\"thumbnailUrl\":\"https:\/\/emea.dev.technetix.com\/wp-content\/uploads\/sites\/2\/2023\/11\/LBBG_3600_open-copy.png\",\"datePublished\":\"2023-11-14T11:27:36+00:00\",\"dateModified\":\"2024-03-06T11:41:25+00:00\",\"breadcrumb\":{\"@id\":\"https:\/\/emea.dev.technetix.com\/es\/soluciones-de-alimentacion\/soluciones-sostenibles-renovables\/generador-de-bateria-de-banda-ancha-portatil-lifepo4-3600-wh-100-ah-36-vdc-lbbg-3600\/#breadcrumb\"},\"inLanguage\":\"es\",\"potentialAction\":[{\"@type\":\"ReadAction\",\"target\":[\"https:\/\/emea.dev.technetix.com\/es\/soluciones-de-alimentacion\/soluciones-sostenibles-renovables\/generador-de-bateria-de-banda-ancha-portatil-lifepo4-3600-wh-100-ah-36-vdc-lbbg-3600\/\"]}]},{\"@type\":\"ImageObject\",\"inLanguage\":\"es\",\"@id\":\"https:\/\/emea.dev.technetix.com\/es\/soluciones-de-alimentacion\/soluciones-sostenibles-renovables\/generador-de-bateria-de-banda-ancha-portatil-lifepo4-3600-wh-100-ah-36-vdc-lbbg-3600\/#primaryimage\",\"url\":\"https:\/\/emea.dev.technetix.com\/wp-content\/uploads\/sites\/2\/2023\/11\/LBBG_3600_open-copy.png\",\"contentUrl\":\"https:\/\/emea.dev.technetix.com\/wp-content\/uploads\/sites\/2\/2023\/11\/LBBG_3600_open-copy.png\"},{\"@type\":\"BreadcrumbList\",\"@id\":\"https:\/\/emea.dev.technetix.com\/es\/soluciones-de-alimentacion\/soluciones-sostenibles-renovables\/generador-de-bateria-de-banda-ancha-portatil-lifepo4-3600-wh-100-ah-36-vdc-lbbg-3600\/#breadcrumb\",\"itemListElement\":[{\"@type\":\"ListItem\",\"position\":1,\"name\":\"Home\",\"item\":\"https:\/\/emea.dev.technetix.com\/es\/\"},{\"@type\":\"ListItem\",\"position\":2,\"name\":\"Soluciones de Alimentaci\u00f3n\",\"item\":\"https:\/\/emea.dev.technetix.com\/es\/soluciones-de-alimentacion\/\"},{\"@type\":\"ListItem\",\"position\":3,\"name\":\"Soluciones sostenibles \/ renovables\",\"item\":\"https:\/\/emea.dev.technetix.com\/es\/soluciones-de-alimentacion\/soluciones-sostenibles-renovables\/\"},{\"@type\":\"ListItem\",\"position\":4,\"name\":\"Generador de bater\u00eda de banda ancha port\u00e1til LiFePO4 3600 Wh\/100 Ah 36 VDC (LBBG-3600)\"}]},{\"@type\":\"WebSite\",\"@id\":\"https:\/\/emea.dev.technetix.com\/es\/#website\",\"url\":\"https:\/\/emea.dev.technetix.com\/es\/\",\"name\":\"Technetix\",\"description\":\"Next-generation broadband equipment engineering\",\"publisher\":{\"@id\":\"https:\/\/emea.dev.technetix.com\/es\/#organization\"},\"potentialAction\":[{\"@type\":\"SearchAction\",\"target\":{\"@type\":\"EntryPoint\",\"urlTemplate\":\"https:\/\/emea.dev.technetix.com\/es\/?s={search_term_string}\"},\"query-input\":{\"@type\":\"PropertyValueSpecification\",\"valueRequired\":true,\"valueName\":\"search_term_string\"}}],\"inLanguage\":\"es\"},{\"@type\":\"Organization\",\"@id\":\"https:\/\/emea.dev.technetix.com\/es\/#organization\",\"name\":\"Technetix\",\"url\":\"https:\/\/emea.dev.technetix.com\/es\/\",\"logo\":{\"@type\":\"ImageObject\",\"inLanguage\":\"es\",\"@id\":\"https:\/\/emea.dev.technetix.com\/es\/#\/schema\/logo\/image\/\",\"url\":\"https:\/\/emea.dev.technetix.com\/wp-content\/uploads\/sites\/2\/2023\/06\/logo-Technetix-1000x1000-1.png\",\"contentUrl\":\"https:\/\/emea.dev.technetix.com\/wp-content\/uploads\/sites\/2\/2023\/06\/logo-Technetix-1000x1000-1.png\",\"width\":1000,\"height\":1000,\"caption\":\"Technetix\"},\"image\":{\"@id\":\"https:\/\/emea.dev.technetix.com\/es\/#\/schema\/logo\/image\/\"},\"sameAs\":[\"https:\/\/x.com\/technetixgroup\",\"https:\/\/www.linkedin.com\/company\/technetix\/\",\"https:\/\/www.youtube.com\/c\/Technetix-group\"]}]}<\/script>\n<!-- \/ Yoast SEO Premium plugin. -->","yoast_head_json":{"title":"Generador de bater\u00eda de banda ancha port\u00e1til LiFePO4 3600 Wh\/100 Ah 36 VDC (LBBG-3600) - Technetix EMEA","robots":{"index":"index","follow":"follow","max-snippet":"max-snippet:-1","max-image-preview":"max-image-preview:large","max-video-preview":"max-video-preview:-1"},"canonical":"https:\/\/emea.dev.technetix.com\/es\/soluciones-de-alimentacion\/soluciones-sostenibles-renovables\/generador-de-bateria-de-banda-ancha-portatil-lifepo4-3600-wh-100-ah-36-vdc-lbbg-3600\/","og_locale":"es_ES","og_type":"article","og_title":"Generador de bater\u00eda de banda ancha port\u00e1til LiFePO4 3600 Wh\/100 Ah 36 VDC (LBBG-3600) - Technetix EMEA","og_description":"Enlaces de inter\u00e9s","og_url":"https:\/\/emea.dev.technetix.com\/es\/soluciones-de-alimentacion\/soluciones-sostenibles-renovables\/generador-de-bateria-de-banda-ancha-portatil-lifepo4-3600-wh-100-ah-36-vdc-lbbg-3600\/","og_site_name":"Technetix EMEA","article_modified_time":"2024-03-06T11:41:25+00:00","og_image":[{"url":"https:\/\/emea.dev.technetix.com\/wp-content\/uploads\/sites\/2\/2023\/11\/LBBG_3600_open-copy.png"}],"twitter_card":"summary_large_image","twitter_site":"@technetixgroup","twitter_misc":{"Tiempo de lectura":"1 minuto"},"schema":{"@context":"https:\/\/schema.org","@graph":[{"@type":"WebPage","@id":"https:\/\/emea.dev.technetix.com\/es\/soluciones-de-alimentacion\/soluciones-sostenibles-renovables\/generador-de-bateria-de-banda-ancha-portatil-lifepo4-3600-wh-100-ah-36-vdc-lbbg-3600\/","url":"https:\/\/emea.dev.technetix.com\/es\/soluciones-de-alimentacion\/soluciones-sostenibles-renovables\/generador-de-bateria-de-banda-ancha-portatil-lifepo4-3600-wh-100-ah-36-vdc-lbbg-3600\/","name":"Generador de bater\u00eda de banda ancha port\u00e1til LiFePO4 3600 Wh\/100 Ah 36 VDC (LBBG-3600) - Technetix EMEA","isPartOf":{"@id":"https:\/\/emea.dev.technetix.com\/es\/#website"},"primaryImageOfPage":{"@id":"https:\/\/emea.dev.technetix.com\/es\/soluciones-de-alimentacion\/soluciones-sostenibles-renovables\/generador-de-bateria-de-banda-ancha-portatil-lifepo4-3600-wh-100-ah-36-vdc-lbbg-3600\/#primaryimage"},"image":{"@id":"https:\/\/emea.dev.technetix.com\/es\/soluciones-de-alimentacion\/soluciones-sostenibles-renovables\/generador-de-bateria-de-banda-ancha-portatil-lifepo4-3600-wh-100-ah-36-vdc-lbbg-3600\/#primaryimage"},"thumbnailUrl":"https:\/\/emea.dev.technetix.com\/wp-content\/uploads\/sites\/2\/2023\/11\/LBBG_3600_open-copy.png","datePublished":"2023-11-14T11:27:36+00:00","dateModified":"2024-03-06T11:41:25+00:00","breadcrumb":{"@id":"https:\/\/emea.dev.technetix.com\/es\/soluciones-de-alimentacion\/soluciones-sostenibles-renovables\/generador-de-bateria-de-banda-ancha-portatil-lifepo4-3600-wh-100-ah-36-vdc-lbbg-3600\/#breadcrumb"},"inLanguage":"es","potentialAction":[{"@type":"ReadAction","target":["https:\/\/emea.dev.technetix.com\/es\/soluciones-de-alimentacion\/soluciones-sostenibles-renovables\/generador-de-bateria-de-banda-ancha-portatil-lifepo4-3600-wh-100-ah-36-vdc-lbbg-3600\/"]}]},{"@type":"ImageObject","inLanguage":"es","@id":"https:\/\/emea.dev.technetix.com\/es\/soluciones-de-alimentacion\/soluciones-sostenibles-renovables\/generador-de-bateria-de-banda-ancha-portatil-lifepo4-3600-wh-100-ah-36-vdc-lbbg-3600\/#primaryimage","url":"https:\/\/emea.dev.technetix.com\/wp-content\/uploads\/sites\/2\/2023\/11\/LBBG_3600_open-copy.png","contentUrl":"https:\/\/emea.dev.technetix.com\/wp-content\/uploads\/sites\/2\/2023\/11\/LBBG_3600_open-copy.png"},{"@type":"BreadcrumbList","@id":"https:\/\/emea.dev.technetix.com\/es\/soluciones-de-alimentacion\/soluciones-sostenibles-renovables\/generador-de-bateria-de-banda-ancha-portatil-lifepo4-3600-wh-100-ah-36-vdc-lbbg-3600\/#breadcrumb","itemListElement":[{"@type":"ListItem","position":1,"name":"Home","item":"https:\/\/emea.dev.technetix.com\/es\/"},{"@type":"ListItem","position":2,"name":"Soluciones de Alimentaci\u00f3n","item":"https:\/\/emea.dev.technetix.com\/es\/soluciones-de-alimentacion\/"},{"@type":"ListItem","position":3,"name":"Soluciones sostenibles \/ renovables","item":"https:\/\/emea.dev.technetix.com\/es\/soluciones-de-alimentacion\/soluciones-sostenibles-renovables\/"},{"@type":"ListItem","position":4,"name":"Generador de bater\u00eda de banda ancha port\u00e1til LiFePO4 3600 Wh\/100 Ah 36 VDC (LBBG-3600)"}]},{"@type":"WebSite","@id":"https:\/\/emea.dev.technetix.com\/es\/#website","url":"https:\/\/emea.dev.technetix.com\/es\/","name":"Technetix","description":"Next-generation broadband equipment engineering","publisher":{"@id":"https:\/\/emea.dev.technetix.com\/es\/#organization"},"potentialAction":[{"@type":"SearchAction","target":{"@type":"EntryPoint","urlTemplate":"https:\/\/emea.dev.technetix.com\/es\/?s={search_term_string}"},"query-input":{"@type":"PropertyValueSpecification","valueRequired":true,"valueName":"search_term_string"}}],"inLanguage":"es"},{"@type":"Organization","@id":"https:\/\/emea.dev.technetix.com\/es\/#organization","name":"Technetix","url":"https:\/\/emea.dev.technetix.com\/es\/","logo":{"@type":"ImageObject","inLanguage":"es","@id":"https:\/\/emea.dev.technetix.com\/es\/#\/schema\/logo\/image\/","url":"https:\/\/emea.dev.technetix.com\/wp-content\/uploads\/sites\/2\/2023\/06\/logo-Technetix-1000x1000-1.png","contentUrl":"https:\/\/emea.dev.technetix.com\/wp-content\/uploads\/sites\/2\/2023\/06\/logo-Technetix-1000x1000-1.png","width":1000,"height":1000,"caption":"Technetix"},"image":{"@id":"https:\/\/emea.dev.technetix.com\/es\/#\/schema\/logo\/image\/"},"sameAs":["https:\/\/x.com\/technetixgroup","https:\/\/www.linkedin.com\/company\/technetix\/","https:\/\/www.youtube.com\/c\/Technetix-group"]}]}},"acf":[],"publishpress_future_workflow_manual_trigger":{"enabledWorkflows":[]},"_links":{"self":[{"href":"https:\/\/emea.dev.technetix.com\/es\/wp-json\/wp\/v2\/pages\/299837"}],"collection":[{"href":"https:\/\/emea.dev.technetix.com\/es\/wp-json\/wp\/v2\/pages"}],"about":[{"href":"https:\/\/emea.dev.technetix.com\/es\/wp-json\/wp\/v2\/types\/page"}],"author":[{"embeddable":true,"href":"https:\/\/emea.dev.technetix.com\/es\/wp-json\/wp\/v2\/users\/21"}],"replies":[{"embeddable":true,"href":"https:\/\/emea.dev.technetix.com\/es\/wp-json\/wp\/v2\/comments?post=299837"}],"version-history":[{"count":1,"href":"https:\/\/emea.dev.technetix.com\/es\/wp-json\/wp\/v2\/pages\/299837\/revisions"}],"predecessor-version":[{"id":299838,"href":"https:\/\/emea.dev.technetix.com\/es\/wp-json\/wp\/v2\/pages\/299837\/revisions\/299838"}],"up":[{"embeddable":true,"href":"https:\/\/emea.dev.technetix.com\/es\/wp-json\/wp\/v2\/pages\/291625"}],"wp:attachment":[{"href":"https:\/\/emea.dev.technetix.com\/es\/wp-json\/wp\/v2\/media?parent=299837"}],"curies":[{"name":"wp","href":"https:\/\/api.w.org\/{rel}","templated":true}]}}