{"id":299816,"date":"2023-11-09T14:57:12","date_gmt":"2023-11-09T14:57:12","guid":{"rendered":"https:\/\/emea.dev.technetix.com\/soluciones-de-alimentacion\/soluciones-sostenibles-renovables\/generadores-de-ca-portatiles\/generador-portatil-lifepo4-de-830-wh-1000-w-y-120-vac\/"},"modified":"2024-03-06T11:29:06","modified_gmt":"2024-03-06T11:29:06","slug":"generador-portatil-lifepo4-de-830-wh-1000-w-y-120-vac","status":"publish","type":"page","link":"https:\/\/emea.dev.technetix.com\/es\/soluciones-de-alimentacion\/soluciones-sostenibles-renovables\/generadores-de-ca-portatiles\/generador-portatil-lifepo4-de-830-wh-1000-w-y-120-vac\/","title":{"rendered":"Generador port\u00e1til LiFePO4 de 830 Wh\/1000 W y 120 VCA (LBACG-830)"},"content":{"rendered":"<div class=\"gb-container gb-container-a2efb66f gb-container-wide-back-page-con\" id=\"content\">\n<div class=\"gb-grid-wrapper gb-grid-wrapper-5efcc144\">\n<div class=\"gb-grid-column gb-grid-column-6e2f42ae\"><div class=\"gb-container gb-container-6e2f42ae\" id=\"image-col\"><div class=\"gb-inside-container\">\n<figure class=\"gb-block-image gb-block-image-61e35e7d\"><img loading=\"lazy\" decoding=\"async\" width=\"1000\" height=\"1000\" class=\"gb-image gb-image-61e35e7d\" src=\"https:\/\/emea.dev.technetix.com\/wp-content\/uploads\/sites\/2\/2023\/12\/LBACG_830_side_angled.png\" alt=\"\" title=\"LBACG_830_side_angled\" srcset=\"https:\/\/emea.dev.technetix.com\/wp-content\/uploads\/sites\/2\/2023\/12\/LBACG_830_side_angled.png 1000w, https:\/\/emea.dev.technetix.com\/wp-content\/uploads\/sites\/2\/2023\/12\/LBACG_830_side_angled-300x300.png 300w, https:\/\/emea.dev.technetix.com\/wp-content\/uploads\/sites\/2\/2023\/12\/LBACG_830_side_angled-150x150.png 150w, https:\/\/emea.dev.technetix.com\/wp-content\/uploads\/sites\/2\/2023\/12\/LBACG_830_side_angled-768x768.png 768w, https:\/\/emea.dev.technetix.com\/wp-content\/uploads\/sites\/2\/2023\/12\/LBACG_830_side_angled-600x600.png 600w, https:\/\/emea.dev.technetix.com\/wp-content\/uploads\/sites\/2\/2023\/12\/LBACG_830_side_angled-100x100.png 100w\" sizes=\"(max-width: 1000px) 100vw, 1000px\" \/><\/figure>\n<\/div><\/div><\/div>\n\n<div class=\"gb-grid-column gb-grid-column-cb46cc96\"><div class=\"gb-container gb-container-cb46cc96\" id=\"content-col\"><div class=\"gb-inside-container\">\n<h2 class=\"gb-headline gb-headline-d02c52e4 gb-headline-text\">Generador port\u00e1til LiFePO4 de 830 Wh\/1000 W y 120 VCA (LBACG-830)<\/h2>\n\n<p>Una opci\u00f3n limpia y sostenible en lugar de peque\u00f1os generadores de gas port\u00e1tiles sin comprometer la potencia ni el rendimiento. Este dise\u00f1o innovador utiliza una bater\u00eda de alta capacidad y un inversor de CA de alta eficiencia para producir silenciosamente energ\u00eda de onda sinusoidal limpia y regulada de 120 VCA y 60 Hz. Un paquete de energ\u00eda peque\u00f1o, liviano y resistente para el lugar de trabajo y ubicaciones remotas, ideal para alimentar herramientas y empalmadores de fibra \u00f3ptica, equipos de prueba, computadoras port\u00e1tiles y cargadores de tel\u00e9fonos. Bater\u00eda de litio segura sin cobalto ni riesgos explosivos.   <\/p>\n\n<ul class=\"wp-block-list\"><li>Dimensiones y peso (11 kg\/ 24 lb) similares al bolso de mano para mayor portabilidad<\/li>\n\n<li>Mantiene el equipo esencial encendido en silencio durante un corte de energ\u00eda con salidas de 120 V de 1 a m\u00e1s de 100 horas (dependiendo de la carga)<\/li>\n\n<li>Cargue desde cero hasta bater\u00eda completa en solo cuatro horas mediante el cargador de CA<\/li>\n\n<li>830 Wh de almacenamiento de energ\u00eda y una potencia de salida de 1 kW<\/li><\/ul>\n<\/div><\/div><\/div>\n<\/div>\n\n<div class=\"gb-container gb-container-dbeed0b8 gb-container-con-buttons-bottom\">\n<h2 class=\"gb-headline gb-headline-7ce6fa4b gb-headline-text gb-headline-head-bottom-buttons\">Enlaces de inter\u00e9s<\/h2>\n\n<div class=\"gb-button-wrapper gb-button-wrapper-5300c273 gb-button-wrapper-after-con-buttons\">\n<a class=\"gb-button gb-button-3eadfa91 gb-button-text gb-button-bottom-button\" href=\"https:\/\/emea.dev.technetix.com\/wp-content\/uploads\/sites\/2\/2023\/12\/LBACG_830_V1_DS_EN.pdf\" target=\"_blank\" rel=\"noopener noreferrer\">Ficha t\u00e9cnica<\/a>\n\n<a class=\"gb-button gb-button-74bfad52 gb-button-text gb-button-bottom-button\" href=\"https:\/\/emea.dev.technetix.com\/es\/contactenos\/\">Cont\u00e1ctenos<\/a>\n<\/div>\n<\/div>\n<\/div>","protected":false},"excerpt":{"rendered":"<p>Enlaces de inter\u00e9s<\/p>\n","protected":false},"author":21,"featured_media":0,"parent":298415,"menu_order":0,"comment_status":"closed","ping_status":"closed","template":"","meta":{"_acf_changed":false,"_gspb_post_css":"","footnotes":""},"class_list":["post-299816","page","type-page","status-publish"],"yoast_head":"<!-- This site is optimized with the Yoast SEO Premium plugin v22.5 (Yoast SEO v23.7) - https:\/\/yoast.com\/wordpress\/plugins\/seo\/ -->\n<title>Generador port\u00e1til LiFePO4 de 830 Wh\/1000 W y 120 VCA (LBACG-830) - Technetix EMEA<\/title>\n<meta name=\"robots\" content=\"index, follow, max-snippet:-1, max-image-preview:large, max-video-preview:-1\" \/>\n<link rel=\"canonical\" href=\"https:\/\/emea.dev.technetix.com\/es\/soluciones-de-alimentacion\/soluciones-sostenibles-renovables\/generadores-de-ca-portatiles\/generador-portatil-lifepo4-de-830-wh-1000-w-y-120-vac\/\" \/>\n<meta property=\"og:locale\" content=\"es_ES\" \/>\n<meta property=\"og:type\" content=\"article\" \/>\n<meta property=\"og:title\" content=\"Generador port\u00e1til LiFePO4 de 830 Wh\/1000 W y 120 VCA (LBACG-830) - Technetix EMEA\" \/>\n<meta property=\"og:description\" content=\"Enlaces de inter\u00e9s\" \/>\n<meta property=\"og:url\" content=\"https:\/\/emea.dev.technetix.com\/es\/soluciones-de-alimentacion\/soluciones-sostenibles-renovables\/generadores-de-ca-portatiles\/generador-portatil-lifepo4-de-830-wh-1000-w-y-120-vac\/\" \/>\n<meta property=\"og:site_name\" content=\"Technetix EMEA\" \/>\n<meta property=\"article:modified_time\" content=\"2024-03-06T11:29:06+00:00\" \/>\n<meta property=\"og:image\" content=\"https:\/\/emea.dev.technetix.com\/wp-content\/uploads\/sites\/2\/2023\/12\/LBACG_830_side_angled.png\" \/>\n<meta name=\"twitter:card\" content=\"summary_large_image\" \/>\n<meta name=\"twitter:site\" content=\"@technetixgroup\" \/>\n<meta name=\"twitter:label1\" content=\"Tiempo de lectura\" \/>\n\t<meta name=\"twitter:data1\" content=\"1 minuto\" \/>\n<script type=\"application\/ld+json\" class=\"yoast-schema-graph\">{\"@context\":\"https:\/\/schema.org\",\"@graph\":[{\"@type\":\"WebPage\",\"@id\":\"https:\/\/emea.dev.technetix.com\/es\/soluciones-de-alimentacion\/soluciones-sostenibles-renovables\/generadores-de-ca-portatiles\/generador-portatil-lifepo4-de-830-wh-1000-w-y-120-vac\/\",\"url\":\"https:\/\/emea.dev.technetix.com\/es\/soluciones-de-alimentacion\/soluciones-sostenibles-renovables\/generadores-de-ca-portatiles\/generador-portatil-lifepo4-de-830-wh-1000-w-y-120-vac\/\",\"name\":\"Generador port\u00e1til LiFePO4 de 830 Wh\/1000 W y 120 VCA (LBACG-830) - Technetix EMEA\",\"isPartOf\":{\"@id\":\"https:\/\/emea.dev.technetix.com\/es\/#website\"},\"primaryImageOfPage\":{\"@id\":\"https:\/\/emea.dev.technetix.com\/es\/soluciones-de-alimentacion\/soluciones-sostenibles-renovables\/generadores-de-ca-portatiles\/generador-portatil-lifepo4-de-830-wh-1000-w-y-120-vac\/#primaryimage\"},\"image\":{\"@id\":\"https:\/\/emea.dev.technetix.com\/es\/soluciones-de-alimentacion\/soluciones-sostenibles-renovables\/generadores-de-ca-portatiles\/generador-portatil-lifepo4-de-830-wh-1000-w-y-120-vac\/#primaryimage\"},\"thumbnailUrl\":\"https:\/\/emea.dev.technetix.com\/wp-content\/uploads\/sites\/2\/2023\/12\/LBACG_830_side_angled.png\",\"datePublished\":\"2023-11-09T14:57:12+00:00\",\"dateModified\":\"2024-03-06T11:29:06+00:00\",\"breadcrumb\":{\"@id\":\"https:\/\/emea.dev.technetix.com\/es\/soluciones-de-alimentacion\/soluciones-sostenibles-renovables\/generadores-de-ca-portatiles\/generador-portatil-lifepo4-de-830-wh-1000-w-y-120-vac\/#breadcrumb\"},\"inLanguage\":\"es\",\"potentialAction\":[{\"@type\":\"ReadAction\",\"target\":[\"https:\/\/emea.dev.technetix.com\/es\/soluciones-de-alimentacion\/soluciones-sostenibles-renovables\/generadores-de-ca-portatiles\/generador-portatil-lifepo4-de-830-wh-1000-w-y-120-vac\/\"]}]},{\"@type\":\"ImageObject\",\"inLanguage\":\"es\",\"@id\":\"https:\/\/emea.dev.technetix.com\/es\/soluciones-de-alimentacion\/soluciones-sostenibles-renovables\/generadores-de-ca-portatiles\/generador-portatil-lifepo4-de-830-wh-1000-w-y-120-vac\/#primaryimage\",\"url\":\"https:\/\/emea.dev.technetix.com\/wp-content\/uploads\/sites\/2\/2023\/12\/LBACG_830_side_angled.png\",\"contentUrl\":\"https:\/\/emea.dev.technetix.com\/wp-content\/uploads\/sites\/2\/2023\/12\/LBACG_830_side_angled.png\"},{\"@type\":\"BreadcrumbList\",\"@id\":\"https:\/\/emea.dev.technetix.com\/es\/soluciones-de-alimentacion\/soluciones-sostenibles-renovables\/generadores-de-ca-portatiles\/generador-portatil-lifepo4-de-830-wh-1000-w-y-120-vac\/#breadcrumb\",\"itemListElement\":[{\"@type\":\"ListItem\",\"position\":1,\"name\":\"Home\",\"item\":\"https:\/\/emea.dev.technetix.com\/es\/\"},{\"@type\":\"ListItem\",\"position\":2,\"name\":\"Soluciones de Alimentaci\u00f3n\",\"item\":\"https:\/\/emea.dev.technetix.com\/es\/soluciones-de-alimentacion\/\"},{\"@type\":\"ListItem\",\"position\":3,\"name\":\"Soluciones sostenibles \/ renovables\",\"item\":\"https:\/\/emea.dev.technetix.com\/es\/soluciones-de-alimentacion\/soluciones-sostenibles-renovables\/\"},{\"@type\":\"ListItem\",\"position\":4,\"name\":\"Generadores de CA port\u00e1tiles\",\"item\":\"https:\/\/emea.dev.technetix.com\/es\/soluciones-de-alimentacion\/soluciones-sostenibles-renovables\/generadores-de-ca-portatiles\/\"},{\"@type\":\"ListItem\",\"position\":5,\"name\":\"Generador port\u00e1til LiFePO4 de 830 Wh\/1000 W y 120 VCA (LBACG-830)\"}]},{\"@type\":\"WebSite\",\"@id\":\"https:\/\/emea.dev.technetix.com\/es\/#website\",\"url\":\"https:\/\/emea.dev.technetix.com\/es\/\",\"name\":\"Technetix\",\"description\":\"Next-generation broadband equipment engineering\",\"publisher\":{\"@id\":\"https:\/\/emea.dev.technetix.com\/es\/#organization\"},\"potentialAction\":[{\"@type\":\"SearchAction\",\"target\":{\"@type\":\"EntryPoint\",\"urlTemplate\":\"https:\/\/emea.dev.technetix.com\/es\/?s={search_term_string}\"},\"query-input\":{\"@type\":\"PropertyValueSpecification\",\"valueRequired\":true,\"valueName\":\"search_term_string\"}}],\"inLanguage\":\"es\"},{\"@type\":\"Organization\",\"@id\":\"https:\/\/emea.dev.technetix.com\/es\/#organization\",\"name\":\"Technetix\",\"url\":\"https:\/\/emea.dev.technetix.com\/es\/\",\"logo\":{\"@type\":\"ImageObject\",\"inLanguage\":\"es\",\"@id\":\"https:\/\/emea.dev.technetix.com\/es\/#\/schema\/logo\/image\/\",\"url\":\"https:\/\/emea.dev.technetix.com\/wp-content\/uploads\/sites\/2\/2023\/06\/logo-Technetix-1000x1000-1.png\",\"contentUrl\":\"https:\/\/emea.dev.technetix.com\/wp-content\/uploads\/sites\/2\/2023\/06\/logo-Technetix-1000x1000-1.png\",\"width\":1000,\"height\":1000,\"caption\":\"Technetix\"},\"image\":{\"@id\":\"https:\/\/emea.dev.technetix.com\/es\/#\/schema\/logo\/image\/\"},\"sameAs\":[\"https:\/\/x.com\/technetixgroup\",\"https:\/\/www.linkedin.com\/company\/technetix\/\",\"https:\/\/www.youtube.com\/c\/Technetix-group\"]}]}<\/script>\n<!-- \/ Yoast SEO Premium plugin. -->","yoast_head_json":{"title":"Generador port\u00e1til LiFePO4 de 830 Wh\/1000 W y 120 VCA (LBACG-830) - Technetix EMEA","robots":{"index":"index","follow":"follow","max-snippet":"max-snippet:-1","max-image-preview":"max-image-preview:large","max-video-preview":"max-video-preview:-1"},"canonical":"https:\/\/emea.dev.technetix.com\/es\/soluciones-de-alimentacion\/soluciones-sostenibles-renovables\/generadores-de-ca-portatiles\/generador-portatil-lifepo4-de-830-wh-1000-w-y-120-vac\/","og_locale":"es_ES","og_type":"article","og_title":"Generador port\u00e1til LiFePO4 de 830 Wh\/1000 W y 120 VCA (LBACG-830) - Technetix EMEA","og_description":"Enlaces de inter\u00e9s","og_url":"https:\/\/emea.dev.technetix.com\/es\/soluciones-de-alimentacion\/soluciones-sostenibles-renovables\/generadores-de-ca-portatiles\/generador-portatil-lifepo4-de-830-wh-1000-w-y-120-vac\/","og_site_name":"Technetix EMEA","article_modified_time":"2024-03-06T11:29:06+00:00","og_image":[{"url":"https:\/\/emea.dev.technetix.com\/wp-content\/uploads\/sites\/2\/2023\/12\/LBACG_830_side_angled.png"}],"twitter_card":"summary_large_image","twitter_site":"@technetixgroup","twitter_misc":{"Tiempo de lectura":"1 minuto"},"schema":{"@context":"https:\/\/schema.org","@graph":[{"@type":"WebPage","@id":"https:\/\/emea.dev.technetix.com\/es\/soluciones-de-alimentacion\/soluciones-sostenibles-renovables\/generadores-de-ca-portatiles\/generador-portatil-lifepo4-de-830-wh-1000-w-y-120-vac\/","url":"https:\/\/emea.dev.technetix.com\/es\/soluciones-de-alimentacion\/soluciones-sostenibles-renovables\/generadores-de-ca-portatiles\/generador-portatil-lifepo4-de-830-wh-1000-w-y-120-vac\/","name":"Generador port\u00e1til LiFePO4 de 830 Wh\/1000 W y 120 VCA (LBACG-830) - Technetix EMEA","isPartOf":{"@id":"https:\/\/emea.dev.technetix.com\/es\/#website"},"primaryImageOfPage":{"@id":"https:\/\/emea.dev.technetix.com\/es\/soluciones-de-alimentacion\/soluciones-sostenibles-renovables\/generadores-de-ca-portatiles\/generador-portatil-lifepo4-de-830-wh-1000-w-y-120-vac\/#primaryimage"},"image":{"@id":"https:\/\/emea.dev.technetix.com\/es\/soluciones-de-alimentacion\/soluciones-sostenibles-renovables\/generadores-de-ca-portatiles\/generador-portatil-lifepo4-de-830-wh-1000-w-y-120-vac\/#primaryimage"},"thumbnailUrl":"https:\/\/emea.dev.technetix.com\/wp-content\/uploads\/sites\/2\/2023\/12\/LBACG_830_side_angled.png","datePublished":"2023-11-09T14:57:12+00:00","dateModified":"2024-03-06T11:29:06+00:00","breadcrumb":{"@id":"https:\/\/emea.dev.technetix.com\/es\/soluciones-de-alimentacion\/soluciones-sostenibles-renovables\/generadores-de-ca-portatiles\/generador-portatil-lifepo4-de-830-wh-1000-w-y-120-vac\/#breadcrumb"},"inLanguage":"es","potentialAction":[{"@type":"ReadAction","target":["https:\/\/emea.dev.technetix.com\/es\/soluciones-de-alimentacion\/soluciones-sostenibles-renovables\/generadores-de-ca-portatiles\/generador-portatil-lifepo4-de-830-wh-1000-w-y-120-vac\/"]}]},{"@type":"ImageObject","inLanguage":"es","@id":"https:\/\/emea.dev.technetix.com\/es\/soluciones-de-alimentacion\/soluciones-sostenibles-renovables\/generadores-de-ca-portatiles\/generador-portatil-lifepo4-de-830-wh-1000-w-y-120-vac\/#primaryimage","url":"https:\/\/emea.dev.technetix.com\/wp-content\/uploads\/sites\/2\/2023\/12\/LBACG_830_side_angled.png","contentUrl":"https:\/\/emea.dev.technetix.com\/wp-content\/uploads\/sites\/2\/2023\/12\/LBACG_830_side_angled.png"},{"@type":"BreadcrumbList","@id":"https:\/\/emea.dev.technetix.com\/es\/soluciones-de-alimentacion\/soluciones-sostenibles-renovables\/generadores-de-ca-portatiles\/generador-portatil-lifepo4-de-830-wh-1000-w-y-120-vac\/#breadcrumb","itemListElement":[{"@type":"ListItem","position":1,"name":"Home","item":"https:\/\/emea.dev.technetix.com\/es\/"},{"@type":"ListItem","position":2,"name":"Soluciones de Alimentaci\u00f3n","item":"https:\/\/emea.dev.technetix.com\/es\/soluciones-de-alimentacion\/"},{"@type":"ListItem","position":3,"name":"Soluciones sostenibles \/ renovables","item":"https:\/\/emea.dev.technetix.com\/es\/soluciones-de-alimentacion\/soluciones-sostenibles-renovables\/"},{"@type":"ListItem","position":4,"name":"Generadores de CA port\u00e1tiles","item":"https:\/\/emea.dev.technetix.com\/es\/soluciones-de-alimentacion\/soluciones-sostenibles-renovables\/generadores-de-ca-portatiles\/"},{"@type":"ListItem","position":5,"name":"Generador port\u00e1til LiFePO4 de 830 Wh\/1000 W y 120 VCA (LBACG-830)"}]},{"@type":"WebSite","@id":"https:\/\/emea.dev.technetix.com\/es\/#website","url":"https:\/\/emea.dev.technetix.com\/es\/","name":"Technetix","description":"Next-generation broadband equipment engineering","publisher":{"@id":"https:\/\/emea.dev.technetix.com\/es\/#organization"},"potentialAction":[{"@type":"SearchAction","target":{"@type":"EntryPoint","urlTemplate":"https:\/\/emea.dev.technetix.com\/es\/?s={search_term_string}"},"query-input":{"@type":"PropertyValueSpecification","valueRequired":true,"valueName":"search_term_string"}}],"inLanguage":"es"},{"@type":"Organization","@id":"https:\/\/emea.dev.technetix.com\/es\/#organization","name":"Technetix","url":"https:\/\/emea.dev.technetix.com\/es\/","logo":{"@type":"ImageObject","inLanguage":"es","@id":"https:\/\/emea.dev.technetix.com\/es\/#\/schema\/logo\/image\/","url":"https:\/\/emea.dev.technetix.com\/wp-content\/uploads\/sites\/2\/2023\/06\/logo-Technetix-1000x1000-1.png","contentUrl":"https:\/\/emea.dev.technetix.com\/wp-content\/uploads\/sites\/2\/2023\/06\/logo-Technetix-1000x1000-1.png","width":1000,"height":1000,"caption":"Technetix"},"image":{"@id":"https:\/\/emea.dev.technetix.com\/es\/#\/schema\/logo\/image\/"},"sameAs":["https:\/\/x.com\/technetixgroup","https:\/\/www.linkedin.com\/company\/technetix\/","https:\/\/www.youtube.com\/c\/Technetix-group"]}]}},"acf":[],"publishpress_future_workflow_manual_trigger":{"enabledWorkflows":[]},"_links":{"self":[{"href":"https:\/\/emea.dev.technetix.com\/es\/wp-json\/wp\/v2\/pages\/299816"}],"collection":[{"href":"https:\/\/emea.dev.technetix.com\/es\/wp-json\/wp\/v2\/pages"}],"about":[{"href":"https:\/\/emea.dev.technetix.com\/es\/wp-json\/wp\/v2\/types\/page"}],"author":[{"embeddable":true,"href":"https:\/\/emea.dev.technetix.com\/es\/wp-json\/wp\/v2\/users\/21"}],"replies":[{"embeddable":true,"href":"https:\/\/emea.dev.technetix.com\/es\/wp-json\/wp\/v2\/comments?post=299816"}],"version-history":[{"count":3,"href":"https:\/\/emea.dev.technetix.com\/es\/wp-json\/wp\/v2\/pages\/299816\/revisions"}],"predecessor-version":[{"id":299819,"href":"https:\/\/emea.dev.technetix.com\/es\/wp-json\/wp\/v2\/pages\/299816\/revisions\/299819"}],"up":[{"embeddable":true,"href":"https:\/\/emea.dev.technetix.com\/es\/wp-json\/wp\/v2\/pages\/298415"}],"wp:attachment":[{"href":"https:\/\/emea.dev.technetix.com\/es\/wp-json\/wp\/v2\/media?parent=299816"}],"curies":[{"name":"wp","href":"https:\/\/api.w.org\/{rel}","templated":true}]}}