{"id":298415,"date":"2023-11-09T14:25:22","date_gmt":"2023-11-09T14:25:22","guid":{"rendered":"https:\/\/emea.dev.technetix.com\/soluciones-de-alimentacion\/soluciones-sostenibles-renovables\/generadores-de-ca-portatiles\/"},"modified":"2024-05-22T13:57:29","modified_gmt":"2024-05-22T13:57:29","slug":"generadores-de-ca-portatiles","status":"publish","type":"page","link":"https:\/\/emea.dev.technetix.com\/es\/soluciones-de-alimentacion\/soluciones-sostenibles-renovables\/generadores-de-ca-portatiles\/","title":{"rendered":"Generadores de CA port\u00e1tiles"},"content":{"rendered":"<div class=\"gb-container gb-container-6741be28 gb-container-con-centered-header\" id=\"intro\">\n<div style=\"height:35px\" aria-hidden=\"true\" class=\"wp-block-spacer\"><\/div>\n\n<h2 class=\"gb-headline gb-headline-c8eef9cc gb-headline-text\">Generadores de CA port\u00e1tiles<\/h2>\n\n<p>Los generadores de CA port\u00e1tiles ofrecen una alternativa ecol\u00f3gica a los generadores de gas sin comprometer la potencia ni el rendimiento. Las unidades son seguras, asequibles, sostenibles, de alta densidad energ\u00e9tica y ofrecen un despliegue r\u00e1pido. <\/p>\n\n<div style=\"height:21px\" aria-hidden=\"true\" class=\"wp-block-spacer\"><\/div>\n<\/div><div class=\"gb-container gb-container-3070dded gb-container-wide-back-page-con\" id=\"cards\">\n<div class=\"gb-grid-wrapper gb-grid-wrapper-53f55656\">\n<div class=\"gb-grid-column gb-grid-column-111762de\"><div class=\"gb-container gb-container-111762de image-link-block\"><a class=\"gb-container-link\" href=\"https:\/\/emea.dev.technetix.com\/es\/soluciones-de-alimentacion\/soluciones-sostenibles-renovables\/generadores-de-ca-portatiles\/generador-portatil-lifepo4-de-830-wh-1000-w-y-120-vac\/\"><\/a><div class=\"gb-inside-container\">\n<div class=\"gb-container gb-container-c51a427e\"><div class=\"gb-inside-container\">\n<figure class=\"gb-block-image gb-block-image-92ef0c3b\"><img loading=\"lazy\" decoding=\"async\" width=\"1000\" height=\"500\" class=\"gb-image gb-image-92ef0c3b\" src=\"https:\/\/emea.dev.technetix.com\/wp-content\/uploads\/sites\/2\/2023\/12\/0002_Portable-LiFePO4-830-2.png\" alt=\"\" title=\"0002_Portable-LiFePO4-830-2\" srcset=\"https:\/\/emea.dev.technetix.com\/wp-content\/uploads\/sites\/2\/2023\/12\/0002_Portable-LiFePO4-830-2.png 1000w, https:\/\/emea.dev.technetix.com\/wp-content\/uploads\/sites\/2\/2023\/12\/0002_Portable-LiFePO4-830-2-300x150.png 300w, https:\/\/emea.dev.technetix.com\/wp-content\/uploads\/sites\/2\/2023\/12\/0002_Portable-LiFePO4-830-2-768x384.png 768w, https:\/\/emea.dev.technetix.com\/wp-content\/uploads\/sites\/2\/2023\/12\/0002_Portable-LiFePO4-830-2-600x300.png 600w\" sizes=\"(max-width: 1000px) 100vw, 1000px\" \/><\/figure>\n\n<h2 class=\"gb-headline gb-headline-8057c017 gb-headline-text\">Generador port\u00e1til LiFePO4 de 830 Wh\/1000 W y 120 VCA (LBACG-830)<\/h2>\n\n<p class=\"gb-headline gb-headline-380a8e6b gb-headline-text\"><\/p>\n<\/div><\/div>\n<\/div><\/div><\/div>\n\n<div class=\"gb-grid-column gb-grid-column-0960c838\"><div class=\"gb-container gb-container-0960c838 image-link-block\"><a class=\"gb-container-link\" href=\"https:\/\/emea.dev.technetix.com\/es\/soluciones-de-alimentacion\/soluciones-sostenibles-renovables\/generadores-de-ca-portatiles\/generador-portatil-lifepo4-2560-wh-2000-w-120-generator-lbacg-2560\/\"><\/a><div class=\"gb-inside-container\">\n<div class=\"gb-container gb-container-df6cbcc9\"><div class=\"gb-inside-container\">\n<figure class=\"gb-block-image gb-block-image-6787b70f\"><img loading=\"lazy\" decoding=\"async\" width=\"1000\" height=\"500\" class=\"gb-image gb-image-6787b70f\" src=\"https:\/\/emea.dev.technetix.com\/wp-content\/uploads\/sites\/2\/2023\/12\/0011_Portable-LiFePO4-2560-2.png\" alt=\"\" title=\"0011_Portable-LiFePO4-2560-2\" srcset=\"https:\/\/emea.dev.technetix.com\/wp-content\/uploads\/sites\/2\/2023\/12\/0011_Portable-LiFePO4-2560-2.png 1000w, https:\/\/emea.dev.technetix.com\/wp-content\/uploads\/sites\/2\/2023\/12\/0011_Portable-LiFePO4-2560-2-300x150.png 300w, https:\/\/emea.dev.technetix.com\/wp-content\/uploads\/sites\/2\/2023\/12\/0011_Portable-LiFePO4-2560-2-768x384.png 768w, https:\/\/emea.dev.technetix.com\/wp-content\/uploads\/sites\/2\/2023\/12\/0011_Portable-LiFePO4-2560-2-600x300.png 600w\" sizes=\"(max-width: 1000px) 100vw, 1000px\" \/><\/figure>\n\n<h2 class=\"gb-headline gb-headline-7341686a gb-headline-text\">Generador port\u00e1til LiFePO4 2560 Wh\/2000 W 120 VAC (LBACG-2560)<\/h2>\n\n<p class=\"gb-headline gb-headline-78d5eadf gb-headline-text\"><\/p>\n<\/div><\/div>\n<\/div><\/div><\/div>\n<\/div>\n<\/div>","protected":false},"excerpt":{"rendered":"<p>Generadores de CA port\u00e1tiles Los generadores de CA port\u00e1tiles ofrecen una alternativa ecol\u00f3gica a los generadores de gas sin comprometer la potencia ni el rendimiento. Las unidades son seguras, asequibles, sostenibles, de alta densidad energ\u00e9tica y ofrecen un despliegue r\u00e1pido.<\/p>\n","protected":false},"author":21,"featured_media":0,"parent":291625,"menu_order":0,"comment_status":"closed","ping_status":"closed","template":"","meta":{"_acf_changed":false,"_gspb_post_css":"","footnotes":""},"class_list":["post-298415","page","type-page","status-publish"],"yoast_head":"<!-- This site is optimized with the Yoast SEO Premium plugin v22.5 (Yoast SEO v23.7) - https:\/\/yoast.com\/wordpress\/plugins\/seo\/ -->\n<title>Generadores de CA port\u00e1tiles - Technetix EMEA<\/title>\n<meta name=\"robots\" content=\"index, follow, max-snippet:-1, max-image-preview:large, max-video-preview:-1\" \/>\n<link rel=\"canonical\" href=\"https:\/\/emea.dev.technetix.com\/es\/soluciones-de-alimentacion\/soluciones-sostenibles-renovables\/generadores-de-ca-portatiles\/\" \/>\n<meta property=\"og:locale\" content=\"es_ES\" \/>\n<meta property=\"og:type\" content=\"article\" \/>\n<meta property=\"og:title\" content=\"Generadores de CA port\u00e1tiles - Technetix EMEA\" \/>\n<meta property=\"og:description\" content=\"Generadores de CA port\u00e1tiles Los generadores de CA port\u00e1tiles ofrecen una alternativa ecol\u00f3gica a los generadores de gas sin comprometer la potencia ni el rendimiento. Las unidades son seguras, asequibles, sostenibles, de alta densidad energ\u00e9tica y ofrecen un despliegue r\u00e1pido.\" \/>\n<meta property=\"og:url\" content=\"https:\/\/emea.dev.technetix.com\/es\/soluciones-de-alimentacion\/soluciones-sostenibles-renovables\/generadores-de-ca-portatiles\/\" \/>\n<meta property=\"og:site_name\" content=\"Technetix EMEA\" \/>\n<meta property=\"article:modified_time\" content=\"2024-05-22T13:57:29+00:00\" \/>\n<meta property=\"og:image\" content=\"https:\/\/emea.dev.technetix.com\/wp-content\/uploads\/sites\/2\/2023\/12\/0002_Portable-LiFePO4-830-2.png\" \/>\n<meta name=\"twitter:card\" content=\"summary_large_image\" \/>\n<meta name=\"twitter:site\" content=\"@technetixgroup\" \/>\n<meta name=\"twitter:label1\" content=\"Tiempo de lectura\" \/>\n\t<meta name=\"twitter:data1\" content=\"1 minuto\" \/>\n<script type=\"application\/ld+json\" class=\"yoast-schema-graph\">{\"@context\":\"https:\/\/schema.org\",\"@graph\":[{\"@type\":\"WebPage\",\"@id\":\"https:\/\/emea.dev.technetix.com\/es\/soluciones-de-alimentacion\/soluciones-sostenibles-renovables\/generadores-de-ca-portatiles\/\",\"url\":\"https:\/\/emea.dev.technetix.com\/es\/soluciones-de-alimentacion\/soluciones-sostenibles-renovables\/generadores-de-ca-portatiles\/\",\"name\":\"Generadores de CA port\u00e1tiles - Technetix EMEA\",\"isPartOf\":{\"@id\":\"https:\/\/emea.dev.technetix.com\/es\/#website\"},\"primaryImageOfPage\":{\"@id\":\"https:\/\/emea.dev.technetix.com\/es\/soluciones-de-alimentacion\/soluciones-sostenibles-renovables\/generadores-de-ca-portatiles\/#primaryimage\"},\"image\":{\"@id\":\"https:\/\/emea.dev.technetix.com\/es\/soluciones-de-alimentacion\/soluciones-sostenibles-renovables\/generadores-de-ca-portatiles\/#primaryimage\"},\"thumbnailUrl\":\"https:\/\/emea.dev.technetix.com\/wp-content\/uploads\/sites\/2\/2023\/12\/0002_Portable-LiFePO4-830-2.png\",\"datePublished\":\"2023-11-09T14:25:22+00:00\",\"dateModified\":\"2024-05-22T13:57:29+00:00\",\"breadcrumb\":{\"@id\":\"https:\/\/emea.dev.technetix.com\/es\/soluciones-de-alimentacion\/soluciones-sostenibles-renovables\/generadores-de-ca-portatiles\/#breadcrumb\"},\"inLanguage\":\"es\",\"potentialAction\":[{\"@type\":\"ReadAction\",\"target\":[\"https:\/\/emea.dev.technetix.com\/es\/soluciones-de-alimentacion\/soluciones-sostenibles-renovables\/generadores-de-ca-portatiles\/\"]}]},{\"@type\":\"ImageObject\",\"inLanguage\":\"es\",\"@id\":\"https:\/\/emea.dev.technetix.com\/es\/soluciones-de-alimentacion\/soluciones-sostenibles-renovables\/generadores-de-ca-portatiles\/#primaryimage\",\"url\":\"https:\/\/emea.dev.technetix.com\/wp-content\/uploads\/sites\/2\/2023\/12\/0002_Portable-LiFePO4-830-2.png\",\"contentUrl\":\"https:\/\/emea.dev.technetix.com\/wp-content\/uploads\/sites\/2\/2023\/12\/0002_Portable-LiFePO4-830-2.png\"},{\"@type\":\"BreadcrumbList\",\"@id\":\"https:\/\/emea.dev.technetix.com\/es\/soluciones-de-alimentacion\/soluciones-sostenibles-renovables\/generadores-de-ca-portatiles\/#breadcrumb\",\"itemListElement\":[{\"@type\":\"ListItem\",\"position\":1,\"name\":\"Home\",\"item\":\"https:\/\/emea.dev.technetix.com\/es\/\"},{\"@type\":\"ListItem\",\"position\":2,\"name\":\"Soluciones de Alimentaci\u00f3n\",\"item\":\"https:\/\/emea.dev.technetix.com\/es\/soluciones-de-alimentacion\/\"},{\"@type\":\"ListItem\",\"position\":3,\"name\":\"Soluciones sostenibles \/ renovables\",\"item\":\"https:\/\/emea.dev.technetix.com\/es\/soluciones-de-alimentacion\/soluciones-sostenibles-renovables\/\"},{\"@type\":\"ListItem\",\"position\":4,\"name\":\"Generadores de CA port\u00e1tiles\"}]},{\"@type\":\"WebSite\",\"@id\":\"https:\/\/emea.dev.technetix.com\/es\/#website\",\"url\":\"https:\/\/emea.dev.technetix.com\/es\/\",\"name\":\"Technetix\",\"description\":\"Next-generation broadband equipment engineering\",\"publisher\":{\"@id\":\"https:\/\/emea.dev.technetix.com\/es\/#organization\"},\"potentialAction\":[{\"@type\":\"SearchAction\",\"target\":{\"@type\":\"EntryPoint\",\"urlTemplate\":\"https:\/\/emea.dev.technetix.com\/es\/?s={search_term_string}\"},\"query-input\":{\"@type\":\"PropertyValueSpecification\",\"valueRequired\":true,\"valueName\":\"search_term_string\"}}],\"inLanguage\":\"es\"},{\"@type\":\"Organization\",\"@id\":\"https:\/\/emea.dev.technetix.com\/es\/#organization\",\"name\":\"Technetix\",\"url\":\"https:\/\/emea.dev.technetix.com\/es\/\",\"logo\":{\"@type\":\"ImageObject\",\"inLanguage\":\"es\",\"@id\":\"https:\/\/emea.dev.technetix.com\/es\/#\/schema\/logo\/image\/\",\"url\":\"https:\/\/emea.dev.technetix.com\/wp-content\/uploads\/sites\/2\/2023\/06\/logo-Technetix-1000x1000-1.png\",\"contentUrl\":\"https:\/\/emea.dev.technetix.com\/wp-content\/uploads\/sites\/2\/2023\/06\/logo-Technetix-1000x1000-1.png\",\"width\":1000,\"height\":1000,\"caption\":\"Technetix\"},\"image\":{\"@id\":\"https:\/\/emea.dev.technetix.com\/es\/#\/schema\/logo\/image\/\"},\"sameAs\":[\"https:\/\/x.com\/technetixgroup\",\"https:\/\/www.linkedin.com\/company\/technetix\/\",\"https:\/\/www.youtube.com\/c\/Technetix-group\"]}]}<\/script>\n<!-- \/ Yoast SEO Premium plugin. -->","yoast_head_json":{"title":"Generadores de CA port\u00e1tiles - Technetix EMEA","robots":{"index":"index","follow":"follow","max-snippet":"max-snippet:-1","max-image-preview":"max-image-preview:large","max-video-preview":"max-video-preview:-1"},"canonical":"https:\/\/emea.dev.technetix.com\/es\/soluciones-de-alimentacion\/soluciones-sostenibles-renovables\/generadores-de-ca-portatiles\/","og_locale":"es_ES","og_type":"article","og_title":"Generadores de CA port\u00e1tiles - Technetix EMEA","og_description":"Generadores de CA port\u00e1tiles Los generadores de CA port\u00e1tiles ofrecen una alternativa ecol\u00f3gica a los generadores de gas sin comprometer la potencia ni el rendimiento. Las unidades son seguras, asequibles, sostenibles, de alta densidad energ\u00e9tica y ofrecen un despliegue r\u00e1pido.","og_url":"https:\/\/emea.dev.technetix.com\/es\/soluciones-de-alimentacion\/soluciones-sostenibles-renovables\/generadores-de-ca-portatiles\/","og_site_name":"Technetix EMEA","article_modified_time":"2024-05-22T13:57:29+00:00","og_image":[{"url":"https:\/\/emea.dev.technetix.com\/wp-content\/uploads\/sites\/2\/2023\/12\/0002_Portable-LiFePO4-830-2.png"}],"twitter_card":"summary_large_image","twitter_site":"@technetixgroup","twitter_misc":{"Tiempo de lectura":"1 minuto"},"schema":{"@context":"https:\/\/schema.org","@graph":[{"@type":"WebPage","@id":"https:\/\/emea.dev.technetix.com\/es\/soluciones-de-alimentacion\/soluciones-sostenibles-renovables\/generadores-de-ca-portatiles\/","url":"https:\/\/emea.dev.technetix.com\/es\/soluciones-de-alimentacion\/soluciones-sostenibles-renovables\/generadores-de-ca-portatiles\/","name":"Generadores de CA port\u00e1tiles - Technetix EMEA","isPartOf":{"@id":"https:\/\/emea.dev.technetix.com\/es\/#website"},"primaryImageOfPage":{"@id":"https:\/\/emea.dev.technetix.com\/es\/soluciones-de-alimentacion\/soluciones-sostenibles-renovables\/generadores-de-ca-portatiles\/#primaryimage"},"image":{"@id":"https:\/\/emea.dev.technetix.com\/es\/soluciones-de-alimentacion\/soluciones-sostenibles-renovables\/generadores-de-ca-portatiles\/#primaryimage"},"thumbnailUrl":"https:\/\/emea.dev.technetix.com\/wp-content\/uploads\/sites\/2\/2023\/12\/0002_Portable-LiFePO4-830-2.png","datePublished":"2023-11-09T14:25:22+00:00","dateModified":"2024-05-22T13:57:29+00:00","breadcrumb":{"@id":"https:\/\/emea.dev.technetix.com\/es\/soluciones-de-alimentacion\/soluciones-sostenibles-renovables\/generadores-de-ca-portatiles\/#breadcrumb"},"inLanguage":"es","potentialAction":[{"@type":"ReadAction","target":["https:\/\/emea.dev.technetix.com\/es\/soluciones-de-alimentacion\/soluciones-sostenibles-renovables\/generadores-de-ca-portatiles\/"]}]},{"@type":"ImageObject","inLanguage":"es","@id":"https:\/\/emea.dev.technetix.com\/es\/soluciones-de-alimentacion\/soluciones-sostenibles-renovables\/generadores-de-ca-portatiles\/#primaryimage","url":"https:\/\/emea.dev.technetix.com\/wp-content\/uploads\/sites\/2\/2023\/12\/0002_Portable-LiFePO4-830-2.png","contentUrl":"https:\/\/emea.dev.technetix.com\/wp-content\/uploads\/sites\/2\/2023\/12\/0002_Portable-LiFePO4-830-2.png"},{"@type":"BreadcrumbList","@id":"https:\/\/emea.dev.technetix.com\/es\/soluciones-de-alimentacion\/soluciones-sostenibles-renovables\/generadores-de-ca-portatiles\/#breadcrumb","itemListElement":[{"@type":"ListItem","position":1,"name":"Home","item":"https:\/\/emea.dev.technetix.com\/es\/"},{"@type":"ListItem","position":2,"name":"Soluciones de Alimentaci\u00f3n","item":"https:\/\/emea.dev.technetix.com\/es\/soluciones-de-alimentacion\/"},{"@type":"ListItem","position":3,"name":"Soluciones sostenibles \/ renovables","item":"https:\/\/emea.dev.technetix.com\/es\/soluciones-de-alimentacion\/soluciones-sostenibles-renovables\/"},{"@type":"ListItem","position":4,"name":"Generadores de CA port\u00e1tiles"}]},{"@type":"WebSite","@id":"https:\/\/emea.dev.technetix.com\/es\/#website","url":"https:\/\/emea.dev.technetix.com\/es\/","name":"Technetix","description":"Next-generation broadband equipment engineering","publisher":{"@id":"https:\/\/emea.dev.technetix.com\/es\/#organization"},"potentialAction":[{"@type":"SearchAction","target":{"@type":"EntryPoint","urlTemplate":"https:\/\/emea.dev.technetix.com\/es\/?s={search_term_string}"},"query-input":{"@type":"PropertyValueSpecification","valueRequired":true,"valueName":"search_term_string"}}],"inLanguage":"es"},{"@type":"Organization","@id":"https:\/\/emea.dev.technetix.com\/es\/#organization","name":"Technetix","url":"https:\/\/emea.dev.technetix.com\/es\/","logo":{"@type":"ImageObject","inLanguage":"es","@id":"https:\/\/emea.dev.technetix.com\/es\/#\/schema\/logo\/image\/","url":"https:\/\/emea.dev.technetix.com\/wp-content\/uploads\/sites\/2\/2023\/06\/logo-Technetix-1000x1000-1.png","contentUrl":"https:\/\/emea.dev.technetix.com\/wp-content\/uploads\/sites\/2\/2023\/06\/logo-Technetix-1000x1000-1.png","width":1000,"height":1000,"caption":"Technetix"},"image":{"@id":"https:\/\/emea.dev.technetix.com\/es\/#\/schema\/logo\/image\/"},"sameAs":["https:\/\/x.com\/technetixgroup","https:\/\/www.linkedin.com\/company\/technetix\/","https:\/\/www.youtube.com\/c\/Technetix-group"]}]}},"acf":[],"publishpress_future_workflow_manual_trigger":{"enabledWorkflows":[]},"_links":{"self":[{"href":"https:\/\/emea.dev.technetix.com\/es\/wp-json\/wp\/v2\/pages\/298415"}],"collection":[{"href":"https:\/\/emea.dev.technetix.com\/es\/wp-json\/wp\/v2\/pages"}],"about":[{"href":"https:\/\/emea.dev.technetix.com\/es\/wp-json\/wp\/v2\/types\/page"}],"author":[{"embeddable":true,"href":"https:\/\/emea.dev.technetix.com\/es\/wp-json\/wp\/v2\/users\/21"}],"replies":[{"embeddable":true,"href":"https:\/\/emea.dev.technetix.com\/es\/wp-json\/wp\/v2\/comments?post=298415"}],"version-history":[{"count":5,"href":"https:\/\/emea.dev.technetix.com\/es\/wp-json\/wp\/v2\/pages\/298415\/revisions"}],"predecessor-version":[{"id":406059,"href":"https:\/\/emea.dev.technetix.com\/es\/wp-json\/wp\/v2\/pages\/298415\/revisions\/406059"}],"up":[{"embeddable":true,"href":"https:\/\/emea.dev.technetix.com\/es\/wp-json\/wp\/v2\/pages\/291625"}],"wp:attachment":[{"href":"https:\/\/emea.dev.technetix.com\/es\/wp-json\/wp\/v2\/media?parent=298415"}],"curies":[{"name":"wp","href":"https:\/\/api.w.org\/{rel}","templated":true}]}}