{"id":288801,"date":"2023-11-09T10:17:03","date_gmt":"2023-11-09T10:17:03","guid":{"rendered":"https:\/\/emea.dev.technetix.com\/soluciones-de-alimentacion\/baterias-lifepo4\/equilibrador-ecualizador-de-bateria-de-12v-3a-lifepo4-vrla-agm-gel-lbups-bbal\/"},"modified":"2024-02-27T16:23:53","modified_gmt":"2024-02-27T16:23:53","slug":"equilibrador-ecualizador-de-bateria-de-12v-3a-lifepo4-vrla-agm-gel-lbups-bbal","status":"publish","type":"page","link":"https:\/\/emea.dev.technetix.com\/es\/soluciones-de-alimentacion\/baterias-lifepo4\/equilibrador-ecualizador-de-bateria-de-12v-3a-lifepo4-vrla-agm-gel-lbups-bbal\/","title":{"rendered":"Equilibrador\/ecualizador de bater\u00eda de 12V 3A LiFePO4, VRLA, AGM, GEL (LBUPS-BBAL)"},"content":{"rendered":"<div class=\"gb-container gb-container-a2efb66f gb-container-wide-back-page-con\" id=\"content\">\n<div class=\"gb-grid-wrapper gb-grid-wrapper-5efcc144\">\n<div class=\"gb-grid-column gb-grid-column-6e2f42ae\"><div class=\"gb-container gb-container-6e2f42ae\" id=\"image-col\"><div class=\"gb-inside-container\">\n<figure class=\"gb-block-image gb-block-image-61e35e7d\"><img loading=\"lazy\" decoding=\"async\" width=\"855\" height=\"904\" class=\"gb-image gb-image-61e35e7d\" src=\"https:\/\/emea.dev.technetix.com\/wp-content\/uploads\/sites\/2\/2023\/11\/LBUPS-BBAL-copy.png\" alt=\"\" title=\"LBUPS-BBAL-copy\" srcset=\"https:\/\/emea.dev.technetix.com\/wp-content\/uploads\/sites\/2\/2023\/11\/LBUPS-BBAL-copy.png 855w, https:\/\/emea.dev.technetix.com\/wp-content\/uploads\/sites\/2\/2023\/11\/LBUPS-BBAL-copy-284x300.png 284w, https:\/\/emea.dev.technetix.com\/wp-content\/uploads\/sites\/2\/2023\/11\/LBUPS-BBAL-copy-768x812.png 768w, https:\/\/emea.dev.technetix.com\/wp-content\/uploads\/sites\/2\/2023\/11\/LBUPS-BBAL-copy-600x634.png 600w\" sizes=\"(max-width: 855px) 100vw, 855px\" \/><\/figure>\n<\/div><\/div><\/div>\n\n<div class=\"gb-grid-column gb-grid-column-cb46cc96\"><div class=\"gb-container gb-container-cb46cc96\" id=\"content-col\"><div class=\"gb-inside-container\">\n<h2 class=\"gb-headline gb-headline-d02c52e4 gb-headline-text\">Equilibrador\/ecualizador de bater\u00eda de 12V 3A LiFePO4, VRLA, AGM, GEL (LBUPS-BBAL)<\/h2>\n\n<p>Un ecualizador de bater\u00eda modular que funciona en serie conectado a bater\u00edas de banda ancha de 12 V para garantizar el equilibrio de voltaje. Compatible con productos qu\u00edmicos de plomo \u00e1cido, AGM, GEL y LiFeP04, y se puede utilizar con sistemas de gesti\u00f3n de bater\u00edas existentes. <\/p>\n\n<ul class=\"wp-block-list\"><li>Elimina la deriva de voltaje de la bater\u00eda durante los ciclos de carga y descarga.<\/li>\n\n<li>Un diferencial de voltaje de 1 V consumir\u00e1 una corriente de 3 A (un diferencial de 300 mV consumir\u00e1 1 A)<\/li>\n\n<li>Aumenta la salida de energ\u00eda utilizable y la eficiencia del sistema.<\/li>\n\n<li>LED indicadores de estado<\/li><\/ul>\n<\/div><\/div><\/div>\n<\/div>\n\n<div class=\"gb-container gb-container-dbeed0b8 gb-container-con-buttons-bottom\">\n<h2 class=\"gb-headline gb-headline-7ce6fa4b gb-headline-text gb-headline-head-bottom-buttons\">Enlaces de inter\u00e9s<\/h2>\n\n<div class=\"gb-button-wrapper gb-button-wrapper-5300c273 gb-button-wrapper-after-con-buttons\">\n<a class=\"gb-button gb-button-3eadfa91 gb-button-text gb-button-bottom-button\" href=\"https:\/\/emea.dev.technetix.com\/wp-content\/uploads\/sites\/2\/2023\/11\/LBUPS-BBAL_V1_DS_EN.pdf\" target=\"_blank\" rel=\"noopener noreferrer\">Ficha t\u00e9cnica<\/a>\n\n<a class=\"gb-button gb-button-74bfad52 gb-button-text gb-button-bottom-button\" href=\"https:\/\/emea.dev.technetix.com\/es\/contactenos\/\">Cont\u00e1ctenos<\/a>\n<\/div>\n<\/div>\n<\/div>","protected":false},"excerpt":{"rendered":"<p>Enlaces de inter\u00e9s<\/p>\n","protected":false},"author":21,"featured_media":0,"parent":288674,"menu_order":0,"comment_status":"closed","ping_status":"closed","template":"","meta":{"_acf_changed":false,"_gspb_post_css":"","footnotes":""},"class_list":["post-288801","page","type-page","status-publish"],"yoast_head":"<!-- This site is optimized with the Yoast SEO Premium plugin v22.5 (Yoast SEO v23.7) - https:\/\/yoast.com\/wordpress\/plugins\/seo\/ -->\n<title>Equilibrador\/ecualizador de bater\u00eda de 12V 3A LiFePO4, VRLA, AGM, GEL (LBUPS-BBAL) - Technetix EMEA<\/title>\n<meta name=\"robots\" content=\"index, follow, max-snippet:-1, max-image-preview:large, max-video-preview:-1\" \/>\n<link rel=\"canonical\" href=\"https:\/\/emea.dev.technetix.com\/es\/soluciones-de-alimentacion\/baterias-lifepo4\/equilibrador-ecualizador-de-bateria-de-12v-3a-lifepo4-vrla-agm-gel-lbups-bbal\/\" \/>\n<meta property=\"og:locale\" content=\"es_ES\" \/>\n<meta property=\"og:type\" content=\"article\" \/>\n<meta property=\"og:title\" content=\"Equilibrador\/ecualizador de bater\u00eda de 12V 3A LiFePO4, VRLA, AGM, GEL (LBUPS-BBAL) - Technetix EMEA\" \/>\n<meta property=\"og:description\" content=\"Enlaces de inter\u00e9s\" \/>\n<meta property=\"og:url\" content=\"https:\/\/emea.dev.technetix.com\/es\/soluciones-de-alimentacion\/baterias-lifepo4\/equilibrador-ecualizador-de-bateria-de-12v-3a-lifepo4-vrla-agm-gel-lbups-bbal\/\" \/>\n<meta property=\"og:site_name\" content=\"Technetix EMEA\" \/>\n<meta property=\"article:modified_time\" content=\"2024-02-27T16:23:53+00:00\" \/>\n<meta property=\"og:image\" content=\"https:\/\/emea.dev.technetix.com\/wp-content\/uploads\/sites\/2\/2023\/11\/LBUPS-BBAL-copy.png\" \/>\n<meta name=\"twitter:card\" content=\"summary_large_image\" \/>\n<meta name=\"twitter:site\" content=\"@technetixgroup\" \/>\n<meta name=\"twitter:label1\" content=\"Tiempo de lectura\" \/>\n\t<meta name=\"twitter:data1\" content=\"1 minuto\" \/>\n<script type=\"application\/ld+json\" class=\"yoast-schema-graph\">{\"@context\":\"https:\/\/schema.org\",\"@graph\":[{\"@type\":\"WebPage\",\"@id\":\"https:\/\/emea.dev.technetix.com\/es\/soluciones-de-alimentacion\/baterias-lifepo4\/equilibrador-ecualizador-de-bateria-de-12v-3a-lifepo4-vrla-agm-gel-lbups-bbal\/\",\"url\":\"https:\/\/emea.dev.technetix.com\/es\/soluciones-de-alimentacion\/baterias-lifepo4\/equilibrador-ecualizador-de-bateria-de-12v-3a-lifepo4-vrla-agm-gel-lbups-bbal\/\",\"name\":\"Equilibrador\/ecualizador de bater\u00eda de 12V 3A LiFePO4, VRLA, AGM, GEL (LBUPS-BBAL) - Technetix EMEA\",\"isPartOf\":{\"@id\":\"https:\/\/emea.dev.technetix.com\/es\/#website\"},\"primaryImageOfPage\":{\"@id\":\"https:\/\/emea.dev.technetix.com\/es\/soluciones-de-alimentacion\/baterias-lifepo4\/equilibrador-ecualizador-de-bateria-de-12v-3a-lifepo4-vrla-agm-gel-lbups-bbal\/#primaryimage\"},\"image\":{\"@id\":\"https:\/\/emea.dev.technetix.com\/es\/soluciones-de-alimentacion\/baterias-lifepo4\/equilibrador-ecualizador-de-bateria-de-12v-3a-lifepo4-vrla-agm-gel-lbups-bbal\/#primaryimage\"},\"thumbnailUrl\":\"https:\/\/emea.dev.technetix.com\/wp-content\/uploads\/sites\/2\/2023\/11\/LBUPS-BBAL-copy.png\",\"datePublished\":\"2023-11-09T10:17:03+00:00\",\"dateModified\":\"2024-02-27T16:23:53+00:00\",\"breadcrumb\":{\"@id\":\"https:\/\/emea.dev.technetix.com\/es\/soluciones-de-alimentacion\/baterias-lifepo4\/equilibrador-ecualizador-de-bateria-de-12v-3a-lifepo4-vrla-agm-gel-lbups-bbal\/#breadcrumb\"},\"inLanguage\":\"es\",\"potentialAction\":[{\"@type\":\"ReadAction\",\"target\":[\"https:\/\/emea.dev.technetix.com\/es\/soluciones-de-alimentacion\/baterias-lifepo4\/equilibrador-ecualizador-de-bateria-de-12v-3a-lifepo4-vrla-agm-gel-lbups-bbal\/\"]}]},{\"@type\":\"ImageObject\",\"inLanguage\":\"es\",\"@id\":\"https:\/\/emea.dev.technetix.com\/es\/soluciones-de-alimentacion\/baterias-lifepo4\/equilibrador-ecualizador-de-bateria-de-12v-3a-lifepo4-vrla-agm-gel-lbups-bbal\/#primaryimage\",\"url\":\"https:\/\/emea.dev.technetix.com\/wp-content\/uploads\/sites\/2\/2023\/11\/LBUPS-BBAL-copy.png\",\"contentUrl\":\"https:\/\/emea.dev.technetix.com\/wp-content\/uploads\/sites\/2\/2023\/11\/LBUPS-BBAL-copy.png\"},{\"@type\":\"BreadcrumbList\",\"@id\":\"https:\/\/emea.dev.technetix.com\/es\/soluciones-de-alimentacion\/baterias-lifepo4\/equilibrador-ecualizador-de-bateria-de-12v-3a-lifepo4-vrla-agm-gel-lbups-bbal\/#breadcrumb\",\"itemListElement\":[{\"@type\":\"ListItem\",\"position\":1,\"name\":\"Home\",\"item\":\"https:\/\/emea.dev.technetix.com\/es\/\"},{\"@type\":\"ListItem\",\"position\":2,\"name\":\"Soluciones de Alimentaci\u00f3n\",\"item\":\"https:\/\/emea.dev.technetix.com\/es\/soluciones-de-alimentacion\/\"},{\"@type\":\"ListItem\",\"position\":3,\"name\":\"Bater\u00edas LiFePO4\",\"item\":\"https:\/\/emea.dev.technetix.com\/es\/soluciones-de-alimentacion\/baterias-lifepo4\/\"},{\"@type\":\"ListItem\",\"position\":4,\"name\":\"Equilibrador\/ecualizador de bater\u00eda de 12V 3A LiFePO4, VRLA, AGM, GEL (LBUPS-BBAL)\"}]},{\"@type\":\"WebSite\",\"@id\":\"https:\/\/emea.dev.technetix.com\/es\/#website\",\"url\":\"https:\/\/emea.dev.technetix.com\/es\/\",\"name\":\"Technetix\",\"description\":\"Next-generation broadband equipment engineering\",\"publisher\":{\"@id\":\"https:\/\/emea.dev.technetix.com\/es\/#organization\"},\"potentialAction\":[{\"@type\":\"SearchAction\",\"target\":{\"@type\":\"EntryPoint\",\"urlTemplate\":\"https:\/\/emea.dev.technetix.com\/es\/?s={search_term_string}\"},\"query-input\":{\"@type\":\"PropertyValueSpecification\",\"valueRequired\":true,\"valueName\":\"search_term_string\"}}],\"inLanguage\":\"es\"},{\"@type\":\"Organization\",\"@id\":\"https:\/\/emea.dev.technetix.com\/es\/#organization\",\"name\":\"Technetix\",\"url\":\"https:\/\/emea.dev.technetix.com\/es\/\",\"logo\":{\"@type\":\"ImageObject\",\"inLanguage\":\"es\",\"@id\":\"https:\/\/emea.dev.technetix.com\/es\/#\/schema\/logo\/image\/\",\"url\":\"https:\/\/emea.dev.technetix.com\/wp-content\/uploads\/sites\/2\/2023\/06\/logo-Technetix-1000x1000-1.png\",\"contentUrl\":\"https:\/\/emea.dev.technetix.com\/wp-content\/uploads\/sites\/2\/2023\/06\/logo-Technetix-1000x1000-1.png\",\"width\":1000,\"height\":1000,\"caption\":\"Technetix\"},\"image\":{\"@id\":\"https:\/\/emea.dev.technetix.com\/es\/#\/schema\/logo\/image\/\"},\"sameAs\":[\"https:\/\/x.com\/technetixgroup\",\"https:\/\/www.linkedin.com\/company\/technetix\/\",\"https:\/\/www.youtube.com\/c\/Technetix-group\"]}]}<\/script>\n<!-- \/ Yoast SEO Premium plugin. -->","yoast_head_json":{"title":"Equilibrador\/ecualizador de bater\u00eda de 12V 3A LiFePO4, VRLA, AGM, GEL (LBUPS-BBAL) - Technetix EMEA","robots":{"index":"index","follow":"follow","max-snippet":"max-snippet:-1","max-image-preview":"max-image-preview:large","max-video-preview":"max-video-preview:-1"},"canonical":"https:\/\/emea.dev.technetix.com\/es\/soluciones-de-alimentacion\/baterias-lifepo4\/equilibrador-ecualizador-de-bateria-de-12v-3a-lifepo4-vrla-agm-gel-lbups-bbal\/","og_locale":"es_ES","og_type":"article","og_title":"Equilibrador\/ecualizador de bater\u00eda de 12V 3A LiFePO4, VRLA, AGM, GEL (LBUPS-BBAL) - Technetix EMEA","og_description":"Enlaces de inter\u00e9s","og_url":"https:\/\/emea.dev.technetix.com\/es\/soluciones-de-alimentacion\/baterias-lifepo4\/equilibrador-ecualizador-de-bateria-de-12v-3a-lifepo4-vrla-agm-gel-lbups-bbal\/","og_site_name":"Technetix EMEA","article_modified_time":"2024-02-27T16:23:53+00:00","og_image":[{"url":"https:\/\/emea.dev.technetix.com\/wp-content\/uploads\/sites\/2\/2023\/11\/LBUPS-BBAL-copy.png"}],"twitter_card":"summary_large_image","twitter_site":"@technetixgroup","twitter_misc":{"Tiempo de lectura":"1 minuto"},"schema":{"@context":"https:\/\/schema.org","@graph":[{"@type":"WebPage","@id":"https:\/\/emea.dev.technetix.com\/es\/soluciones-de-alimentacion\/baterias-lifepo4\/equilibrador-ecualizador-de-bateria-de-12v-3a-lifepo4-vrla-agm-gel-lbups-bbal\/","url":"https:\/\/emea.dev.technetix.com\/es\/soluciones-de-alimentacion\/baterias-lifepo4\/equilibrador-ecualizador-de-bateria-de-12v-3a-lifepo4-vrla-agm-gel-lbups-bbal\/","name":"Equilibrador\/ecualizador de bater\u00eda de 12V 3A LiFePO4, VRLA, AGM, GEL (LBUPS-BBAL) - Technetix EMEA","isPartOf":{"@id":"https:\/\/emea.dev.technetix.com\/es\/#website"},"primaryImageOfPage":{"@id":"https:\/\/emea.dev.technetix.com\/es\/soluciones-de-alimentacion\/baterias-lifepo4\/equilibrador-ecualizador-de-bateria-de-12v-3a-lifepo4-vrla-agm-gel-lbups-bbal\/#primaryimage"},"image":{"@id":"https:\/\/emea.dev.technetix.com\/es\/soluciones-de-alimentacion\/baterias-lifepo4\/equilibrador-ecualizador-de-bateria-de-12v-3a-lifepo4-vrla-agm-gel-lbups-bbal\/#primaryimage"},"thumbnailUrl":"https:\/\/emea.dev.technetix.com\/wp-content\/uploads\/sites\/2\/2023\/11\/LBUPS-BBAL-copy.png","datePublished":"2023-11-09T10:17:03+00:00","dateModified":"2024-02-27T16:23:53+00:00","breadcrumb":{"@id":"https:\/\/emea.dev.technetix.com\/es\/soluciones-de-alimentacion\/baterias-lifepo4\/equilibrador-ecualizador-de-bateria-de-12v-3a-lifepo4-vrla-agm-gel-lbups-bbal\/#breadcrumb"},"inLanguage":"es","potentialAction":[{"@type":"ReadAction","target":["https:\/\/emea.dev.technetix.com\/es\/soluciones-de-alimentacion\/baterias-lifepo4\/equilibrador-ecualizador-de-bateria-de-12v-3a-lifepo4-vrla-agm-gel-lbups-bbal\/"]}]},{"@type":"ImageObject","inLanguage":"es","@id":"https:\/\/emea.dev.technetix.com\/es\/soluciones-de-alimentacion\/baterias-lifepo4\/equilibrador-ecualizador-de-bateria-de-12v-3a-lifepo4-vrla-agm-gel-lbups-bbal\/#primaryimage","url":"https:\/\/emea.dev.technetix.com\/wp-content\/uploads\/sites\/2\/2023\/11\/LBUPS-BBAL-copy.png","contentUrl":"https:\/\/emea.dev.technetix.com\/wp-content\/uploads\/sites\/2\/2023\/11\/LBUPS-BBAL-copy.png"},{"@type":"BreadcrumbList","@id":"https:\/\/emea.dev.technetix.com\/es\/soluciones-de-alimentacion\/baterias-lifepo4\/equilibrador-ecualizador-de-bateria-de-12v-3a-lifepo4-vrla-agm-gel-lbups-bbal\/#breadcrumb","itemListElement":[{"@type":"ListItem","position":1,"name":"Home","item":"https:\/\/emea.dev.technetix.com\/es\/"},{"@type":"ListItem","position":2,"name":"Soluciones de Alimentaci\u00f3n","item":"https:\/\/emea.dev.technetix.com\/es\/soluciones-de-alimentacion\/"},{"@type":"ListItem","position":3,"name":"Bater\u00edas LiFePO4","item":"https:\/\/emea.dev.technetix.com\/es\/soluciones-de-alimentacion\/baterias-lifepo4\/"},{"@type":"ListItem","position":4,"name":"Equilibrador\/ecualizador de bater\u00eda de 12V 3A LiFePO4, VRLA, AGM, GEL (LBUPS-BBAL)"}]},{"@type":"WebSite","@id":"https:\/\/emea.dev.technetix.com\/es\/#website","url":"https:\/\/emea.dev.technetix.com\/es\/","name":"Technetix","description":"Next-generation broadband equipment engineering","publisher":{"@id":"https:\/\/emea.dev.technetix.com\/es\/#organization"},"potentialAction":[{"@type":"SearchAction","target":{"@type":"EntryPoint","urlTemplate":"https:\/\/emea.dev.technetix.com\/es\/?s={search_term_string}"},"query-input":{"@type":"PropertyValueSpecification","valueRequired":true,"valueName":"search_term_string"}}],"inLanguage":"es"},{"@type":"Organization","@id":"https:\/\/emea.dev.technetix.com\/es\/#organization","name":"Technetix","url":"https:\/\/emea.dev.technetix.com\/es\/","logo":{"@type":"ImageObject","inLanguage":"es","@id":"https:\/\/emea.dev.technetix.com\/es\/#\/schema\/logo\/image\/","url":"https:\/\/emea.dev.technetix.com\/wp-content\/uploads\/sites\/2\/2023\/06\/logo-Technetix-1000x1000-1.png","contentUrl":"https:\/\/emea.dev.technetix.com\/wp-content\/uploads\/sites\/2\/2023\/06\/logo-Technetix-1000x1000-1.png","width":1000,"height":1000,"caption":"Technetix"},"image":{"@id":"https:\/\/emea.dev.technetix.com\/es\/#\/schema\/logo\/image\/"},"sameAs":["https:\/\/x.com\/technetixgroup","https:\/\/www.linkedin.com\/company\/technetix\/","https:\/\/www.youtube.com\/c\/Technetix-group"]}]}},"acf":[],"publishpress_future_workflow_manual_trigger":{"enabledWorkflows":[]},"_links":{"self":[{"href":"https:\/\/emea.dev.technetix.com\/es\/wp-json\/wp\/v2\/pages\/288801"}],"collection":[{"href":"https:\/\/emea.dev.technetix.com\/es\/wp-json\/wp\/v2\/pages"}],"about":[{"href":"https:\/\/emea.dev.technetix.com\/es\/wp-json\/wp\/v2\/types\/page"}],"author":[{"embeddable":true,"href":"https:\/\/emea.dev.technetix.com\/es\/wp-json\/wp\/v2\/users\/21"}],"replies":[{"embeddable":true,"href":"https:\/\/emea.dev.technetix.com\/es\/wp-json\/wp\/v2\/comments?post=288801"}],"version-history":[{"count":1,"href":"https:\/\/emea.dev.technetix.com\/es\/wp-json\/wp\/v2\/pages\/288801\/revisions"}],"predecessor-version":[{"id":288802,"href":"https:\/\/emea.dev.technetix.com\/es\/wp-json\/wp\/v2\/pages\/288801\/revisions\/288802"}],"up":[{"embeddable":true,"href":"https:\/\/emea.dev.technetix.com\/es\/wp-json\/wp\/v2\/pages\/288674"}],"wp:attachment":[{"href":"https:\/\/emea.dev.technetix.com\/es\/wp-json\/wp\/v2\/media?parent=288801"}],"curies":[{"name":"wp","href":"https:\/\/api.w.org\/{rel}","templated":true}]}}