{"id":288707,"date":"2024-01-30T11:41:03","date_gmt":"2024-01-30T11:41:03","guid":{"rendered":"https:\/\/emea.dev.technetix.com\/bateria-lifep04-de-12-vdc-344-ah-lblifep04-12v344ah\/"},"modified":"2024-06-07T14:39:01","modified_gmt":"2024-06-07T14:39:01","slug":"bateria-lifep04-de-12-vdc-100-ah-lblifep04-12v100ah","status":"publish","type":"page","link":"https:\/\/emea.dev.technetix.com\/es\/soluciones-de-alimentacion\/baterias-lifepo4\/bateria-lifep04-de-12-vdc-100-ah-lblifep04-12v100ah\/","title":{"rendered":"Bater\u00eda LiFeP04 de 12 VDC, 100 Ah (LBLIFEP04-12V100AH)"},"content":{"rendered":"<div class=\"gb-container gb-container-a2efb66f gb-container-wide-back-page-con\" id=\"content\">\n<div class=\"gb-grid-wrapper gb-grid-wrapper-5efcc144\">\n<div class=\"gb-grid-column gb-grid-column-6e2f42ae\"><div class=\"gb-container gb-container-6e2f42ae\" id=\"image-col\"><div class=\"gb-inside-container\">\n<figure class=\"gb-block-image gb-block-image-61e35e7d\"><img loading=\"lazy\" decoding=\"async\" width=\"1000\" height=\"500\" class=\"gb-image gb-image-61e35e7d\" src=\"https:\/\/emea.dev.technetix.com\/wp-content\/uploads\/sites\/2\/2024\/06\/19204264_LBLIFE-P04-12V-100AH_PRFL_01-1.png\" alt=\"Image of LBLIFE P04 12V 100AH\" title=\"19204264_LBLIFE-P04-12V-100AH_PRFL_01\" srcset=\"https:\/\/emea.dev.technetix.com\/wp-content\/uploads\/sites\/2\/2024\/06\/19204264_LBLIFE-P04-12V-100AH_PRFL_01-1.png 1000w, https:\/\/emea.dev.technetix.com\/wp-content\/uploads\/sites\/2\/2024\/06\/19204264_LBLIFE-P04-12V-100AH_PRFL_01-1-300x150.png 300w, https:\/\/emea.dev.technetix.com\/wp-content\/uploads\/sites\/2\/2024\/06\/19204264_LBLIFE-P04-12V-100AH_PRFL_01-1-768x384.png 768w, https:\/\/emea.dev.technetix.com\/wp-content\/uploads\/sites\/2\/2024\/06\/19204264_LBLIFE-P04-12V-100AH_PRFL_01-1-600x300.png 600w\" sizes=\"(max-width: 1000px) 100vw, 1000px\" \/><\/figure>\n<\/div><\/div><\/div>\n\n<div class=\"gb-grid-column gb-grid-column-cb46cc96\"><div class=\"gb-container gb-container-cb46cc96\" id=\"content-col\"><div class=\"gb-inside-container\">\n<h2 class=\"gb-headline gb-headline-de5f9b1e gb-headline-text\">Bater\u00eda LiFeP04 de 12 VDC, 100 Ah (LBLIFEP04-12V100AH)<\/h2>\n\n<p>Una bater\u00eda de banda ancha de fosfato de hierro y litio de alta densidad para aplicaciones de alimentaci\u00f3n en espera. Una bater\u00eda de capacidad ultra-alta ofrece un rendimiento superior para una alimentaci\u00f3n limpia y sostenible para el suministro de energ\u00eda de reserva de la red HFC. La densidad de energ\u00eda extremadamente alta con hasta un 90 % de DoD proporciona tiempos de ejecuci\u00f3n m\u00e1s prolongados y una confiabilidad de red mejorada con poco o ning\u00fan mantenimiento.  <\/p>\n\n<ul class=\"wp-block-list\"><li>BMS avanzado con conectividad Bluetooth<\/li>\n\n<li>100 % reciclable y no contiene plomo, mercurio, cadmio, cobalto ni metales de tierras raras que contaminen las aguas subterr\u00e1neas.<\/li>\n\n<li>No hay gases \u00e1cidos nocivos ni hidr\u00f3geno explosivo presentes en las bater\u00edas de plomo-\u00e1cido<\/li>\n\n<li>Tiempo de carga 4 veces m\u00e1s r\u00e1pido en comparaci\u00f3n con VRLA y efecto m\u00ednimo en la vida \u00fatil de la bater\u00eda debido a altas tasas de descarga<\/li>\n\n<li>No se requiere carga flotante: reduce el uso de energ\u00eda operativa<\/li><\/ul>\n<\/div><\/div><\/div>\n<\/div>\n<\/div><div class=\"gb-container gb-container-e4a86c09 gb-container-con-buttons-bottom\" id=\"buttons\">\n<div class=\"gb-container gb-container-dbeed0b8 gb-container-con-buttons-bottom\">\n<h2 class=\"gb-headline gb-headline-c57984e3 gb-headline-text gb-headline-head-bottom-buttons\">Enlaces de inter\u00e9s<\/h2>\n\n<div class=\"gb-button-wrapper gb-button-wrapper-1c7dbdfd gb-button-wrapper-after-con-buttons\">\n<a class=\"gb-button gb-button-3eadfa91 gb-button-text gb-button-bottom-button\" href=\"https:\/\/emea.dev.technetix.com\/wp-content\/uploads\/sites\/2\/2024\/01\/LBLIFEPO4-12V344AH_V1_DS_EN.pdf\" target=\"_blank\" rel=\"noopener noreferrer\">Ficha t\u00e9cnica<\/a>\n\n<a class=\"gb-button gb-button-74bfad52 gb-button-text gb-button-bottom-button\" href=\"https:\/\/emea.dev.technetix.com\/es\/contactenos\/\">Cont\u00e1ctenos<\/a>\n<\/div>\n<\/div>\n<\/div>","protected":false},"excerpt":{"rendered":"<p>Enlaces de inter\u00e9s<\/p>\n","protected":false},"author":21,"featured_media":0,"parent":288674,"menu_order":0,"comment_status":"closed","ping_status":"closed","template":"","meta":{"_acf_changed":false,"_gspb_post_css":"","footnotes":""},"class_list":["post-288707","page","type-page","status-publish"],"yoast_head":"<!-- This site is optimized with the Yoast SEO Premium plugin v22.5 (Yoast SEO v23.7) - https:\/\/yoast.com\/wordpress\/plugins\/seo\/ -->\n<title>Bater\u00eda LiFeP04 de 12 VDC, 100 Ah (LBLIFEP04-12V100AH) - Technetix EMEA<\/title>\n<meta name=\"robots\" content=\"index, follow, max-snippet:-1, max-image-preview:large, max-video-preview:-1\" \/>\n<link rel=\"canonical\" href=\"https:\/\/emea.dev.technetix.com\/es\/soluciones-de-alimentacion\/baterias-lifepo4\/bateria-lifep04-de-12-vdc-100-ah-lblifep04-12v100ah\/\" \/>\n<meta property=\"og:locale\" content=\"es_ES\" \/>\n<meta property=\"og:type\" content=\"article\" \/>\n<meta property=\"og:title\" content=\"Bater\u00eda LiFeP04 de 12 VDC, 100 Ah (LBLIFEP04-12V100AH) - Technetix EMEA\" \/>\n<meta property=\"og:description\" content=\"Enlaces de inter\u00e9s\" \/>\n<meta property=\"og:url\" content=\"https:\/\/emea.dev.technetix.com\/es\/soluciones-de-alimentacion\/baterias-lifepo4\/bateria-lifep04-de-12-vdc-100-ah-lblifep04-12v100ah\/\" \/>\n<meta property=\"og:site_name\" content=\"Technetix EMEA\" \/>\n<meta property=\"article:modified_time\" content=\"2024-06-07T14:39:01+00:00\" \/>\n<meta property=\"og:image\" content=\"https:\/\/emea.dev.technetix.com\/wp-content\/uploads\/sites\/2\/2024\/06\/19204264_LBLIFE-P04-12V-100AH_PRFL_01-1.png\" \/>\n<meta name=\"twitter:card\" content=\"summary_large_image\" \/>\n<meta name=\"twitter:site\" content=\"@technetixgroup\" \/>\n<meta name=\"twitter:label1\" content=\"Tiempo de lectura\" \/>\n\t<meta name=\"twitter:data1\" content=\"1 minuto\" \/>\n<script type=\"application\/ld+json\" class=\"yoast-schema-graph\">{\"@context\":\"https:\/\/schema.org\",\"@graph\":[{\"@type\":\"WebPage\",\"@id\":\"https:\/\/emea.dev.technetix.com\/es\/soluciones-de-alimentacion\/baterias-lifepo4\/bateria-lifep04-de-12-vdc-100-ah-lblifep04-12v100ah\/\",\"url\":\"https:\/\/emea.dev.technetix.com\/es\/soluciones-de-alimentacion\/baterias-lifepo4\/bateria-lifep04-de-12-vdc-100-ah-lblifep04-12v100ah\/\",\"name\":\"Bater\u00eda LiFeP04 de 12 VDC, 100 Ah (LBLIFEP04-12V100AH) - Technetix EMEA\",\"isPartOf\":{\"@id\":\"https:\/\/emea.dev.technetix.com\/es\/#website\"},\"primaryImageOfPage\":{\"@id\":\"https:\/\/emea.dev.technetix.com\/es\/soluciones-de-alimentacion\/baterias-lifepo4\/bateria-lifep04-de-12-vdc-100-ah-lblifep04-12v100ah\/#primaryimage\"},\"image\":{\"@id\":\"https:\/\/emea.dev.technetix.com\/es\/soluciones-de-alimentacion\/baterias-lifepo4\/bateria-lifep04-de-12-vdc-100-ah-lblifep04-12v100ah\/#primaryimage\"},\"thumbnailUrl\":\"https:\/\/emea.dev.technetix.com\/wp-content\/uploads\/sites\/2\/2024\/06\/19204264_LBLIFE-P04-12V-100AH_PRFL_01-1.png\",\"datePublished\":\"2024-01-30T11:41:03+00:00\",\"dateModified\":\"2024-06-07T14:39:01+00:00\",\"breadcrumb\":{\"@id\":\"https:\/\/emea.dev.technetix.com\/es\/soluciones-de-alimentacion\/baterias-lifepo4\/bateria-lifep04-de-12-vdc-100-ah-lblifep04-12v100ah\/#breadcrumb\"},\"inLanguage\":\"es\",\"potentialAction\":[{\"@type\":\"ReadAction\",\"target\":[\"https:\/\/emea.dev.technetix.com\/es\/soluciones-de-alimentacion\/baterias-lifepo4\/bateria-lifep04-de-12-vdc-100-ah-lblifep04-12v100ah\/\"]}]},{\"@type\":\"ImageObject\",\"inLanguage\":\"es\",\"@id\":\"https:\/\/emea.dev.technetix.com\/es\/soluciones-de-alimentacion\/baterias-lifepo4\/bateria-lifep04-de-12-vdc-100-ah-lblifep04-12v100ah\/#primaryimage\",\"url\":\"https:\/\/emea.dev.technetix.com\/wp-content\/uploads\/sites\/2\/2024\/06\/19204264_LBLIFE-P04-12V-100AH_PRFL_01-1.png\",\"contentUrl\":\"https:\/\/emea.dev.technetix.com\/wp-content\/uploads\/sites\/2\/2024\/06\/19204264_LBLIFE-P04-12V-100AH_PRFL_01-1.png\"},{\"@type\":\"BreadcrumbList\",\"@id\":\"https:\/\/emea.dev.technetix.com\/es\/soluciones-de-alimentacion\/baterias-lifepo4\/bateria-lifep04-de-12-vdc-100-ah-lblifep04-12v100ah\/#breadcrumb\",\"itemListElement\":[{\"@type\":\"ListItem\",\"position\":1,\"name\":\"Home\",\"item\":\"https:\/\/emea.dev.technetix.com\/es\/\"},{\"@type\":\"ListItem\",\"position\":2,\"name\":\"Soluciones de Alimentaci\u00f3n\",\"item\":\"https:\/\/emea.dev.technetix.com\/es\/soluciones-de-alimentacion\/\"},{\"@type\":\"ListItem\",\"position\":3,\"name\":\"Bater\u00edas LiFePO4\",\"item\":\"https:\/\/emea.dev.technetix.com\/es\/soluciones-de-alimentacion\/baterias-lifepo4\/\"},{\"@type\":\"ListItem\",\"position\":4,\"name\":\"Bater\u00eda LiFeP04 de 12 VDC, 100 Ah (LBLIFEP04-12V100AH)\"}]},{\"@type\":\"WebSite\",\"@id\":\"https:\/\/emea.dev.technetix.com\/es\/#website\",\"url\":\"https:\/\/emea.dev.technetix.com\/es\/\",\"name\":\"Technetix\",\"description\":\"Next-generation broadband equipment engineering\",\"publisher\":{\"@id\":\"https:\/\/emea.dev.technetix.com\/es\/#organization\"},\"potentialAction\":[{\"@type\":\"SearchAction\",\"target\":{\"@type\":\"EntryPoint\",\"urlTemplate\":\"https:\/\/emea.dev.technetix.com\/es\/?s={search_term_string}\"},\"query-input\":{\"@type\":\"PropertyValueSpecification\",\"valueRequired\":true,\"valueName\":\"search_term_string\"}}],\"inLanguage\":\"es\"},{\"@type\":\"Organization\",\"@id\":\"https:\/\/emea.dev.technetix.com\/es\/#organization\",\"name\":\"Technetix\",\"url\":\"https:\/\/emea.dev.technetix.com\/es\/\",\"logo\":{\"@type\":\"ImageObject\",\"inLanguage\":\"es\",\"@id\":\"https:\/\/emea.dev.technetix.com\/es\/#\/schema\/logo\/image\/\",\"url\":\"https:\/\/emea.dev.technetix.com\/wp-content\/uploads\/sites\/2\/2023\/06\/logo-Technetix-1000x1000-1.png\",\"contentUrl\":\"https:\/\/emea.dev.technetix.com\/wp-content\/uploads\/sites\/2\/2023\/06\/logo-Technetix-1000x1000-1.png\",\"width\":1000,\"height\":1000,\"caption\":\"Technetix\"},\"image\":{\"@id\":\"https:\/\/emea.dev.technetix.com\/es\/#\/schema\/logo\/image\/\"},\"sameAs\":[\"https:\/\/x.com\/technetixgroup\",\"https:\/\/www.linkedin.com\/company\/technetix\/\",\"https:\/\/www.youtube.com\/c\/Technetix-group\"]}]}<\/script>\n<!-- \/ Yoast SEO Premium plugin. -->","yoast_head_json":{"title":"Bater\u00eda LiFeP04 de 12 VDC, 100 Ah (LBLIFEP04-12V100AH) - Technetix EMEA","robots":{"index":"index","follow":"follow","max-snippet":"max-snippet:-1","max-image-preview":"max-image-preview:large","max-video-preview":"max-video-preview:-1"},"canonical":"https:\/\/emea.dev.technetix.com\/es\/soluciones-de-alimentacion\/baterias-lifepo4\/bateria-lifep04-de-12-vdc-100-ah-lblifep04-12v100ah\/","og_locale":"es_ES","og_type":"article","og_title":"Bater\u00eda LiFeP04 de 12 VDC, 100 Ah (LBLIFEP04-12V100AH) - Technetix EMEA","og_description":"Enlaces de inter\u00e9s","og_url":"https:\/\/emea.dev.technetix.com\/es\/soluciones-de-alimentacion\/baterias-lifepo4\/bateria-lifep04-de-12-vdc-100-ah-lblifep04-12v100ah\/","og_site_name":"Technetix EMEA","article_modified_time":"2024-06-07T14:39:01+00:00","og_image":[{"url":"https:\/\/emea.dev.technetix.com\/wp-content\/uploads\/sites\/2\/2024\/06\/19204264_LBLIFE-P04-12V-100AH_PRFL_01-1.png"}],"twitter_card":"summary_large_image","twitter_site":"@technetixgroup","twitter_misc":{"Tiempo de lectura":"1 minuto"},"schema":{"@context":"https:\/\/schema.org","@graph":[{"@type":"WebPage","@id":"https:\/\/emea.dev.technetix.com\/es\/soluciones-de-alimentacion\/baterias-lifepo4\/bateria-lifep04-de-12-vdc-100-ah-lblifep04-12v100ah\/","url":"https:\/\/emea.dev.technetix.com\/es\/soluciones-de-alimentacion\/baterias-lifepo4\/bateria-lifep04-de-12-vdc-100-ah-lblifep04-12v100ah\/","name":"Bater\u00eda LiFeP04 de 12 VDC, 100 Ah (LBLIFEP04-12V100AH) - Technetix EMEA","isPartOf":{"@id":"https:\/\/emea.dev.technetix.com\/es\/#website"},"primaryImageOfPage":{"@id":"https:\/\/emea.dev.technetix.com\/es\/soluciones-de-alimentacion\/baterias-lifepo4\/bateria-lifep04-de-12-vdc-100-ah-lblifep04-12v100ah\/#primaryimage"},"image":{"@id":"https:\/\/emea.dev.technetix.com\/es\/soluciones-de-alimentacion\/baterias-lifepo4\/bateria-lifep04-de-12-vdc-100-ah-lblifep04-12v100ah\/#primaryimage"},"thumbnailUrl":"https:\/\/emea.dev.technetix.com\/wp-content\/uploads\/sites\/2\/2024\/06\/19204264_LBLIFE-P04-12V-100AH_PRFL_01-1.png","datePublished":"2024-01-30T11:41:03+00:00","dateModified":"2024-06-07T14:39:01+00:00","breadcrumb":{"@id":"https:\/\/emea.dev.technetix.com\/es\/soluciones-de-alimentacion\/baterias-lifepo4\/bateria-lifep04-de-12-vdc-100-ah-lblifep04-12v100ah\/#breadcrumb"},"inLanguage":"es","potentialAction":[{"@type":"ReadAction","target":["https:\/\/emea.dev.technetix.com\/es\/soluciones-de-alimentacion\/baterias-lifepo4\/bateria-lifep04-de-12-vdc-100-ah-lblifep04-12v100ah\/"]}]},{"@type":"ImageObject","inLanguage":"es","@id":"https:\/\/emea.dev.technetix.com\/es\/soluciones-de-alimentacion\/baterias-lifepo4\/bateria-lifep04-de-12-vdc-100-ah-lblifep04-12v100ah\/#primaryimage","url":"https:\/\/emea.dev.technetix.com\/wp-content\/uploads\/sites\/2\/2024\/06\/19204264_LBLIFE-P04-12V-100AH_PRFL_01-1.png","contentUrl":"https:\/\/emea.dev.technetix.com\/wp-content\/uploads\/sites\/2\/2024\/06\/19204264_LBLIFE-P04-12V-100AH_PRFL_01-1.png"},{"@type":"BreadcrumbList","@id":"https:\/\/emea.dev.technetix.com\/es\/soluciones-de-alimentacion\/baterias-lifepo4\/bateria-lifep04-de-12-vdc-100-ah-lblifep04-12v100ah\/#breadcrumb","itemListElement":[{"@type":"ListItem","position":1,"name":"Home","item":"https:\/\/emea.dev.technetix.com\/es\/"},{"@type":"ListItem","position":2,"name":"Soluciones de Alimentaci\u00f3n","item":"https:\/\/emea.dev.technetix.com\/es\/soluciones-de-alimentacion\/"},{"@type":"ListItem","position":3,"name":"Bater\u00edas LiFePO4","item":"https:\/\/emea.dev.technetix.com\/es\/soluciones-de-alimentacion\/baterias-lifepo4\/"},{"@type":"ListItem","position":4,"name":"Bater\u00eda LiFeP04 de 12 VDC, 100 Ah (LBLIFEP04-12V100AH)"}]},{"@type":"WebSite","@id":"https:\/\/emea.dev.technetix.com\/es\/#website","url":"https:\/\/emea.dev.technetix.com\/es\/","name":"Technetix","description":"Next-generation broadband equipment engineering","publisher":{"@id":"https:\/\/emea.dev.technetix.com\/es\/#organization"},"potentialAction":[{"@type":"SearchAction","target":{"@type":"EntryPoint","urlTemplate":"https:\/\/emea.dev.technetix.com\/es\/?s={search_term_string}"},"query-input":{"@type":"PropertyValueSpecification","valueRequired":true,"valueName":"search_term_string"}}],"inLanguage":"es"},{"@type":"Organization","@id":"https:\/\/emea.dev.technetix.com\/es\/#organization","name":"Technetix","url":"https:\/\/emea.dev.technetix.com\/es\/","logo":{"@type":"ImageObject","inLanguage":"es","@id":"https:\/\/emea.dev.technetix.com\/es\/#\/schema\/logo\/image\/","url":"https:\/\/emea.dev.technetix.com\/wp-content\/uploads\/sites\/2\/2023\/06\/logo-Technetix-1000x1000-1.png","contentUrl":"https:\/\/emea.dev.technetix.com\/wp-content\/uploads\/sites\/2\/2023\/06\/logo-Technetix-1000x1000-1.png","width":1000,"height":1000,"caption":"Technetix"},"image":{"@id":"https:\/\/emea.dev.technetix.com\/es\/#\/schema\/logo\/image\/"},"sameAs":["https:\/\/x.com\/technetixgroup","https:\/\/www.linkedin.com\/company\/technetix\/","https:\/\/www.youtube.com\/c\/Technetix-group"]}]}},"acf":[],"publishpress_future_workflow_manual_trigger":{"enabledWorkflows":[]},"_links":{"self":[{"href":"https:\/\/emea.dev.technetix.com\/es\/wp-json\/wp\/v2\/pages\/288707"}],"collection":[{"href":"https:\/\/emea.dev.technetix.com\/es\/wp-json\/wp\/v2\/pages"}],"about":[{"href":"https:\/\/emea.dev.technetix.com\/es\/wp-json\/wp\/v2\/types\/page"}],"author":[{"embeddable":true,"href":"https:\/\/emea.dev.technetix.com\/es\/wp-json\/wp\/v2\/users\/21"}],"replies":[{"embeddable":true,"href":"https:\/\/emea.dev.technetix.com\/es\/wp-json\/wp\/v2\/comments?post=288707"}],"version-history":[{"count":2,"href":"https:\/\/emea.dev.technetix.com\/es\/wp-json\/wp\/v2\/pages\/288707\/revisions"}],"predecessor-version":[{"id":428629,"href":"https:\/\/emea.dev.technetix.com\/es\/wp-json\/wp\/v2\/pages\/288707\/revisions\/428629"}],"up":[{"embeddable":true,"href":"https:\/\/emea.dev.technetix.com\/es\/wp-json\/wp\/v2\/pages\/288674"}],"wp:attachment":[{"href":"https:\/\/emea.dev.technetix.com\/es\/wp-json\/wp\/v2\/media?parent=288707"}],"curies":[{"name":"wp","href":"https:\/\/api.w.org\/{rel}","templated":true}]}}