{"id":288482,"date":"2023-11-08T08:47:46","date_gmt":"2023-11-08T08:47:46","guid":{"rendered":"https:\/\/emea.dev.technetix.com\/redes-fttx\/soluciones-de-terminacion-de-suscriptores\/"},"modified":"2024-02-27T11:24:04","modified_gmt":"2024-02-27T11:24:04","slug":"soluciones-de-terminacion-de-suscriptores","status":"publish","type":"page","link":"https:\/\/emea.dev.technetix.com\/es\/redes-fttx\/soluciones-de-terminacion-de-suscriptores\/","title":{"rendered":"Soluciones de terminaci\u00f3n de suscriptores"},"content":{"rendered":"<div class=\"gb-container gb-container-3143f3aa\">\n<div class=\"gb-container gb-container-6741be28 gb-container-con-centered-header\" id=\"intro\">\n<div style=\"height:18px\" aria-hidden=\"true\" class=\"wp-block-spacer\"><\/div>\n\n<h1 class=\"gb-headline gb-headline-36badbb1 gb-headline-text\">Soluciones de terminaci\u00f3n de suscriptores<\/h1>\n\n<h2 class=\"gb-headline gb-headline-d02c52e4 gb-headline-text\">Cierres de terminaci\u00f3n para hogares, oficinas y negocios o aplicaciones MDU<\/h2>\n<\/div>\n<\/div><div style=\"height:23px\" aria-hidden=\"true\" class=\"wp-block-spacer\"><\/div><div class=\"gb-container gb-container-3070dded gb-container-wide-back-page-con\" id=\"cards\">\n<div class=\"gb-grid-wrapper gb-grid-wrapper-63f98df4\">\n<div class=\"gb-grid-column gb-grid-column-8ed9d04b\"><div class=\"gb-container gb-container-8ed9d04b image-link-block\" id=\"no-button\"><a class=\"gb-container-link\" href=\"https:\/\/emea.dev.technetix.com\/fttx-networks\/subscriber-termination-solutions\/ftb-max\/\"><\/a><div class=\"gb-inside-container\">\n<div class=\"gb-container gb-container-2d8eb328\"><div class=\"gb-inside-container\">\n<figure class=\"gb-block-image gb-block-image-fa7af91e\"><img loading=\"lazy\" decoding=\"async\" width=\"1000\" height=\"500\" class=\"gb-image gb-image-fa7af91e\" src=\"https:\/\/emea.dev.technetix.com\/wp-content\/uploads\/sites\/2\/2023\/12\/5000x2500px-tiles_0012_FTB-MAX.png\" alt=\"\" title=\"5000x2500px-tiles_0012_FTB-MAX\" srcset=\"https:\/\/emea.dev.technetix.com\/wp-content\/uploads\/sites\/2\/2023\/12\/5000x2500px-tiles_0012_FTB-MAX.png 1000w, https:\/\/emea.dev.technetix.com\/wp-content\/uploads\/sites\/2\/2023\/12\/5000x2500px-tiles_0012_FTB-MAX-300x150.png 300w, https:\/\/emea.dev.technetix.com\/wp-content\/uploads\/sites\/2\/2023\/12\/5000x2500px-tiles_0012_FTB-MAX-768x384.png 768w, https:\/\/emea.dev.technetix.com\/wp-content\/uploads\/sites\/2\/2023\/12\/5000x2500px-tiles_0012_FTB-MAX-600x300.png 600w\" sizes=\"(max-width: 1000px) 100vw, 1000px\" \/><\/figure>\n\n<h2 class=\"gb-headline gb-headline-e2d986e0 gb-headline-text\">FTB Max<\/h2>\n\n<p><\/p>\n<\/div><\/div>\n<\/div><\/div><\/div>\n\n<div class=\"gb-grid-column gb-grid-column-2424d82a\"><div class=\"gb-container gb-container-2424d82a image-link-block\" id=\"w-button\"><a class=\"gb-container-link\" href=\"https:\/\/emea.dev.technetix.com\/fttx-networks\/subscriber-termination-solutions\/ftb-speed\/\"><\/a><div class=\"gb-inside-container\">\n<figure class=\"gb-block-image gb-block-image-62730668\"><img loading=\"lazy\" decoding=\"async\" width=\"1000\" height=\"500\" class=\"gb-image gb-image-62730668\" src=\"https:\/\/emea.dev.technetix.com\/wp-content\/uploads\/sites\/2\/2023\/12\/5000x2500px-tiles_0011_FTB-SPEED-1.png\" alt=\"\" title=\"5000x2500px-tiles_0011_FTB-SPEED-1\" srcset=\"https:\/\/emea.dev.technetix.com\/wp-content\/uploads\/sites\/2\/2023\/12\/5000x2500px-tiles_0011_FTB-SPEED-1.png 1000w, https:\/\/emea.dev.technetix.com\/wp-content\/uploads\/sites\/2\/2023\/12\/5000x2500px-tiles_0011_FTB-SPEED-1-300x150.png 300w, https:\/\/emea.dev.technetix.com\/wp-content\/uploads\/sites\/2\/2023\/12\/5000x2500px-tiles_0011_FTB-SPEED-1-768x384.png 768w, https:\/\/emea.dev.technetix.com\/wp-content\/uploads\/sites\/2\/2023\/12\/5000x2500px-tiles_0011_FTB-SPEED-1-600x300.png 600w\" sizes=\"(max-width: 1000px) 100vw, 1000px\" \/><\/figure>\n\n<h2 class=\"gb-headline gb-headline-fb07acf4 gb-headline-text\">FTB Speed<\/h2>\n\n<p><\/p>\n<\/div><\/div><\/div>\n\n<div class=\"gb-grid-column gb-grid-column-345946e4\"><div class=\"gb-container gb-container-345946e4 image-link-block\" id=\"w-button\"><a class=\"gb-container-link\" href=\"https:\/\/emea.dev.technetix.com\/fttx-networks\/subscriber-termination-solutions\/ftb-connect\/\"><\/a><div class=\"gb-inside-container\">\n<figure class=\"gb-block-image gb-block-image-04546988\"><img loading=\"lazy\" decoding=\"async\" width=\"1000\" height=\"500\" class=\"gb-image gb-image-04546988\" src=\"https:\/\/emea.dev.technetix.com\/wp-content\/uploads\/sites\/2\/2023\/12\/5000x2500px-tiles_0013_FTB-Connect.png\" alt=\"\" title=\"5000x2500px-tiles_0013_FTB-Connect\" srcset=\"https:\/\/emea.dev.technetix.com\/wp-content\/uploads\/sites\/2\/2023\/12\/5000x2500px-tiles_0013_FTB-Connect.png 1000w, https:\/\/emea.dev.technetix.com\/wp-content\/uploads\/sites\/2\/2023\/12\/5000x2500px-tiles_0013_FTB-Connect-300x150.png 300w, https:\/\/emea.dev.technetix.com\/wp-content\/uploads\/sites\/2\/2023\/12\/5000x2500px-tiles_0013_FTB-Connect-768x384.png 768w, https:\/\/emea.dev.technetix.com\/wp-content\/uploads\/sites\/2\/2023\/12\/5000x2500px-tiles_0013_FTB-Connect-600x300.png 600w\" sizes=\"(max-width: 1000px) 100vw, 1000px\" \/><\/figure>\n\n<h2 class=\"gb-headline gb-headline-bb1d1116 gb-headline-text\">FTB Connect<\/h2>\n\n<p><\/p>\n<\/div><\/div><\/div>\n<\/div>\n\n<div class=\"gb-grid-wrapper gb-grid-wrapper-15a80df0\">\n<div class=\"gb-grid-column gb-grid-column-7d9bb663\"><div class=\"gb-container gb-container-7d9bb663 image-link-block\" id=\"no-button\"><a class=\"gb-container-link\" href=\"https:\/\/emea.dev.technetix.com\/fttx-networks\/subscriber-termination-solutions\/ftth-box-apl\/\"><\/a><div class=\"gb-inside-container\">\n<div class=\"gb-container gb-container-c3faf045\"><div class=\"gb-inside-container\">\n<figure class=\"gb-block-image gb-block-image-364e8fa9\"><img loading=\"lazy\" decoding=\"async\" width=\"1000\" height=\"500\" class=\"gb-image gb-image-364e8fa9\" src=\"https:\/\/emea.dev.technetix.com\/wp-content\/uploads\/sites\/2\/2023\/12\/5000x2500px-tiles_0010_FTTH-APL-1.png\" alt=\"\" title=\"5000x2500px-tiles_0010_FTTH-APL-1\" srcset=\"https:\/\/emea.dev.technetix.com\/wp-content\/uploads\/sites\/2\/2023\/12\/5000x2500px-tiles_0010_FTTH-APL-1.png 1000w, https:\/\/emea.dev.technetix.com\/wp-content\/uploads\/sites\/2\/2023\/12\/5000x2500px-tiles_0010_FTTH-APL-1-300x150.png 300w, https:\/\/emea.dev.technetix.com\/wp-content\/uploads\/sites\/2\/2023\/12\/5000x2500px-tiles_0010_FTTH-APL-1-768x384.png 768w, https:\/\/emea.dev.technetix.com\/wp-content\/uploads\/sites\/2\/2023\/12\/5000x2500px-tiles_0010_FTTH-APL-1-600x300.png 600w\" sizes=\"(max-width: 1000px) 100vw, 1000px\" \/><\/figure>\n\n<h2 class=\"gb-headline gb-headline-823abf7f gb-headline-text\">FTTH box APL<\/h2>\n\n<p><\/p>\n<\/div><\/div>\n<\/div><\/div><\/div>\n\n<div class=\"gb-grid-column gb-grid-column-a1570758\"><div class=\"gb-container gb-container-a1570758 image-link-block\" id=\"w-button\"><a class=\"gb-container-link\" href=\"https:\/\/emea.dev.technetix.com\/fttx-networks\/subscriber-termination-solutions\/click50\/\"><\/a><div class=\"gb-inside-container\">\n<figure class=\"gb-block-image gb-block-image-4022862f\"><img loading=\"lazy\" decoding=\"async\" width=\"1000\" height=\"500\" class=\"gb-image gb-image-4022862f\" src=\"https:\/\/emea.dev.technetix.com\/wp-content\/uploads\/sites\/2\/2023\/12\/5000x2500px-tiles_0002_CL50.png\" alt=\"\" title=\"5000x2500px-tiles_0002_CL50\" srcset=\"https:\/\/emea.dev.technetix.com\/wp-content\/uploads\/sites\/2\/2023\/12\/5000x2500px-tiles_0002_CL50.png 1000w, https:\/\/emea.dev.technetix.com\/wp-content\/uploads\/sites\/2\/2023\/12\/5000x2500px-tiles_0002_CL50-300x150.png 300w, https:\/\/emea.dev.technetix.com\/wp-content\/uploads\/sites\/2\/2023\/12\/5000x2500px-tiles_0002_CL50-768x384.png 768w, https:\/\/emea.dev.technetix.com\/wp-content\/uploads\/sites\/2\/2023\/12\/5000x2500px-tiles_0002_CL50-600x300.png 600w\" sizes=\"(max-width: 1000px) 100vw, 1000px\" \/><\/figure>\n\n<h2 class=\"gb-headline gb-headline-891761e7 gb-headline-text\">Click50<\/h2>\n<\/div><\/div><\/div>\n\n<div class=\"gb-grid-column gb-grid-column-b8d92766\"><div class=\"gb-container gb-container-b8d92766 image-link-block\" id=\"w-button\"><a class=\"gb-container-link\" href=\"https:\/\/emea.dev.technetix.com\/fttx-networks\/subscriber-termination-solutions\/f-etb-f-itb\/\"><\/a><div class=\"gb-inside-container\">\n<figure class=\"gb-block-image gb-block-image-6ff4fbfa\"><img loading=\"lazy\" decoding=\"async\" width=\"1000\" height=\"500\" class=\"gb-image gb-image-6ff4fbfa\" src=\"https:\/\/emea.dev.technetix.com\/wp-content\/uploads\/sites\/2\/2023\/12\/5000x2500px-tiles_0002_F-ETB_F-ITB.png\" alt=\"\" title=\"5000x2500px-tiles_0002_F-ETB_F-ITB\" srcset=\"https:\/\/emea.dev.technetix.com\/wp-content\/uploads\/sites\/2\/2023\/12\/5000x2500px-tiles_0002_F-ETB_F-ITB.png 1000w, https:\/\/emea.dev.technetix.com\/wp-content\/uploads\/sites\/2\/2023\/12\/5000x2500px-tiles_0002_F-ETB_F-ITB-300x150.png 300w, https:\/\/emea.dev.technetix.com\/wp-content\/uploads\/sites\/2\/2023\/12\/5000x2500px-tiles_0002_F-ETB_F-ITB-768x384.png 768w, https:\/\/emea.dev.technetix.com\/wp-content\/uploads\/sites\/2\/2023\/12\/5000x2500px-tiles_0002_F-ETB_F-ITB-600x300.png 600w\" sizes=\"(max-width: 1000px) 100vw, 1000px\" \/><\/figure>\n\n<h2 class=\"gb-headline gb-headline-a95e7205 gb-headline-text\">F-ETB\/F-ITB<\/h2>\n\n<p><\/p>\n<\/div><\/div><\/div>\n<\/div>\n\n<div class=\"gb-grid-wrapper gb-grid-wrapper-78a80f4d\">\n<div class=\"gb-grid-column gb-grid-column-f84086aa\"><div class=\"gb-container gb-container-f84086aa image-link-block\" id=\"no-button\"><a class=\"gb-container-link\" href=\"https:\/\/emea.dev.technetix.com\/fttx-networks\/subscriber-termination-solutions\/up-to-16-sc-adapters-subscriber-termination-solutions-lb-tba-tbb\/\"><\/a><div class=\"gb-inside-container\">\n<div class=\"gb-container gb-container-c0bb9131\"><div class=\"gb-inside-container\">\n<figure class=\"gb-block-image gb-block-image-f6c44e90\"><img loading=\"lazy\" decoding=\"async\" width=\"1000\" height=\"500\" class=\"gb-image gb-image-f6c44e90\" src=\"https:\/\/emea.dev.technetix.com\/wp-content\/uploads\/sites\/2\/2023\/12\/5000x2500px-tiles_0001_LB-TBA_TBB-2.png\" alt=\"\" title=\"5000x2500px-tiles_0001_LB-TBA_TBB-2\" srcset=\"https:\/\/emea.dev.technetix.com\/wp-content\/uploads\/sites\/2\/2023\/12\/5000x2500px-tiles_0001_LB-TBA_TBB-2.png 1000w, https:\/\/emea.dev.technetix.com\/wp-content\/uploads\/sites\/2\/2023\/12\/5000x2500px-tiles_0001_LB-TBA_TBB-2-300x150.png 300w, https:\/\/emea.dev.technetix.com\/wp-content\/uploads\/sites\/2\/2023\/12\/5000x2500px-tiles_0001_LB-TBA_TBB-2-768x384.png 768w, https:\/\/emea.dev.technetix.com\/wp-content\/uploads\/sites\/2\/2023\/12\/5000x2500px-tiles_0001_LB-TBA_TBB-2-600x300.png 600w\" sizes=\"(max-width: 1000px) 100vw, 1000px\" \/><\/figure>\n\n<h2 class=\"gb-headline gb-headline-aa2103d7 gb-headline-text\">LB-TBA\/TBB<\/h2>\n\n<p><\/p>\n<\/div><\/div>\n<\/div><\/div><\/div>\n\n<div class=\"gb-grid-column gb-grid-column-b452fde9\"><div class=\"gb-container gb-container-b452fde9 image-link-block\" id=\"w-button\"><a class=\"gb-container-link\" href=\"https:\/\/emea.dev.technetix.com\/fttx-networks\/subscriber-termination-solutions\/indoor-outdoor-compact-fiber-optic-mdu-distribution-terminal-boxes-lb-tb-mdu\/\"><\/a><div class=\"gb-inside-container\">\n<figure class=\"gb-block-image gb-block-image-6dcd5568\"><img loading=\"lazy\" decoding=\"async\" width=\"1000\" height=\"500\" class=\"gb-image gb-image-6dcd5568\" src=\"https:\/\/emea.dev.technetix.com\/wp-content\/uploads\/sites\/2\/2023\/12\/1000x500px-tiles_0002s_0001_LB-TB-MDU-8.png\" alt=\"\" title=\"1000x500px-tiles_0002s_0001_LB-TB-MDU-8\" srcset=\"https:\/\/emea.dev.technetix.com\/wp-content\/uploads\/sites\/2\/2023\/12\/1000x500px-tiles_0002s_0001_LB-TB-MDU-8.png 1000w, https:\/\/emea.dev.technetix.com\/wp-content\/uploads\/sites\/2\/2023\/12\/1000x500px-tiles_0002s_0001_LB-TB-MDU-8-300x150.png 300w, https:\/\/emea.dev.technetix.com\/wp-content\/uploads\/sites\/2\/2023\/12\/1000x500px-tiles_0002s_0001_LB-TB-MDU-8-768x384.png 768w, https:\/\/emea.dev.technetix.com\/wp-content\/uploads\/sites\/2\/2023\/12\/1000x500px-tiles_0002s_0001_LB-TB-MDU-8-600x300.png 600w\" sizes=\"(max-width: 1000px) 100vw, 1000px\" \/><\/figure>\n\n<h2 class=\"gb-headline gb-headline-715f67c8 gb-headline-text\">LB-TB-MDU<\/h2>\n\n<p><\/p>\n<\/div><\/div><\/div>\n<\/div>\n<\/div><div class=\"gb-container gb-container-ff282592 gb-container-con-bottom-buttons\"><div class=\"gb-inside-container\">\n<h2 class=\"gb-headline gb-headline-7ce6fa4b gb-headline-text gb-headline-head-bottom-buttons\">Enlaces de inter\u00e9s<\/h2>\n\n<div class=\"gb-button-wrapper gb-button-wrapper-5300c273 gb-button-wrapper-after-content-buttons\">\n<a class=\"gb-button gb-button-4ceed201 gb-button-text gb-button-bottom-button\" href=\"https:\/\/emea.dev.technetix.com\/wp-content\/uploads\/sites\/2\/2023\/12\/FIBER-PASSIVES_V1L_BRC_AE-1.pdf\">Folleto<\/a>\n\n<a class=\"gb-button gb-button-74bfad52 gb-button-text gb-button-bottom-button\" href=\"https:\/\/emea.dev.technetix.com\/es\/contactenos\/\">Cont\u00e1ctenos<\/a>\n<\/div>\n<\/div><\/div>","protected":false},"excerpt":{"rendered":"<p>Soluciones de terminaci\u00f3n de suscriptores Cierres de terminaci\u00f3n para hogares, oficinas y negocios o aplicaciones MDU Enlaces de inter\u00e9s<\/p>\n","protected":false},"author":3,"featured_media":0,"parent":7100,"menu_order":0,"comment_status":"closed","ping_status":"closed","template":"","meta":{"_acf_changed":false,"_gspb_post_css":"","footnotes":""},"class_list":["post-288482","page","type-page","status-publish"],"yoast_head":"<!-- This site is optimized with the Yoast SEO Premium plugin v22.5 (Yoast SEO v23.7) - https:\/\/yoast.com\/wordpress\/plugins\/seo\/ -->\n<title>Soluciones de terminaci\u00f3n de suscriptores - Technetix EMEA<\/title>\n<meta name=\"robots\" content=\"index, follow, max-snippet:-1, max-image-preview:large, max-video-preview:-1\" \/>\n<link rel=\"canonical\" href=\"https:\/\/emea.dev.technetix.com\/es\/redes-fttx\/soluciones-de-terminacion-de-suscriptores\/\" \/>\n<meta property=\"og:locale\" content=\"es_ES\" \/>\n<meta property=\"og:type\" content=\"article\" \/>\n<meta property=\"og:title\" content=\"Soluciones de terminaci\u00f3n de suscriptores - Technetix EMEA\" \/>\n<meta property=\"og:description\" content=\"Soluciones de terminaci\u00f3n de suscriptores Cierres de terminaci\u00f3n para hogares, oficinas y negocios o aplicaciones MDU Enlaces de inter\u00e9s\" \/>\n<meta property=\"og:url\" content=\"https:\/\/emea.dev.technetix.com\/es\/redes-fttx\/soluciones-de-terminacion-de-suscriptores\/\" \/>\n<meta property=\"og:site_name\" content=\"Technetix EMEA\" \/>\n<meta property=\"article:modified_time\" content=\"2024-02-27T11:24:04+00:00\" \/>\n<meta property=\"og:image\" content=\"https:\/\/emea.dev.technetix.com\/wp-content\/uploads\/sites\/2\/2023\/12\/5000x2500px-tiles_0012_FTB-MAX.png\" \/>\n<meta name=\"twitter:card\" content=\"summary_large_image\" \/>\n<meta name=\"twitter:site\" content=\"@technetixgroup\" \/>\n<script type=\"application\/ld+json\" class=\"yoast-schema-graph\">{\"@context\":\"https:\/\/schema.org\",\"@graph\":[{\"@type\":\"WebPage\",\"@id\":\"https:\/\/emea.dev.technetix.com\/es\/redes-fttx\/soluciones-de-terminacion-de-suscriptores\/\",\"url\":\"https:\/\/emea.dev.technetix.com\/es\/redes-fttx\/soluciones-de-terminacion-de-suscriptores\/\",\"name\":\"Soluciones de terminaci\u00f3n de suscriptores - Technetix EMEA\",\"isPartOf\":{\"@id\":\"https:\/\/emea.dev.technetix.com\/es\/#website\"},\"primaryImageOfPage\":{\"@id\":\"https:\/\/emea.dev.technetix.com\/es\/redes-fttx\/soluciones-de-terminacion-de-suscriptores\/#primaryimage\"},\"image\":{\"@id\":\"https:\/\/emea.dev.technetix.com\/es\/redes-fttx\/soluciones-de-terminacion-de-suscriptores\/#primaryimage\"},\"thumbnailUrl\":\"https:\/\/emea.dev.technetix.com\/wp-content\/uploads\/sites\/2\/2023\/12\/5000x2500px-tiles_0012_FTB-MAX.png\",\"datePublished\":\"2023-11-08T08:47:46+00:00\",\"dateModified\":\"2024-02-27T11:24:04+00:00\",\"breadcrumb\":{\"@id\":\"https:\/\/emea.dev.technetix.com\/es\/redes-fttx\/soluciones-de-terminacion-de-suscriptores\/#breadcrumb\"},\"inLanguage\":\"es\",\"potentialAction\":[{\"@type\":\"ReadAction\",\"target\":[\"https:\/\/emea.dev.technetix.com\/es\/redes-fttx\/soluciones-de-terminacion-de-suscriptores\/\"]}]},{\"@type\":\"ImageObject\",\"inLanguage\":\"es\",\"@id\":\"https:\/\/emea.dev.technetix.com\/es\/redes-fttx\/soluciones-de-terminacion-de-suscriptores\/#primaryimage\",\"url\":\"https:\/\/emea.dev.technetix.com\/wp-content\/uploads\/sites\/2\/2023\/12\/5000x2500px-tiles_0012_FTB-MAX.png\",\"contentUrl\":\"https:\/\/emea.dev.technetix.com\/wp-content\/uploads\/sites\/2\/2023\/12\/5000x2500px-tiles_0012_FTB-MAX.png\"},{\"@type\":\"BreadcrumbList\",\"@id\":\"https:\/\/emea.dev.technetix.com\/es\/redes-fttx\/soluciones-de-terminacion-de-suscriptores\/#breadcrumb\",\"itemListElement\":[{\"@type\":\"ListItem\",\"position\":1,\"name\":\"Home\",\"item\":\"https:\/\/emea.dev.technetix.com\/es\/\"},{\"@type\":\"ListItem\",\"position\":2,\"name\":\"Fibra\",\"item\":\"https:\/\/emea.dev.technetix.com\/es\/redes-fttx\/\"},{\"@type\":\"ListItem\",\"position\":3,\"name\":\"Soluciones de terminaci\u00f3n de suscriptores\"}]},{\"@type\":\"WebSite\",\"@id\":\"https:\/\/emea.dev.technetix.com\/es\/#website\",\"url\":\"https:\/\/emea.dev.technetix.com\/es\/\",\"name\":\"Technetix\",\"description\":\"Next-generation broadband equipment engineering\",\"publisher\":{\"@id\":\"https:\/\/emea.dev.technetix.com\/es\/#organization\"},\"potentialAction\":[{\"@type\":\"SearchAction\",\"target\":{\"@type\":\"EntryPoint\",\"urlTemplate\":\"https:\/\/emea.dev.technetix.com\/es\/?s={search_term_string}\"},\"query-input\":{\"@type\":\"PropertyValueSpecification\",\"valueRequired\":true,\"valueName\":\"search_term_string\"}}],\"inLanguage\":\"es\"},{\"@type\":\"Organization\",\"@id\":\"https:\/\/emea.dev.technetix.com\/es\/#organization\",\"name\":\"Technetix\",\"url\":\"https:\/\/emea.dev.technetix.com\/es\/\",\"logo\":{\"@type\":\"ImageObject\",\"inLanguage\":\"es\",\"@id\":\"https:\/\/emea.dev.technetix.com\/es\/#\/schema\/logo\/image\/\",\"url\":\"https:\/\/emea.dev.technetix.com\/wp-content\/uploads\/sites\/2\/2023\/06\/logo-Technetix-1000x1000-1.png\",\"contentUrl\":\"https:\/\/emea.dev.technetix.com\/wp-content\/uploads\/sites\/2\/2023\/06\/logo-Technetix-1000x1000-1.png\",\"width\":1000,\"height\":1000,\"caption\":\"Technetix\"},\"image\":{\"@id\":\"https:\/\/emea.dev.technetix.com\/es\/#\/schema\/logo\/image\/\"},\"sameAs\":[\"https:\/\/x.com\/technetixgroup\",\"https:\/\/www.linkedin.com\/company\/technetix\/\",\"https:\/\/www.youtube.com\/c\/Technetix-group\"]}]}<\/script>\n<!-- \/ Yoast SEO Premium plugin. -->","yoast_head_json":{"title":"Soluciones de terminaci\u00f3n de suscriptores - Technetix EMEA","robots":{"index":"index","follow":"follow","max-snippet":"max-snippet:-1","max-image-preview":"max-image-preview:large","max-video-preview":"max-video-preview:-1"},"canonical":"https:\/\/emea.dev.technetix.com\/es\/redes-fttx\/soluciones-de-terminacion-de-suscriptores\/","og_locale":"es_ES","og_type":"article","og_title":"Soluciones de terminaci\u00f3n de suscriptores - Technetix EMEA","og_description":"Soluciones de terminaci\u00f3n de suscriptores Cierres de terminaci\u00f3n para hogares, oficinas y negocios o aplicaciones MDU Enlaces de inter\u00e9s","og_url":"https:\/\/emea.dev.technetix.com\/es\/redes-fttx\/soluciones-de-terminacion-de-suscriptores\/","og_site_name":"Technetix EMEA","article_modified_time":"2024-02-27T11:24:04+00:00","og_image":[{"url":"https:\/\/emea.dev.technetix.com\/wp-content\/uploads\/sites\/2\/2023\/12\/5000x2500px-tiles_0012_FTB-MAX.png"}],"twitter_card":"summary_large_image","twitter_site":"@technetixgroup","schema":{"@context":"https:\/\/schema.org","@graph":[{"@type":"WebPage","@id":"https:\/\/emea.dev.technetix.com\/es\/redes-fttx\/soluciones-de-terminacion-de-suscriptores\/","url":"https:\/\/emea.dev.technetix.com\/es\/redes-fttx\/soluciones-de-terminacion-de-suscriptores\/","name":"Soluciones de terminaci\u00f3n de suscriptores - Technetix EMEA","isPartOf":{"@id":"https:\/\/emea.dev.technetix.com\/es\/#website"},"primaryImageOfPage":{"@id":"https:\/\/emea.dev.technetix.com\/es\/redes-fttx\/soluciones-de-terminacion-de-suscriptores\/#primaryimage"},"image":{"@id":"https:\/\/emea.dev.technetix.com\/es\/redes-fttx\/soluciones-de-terminacion-de-suscriptores\/#primaryimage"},"thumbnailUrl":"https:\/\/emea.dev.technetix.com\/wp-content\/uploads\/sites\/2\/2023\/12\/5000x2500px-tiles_0012_FTB-MAX.png","datePublished":"2023-11-08T08:47:46+00:00","dateModified":"2024-02-27T11:24:04+00:00","breadcrumb":{"@id":"https:\/\/emea.dev.technetix.com\/es\/redes-fttx\/soluciones-de-terminacion-de-suscriptores\/#breadcrumb"},"inLanguage":"es","potentialAction":[{"@type":"ReadAction","target":["https:\/\/emea.dev.technetix.com\/es\/redes-fttx\/soluciones-de-terminacion-de-suscriptores\/"]}]},{"@type":"ImageObject","inLanguage":"es","@id":"https:\/\/emea.dev.technetix.com\/es\/redes-fttx\/soluciones-de-terminacion-de-suscriptores\/#primaryimage","url":"https:\/\/emea.dev.technetix.com\/wp-content\/uploads\/sites\/2\/2023\/12\/5000x2500px-tiles_0012_FTB-MAX.png","contentUrl":"https:\/\/emea.dev.technetix.com\/wp-content\/uploads\/sites\/2\/2023\/12\/5000x2500px-tiles_0012_FTB-MAX.png"},{"@type":"BreadcrumbList","@id":"https:\/\/emea.dev.technetix.com\/es\/redes-fttx\/soluciones-de-terminacion-de-suscriptores\/#breadcrumb","itemListElement":[{"@type":"ListItem","position":1,"name":"Home","item":"https:\/\/emea.dev.technetix.com\/es\/"},{"@type":"ListItem","position":2,"name":"Fibra","item":"https:\/\/emea.dev.technetix.com\/es\/redes-fttx\/"},{"@type":"ListItem","position":3,"name":"Soluciones de terminaci\u00f3n de suscriptores"}]},{"@type":"WebSite","@id":"https:\/\/emea.dev.technetix.com\/es\/#website","url":"https:\/\/emea.dev.technetix.com\/es\/","name":"Technetix","description":"Next-generation broadband equipment engineering","publisher":{"@id":"https:\/\/emea.dev.technetix.com\/es\/#organization"},"potentialAction":[{"@type":"SearchAction","target":{"@type":"EntryPoint","urlTemplate":"https:\/\/emea.dev.technetix.com\/es\/?s={search_term_string}"},"query-input":{"@type":"PropertyValueSpecification","valueRequired":true,"valueName":"search_term_string"}}],"inLanguage":"es"},{"@type":"Organization","@id":"https:\/\/emea.dev.technetix.com\/es\/#organization","name":"Technetix","url":"https:\/\/emea.dev.technetix.com\/es\/","logo":{"@type":"ImageObject","inLanguage":"es","@id":"https:\/\/emea.dev.technetix.com\/es\/#\/schema\/logo\/image\/","url":"https:\/\/emea.dev.technetix.com\/wp-content\/uploads\/sites\/2\/2023\/06\/logo-Technetix-1000x1000-1.png","contentUrl":"https:\/\/emea.dev.technetix.com\/wp-content\/uploads\/sites\/2\/2023\/06\/logo-Technetix-1000x1000-1.png","width":1000,"height":1000,"caption":"Technetix"},"image":{"@id":"https:\/\/emea.dev.technetix.com\/es\/#\/schema\/logo\/image\/"},"sameAs":["https:\/\/x.com\/technetixgroup","https:\/\/www.linkedin.com\/company\/technetix\/","https:\/\/www.youtube.com\/c\/Technetix-group"]}]}},"acf":[],"publishpress_future_workflow_manual_trigger":{"enabledWorkflows":[]},"_links":{"self":[{"href":"https:\/\/emea.dev.technetix.com\/es\/wp-json\/wp\/v2\/pages\/288482"}],"collection":[{"href":"https:\/\/emea.dev.technetix.com\/es\/wp-json\/wp\/v2\/pages"}],"about":[{"href":"https:\/\/emea.dev.technetix.com\/es\/wp-json\/wp\/v2\/types\/page"}],"author":[{"embeddable":true,"href":"https:\/\/emea.dev.technetix.com\/es\/wp-json\/wp\/v2\/users\/3"}],"replies":[{"embeddable":true,"href":"https:\/\/emea.dev.technetix.com\/es\/wp-json\/wp\/v2\/comments?post=288482"}],"version-history":[{"count":3,"href":"https:\/\/emea.dev.technetix.com\/es\/wp-json\/wp\/v2\/pages\/288482\/revisions"}],"predecessor-version":[{"id":288485,"href":"https:\/\/emea.dev.technetix.com\/es\/wp-json\/wp\/v2\/pages\/288482\/revisions\/288485"}],"up":[{"embeddable":true,"href":"https:\/\/emea.dev.technetix.com\/es\/wp-json\/wp\/v2\/pages\/7100"}],"wp:attachment":[{"href":"https:\/\/emea.dev.technetix.com\/es\/wp-json\/wp\/v2\/media?parent=288482"}],"curies":[{"name":"wp","href":"https:\/\/api.w.org\/{rel}","templated":true}]}}