{"id":288173,"date":"2023-11-08T09:52:18","date_gmt":"2023-11-08T09:52:18","guid":{"rendered":"https:\/\/emea.dev.technetix.com\/redes-fttx\/terminales-de-acceso-de-fibra\/mini-terminales-de-servicio-flexibles-de-fibra-optica-lb-fst\/"},"modified":"2024-02-26T16:00:07","modified_gmt":"2024-02-26T16:00:07","slug":"mini-terminales-de-servicio-flexibles-de-fibra-optica-lb-fst","status":"publish","type":"page","link":"https:\/\/emea.dev.technetix.com\/es\/redes-fttx\/terminales-de-acceso-de-fibra\/mini-terminales-de-servicio-flexibles-de-fibra-optica-lb-fst\/","title":{"rendered":"Mini terminales de servicio flexibles de fibra \u00f3ptica (LB-FST)"},"content":{"rendered":"<div class=\"gb-container gb-container-a2efb66f gb-container-wide-back-page-con\" id=\"content\">\n<div class=\"gb-grid-wrapper gb-grid-wrapper-5efcc144\">\n<div class=\"gb-grid-column gb-grid-column-6e2f42ae\"><div class=\"gb-container gb-container-6e2f42ae\" id=\"image-col\"><div class=\"gb-inside-container\">\n<figure class=\"gb-block-image gb-block-image-61e35e7d\"><img loading=\"lazy\" decoding=\"async\" width=\"1000\" height=\"1000\" class=\"gb-image gb-image-61e35e7d\" src=\"https:\/\/emea.dev.technetix.com\/wp-content\/uploads\/sites\/2\/2023\/11\/00000000_LB-FST-104_PRFL_02.png\" alt=\"\" title=\"00000000_LB-FST-104_PRFL_02\" srcset=\"https:\/\/emea.dev.technetix.com\/wp-content\/uploads\/sites\/2\/2023\/11\/00000000_LB-FST-104_PRFL_02.png 1000w, https:\/\/emea.dev.technetix.com\/wp-content\/uploads\/sites\/2\/2023\/11\/00000000_LB-FST-104_PRFL_02-300x300.png 300w, https:\/\/emea.dev.technetix.com\/wp-content\/uploads\/sites\/2\/2023\/11\/00000000_LB-FST-104_PRFL_02-150x150.png 150w, https:\/\/emea.dev.technetix.com\/wp-content\/uploads\/sites\/2\/2023\/11\/00000000_LB-FST-104_PRFL_02-768x768.png 768w, https:\/\/emea.dev.technetix.com\/wp-content\/uploads\/sites\/2\/2023\/11\/00000000_LB-FST-104_PRFL_02-600x600.png 600w, https:\/\/emea.dev.technetix.com\/wp-content\/uploads\/sites\/2\/2023\/11\/00000000_LB-FST-104_PRFL_02-100x100.png 100w\" sizes=\"(max-width: 1000px) 100vw, 1000px\" \/><\/figure>\n<\/div><\/div><\/div>\n\n<div class=\"gb-grid-column gb-grid-column-cb46cc96\"><div class=\"gb-container gb-container-cb46cc96\" id=\"content-col\"><div class=\"gb-inside-container\">\n<h2 class=\"gb-headline gb-headline-d02c52e4 gb-headline-text\">Mini terminales de servicio flexibles de fibra \u00f3ptica (LB-FST)<\/h2>\n\n<p>Estos mini terminales de acceso de fibra flexible, un m\u00e9todo r\u00e1pido y rentable para implementar fibra \u00f3ptica en redes de distribuci\u00f3n OSP, garantizan un sistema de conexi\u00f3n sencillo en un solo paso con la combinaci\u00f3n de inserci\u00f3n push-pull y cierre tipo tuerca.<\/p>\n\n<ul class=\"wp-block-list\"><li>Compatible con sistemas de conectores reforzados heredados<\/li>\n\n<li>Longitud escalonada y opciones de divisor de 1:2, 1:4 o 1:8 para mayor flexibilidad en escenarios reducidos o desafiantes<\/li>\n\n<li>Reduce el tiempo de instalaci\u00f3n hasta en un 50% por punto de acceso a la red<\/li>\n\n<li>Amplio rango de temperatura: -40\u00b0C a +85\u00b0C (-40\u00b0F a +185\u00b0F)<\/li>\n\n<li>Protecci\u00f3n IP68: resistente a la niebla salina, la humedad y el polvo<\/li><\/ul>\n<\/div><\/div><\/div>\n<\/div>\n\n<div class=\"gb-container gb-container-dbeed0b8 gb-container-con-buttons-bottom\">\n<h2 class=\"gb-headline gb-headline-7ce6fa4b gb-headline-text gb-headline-head-bottom-buttons\">Enlaces de inter\u00e9s<\/h2>\n\n<div class=\"gb-button-wrapper gb-button-wrapper-5300c273 gb-button-wrapper-after-con-buttons\">\n<a class=\"gb-button gb-button-3eadfa91 gb-button-text gb-button-bottom-button\" href=\"https:\/\/emea.dev.technetix.com\/wp-content\/uploads\/sites\/2\/2023\/11\/LB_FST_Series_V1_DS_EN.pdf\" target=\"_blank\" rel=\"noopener noreferrer\">Ficha t\u00e9cnica<\/a>\n\n<a class=\"gb-button gb-button-74bfad52 gb-button-text gb-button-bottom-button\" href=\"https:\/\/emea.dev.technetix.com\/es\/contactenos\/\">Cont\u00e1ctenos<\/a>\n<\/div>\n<\/div>\n<\/div>","protected":false},"excerpt":{"rendered":"<p>Enlaces de inter\u00e9s<\/p>\n","protected":false},"author":21,"featured_media":0,"parent":287772,"menu_order":0,"comment_status":"closed","ping_status":"closed","template":"","meta":{"_acf_changed":false,"_gspb_post_css":"","footnotes":""},"class_list":["post-288173","page","type-page","status-publish"],"yoast_head":"<!-- This site is optimized with the Yoast SEO Premium plugin v22.5 (Yoast SEO v23.7) - https:\/\/yoast.com\/wordpress\/plugins\/seo\/ -->\n<title>Mini terminales de servicio flexibles de fibra \u00f3ptica (LB-FST) - Technetix EMEA<\/title>\n<meta name=\"robots\" content=\"index, follow, max-snippet:-1, max-image-preview:large, max-video-preview:-1\" \/>\n<link rel=\"canonical\" href=\"https:\/\/emea.dev.technetix.com\/es\/redes-fttx\/terminales-de-acceso-de-fibra\/mini-terminales-de-servicio-flexibles-de-fibra-optica-lb-fst\/\" \/>\n<meta property=\"og:locale\" content=\"es_ES\" \/>\n<meta property=\"og:type\" content=\"article\" \/>\n<meta property=\"og:title\" content=\"Mini terminales de servicio flexibles de fibra \u00f3ptica (LB-FST) - Technetix EMEA\" \/>\n<meta property=\"og:description\" content=\"Enlaces de inter\u00e9s\" \/>\n<meta property=\"og:url\" content=\"https:\/\/emea.dev.technetix.com\/es\/redes-fttx\/terminales-de-acceso-de-fibra\/mini-terminales-de-servicio-flexibles-de-fibra-optica-lb-fst\/\" \/>\n<meta property=\"og:site_name\" content=\"Technetix EMEA\" \/>\n<meta property=\"article:modified_time\" content=\"2024-02-26T16:00:07+00:00\" \/>\n<meta property=\"og:image\" content=\"https:\/\/emea.dev.technetix.com\/wp-content\/uploads\/sites\/2\/2023\/11\/00000000_LB-FST-104_PRFL_02.png\" \/>\n<meta name=\"twitter:card\" content=\"summary_large_image\" \/>\n<meta name=\"twitter:site\" content=\"@technetixgroup\" \/>\n<meta name=\"twitter:label1\" content=\"Tiempo de lectura\" \/>\n\t<meta name=\"twitter:data1\" content=\"1 minuto\" \/>\n<script type=\"application\/ld+json\" class=\"yoast-schema-graph\">{\"@context\":\"https:\/\/schema.org\",\"@graph\":[{\"@type\":\"WebPage\",\"@id\":\"https:\/\/emea.dev.technetix.com\/es\/redes-fttx\/terminales-de-acceso-de-fibra\/mini-terminales-de-servicio-flexibles-de-fibra-optica-lb-fst\/\",\"url\":\"https:\/\/emea.dev.technetix.com\/es\/redes-fttx\/terminales-de-acceso-de-fibra\/mini-terminales-de-servicio-flexibles-de-fibra-optica-lb-fst\/\",\"name\":\"Mini terminales de servicio flexibles de fibra \u00f3ptica (LB-FST) - Technetix EMEA\",\"isPartOf\":{\"@id\":\"https:\/\/emea.dev.technetix.com\/es\/#website\"},\"primaryImageOfPage\":{\"@id\":\"https:\/\/emea.dev.technetix.com\/es\/redes-fttx\/terminales-de-acceso-de-fibra\/mini-terminales-de-servicio-flexibles-de-fibra-optica-lb-fst\/#primaryimage\"},\"image\":{\"@id\":\"https:\/\/emea.dev.technetix.com\/es\/redes-fttx\/terminales-de-acceso-de-fibra\/mini-terminales-de-servicio-flexibles-de-fibra-optica-lb-fst\/#primaryimage\"},\"thumbnailUrl\":\"https:\/\/emea.dev.technetix.com\/wp-content\/uploads\/sites\/2\/2023\/11\/00000000_LB-FST-104_PRFL_02.png\",\"datePublished\":\"2023-11-08T09:52:18+00:00\",\"dateModified\":\"2024-02-26T16:00:07+00:00\",\"breadcrumb\":{\"@id\":\"https:\/\/emea.dev.technetix.com\/es\/redes-fttx\/terminales-de-acceso-de-fibra\/mini-terminales-de-servicio-flexibles-de-fibra-optica-lb-fst\/#breadcrumb\"},\"inLanguage\":\"es\",\"potentialAction\":[{\"@type\":\"ReadAction\",\"target\":[\"https:\/\/emea.dev.technetix.com\/es\/redes-fttx\/terminales-de-acceso-de-fibra\/mini-terminales-de-servicio-flexibles-de-fibra-optica-lb-fst\/\"]}]},{\"@type\":\"ImageObject\",\"inLanguage\":\"es\",\"@id\":\"https:\/\/emea.dev.technetix.com\/es\/redes-fttx\/terminales-de-acceso-de-fibra\/mini-terminales-de-servicio-flexibles-de-fibra-optica-lb-fst\/#primaryimage\",\"url\":\"https:\/\/emea.dev.technetix.com\/wp-content\/uploads\/sites\/2\/2023\/11\/00000000_LB-FST-104_PRFL_02.png\",\"contentUrl\":\"https:\/\/emea.dev.technetix.com\/wp-content\/uploads\/sites\/2\/2023\/11\/00000000_LB-FST-104_PRFL_02.png\"},{\"@type\":\"BreadcrumbList\",\"@id\":\"https:\/\/emea.dev.technetix.com\/es\/redes-fttx\/terminales-de-acceso-de-fibra\/mini-terminales-de-servicio-flexibles-de-fibra-optica-lb-fst\/#breadcrumb\",\"itemListElement\":[{\"@type\":\"ListItem\",\"position\":1,\"name\":\"Home\",\"item\":\"https:\/\/emea.dev.technetix.com\/es\/\"},{\"@type\":\"ListItem\",\"position\":2,\"name\":\"Fibra\",\"item\":\"https:\/\/emea.dev.technetix.com\/es\/redes-fttx\/\"},{\"@type\":\"ListItem\",\"position\":3,\"name\":\"Terminales de acceso de fibra\",\"item\":\"https:\/\/emea.dev.technetix.com\/es\/redes-fttx\/terminales-de-acceso-de-fibra\/\"},{\"@type\":\"ListItem\",\"position\":4,\"name\":\"Mini terminales de servicio flexibles de fibra \u00f3ptica (LB-FST)\"}]},{\"@type\":\"WebSite\",\"@id\":\"https:\/\/emea.dev.technetix.com\/es\/#website\",\"url\":\"https:\/\/emea.dev.technetix.com\/es\/\",\"name\":\"Technetix\",\"description\":\"Next-generation broadband equipment engineering\",\"publisher\":{\"@id\":\"https:\/\/emea.dev.technetix.com\/es\/#organization\"},\"potentialAction\":[{\"@type\":\"SearchAction\",\"target\":{\"@type\":\"EntryPoint\",\"urlTemplate\":\"https:\/\/emea.dev.technetix.com\/es\/?s={search_term_string}\"},\"query-input\":{\"@type\":\"PropertyValueSpecification\",\"valueRequired\":true,\"valueName\":\"search_term_string\"}}],\"inLanguage\":\"es\"},{\"@type\":\"Organization\",\"@id\":\"https:\/\/emea.dev.technetix.com\/es\/#organization\",\"name\":\"Technetix\",\"url\":\"https:\/\/emea.dev.technetix.com\/es\/\",\"logo\":{\"@type\":\"ImageObject\",\"inLanguage\":\"es\",\"@id\":\"https:\/\/emea.dev.technetix.com\/es\/#\/schema\/logo\/image\/\",\"url\":\"https:\/\/emea.dev.technetix.com\/wp-content\/uploads\/sites\/2\/2023\/06\/logo-Technetix-1000x1000-1.png\",\"contentUrl\":\"https:\/\/emea.dev.technetix.com\/wp-content\/uploads\/sites\/2\/2023\/06\/logo-Technetix-1000x1000-1.png\",\"width\":1000,\"height\":1000,\"caption\":\"Technetix\"},\"image\":{\"@id\":\"https:\/\/emea.dev.technetix.com\/es\/#\/schema\/logo\/image\/\"},\"sameAs\":[\"https:\/\/x.com\/technetixgroup\",\"https:\/\/www.linkedin.com\/company\/technetix\/\",\"https:\/\/www.youtube.com\/c\/Technetix-group\"]}]}<\/script>\n<!-- \/ Yoast SEO Premium plugin. -->","yoast_head_json":{"title":"Mini terminales de servicio flexibles de fibra \u00f3ptica (LB-FST) - Technetix EMEA","robots":{"index":"index","follow":"follow","max-snippet":"max-snippet:-1","max-image-preview":"max-image-preview:large","max-video-preview":"max-video-preview:-1"},"canonical":"https:\/\/emea.dev.technetix.com\/es\/redes-fttx\/terminales-de-acceso-de-fibra\/mini-terminales-de-servicio-flexibles-de-fibra-optica-lb-fst\/","og_locale":"es_ES","og_type":"article","og_title":"Mini terminales de servicio flexibles de fibra \u00f3ptica (LB-FST) - Technetix EMEA","og_description":"Enlaces de inter\u00e9s","og_url":"https:\/\/emea.dev.technetix.com\/es\/redes-fttx\/terminales-de-acceso-de-fibra\/mini-terminales-de-servicio-flexibles-de-fibra-optica-lb-fst\/","og_site_name":"Technetix EMEA","article_modified_time":"2024-02-26T16:00:07+00:00","og_image":[{"url":"https:\/\/emea.dev.technetix.com\/wp-content\/uploads\/sites\/2\/2023\/11\/00000000_LB-FST-104_PRFL_02.png"}],"twitter_card":"summary_large_image","twitter_site":"@technetixgroup","twitter_misc":{"Tiempo de lectura":"1 minuto"},"schema":{"@context":"https:\/\/schema.org","@graph":[{"@type":"WebPage","@id":"https:\/\/emea.dev.technetix.com\/es\/redes-fttx\/terminales-de-acceso-de-fibra\/mini-terminales-de-servicio-flexibles-de-fibra-optica-lb-fst\/","url":"https:\/\/emea.dev.technetix.com\/es\/redes-fttx\/terminales-de-acceso-de-fibra\/mini-terminales-de-servicio-flexibles-de-fibra-optica-lb-fst\/","name":"Mini terminales de servicio flexibles de fibra \u00f3ptica (LB-FST) - Technetix EMEA","isPartOf":{"@id":"https:\/\/emea.dev.technetix.com\/es\/#website"},"primaryImageOfPage":{"@id":"https:\/\/emea.dev.technetix.com\/es\/redes-fttx\/terminales-de-acceso-de-fibra\/mini-terminales-de-servicio-flexibles-de-fibra-optica-lb-fst\/#primaryimage"},"image":{"@id":"https:\/\/emea.dev.technetix.com\/es\/redes-fttx\/terminales-de-acceso-de-fibra\/mini-terminales-de-servicio-flexibles-de-fibra-optica-lb-fst\/#primaryimage"},"thumbnailUrl":"https:\/\/emea.dev.technetix.com\/wp-content\/uploads\/sites\/2\/2023\/11\/00000000_LB-FST-104_PRFL_02.png","datePublished":"2023-11-08T09:52:18+00:00","dateModified":"2024-02-26T16:00:07+00:00","breadcrumb":{"@id":"https:\/\/emea.dev.technetix.com\/es\/redes-fttx\/terminales-de-acceso-de-fibra\/mini-terminales-de-servicio-flexibles-de-fibra-optica-lb-fst\/#breadcrumb"},"inLanguage":"es","potentialAction":[{"@type":"ReadAction","target":["https:\/\/emea.dev.technetix.com\/es\/redes-fttx\/terminales-de-acceso-de-fibra\/mini-terminales-de-servicio-flexibles-de-fibra-optica-lb-fst\/"]}]},{"@type":"ImageObject","inLanguage":"es","@id":"https:\/\/emea.dev.technetix.com\/es\/redes-fttx\/terminales-de-acceso-de-fibra\/mini-terminales-de-servicio-flexibles-de-fibra-optica-lb-fst\/#primaryimage","url":"https:\/\/emea.dev.technetix.com\/wp-content\/uploads\/sites\/2\/2023\/11\/00000000_LB-FST-104_PRFL_02.png","contentUrl":"https:\/\/emea.dev.technetix.com\/wp-content\/uploads\/sites\/2\/2023\/11\/00000000_LB-FST-104_PRFL_02.png"},{"@type":"BreadcrumbList","@id":"https:\/\/emea.dev.technetix.com\/es\/redes-fttx\/terminales-de-acceso-de-fibra\/mini-terminales-de-servicio-flexibles-de-fibra-optica-lb-fst\/#breadcrumb","itemListElement":[{"@type":"ListItem","position":1,"name":"Home","item":"https:\/\/emea.dev.technetix.com\/es\/"},{"@type":"ListItem","position":2,"name":"Fibra","item":"https:\/\/emea.dev.technetix.com\/es\/redes-fttx\/"},{"@type":"ListItem","position":3,"name":"Terminales de acceso de fibra","item":"https:\/\/emea.dev.technetix.com\/es\/redes-fttx\/terminales-de-acceso-de-fibra\/"},{"@type":"ListItem","position":4,"name":"Mini terminales de servicio flexibles de fibra \u00f3ptica (LB-FST)"}]},{"@type":"WebSite","@id":"https:\/\/emea.dev.technetix.com\/es\/#website","url":"https:\/\/emea.dev.technetix.com\/es\/","name":"Technetix","description":"Next-generation broadband equipment engineering","publisher":{"@id":"https:\/\/emea.dev.technetix.com\/es\/#organization"},"potentialAction":[{"@type":"SearchAction","target":{"@type":"EntryPoint","urlTemplate":"https:\/\/emea.dev.technetix.com\/es\/?s={search_term_string}"},"query-input":{"@type":"PropertyValueSpecification","valueRequired":true,"valueName":"search_term_string"}}],"inLanguage":"es"},{"@type":"Organization","@id":"https:\/\/emea.dev.technetix.com\/es\/#organization","name":"Technetix","url":"https:\/\/emea.dev.technetix.com\/es\/","logo":{"@type":"ImageObject","inLanguage":"es","@id":"https:\/\/emea.dev.technetix.com\/es\/#\/schema\/logo\/image\/","url":"https:\/\/emea.dev.technetix.com\/wp-content\/uploads\/sites\/2\/2023\/06\/logo-Technetix-1000x1000-1.png","contentUrl":"https:\/\/emea.dev.technetix.com\/wp-content\/uploads\/sites\/2\/2023\/06\/logo-Technetix-1000x1000-1.png","width":1000,"height":1000,"caption":"Technetix"},"image":{"@id":"https:\/\/emea.dev.technetix.com\/es\/#\/schema\/logo\/image\/"},"sameAs":["https:\/\/x.com\/technetixgroup","https:\/\/www.linkedin.com\/company\/technetix\/","https:\/\/www.youtube.com\/c\/Technetix-group"]}]}},"acf":[],"publishpress_future_workflow_manual_trigger":{"enabledWorkflows":[]},"_links":{"self":[{"href":"https:\/\/emea.dev.technetix.com\/es\/wp-json\/wp\/v2\/pages\/288173"}],"collection":[{"href":"https:\/\/emea.dev.technetix.com\/es\/wp-json\/wp\/v2\/pages"}],"about":[{"href":"https:\/\/emea.dev.technetix.com\/es\/wp-json\/wp\/v2\/types\/page"}],"author":[{"embeddable":true,"href":"https:\/\/emea.dev.technetix.com\/es\/wp-json\/wp\/v2\/users\/21"}],"replies":[{"embeddable":true,"href":"https:\/\/emea.dev.technetix.com\/es\/wp-json\/wp\/v2\/comments?post=288173"}],"version-history":[{"count":1,"href":"https:\/\/emea.dev.technetix.com\/es\/wp-json\/wp\/v2\/pages\/288173\/revisions"}],"predecessor-version":[{"id":288174,"href":"https:\/\/emea.dev.technetix.com\/es\/wp-json\/wp\/v2\/pages\/288173\/revisions\/288174"}],"up":[{"embeddable":true,"href":"https:\/\/emea.dev.technetix.com\/es\/wp-json\/wp\/v2\/pages\/287772"}],"wp:attachment":[{"href":"https:\/\/emea.dev.technetix.com\/es\/wp-json\/wp\/v2\/media?parent=288173"}],"curies":[{"name":"wp","href":"https:\/\/api.w.org\/{rel}","templated":true}]}}