{"id":270177,"date":"2023-10-12T11:21:38","date_gmt":"2023-10-12T11:21:38","guid":{"rendered":"https:\/\/emea.dev.technetix.com\/dbt-1800-smart-amplifier-series\/"},"modified":"2024-02-14T09:29:35","modified_gmt":"2024-02-14T09:29:35","slug":"dbt-1800-smart-amplifier-series","status":"publish","type":"page","link":"https:\/\/emea.dev.technetix.com\/es\/dbt-1800-smart-amplifier-series\/","title":{"rendered":"DBT-1800 Serie de amplificadores inteligentes"},"content":{"rendered":"<div class=\"gb-container gb-container-f86f3f4f gb-container-hero-banner\"><div class=\"gb-inside-container\">\n<h1 class=\"gb-headline gb-headline-e1547755 gb-headline-text gb-headline-hero-banner-title\">DBT-1800 Serie de amplificadores inteligentes<\/h1>\n<\/div><\/div><div class=\"gb-container gb-container-3dfc749a\">\n<div class=\"gb-container gb-container-38f275ce gb-container-con-centered-header\">\n<h2 class=\"gb-headline gb-headline-d02c52e4 gb-headline-text\">Serie de amplificadores de 1,8 GHz preparados para DOCSIS 4.0, disponibles como m\u00f3dulo insertable en la carcasa o como reemplazo completo del amplificador anterior.<\/h2>\n\n<p>La serie de amplificadores inteligentes DBT-1800, DOCSIS\u00ae 4.0 de 1,8 GHz es compatible con amplificadores SA y GainMaker\u00ae. El dise\u00f1o y las caracter\u00edsticas de \u00faltima generaci\u00f3n brindan a los operadores una actualizaci\u00f3n perfecta a 1,8 GHz manteniendo los niveles de se\u00f1al existentes. Nuestra experiencia de m\u00e1s de 10 a\u00f1os en capacidades de control por software, nos confirma que el tiempo necesario para actualizar la red se puede reducir en un 80 %. Utilizando el certificado de f\u00e1brica, es posible registrar, configurar, rastrear y documentar la red mientras se realiza la actualizaci\u00f3n. La plataforma cuenta con el respaldo total de NeuronX\u2122 <a href=\"https:\/\/emea.dev.technetix.com\/neuron-x\/\">(AI Empowered Networks).<\/a>    <\/p>\n\n<div style=\"height:20px\" aria-hidden=\"true\" class=\"wp-block-spacer\"><\/div>\n<\/div>\n<\/div><div class=\"gb-container gb-container-72e3a461\">\n<div class=\"gb-container gb-container-65c0b9b3 gb-container-wide-back-page-con\">\n<div class=\"gb-grid-wrapper gb-grid-wrapper-53f55656\">\n<div class=\"gb-grid-column gb-grid-column-111762de\"><div class=\"gb-container gb-container-111762de image-link-block\"><a class=\"gb-container-link\" href=\"https:\/\/emea.dev.technetix.com\/es\/dbt-1800-c1\/\"><\/a><div class=\"gb-inside-container\">\n<div class=\"gb-container gb-container-c51a427e\"><div class=\"gb-inside-container\">\n<figure class=\"gb-block-image gb-block-image-92ef0c3b\"><img loading=\"lazy\" decoding=\"async\" width=\"1000\" height=\"500\" class=\"gb-image gb-image-92ef0c3b\" src=\"https:\/\/emea.dev.technetix.com\/wp-content\/uploads\/sites\/2\/2023\/10\/10_DBT-C1.png\" alt=\"\" title=\"https:\/\/emea.dev.technetix.com\/es\/dbt-1800-c1\/\" srcset=\"https:\/\/emea.dev.technetix.com\/wp-content\/uploads\/sites\/2\/2023\/10\/10_DBT-C1.png 1000w, https:\/\/emea.dev.technetix.com\/wp-content\/uploads\/sites\/2\/2023\/10\/10_DBT-C1-300x150.png 300w, https:\/\/emea.dev.technetix.com\/wp-content\/uploads\/sites\/2\/2023\/10\/10_DBT-C1-768x384.png 768w, https:\/\/emea.dev.technetix.com\/wp-content\/uploads\/sites\/2\/2023\/10\/10_DBT-C1-600x300.png 600w\" sizes=\"(max-width: 1000px) 100vw, 1000px\" \/><\/figure>\n\n<h2 class=\"gb-headline gb-headline-8057c017 gb-headline-text\">DBT-1800-C1<\/h2>\n\n<p class=\"gb-headline gb-headline-380a8e6b gb-headline-text\">Extensor de l\u00ednea Amplificador inteligente de 1,8 GHz<\/p>\n<\/div><\/div>\n<\/div><\/div><\/div>\n\n<div class=\"gb-grid-column gb-grid-column-8bae5311\"><div class=\"gb-container gb-container-8bae5311 image-link-block\"><a class=\"gb-container-link\" href=\"https:\/\/emea.dev.technetix.com\/es\/dbt-1800-c2\/\"><\/a><div class=\"gb-inside-container\">\n<div class=\"gb-container gb-container-76956753\"><div class=\"gb-inside-container\">\n<figure class=\"gb-block-image gb-block-image-937f8a18\"><img loading=\"lazy\" decoding=\"async\" width=\"1000\" height=\"500\" class=\"gb-image gb-image-937f8a18\" src=\"https:\/\/emea.dev.technetix.com\/wp-content\/uploads\/sites\/2\/2023\/10\/10_DBT-C3.png\" alt=\"\" title=\"10_DBT-C3\" srcset=\"https:\/\/emea.dev.technetix.com\/wp-content\/uploads\/sites\/2\/2023\/10\/10_DBT-C3.png 1000w, https:\/\/emea.dev.technetix.com\/wp-content\/uploads\/sites\/2\/2023\/10\/10_DBT-C3-300x150.png 300w, https:\/\/emea.dev.technetix.com\/wp-content\/uploads\/sites\/2\/2023\/10\/10_DBT-C3-768x384.png 768w, https:\/\/emea.dev.technetix.com\/wp-content\/uploads\/sites\/2\/2023\/10\/10_DBT-C3-600x300.png 600w\" sizes=\"(max-width: 1000px) 100vw, 1000px\" \/><\/figure>\n\n<h2 class=\"gb-headline gb-headline-ea171cdf gb-headline-text\">DBT-1800-C2<\/h2>\n\n<p class=\"gb-headline gb-headline-c818ca8b gb-headline-text\">High Dual de 1,8 GHz Amplificador inteligente<\/p>\n<\/div><\/div>\n<\/div><\/div><\/div>\n\n<div class=\"gb-grid-column gb-grid-column-c2f1805b\"><div class=\"gb-container gb-container-c2f1805b image-link-block\"><a class=\"gb-container-link\" href=\"https:\/\/emea.dev.technetix.com\/es\/dbt-1800-c3\/\"><\/a><div class=\"gb-inside-container\">\n<div class=\"gb-container gb-container-ea7e2e9b\"><div class=\"gb-inside-container\">\n<figure class=\"gb-block-image gb-block-image-284022b2\"><img loading=\"lazy\" decoding=\"async\" width=\"1000\" height=\"500\" class=\"gb-image gb-image-284022b2\" src=\"https:\/\/emea.dev.technetix.com\/wp-content\/uploads\/sites\/2\/2023\/10\/10_DBT-C3.png\" alt=\"\" title=\"10_DBT-C3\" srcset=\"https:\/\/emea.dev.technetix.com\/wp-content\/uploads\/sites\/2\/2023\/10\/10_DBT-C3.png 1000w, https:\/\/emea.dev.technetix.com\/wp-content\/uploads\/sites\/2\/2023\/10\/10_DBT-C3-300x150.png 300w, https:\/\/emea.dev.technetix.com\/wp-content\/uploads\/sites\/2\/2023\/10\/10_DBT-C3-768x384.png 768w, https:\/\/emea.dev.technetix.com\/wp-content\/uploads\/sites\/2\/2023\/10\/10_DBT-C3-600x300.png 600w\" sizes=\"(max-width: 1000px) 100vw, 1000px\" \/><\/figure>\n\n<h2 class=\"gb-headline gb-headline-5c1a0ba1 gb-headline-text\">DBT-1800-C3<\/h2>\n\n<p class=\"gb-headline gb-headline-a0d6fe6f gb-headline-text\">Amplificador de sistema de triple salida activa<\/p>\n<\/div><\/div>\n<\/div><\/div><\/div>\n<\/div>\n<\/div>\n<\/div>","protected":false},"excerpt":{"rendered":"<p>DBT-1800 Serie de amplificadores inteligentes Serie de amplificadores de 1,8 GHz preparados para DOCSIS 4.0, disponibles como m\u00f3dulo insertable en la carcasa o como reemplazo completo del amplificador anterior. La serie de amplificadores inteligentes DBT-1800, DOCSIS\u00ae 4.0 de 1,8 GHz es compatible con amplificadores SA y GainMaker\u00ae. El dise\u00f1o y las caracter\u00edsticas de \u00faltima generaci\u00f3n &#8230; <a title=\"DBT-1800 Serie de amplificadores inteligentes\" class=\"read-more\" href=\"https:\/\/emea.dev.technetix.com\/es\/dbt-1800-smart-amplifier-series\/\" aria-label=\"M\u00e1s en DBT-1800 Serie de amplificadores inteligentes\">Read more<\/a><\/p>\n","protected":false},"author":3,"featured_media":97161,"parent":0,"menu_order":0,"comment_status":"closed","ping_status":"closed","template":"","meta":{"_acf_changed":false,"_gspb_post_css":"","footnotes":""},"class_list":["post-270177","page","type-page","status-publish","has-post-thumbnail"],"yoast_head":"<!-- This site is optimized with the Yoast SEO Premium plugin v22.5 (Yoast SEO v23.7) - https:\/\/yoast.com\/wordpress\/plugins\/seo\/ -->\n<title>DBT-1800 Serie de amplificadores inteligentes - Technetix EMEA<\/title>\n<meta name=\"robots\" content=\"index, follow, max-snippet:-1, max-image-preview:large, max-video-preview:-1\" \/>\n<link rel=\"canonical\" href=\"https:\/\/emea.dev.technetix.com\/es\/dbt-1800-smart-amplifier-series\/\" \/>\n<meta property=\"og:locale\" content=\"es_ES\" \/>\n<meta property=\"og:type\" content=\"article\" \/>\n<meta property=\"og:title\" content=\"DBT-1800 Serie de amplificadores inteligentes - Technetix EMEA\" \/>\n<meta property=\"og:description\" content=\"DBT-1800 Serie de amplificadores inteligentes Serie de amplificadores de 1,8 GHz preparados para DOCSIS 4.0, disponibles como m\u00f3dulo insertable en la carcasa o como reemplazo completo del amplificador anterior. La serie de amplificadores inteligentes DBT-1800, DOCSIS\u00ae 4.0 de 1,8 GHz es compatible con amplificadores SA y GainMaker\u00ae. El dise\u00f1o y las caracter\u00edsticas de \u00faltima generaci\u00f3n ... Read more\" \/>\n<meta property=\"og:url\" content=\"https:\/\/emea.dev.technetix.com\/es\/dbt-1800-smart-amplifier-series\/\" \/>\n<meta property=\"og:site_name\" content=\"Technetix EMEA\" \/>\n<meta property=\"article:modified_time\" content=\"2024-02-14T09:29:35+00:00\" \/>\n<meta property=\"og:image\" content=\"https:\/\/emea.dev.technetix.com\/wp-content\/uploads\/sites\/2\/2023\/10\/PRODUCTS_LARGE_DBT_C1-C3_FINAL.jpg\" \/>\n\t<meta property=\"og:image:width\" content=\"1920\" \/>\n\t<meta property=\"og:image:height\" content=\"450\" \/>\n\t<meta property=\"og:image:type\" content=\"image\/jpeg\" \/>\n<meta name=\"twitter:card\" content=\"summary_large_image\" \/>\n<meta name=\"twitter:site\" content=\"@technetixgroup\" \/>\n<meta name=\"twitter:label1\" content=\"Tiempo de lectura\" \/>\n\t<meta name=\"twitter:data1\" content=\"2 minutos\" \/>\n<script type=\"application\/ld+json\" class=\"yoast-schema-graph\">{\"@context\":\"https:\/\/schema.org\",\"@graph\":[{\"@type\":\"WebPage\",\"@id\":\"https:\/\/emea.dev.technetix.com\/es\/dbt-1800-smart-amplifier-series\/\",\"url\":\"https:\/\/emea.dev.technetix.com\/es\/dbt-1800-smart-amplifier-series\/\",\"name\":\"DBT-1800 Serie de amplificadores inteligentes - Technetix EMEA\",\"isPartOf\":{\"@id\":\"https:\/\/emea.dev.technetix.com\/es\/#website\"},\"primaryImageOfPage\":{\"@id\":\"https:\/\/emea.dev.technetix.com\/es\/dbt-1800-smart-amplifier-series\/#primaryimage\"},\"image\":{\"@id\":\"https:\/\/emea.dev.technetix.com\/es\/dbt-1800-smart-amplifier-series\/#primaryimage\"},\"thumbnailUrl\":\"https:\/\/emea.dev.technetix.com\/wp-content\/uploads\/sites\/2\/2023\/10\/PRODUCTS_LARGE_DBT_C1-C3_FINAL.jpg\",\"datePublished\":\"2023-10-12T11:21:38+00:00\",\"dateModified\":\"2024-02-14T09:29:35+00:00\",\"breadcrumb\":{\"@id\":\"https:\/\/emea.dev.technetix.com\/es\/dbt-1800-smart-amplifier-series\/#breadcrumb\"},\"inLanguage\":\"es\",\"potentialAction\":[{\"@type\":\"ReadAction\",\"target\":[\"https:\/\/emea.dev.technetix.com\/es\/dbt-1800-smart-amplifier-series\/\"]}]},{\"@type\":\"ImageObject\",\"inLanguage\":\"es\",\"@id\":\"https:\/\/emea.dev.technetix.com\/es\/dbt-1800-smart-amplifier-series\/#primaryimage\",\"url\":\"https:\/\/emea.dev.technetix.com\/wp-content\/uploads\/sites\/2\/2023\/10\/PRODUCTS_LARGE_DBT_C1-C3_FINAL.jpg\",\"contentUrl\":\"https:\/\/emea.dev.technetix.com\/wp-content\/uploads\/sites\/2\/2023\/10\/PRODUCTS_LARGE_DBT_C1-C3_FINAL.jpg\",\"width\":1920,\"height\":450},{\"@type\":\"BreadcrumbList\",\"@id\":\"https:\/\/emea.dev.technetix.com\/es\/dbt-1800-smart-amplifier-series\/#breadcrumb\",\"itemListElement\":[{\"@type\":\"ListItem\",\"position\":1,\"name\":\"Home\",\"item\":\"https:\/\/emea.dev.technetix.com\/es\/\"},{\"@type\":\"ListItem\",\"position\":2,\"name\":\"DBT-1800 Serie de amplificadores inteligentes\"}]},{\"@type\":\"WebSite\",\"@id\":\"https:\/\/emea.dev.technetix.com\/es\/#website\",\"url\":\"https:\/\/emea.dev.technetix.com\/es\/\",\"name\":\"Technetix\",\"description\":\"Next-generation broadband equipment engineering\",\"publisher\":{\"@id\":\"https:\/\/emea.dev.technetix.com\/es\/#organization\"},\"potentialAction\":[{\"@type\":\"SearchAction\",\"target\":{\"@type\":\"EntryPoint\",\"urlTemplate\":\"https:\/\/emea.dev.technetix.com\/es\/?s={search_term_string}\"},\"query-input\":{\"@type\":\"PropertyValueSpecification\",\"valueRequired\":true,\"valueName\":\"search_term_string\"}}],\"inLanguage\":\"es\"},{\"@type\":\"Organization\",\"@id\":\"https:\/\/emea.dev.technetix.com\/es\/#organization\",\"name\":\"Technetix\",\"url\":\"https:\/\/emea.dev.technetix.com\/es\/\",\"logo\":{\"@type\":\"ImageObject\",\"inLanguage\":\"es\",\"@id\":\"https:\/\/emea.dev.technetix.com\/es\/#\/schema\/logo\/image\/\",\"url\":\"https:\/\/emea.dev.technetix.com\/wp-content\/uploads\/sites\/2\/2023\/06\/logo-Technetix-1000x1000-1.png\",\"contentUrl\":\"https:\/\/emea.dev.technetix.com\/wp-content\/uploads\/sites\/2\/2023\/06\/logo-Technetix-1000x1000-1.png\",\"width\":1000,\"height\":1000,\"caption\":\"Technetix\"},\"image\":{\"@id\":\"https:\/\/emea.dev.technetix.com\/es\/#\/schema\/logo\/image\/\"},\"sameAs\":[\"https:\/\/x.com\/technetixgroup\",\"https:\/\/www.linkedin.com\/company\/technetix\/\",\"https:\/\/www.youtube.com\/c\/Technetix-group\"]}]}<\/script>\n<!-- \/ Yoast SEO Premium plugin. -->","yoast_head_json":{"title":"DBT-1800 Serie de amplificadores inteligentes - Technetix EMEA","robots":{"index":"index","follow":"follow","max-snippet":"max-snippet:-1","max-image-preview":"max-image-preview:large","max-video-preview":"max-video-preview:-1"},"canonical":"https:\/\/emea.dev.technetix.com\/es\/dbt-1800-smart-amplifier-series\/","og_locale":"es_ES","og_type":"article","og_title":"DBT-1800 Serie de amplificadores inteligentes - Technetix EMEA","og_description":"DBT-1800 Serie de amplificadores inteligentes Serie de amplificadores de 1,8 GHz preparados para DOCSIS 4.0, disponibles como m\u00f3dulo insertable en la carcasa o como reemplazo completo del amplificador anterior. La serie de amplificadores inteligentes DBT-1800, DOCSIS\u00ae 4.0 de 1,8 GHz es compatible con amplificadores SA y GainMaker\u00ae. El dise\u00f1o y las caracter\u00edsticas de \u00faltima generaci\u00f3n ... Read more","og_url":"https:\/\/emea.dev.technetix.com\/es\/dbt-1800-smart-amplifier-series\/","og_site_name":"Technetix EMEA","article_modified_time":"2024-02-14T09:29:35+00:00","og_image":[{"width":1920,"height":450,"url":"https:\/\/emea.dev.technetix.com\/wp-content\/uploads\/sites\/2\/2023\/10\/PRODUCTS_LARGE_DBT_C1-C3_FINAL.jpg","type":"image\/jpeg"}],"twitter_card":"summary_large_image","twitter_site":"@technetixgroup","twitter_misc":{"Tiempo de lectura":"2 minutos"},"schema":{"@context":"https:\/\/schema.org","@graph":[{"@type":"WebPage","@id":"https:\/\/emea.dev.technetix.com\/es\/dbt-1800-smart-amplifier-series\/","url":"https:\/\/emea.dev.technetix.com\/es\/dbt-1800-smart-amplifier-series\/","name":"DBT-1800 Serie de amplificadores inteligentes - Technetix EMEA","isPartOf":{"@id":"https:\/\/emea.dev.technetix.com\/es\/#website"},"primaryImageOfPage":{"@id":"https:\/\/emea.dev.technetix.com\/es\/dbt-1800-smart-amplifier-series\/#primaryimage"},"image":{"@id":"https:\/\/emea.dev.technetix.com\/es\/dbt-1800-smart-amplifier-series\/#primaryimage"},"thumbnailUrl":"https:\/\/emea.dev.technetix.com\/wp-content\/uploads\/sites\/2\/2023\/10\/PRODUCTS_LARGE_DBT_C1-C3_FINAL.jpg","datePublished":"2023-10-12T11:21:38+00:00","dateModified":"2024-02-14T09:29:35+00:00","breadcrumb":{"@id":"https:\/\/emea.dev.technetix.com\/es\/dbt-1800-smart-amplifier-series\/#breadcrumb"},"inLanguage":"es","potentialAction":[{"@type":"ReadAction","target":["https:\/\/emea.dev.technetix.com\/es\/dbt-1800-smart-amplifier-series\/"]}]},{"@type":"ImageObject","inLanguage":"es","@id":"https:\/\/emea.dev.technetix.com\/es\/dbt-1800-smart-amplifier-series\/#primaryimage","url":"https:\/\/emea.dev.technetix.com\/wp-content\/uploads\/sites\/2\/2023\/10\/PRODUCTS_LARGE_DBT_C1-C3_FINAL.jpg","contentUrl":"https:\/\/emea.dev.technetix.com\/wp-content\/uploads\/sites\/2\/2023\/10\/PRODUCTS_LARGE_DBT_C1-C3_FINAL.jpg","width":1920,"height":450},{"@type":"BreadcrumbList","@id":"https:\/\/emea.dev.technetix.com\/es\/dbt-1800-smart-amplifier-series\/#breadcrumb","itemListElement":[{"@type":"ListItem","position":1,"name":"Home","item":"https:\/\/emea.dev.technetix.com\/es\/"},{"@type":"ListItem","position":2,"name":"DBT-1800 Serie de amplificadores inteligentes"}]},{"@type":"WebSite","@id":"https:\/\/emea.dev.technetix.com\/es\/#website","url":"https:\/\/emea.dev.technetix.com\/es\/","name":"Technetix","description":"Next-generation broadband equipment engineering","publisher":{"@id":"https:\/\/emea.dev.technetix.com\/es\/#organization"},"potentialAction":[{"@type":"SearchAction","target":{"@type":"EntryPoint","urlTemplate":"https:\/\/emea.dev.technetix.com\/es\/?s={search_term_string}"},"query-input":{"@type":"PropertyValueSpecification","valueRequired":true,"valueName":"search_term_string"}}],"inLanguage":"es"},{"@type":"Organization","@id":"https:\/\/emea.dev.technetix.com\/es\/#organization","name":"Technetix","url":"https:\/\/emea.dev.technetix.com\/es\/","logo":{"@type":"ImageObject","inLanguage":"es","@id":"https:\/\/emea.dev.technetix.com\/es\/#\/schema\/logo\/image\/","url":"https:\/\/emea.dev.technetix.com\/wp-content\/uploads\/sites\/2\/2023\/06\/logo-Technetix-1000x1000-1.png","contentUrl":"https:\/\/emea.dev.technetix.com\/wp-content\/uploads\/sites\/2\/2023\/06\/logo-Technetix-1000x1000-1.png","width":1000,"height":1000,"caption":"Technetix"},"image":{"@id":"https:\/\/emea.dev.technetix.com\/es\/#\/schema\/logo\/image\/"},"sameAs":["https:\/\/x.com\/technetixgroup","https:\/\/www.linkedin.com\/company\/technetix\/","https:\/\/www.youtube.com\/c\/Technetix-group"]}]}},"acf":[],"publishpress_future_workflow_manual_trigger":{"enabledWorkflows":[]},"_links":{"self":[{"href":"https:\/\/emea.dev.technetix.com\/es\/wp-json\/wp\/v2\/pages\/270177"}],"collection":[{"href":"https:\/\/emea.dev.technetix.com\/es\/wp-json\/wp\/v2\/pages"}],"about":[{"href":"https:\/\/emea.dev.technetix.com\/es\/wp-json\/wp\/v2\/types\/page"}],"author":[{"embeddable":true,"href":"https:\/\/emea.dev.technetix.com\/es\/wp-json\/wp\/v2\/users\/3"}],"replies":[{"embeddable":true,"href":"https:\/\/emea.dev.technetix.com\/es\/wp-json\/wp\/v2\/comments?post=270177"}],"version-history":[{"count":9,"href":"https:\/\/emea.dev.technetix.com\/es\/wp-json\/wp\/v2\/pages\/270177\/revisions"}],"predecessor-version":[{"id":271265,"href":"https:\/\/emea.dev.technetix.com\/es\/wp-json\/wp\/v2\/pages\/270177\/revisions\/271265"}],"wp:featuredmedia":[{"embeddable":true,"href":"https:\/\/emea.dev.technetix.com\/es\/wp-json\/wp\/v2\/media\/97161"}],"wp:attachment":[{"href":"https:\/\/emea.dev.technetix.com\/es\/wp-json\/wp\/v2\/media?parent=270177"}],"curies":[{"name":"wp","href":"https:\/\/api.w.org\/{rel}","templated":true}]}}