{"id":6411,"date":"2023-02-06T16:31:52","date_gmt":"2023-02-06T16:31:52","guid":{"rendered":"https:\/\/emea.dev.technetix.com\/newsletter\/"},"modified":"2023-03-31T21:57:59","modified_gmt":"2023-03-31T21:57:59","slug":"newsletter","status":"publish","type":"page","link":"https:\/\/emea.dev.technetix.com\/de\/newsletter\/","title":{"rendered":"Abonnement-Pr\u00e4ferenzen"},"content":{"rendered":"<div class=\"gb-container gb-container-cb23b599 gb-container-inner-back-page-con\">\n<h1 class=\"gb-headline gb-headline-bea944e9 gb-headline-text gb-headline-h1-no-hero\">Abonnement-Pr\u00e4ferenzen<\/h1>\n\n<!--[if lte IE 8]>\n<script charset=\"utf-8\" type=\"text\/javascript\" src=\"\/\/js.hsforms.net\/forms\/v2-legacy.js\"><\/script>\n<![endif]-->\n<script charset=\"utf-8\" type=\"text\/javascript\" src=\"\/\/js.hsforms.net\/forms\/v2.js\"><\/script>\n<script>\n  hbspt.forms.create({\n\tregion: \"na1\",\n\tportalId: \"2705019\",\n\tformId: \"f4b630c7-0a2f-4f98-9286-35552b4cd398\"\n});\n<\/script>\n\n<p class=\"gb-headline gb-headline-195ee7e5 gb-headline-text\">Bitte klicken Sie auf die Schaltfl\u00e4che weiter unten, wenn Sie keine E-Mails mehr von uns erhalten m\u00f6chten. Bitte beachten Sie, dass die Abmeldung nur f\u00fcr die oben angegebene E-Mail-Adresse ausgef\u00fchrt wird. Sollten Sie in der Vergangenheit mehrere E-Mail-Adressen genutzt haben, m\u00fcssen Sie die Abmeldung f\u00fcr jede E-Mail-Adresse separat vornehmen.  <\/p>\n\n<p class=\"gb-headline gb-headline-fc2faf4d gb-headline-text\"><a href=\"https:\/\/cta-redirect.hubspot.com\/cta\/redirect\/2705019\/e0ef814f-7a84-40d9-bc67-aa0960c4ecdf\" target=\"_blank\" rel=\"noreferrer noopener\">Abmelden<\/a><\/p>\n\n<div class=\"gb-container gb-container-13552c06\"><div class=\"gb-inside-container\">\n<p class=\"gb-headline gb-headline-5cc1dae1 gb-headline-text\">Bitte folgen Sie zur Aktualisierung Ihrer bei uns gespeicherten Daten <a href=\"https:\/\/emea.dev.technetix.com\/de\/aktualisierung-ihrer-kontaktdaten\/\">diesem Link<\/a>.<\/p>\n<\/div><\/div>\n<\/div>","protected":false},"excerpt":{"rendered":"<p>Abonnement-Pr\u00e4ferenzen Bitte klicken Sie auf die Schaltfl\u00e4che weiter unten, wenn Sie keine E-Mails mehr von uns erhalten m\u00f6chten. Bitte beachten Sie, dass die Abmeldung nur f\u00fcr die oben angegebene E-Mail-Adresse ausgef\u00fchrt wird. Sollten Sie in der Vergangenheit mehrere E-Mail-Adressen genutzt haben, m\u00fcssen Sie die Abmeldung f\u00fcr jede E-Mail-Adresse separat vornehmen. Abmelden Bitte folgen Sie zur &#8230; <a title=\"Abonnement-Pr\u00e4ferenzen\" class=\"read-more\" href=\"https:\/\/emea.dev.technetix.com\/de\/newsletter\/\" aria-label=\"Mehr zu Abonnement-Pr\u00e4ferenzen\">Read more<\/a><\/p>\n","protected":false},"author":1,"featured_media":0,"parent":0,"menu_order":0,"comment_status":"closed","ping_status":"closed","template":"","meta":{"_acf_changed":false,"_gspb_post_css":"","footnotes":""},"class_list":["post-6411","page","type-page","status-publish"],"yoast_head":"<!-- This site is optimized with the Yoast SEO Premium plugin v22.5 (Yoast SEO v23.7) - https:\/\/yoast.com\/wordpress\/plugins\/seo\/ -->\n<title>Abonnement-Pr\u00e4ferenzen - Technetix EMEA<\/title>\n<meta name=\"robots\" content=\"index, follow, max-snippet:-1, max-image-preview:large, max-video-preview:-1\" \/>\n<link rel=\"canonical\" href=\"https:\/\/emea.dev.technetix.com\/de\/newsletter\/\" \/>\n<meta property=\"og:locale\" content=\"de_DE\" \/>\n<meta property=\"og:type\" content=\"article\" \/>\n<meta property=\"og:title\" content=\"Abonnement-Pr\u00e4ferenzen - Technetix EMEA\" \/>\n<meta property=\"og:description\" content=\"Abonnement-Pr\u00e4ferenzen Bitte klicken Sie auf die Schaltfl\u00e4che weiter unten, wenn Sie keine E-Mails mehr von uns erhalten m\u00f6chten. Bitte beachten Sie, dass die Abmeldung nur f\u00fcr die oben angegebene E-Mail-Adresse ausgef\u00fchrt wird. Sollten Sie in der Vergangenheit mehrere E-Mail-Adressen genutzt haben, m\u00fcssen Sie die Abmeldung f\u00fcr jede E-Mail-Adresse separat vornehmen. Abmelden Bitte folgen Sie zur ... Read more\" \/>\n<meta property=\"og:url\" content=\"https:\/\/emea.dev.technetix.com\/de\/newsletter\/\" \/>\n<meta property=\"og:site_name\" content=\"Technetix EMEA\" \/>\n<meta property=\"article:modified_time\" content=\"2023-03-31T21:57:59+00:00\" \/>\n<meta property=\"og:image\" content=\"https:\/\/emea.dev.technetix.com\/wp-content\/uploads\/sites\/2\/2023\/06\/logo-Technetix-1200x675-1.png\" \/>\n\t<meta property=\"og:image:width\" content=\"1200\" \/>\n\t<meta property=\"og:image:height\" content=\"675\" \/>\n\t<meta property=\"og:image:type\" content=\"image\/png\" \/>\n<meta name=\"twitter:card\" content=\"summary_large_image\" \/>\n<meta name=\"twitter:site\" content=\"@technetixgroup\" \/>\n<meta name=\"twitter:label1\" content=\"Gesch\u00e4tzte Lesezeit\" \/>\n\t<meta name=\"twitter:data1\" content=\"1\u00a0Minute\" \/>\n<script type=\"application\/ld+json\" class=\"yoast-schema-graph\">{\"@context\":\"https:\/\/schema.org\",\"@graph\":[{\"@type\":\"WebPage\",\"@id\":\"https:\/\/emea.dev.technetix.com\/de\/newsletter\/\",\"url\":\"https:\/\/emea.dev.technetix.com\/de\/newsletter\/\",\"name\":\"Abonnement-Pr\u00e4ferenzen - Technetix EMEA\",\"isPartOf\":{\"@id\":\"https:\/\/emea.dev.technetix.com\/de\/#website\"},\"datePublished\":\"2023-02-06T16:31:52+00:00\",\"dateModified\":\"2023-03-31T21:57:59+00:00\",\"breadcrumb\":{\"@id\":\"https:\/\/emea.dev.technetix.com\/de\/newsletter\/#breadcrumb\"},\"inLanguage\":\"de\",\"potentialAction\":[{\"@type\":\"ReadAction\",\"target\":[\"https:\/\/emea.dev.technetix.com\/de\/newsletter\/\"]}]},{\"@type\":\"BreadcrumbList\",\"@id\":\"https:\/\/emea.dev.technetix.com\/de\/newsletter\/#breadcrumb\",\"itemListElement\":[{\"@type\":\"ListItem\",\"position\":1,\"name\":\"Home\",\"item\":\"https:\/\/emea.dev.technetix.com\/de\/\"},{\"@type\":\"ListItem\",\"position\":2,\"name\":\"Abonnement-Pr\u00e4ferenzen\"}]},{\"@type\":\"WebSite\",\"@id\":\"https:\/\/emea.dev.technetix.com\/de\/#website\",\"url\":\"https:\/\/emea.dev.technetix.com\/de\/\",\"name\":\"Technetix\",\"description\":\"Next-generation broadband equipment engineering\",\"publisher\":{\"@id\":\"https:\/\/emea.dev.technetix.com\/de\/#organization\"},\"potentialAction\":[{\"@type\":\"SearchAction\",\"target\":{\"@type\":\"EntryPoint\",\"urlTemplate\":\"https:\/\/emea.dev.technetix.com\/de\/?s={search_term_string}\"},\"query-input\":{\"@type\":\"PropertyValueSpecification\",\"valueRequired\":true,\"valueName\":\"search_term_string\"}}],\"inLanguage\":\"de\"},{\"@type\":\"Organization\",\"@id\":\"https:\/\/emea.dev.technetix.com\/de\/#organization\",\"name\":\"Technetix\",\"url\":\"https:\/\/emea.dev.technetix.com\/de\/\",\"logo\":{\"@type\":\"ImageObject\",\"inLanguage\":\"de\",\"@id\":\"https:\/\/emea.dev.technetix.com\/de\/#\/schema\/logo\/image\/\",\"url\":\"https:\/\/emea.dev.technetix.com\/wp-content\/uploads\/sites\/2\/2023\/06\/logo-Technetix-1000x1000-1.png\",\"contentUrl\":\"https:\/\/emea.dev.technetix.com\/wp-content\/uploads\/sites\/2\/2023\/06\/logo-Technetix-1000x1000-1.png\",\"width\":1000,\"height\":1000,\"caption\":\"Technetix\"},\"image\":{\"@id\":\"https:\/\/emea.dev.technetix.com\/de\/#\/schema\/logo\/image\/\"},\"sameAs\":[\"https:\/\/x.com\/technetixgroup\",\"https:\/\/www.linkedin.com\/company\/technetix\/\",\"https:\/\/www.youtube.com\/c\/Technetix-group\"]}]}<\/script>\n<!-- \/ Yoast SEO Premium plugin. -->","yoast_head_json":{"title":"Abonnement-Pr\u00e4ferenzen - Technetix EMEA","robots":{"index":"index","follow":"follow","max-snippet":"max-snippet:-1","max-image-preview":"max-image-preview:large","max-video-preview":"max-video-preview:-1"},"canonical":"https:\/\/emea.dev.technetix.com\/de\/newsletter\/","og_locale":"de_DE","og_type":"article","og_title":"Abonnement-Pr\u00e4ferenzen - Technetix EMEA","og_description":"Abonnement-Pr\u00e4ferenzen Bitte klicken Sie auf die Schaltfl\u00e4che weiter unten, wenn Sie keine E-Mails mehr von uns erhalten m\u00f6chten. Bitte beachten Sie, dass die Abmeldung nur f\u00fcr die oben angegebene E-Mail-Adresse ausgef\u00fchrt wird. Sollten Sie in der Vergangenheit mehrere E-Mail-Adressen genutzt haben, m\u00fcssen Sie die Abmeldung f\u00fcr jede E-Mail-Adresse separat vornehmen. Abmelden Bitte folgen Sie zur ... Read more","og_url":"https:\/\/emea.dev.technetix.com\/de\/newsletter\/","og_site_name":"Technetix EMEA","article_modified_time":"2023-03-31T21:57:59+00:00","og_image":[{"width":1200,"height":675,"url":"https:\/\/emea.dev.technetix.com\/wp-content\/uploads\/sites\/2\/2023\/06\/logo-Technetix-1200x675-1.png","type":"image\/png"}],"twitter_card":"summary_large_image","twitter_site":"@technetixgroup","twitter_misc":{"Gesch\u00e4tzte Lesezeit":"1\u00a0Minute"},"schema":{"@context":"https:\/\/schema.org","@graph":[{"@type":"WebPage","@id":"https:\/\/emea.dev.technetix.com\/de\/newsletter\/","url":"https:\/\/emea.dev.technetix.com\/de\/newsletter\/","name":"Abonnement-Pr\u00e4ferenzen - Technetix EMEA","isPartOf":{"@id":"https:\/\/emea.dev.technetix.com\/de\/#website"},"datePublished":"2023-02-06T16:31:52+00:00","dateModified":"2023-03-31T21:57:59+00:00","breadcrumb":{"@id":"https:\/\/emea.dev.technetix.com\/de\/newsletter\/#breadcrumb"},"inLanguage":"de","potentialAction":[{"@type":"ReadAction","target":["https:\/\/emea.dev.technetix.com\/de\/newsletter\/"]}]},{"@type":"BreadcrumbList","@id":"https:\/\/emea.dev.technetix.com\/de\/newsletter\/#breadcrumb","itemListElement":[{"@type":"ListItem","position":1,"name":"Home","item":"https:\/\/emea.dev.technetix.com\/de\/"},{"@type":"ListItem","position":2,"name":"Abonnement-Pr\u00e4ferenzen"}]},{"@type":"WebSite","@id":"https:\/\/emea.dev.technetix.com\/de\/#website","url":"https:\/\/emea.dev.technetix.com\/de\/","name":"Technetix","description":"Next-generation broadband equipment engineering","publisher":{"@id":"https:\/\/emea.dev.technetix.com\/de\/#organization"},"potentialAction":[{"@type":"SearchAction","target":{"@type":"EntryPoint","urlTemplate":"https:\/\/emea.dev.technetix.com\/de\/?s={search_term_string}"},"query-input":{"@type":"PropertyValueSpecification","valueRequired":true,"valueName":"search_term_string"}}],"inLanguage":"de"},{"@type":"Organization","@id":"https:\/\/emea.dev.technetix.com\/de\/#organization","name":"Technetix","url":"https:\/\/emea.dev.technetix.com\/de\/","logo":{"@type":"ImageObject","inLanguage":"de","@id":"https:\/\/emea.dev.technetix.com\/de\/#\/schema\/logo\/image\/","url":"https:\/\/emea.dev.technetix.com\/wp-content\/uploads\/sites\/2\/2023\/06\/logo-Technetix-1000x1000-1.png","contentUrl":"https:\/\/emea.dev.technetix.com\/wp-content\/uploads\/sites\/2\/2023\/06\/logo-Technetix-1000x1000-1.png","width":1000,"height":1000,"caption":"Technetix"},"image":{"@id":"https:\/\/emea.dev.technetix.com\/de\/#\/schema\/logo\/image\/"},"sameAs":["https:\/\/x.com\/technetixgroup","https:\/\/www.linkedin.com\/company\/technetix\/","https:\/\/www.youtube.com\/c\/Technetix-group"]}]}},"acf":[],"publishpress_future_workflow_manual_trigger":{"enabledWorkflows":[]},"_links":{"self":[{"href":"https:\/\/emea.dev.technetix.com\/de\/wp-json\/wp\/v2\/pages\/6411"}],"collection":[{"href":"https:\/\/emea.dev.technetix.com\/de\/wp-json\/wp\/v2\/pages"}],"about":[{"href":"https:\/\/emea.dev.technetix.com\/de\/wp-json\/wp\/v2\/types\/page"}],"author":[{"embeddable":true,"href":"https:\/\/emea.dev.technetix.com\/de\/wp-json\/wp\/v2\/users\/1"}],"replies":[{"embeddable":true,"href":"https:\/\/emea.dev.technetix.com\/de\/wp-json\/wp\/v2\/comments?post=6411"}],"version-history":[{"count":4,"href":"https:\/\/emea.dev.technetix.com\/de\/wp-json\/wp\/v2\/pages\/6411\/revisions"}],"predecessor-version":[{"id":6642,"href":"https:\/\/emea.dev.technetix.com\/de\/wp-json\/wp\/v2\/pages\/6411\/revisions\/6642"}],"wp:attachment":[{"href":"https:\/\/emea.dev.technetix.com\/de\/wp-json\/wp\/v2\/media?parent=6411"}],"curies":[{"name":"wp","href":"https:\/\/api.w.org\/{rel}","templated":true}]}}