{"id":6407,"date":"2023-02-02T20:06:49","date_gmt":"2023-02-02T20:06:49","guid":{"rendered":"https:\/\/emea.dev.technetix.com\/hfc-netzwerke\/mehrfachabzweiger-und-passive-leitungskomponenten\/ab-serie-erdabzweiger\/"},"modified":"2023-05-05T13:52:54","modified_gmt":"2023-05-05T13:52:54","slug":"ab-serie-erdabzweiger","status":"publish","type":"page","link":"https:\/\/emea.dev.technetix.com\/de\/hfc-netzwerke\/mehrfachabzweiger-und-passive-leitungskomponenten\/ab-serie-erdabzweiger\/","title":{"rendered":"AB-Serie Erdabzweiger"},"content":{"rendered":"<div class=\"gb-container gb-container-f86f3f4f gb-container-hero-banner\"><div class=\"gb-inside-container\">\n<h1 class=\"gb-headline gb-headline-e1547755 gb-headline-text gb-headline-hero-banner-title\">AB-Serie Erdabzweiger<\/h1>\n<\/div><\/div><div class=\"gb-container gb-container-bca69d06 gb-container-inner-back-page-con\">\n<h2 class=\"gb-headline gb-headline-d02c52e4 gb-headline-text\">Robuste Hochleistungs-D-Line-Erdabzweiger.<\/h2>\n\n<ul class=\"wp-block-list\"><li>Erdverteiler wurden prim\u00e4r f\u00fcr den unterirdischen Einsatz in CATV-Gebieten entwickelt.<\/li>\n\n<li>Je nach Typ k\u00f6nnen bis zu vier abzweigende Kabel an eine CATV-Signalleitung angeschlossen werden.<\/li>\n\n<li>Verf\u00fcgbar als Zweifach-Verteiler oder als 1, 2, 3 oder 4-fach Abzweiger mit Standard-D\u00e4mpfungsgliedern (10, 15 oder 20 dB).<\/li>\n\n<li>Die Produkte haben f\u00fcr den Up- und Downstream von 5 bis 1200 MHz einen optimierten Frequenzverlauf.<\/li><\/ul>\n<\/div><div class=\"gb-container gb-container-563164f0\"><div class=\"gb-inside-container\">\n<figure class=\"gb-block-image gb-block-image-61e35e7d\"><img loading=\"lazy\" decoding=\"async\" width=\"1920\" height=\"548\" class=\"gb-image gb-image-61e35e7d\" src=\"https:\/\/emea.dev.technetix.com\/wp-content\/uploads\/sites\/2\/2023\/02\/19005238_AB-410_PRFL_05-3b.jpeg\" alt=\"Die Kabelverbinder bestehen aus einem flexiblen Koaxialkabel mit festen HF-Steckverbindern. Es werden Kontakth\u00fclsen 4\/20 genutzt.\" srcset=\"https:\/\/emea.dev.technetix.com\/wp-content\/uploads\/sites\/2\/2023\/02\/19005238_AB-410_PRFL_05-3b.jpeg 1920w, https:\/\/emea.dev.technetix.com\/wp-content\/uploads\/sites\/2\/2023\/02\/19005238_AB-410_PRFL_05-3b-300x86.jpeg 300w, https:\/\/emea.dev.technetix.com\/wp-content\/uploads\/sites\/2\/2023\/02\/19005238_AB-410_PRFL_05-3b-1024x292.jpeg 1024w, https:\/\/emea.dev.technetix.com\/wp-content\/uploads\/sites\/2\/2023\/02\/19005238_AB-410_PRFL_05-3b-768x219.jpeg 768w, https:\/\/emea.dev.technetix.com\/wp-content\/uploads\/sites\/2\/2023\/02\/19005238_AB-410_PRFL_05-3b-1536x438.jpeg 1536w, https:\/\/emea.dev.technetix.com\/wp-content\/uploads\/sites\/2\/2023\/02\/19005238_AB-410_PRFL_05-3b-600x171.jpeg 600w\" sizes=\"(max-width: 1920px) 100vw, 1920px\" \/><\/figure>\n<\/div><\/div><div class=\"gb-container gb-container-79bd2807 gb-container-inner-back-page-con\">\n<p class=\"gb-headline gb-headline-5ac64bf6 gb-headline-text\">Die Kabelverbinder bestehen aus einem flexiblen Koaxialkabel mit festen HF-Steckverbindern. Es werden Kontakth\u00fclsen 4\/20 genutzt.<\/p>\n\n<p class=\"gb-headline gb-headline-a67e2ee0 gb-headline-text\">Zus\u00e4tzlich wird mit dem modifizierten Design dieser neuen Technetix-Abzweiger ein besonders hohes Schirmungsma\u00df erreicht.<\/p>\n<\/div><div class=\"gb-container gb-container-ee2cb390 gb-container-con-buttons-bottom\">\n<h2 class=\"gb-headline gb-headline-431676ce gb-headline-text gb-headline-head-bottom-buttons\">N\u00fctzliche Links<\/h2>\n\n<div class=\"gb-button-wrapper gb-button-wrapper-97e49234 gb-button-wrapper-after-con-buttons\">\n<a class=\"gb-button gb-button-03babf68 gb-button-text gb-button-bottom-button\" href=\"https:\/\/emea.dev.technetix.com\/de\/produkte\/breitband-technologie\/abzweiger-auseneinsatz\/?swoof=1&amp;pa_style-sub-brand=ab-series&amp;really_curr_tax=665-product_cat\">\u00dcberblick \u00fcber die Serie<\/a>\n\n<a class=\"gb-button gb-button-8631b1ab gb-button-text gb-button-bottom-button\" href=\"https:\/\/emea.dev.technetix.com\/de\/kontakt\/\">Kontakt<\/a>\n<\/div>\n<\/div>","protected":false},"excerpt":{"rendered":"<p>AB-Serie Erdabzweiger Robuste Hochleistungs-D-Line-Erdabzweiger. Die Kabelverbinder bestehen aus einem flexiblen Koaxialkabel mit festen HF-Steckverbindern. Es werden Kontakth\u00fclsen 4\/20 genutzt. Zus\u00e4tzlich wird mit dem modifizierten Design dieser neuen Technetix-Abzweiger ein besonders hohes Schirmungsma\u00df erreicht. N\u00fctzliche Links<\/p>\n","protected":false},"author":1,"featured_media":2451,"parent":6185,"menu_order":0,"comment_status":"open","ping_status":"closed","template":"","meta":{"_acf_changed":false,"_gspb_post_css":"","footnotes":""},"class_list":["post-6407","page","type-page","status-publish","has-post-thumbnail"],"yoast_head":"<!-- This site is optimized with the Yoast SEO Premium plugin v22.5 (Yoast SEO v23.7) - https:\/\/yoast.com\/wordpress\/plugins\/seo\/ -->\n<title>AB-Serie Erdabzweiger - Technetix EMEA<\/title>\n<meta name=\"robots\" content=\"index, follow, max-snippet:-1, max-image-preview:large, max-video-preview:-1\" \/>\n<link rel=\"canonical\" href=\"https:\/\/emea.dev.technetix.com\/de\/hfc-netzwerke\/mehrfachabzweiger-und-passive-leitungskomponenten\/ab-serie-erdabzweiger\/\" \/>\n<meta property=\"og:locale\" content=\"de_DE\" \/>\n<meta property=\"og:type\" content=\"article\" \/>\n<meta property=\"og:title\" content=\"AB-Serie Erdabzweiger - Technetix EMEA\" \/>\n<meta property=\"og:description\" content=\"AB-Serie Erdabzweiger Robuste Hochleistungs-D-Line-Erdabzweiger. Die Kabelverbinder bestehen aus einem flexiblen Koaxialkabel mit festen HF-Steckverbindern. Es werden Kontakth\u00fclsen 4\/20 genutzt. Zus\u00e4tzlich wird mit dem modifizierten Design dieser neuen Technetix-Abzweiger ein besonders hohes Schirmungsma\u00df erreicht. N\u00fctzliche Links\" \/>\n<meta property=\"og:url\" content=\"https:\/\/emea.dev.technetix.com\/de\/hfc-netzwerke\/mehrfachabzweiger-und-passive-leitungskomponenten\/ab-serie-erdabzweiger\/\" \/>\n<meta property=\"og:site_name\" content=\"Technetix EMEA\" \/>\n<meta property=\"article:modified_time\" content=\"2023-05-05T13:52:54+00:00\" \/>\n<meta property=\"og:image\" content=\"https:\/\/emea.dev.technetix.com\/wp-content\/uploads\/sites\/2\/2023\/02\/LANDING_PAGE_LARGE_UTG_FINAL.jpeg\" \/>\n\t<meta property=\"og:image:width\" content=\"1920\" \/>\n\t<meta property=\"og:image:height\" content=\"450\" \/>\n\t<meta property=\"og:image:type\" content=\"image\/jpeg\" \/>\n<meta name=\"twitter:card\" content=\"summary_large_image\" \/>\n<meta name=\"twitter:site\" content=\"@technetixgroup\" \/>\n<meta name=\"twitter:label1\" content=\"Gesch\u00e4tzte Lesezeit\" \/>\n\t<meta name=\"twitter:data1\" content=\"1\u00a0Minute\" \/>\n<script type=\"application\/ld+json\" class=\"yoast-schema-graph\">{\"@context\":\"https:\/\/schema.org\",\"@graph\":[{\"@type\":\"WebPage\",\"@id\":\"https:\/\/emea.dev.technetix.com\/de\/hfc-netzwerke\/mehrfachabzweiger-und-passive-leitungskomponenten\/ab-serie-erdabzweiger\/\",\"url\":\"https:\/\/emea.dev.technetix.com\/de\/hfc-netzwerke\/mehrfachabzweiger-und-passive-leitungskomponenten\/ab-serie-erdabzweiger\/\",\"name\":\"AB-Serie Erdabzweiger - Technetix EMEA\",\"isPartOf\":{\"@id\":\"https:\/\/emea.dev.technetix.com\/de\/#website\"},\"primaryImageOfPage\":{\"@id\":\"https:\/\/emea.dev.technetix.com\/de\/hfc-netzwerke\/mehrfachabzweiger-und-passive-leitungskomponenten\/ab-serie-erdabzweiger\/#primaryimage\"},\"image\":{\"@id\":\"https:\/\/emea.dev.technetix.com\/de\/hfc-netzwerke\/mehrfachabzweiger-und-passive-leitungskomponenten\/ab-serie-erdabzweiger\/#primaryimage\"},\"thumbnailUrl\":\"https:\/\/emea.dev.technetix.com\/wp-content\/uploads\/sites\/2\/2023\/02\/LANDING_PAGE_LARGE_UTG_FINAL.jpeg\",\"datePublished\":\"2023-02-02T20:06:49+00:00\",\"dateModified\":\"2023-05-05T13:52:54+00:00\",\"breadcrumb\":{\"@id\":\"https:\/\/emea.dev.technetix.com\/de\/hfc-netzwerke\/mehrfachabzweiger-und-passive-leitungskomponenten\/ab-serie-erdabzweiger\/#breadcrumb\"},\"inLanguage\":\"de\",\"potentialAction\":[{\"@type\":\"ReadAction\",\"target\":[\"https:\/\/emea.dev.technetix.com\/de\/hfc-netzwerke\/mehrfachabzweiger-und-passive-leitungskomponenten\/ab-serie-erdabzweiger\/\"]}]},{\"@type\":\"ImageObject\",\"inLanguage\":\"de\",\"@id\":\"https:\/\/emea.dev.technetix.com\/de\/hfc-netzwerke\/mehrfachabzweiger-und-passive-leitungskomponenten\/ab-serie-erdabzweiger\/#primaryimage\",\"url\":\"https:\/\/emea.dev.technetix.com\/wp-content\/uploads\/sites\/2\/2023\/02\/LANDING_PAGE_LARGE_UTG_FINAL.jpeg\",\"contentUrl\":\"https:\/\/emea.dev.technetix.com\/wp-content\/uploads\/sites\/2\/2023\/02\/LANDING_PAGE_LARGE_UTG_FINAL.jpeg\",\"width\":1920,\"height\":450},{\"@type\":\"BreadcrumbList\",\"@id\":\"https:\/\/emea.dev.technetix.com\/de\/hfc-netzwerke\/mehrfachabzweiger-und-passive-leitungskomponenten\/ab-serie-erdabzweiger\/#breadcrumb\",\"itemListElement\":[{\"@type\":\"ListItem\",\"position\":1,\"name\":\"Home\",\"item\":\"https:\/\/emea.dev.technetix.com\/de\/\"},{\"@type\":\"ListItem\",\"position\":2,\"name\":\"Breitband Kabel\",\"item\":\"https:\/\/emea.dev.technetix.com\/de\/hfc-netzwerke\/\"},{\"@type\":\"ListItem\",\"position\":3,\"name\":\"Mehrfachabzweiger und passive Leitungskomponenten\",\"item\":\"https:\/\/emea.dev.technetix.com\/de\/hfc-netzwerke\/mehrfachabzweiger-und-passive-leitungskomponenten\/\"},{\"@type\":\"ListItem\",\"position\":4,\"name\":\"AB-Serie Erdabzweiger\"}]},{\"@type\":\"WebSite\",\"@id\":\"https:\/\/emea.dev.technetix.com\/de\/#website\",\"url\":\"https:\/\/emea.dev.technetix.com\/de\/\",\"name\":\"Technetix\",\"description\":\"Next-generation broadband equipment engineering\",\"publisher\":{\"@id\":\"https:\/\/emea.dev.technetix.com\/de\/#organization\"},\"potentialAction\":[{\"@type\":\"SearchAction\",\"target\":{\"@type\":\"EntryPoint\",\"urlTemplate\":\"https:\/\/emea.dev.technetix.com\/de\/?s={search_term_string}\"},\"query-input\":{\"@type\":\"PropertyValueSpecification\",\"valueRequired\":true,\"valueName\":\"search_term_string\"}}],\"inLanguage\":\"de\"},{\"@type\":\"Organization\",\"@id\":\"https:\/\/emea.dev.technetix.com\/de\/#organization\",\"name\":\"Technetix\",\"url\":\"https:\/\/emea.dev.technetix.com\/de\/\",\"logo\":{\"@type\":\"ImageObject\",\"inLanguage\":\"de\",\"@id\":\"https:\/\/emea.dev.technetix.com\/de\/#\/schema\/logo\/image\/\",\"url\":\"https:\/\/emea.dev.technetix.com\/wp-content\/uploads\/sites\/2\/2023\/06\/logo-Technetix-1000x1000-1.png\",\"contentUrl\":\"https:\/\/emea.dev.technetix.com\/wp-content\/uploads\/sites\/2\/2023\/06\/logo-Technetix-1000x1000-1.png\",\"width\":1000,\"height\":1000,\"caption\":\"Technetix\"},\"image\":{\"@id\":\"https:\/\/emea.dev.technetix.com\/de\/#\/schema\/logo\/image\/\"},\"sameAs\":[\"https:\/\/x.com\/technetixgroup\",\"https:\/\/www.linkedin.com\/company\/technetix\/\",\"https:\/\/www.youtube.com\/c\/Technetix-group\"]}]}<\/script>\n<!-- \/ Yoast SEO Premium plugin. -->","yoast_head_json":{"title":"AB-Serie Erdabzweiger - Technetix EMEA","robots":{"index":"index","follow":"follow","max-snippet":"max-snippet:-1","max-image-preview":"max-image-preview:large","max-video-preview":"max-video-preview:-1"},"canonical":"https:\/\/emea.dev.technetix.com\/de\/hfc-netzwerke\/mehrfachabzweiger-und-passive-leitungskomponenten\/ab-serie-erdabzweiger\/","og_locale":"de_DE","og_type":"article","og_title":"AB-Serie Erdabzweiger - Technetix EMEA","og_description":"AB-Serie Erdabzweiger Robuste Hochleistungs-D-Line-Erdabzweiger. Die Kabelverbinder bestehen aus einem flexiblen Koaxialkabel mit festen HF-Steckverbindern. Es werden Kontakth\u00fclsen 4\/20 genutzt. Zus\u00e4tzlich wird mit dem modifizierten Design dieser neuen Technetix-Abzweiger ein besonders hohes Schirmungsma\u00df erreicht. N\u00fctzliche Links","og_url":"https:\/\/emea.dev.technetix.com\/de\/hfc-netzwerke\/mehrfachabzweiger-und-passive-leitungskomponenten\/ab-serie-erdabzweiger\/","og_site_name":"Technetix EMEA","article_modified_time":"2023-05-05T13:52:54+00:00","og_image":[{"width":1920,"height":450,"url":"https:\/\/emea.dev.technetix.com\/wp-content\/uploads\/sites\/2\/2023\/02\/LANDING_PAGE_LARGE_UTG_FINAL.jpeg","type":"image\/jpeg"}],"twitter_card":"summary_large_image","twitter_site":"@technetixgroup","twitter_misc":{"Gesch\u00e4tzte Lesezeit":"1\u00a0Minute"},"schema":{"@context":"https:\/\/schema.org","@graph":[{"@type":"WebPage","@id":"https:\/\/emea.dev.technetix.com\/de\/hfc-netzwerke\/mehrfachabzweiger-und-passive-leitungskomponenten\/ab-serie-erdabzweiger\/","url":"https:\/\/emea.dev.technetix.com\/de\/hfc-netzwerke\/mehrfachabzweiger-und-passive-leitungskomponenten\/ab-serie-erdabzweiger\/","name":"AB-Serie Erdabzweiger - Technetix EMEA","isPartOf":{"@id":"https:\/\/emea.dev.technetix.com\/de\/#website"},"primaryImageOfPage":{"@id":"https:\/\/emea.dev.technetix.com\/de\/hfc-netzwerke\/mehrfachabzweiger-und-passive-leitungskomponenten\/ab-serie-erdabzweiger\/#primaryimage"},"image":{"@id":"https:\/\/emea.dev.technetix.com\/de\/hfc-netzwerke\/mehrfachabzweiger-und-passive-leitungskomponenten\/ab-serie-erdabzweiger\/#primaryimage"},"thumbnailUrl":"https:\/\/emea.dev.technetix.com\/wp-content\/uploads\/sites\/2\/2023\/02\/LANDING_PAGE_LARGE_UTG_FINAL.jpeg","datePublished":"2023-02-02T20:06:49+00:00","dateModified":"2023-05-05T13:52:54+00:00","breadcrumb":{"@id":"https:\/\/emea.dev.technetix.com\/de\/hfc-netzwerke\/mehrfachabzweiger-und-passive-leitungskomponenten\/ab-serie-erdabzweiger\/#breadcrumb"},"inLanguage":"de","potentialAction":[{"@type":"ReadAction","target":["https:\/\/emea.dev.technetix.com\/de\/hfc-netzwerke\/mehrfachabzweiger-und-passive-leitungskomponenten\/ab-serie-erdabzweiger\/"]}]},{"@type":"ImageObject","inLanguage":"de","@id":"https:\/\/emea.dev.technetix.com\/de\/hfc-netzwerke\/mehrfachabzweiger-und-passive-leitungskomponenten\/ab-serie-erdabzweiger\/#primaryimage","url":"https:\/\/emea.dev.technetix.com\/wp-content\/uploads\/sites\/2\/2023\/02\/LANDING_PAGE_LARGE_UTG_FINAL.jpeg","contentUrl":"https:\/\/emea.dev.technetix.com\/wp-content\/uploads\/sites\/2\/2023\/02\/LANDING_PAGE_LARGE_UTG_FINAL.jpeg","width":1920,"height":450},{"@type":"BreadcrumbList","@id":"https:\/\/emea.dev.technetix.com\/de\/hfc-netzwerke\/mehrfachabzweiger-und-passive-leitungskomponenten\/ab-serie-erdabzweiger\/#breadcrumb","itemListElement":[{"@type":"ListItem","position":1,"name":"Home","item":"https:\/\/emea.dev.technetix.com\/de\/"},{"@type":"ListItem","position":2,"name":"Breitband Kabel","item":"https:\/\/emea.dev.technetix.com\/de\/hfc-netzwerke\/"},{"@type":"ListItem","position":3,"name":"Mehrfachabzweiger und passive Leitungskomponenten","item":"https:\/\/emea.dev.technetix.com\/de\/hfc-netzwerke\/mehrfachabzweiger-und-passive-leitungskomponenten\/"},{"@type":"ListItem","position":4,"name":"AB-Serie Erdabzweiger"}]},{"@type":"WebSite","@id":"https:\/\/emea.dev.technetix.com\/de\/#website","url":"https:\/\/emea.dev.technetix.com\/de\/","name":"Technetix","description":"Next-generation broadband equipment engineering","publisher":{"@id":"https:\/\/emea.dev.technetix.com\/de\/#organization"},"potentialAction":[{"@type":"SearchAction","target":{"@type":"EntryPoint","urlTemplate":"https:\/\/emea.dev.technetix.com\/de\/?s={search_term_string}"},"query-input":{"@type":"PropertyValueSpecification","valueRequired":true,"valueName":"search_term_string"}}],"inLanguage":"de"},{"@type":"Organization","@id":"https:\/\/emea.dev.technetix.com\/de\/#organization","name":"Technetix","url":"https:\/\/emea.dev.technetix.com\/de\/","logo":{"@type":"ImageObject","inLanguage":"de","@id":"https:\/\/emea.dev.technetix.com\/de\/#\/schema\/logo\/image\/","url":"https:\/\/emea.dev.technetix.com\/wp-content\/uploads\/sites\/2\/2023\/06\/logo-Technetix-1000x1000-1.png","contentUrl":"https:\/\/emea.dev.technetix.com\/wp-content\/uploads\/sites\/2\/2023\/06\/logo-Technetix-1000x1000-1.png","width":1000,"height":1000,"caption":"Technetix"},"image":{"@id":"https:\/\/emea.dev.technetix.com\/de\/#\/schema\/logo\/image\/"},"sameAs":["https:\/\/x.com\/technetixgroup","https:\/\/www.linkedin.com\/company\/technetix\/","https:\/\/www.youtube.com\/c\/Technetix-group"]}]}},"acf":[],"publishpress_future_workflow_manual_trigger":{"enabledWorkflows":[]},"_links":{"self":[{"href":"https:\/\/emea.dev.technetix.com\/de\/wp-json\/wp\/v2\/pages\/6407"}],"collection":[{"href":"https:\/\/emea.dev.technetix.com\/de\/wp-json\/wp\/v2\/pages"}],"about":[{"href":"https:\/\/emea.dev.technetix.com\/de\/wp-json\/wp\/v2\/types\/page"}],"author":[{"embeddable":true,"href":"https:\/\/emea.dev.technetix.com\/de\/wp-json\/wp\/v2\/users\/1"}],"replies":[{"embeddable":true,"href":"https:\/\/emea.dev.technetix.com\/de\/wp-json\/wp\/v2\/comments?post=6407"}],"version-history":[{"count":3,"href":"https:\/\/emea.dev.technetix.com\/de\/wp-json\/wp\/v2\/pages\/6407\/revisions"}],"predecessor-version":[{"id":19202,"href":"https:\/\/emea.dev.technetix.com\/de\/wp-json\/wp\/v2\/pages\/6407\/revisions\/19202"}],"up":[{"embeddable":true,"href":"https:\/\/emea.dev.technetix.com\/de\/wp-json\/wp\/v2\/pages\/6185"}],"wp:featuredmedia":[{"embeddable":true,"href":"https:\/\/emea.dev.technetix.com\/de\/wp-json\/wp\/v2\/media\/2451"}],"wp:attachment":[{"href":"https:\/\/emea.dev.technetix.com\/de\/wp-json\/wp\/v2\/media?parent=6407"}],"curies":[{"name":"wp","href":"https:\/\/api.w.org\/{rel}","templated":true}]}}