{"id":6397,"date":"2023-02-02T22:16:11","date_gmt":"2023-02-02T22:16:11","guid":{"rendered":"https:\/\/emea.dev.technetix.com\/hfc-netzwerke\/komponenten-fur-hausnetzwerke\/ghn-powerline\/"},"modified":"2023-06-07T20:04:49","modified_gmt":"2023-06-07T20:04:49","slug":"ghn-powerline","status":"publish","type":"page","link":"https:\/\/emea.dev.technetix.com\/de\/hfc-netzwerke\/komponenten-fur-hausnetzwerke\/ghn-powerline\/","title":{"rendered":"G.hn Powerline"},"content":{"rendered":"<div class=\"gb-container gb-container-f86f3f4f gb-container-hero-banner\"><div class=\"gb-inside-container\">\n<h1 class=\"gb-headline gb-headline-e1547755 gb-headline-text gb-headline-hero-banner-title\">G.hn Powerline<\/h1>\n<\/div><\/div><div class=\"gb-container gb-container-e6d37ac2 gb-container-inner-back-page-con\">\n<p class=\"gb-headline gb-headline-6656b5c3 gb-headline-text\">Die Powerline-Technologie erm\u00f6glicht die Einrichtung einer Ethernet-Verbindung \u00fcber eine existierende elektrische Verkabelung. Die Ethernet-Verbindung kann zum Anschluss eines TV-Ger\u00e4ts oder eines PCs genutzt werden und auch einen Wi-Fi Access Point versorgen. <\/p>\n\n<p class=\"gb-headline gb-headline-4beb2edb gb-headline-text\">Die Powerline-Produkte wurden auf G.hn aktualisiert. Dies ist ein neuer Standard, der Datenraten von mehr als 1 Gbps im physischen Layer erlaubt und sehr viel stabiler harmoniert als fr\u00fchere HomePlug-zertifizierte Produkte.<\/p>\n\n<figure class=\"gb-block-image gb-block-image-61e35e7d\"><img loading=\"lazy\" decoding=\"async\" width=\"1832\" height=\"1168\" class=\"gb-image gb-image-61e35e7d\" src=\"https:\/\/emea.dev.technetix.com\/wp-content\/uploads\/sites\/2\/2023\/02\/Ghn-powerline-house-diagram2.jpeg\" alt=\"Die Powerline-Produkte wurden auf G.hn aktualisiert. Dies ist ein neuer Standard, der Datenraten von mehr als 1 Gbps im physischen Layer erlaubt und sehr viel stabiler harmoniert als fr\u00fchere HomePlug-zertifizierte Produkte.\" srcset=\"https:\/\/emea.dev.technetix.com\/wp-content\/uploads\/sites\/2\/2023\/02\/Ghn-powerline-house-diagram2.jpeg 1832w, https:\/\/emea.dev.technetix.com\/wp-content\/uploads\/sites\/2\/2023\/02\/Ghn-powerline-house-diagram2-300x191.jpeg 300w, https:\/\/emea.dev.technetix.com\/wp-content\/uploads\/sites\/2\/2023\/02\/Ghn-powerline-house-diagram2-1024x653.jpeg 1024w, https:\/\/emea.dev.technetix.com\/wp-content\/uploads\/sites\/2\/2023\/02\/Ghn-powerline-house-diagram2-768x490.jpeg 768w, https:\/\/emea.dev.technetix.com\/wp-content\/uploads\/sites\/2\/2023\/02\/Ghn-powerline-house-diagram2-1536x979.jpeg 1536w, https:\/\/emea.dev.technetix.com\/wp-content\/uploads\/sites\/2\/2023\/02\/Ghn-powerline-house-diagram2-600x383.jpeg 600w\" sizes=\"(max-width: 1832px) 100vw, 1832px\" \/><\/figure>\n\n<h2 class=\"gb-headline gb-headline-6b17d0fd gb-headline-text gb-headline-h2-in-content\">Technetix G.hn Powerline Bridge<\/h2>\n\n<p class=\"gb-headline gb-headline-623f5b86 gb-headline-text\">Die Powerline Bridge dient der Herstellung einer Ethernet-Verbindung in einem Raum. Ein Ger\u00e4t wird nahe eines Internet-Modems positioniert, das andere Ger\u00e4t befindet sich in dem zu verbindenden Raum. Die Ger\u00e4te werden durch Dr\u00fccken der Verbindungstaste (f\u00fcr drei Sekunden) miteinander verbunden.  <\/p>\n\n<figure class=\"gb-block-image gb-block-image-f5380205\"><img loading=\"lazy\" decoding=\"async\" width=\"1395\" height=\"1200\" class=\"gb-image gb-image-f5380205\" src=\"https:\/\/emea.dev.technetix.com\/wp-content\/uploads\/sites\/2\/2023\/02\/11201901_PL-Bridge_PRFL_03.jpeg\" alt=\"Technetix G.hn Powerline Bridge\" srcset=\"https:\/\/emea.dev.technetix.com\/wp-content\/uploads\/sites\/2\/2023\/02\/11201901_PL-Bridge_PRFL_03.jpeg 1395w, https:\/\/emea.dev.technetix.com\/wp-content\/uploads\/sites\/2\/2023\/02\/11201901_PL-Bridge_PRFL_03-300x258.jpeg 300w, https:\/\/emea.dev.technetix.com\/wp-content\/uploads\/sites\/2\/2023\/02\/11201901_PL-Bridge_PRFL_03-1024x881.jpeg 1024w, https:\/\/emea.dev.technetix.com\/wp-content\/uploads\/sites\/2\/2023\/02\/11201901_PL-Bridge_PRFL_03-768x661.jpeg 768w, https:\/\/emea.dev.technetix.com\/wp-content\/uploads\/sites\/2\/2023\/02\/11201901_PL-Bridge_PRFL_03-600x516.jpeg 600w\" sizes=\"(max-width: 1395px) 100vw, 1395px\" \/><\/figure>\n\n<h2 class=\"gb-headline gb-headline-4b572e45 gb-headline-text gb-headline-h2-in-content\">Technetix G.hn Powerline Wi-Fi<\/h2>\n\n<p class=\"gb-headline gb-headline-c9b08205 gb-headline-text\">Mit Powerline Wi-Fi kann ein leistungsf\u00e4higes Wi-Fi-Netzwerk \u00fcber die existierende elektrische Verkabelung eingerichtet werden. Ein Wi-Fi-Ger\u00e4t wird nahe eines Internet-Modems positioniert, die weiteren Wi-Fi-Ger\u00e4te sollten sich dort befinden, wo das Signal verbessert werden soll. Die Ger\u00e4te werden durch Dr\u00fccken der Verbindungstaste (f\u00fcr drei Sekunden) miteinander verbunden. Die Technetix Wi-Fi-Ger\u00e4te werden nach Herstellung der Verbindung automatisch eine Wi-Fi-SSID mit einem Passwort generieren. Anschlie\u00dfend arbeiten die Ger\u00e4te zusammen und werden Benutzer automatisch in Echtzeit an die jeweils optimale Sendeeinheit \u00fcbergeben.    <\/p>\n\n<figure class=\"gb-block-image gb-block-image-dd19386a\"><img loading=\"lazy\" decoding=\"async\" width=\"1395\" height=\"1200\" class=\"gb-image gb-image-dd19386a\" src=\"https:\/\/emea.dev.technetix.com\/wp-content\/uploads\/sites\/2\/2023\/02\/11201901_PL-Wifi_PRFL_03.jpeg\" alt=\"Technetix G.hn Powerline Wi-Fi\" srcset=\"https:\/\/emea.dev.technetix.com\/wp-content\/uploads\/sites\/2\/2023\/02\/11201901_PL-Wifi_PRFL_03.jpeg 1395w, https:\/\/emea.dev.technetix.com\/wp-content\/uploads\/sites\/2\/2023\/02\/11201901_PL-Wifi_PRFL_03-300x258.jpeg 300w, https:\/\/emea.dev.technetix.com\/wp-content\/uploads\/sites\/2\/2023\/02\/11201901_PL-Wifi_PRFL_03-1024x881.jpeg 1024w, https:\/\/emea.dev.technetix.com\/wp-content\/uploads\/sites\/2\/2023\/02\/11201901_PL-Wifi_PRFL_03-768x661.jpeg 768w, https:\/\/emea.dev.technetix.com\/wp-content\/uploads\/sites\/2\/2023\/02\/11201901_PL-Wifi_PRFL_03-600x516.jpeg 600w\" sizes=\"(max-width: 1395px) 100vw, 1395px\" \/><\/figure>\n<\/div><div class=\"gb-container gb-container-597523cc gb-container-con-buttons-bottom\">\n<h2 class=\"gb-headline gb-headline-7ce6fa4b gb-headline-text gb-headline-head-bottom-buttons\">N\u00fctzliche Links<\/h2>\n\n<div class=\"gb-button-wrapper gb-button-wrapper-5300c273 gb-button-wrapper-after-con-buttons\">\n<a class=\"gb-button gb-button-3eadfa91 gb-button-text gb-button-bottom-button\" href=\"https:\/\/emea.dev.technetix.com\/de\/produkt\/technetix-g-hn-powerline-ethernet-bridge\/\">G.hn Powerline Bridge<\/a>\n\n<a class=\"gb-button gb-button-4723ea63 gb-button-text gb-button-bottom-button\" href=\"https:\/\/emea.dev.technetix.com\/de\/produkt\/technetix-g-hn-powerline-wi-fi-access-point\/\">G.hn Powerline Wi-Fi<\/a>\n\n<a class=\"gb-button gb-button-f2b35d6b gb-button-text gb-button-bottom-button\" href=\"https:\/\/emea.dev.technetix.com\/wp-content\/uploads\/sites\/2\/2023\/02\/POWERLINE-BRIDGE_MAN_EN.pdf\" target=\"_blank\" rel=\"noopener noreferrer\">User manual (Bridge)<\/a>\n\n<a class=\"gb-button gb-button-4ceed201 gb-button-text gb-button-bottom-button\" href=\"https:\/\/emea.dev.technetix.com\/wp-content\/uploads\/sites\/2\/2023\/02\/POWERLINE-WIFI_MAN_EN.pdf\" target=\"_blank\" rel=\"noopener noreferrer\">User manual (Wi-Fi)<\/a>\n\n<a class=\"gb-button gb-button-74bfad52 gb-button-text gb-button-bottom-button\" href=\"https:\/\/emea.dev.technetix.com\/de\/kontakt\/\">Kontakt<\/a>\n<\/div>\n<\/div>","protected":false},"excerpt":{"rendered":"<p>G.hn Powerline Die Powerline-Technologie erm\u00f6glicht die Einrichtung einer Ethernet-Verbindung \u00fcber eine existierende elektrische Verkabelung. Die Ethernet-Verbindung kann zum Anschluss eines TV-Ger\u00e4ts oder eines PCs genutzt werden und auch einen Wi-Fi Access Point versorgen. Die Powerline-Produkte wurden auf G.hn aktualisiert. Dies ist ein neuer Standard, der Datenraten von mehr als 1 Gbps im physischen Layer erlaubt &#8230; <a title=\"G.hn Powerline\" class=\"read-more\" href=\"https:\/\/emea.dev.technetix.com\/de\/hfc-netzwerke\/komponenten-fur-hausnetzwerke\/ghn-powerline\/\" aria-label=\"Mehr zu G.hn Powerline\">Read more<\/a><\/p>\n","protected":false},"author":1,"featured_media":2511,"parent":6195,"menu_order":0,"comment_status":"open","ping_status":"closed","template":"","meta":{"_acf_changed":false,"_gspb_post_css":"","footnotes":""},"class_list":["post-6397","page","type-page","status-publish","has-post-thumbnail"],"yoast_head":"<!-- This site is optimized with the Yoast SEO Premium plugin v22.5 (Yoast SEO v23.7) - https:\/\/yoast.com\/wordpress\/plugins\/seo\/ -->\n<title>G.hn Powerline - Technetix EMEA<\/title>\n<meta name=\"robots\" content=\"index, follow, max-snippet:-1, max-image-preview:large, max-video-preview:-1\" \/>\n<link rel=\"canonical\" href=\"https:\/\/emea.dev.technetix.com\/de\/hfc-netzwerke\/komponenten-fur-hausnetzwerke\/ghn-powerline\/\" \/>\n<meta property=\"og:locale\" content=\"de_DE\" \/>\n<meta property=\"og:type\" content=\"article\" \/>\n<meta property=\"og:title\" content=\"G.hn Powerline - Technetix EMEA\" \/>\n<meta property=\"og:description\" content=\"G.hn Powerline Die Powerline-Technologie erm\u00f6glicht die Einrichtung einer Ethernet-Verbindung \u00fcber eine existierende elektrische Verkabelung. Die Ethernet-Verbindung kann zum Anschluss eines TV-Ger\u00e4ts oder eines PCs genutzt werden und auch einen Wi-Fi Access Point versorgen. Die Powerline-Produkte wurden auf G.hn aktualisiert. Dies ist ein neuer Standard, der Datenraten von mehr als 1 Gbps im physischen Layer erlaubt ... Read more\" \/>\n<meta property=\"og:url\" content=\"https:\/\/emea.dev.technetix.com\/de\/hfc-netzwerke\/komponenten-fur-hausnetzwerke\/ghn-powerline\/\" \/>\n<meta property=\"og:site_name\" content=\"Technetix EMEA\" \/>\n<meta property=\"article:modified_time\" content=\"2023-06-07T20:04:49+00:00\" \/>\n<meta property=\"og:image\" content=\"https:\/\/emea.dev.technetix.com\/wp-content\/uploads\/sites\/2\/2023\/02\/LANDING_PAGE_LARGE_POWERLINE_FINAL.jpeg\" \/>\n\t<meta property=\"og:image:width\" content=\"1920\" \/>\n\t<meta property=\"og:image:height\" content=\"450\" \/>\n\t<meta property=\"og:image:type\" content=\"image\/jpeg\" \/>\n<meta name=\"twitter:card\" content=\"summary_large_image\" \/>\n<meta name=\"twitter:site\" content=\"@technetixgroup\" \/>\n<meta name=\"twitter:label1\" content=\"Gesch\u00e4tzte Lesezeit\" \/>\n\t<meta name=\"twitter:data1\" content=\"2\u00a0Minuten\" \/>\n<script type=\"application\/ld+json\" class=\"yoast-schema-graph\">{\"@context\":\"https:\/\/schema.org\",\"@graph\":[{\"@type\":\"WebPage\",\"@id\":\"https:\/\/emea.dev.technetix.com\/de\/hfc-netzwerke\/komponenten-fur-hausnetzwerke\/ghn-powerline\/\",\"url\":\"https:\/\/emea.dev.technetix.com\/de\/hfc-netzwerke\/komponenten-fur-hausnetzwerke\/ghn-powerline\/\",\"name\":\"G.hn Powerline - Technetix EMEA\",\"isPartOf\":{\"@id\":\"https:\/\/emea.dev.technetix.com\/de\/#website\"},\"primaryImageOfPage\":{\"@id\":\"https:\/\/emea.dev.technetix.com\/de\/hfc-netzwerke\/komponenten-fur-hausnetzwerke\/ghn-powerline\/#primaryimage\"},\"image\":{\"@id\":\"https:\/\/emea.dev.technetix.com\/de\/hfc-netzwerke\/komponenten-fur-hausnetzwerke\/ghn-powerline\/#primaryimage\"},\"thumbnailUrl\":\"https:\/\/emea.dev.technetix.com\/wp-content\/uploads\/sites\/2\/2023\/02\/LANDING_PAGE_LARGE_POWERLINE_FINAL.jpeg\",\"datePublished\":\"2023-02-02T22:16:11+00:00\",\"dateModified\":\"2023-06-07T20:04:49+00:00\",\"breadcrumb\":{\"@id\":\"https:\/\/emea.dev.technetix.com\/de\/hfc-netzwerke\/komponenten-fur-hausnetzwerke\/ghn-powerline\/#breadcrumb\"},\"inLanguage\":\"de\",\"potentialAction\":[{\"@type\":\"ReadAction\",\"target\":[\"https:\/\/emea.dev.technetix.com\/de\/hfc-netzwerke\/komponenten-fur-hausnetzwerke\/ghn-powerline\/\"]}]},{\"@type\":\"ImageObject\",\"inLanguage\":\"de\",\"@id\":\"https:\/\/emea.dev.technetix.com\/de\/hfc-netzwerke\/komponenten-fur-hausnetzwerke\/ghn-powerline\/#primaryimage\",\"url\":\"https:\/\/emea.dev.technetix.com\/wp-content\/uploads\/sites\/2\/2023\/02\/LANDING_PAGE_LARGE_POWERLINE_FINAL.jpeg\",\"contentUrl\":\"https:\/\/emea.dev.technetix.com\/wp-content\/uploads\/sites\/2\/2023\/02\/LANDING_PAGE_LARGE_POWERLINE_FINAL.jpeg\",\"width\":1920,\"height\":450},{\"@type\":\"BreadcrumbList\",\"@id\":\"https:\/\/emea.dev.technetix.com\/de\/hfc-netzwerke\/komponenten-fur-hausnetzwerke\/ghn-powerline\/#breadcrumb\",\"itemListElement\":[{\"@type\":\"ListItem\",\"position\":1,\"name\":\"Home\",\"item\":\"https:\/\/emea.dev.technetix.com\/de\/\"},{\"@type\":\"ListItem\",\"position\":2,\"name\":\"Breitband Kabel\",\"item\":\"https:\/\/emea.dev.technetix.com\/de\/hfc-netzwerke\/\"},{\"@type\":\"ListItem\",\"position\":3,\"name\":\"Komponenten f\u00fcr Hausnetzwerke\",\"item\":\"https:\/\/emea.dev.technetix.com\/de\/hfc-netzwerke\/komponenten-fur-hausnetzwerke\/\"},{\"@type\":\"ListItem\",\"position\":4,\"name\":\"G.hn Powerline\"}]},{\"@type\":\"WebSite\",\"@id\":\"https:\/\/emea.dev.technetix.com\/de\/#website\",\"url\":\"https:\/\/emea.dev.technetix.com\/de\/\",\"name\":\"Technetix\",\"description\":\"Next-generation broadband equipment engineering\",\"publisher\":{\"@id\":\"https:\/\/emea.dev.technetix.com\/de\/#organization\"},\"potentialAction\":[{\"@type\":\"SearchAction\",\"target\":{\"@type\":\"EntryPoint\",\"urlTemplate\":\"https:\/\/emea.dev.technetix.com\/de\/?s={search_term_string}\"},\"query-input\":{\"@type\":\"PropertyValueSpecification\",\"valueRequired\":true,\"valueName\":\"search_term_string\"}}],\"inLanguage\":\"de\"},{\"@type\":\"Organization\",\"@id\":\"https:\/\/emea.dev.technetix.com\/de\/#organization\",\"name\":\"Technetix\",\"url\":\"https:\/\/emea.dev.technetix.com\/de\/\",\"logo\":{\"@type\":\"ImageObject\",\"inLanguage\":\"de\",\"@id\":\"https:\/\/emea.dev.technetix.com\/de\/#\/schema\/logo\/image\/\",\"url\":\"https:\/\/emea.dev.technetix.com\/wp-content\/uploads\/sites\/2\/2023\/06\/logo-Technetix-1000x1000-1.png\",\"contentUrl\":\"https:\/\/emea.dev.technetix.com\/wp-content\/uploads\/sites\/2\/2023\/06\/logo-Technetix-1000x1000-1.png\",\"width\":1000,\"height\":1000,\"caption\":\"Technetix\"},\"image\":{\"@id\":\"https:\/\/emea.dev.technetix.com\/de\/#\/schema\/logo\/image\/\"},\"sameAs\":[\"https:\/\/x.com\/technetixgroup\",\"https:\/\/www.linkedin.com\/company\/technetix\/\",\"https:\/\/www.youtube.com\/c\/Technetix-group\"]}]}<\/script>\n<!-- \/ Yoast SEO Premium plugin. -->","yoast_head_json":{"title":"G.hn Powerline - Technetix EMEA","robots":{"index":"index","follow":"follow","max-snippet":"max-snippet:-1","max-image-preview":"max-image-preview:large","max-video-preview":"max-video-preview:-1"},"canonical":"https:\/\/emea.dev.technetix.com\/de\/hfc-netzwerke\/komponenten-fur-hausnetzwerke\/ghn-powerline\/","og_locale":"de_DE","og_type":"article","og_title":"G.hn Powerline - Technetix EMEA","og_description":"G.hn Powerline Die Powerline-Technologie erm\u00f6glicht die Einrichtung einer Ethernet-Verbindung \u00fcber eine existierende elektrische Verkabelung. Die Ethernet-Verbindung kann zum Anschluss eines TV-Ger\u00e4ts oder eines PCs genutzt werden und auch einen Wi-Fi Access Point versorgen. Die Powerline-Produkte wurden auf G.hn aktualisiert. Dies ist ein neuer Standard, der Datenraten von mehr als 1 Gbps im physischen Layer erlaubt ... Read more","og_url":"https:\/\/emea.dev.technetix.com\/de\/hfc-netzwerke\/komponenten-fur-hausnetzwerke\/ghn-powerline\/","og_site_name":"Technetix EMEA","article_modified_time":"2023-06-07T20:04:49+00:00","og_image":[{"width":1920,"height":450,"url":"https:\/\/emea.dev.technetix.com\/wp-content\/uploads\/sites\/2\/2023\/02\/LANDING_PAGE_LARGE_POWERLINE_FINAL.jpeg","type":"image\/jpeg"}],"twitter_card":"summary_large_image","twitter_site":"@technetixgroup","twitter_misc":{"Gesch\u00e4tzte Lesezeit":"2\u00a0Minuten"},"schema":{"@context":"https:\/\/schema.org","@graph":[{"@type":"WebPage","@id":"https:\/\/emea.dev.technetix.com\/de\/hfc-netzwerke\/komponenten-fur-hausnetzwerke\/ghn-powerline\/","url":"https:\/\/emea.dev.technetix.com\/de\/hfc-netzwerke\/komponenten-fur-hausnetzwerke\/ghn-powerline\/","name":"G.hn Powerline - Technetix EMEA","isPartOf":{"@id":"https:\/\/emea.dev.technetix.com\/de\/#website"},"primaryImageOfPage":{"@id":"https:\/\/emea.dev.technetix.com\/de\/hfc-netzwerke\/komponenten-fur-hausnetzwerke\/ghn-powerline\/#primaryimage"},"image":{"@id":"https:\/\/emea.dev.technetix.com\/de\/hfc-netzwerke\/komponenten-fur-hausnetzwerke\/ghn-powerline\/#primaryimage"},"thumbnailUrl":"https:\/\/emea.dev.technetix.com\/wp-content\/uploads\/sites\/2\/2023\/02\/LANDING_PAGE_LARGE_POWERLINE_FINAL.jpeg","datePublished":"2023-02-02T22:16:11+00:00","dateModified":"2023-06-07T20:04:49+00:00","breadcrumb":{"@id":"https:\/\/emea.dev.technetix.com\/de\/hfc-netzwerke\/komponenten-fur-hausnetzwerke\/ghn-powerline\/#breadcrumb"},"inLanguage":"de","potentialAction":[{"@type":"ReadAction","target":["https:\/\/emea.dev.technetix.com\/de\/hfc-netzwerke\/komponenten-fur-hausnetzwerke\/ghn-powerline\/"]}]},{"@type":"ImageObject","inLanguage":"de","@id":"https:\/\/emea.dev.technetix.com\/de\/hfc-netzwerke\/komponenten-fur-hausnetzwerke\/ghn-powerline\/#primaryimage","url":"https:\/\/emea.dev.technetix.com\/wp-content\/uploads\/sites\/2\/2023\/02\/LANDING_PAGE_LARGE_POWERLINE_FINAL.jpeg","contentUrl":"https:\/\/emea.dev.technetix.com\/wp-content\/uploads\/sites\/2\/2023\/02\/LANDING_PAGE_LARGE_POWERLINE_FINAL.jpeg","width":1920,"height":450},{"@type":"BreadcrumbList","@id":"https:\/\/emea.dev.technetix.com\/de\/hfc-netzwerke\/komponenten-fur-hausnetzwerke\/ghn-powerline\/#breadcrumb","itemListElement":[{"@type":"ListItem","position":1,"name":"Home","item":"https:\/\/emea.dev.technetix.com\/de\/"},{"@type":"ListItem","position":2,"name":"Breitband Kabel","item":"https:\/\/emea.dev.technetix.com\/de\/hfc-netzwerke\/"},{"@type":"ListItem","position":3,"name":"Komponenten f\u00fcr Hausnetzwerke","item":"https:\/\/emea.dev.technetix.com\/de\/hfc-netzwerke\/komponenten-fur-hausnetzwerke\/"},{"@type":"ListItem","position":4,"name":"G.hn Powerline"}]},{"@type":"WebSite","@id":"https:\/\/emea.dev.technetix.com\/de\/#website","url":"https:\/\/emea.dev.technetix.com\/de\/","name":"Technetix","description":"Next-generation broadband equipment engineering","publisher":{"@id":"https:\/\/emea.dev.technetix.com\/de\/#organization"},"potentialAction":[{"@type":"SearchAction","target":{"@type":"EntryPoint","urlTemplate":"https:\/\/emea.dev.technetix.com\/de\/?s={search_term_string}"},"query-input":{"@type":"PropertyValueSpecification","valueRequired":true,"valueName":"search_term_string"}}],"inLanguage":"de"},{"@type":"Organization","@id":"https:\/\/emea.dev.technetix.com\/de\/#organization","name":"Technetix","url":"https:\/\/emea.dev.technetix.com\/de\/","logo":{"@type":"ImageObject","inLanguage":"de","@id":"https:\/\/emea.dev.technetix.com\/de\/#\/schema\/logo\/image\/","url":"https:\/\/emea.dev.technetix.com\/wp-content\/uploads\/sites\/2\/2023\/06\/logo-Technetix-1000x1000-1.png","contentUrl":"https:\/\/emea.dev.technetix.com\/wp-content\/uploads\/sites\/2\/2023\/06\/logo-Technetix-1000x1000-1.png","width":1000,"height":1000,"caption":"Technetix"},"image":{"@id":"https:\/\/emea.dev.technetix.com\/de\/#\/schema\/logo\/image\/"},"sameAs":["https:\/\/x.com\/technetixgroup","https:\/\/www.linkedin.com\/company\/technetix\/","https:\/\/www.youtube.com\/c\/Technetix-group"]}]}},"acf":[],"publishpress_future_workflow_manual_trigger":{"enabledWorkflows":[]},"_links":{"self":[{"href":"https:\/\/emea.dev.technetix.com\/de\/wp-json\/wp\/v2\/pages\/6397"}],"collection":[{"href":"https:\/\/emea.dev.technetix.com\/de\/wp-json\/wp\/v2\/pages"}],"about":[{"href":"https:\/\/emea.dev.technetix.com\/de\/wp-json\/wp\/v2\/types\/page"}],"author":[{"embeddable":true,"href":"https:\/\/emea.dev.technetix.com\/de\/wp-json\/wp\/v2\/users\/1"}],"replies":[{"embeddable":true,"href":"https:\/\/emea.dev.technetix.com\/de\/wp-json\/wp\/v2\/comments?post=6397"}],"version-history":[{"count":4,"href":"https:\/\/emea.dev.technetix.com\/de\/wp-json\/wp\/v2\/pages\/6397\/revisions"}],"predecessor-version":[{"id":21828,"href":"https:\/\/emea.dev.technetix.com\/de\/wp-json\/wp\/v2\/pages\/6397\/revisions\/21828"}],"up":[{"embeddable":true,"href":"https:\/\/emea.dev.technetix.com\/de\/wp-json\/wp\/v2\/pages\/6195"}],"wp:featuredmedia":[{"embeddable":true,"href":"https:\/\/emea.dev.technetix.com\/de\/wp-json\/wp\/v2\/media\/2511"}],"wp:attachment":[{"href":"https:\/\/emea.dev.technetix.com\/de\/wp-json\/wp\/v2\/media?parent=6397"}],"curies":[{"name":"wp","href":"https:\/\/api.w.org\/{rel}","templated":true}]}}