{"id":6395,"date":"2023-02-02T21:56:14","date_gmt":"2023-02-02T21:56:14","guid":{"rendered":"https:\/\/emea.dev.technetix.com\/hfc-netzwerke\/komponenten-fur-hausnetzwerke\/ez-amp\/"},"modified":"2024-02-08T10:35:08","modified_gmt":"2024-02-08T10:35:08","slug":"ez-amp","status":"publish","type":"page","link":"https:\/\/emea.dev.technetix.com\/de\/hfc-netzwerke\/komponenten-fur-hausnetzwerke\/ez-amp\/","title":{"rendered":"EZ-Amp"},"content":{"rendered":"<div class=\"gb-container gb-container-f86f3f4f gb-container-hero-banner\"><div class=\"gb-inside-container\">\n<h1 class=\"gb-headline gb-headline-e1547755 gb-headline-text gb-headline-hero-banner-title\">EZ-Amp<\/h1>\n<\/div><\/div><div class=\"gb-container gb-container-fed5be23 gb-container-inner-back-page-con\">\n<h2 class=\"gb-headline gb-headline-d02c52e4 gb-headline-text\">Den Upstream f\u00fcr die Zukunft vorbereiten.<\/h2>\n\n<ul class=\"wp-block-list\"><li>Vollst\u00e4ndig mit DOCSIS 3.1 kompatibler Verst\u00e4rker mit 1,2 GHz Downstream und 204 MHz Upstream<\/li>\n\n<li>Von 65\/85 zu 204\/258 MHz schaltbare Diplex-Filter<\/li>\n\n<li>Attraktives Design und optionale Abdeckungen erlauben den Einsatz in Wohnbereichen<\/li><\/ul>\n\n<p class=\"gb-headline gb-headline-6656b5c3 gb-headline-text\">Die Einf\u00fchrung von DOCSIS 3.1 hat das Downstream-Frequenzband auf 1,2 GHz erweitert und die Aufteilung des Upstream-Bands auf 204 MHz angehoben. Momentan werden 1,2 GHz Wohnungsverst\u00e4rker f\u00fcr den Inneneinsatz je nach Einsatzregion mit einer festen Bandaufteilung von 42\/54 oder 65\/85 MHz eingesetzt. Bei der Aufr\u00fcstung eines Haushalts von DOCSIS 3.0 auf DOCSIS 3.1 muss das Teilungsverh\u00e4ltnis des Wohnungsverst\u00e4rkers auf 204\/258 MHz angehoben werden. Meistens erfordert dies teure Vor-Ort-Eins\u00e4tze zum Austausch des Verst\u00e4rkers im Haus des Kunden oder ein komplexes und teures allgemeines Aufr\u00fcstungsprogramm f\u00fcr allen Kunden. Alle aktuellen Hausanschlussverst\u00e4rker mit geringem Teilungsverh\u00e4ltnis m\u00fcssen ersetzt werden, sobald der Diplex-Filteraustausch in Zugangsnetzen erfolgt.    <\/p>\n\n<figure class=\"gb-block-image gb-block-image-61e35e7d\"><img loading=\"lazy\" decoding=\"async\" width=\"600\" height=\"600\" class=\"gb-image gb-image-61e35e7d\" src=\"https:\/\/emea.dev.technetix.com\/wp-content\/uploads\/sites\/2\/2023\/02\/problem_ez-amp.jpeg\" alt=\"Vollst\u00e4ndig mit DOCSIS 3.1 kompatibler Verst\u00e4rker mit 1,2 GHz Downstream und 204 MHz Upstream\" srcset=\"https:\/\/emea.dev.technetix.com\/wp-content\/uploads\/sites\/2\/2023\/02\/problem_ez-amp.jpeg 600w, https:\/\/emea.dev.technetix.com\/wp-content\/uploads\/sites\/2\/2023\/02\/problem_ez-amp-300x300.jpeg 300w, https:\/\/emea.dev.technetix.com\/wp-content\/uploads\/sites\/2\/2023\/02\/problem_ez-amp-150x150.jpeg 150w, https:\/\/emea.dev.technetix.com\/wp-content\/uploads\/sites\/2\/2023\/02\/problem_ez-amp-100x100.jpeg 100w\" sizes=\"(max-width: 600px) 100vw, 600px\" \/><\/figure>\n<\/div><div class=\"gb-container gb-container-96438770\"><div class=\"gb-inside-container\"><\/div><\/div><div class=\"gb-container gb-container-7e23f552 gb-container-inner-back-page-con\">\n<h2 class=\"gb-headline gb-headline-8f084a72 gb-headline-text gb-headline-h2-in-content\">Eine L\u00f6sung zur Verst\u00e4rkung der CPE<\/h2>\n\n<p class=\"gb-headline gb-headline-9bdf2e3a gb-headline-text\">Technetix hat diese Herausforderung mit der Einf\u00fchrung der EZ-Amp-Verst\u00e4rkerserie mit ihren automatisch schaltbaren Diplex-Filtern gemeistert. Diese Filter erm\u00f6glichen eine \u201eNo Touch\u201c-Aufr\u00fcstung des Upstreams beim Kunden. Durch die Aufr\u00fcstung von konventionellen 862 MHz- oder 1 GHz-Netzwerken auf heute 1,2 GHz, erm\u00f6glicht Technetix den Benutzern die Vorbereitung des Upstreams f\u00fcr die Zukunft. <\/p>\n\n<p class=\"gb-headline gb-headline-b7f80498 gb-headline-text\">Die EZ-AMP-Basis Serie beinhaltet die patentierte Technetix-Technologie zur automatischen Umschaltung von Diplex-Filtern. Bei Aktivierung der Fernwartung und Aufr\u00fcstung zu einem neuen Teilungsverh\u00e4ltnis beginnen die Modems im Heimnetzwerk mit der \u00dcbertragung von HF-Signalen mit Frequenzen \u00fcber 65 MHz. Der EZ-Amp detektiert diese Signale und schaltet die Diplex-Filter automatisch zur Durchlassung zu den neuen DOCSIS 3.1-Upstream-HF-Signalen um.  <\/p>\n\n<p class=\"gb-headline gb-headline-b1286c89 gb-headline-text\">Die HF-Detektion im EZ-Amp identifiziert den Wechsel des Modems zu einem h\u00f6heren Upstream-Band automatisch und justiert sofort die internen Schaltungen. Die Technik erlaubt eine sofortige und vollst\u00e4ndige Nutzung des neuen 204 MHz Upstream Bandes. Der Kunde hat daher keine Datenunterbrechungen, von dem Netzbetreiber sind keine weiteren Eingriffe f\u00fcr eine DOCSIS 3.1-Aufr\u00fcstung im Haushalt erforderlich. <\/p>\n\n<p class=\"gb-headline gb-headline-80901a12 gb-headline-text\">Diese patentierte Switching-Technologie wurde in realen Netzwerkumgebungen getestet und verifiziert.<\/p>\n\n<figure class=\"gb-block-image gb-block-image-fb488e61\"><img loading=\"lazy\" decoding=\"async\" width=\"600\" height=\"600\" class=\"gb-image gb-image-fb488e61\" src=\"https:\/\/emea.dev.technetix.com\/wp-content\/uploads\/sites\/2\/2023\/02\/solution_ez-amp.jpeg\" alt=\"Eine L\u00f6sung zur Verst\u00e4rkung der CPE\" srcset=\"https:\/\/emea.dev.technetix.com\/wp-content\/uploads\/sites\/2\/2023\/02\/solution_ez-amp.jpeg 600w, https:\/\/emea.dev.technetix.com\/wp-content\/uploads\/sites\/2\/2023\/02\/solution_ez-amp-300x300.jpeg 300w, https:\/\/emea.dev.technetix.com\/wp-content\/uploads\/sites\/2\/2023\/02\/solution_ez-amp-150x150.jpeg 150w, https:\/\/emea.dev.technetix.com\/wp-content\/uploads\/sites\/2\/2023\/02\/solution_ez-amp-100x100.jpeg 100w\" sizes=\"(max-width: 600px) 100vw, 600px\" \/><\/figure>\n<\/div><div class=\"gb-container gb-container-8ef03eb7 gb-container-con-buttons-bottom\">\n<h2 class=\"gb-headline gb-headline-3e437dab gb-headline-text gb-headline-head-bottom-buttons\">N\u00fctzliche Links<\/h2>\n\n<div class=\"gb-button-wrapper gb-button-wrapper-068b0509 gb-button-wrapper-after-con-buttons\">\n<a class=\"gb-button gb-button-50ffcde4 gb-button-text gb-button-bottom-button\" href=\"https:\/\/emea.dev.technetix.com\/de\/produkt\/1-2-ghz-auto-adaptive-band-split-in-home-amplifier\/\">EZ-Amp Basic<\/a>\n\n<a class=\"gb-button gb-button-7248a959 gb-button-text gb-button-bottom-button\" href=\"https:\/\/emea.dev.technetix.com\/de\/produkt\/1-2ghz-unity-gain-in-home-amplifier\/\">EZ-Amp Lite<\/a>\n\n<a class=\"gb-button gb-button-f1bbdb78 gb-button-text gb-button-bottom-button\" href=\"https:\/\/emea.dev.technetix.com\/de\/produkte\/breitband-technologie\/hausverstarker-inneneinsatz\/\">Verst\u00e4rker f\u00fcr den Haushalt<\/a>\n\n<a class=\"gb-button gb-button-81a5d3dc gb-button-text gb-button-bottom-button\" href=\"https:\/\/emea.dev.technetix.com\/de\/kontakt\/\">Kontakt<\/a>\n<\/div>\n<\/div>","protected":false},"excerpt":{"rendered":"<p>EZ-Amp Den Upstream f\u00fcr die Zukunft vorbereiten. Die Einf\u00fchrung von DOCSIS 3.1 hat das Downstream-Frequenzband auf 1,2 GHz erweitert und die Aufteilung des Upstream-Bands auf 204 MHz angehoben. Momentan werden 1,2 GHz Wohnungsverst\u00e4rker f\u00fcr den Inneneinsatz je nach Einsatzregion mit einer festen Bandaufteilung von 42\/54 oder 65\/85 MHz eingesetzt. Bei der Aufr\u00fcstung eines Haushalts von &#8230; <a title=\"EZ-Amp\" class=\"read-more\" href=\"https:\/\/emea.dev.technetix.com\/de\/hfc-netzwerke\/komponenten-fur-hausnetzwerke\/ez-amp\/\" aria-label=\"Mehr zu EZ-Amp\">Read more<\/a><\/p>\n","protected":false},"author":1,"featured_media":2520,"parent":6195,"menu_order":0,"comment_status":"closed","ping_status":"closed","template":"","meta":{"_acf_changed":false,"_gspb_post_css":"","footnotes":""},"class_list":["post-6395","page","type-page","status-publish","has-post-thumbnail"],"yoast_head":"<!-- This site is optimized with the Yoast SEO Premium plugin v22.5 (Yoast SEO v23.7) - https:\/\/yoast.com\/wordpress\/plugins\/seo\/ -->\n<title>EZ-Amp - Technetix EMEA<\/title>\n<meta name=\"robots\" content=\"index, follow, max-snippet:-1, max-image-preview:large, max-video-preview:-1\" \/>\n<link rel=\"canonical\" href=\"https:\/\/emea.dev.technetix.com\/de\/hfc-netzwerke\/komponenten-fur-hausnetzwerke\/ez-amp\/\" \/>\n<meta property=\"og:locale\" content=\"de_DE\" \/>\n<meta property=\"og:type\" content=\"article\" \/>\n<meta property=\"og:title\" content=\"EZ-Amp - Technetix EMEA\" \/>\n<meta property=\"og:description\" content=\"EZ-Amp Den Upstream f\u00fcr die Zukunft vorbereiten. Die Einf\u00fchrung von DOCSIS 3.1 hat das Downstream-Frequenzband auf 1,2 GHz erweitert und die Aufteilung des Upstream-Bands auf 204 MHz angehoben. Momentan werden 1,2 GHz Wohnungsverst\u00e4rker f\u00fcr den Inneneinsatz je nach Einsatzregion mit einer festen Bandaufteilung von 42\/54 oder 65\/85 MHz eingesetzt. Bei der Aufr\u00fcstung eines Haushalts von ... Read more\" \/>\n<meta property=\"og:url\" content=\"https:\/\/emea.dev.technetix.com\/de\/hfc-netzwerke\/komponenten-fur-hausnetzwerke\/ez-amp\/\" \/>\n<meta property=\"og:site_name\" content=\"Technetix EMEA\" \/>\n<meta property=\"article:modified_time\" content=\"2024-02-08T10:35:08+00:00\" \/>\n<meta property=\"og:image\" content=\"https:\/\/emea.dev.technetix.com\/wp-content\/uploads\/sites\/2\/2023\/02\/LANDING_PAGE_LARGE_EZAMP_FINAL.jpeg\" \/>\n\t<meta property=\"og:image:width\" content=\"1920\" \/>\n\t<meta property=\"og:image:height\" content=\"450\" \/>\n\t<meta property=\"og:image:type\" content=\"image\/jpeg\" \/>\n<meta name=\"twitter:card\" content=\"summary_large_image\" \/>\n<meta name=\"twitter:site\" content=\"@technetixgroup\" \/>\n<meta name=\"twitter:label1\" content=\"Gesch\u00e4tzte Lesezeit\" \/>\n\t<meta name=\"twitter:data1\" content=\"1\u00a0Minute\" \/>\n<script type=\"application\/ld+json\" class=\"yoast-schema-graph\">{\"@context\":\"https:\/\/schema.org\",\"@graph\":[{\"@type\":\"WebPage\",\"@id\":\"https:\/\/emea.dev.technetix.com\/de\/hfc-netzwerke\/komponenten-fur-hausnetzwerke\/ez-amp\/\",\"url\":\"https:\/\/emea.dev.technetix.com\/de\/hfc-netzwerke\/komponenten-fur-hausnetzwerke\/ez-amp\/\",\"name\":\"EZ-Amp - Technetix EMEA\",\"isPartOf\":{\"@id\":\"https:\/\/emea.dev.technetix.com\/de\/#website\"},\"primaryImageOfPage\":{\"@id\":\"https:\/\/emea.dev.technetix.com\/de\/hfc-netzwerke\/komponenten-fur-hausnetzwerke\/ez-amp\/#primaryimage\"},\"image\":{\"@id\":\"https:\/\/emea.dev.technetix.com\/de\/hfc-netzwerke\/komponenten-fur-hausnetzwerke\/ez-amp\/#primaryimage\"},\"thumbnailUrl\":\"https:\/\/emea.dev.technetix.com\/wp-content\/uploads\/sites\/2\/2023\/02\/LANDING_PAGE_LARGE_EZAMP_FINAL.jpeg\",\"datePublished\":\"2023-02-02T21:56:14+00:00\",\"dateModified\":\"2024-02-08T10:35:08+00:00\",\"breadcrumb\":{\"@id\":\"https:\/\/emea.dev.technetix.com\/de\/hfc-netzwerke\/komponenten-fur-hausnetzwerke\/ez-amp\/#breadcrumb\"},\"inLanguage\":\"de\",\"potentialAction\":[{\"@type\":\"ReadAction\",\"target\":[\"https:\/\/emea.dev.technetix.com\/de\/hfc-netzwerke\/komponenten-fur-hausnetzwerke\/ez-amp\/\"]}]},{\"@type\":\"ImageObject\",\"inLanguage\":\"de\",\"@id\":\"https:\/\/emea.dev.technetix.com\/de\/hfc-netzwerke\/komponenten-fur-hausnetzwerke\/ez-amp\/#primaryimage\",\"url\":\"https:\/\/emea.dev.technetix.com\/wp-content\/uploads\/sites\/2\/2023\/02\/LANDING_PAGE_LARGE_EZAMP_FINAL.jpeg\",\"contentUrl\":\"https:\/\/emea.dev.technetix.com\/wp-content\/uploads\/sites\/2\/2023\/02\/LANDING_PAGE_LARGE_EZAMP_FINAL.jpeg\",\"width\":1920,\"height\":450},{\"@type\":\"BreadcrumbList\",\"@id\":\"https:\/\/emea.dev.technetix.com\/de\/hfc-netzwerke\/komponenten-fur-hausnetzwerke\/ez-amp\/#breadcrumb\",\"itemListElement\":[{\"@type\":\"ListItem\",\"position\":1,\"name\":\"Home\",\"item\":\"https:\/\/emea.dev.technetix.com\/de\/\"},{\"@type\":\"ListItem\",\"position\":2,\"name\":\"Breitband Kabel\",\"item\":\"https:\/\/emea.dev.technetix.com\/de\/hfc-netzwerke\/\"},{\"@type\":\"ListItem\",\"position\":3,\"name\":\"Komponenten f\u00fcr Hausnetzwerke\",\"item\":\"https:\/\/emea.dev.technetix.com\/de\/hfc-netzwerke\/komponenten-fur-hausnetzwerke\/\"},{\"@type\":\"ListItem\",\"position\":4,\"name\":\"EZ-Amp\"}]},{\"@type\":\"WebSite\",\"@id\":\"https:\/\/emea.dev.technetix.com\/de\/#website\",\"url\":\"https:\/\/emea.dev.technetix.com\/de\/\",\"name\":\"Technetix\",\"description\":\"Next-generation broadband equipment engineering\",\"publisher\":{\"@id\":\"https:\/\/emea.dev.technetix.com\/de\/#organization\"},\"potentialAction\":[{\"@type\":\"SearchAction\",\"target\":{\"@type\":\"EntryPoint\",\"urlTemplate\":\"https:\/\/emea.dev.technetix.com\/de\/?s={search_term_string}\"},\"query-input\":{\"@type\":\"PropertyValueSpecification\",\"valueRequired\":true,\"valueName\":\"search_term_string\"}}],\"inLanguage\":\"de\"},{\"@type\":\"Organization\",\"@id\":\"https:\/\/emea.dev.technetix.com\/de\/#organization\",\"name\":\"Technetix\",\"url\":\"https:\/\/emea.dev.technetix.com\/de\/\",\"logo\":{\"@type\":\"ImageObject\",\"inLanguage\":\"de\",\"@id\":\"https:\/\/emea.dev.technetix.com\/de\/#\/schema\/logo\/image\/\",\"url\":\"https:\/\/emea.dev.technetix.com\/wp-content\/uploads\/sites\/2\/2023\/06\/logo-Technetix-1000x1000-1.png\",\"contentUrl\":\"https:\/\/emea.dev.technetix.com\/wp-content\/uploads\/sites\/2\/2023\/06\/logo-Technetix-1000x1000-1.png\",\"width\":1000,\"height\":1000,\"caption\":\"Technetix\"},\"image\":{\"@id\":\"https:\/\/emea.dev.technetix.com\/de\/#\/schema\/logo\/image\/\"},\"sameAs\":[\"https:\/\/x.com\/technetixgroup\",\"https:\/\/www.linkedin.com\/company\/technetix\/\",\"https:\/\/www.youtube.com\/c\/Technetix-group\"]}]}<\/script>\n<!-- \/ Yoast SEO Premium plugin. -->","yoast_head_json":{"title":"EZ-Amp - Technetix EMEA","robots":{"index":"index","follow":"follow","max-snippet":"max-snippet:-1","max-image-preview":"max-image-preview:large","max-video-preview":"max-video-preview:-1"},"canonical":"https:\/\/emea.dev.technetix.com\/de\/hfc-netzwerke\/komponenten-fur-hausnetzwerke\/ez-amp\/","og_locale":"de_DE","og_type":"article","og_title":"EZ-Amp - Technetix EMEA","og_description":"EZ-Amp Den Upstream f\u00fcr die Zukunft vorbereiten. Die Einf\u00fchrung von DOCSIS 3.1 hat das Downstream-Frequenzband auf 1,2 GHz erweitert und die Aufteilung des Upstream-Bands auf 204 MHz angehoben. Momentan werden 1,2 GHz Wohnungsverst\u00e4rker f\u00fcr den Inneneinsatz je nach Einsatzregion mit einer festen Bandaufteilung von 42\/54 oder 65\/85 MHz eingesetzt. Bei der Aufr\u00fcstung eines Haushalts von ... Read more","og_url":"https:\/\/emea.dev.technetix.com\/de\/hfc-netzwerke\/komponenten-fur-hausnetzwerke\/ez-amp\/","og_site_name":"Technetix EMEA","article_modified_time":"2024-02-08T10:35:08+00:00","og_image":[{"width":1920,"height":450,"url":"https:\/\/emea.dev.technetix.com\/wp-content\/uploads\/sites\/2\/2023\/02\/LANDING_PAGE_LARGE_EZAMP_FINAL.jpeg","type":"image\/jpeg"}],"twitter_card":"summary_large_image","twitter_site":"@technetixgroup","twitter_misc":{"Gesch\u00e4tzte Lesezeit":"1\u00a0Minute"},"schema":{"@context":"https:\/\/schema.org","@graph":[{"@type":"WebPage","@id":"https:\/\/emea.dev.technetix.com\/de\/hfc-netzwerke\/komponenten-fur-hausnetzwerke\/ez-amp\/","url":"https:\/\/emea.dev.technetix.com\/de\/hfc-netzwerke\/komponenten-fur-hausnetzwerke\/ez-amp\/","name":"EZ-Amp - Technetix EMEA","isPartOf":{"@id":"https:\/\/emea.dev.technetix.com\/de\/#website"},"primaryImageOfPage":{"@id":"https:\/\/emea.dev.technetix.com\/de\/hfc-netzwerke\/komponenten-fur-hausnetzwerke\/ez-amp\/#primaryimage"},"image":{"@id":"https:\/\/emea.dev.technetix.com\/de\/hfc-netzwerke\/komponenten-fur-hausnetzwerke\/ez-amp\/#primaryimage"},"thumbnailUrl":"https:\/\/emea.dev.technetix.com\/wp-content\/uploads\/sites\/2\/2023\/02\/LANDING_PAGE_LARGE_EZAMP_FINAL.jpeg","datePublished":"2023-02-02T21:56:14+00:00","dateModified":"2024-02-08T10:35:08+00:00","breadcrumb":{"@id":"https:\/\/emea.dev.technetix.com\/de\/hfc-netzwerke\/komponenten-fur-hausnetzwerke\/ez-amp\/#breadcrumb"},"inLanguage":"de","potentialAction":[{"@type":"ReadAction","target":["https:\/\/emea.dev.technetix.com\/de\/hfc-netzwerke\/komponenten-fur-hausnetzwerke\/ez-amp\/"]}]},{"@type":"ImageObject","inLanguage":"de","@id":"https:\/\/emea.dev.technetix.com\/de\/hfc-netzwerke\/komponenten-fur-hausnetzwerke\/ez-amp\/#primaryimage","url":"https:\/\/emea.dev.technetix.com\/wp-content\/uploads\/sites\/2\/2023\/02\/LANDING_PAGE_LARGE_EZAMP_FINAL.jpeg","contentUrl":"https:\/\/emea.dev.technetix.com\/wp-content\/uploads\/sites\/2\/2023\/02\/LANDING_PAGE_LARGE_EZAMP_FINAL.jpeg","width":1920,"height":450},{"@type":"BreadcrumbList","@id":"https:\/\/emea.dev.technetix.com\/de\/hfc-netzwerke\/komponenten-fur-hausnetzwerke\/ez-amp\/#breadcrumb","itemListElement":[{"@type":"ListItem","position":1,"name":"Home","item":"https:\/\/emea.dev.technetix.com\/de\/"},{"@type":"ListItem","position":2,"name":"Breitband Kabel","item":"https:\/\/emea.dev.technetix.com\/de\/hfc-netzwerke\/"},{"@type":"ListItem","position":3,"name":"Komponenten f\u00fcr Hausnetzwerke","item":"https:\/\/emea.dev.technetix.com\/de\/hfc-netzwerke\/komponenten-fur-hausnetzwerke\/"},{"@type":"ListItem","position":4,"name":"EZ-Amp"}]},{"@type":"WebSite","@id":"https:\/\/emea.dev.technetix.com\/de\/#website","url":"https:\/\/emea.dev.technetix.com\/de\/","name":"Technetix","description":"Next-generation broadband equipment engineering","publisher":{"@id":"https:\/\/emea.dev.technetix.com\/de\/#organization"},"potentialAction":[{"@type":"SearchAction","target":{"@type":"EntryPoint","urlTemplate":"https:\/\/emea.dev.technetix.com\/de\/?s={search_term_string}"},"query-input":{"@type":"PropertyValueSpecification","valueRequired":true,"valueName":"search_term_string"}}],"inLanguage":"de"},{"@type":"Organization","@id":"https:\/\/emea.dev.technetix.com\/de\/#organization","name":"Technetix","url":"https:\/\/emea.dev.technetix.com\/de\/","logo":{"@type":"ImageObject","inLanguage":"de","@id":"https:\/\/emea.dev.technetix.com\/de\/#\/schema\/logo\/image\/","url":"https:\/\/emea.dev.technetix.com\/wp-content\/uploads\/sites\/2\/2023\/06\/logo-Technetix-1000x1000-1.png","contentUrl":"https:\/\/emea.dev.technetix.com\/wp-content\/uploads\/sites\/2\/2023\/06\/logo-Technetix-1000x1000-1.png","width":1000,"height":1000,"caption":"Technetix"},"image":{"@id":"https:\/\/emea.dev.technetix.com\/de\/#\/schema\/logo\/image\/"},"sameAs":["https:\/\/x.com\/technetixgroup","https:\/\/www.linkedin.com\/company\/technetix\/","https:\/\/www.youtube.com\/c\/Technetix-group"]}]}},"acf":[],"publishpress_future_workflow_manual_trigger":{"enabledWorkflows":[]},"_links":{"self":[{"href":"https:\/\/emea.dev.technetix.com\/de\/wp-json\/wp\/v2\/pages\/6395"}],"collection":[{"href":"https:\/\/emea.dev.technetix.com\/de\/wp-json\/wp\/v2\/pages"}],"about":[{"href":"https:\/\/emea.dev.technetix.com\/de\/wp-json\/wp\/v2\/types\/page"}],"author":[{"embeddable":true,"href":"https:\/\/emea.dev.technetix.com\/de\/wp-json\/wp\/v2\/users\/1"}],"replies":[{"embeddable":true,"href":"https:\/\/emea.dev.technetix.com\/de\/wp-json\/wp\/v2\/comments?post=6395"}],"version-history":[{"count":6,"href":"https:\/\/emea.dev.technetix.com\/de\/wp-json\/wp\/v2\/pages\/6395\/revisions"}],"predecessor-version":[{"id":262895,"href":"https:\/\/emea.dev.technetix.com\/de\/wp-json\/wp\/v2\/pages\/6395\/revisions\/262895"}],"up":[{"embeddable":true,"href":"https:\/\/emea.dev.technetix.com\/de\/wp-json\/wp\/v2\/pages\/6195"}],"wp:featuredmedia":[{"embeddable":true,"href":"https:\/\/emea.dev.technetix.com\/de\/wp-json\/wp\/v2\/media\/2520"}],"wp:attachment":[{"href":"https:\/\/emea.dev.technetix.com\/de\/wp-json\/wp\/v2\/media?parent=6395"}],"curies":[{"name":"wp","href":"https:\/\/api.w.org\/{rel}","templated":true}]}}