{"id":6393,"date":"2023-01-31T13:12:11","date_gmt":"2023-01-31T13:12:11","guid":{"rendered":"https:\/\/emea.dev.technetix.com\/hfc-netzwerke\/losungen-fur-kopfstellen\/upstream-verteiler-und-combiner\/"},"modified":"2023-03-31T21:08:20","modified_gmt":"2023-03-31T21:08:20","slug":"upstream-verteiler-und-combiner","status":"publish","type":"page","link":"https:\/\/emea.dev.technetix.com\/de\/hfc-netzwerke\/losungen-fur-kopfstellen\/upstream-verteiler-und-combiner\/","title":{"rendered":"Upstream-Verteiler und Combiner"},"content":{"rendered":"<div class=\"gb-container gb-container-f86f3f4f gb-container-hero-banner\"><div class=\"gb-inside-container\">\n<h1 class=\"gb-headline gb-headline-e1547755 gb-headline-text gb-headline-hero-banner-title\">Upstream-Verteiler und Combiner<\/h1>\n<\/div><\/div><div class=\"gb-container gb-container-e5962792 gb-container-inner-back-page-con\">\n<h2 class=\"gb-headline gb-headline-d02c52e4 gb-headline-text\">Zur Erg\u00e4nzung der NCI-Plattform hat Technetix eine Upstream-L\u00f6sung entwickelt.<\/h2>\n\n<p class=\"gb-headline gb-headline-6656b5c3 gb-headline-text\">Upstream-Signale werden mit unterschiedlichen Service-Plattformen verbunden und f\u00fcr \u00dcberwachungs- und proaktive Wartungsapplikationen genutzt. Die Kopfstelle w\u00e4chst und die zu verbindenden Kabel werden l\u00e4nger. Dies geschieht in Kombination mit h\u00f6heren Upstream-Frequenzen (204 MHz), die mehr Tilt-Kompensation erfordern. Zwei unterschiedliche Ausgangspegel der optischen Empf\u00e4nger und unterschiedliche Eingangspegel der Service-Plattformen m\u00fcssen ebenfalls optimiert werden.  <\/p>\n\n<p class=\"gb-headline gb-headline-8d9a4d14 gb-headline-text\">Der neue Upstream-Verteiler-Combiner (Upstream Splitter Combiner, USC) erf\u00fcllt diese Anforderungen. Er nutzt dabei das NCI-Chassis und bietet eine \u00e4u\u00dferst flexible L\u00f6sung mit hoher Packungsdichte. Der USC bietet auch: <\/p>\n\n<ul class=\"wp-block-list\"><li>Eine DOCSIS 3.1 CCAP-konforme Combiner-L\u00f6sung<\/li>\n\n<li>Bis zu 44 US-Kan\u00e4le in einem 3HE-Chassis<\/li>\n\n<li>Eine elektronische Steuerung der Steigung und des Pegels f\u00fcr jeden Eingangsport (in 0,5 dB Stufen)<\/li>\n\n<li>Keine Unterbrechung der Dienste bei Einstellungs- oder \u00c4nderungsarbeiten<\/li>\n\n<li>Fernsteuerung und \u00dcberwachung \u00fcber SNMP und Webserver<\/li><\/ul>\n\n<figure class=\"gb-block-image gb-block-image-61e35e7d\"><img loading=\"lazy\" decoding=\"async\" width=\"750\" height=\"1000\" class=\"gb-image gb-image-61e35e7d\" src=\"https:\/\/emea.dev.technetix.com\/wp-content\/uploads\/sites\/2\/2023\/01\/USC-solution_inRack-web.jpeg\" alt=\"Upstream-Signale werden mit unterschiedlichen Service-Plattformen verbunden und f\u00fcr \u00dcberwachungs- und proaktive Wartungsapplikationen genutzt. Die Kopfstelle w\u00e4chst und die zu verbindenden Kabel werden l\u00e4nger. Dies geschieht in Kombination mit h\u00f6heren Upstream-Frequenzen (204 MHz), die mehr Tilt-Kompensation erfordern. Zwei unterschiedliche Ausgangspegel der optischen Empf\u00e4nger und unterschiedliche Eingangspegel der Service-Plattformen m\u00fcssen ebenfalls optimiert werden.\" srcset=\"https:\/\/emea.dev.technetix.com\/wp-content\/uploads\/sites\/2\/2023\/01\/USC-solution_inRack-web.jpeg 750w, https:\/\/emea.dev.technetix.com\/wp-content\/uploads\/sites\/2\/2023\/01\/USC-solution_inRack-web-225x300.jpeg 225w, https:\/\/emea.dev.technetix.com\/wp-content\/uploads\/sites\/2\/2023\/01\/USC-solution_inRack-web-600x800.jpeg 600w\" sizes=\"(max-width: 750px) 100vw, 750px\" \/><\/figure>\n<\/div><div class=\"gb-container gb-container-8efce9a9 gb-container-con-buttons-bottom\">\n<h2 class=\"gb-headline gb-headline-7ce6fa4b gb-headline-text gb-headline-head-bottom-buttons\">N\u00fctzliche Links<\/h2>\n\n<div class=\"gb-button-wrapper gb-button-wrapper-5300c273 gb-button-wrapper-after-con-buttons\">\n<a class=\"gb-button gb-button-74bfad52 gb-button-text gb-button-bottom-button\" href=\"https:\/\/emea.dev.technetix.com\/de\/kontakt\/\">Kontakt<\/a>\n<\/div>\n<\/div>","protected":false},"excerpt":{"rendered":"<p>Upstream-Verteiler und Combiner Zur Erg\u00e4nzung der NCI-Plattform hat Technetix eine Upstream-L\u00f6sung entwickelt. Upstream-Signale werden mit unterschiedlichen Service-Plattformen verbunden und f\u00fcr \u00dcberwachungs- und proaktive Wartungsapplikationen genutzt. Die Kopfstelle w\u00e4chst und die zu verbindenden Kabel werden l\u00e4nger. Dies geschieht in Kombination mit h\u00f6heren Upstream-Frequenzen (204 MHz), die mehr Tilt-Kompensation erfordern. Zwei unterschiedliche Ausgangspegel der optischen Empf\u00e4nger und &#8230; <a title=\"Upstream-Verteiler und Combiner\" class=\"read-more\" href=\"https:\/\/emea.dev.technetix.com\/de\/hfc-netzwerke\/losungen-fur-kopfstellen\/upstream-verteiler-und-combiner\/\" aria-label=\"Mehr zu Upstream-Verteiler und Combiner\">Read more<\/a><\/p>\n","protected":false},"author":1,"featured_media":2272,"parent":6167,"menu_order":0,"comment_status":"open","ping_status":"closed","template":"","meta":{"_acf_changed":false,"_gspb_post_css":"","footnotes":""},"class_list":["post-6393","page","type-page","status-publish","has-post-thumbnail"],"yoast_head":"<!-- This site is optimized with the Yoast SEO Premium plugin v22.5 (Yoast SEO v23.7) - https:\/\/yoast.com\/wordpress\/plugins\/seo\/ -->\n<title>Upstream-Verteiler und Combiner - Technetix EMEA<\/title>\n<meta name=\"robots\" content=\"index, follow, max-snippet:-1, max-image-preview:large, max-video-preview:-1\" \/>\n<link rel=\"canonical\" href=\"https:\/\/emea.dev.technetix.com\/de\/hfc-netzwerke\/losungen-fur-kopfstellen\/upstream-verteiler-und-combiner\/\" \/>\n<meta property=\"og:locale\" content=\"de_DE\" \/>\n<meta property=\"og:type\" content=\"article\" \/>\n<meta property=\"og:title\" content=\"Upstream-Verteiler und Combiner - Technetix EMEA\" \/>\n<meta property=\"og:description\" content=\"Upstream-Verteiler und Combiner Zur Erg\u00e4nzung der NCI-Plattform hat Technetix eine Upstream-L\u00f6sung entwickelt. Upstream-Signale werden mit unterschiedlichen Service-Plattformen verbunden und f\u00fcr \u00dcberwachungs- und proaktive Wartungsapplikationen genutzt. Die Kopfstelle w\u00e4chst und die zu verbindenden Kabel werden l\u00e4nger. Dies geschieht in Kombination mit h\u00f6heren Upstream-Frequenzen (204 MHz), die mehr Tilt-Kompensation erfordern. Zwei unterschiedliche Ausgangspegel der optischen Empf\u00e4nger und ... Read more\" \/>\n<meta property=\"og:url\" content=\"https:\/\/emea.dev.technetix.com\/de\/hfc-netzwerke\/losungen-fur-kopfstellen\/upstream-verteiler-und-combiner\/\" \/>\n<meta property=\"og:site_name\" content=\"Technetix EMEA\" \/>\n<meta property=\"article:modified_time\" content=\"2023-03-31T21:08:20+00:00\" \/>\n<meta property=\"og:image\" content=\"https:\/\/emea.dev.technetix.com\/wp-content\/uploads\/sites\/2\/2023\/01\/USC-solution_inRack-web.jpeg\" \/>\n<meta name=\"twitter:card\" content=\"summary_large_image\" \/>\n<meta name=\"twitter:site\" content=\"@technetixgroup\" \/>\n<meta name=\"twitter:label1\" content=\"Gesch\u00e4tzte Lesezeit\" \/>\n\t<meta name=\"twitter:data1\" content=\"1\u00a0Minute\" \/>\n<script type=\"application\/ld+json\" class=\"yoast-schema-graph\">{\"@context\":\"https:\/\/schema.org\",\"@graph\":[{\"@type\":\"WebPage\",\"@id\":\"https:\/\/emea.dev.technetix.com\/de\/hfc-netzwerke\/losungen-fur-kopfstellen\/upstream-verteiler-und-combiner\/\",\"url\":\"https:\/\/emea.dev.technetix.com\/de\/hfc-netzwerke\/losungen-fur-kopfstellen\/upstream-verteiler-und-combiner\/\",\"name\":\"Upstream-Verteiler und Combiner - Technetix EMEA\",\"isPartOf\":{\"@id\":\"https:\/\/emea.dev.technetix.com\/de\/#website\"},\"primaryImageOfPage\":{\"@id\":\"https:\/\/emea.dev.technetix.com\/de\/hfc-netzwerke\/losungen-fur-kopfstellen\/upstream-verteiler-und-combiner\/#primaryimage\"},\"image\":{\"@id\":\"https:\/\/emea.dev.technetix.com\/de\/hfc-netzwerke\/losungen-fur-kopfstellen\/upstream-verteiler-und-combiner\/#primaryimage\"},\"thumbnailUrl\":\"https:\/\/emea.dev.technetix.com\/wp-content\/uploads\/sites\/2\/2023\/01\/LANDING_PAGE_LARGE_USC_FINAL.jpeg\",\"datePublished\":\"2023-01-31T13:12:11+00:00\",\"dateModified\":\"2023-03-31T21:08:20+00:00\",\"breadcrumb\":{\"@id\":\"https:\/\/emea.dev.technetix.com\/de\/hfc-netzwerke\/losungen-fur-kopfstellen\/upstream-verteiler-und-combiner\/#breadcrumb\"},\"inLanguage\":\"de\",\"potentialAction\":[{\"@type\":\"ReadAction\",\"target\":[\"https:\/\/emea.dev.technetix.com\/de\/hfc-netzwerke\/losungen-fur-kopfstellen\/upstream-verteiler-und-combiner\/\"]}]},{\"@type\":\"ImageObject\",\"inLanguage\":\"de\",\"@id\":\"https:\/\/emea.dev.technetix.com\/de\/hfc-netzwerke\/losungen-fur-kopfstellen\/upstream-verteiler-und-combiner\/#primaryimage\",\"url\":\"https:\/\/emea.dev.technetix.com\/wp-content\/uploads\/sites\/2\/2023\/01\/LANDING_PAGE_LARGE_USC_FINAL.jpeg\",\"contentUrl\":\"https:\/\/emea.dev.technetix.com\/wp-content\/uploads\/sites\/2\/2023\/01\/LANDING_PAGE_LARGE_USC_FINAL.jpeg\",\"width\":1920,\"height\":450},{\"@type\":\"BreadcrumbList\",\"@id\":\"https:\/\/emea.dev.technetix.com\/de\/hfc-netzwerke\/losungen-fur-kopfstellen\/upstream-verteiler-und-combiner\/#breadcrumb\",\"itemListElement\":[{\"@type\":\"ListItem\",\"position\":1,\"name\":\"Home\",\"item\":\"https:\/\/emea.dev.technetix.com\/de\/\"},{\"@type\":\"ListItem\",\"position\":2,\"name\":\"Breitband Kabel\",\"item\":\"https:\/\/emea.dev.technetix.com\/de\/hfc-netzwerke\/\"},{\"@type\":\"ListItem\",\"position\":3,\"name\":\"L\u00f6sungen f\u00fcr Kopfstellen\",\"item\":\"https:\/\/emea.dev.technetix.com\/de\/hfc-netzwerke\/losungen-fur-kopfstellen\/\"},{\"@type\":\"ListItem\",\"position\":4,\"name\":\"Upstream-Verteiler und Combiner\"}]},{\"@type\":\"WebSite\",\"@id\":\"https:\/\/emea.dev.technetix.com\/de\/#website\",\"url\":\"https:\/\/emea.dev.technetix.com\/de\/\",\"name\":\"Technetix\",\"description\":\"Next-generation broadband equipment engineering\",\"publisher\":{\"@id\":\"https:\/\/emea.dev.technetix.com\/de\/#organization\"},\"potentialAction\":[{\"@type\":\"SearchAction\",\"target\":{\"@type\":\"EntryPoint\",\"urlTemplate\":\"https:\/\/emea.dev.technetix.com\/de\/?s={search_term_string}\"},\"query-input\":{\"@type\":\"PropertyValueSpecification\",\"valueRequired\":true,\"valueName\":\"search_term_string\"}}],\"inLanguage\":\"de\"},{\"@type\":\"Organization\",\"@id\":\"https:\/\/emea.dev.technetix.com\/de\/#organization\",\"name\":\"Technetix\",\"url\":\"https:\/\/emea.dev.technetix.com\/de\/\",\"logo\":{\"@type\":\"ImageObject\",\"inLanguage\":\"de\",\"@id\":\"https:\/\/emea.dev.technetix.com\/de\/#\/schema\/logo\/image\/\",\"url\":\"https:\/\/emea.dev.technetix.com\/wp-content\/uploads\/sites\/2\/2023\/06\/logo-Technetix-1000x1000-1.png\",\"contentUrl\":\"https:\/\/emea.dev.technetix.com\/wp-content\/uploads\/sites\/2\/2023\/06\/logo-Technetix-1000x1000-1.png\",\"width\":1000,\"height\":1000,\"caption\":\"Technetix\"},\"image\":{\"@id\":\"https:\/\/emea.dev.technetix.com\/de\/#\/schema\/logo\/image\/\"},\"sameAs\":[\"https:\/\/x.com\/technetixgroup\",\"https:\/\/www.linkedin.com\/company\/technetix\/\",\"https:\/\/www.youtube.com\/c\/Technetix-group\"]}]}<\/script>\n<!-- \/ Yoast SEO Premium plugin. -->","yoast_head_json":{"title":"Upstream-Verteiler und Combiner - Technetix EMEA","robots":{"index":"index","follow":"follow","max-snippet":"max-snippet:-1","max-image-preview":"max-image-preview:large","max-video-preview":"max-video-preview:-1"},"canonical":"https:\/\/emea.dev.technetix.com\/de\/hfc-netzwerke\/losungen-fur-kopfstellen\/upstream-verteiler-und-combiner\/","og_locale":"de_DE","og_type":"article","og_title":"Upstream-Verteiler und Combiner - Technetix EMEA","og_description":"Upstream-Verteiler und Combiner Zur Erg\u00e4nzung der NCI-Plattform hat Technetix eine Upstream-L\u00f6sung entwickelt. Upstream-Signale werden mit unterschiedlichen Service-Plattformen verbunden und f\u00fcr \u00dcberwachungs- und proaktive Wartungsapplikationen genutzt. Die Kopfstelle w\u00e4chst und die zu verbindenden Kabel werden l\u00e4nger. Dies geschieht in Kombination mit h\u00f6heren Upstream-Frequenzen (204 MHz), die mehr Tilt-Kompensation erfordern. Zwei unterschiedliche Ausgangspegel der optischen Empf\u00e4nger und ... Read more","og_url":"https:\/\/emea.dev.technetix.com\/de\/hfc-netzwerke\/losungen-fur-kopfstellen\/upstream-verteiler-und-combiner\/","og_site_name":"Technetix EMEA","article_modified_time":"2023-03-31T21:08:20+00:00","og_image":[{"url":"https:\/\/emea.dev.technetix.com\/wp-content\/uploads\/sites\/2\/2023\/01\/USC-solution_inRack-web.jpeg"}],"twitter_card":"summary_large_image","twitter_site":"@technetixgroup","twitter_misc":{"Gesch\u00e4tzte Lesezeit":"1\u00a0Minute"},"schema":{"@context":"https:\/\/schema.org","@graph":[{"@type":"WebPage","@id":"https:\/\/emea.dev.technetix.com\/de\/hfc-netzwerke\/losungen-fur-kopfstellen\/upstream-verteiler-und-combiner\/","url":"https:\/\/emea.dev.technetix.com\/de\/hfc-netzwerke\/losungen-fur-kopfstellen\/upstream-verteiler-und-combiner\/","name":"Upstream-Verteiler und Combiner - Technetix EMEA","isPartOf":{"@id":"https:\/\/emea.dev.technetix.com\/de\/#website"},"primaryImageOfPage":{"@id":"https:\/\/emea.dev.technetix.com\/de\/hfc-netzwerke\/losungen-fur-kopfstellen\/upstream-verteiler-und-combiner\/#primaryimage"},"image":{"@id":"https:\/\/emea.dev.technetix.com\/de\/hfc-netzwerke\/losungen-fur-kopfstellen\/upstream-verteiler-und-combiner\/#primaryimage"},"thumbnailUrl":"https:\/\/emea.dev.technetix.com\/wp-content\/uploads\/sites\/2\/2023\/01\/LANDING_PAGE_LARGE_USC_FINAL.jpeg","datePublished":"2023-01-31T13:12:11+00:00","dateModified":"2023-03-31T21:08:20+00:00","breadcrumb":{"@id":"https:\/\/emea.dev.technetix.com\/de\/hfc-netzwerke\/losungen-fur-kopfstellen\/upstream-verteiler-und-combiner\/#breadcrumb"},"inLanguage":"de","potentialAction":[{"@type":"ReadAction","target":["https:\/\/emea.dev.technetix.com\/de\/hfc-netzwerke\/losungen-fur-kopfstellen\/upstream-verteiler-und-combiner\/"]}]},{"@type":"ImageObject","inLanguage":"de","@id":"https:\/\/emea.dev.technetix.com\/de\/hfc-netzwerke\/losungen-fur-kopfstellen\/upstream-verteiler-und-combiner\/#primaryimage","url":"https:\/\/emea.dev.technetix.com\/wp-content\/uploads\/sites\/2\/2023\/01\/LANDING_PAGE_LARGE_USC_FINAL.jpeg","contentUrl":"https:\/\/emea.dev.technetix.com\/wp-content\/uploads\/sites\/2\/2023\/01\/LANDING_PAGE_LARGE_USC_FINAL.jpeg","width":1920,"height":450},{"@type":"BreadcrumbList","@id":"https:\/\/emea.dev.technetix.com\/de\/hfc-netzwerke\/losungen-fur-kopfstellen\/upstream-verteiler-und-combiner\/#breadcrumb","itemListElement":[{"@type":"ListItem","position":1,"name":"Home","item":"https:\/\/emea.dev.technetix.com\/de\/"},{"@type":"ListItem","position":2,"name":"Breitband Kabel","item":"https:\/\/emea.dev.technetix.com\/de\/hfc-netzwerke\/"},{"@type":"ListItem","position":3,"name":"L\u00f6sungen f\u00fcr Kopfstellen","item":"https:\/\/emea.dev.technetix.com\/de\/hfc-netzwerke\/losungen-fur-kopfstellen\/"},{"@type":"ListItem","position":4,"name":"Upstream-Verteiler und Combiner"}]},{"@type":"WebSite","@id":"https:\/\/emea.dev.technetix.com\/de\/#website","url":"https:\/\/emea.dev.technetix.com\/de\/","name":"Technetix","description":"Next-generation broadband equipment engineering","publisher":{"@id":"https:\/\/emea.dev.technetix.com\/de\/#organization"},"potentialAction":[{"@type":"SearchAction","target":{"@type":"EntryPoint","urlTemplate":"https:\/\/emea.dev.technetix.com\/de\/?s={search_term_string}"},"query-input":{"@type":"PropertyValueSpecification","valueRequired":true,"valueName":"search_term_string"}}],"inLanguage":"de"},{"@type":"Organization","@id":"https:\/\/emea.dev.technetix.com\/de\/#organization","name":"Technetix","url":"https:\/\/emea.dev.technetix.com\/de\/","logo":{"@type":"ImageObject","inLanguage":"de","@id":"https:\/\/emea.dev.technetix.com\/de\/#\/schema\/logo\/image\/","url":"https:\/\/emea.dev.technetix.com\/wp-content\/uploads\/sites\/2\/2023\/06\/logo-Technetix-1000x1000-1.png","contentUrl":"https:\/\/emea.dev.technetix.com\/wp-content\/uploads\/sites\/2\/2023\/06\/logo-Technetix-1000x1000-1.png","width":1000,"height":1000,"caption":"Technetix"},"image":{"@id":"https:\/\/emea.dev.technetix.com\/de\/#\/schema\/logo\/image\/"},"sameAs":["https:\/\/x.com\/technetixgroup","https:\/\/www.linkedin.com\/company\/technetix\/","https:\/\/www.youtube.com\/c\/Technetix-group"]}]}},"acf":[],"publishpress_future_workflow_manual_trigger":{"enabledWorkflows":[]},"_links":{"self":[{"href":"https:\/\/emea.dev.technetix.com\/de\/wp-json\/wp\/v2\/pages\/6393"}],"collection":[{"href":"https:\/\/emea.dev.technetix.com\/de\/wp-json\/wp\/v2\/pages"}],"about":[{"href":"https:\/\/emea.dev.technetix.com\/de\/wp-json\/wp\/v2\/types\/page"}],"author":[{"embeddable":true,"href":"https:\/\/emea.dev.technetix.com\/de\/wp-json\/wp\/v2\/users\/1"}],"replies":[{"embeddable":true,"href":"https:\/\/emea.dev.technetix.com\/de\/wp-json\/wp\/v2\/comments?post=6393"}],"version-history":[{"count":2,"href":"https:\/\/emea.dev.technetix.com\/de\/wp-json\/wp\/v2\/pages\/6393\/revisions"}],"predecessor-version":[{"id":6621,"href":"https:\/\/emea.dev.technetix.com\/de\/wp-json\/wp\/v2\/pages\/6393\/revisions\/6621"}],"up":[{"embeddable":true,"href":"https:\/\/emea.dev.technetix.com\/de\/wp-json\/wp\/v2\/pages\/6167"}],"wp:featuredmedia":[{"embeddable":true,"href":"https:\/\/emea.dev.technetix.com\/de\/wp-json\/wp\/v2\/media\/2272"}],"wp:attachment":[{"href":"https:\/\/emea.dev.technetix.com\/de\/wp-json\/wp\/v2\/media?parent=6393"}],"curies":[{"name":"wp","href":"https:\/\/api.w.org\/{rel}","templated":true}]}}