{"id":6369,"date":"2023-01-31T22:38:11","date_gmt":"2023-01-31T22:38:11","guid":{"rendered":"https:\/\/emea.dev.technetix.com\/hfc-netzwerke\/glasfaser-und-daa-nodes\/dbx-daa-losungen\/"},"modified":"2023-03-31T16:44:26","modified_gmt":"2023-03-31T16:44:26","slug":"dbx-daa-losungen","status":"publish","type":"page","link":"https:\/\/emea.dev.technetix.com\/de\/hfc-netzwerke\/glasfaser-und-daa-nodes\/dbx-daa-losungen\/","title":{"rendered":"DBx DAA-L\u00f6sungen"},"content":{"rendered":"<div class=\"gb-container gb-container-f86f3f4f gb-container-hero-banner\"><div class=\"gb-inside-container\">\n<h1 class=\"gb-headline gb-headline-e1547755 gb-headline-text gb-headline-hero-banner-title\">DBx DAA-L\u00f6sungen<\/h1>\n<\/div><\/div><div class=\"gb-container gb-container-fe71aef6 gb-container-con-centered-header\">\n<h2 class=\"gb-headline gb-headline-d02c52e4 gb-headline-text\">Modulare Verst\u00e4rker-Plattform f\u00fcr das Access-Netzwerk mit Unterst\u00fctzung von DOCSIS 3.1 als HF-Verst\u00e4rker, optischer Nodes oder Remote PHY-Nodes.<\/h2>\n<\/div><div class=\"gb-container gb-container-6f6ed5d1 gb-container-wide-back-page-con\">\n<div class=\"gb-grid-wrapper gb-grid-wrapper-53f55656\">\n<div class=\"gb-grid-column gb-grid-column-111762de\"><div class=\"gb-container gb-container-111762de image-link-block\"><a class=\"gb-container-link\" href=\"https:\/\/emea.dev.technetix.com\/de\/hfc-netzwerke\/glasfaser-und-daa-nodes\/dbx-daa-losungen\/dbd-rpd-h\/\"><\/a><div class=\"gb-inside-container\">\n<div class=\"gb-container gb-container-c51a427e\"><div class=\"gb-inside-container\">\n<figure class=\"gb-block-image gb-block-image-92ef0c3b\"><img loading=\"lazy\" decoding=\"async\" width=\"1000\" height=\"500\" class=\"gb-image gb-image-92ef0c3b\" src=\"https:\/\/emea.dev.technetix.com\/wp-content\/uploads\/sites\/2\/2023\/01\/302_DBD-1200.png\" alt=\"DBD-RPD-H Remote PHY-Node - Digital Broadband Distribution (DBD) ist ein smarter Node mit dualem aktiven Ausgang sowie einem Harmonic Remote PHY-Modul (1x2)\" srcset=\"https:\/\/emea.dev.technetix.com\/wp-content\/uploads\/sites\/2\/2023\/01\/302_DBD-1200.png 1000w, https:\/\/emea.dev.technetix.com\/wp-content\/uploads\/sites\/2\/2023\/01\/302_DBD-1200-300x150.png 300w, https:\/\/emea.dev.technetix.com\/wp-content\/uploads\/sites\/2\/2023\/01\/302_DBD-1200-768x384.png 768w, https:\/\/emea.dev.technetix.com\/wp-content\/uploads\/sites\/2\/2023\/01\/302_DBD-1200-600x300.png 600w\" sizes=\"(max-width: 1000px) 100vw, 1000px\" \/><\/figure>\n\n<h2 class=\"gb-headline gb-headline-8057c017 gb-headline-text\">DBD-RPD-H Remote PHY-Node<\/h2>\n\n<p class=\"gb-headline gb-headline-380a8e6b gb-headline-text\">Digital Broadband Distribution (DBD) ist ein smarter Node mit dualem aktiven Ausgang sowie einem Harmonic Remote PHY-Modul (1&#215;2).<\/p>\n<\/div><\/div>\n<\/div><\/div><\/div>\n\n<div class=\"gb-grid-column gb-grid-column-7a4bf16e\"><div class=\"gb-container gb-container-7a4bf16e image-link-block\"><a class=\"gb-container-link\" href=\"https:\/\/emea.dev.technetix.com\/de\/hfc-netzwerke\/glasfaser-und-daa-nodes\/dbx-daa-losungen\/dbd-rpd-v\/\"><\/a><div class=\"gb-inside-container\">\n<div class=\"gb-container gb-container-9300bbd2\"><div class=\"gb-inside-container\">\n<figure class=\"gb-block-image gb-block-image-6f84a4e9\"><img loading=\"lazy\" decoding=\"async\" width=\"1000\" height=\"500\" class=\"gb-image gb-image-6f84a4e9\" src=\"https:\/\/emea.dev.technetix.com\/wp-content\/uploads\/sites\/2\/2023\/01\/302_DBD-1200.png\" alt=\"DBD-RPD-V Remote PHY-Node - Digital Broadband Distribution (DBD) ist ein smarter Node mit dualem aktiven Ausgang sowie einem Vecima Remote PHY-Modul (1x2)\" srcset=\"https:\/\/emea.dev.technetix.com\/wp-content\/uploads\/sites\/2\/2023\/01\/302_DBD-1200.png 1000w, https:\/\/emea.dev.technetix.com\/wp-content\/uploads\/sites\/2\/2023\/01\/302_DBD-1200-300x150.png 300w, https:\/\/emea.dev.technetix.com\/wp-content\/uploads\/sites\/2\/2023\/01\/302_DBD-1200-768x384.png 768w, https:\/\/emea.dev.technetix.com\/wp-content\/uploads\/sites\/2\/2023\/01\/302_DBD-1200-600x300.png 600w\" sizes=\"(max-width: 1000px) 100vw, 1000px\" \/><\/figure>\n\n<h2 class=\"gb-headline gb-headline-e57d4edf gb-headline-text\">DBD-RPD-V Remote PHY-Node<\/h2>\n\n<p class=\"gb-headline gb-headline-d30bd382 gb-headline-text\">Digital Broadband Distribution (DBD) ist ein smarter Node mit dualem aktiven Ausgang sowie einem Vecima Remote PHY-Modul (1&#215;2).<\/p>\n<\/div><\/div>\n<\/div><\/div><\/div>\n<\/div>\n<\/div>","protected":false},"excerpt":{"rendered":"<p>DBx DAA-L\u00f6sungen Modulare Verst\u00e4rker-Plattform f\u00fcr das Access-Netzwerk mit Unterst\u00fctzung von DOCSIS 3.1 als HF-Verst\u00e4rker, optischer Nodes oder Remote PHY-Nodes.<\/p>\n","protected":false},"author":1,"featured_media":2303,"parent":6171,"menu_order":0,"comment_status":"open","ping_status":"closed","template":"","meta":{"_acf_changed":false,"_gspb_post_css":"","footnotes":""},"class_list":["post-6369","page","type-page","status-publish","has-post-thumbnail"],"yoast_head":"<!-- This site is optimized with the Yoast SEO Premium plugin v22.5 (Yoast SEO v23.7) - https:\/\/yoast.com\/wordpress\/plugins\/seo\/ -->\n<title>DBx DAA-L\u00f6sungen - Technetix EMEA<\/title>\n<meta name=\"robots\" content=\"index, follow, max-snippet:-1, max-image-preview:large, max-video-preview:-1\" \/>\n<link rel=\"canonical\" href=\"https:\/\/emea.dev.technetix.com\/de\/hfc-netzwerke\/glasfaser-und-daa-nodes\/dbx-daa-losungen\/\" \/>\n<meta property=\"og:locale\" content=\"de_DE\" \/>\n<meta property=\"og:type\" content=\"article\" \/>\n<meta property=\"og:title\" content=\"DBx DAA-L\u00f6sungen - Technetix EMEA\" \/>\n<meta property=\"og:description\" content=\"DBx DAA-L\u00f6sungen Modulare Verst\u00e4rker-Plattform f\u00fcr das Access-Netzwerk mit Unterst\u00fctzung von DOCSIS 3.1 als HF-Verst\u00e4rker, optischer Nodes oder Remote PHY-Nodes.\" \/>\n<meta property=\"og:url\" content=\"https:\/\/emea.dev.technetix.com\/de\/hfc-netzwerke\/glasfaser-und-daa-nodes\/dbx-daa-losungen\/\" \/>\n<meta property=\"og:site_name\" content=\"Technetix EMEA\" \/>\n<meta property=\"article:modified_time\" content=\"2023-03-31T16:44:26+00:00\" \/>\n<meta property=\"og:image\" content=\"https:\/\/emea.dev.technetix.com\/wp-content\/uploads\/sites\/2\/2023\/01\/LANDING_PAGE_LARGE_DBX_FINAL.jpeg\" \/>\n\t<meta property=\"og:image:width\" content=\"1920\" \/>\n\t<meta property=\"og:image:height\" content=\"450\" \/>\n\t<meta property=\"og:image:type\" content=\"image\/jpeg\" \/>\n<meta name=\"twitter:card\" content=\"summary_large_image\" \/>\n<meta name=\"twitter:site\" content=\"@technetixgroup\" \/>\n<meta name=\"twitter:label1\" content=\"Gesch\u00e4tzte Lesezeit\" \/>\n\t<meta name=\"twitter:data1\" content=\"1\u00a0Minute\" \/>\n<script type=\"application\/ld+json\" class=\"yoast-schema-graph\">{\"@context\":\"https:\/\/schema.org\",\"@graph\":[{\"@type\":\"WebPage\",\"@id\":\"https:\/\/emea.dev.technetix.com\/de\/hfc-netzwerke\/glasfaser-und-daa-nodes\/dbx-daa-losungen\/\",\"url\":\"https:\/\/emea.dev.technetix.com\/de\/hfc-netzwerke\/glasfaser-und-daa-nodes\/dbx-daa-losungen\/\",\"name\":\"DBx DAA-L\u00f6sungen - Technetix EMEA\",\"isPartOf\":{\"@id\":\"https:\/\/emea.dev.technetix.com\/de\/#website\"},\"primaryImageOfPage\":{\"@id\":\"https:\/\/emea.dev.technetix.com\/de\/hfc-netzwerke\/glasfaser-und-daa-nodes\/dbx-daa-losungen\/#primaryimage\"},\"image\":{\"@id\":\"https:\/\/emea.dev.technetix.com\/de\/hfc-netzwerke\/glasfaser-und-daa-nodes\/dbx-daa-losungen\/#primaryimage\"},\"thumbnailUrl\":\"https:\/\/emea.dev.technetix.com\/wp-content\/uploads\/sites\/2\/2023\/01\/LANDING_PAGE_LARGE_DBX_FINAL.jpeg\",\"datePublished\":\"2023-01-31T22:38:11+00:00\",\"dateModified\":\"2023-03-31T16:44:26+00:00\",\"breadcrumb\":{\"@id\":\"https:\/\/emea.dev.technetix.com\/de\/hfc-netzwerke\/glasfaser-und-daa-nodes\/dbx-daa-losungen\/#breadcrumb\"},\"inLanguage\":\"de\",\"potentialAction\":[{\"@type\":\"ReadAction\",\"target\":[\"https:\/\/emea.dev.technetix.com\/de\/hfc-netzwerke\/glasfaser-und-daa-nodes\/dbx-daa-losungen\/\"]}]},{\"@type\":\"ImageObject\",\"inLanguage\":\"de\",\"@id\":\"https:\/\/emea.dev.technetix.com\/de\/hfc-netzwerke\/glasfaser-und-daa-nodes\/dbx-daa-losungen\/#primaryimage\",\"url\":\"https:\/\/emea.dev.technetix.com\/wp-content\/uploads\/sites\/2\/2023\/01\/LANDING_PAGE_LARGE_DBX_FINAL.jpeg\",\"contentUrl\":\"https:\/\/emea.dev.technetix.com\/wp-content\/uploads\/sites\/2\/2023\/01\/LANDING_PAGE_LARGE_DBX_FINAL.jpeg\",\"width\":1920,\"height\":450},{\"@type\":\"BreadcrumbList\",\"@id\":\"https:\/\/emea.dev.technetix.com\/de\/hfc-netzwerke\/glasfaser-und-daa-nodes\/dbx-daa-losungen\/#breadcrumb\",\"itemListElement\":[{\"@type\":\"ListItem\",\"position\":1,\"name\":\"Home\",\"item\":\"https:\/\/emea.dev.technetix.com\/de\/\"},{\"@type\":\"ListItem\",\"position\":2,\"name\":\"Breitband Kabel\",\"item\":\"https:\/\/emea.dev.technetix.com\/de\/hfc-netzwerke\/\"},{\"@type\":\"ListItem\",\"position\":3,\"name\":\"Glasfaser- und DAA-Nodes\",\"item\":\"https:\/\/emea.dev.technetix.com\/de\/hfc-netzwerke\/glasfaser-und-daa-nodes\/\"},{\"@type\":\"ListItem\",\"position\":4,\"name\":\"DBx DAA-L\u00f6sungen\"}]},{\"@type\":\"WebSite\",\"@id\":\"https:\/\/emea.dev.technetix.com\/de\/#website\",\"url\":\"https:\/\/emea.dev.technetix.com\/de\/\",\"name\":\"Technetix\",\"description\":\"Next-generation broadband equipment engineering\",\"publisher\":{\"@id\":\"https:\/\/emea.dev.technetix.com\/de\/#organization\"},\"potentialAction\":[{\"@type\":\"SearchAction\",\"target\":{\"@type\":\"EntryPoint\",\"urlTemplate\":\"https:\/\/emea.dev.technetix.com\/de\/?s={search_term_string}\"},\"query-input\":{\"@type\":\"PropertyValueSpecification\",\"valueRequired\":true,\"valueName\":\"search_term_string\"}}],\"inLanguage\":\"de\"},{\"@type\":\"Organization\",\"@id\":\"https:\/\/emea.dev.technetix.com\/de\/#organization\",\"name\":\"Technetix\",\"url\":\"https:\/\/emea.dev.technetix.com\/de\/\",\"logo\":{\"@type\":\"ImageObject\",\"inLanguage\":\"de\",\"@id\":\"https:\/\/emea.dev.technetix.com\/de\/#\/schema\/logo\/image\/\",\"url\":\"https:\/\/emea.dev.technetix.com\/wp-content\/uploads\/sites\/2\/2023\/06\/logo-Technetix-1000x1000-1.png\",\"contentUrl\":\"https:\/\/emea.dev.technetix.com\/wp-content\/uploads\/sites\/2\/2023\/06\/logo-Technetix-1000x1000-1.png\",\"width\":1000,\"height\":1000,\"caption\":\"Technetix\"},\"image\":{\"@id\":\"https:\/\/emea.dev.technetix.com\/de\/#\/schema\/logo\/image\/\"},\"sameAs\":[\"https:\/\/x.com\/technetixgroup\",\"https:\/\/www.linkedin.com\/company\/technetix\/\",\"https:\/\/www.youtube.com\/c\/Technetix-group\"]}]}<\/script>\n<!-- \/ Yoast SEO Premium plugin. -->","yoast_head_json":{"title":"DBx DAA-L\u00f6sungen - Technetix EMEA","robots":{"index":"index","follow":"follow","max-snippet":"max-snippet:-1","max-image-preview":"max-image-preview:large","max-video-preview":"max-video-preview:-1"},"canonical":"https:\/\/emea.dev.technetix.com\/de\/hfc-netzwerke\/glasfaser-und-daa-nodes\/dbx-daa-losungen\/","og_locale":"de_DE","og_type":"article","og_title":"DBx DAA-L\u00f6sungen - Technetix EMEA","og_description":"DBx DAA-L\u00f6sungen Modulare Verst\u00e4rker-Plattform f\u00fcr das Access-Netzwerk mit Unterst\u00fctzung von DOCSIS 3.1 als HF-Verst\u00e4rker, optischer Nodes oder Remote PHY-Nodes.","og_url":"https:\/\/emea.dev.technetix.com\/de\/hfc-netzwerke\/glasfaser-und-daa-nodes\/dbx-daa-losungen\/","og_site_name":"Technetix EMEA","article_modified_time":"2023-03-31T16:44:26+00:00","og_image":[{"width":1920,"height":450,"url":"https:\/\/emea.dev.technetix.com\/wp-content\/uploads\/sites\/2\/2023\/01\/LANDING_PAGE_LARGE_DBX_FINAL.jpeg","type":"image\/jpeg"}],"twitter_card":"summary_large_image","twitter_site":"@technetixgroup","twitter_misc":{"Gesch\u00e4tzte Lesezeit":"1\u00a0Minute"},"schema":{"@context":"https:\/\/schema.org","@graph":[{"@type":"WebPage","@id":"https:\/\/emea.dev.technetix.com\/de\/hfc-netzwerke\/glasfaser-und-daa-nodes\/dbx-daa-losungen\/","url":"https:\/\/emea.dev.technetix.com\/de\/hfc-netzwerke\/glasfaser-und-daa-nodes\/dbx-daa-losungen\/","name":"DBx DAA-L\u00f6sungen - Technetix EMEA","isPartOf":{"@id":"https:\/\/emea.dev.technetix.com\/de\/#website"},"primaryImageOfPage":{"@id":"https:\/\/emea.dev.technetix.com\/de\/hfc-netzwerke\/glasfaser-und-daa-nodes\/dbx-daa-losungen\/#primaryimage"},"image":{"@id":"https:\/\/emea.dev.technetix.com\/de\/hfc-netzwerke\/glasfaser-und-daa-nodes\/dbx-daa-losungen\/#primaryimage"},"thumbnailUrl":"https:\/\/emea.dev.technetix.com\/wp-content\/uploads\/sites\/2\/2023\/01\/LANDING_PAGE_LARGE_DBX_FINAL.jpeg","datePublished":"2023-01-31T22:38:11+00:00","dateModified":"2023-03-31T16:44:26+00:00","breadcrumb":{"@id":"https:\/\/emea.dev.technetix.com\/de\/hfc-netzwerke\/glasfaser-und-daa-nodes\/dbx-daa-losungen\/#breadcrumb"},"inLanguage":"de","potentialAction":[{"@type":"ReadAction","target":["https:\/\/emea.dev.technetix.com\/de\/hfc-netzwerke\/glasfaser-und-daa-nodes\/dbx-daa-losungen\/"]}]},{"@type":"ImageObject","inLanguage":"de","@id":"https:\/\/emea.dev.technetix.com\/de\/hfc-netzwerke\/glasfaser-und-daa-nodes\/dbx-daa-losungen\/#primaryimage","url":"https:\/\/emea.dev.technetix.com\/wp-content\/uploads\/sites\/2\/2023\/01\/LANDING_PAGE_LARGE_DBX_FINAL.jpeg","contentUrl":"https:\/\/emea.dev.technetix.com\/wp-content\/uploads\/sites\/2\/2023\/01\/LANDING_PAGE_LARGE_DBX_FINAL.jpeg","width":1920,"height":450},{"@type":"BreadcrumbList","@id":"https:\/\/emea.dev.technetix.com\/de\/hfc-netzwerke\/glasfaser-und-daa-nodes\/dbx-daa-losungen\/#breadcrumb","itemListElement":[{"@type":"ListItem","position":1,"name":"Home","item":"https:\/\/emea.dev.technetix.com\/de\/"},{"@type":"ListItem","position":2,"name":"Breitband Kabel","item":"https:\/\/emea.dev.technetix.com\/de\/hfc-netzwerke\/"},{"@type":"ListItem","position":3,"name":"Glasfaser- und DAA-Nodes","item":"https:\/\/emea.dev.technetix.com\/de\/hfc-netzwerke\/glasfaser-und-daa-nodes\/"},{"@type":"ListItem","position":4,"name":"DBx DAA-L\u00f6sungen"}]},{"@type":"WebSite","@id":"https:\/\/emea.dev.technetix.com\/de\/#website","url":"https:\/\/emea.dev.technetix.com\/de\/","name":"Technetix","description":"Next-generation broadband equipment engineering","publisher":{"@id":"https:\/\/emea.dev.technetix.com\/de\/#organization"},"potentialAction":[{"@type":"SearchAction","target":{"@type":"EntryPoint","urlTemplate":"https:\/\/emea.dev.technetix.com\/de\/?s={search_term_string}"},"query-input":{"@type":"PropertyValueSpecification","valueRequired":true,"valueName":"search_term_string"}}],"inLanguage":"de"},{"@type":"Organization","@id":"https:\/\/emea.dev.technetix.com\/de\/#organization","name":"Technetix","url":"https:\/\/emea.dev.technetix.com\/de\/","logo":{"@type":"ImageObject","inLanguage":"de","@id":"https:\/\/emea.dev.technetix.com\/de\/#\/schema\/logo\/image\/","url":"https:\/\/emea.dev.technetix.com\/wp-content\/uploads\/sites\/2\/2023\/06\/logo-Technetix-1000x1000-1.png","contentUrl":"https:\/\/emea.dev.technetix.com\/wp-content\/uploads\/sites\/2\/2023\/06\/logo-Technetix-1000x1000-1.png","width":1000,"height":1000,"caption":"Technetix"},"image":{"@id":"https:\/\/emea.dev.technetix.com\/de\/#\/schema\/logo\/image\/"},"sameAs":["https:\/\/x.com\/technetixgroup","https:\/\/www.linkedin.com\/company\/technetix\/","https:\/\/www.youtube.com\/c\/Technetix-group"]}]}},"acf":[],"publishpress_future_workflow_manual_trigger":{"enabledWorkflows":[]},"_links":{"self":[{"href":"https:\/\/emea.dev.technetix.com\/de\/wp-json\/wp\/v2\/pages\/6369"}],"collection":[{"href":"https:\/\/emea.dev.technetix.com\/de\/wp-json\/wp\/v2\/pages"}],"about":[{"href":"https:\/\/emea.dev.technetix.com\/de\/wp-json\/wp\/v2\/types\/page"}],"author":[{"embeddable":true,"href":"https:\/\/emea.dev.technetix.com\/de\/wp-json\/wp\/v2\/users\/1"}],"replies":[{"embeddable":true,"href":"https:\/\/emea.dev.technetix.com\/de\/wp-json\/wp\/v2\/comments?post=6369"}],"version-history":[{"count":3,"href":"https:\/\/emea.dev.technetix.com\/de\/wp-json\/wp\/v2\/pages\/6369\/revisions"}],"predecessor-version":[{"id":263120,"href":"https:\/\/emea.dev.technetix.com\/de\/wp-json\/wp\/v2\/pages\/6369\/revisions\/263120"}],"up":[{"embeddable":true,"href":"https:\/\/emea.dev.technetix.com\/de\/wp-json\/wp\/v2\/pages\/6171"}],"wp:featuredmedia":[{"embeddable":true,"href":"https:\/\/emea.dev.technetix.com\/de\/wp-json\/wp\/v2\/media\/2303"}],"wp:attachment":[{"href":"https:\/\/emea.dev.technetix.com\/de\/wp-json\/wp\/v2\/media?parent=6369"}],"curies":[{"name":"wp","href":"https:\/\/api.w.org\/{rel}","templated":true}]}}