{"id":6367,"date":"2023-03-09T17:37:20","date_gmt":"2023-03-09T17:37:20","guid":{"rendered":"https:\/\/emea.dev.technetix.com\/hfc-netzwerke\/access-verstarker\/dnn\/dns-1800-zl\/"},"modified":"2024-02-08T10:29:03","modified_gmt":"2024-02-08T10:29:03","slug":"dns-1800-zl","status":"publish","type":"page","link":"https:\/\/emea.dev.technetix.com\/de\/hfc-netzwerke\/access-verstarker\/dns-1800-zl\/","title":{"rendered":"DNS-1800-ZL"},"content":{"rendered":"<div class=\"gb-container gb-container-f86f3f4f\"><div class=\"gb-inside-container\">\n<h1 class=\"gb-headline gb-headline-e1547755 gb-headline-text\">DNS-1800-ZL<\/h1>\n<\/div><\/div><div class=\"gb-container gb-container-5f9df177 gb-container-inner-back-page-con\">\n<h2 class=\"gb-headline gb-headline-d02c52e4 gb-headline-text\">Verlustfreier richtungsloser Verteiler 1,8 GHz<\/h2>\n\n<p class=\"gb-headline gb-headline-6656b5c3 gb-headline-text\">Der DNS-1800 ZL kombiniert einen Technetix Flexi-Split-Verst\u00e4rker mit geringer Verst\u00e4rkung und einen 3-fach Verteiler in einer Einheit. Er kann als zwei- oder dreifach Verteiler genutzt werden und ist f\u00fcr den Einsatz in Netzwerken mit DOCSIS\u00ae 4.0 optimiert. Er vermeidet gew\u00f6hnlich in Netzwerken entstehende Verluste und erzielt dasselbe Signal-Teilungsverh\u00e4ltnis ohne die zus\u00e4tzliche Einf\u00fcge\u00add\u00e4mpfung eines herk\u00f6mmlichen Verteilers. Dies unterst\u00fctzt den Betrieb Ihres Netzwerks und gibt Ihnen mehr Flexibilit\u00e4t bei dessen zukunftsorientierter Gestaltung.   <\/p>\n\n<p class=\"gb-headline gb-headline-691cf155 gb-headline-text\">Der aktive Verteiler weist keine smarten Funktionen auf; es ist ein einfacher verlustfreier Verteiler mit einer Leistungsaufnahme von weniger als 6 W, der in vorhandenen Netzwerken und bei einer Aufr\u00fcstung zu DOCSIS\u00ae 4.0 eingesetzt werden kann. Dies ist insbesondere f\u00fcr Extended Spectrum DOCSIS (ESD) von Bedeutung, da die Kabelverluste bei 1,8 GHz h\u00f6her sind als bei 1,2 GHz. Das Kabelnetzwerk wird unter Zuhilfenahme von Richtkopplern und 2- oder 3-fach Verteilern h\u00e4ufig in zwei oder mehr Netzwerke aufgeteilt.  <\/p>\n\n<figure class=\"gb-block-image gb-block-image-61e35e7d\"><img loading=\"lazy\" decoding=\"async\" width=\"800\" height=\"560\" class=\"gb-image gb-image-61e35e7d\" src=\"https:\/\/emea.dev.technetix.com\/wp-content\/uploads\/sites\/2\/2023\/03\/DNS-1800-ZL_1_1.jpg\" alt=\"DNS-1800-ZL\" title=\"DNS-1800-ZL\" srcset=\"https:\/\/emea.dev.technetix.com\/wp-content\/uploads\/sites\/2\/2023\/03\/DNS-1800-ZL_1_1.jpg 800w, https:\/\/emea.dev.technetix.com\/wp-content\/uploads\/sites\/2\/2023\/03\/DNS-1800-ZL_1_1-300x210.jpg 300w, https:\/\/emea.dev.technetix.com\/wp-content\/uploads\/sites\/2\/2023\/03\/DNS-1800-ZL_1_1-768x538.jpg 768w, https:\/\/emea.dev.technetix.com\/wp-content\/uploads\/sites\/2\/2023\/03\/DNS-1800-ZL_1_1-600x420.jpg 600w\" sizes=\"(max-width: 800px) 100vw, 800px\" \/><\/figure>\n\n<figure class=\"gb-block-image gb-block-image-55c67777\"><img loading=\"lazy\" decoding=\"async\" width=\"260\" height=\"165\" class=\"gb-image gb-image-55c67777\" src=\"https:\/\/emea.dev.technetix.com\/wp-content\/uploads\/sites\/2\/2023\/03\/btr22_4.0dtr_1.png\" alt=\"2022 Diamond Technology Reviews logo\" \/><\/figure>\n\n<p class=\"gb-headline gb-headline-623f5b86 gb-headline-text\">Weiterhin verursachen Verteiler und Koppler einen \u201eflachen\u201c Verlust \u00fcber das Spektrum hinweg, sie machen die Upstream-\u00dcbertragung f\u00fcr Kabelmodems bei sehr hohen Teilungsverh\u00e4ltnissen deutlich schwieriger. Diese aktiven Verteiler k\u00f6nnen die Bedenken sowohl f\u00fcr den Up- als auch f\u00fcr den Downstream vollst\u00e4ndig ausr\u00e4umen. Beim Einsatz eines DNS-1800 ZL entstehen sowohl im Upstream- als auch im Downstreampfad keinerlei Einf\u00fcgungsd\u00e4mpfungen. Dies bietet Betreibern einen signifikanten Vorteil durch die Optimierung der Netzwerkarchitektur ohne Verluste durch Verteiler oder Richtkoppler. Gleichzeitig bleibt der Verst\u00e4rkerabstand bei 1,8 GHz unver\u00e4ndert.   <\/p>\n\n<p class=\"gb-headline gb-headline-9d94f196 gb-headline-text\">Welches sind die einzigartigen Eigenschaften dieses Produkts im Vergleich zu konkurrierenden L\u00f6sungen?<\/p>\n\n<ul class=\"wp-block-list\"><li>Keine Verluste im Up- und Downstream-Pfad<\/li>\n\n<li>Vorbereitet f\u00fcr DOCSIS\u00ae 4.0<\/li>\n\n<li>Downstream 54 \u2013 1794 MHz<\/li>\n\n<li>Upstream 12 \u2013 684 MHz<\/li>\n\n<li>Kann als 2-fach oder 3-fach Verteiler genutzt werden<\/li>\n\n<li>Geringer Leistungsbedarf, weniger als 6 W<\/li>\n\n<li>IP 68 Rating, kann in Au\u00dfenbereichen oder in einer MDU-Umgebung genutzt werden<\/li><\/ul>\n<\/div><div class=\"gb-container gb-container-fd95a391 gb-container-con-buttons-bottom\">\n<div class=\"gb-button-wrapper gb-button-wrapper-5300c273 gb-button-wrapper-after-content-buttons\">\n<a class=\"gb-button gb-button-5e4e6530 gb-button-text gb-button-bottom-button\" href=\"https:\/\/emea.dev.technetix.com\/de\/hfc-netzwerke\/\">Breitband Kabel<\/a>\n\n<a class=\"gb-button gb-button-3eadfa91 gb-button-text gb-button-bottom-button\" href=\"https:\/\/emea.dev.technetix.com\/de\/unsere-vision\/docsis4-0-esd\/\">DOCSIS mit erweitertem Spektrum<\/a>\n\n<a class=\"gb-button gb-button-4ceed201 gb-button-text gb-button-bottom-button\" href=\"https:\/\/emea.dev.technetix.com\/de\/unsere-vision\/distributed-gain-architektur\/\">Distributed-Gain-Architektur (DGA)<\/a>\n\n<a class=\"gb-button gb-button-74bfad52 gb-button-text gb-button-bottom-button\" href=\"https:\/\/emea.dev.technetix.com\/de\/kontakt\/\">Kontakt<\/a>\n<\/div>\n<\/div>","protected":false},"excerpt":{"rendered":"<p>DNS-1800-ZL Verlustfreier richtungsloser Verteiler 1,8 GHz Der DNS-1800 ZL kombiniert einen Technetix Flexi-Split-Verst\u00e4rker mit geringer Verst\u00e4rkung und einen 3-fach Verteiler in einer Einheit. Er kann als zwei- oder dreifach Verteiler genutzt werden und ist f\u00fcr den Einsatz in Netzwerken mit DOCSIS\u00ae 4.0 optimiert. Er vermeidet gew\u00f6hnlich in Netzwerken entstehende Verluste und erzielt dasselbe Signal-Teilungsverh\u00e4ltnis ohne &#8230; <a title=\"DNS-1800-ZL\" class=\"read-more\" href=\"https:\/\/emea.dev.technetix.com\/de\/hfc-netzwerke\/access-verstarker\/dns-1800-zl\/\" aria-label=\"Mehr zu DNS-1800-ZL\">Read more<\/a><\/p>\n","protected":false},"author":1,"featured_media":5637,"parent":6174,"menu_order":0,"comment_status":"closed","ping_status":"closed","template":"","meta":{"_acf_changed":false,"_gspb_post_css":"","footnotes":""},"class_list":["post-6367","page","type-page","status-publish","has-post-thumbnail"],"yoast_head":"<!-- This site is optimized with the Yoast SEO Premium plugin v22.5 (Yoast SEO v23.7) - https:\/\/yoast.com\/wordpress\/plugins\/seo\/ -->\n<title>DNS-1800-ZL - Technetix EMEA<\/title>\n<meta name=\"robots\" content=\"index, follow, max-snippet:-1, max-image-preview:large, max-video-preview:-1\" \/>\n<link rel=\"canonical\" href=\"https:\/\/emea.dev.technetix.com\/de\/hfc-netzwerke\/access-verstarker\/dns-1800-zl\/\" \/>\n<meta property=\"og:locale\" content=\"de_DE\" \/>\n<meta property=\"og:type\" content=\"article\" \/>\n<meta property=\"og:title\" content=\"DNS-1800-ZL - Technetix EMEA\" \/>\n<meta property=\"og:description\" content=\"DNS-1800-ZL Verlustfreier richtungsloser Verteiler 1,8 GHz Der DNS-1800 ZL kombiniert einen Technetix Flexi-Split-Verst\u00e4rker mit geringer Verst\u00e4rkung und einen 3-fach Verteiler in einer Einheit. Er kann als zwei- oder dreifach Verteiler genutzt werden und ist f\u00fcr den Einsatz in Netzwerken mit DOCSIS\u00ae 4.0 optimiert. Er vermeidet gew\u00f6hnlich in Netzwerken entstehende Verluste und erzielt dasselbe Signal-Teilungsverh\u00e4ltnis ohne ... Read more\" \/>\n<meta property=\"og:url\" content=\"https:\/\/emea.dev.technetix.com\/de\/hfc-netzwerke\/access-verstarker\/dns-1800-zl\/\" \/>\n<meta property=\"og:site_name\" content=\"Technetix EMEA\" \/>\n<meta property=\"article:modified_time\" content=\"2024-02-08T10:29:03+00:00\" \/>\n<meta property=\"og:image\" content=\"https:\/\/emea.dev.technetix.com\/wp-content\/uploads\/sites\/2\/2023\/03\/PRODUCTS_LARGE_DNS-1800ZL_FINAL_1_.jpeg\" \/>\n\t<meta property=\"og:image:width\" content=\"1920\" \/>\n\t<meta property=\"og:image:height\" content=\"450\" \/>\n\t<meta property=\"og:image:type\" content=\"image\/jpeg\" \/>\n<meta name=\"twitter:card\" content=\"summary_large_image\" \/>\n<meta name=\"twitter:site\" content=\"@technetixgroup\" \/>\n<meta name=\"twitter:label1\" content=\"Gesch\u00e4tzte Lesezeit\" \/>\n\t<meta name=\"twitter:data1\" content=\"2\u00a0Minuten\" \/>\n<script type=\"application\/ld+json\" class=\"yoast-schema-graph\">{\"@context\":\"https:\/\/schema.org\",\"@graph\":[{\"@type\":\"WebPage\",\"@id\":\"https:\/\/emea.dev.technetix.com\/de\/hfc-netzwerke\/access-verstarker\/dns-1800-zl\/\",\"url\":\"https:\/\/emea.dev.technetix.com\/de\/hfc-netzwerke\/access-verstarker\/dns-1800-zl\/\",\"name\":\"DNS-1800-ZL - Technetix EMEA\",\"isPartOf\":{\"@id\":\"https:\/\/emea.dev.technetix.com\/de\/#website\"},\"primaryImageOfPage\":{\"@id\":\"https:\/\/emea.dev.technetix.com\/de\/hfc-netzwerke\/access-verstarker\/dns-1800-zl\/#primaryimage\"},\"image\":{\"@id\":\"https:\/\/emea.dev.technetix.com\/de\/hfc-netzwerke\/access-verstarker\/dns-1800-zl\/#primaryimage\"},\"thumbnailUrl\":\"https:\/\/emea.dev.technetix.com\/wp-content\/uploads\/sites\/2\/2023\/03\/PRODUCTS_LARGE_DNS-1800ZL_FINAL_1_.jpeg\",\"datePublished\":\"2023-03-09T17:37:20+00:00\",\"dateModified\":\"2024-02-08T10:29:03+00:00\",\"breadcrumb\":{\"@id\":\"https:\/\/emea.dev.technetix.com\/de\/hfc-netzwerke\/access-verstarker\/dns-1800-zl\/#breadcrumb\"},\"inLanguage\":\"de\",\"potentialAction\":[{\"@type\":\"ReadAction\",\"target\":[\"https:\/\/emea.dev.technetix.com\/de\/hfc-netzwerke\/access-verstarker\/dns-1800-zl\/\"]}]},{\"@type\":\"ImageObject\",\"inLanguage\":\"de\",\"@id\":\"https:\/\/emea.dev.technetix.com\/de\/hfc-netzwerke\/access-verstarker\/dns-1800-zl\/#primaryimage\",\"url\":\"https:\/\/emea.dev.technetix.com\/wp-content\/uploads\/sites\/2\/2023\/03\/PRODUCTS_LARGE_DNS-1800ZL_FINAL_1_.jpeg\",\"contentUrl\":\"https:\/\/emea.dev.technetix.com\/wp-content\/uploads\/sites\/2\/2023\/03\/PRODUCTS_LARGE_DNS-1800ZL_FINAL_1_.jpeg\",\"width\":1920,\"height\":450,\"caption\":\"DNS-1800 ZL\"},{\"@type\":\"BreadcrumbList\",\"@id\":\"https:\/\/emea.dev.technetix.com\/de\/hfc-netzwerke\/access-verstarker\/dns-1800-zl\/#breadcrumb\",\"itemListElement\":[{\"@type\":\"ListItem\",\"position\":1,\"name\":\"Home\",\"item\":\"https:\/\/emea.dev.technetix.com\/de\/\"},{\"@type\":\"ListItem\",\"position\":2,\"name\":\"Breitband Kabel\",\"item\":\"https:\/\/emea.dev.technetix.com\/de\/hfc-netzwerke\/\"},{\"@type\":\"ListItem\",\"position\":3,\"name\":\"Access-Verst\u00e4rker\",\"item\":\"https:\/\/emea.dev.technetix.com\/de\/hfc-netzwerke\/access-verstarker\/\"},{\"@type\":\"ListItem\",\"position\":4,\"name\":\"Richtungsneutrales Netzwerk\",\"item\":\"https:\/\/emea.dev.technetix.com\/de\/hfc-netzwerke\/access-verstarker\/dnn\/\"},{\"@type\":\"ListItem\",\"position\":5,\"name\":\"DNS-1800-ZL\"}]},{\"@type\":\"WebSite\",\"@id\":\"https:\/\/emea.dev.technetix.com\/de\/#website\",\"url\":\"https:\/\/emea.dev.technetix.com\/de\/\",\"name\":\"Technetix\",\"description\":\"Next-generation broadband equipment engineering\",\"publisher\":{\"@id\":\"https:\/\/emea.dev.technetix.com\/de\/#organization\"},\"potentialAction\":[{\"@type\":\"SearchAction\",\"target\":{\"@type\":\"EntryPoint\",\"urlTemplate\":\"https:\/\/emea.dev.technetix.com\/de\/?s={search_term_string}\"},\"query-input\":{\"@type\":\"PropertyValueSpecification\",\"valueRequired\":true,\"valueName\":\"search_term_string\"}}],\"inLanguage\":\"de\"},{\"@type\":\"Organization\",\"@id\":\"https:\/\/emea.dev.technetix.com\/de\/#organization\",\"name\":\"Technetix\",\"url\":\"https:\/\/emea.dev.technetix.com\/de\/\",\"logo\":{\"@type\":\"ImageObject\",\"inLanguage\":\"de\",\"@id\":\"https:\/\/emea.dev.technetix.com\/de\/#\/schema\/logo\/image\/\",\"url\":\"https:\/\/emea.dev.technetix.com\/wp-content\/uploads\/sites\/2\/2023\/06\/logo-Technetix-1000x1000-1.png\",\"contentUrl\":\"https:\/\/emea.dev.technetix.com\/wp-content\/uploads\/sites\/2\/2023\/06\/logo-Technetix-1000x1000-1.png\",\"width\":1000,\"height\":1000,\"caption\":\"Technetix\"},\"image\":{\"@id\":\"https:\/\/emea.dev.technetix.com\/de\/#\/schema\/logo\/image\/\"},\"sameAs\":[\"https:\/\/x.com\/technetixgroup\",\"https:\/\/www.linkedin.com\/company\/technetix\/\",\"https:\/\/www.youtube.com\/c\/Technetix-group\"]}]}<\/script>\n<!-- \/ Yoast SEO Premium plugin. -->","yoast_head_json":{"title":"DNS-1800-ZL - Technetix EMEA","robots":{"index":"index","follow":"follow","max-snippet":"max-snippet:-1","max-image-preview":"max-image-preview:large","max-video-preview":"max-video-preview:-1"},"canonical":"https:\/\/emea.dev.technetix.com\/de\/hfc-netzwerke\/access-verstarker\/dns-1800-zl\/","og_locale":"de_DE","og_type":"article","og_title":"DNS-1800-ZL - Technetix EMEA","og_description":"DNS-1800-ZL Verlustfreier richtungsloser Verteiler 1,8 GHz Der DNS-1800 ZL kombiniert einen Technetix Flexi-Split-Verst\u00e4rker mit geringer Verst\u00e4rkung und einen 3-fach Verteiler in einer Einheit. Er kann als zwei- oder dreifach Verteiler genutzt werden und ist f\u00fcr den Einsatz in Netzwerken mit DOCSIS\u00ae 4.0 optimiert. Er vermeidet gew\u00f6hnlich in Netzwerken entstehende Verluste und erzielt dasselbe Signal-Teilungsverh\u00e4ltnis ohne ... Read more","og_url":"https:\/\/emea.dev.technetix.com\/de\/hfc-netzwerke\/access-verstarker\/dns-1800-zl\/","og_site_name":"Technetix EMEA","article_modified_time":"2024-02-08T10:29:03+00:00","og_image":[{"width":1920,"height":450,"url":"https:\/\/emea.dev.technetix.com\/wp-content\/uploads\/sites\/2\/2023\/03\/PRODUCTS_LARGE_DNS-1800ZL_FINAL_1_.jpeg","type":"image\/jpeg"}],"twitter_card":"summary_large_image","twitter_site":"@technetixgroup","twitter_misc":{"Gesch\u00e4tzte Lesezeit":"2\u00a0Minuten"},"schema":{"@context":"https:\/\/schema.org","@graph":[{"@type":"WebPage","@id":"https:\/\/emea.dev.technetix.com\/de\/hfc-netzwerke\/access-verstarker\/dns-1800-zl\/","url":"https:\/\/emea.dev.technetix.com\/de\/hfc-netzwerke\/access-verstarker\/dns-1800-zl\/","name":"DNS-1800-ZL - Technetix EMEA","isPartOf":{"@id":"https:\/\/emea.dev.technetix.com\/de\/#website"},"primaryImageOfPage":{"@id":"https:\/\/emea.dev.technetix.com\/de\/hfc-netzwerke\/access-verstarker\/dns-1800-zl\/#primaryimage"},"image":{"@id":"https:\/\/emea.dev.technetix.com\/de\/hfc-netzwerke\/access-verstarker\/dns-1800-zl\/#primaryimage"},"thumbnailUrl":"https:\/\/emea.dev.technetix.com\/wp-content\/uploads\/sites\/2\/2023\/03\/PRODUCTS_LARGE_DNS-1800ZL_FINAL_1_.jpeg","datePublished":"2023-03-09T17:37:20+00:00","dateModified":"2024-02-08T10:29:03+00:00","breadcrumb":{"@id":"https:\/\/emea.dev.technetix.com\/de\/hfc-netzwerke\/access-verstarker\/dns-1800-zl\/#breadcrumb"},"inLanguage":"de","potentialAction":[{"@type":"ReadAction","target":["https:\/\/emea.dev.technetix.com\/de\/hfc-netzwerke\/access-verstarker\/dns-1800-zl\/"]}]},{"@type":"ImageObject","inLanguage":"de","@id":"https:\/\/emea.dev.technetix.com\/de\/hfc-netzwerke\/access-verstarker\/dns-1800-zl\/#primaryimage","url":"https:\/\/emea.dev.technetix.com\/wp-content\/uploads\/sites\/2\/2023\/03\/PRODUCTS_LARGE_DNS-1800ZL_FINAL_1_.jpeg","contentUrl":"https:\/\/emea.dev.technetix.com\/wp-content\/uploads\/sites\/2\/2023\/03\/PRODUCTS_LARGE_DNS-1800ZL_FINAL_1_.jpeg","width":1920,"height":450,"caption":"DNS-1800 ZL"},{"@type":"BreadcrumbList","@id":"https:\/\/emea.dev.technetix.com\/de\/hfc-netzwerke\/access-verstarker\/dns-1800-zl\/#breadcrumb","itemListElement":[{"@type":"ListItem","position":1,"name":"Home","item":"https:\/\/emea.dev.technetix.com\/de\/"},{"@type":"ListItem","position":2,"name":"Breitband Kabel","item":"https:\/\/emea.dev.technetix.com\/de\/hfc-netzwerke\/"},{"@type":"ListItem","position":3,"name":"Access-Verst\u00e4rker","item":"https:\/\/emea.dev.technetix.com\/de\/hfc-netzwerke\/access-verstarker\/"},{"@type":"ListItem","position":4,"name":"Richtungsneutrales Netzwerk","item":"https:\/\/emea.dev.technetix.com\/de\/hfc-netzwerke\/access-verstarker\/dnn\/"},{"@type":"ListItem","position":5,"name":"DNS-1800-ZL"}]},{"@type":"WebSite","@id":"https:\/\/emea.dev.technetix.com\/de\/#website","url":"https:\/\/emea.dev.technetix.com\/de\/","name":"Technetix","description":"Next-generation broadband equipment engineering","publisher":{"@id":"https:\/\/emea.dev.technetix.com\/de\/#organization"},"potentialAction":[{"@type":"SearchAction","target":{"@type":"EntryPoint","urlTemplate":"https:\/\/emea.dev.technetix.com\/de\/?s={search_term_string}"},"query-input":{"@type":"PropertyValueSpecification","valueRequired":true,"valueName":"search_term_string"}}],"inLanguage":"de"},{"@type":"Organization","@id":"https:\/\/emea.dev.technetix.com\/de\/#organization","name":"Technetix","url":"https:\/\/emea.dev.technetix.com\/de\/","logo":{"@type":"ImageObject","inLanguage":"de","@id":"https:\/\/emea.dev.technetix.com\/de\/#\/schema\/logo\/image\/","url":"https:\/\/emea.dev.technetix.com\/wp-content\/uploads\/sites\/2\/2023\/06\/logo-Technetix-1000x1000-1.png","contentUrl":"https:\/\/emea.dev.technetix.com\/wp-content\/uploads\/sites\/2\/2023\/06\/logo-Technetix-1000x1000-1.png","width":1000,"height":1000,"caption":"Technetix"},"image":{"@id":"https:\/\/emea.dev.technetix.com\/de\/#\/schema\/logo\/image\/"},"sameAs":["https:\/\/x.com\/technetixgroup","https:\/\/www.linkedin.com\/company\/technetix\/","https:\/\/www.youtube.com\/c\/Technetix-group"]}]}},"acf":[],"publishpress_future_workflow_manual_trigger":{"enabledWorkflows":[]},"_links":{"self":[{"href":"https:\/\/emea.dev.technetix.com\/de\/wp-json\/wp\/v2\/pages\/6367"}],"collection":[{"href":"https:\/\/emea.dev.technetix.com\/de\/wp-json\/wp\/v2\/pages"}],"about":[{"href":"https:\/\/emea.dev.technetix.com\/de\/wp-json\/wp\/v2\/types\/page"}],"author":[{"embeddable":true,"href":"https:\/\/emea.dev.technetix.com\/de\/wp-json\/wp\/v2\/users\/1"}],"replies":[{"embeddable":true,"href":"https:\/\/emea.dev.technetix.com\/de\/wp-json\/wp\/v2\/comments?post=6367"}],"version-history":[{"count":3,"href":"https:\/\/emea.dev.technetix.com\/de\/wp-json\/wp\/v2\/pages\/6367\/revisions"}],"predecessor-version":[{"id":262892,"href":"https:\/\/emea.dev.technetix.com\/de\/wp-json\/wp\/v2\/pages\/6367\/revisions\/262892"}],"up":[{"embeddable":true,"href":"https:\/\/emea.dev.technetix.com\/de\/wp-json\/wp\/v2\/pages\/6174"}],"wp:featuredmedia":[{"embeddable":true,"href":"https:\/\/emea.dev.technetix.com\/de\/wp-json\/wp\/v2\/media\/5637"}],"wp:attachment":[{"href":"https:\/\/emea.dev.technetix.com\/de\/wp-json\/wp\/v2\/media?parent=6367"}],"curies":[{"name":"wp","href":"https:\/\/api.w.org\/{rel}","templated":true}]}}