{"id":6363,"date":"2023-03-09T18:17:02","date_gmt":"2023-03-09T18:17:02","guid":{"rendered":"https:\/\/emea.dev.technetix.com\/hfc-netzwerke\/access-verstarker\/dnn\/"},"modified":"2024-05-14T15:25:34","modified_gmt":"2024-05-14T15:25:34","slug":"dnn","status":"publish","type":"page","link":"https:\/\/emea.dev.technetix.com\/de\/hfc-netzwerke\/access-verstarker\/dnn\/","title":{"rendered":"Richtungsneutrales Netzwerk"},"content":{"rendered":"<div class=\"gb-container gb-container-f86f3f4f gb-container-hero-banner\"><div class=\"gb-inside-container\">\n<h1 class=\"gb-headline gb-headline-e1547755 gb-headline-text gb-headline-hero-banner-title\">Richtungsneutrales Netzwerk<\/h1>\n<\/div><\/div><div class=\"gb-container gb-container-38f275ce gb-container-con-centered-header\">\n<h2 class=\"gb-headline gb-headline-d02c52e4 gb-headline-text\">DOCSIS 4.0-ready, Diplexer-freie 1,8-GHz-Verst\u00e4rker, Teil der One-Touch-L\u00f6sung.<\/h2>\n<\/div><div class=\"gb-container gb-container-65c0b9b3 gb-container-wide-back-page-con\">\n<div class=\"gb-grid-wrapper gb-grid-wrapper-53f55656\">\n<div class=\"gb-grid-column gb-grid-column-111762de\"><div class=\"gb-container gb-container-111762de image-link-block\"><a class=\"gb-container-link\" href=\"https:\/\/emea.dev.technetix.com\/de\/hfc-netzwerke\/access-verstarker\/dnn\/dna-1800\/\"><\/a><div class=\"gb-inside-container\">\n<div class=\"gb-container gb-container-c51a427e\"><div class=\"gb-inside-container\">\n<figure class=\"gb-block-image gb-block-image-92ef0c3b\"><img loading=\"lazy\" decoding=\"async\" width=\"1000\" height=\"500\" class=\"gb-image gb-image-92ef0c3b\" src=\"https:\/\/emea.dev.technetix.com\/wp-content\/uploads\/sites\/2\/2024\/05\/DNA-1800-15-3.webp\" alt=\"\" title=\"DNA-1800-15\" srcset=\"https:\/\/emea.dev.technetix.com\/wp-content\/uploads\/sites\/2\/2024\/05\/DNA-1800-15-3.webp 1000w, https:\/\/emea.dev.technetix.com\/wp-content\/uploads\/sites\/2\/2024\/05\/DNA-1800-15-3-300x150.webp 300w, https:\/\/emea.dev.technetix.com\/wp-content\/uploads\/sites\/2\/2024\/05\/DNA-1800-15-3-768x384.webp 768w, https:\/\/emea.dev.technetix.com\/wp-content\/uploads\/sites\/2\/2024\/05\/DNA-1800-15-3-600x300.webp 600w\" sizes=\"(max-width: 1000px) 100vw, 1000px\" \/><\/figure>\n\n<h2 class=\"gb-headline gb-headline-8057c017 gb-headline-text\">DNA-1800-15<\/h2>\n\n<p class=\"gb-headline gb-headline-380a8e6b gb-headline-text\">1,8 GHz Verst\u00e4rker f\u00fcr den flexiblen Einsatz eines gesamten Frequenzbandes, der zus\u00e4tzlich den Up- und Downstream in Echtzeit steuert. <\/p>\n<\/div><\/div>\n<\/div><\/div><\/div>\n\n<div class=\"gb-grid-column gb-grid-column-8bae5311\"><div class=\"gb-container gb-container-8bae5311 image-link-block\"><a class=\"gb-container-link\" href=\"https:\/\/emea.dev.technetix.com\/de\/hfc-netzwerke\/access-verstarker\/dnn\/dns-1800-zl\/\"><\/a><div class=\"gb-inside-container\">\n<div class=\"gb-container gb-container-76956753\"><div class=\"gb-inside-container\">\n<figure class=\"gb-block-image gb-block-image-937f8a18\"><img loading=\"lazy\" decoding=\"async\" width=\"1000\" height=\"500\" class=\"gb-image gb-image-937f8a18\" src=\"https:\/\/emea.dev.technetix.com\/wp-content\/uploads\/sites\/2\/2023\/03\/8_DNS-1800-ZL.png\" alt=\"DNS-1800-ZL\" srcset=\"https:\/\/emea.dev.technetix.com\/wp-content\/uploads\/sites\/2\/2023\/03\/8_DNS-1800-ZL.png 1000w, https:\/\/emea.dev.technetix.com\/wp-content\/uploads\/sites\/2\/2023\/03\/8_DNS-1800-ZL-300x150.png 300w, https:\/\/emea.dev.technetix.com\/wp-content\/uploads\/sites\/2\/2023\/03\/8_DNS-1800-ZL-768x384.png 768w, https:\/\/emea.dev.technetix.com\/wp-content\/uploads\/sites\/2\/2023\/03\/8_DNS-1800-ZL-600x300.png 600w\" sizes=\"(max-width: 1000px) 100vw, 1000px\" \/><\/figure>\n\n<h2 class=\"gb-headline gb-headline-ea171cdf gb-headline-text\">DNS-1800-ZL<\/h2>\n\n<p class=\"gb-headline gb-headline-c818ca8b gb-headline-text\">8_DNS-1800-ZL DNS-1800-ZL Der 1,8 GHz Direction-Neutral-Zero-Loss Splitter verbraucht weniger als 6 W und kann in bestehenden Netzwerken, oder beim Upgrade auf DOCSIS\u00ae 4.0 eingesetzt werden. Gewinner des 4-Diamond-BTR-Preises. <\/p>\n<\/div><\/div>\n<\/div><\/div><\/div>\n<\/div>\n<\/div>","protected":false},"excerpt":{"rendered":"<p>Richtungsneutrales Netzwerk DOCSIS 4.0-ready, Diplexer-freie 1,8-GHz-Verst\u00e4rker, Teil der One-Touch-L\u00f6sung.<\/p>\n","protected":false},"author":1,"featured_media":394744,"parent":6174,"menu_order":0,"comment_status":"closed","ping_status":"closed","template":"","meta":{"_acf_changed":false,"_gspb_post_css":"","footnotes":""},"class_list":["post-6363","page","type-page","status-publish","has-post-thumbnail"],"yoast_head":"<!-- This site is optimized with the Yoast SEO Premium plugin v22.5 (Yoast SEO v23.7) - https:\/\/yoast.com\/wordpress\/plugins\/seo\/ -->\n<title>Richtungsneutrales Netzwerk - Technetix EMEA<\/title>\n<meta name=\"robots\" content=\"index, follow, max-snippet:-1, max-image-preview:large, max-video-preview:-1\" \/>\n<link rel=\"canonical\" href=\"https:\/\/emea.dev.technetix.com\/de\/hfc-netzwerke\/access-verstarker\/dnn\/\" \/>\n<meta property=\"og:locale\" content=\"de_DE\" \/>\n<meta property=\"og:type\" content=\"article\" \/>\n<meta property=\"og:title\" content=\"Richtungsneutrales Netzwerk - Technetix EMEA\" \/>\n<meta property=\"og:description\" content=\"Richtungsneutrales Netzwerk DOCSIS 4.0-ready, Diplexer-freie 1,8-GHz-Verst\u00e4rker, Teil der One-Touch-L\u00f6sung.\" \/>\n<meta property=\"og:url\" content=\"https:\/\/emea.dev.technetix.com\/de\/hfc-netzwerke\/access-verstarker\/dnn\/\" \/>\n<meta property=\"og:site_name\" content=\"Technetix EMEA\" \/>\n<meta property=\"article:modified_time\" content=\"2024-05-14T15:25:34+00:00\" \/>\n<meta property=\"og:image\" content=\"https:\/\/emea.dev.technetix.com\/wp-content\/uploads\/sites\/2\/2024\/05\/DNA-1800-15-1920X450_BANNER.jpg\" \/>\n\t<meta property=\"og:image:width\" content=\"1920\" \/>\n\t<meta property=\"og:image:height\" content=\"450\" \/>\n\t<meta property=\"og:image:type\" content=\"image\/jpeg\" \/>\n<meta name=\"twitter:card\" content=\"summary_large_image\" \/>\n<meta name=\"twitter:site\" content=\"@technetixgroup\" \/>\n<meta name=\"twitter:label1\" content=\"Gesch\u00e4tzte Lesezeit\" \/>\n\t<meta name=\"twitter:data1\" content=\"1\u00a0Minute\" \/>\n<script type=\"application\/ld+json\" class=\"yoast-schema-graph\">{\"@context\":\"https:\/\/schema.org\",\"@graph\":[{\"@type\":\"WebPage\",\"@id\":\"https:\/\/emea.dev.technetix.com\/de\/hfc-netzwerke\/access-verstarker\/dnn\/\",\"url\":\"https:\/\/emea.dev.technetix.com\/de\/hfc-netzwerke\/access-verstarker\/dnn\/\",\"name\":\"Richtungsneutrales Netzwerk - Technetix EMEA\",\"isPartOf\":{\"@id\":\"https:\/\/emea.dev.technetix.com\/de\/#website\"},\"primaryImageOfPage\":{\"@id\":\"https:\/\/emea.dev.technetix.com\/de\/hfc-netzwerke\/access-verstarker\/dnn\/#primaryimage\"},\"image\":{\"@id\":\"https:\/\/emea.dev.technetix.com\/de\/hfc-netzwerke\/access-verstarker\/dnn\/#primaryimage\"},\"thumbnailUrl\":\"https:\/\/emea.dev.technetix.com\/wp-content\/uploads\/sites\/2\/2024\/05\/DNA-1800-15-1920X450_BANNER.jpg\",\"datePublished\":\"2023-03-09T18:17:02+00:00\",\"dateModified\":\"2024-05-14T15:25:34+00:00\",\"breadcrumb\":{\"@id\":\"https:\/\/emea.dev.technetix.com\/de\/hfc-netzwerke\/access-verstarker\/dnn\/#breadcrumb\"},\"inLanguage\":\"de\",\"potentialAction\":[{\"@type\":\"ReadAction\",\"target\":[\"https:\/\/emea.dev.technetix.com\/de\/hfc-netzwerke\/access-verstarker\/dnn\/\"]}]},{\"@type\":\"ImageObject\",\"inLanguage\":\"de\",\"@id\":\"https:\/\/emea.dev.technetix.com\/de\/hfc-netzwerke\/access-verstarker\/dnn\/#primaryimage\",\"url\":\"https:\/\/emea.dev.technetix.com\/wp-content\/uploads\/sites\/2\/2024\/05\/DNA-1800-15-1920X450_BANNER.jpg\",\"contentUrl\":\"https:\/\/emea.dev.technetix.com\/wp-content\/uploads\/sites\/2\/2024\/05\/DNA-1800-15-1920X450_BANNER.jpg\",\"width\":1920,\"height\":450},{\"@type\":\"BreadcrumbList\",\"@id\":\"https:\/\/emea.dev.technetix.com\/de\/hfc-netzwerke\/access-verstarker\/dnn\/#breadcrumb\",\"itemListElement\":[{\"@type\":\"ListItem\",\"position\":1,\"name\":\"Home\",\"item\":\"https:\/\/emea.dev.technetix.com\/de\/\"},{\"@type\":\"ListItem\",\"position\":2,\"name\":\"Breitband Kabel\",\"item\":\"https:\/\/emea.dev.technetix.com\/de\/hfc-netzwerke\/\"},{\"@type\":\"ListItem\",\"position\":3,\"name\":\"Access-Verst\u00e4rker\",\"item\":\"https:\/\/emea.dev.technetix.com\/de\/hfc-netzwerke\/access-verstarker\/\"},{\"@type\":\"ListItem\",\"position\":4,\"name\":\"Richtungsneutrales Netzwerk\"}]},{\"@type\":\"WebSite\",\"@id\":\"https:\/\/emea.dev.technetix.com\/de\/#website\",\"url\":\"https:\/\/emea.dev.technetix.com\/de\/\",\"name\":\"Technetix\",\"description\":\"Next-generation broadband equipment engineering\",\"publisher\":{\"@id\":\"https:\/\/emea.dev.technetix.com\/de\/#organization\"},\"potentialAction\":[{\"@type\":\"SearchAction\",\"target\":{\"@type\":\"EntryPoint\",\"urlTemplate\":\"https:\/\/emea.dev.technetix.com\/de\/?s={search_term_string}\"},\"query-input\":{\"@type\":\"PropertyValueSpecification\",\"valueRequired\":true,\"valueName\":\"search_term_string\"}}],\"inLanguage\":\"de\"},{\"@type\":\"Organization\",\"@id\":\"https:\/\/emea.dev.technetix.com\/de\/#organization\",\"name\":\"Technetix\",\"url\":\"https:\/\/emea.dev.technetix.com\/de\/\",\"logo\":{\"@type\":\"ImageObject\",\"inLanguage\":\"de\",\"@id\":\"https:\/\/emea.dev.technetix.com\/de\/#\/schema\/logo\/image\/\",\"url\":\"https:\/\/emea.dev.technetix.com\/wp-content\/uploads\/sites\/2\/2023\/06\/logo-Technetix-1000x1000-1.png\",\"contentUrl\":\"https:\/\/emea.dev.technetix.com\/wp-content\/uploads\/sites\/2\/2023\/06\/logo-Technetix-1000x1000-1.png\",\"width\":1000,\"height\":1000,\"caption\":\"Technetix\"},\"image\":{\"@id\":\"https:\/\/emea.dev.technetix.com\/de\/#\/schema\/logo\/image\/\"},\"sameAs\":[\"https:\/\/x.com\/technetixgroup\",\"https:\/\/www.linkedin.com\/company\/technetix\/\",\"https:\/\/www.youtube.com\/c\/Technetix-group\"]}]}<\/script>\n<!-- \/ Yoast SEO Premium plugin. -->","yoast_head_json":{"title":"Richtungsneutrales Netzwerk - Technetix EMEA","robots":{"index":"index","follow":"follow","max-snippet":"max-snippet:-1","max-image-preview":"max-image-preview:large","max-video-preview":"max-video-preview:-1"},"canonical":"https:\/\/emea.dev.technetix.com\/de\/hfc-netzwerke\/access-verstarker\/dnn\/","og_locale":"de_DE","og_type":"article","og_title":"Richtungsneutrales Netzwerk - Technetix EMEA","og_description":"Richtungsneutrales Netzwerk DOCSIS 4.0-ready, Diplexer-freie 1,8-GHz-Verst\u00e4rker, Teil der One-Touch-L\u00f6sung.","og_url":"https:\/\/emea.dev.technetix.com\/de\/hfc-netzwerke\/access-verstarker\/dnn\/","og_site_name":"Technetix EMEA","article_modified_time":"2024-05-14T15:25:34+00:00","og_image":[{"width":1920,"height":450,"url":"https:\/\/emea.dev.technetix.com\/wp-content\/uploads\/sites\/2\/2024\/05\/DNA-1800-15-1920X450_BANNER.jpg","type":"image\/jpeg"}],"twitter_card":"summary_large_image","twitter_site":"@technetixgroup","twitter_misc":{"Gesch\u00e4tzte Lesezeit":"1\u00a0Minute"},"schema":{"@context":"https:\/\/schema.org","@graph":[{"@type":"WebPage","@id":"https:\/\/emea.dev.technetix.com\/de\/hfc-netzwerke\/access-verstarker\/dnn\/","url":"https:\/\/emea.dev.technetix.com\/de\/hfc-netzwerke\/access-verstarker\/dnn\/","name":"Richtungsneutrales Netzwerk - Technetix EMEA","isPartOf":{"@id":"https:\/\/emea.dev.technetix.com\/de\/#website"},"primaryImageOfPage":{"@id":"https:\/\/emea.dev.technetix.com\/de\/hfc-netzwerke\/access-verstarker\/dnn\/#primaryimage"},"image":{"@id":"https:\/\/emea.dev.technetix.com\/de\/hfc-netzwerke\/access-verstarker\/dnn\/#primaryimage"},"thumbnailUrl":"https:\/\/emea.dev.technetix.com\/wp-content\/uploads\/sites\/2\/2024\/05\/DNA-1800-15-1920X450_BANNER.jpg","datePublished":"2023-03-09T18:17:02+00:00","dateModified":"2024-05-14T15:25:34+00:00","breadcrumb":{"@id":"https:\/\/emea.dev.technetix.com\/de\/hfc-netzwerke\/access-verstarker\/dnn\/#breadcrumb"},"inLanguage":"de","potentialAction":[{"@type":"ReadAction","target":["https:\/\/emea.dev.technetix.com\/de\/hfc-netzwerke\/access-verstarker\/dnn\/"]}]},{"@type":"ImageObject","inLanguage":"de","@id":"https:\/\/emea.dev.technetix.com\/de\/hfc-netzwerke\/access-verstarker\/dnn\/#primaryimage","url":"https:\/\/emea.dev.technetix.com\/wp-content\/uploads\/sites\/2\/2024\/05\/DNA-1800-15-1920X450_BANNER.jpg","contentUrl":"https:\/\/emea.dev.technetix.com\/wp-content\/uploads\/sites\/2\/2024\/05\/DNA-1800-15-1920X450_BANNER.jpg","width":1920,"height":450},{"@type":"BreadcrumbList","@id":"https:\/\/emea.dev.technetix.com\/de\/hfc-netzwerke\/access-verstarker\/dnn\/#breadcrumb","itemListElement":[{"@type":"ListItem","position":1,"name":"Home","item":"https:\/\/emea.dev.technetix.com\/de\/"},{"@type":"ListItem","position":2,"name":"Breitband Kabel","item":"https:\/\/emea.dev.technetix.com\/de\/hfc-netzwerke\/"},{"@type":"ListItem","position":3,"name":"Access-Verst\u00e4rker","item":"https:\/\/emea.dev.technetix.com\/de\/hfc-netzwerke\/access-verstarker\/"},{"@type":"ListItem","position":4,"name":"Richtungsneutrales Netzwerk"}]},{"@type":"WebSite","@id":"https:\/\/emea.dev.technetix.com\/de\/#website","url":"https:\/\/emea.dev.technetix.com\/de\/","name":"Technetix","description":"Next-generation broadband equipment engineering","publisher":{"@id":"https:\/\/emea.dev.technetix.com\/de\/#organization"},"potentialAction":[{"@type":"SearchAction","target":{"@type":"EntryPoint","urlTemplate":"https:\/\/emea.dev.technetix.com\/de\/?s={search_term_string}"},"query-input":{"@type":"PropertyValueSpecification","valueRequired":true,"valueName":"search_term_string"}}],"inLanguage":"de"},{"@type":"Organization","@id":"https:\/\/emea.dev.technetix.com\/de\/#organization","name":"Technetix","url":"https:\/\/emea.dev.technetix.com\/de\/","logo":{"@type":"ImageObject","inLanguage":"de","@id":"https:\/\/emea.dev.technetix.com\/de\/#\/schema\/logo\/image\/","url":"https:\/\/emea.dev.technetix.com\/wp-content\/uploads\/sites\/2\/2023\/06\/logo-Technetix-1000x1000-1.png","contentUrl":"https:\/\/emea.dev.technetix.com\/wp-content\/uploads\/sites\/2\/2023\/06\/logo-Technetix-1000x1000-1.png","width":1000,"height":1000,"caption":"Technetix"},"image":{"@id":"https:\/\/emea.dev.technetix.com\/de\/#\/schema\/logo\/image\/"},"sameAs":["https:\/\/x.com\/technetixgroup","https:\/\/www.linkedin.com\/company\/technetix\/","https:\/\/www.youtube.com\/c\/Technetix-group"]}]}},"acf":[],"publishpress_future_workflow_manual_trigger":{"enabledWorkflows":[]},"_links":{"self":[{"href":"https:\/\/emea.dev.technetix.com\/de\/wp-json\/wp\/v2\/pages\/6363"}],"collection":[{"href":"https:\/\/emea.dev.technetix.com\/de\/wp-json\/wp\/v2\/pages"}],"about":[{"href":"https:\/\/emea.dev.technetix.com\/de\/wp-json\/wp\/v2\/types\/page"}],"author":[{"embeddable":true,"href":"https:\/\/emea.dev.technetix.com\/de\/wp-json\/wp\/v2\/users\/1"}],"replies":[{"embeddable":true,"href":"https:\/\/emea.dev.technetix.com\/de\/wp-json\/wp\/v2\/comments?post=6363"}],"version-history":[{"count":3,"href":"https:\/\/emea.dev.technetix.com\/de\/wp-json\/wp\/v2\/pages\/6363\/revisions"}],"predecessor-version":[{"id":394764,"href":"https:\/\/emea.dev.technetix.com\/de\/wp-json\/wp\/v2\/pages\/6363\/revisions\/394764"}],"up":[{"embeddable":true,"href":"https:\/\/emea.dev.technetix.com\/de\/wp-json\/wp\/v2\/pages\/6174"}],"wp:featuredmedia":[{"embeddable":true,"href":"https:\/\/emea.dev.technetix.com\/de\/wp-json\/wp\/v2\/media\/394744"}],"wp:attachment":[{"href":"https:\/\/emea.dev.technetix.com\/de\/wp-json\/wp\/v2\/media?parent=6363"}],"curies":[{"name":"wp","href":"https:\/\/api.w.org\/{rel}","templated":true}]}}