{"id":6347,"date":"2023-02-02T19:42:25","date_gmt":"2023-02-02T19:42:25","guid":{"rendered":"https:\/\/emea.dev.technetix.com\/hfc-netzwerke\/access-verstarker\/dbx-smarte-hf-verstarker\/"},"modified":"2023-03-31T12:49:23","modified_gmt":"2023-03-31T12:49:23","slug":"dbx-smarte-hf-verstarker","status":"publish","type":"page","link":"https:\/\/emea.dev.technetix.com\/de\/hfc-netzwerke\/access-verstarker\/dbx-smarte-hf-verstarker\/","title":{"rendered":"DBx Smarte HF-Verst\u00e4rker"},"content":{"rendered":"<div class=\"gb-container gb-container-f86f3f4f\"><div class=\"gb-inside-container\">\n<h1 class=\"gb-headline gb-headline-e1547755 gb-headline-text\">DBx Smarte HF-Verst\u00e4rker<\/h1>\n<\/div><\/div><div class=\"gb-container gb-container-64a5c02e gb-container-con-centered-header\">\n<h2 class=\"gb-headline gb-headline-d02c52e4 gb-headline-text gb-headline-h2-in-content\">Modulare offene Plattform f\u00fcr das Access-Netzwerk mit Unterst\u00fctzung von DOCSIS 3.1 als HF-Verst\u00e4rker, optischer Nodes oder Remote PHY-Nodes.<\/h2>\n<\/div><div class=\"gb-container gb-container-28bd0c38 gb-container-wide-back-page-con\">\n<div class=\"gb-grid-wrapper gb-grid-wrapper-53f55656\">\n<div class=\"gb-grid-column gb-grid-column-111762de\"><div class=\"gb-container gb-container-111762de image-link-block\"><a class=\"gb-container-link\" href=\"https:\/\/emea.dev.technetix.com\/de\/hfc-netzwerke\/access-verstarker\/dbx-smarte-hf-verstarker\/dbc-1200-lite\/\"><\/a><div class=\"gb-inside-container\">\n<div class=\"gb-container gb-container-c51a427e\"><div class=\"gb-inside-container\">\n<figure class=\"gb-block-image gb-block-image-92ef0c3b\"><img loading=\"lazy\" decoding=\"async\" width=\"1000\" height=\"500\" class=\"gb-image gb-image-92ef0c3b\" src=\"https:\/\/emea.dev.technetix.com\/wp-content\/uploads\/sites\/2\/2023\/02\/300_DBC1200Lite.png\" alt=\"DBC-1200 Lite - Digital Broadband Compact (DBC) Lite ist ein smarter, kompakter HF-Verst\u00e4rker mit einem aktiven Ausgang\" srcset=\"https:\/\/emea.dev.technetix.com\/wp-content\/uploads\/sites\/2\/2023\/02\/300_DBC1200Lite.png 1000w, https:\/\/emea.dev.technetix.com\/wp-content\/uploads\/sites\/2\/2023\/02\/300_DBC1200Lite-300x150.png 300w, https:\/\/emea.dev.technetix.com\/wp-content\/uploads\/sites\/2\/2023\/02\/300_DBC1200Lite-768x384.png 768w, https:\/\/emea.dev.technetix.com\/wp-content\/uploads\/sites\/2\/2023\/02\/300_DBC1200Lite-600x300.png 600w\" sizes=\"(max-width: 1000px) 100vw, 1000px\" \/><\/figure>\n\n<h2 class=\"gb-headline gb-headline-8057c017 gb-headline-text\">DBC-1200 Lite<\/h2>\n\n<p class=\"gb-headline gb-headline-380a8e6b gb-headline-text\">Digital Broadband Compact (DBC) Lite ist ein smarter, kompakter HF-Verst\u00e4rker mit einem aktiven Ausgang.<\/p>\n<\/div><\/div>\n<\/div><\/div><\/div>\n\n<div class=\"gb-grid-column gb-grid-column-7a4bf16e\"><div class=\"gb-container gb-container-7a4bf16e image-link-block\"><a class=\"gb-container-link\" href=\"https:\/\/emea.dev.technetix.com\/de\/hfc-netzwerke\/access-verstarker\/dbx-smarte-hf-verstarker\/dbc-verstarker\/\"><\/a><div class=\"gb-inside-container\">\n<div class=\"gb-container gb-container-9300bbd2\"><div class=\"gb-inside-container\">\n<figure class=\"gb-block-image gb-block-image-6f84a4e9\"><img loading=\"lazy\" decoding=\"async\" width=\"1000\" height=\"500\" class=\"gb-image gb-image-6f84a4e9\" src=\"https:\/\/emea.dev.technetix.com\/wp-content\/uploads\/sites\/2\/2023\/01\/301_DBC-1200-BASE.png\" alt=\"DBC-1200 - Digital Broadband Compact (DBC) ist ein smarter, kompakter HF-Verst\u00e4rker mit einem aktiven Ausgang\" srcset=\"https:\/\/emea.dev.technetix.com\/wp-content\/uploads\/sites\/2\/2023\/01\/301_DBC-1200-BASE.png 1000w, https:\/\/emea.dev.technetix.com\/wp-content\/uploads\/sites\/2\/2023\/01\/301_DBC-1200-BASE-300x150.png 300w, https:\/\/emea.dev.technetix.com\/wp-content\/uploads\/sites\/2\/2023\/01\/301_DBC-1200-BASE-768x384.png 768w, https:\/\/emea.dev.technetix.com\/wp-content\/uploads\/sites\/2\/2023\/01\/301_DBC-1200-BASE-600x300.png 600w\" sizes=\"(max-width: 1000px) 100vw, 1000px\" \/><\/figure>\n\n<h2 class=\"gb-headline gb-headline-e57d4edf gb-headline-text\">DBC-1200<\/h2>\n\n<p class=\"gb-headline gb-headline-d30bd382 gb-headline-text\">Digital Broadband Compact (DBC) ist ein smarter, kompakter HF-Verst\u00e4rker mit einem aktiven Ausgang.<\/p>\n<\/div><\/div>\n<\/div><\/div><\/div>\n\n<div class=\"gb-grid-column gb-grid-column-275da853\"><div class=\"gb-container gb-container-275da853 image-link-block\"><a class=\"gb-container-link\" href=\"https:\/\/emea.dev.technetix.com\/de\/hfc-netzwerke\/access-verstarker\/dbx-smarte-hf-verstarker\/dbcs-verstarker\/\"><\/a><div class=\"gb-inside-container\">\n<div class=\"gb-container gb-container-d6319ced\"><div class=\"gb-inside-container\">\n<figure class=\"gb-block-image gb-block-image-67a1585e\"><img loading=\"lazy\" decoding=\"async\" width=\"1000\" height=\"500\" class=\"gb-image gb-image-67a1585e\" src=\"https:\/\/emea.dev.technetix.com\/wp-content\/uploads\/sites\/2\/2023\/01\/304_DBC-1200.png\" alt=\"DBC-1200S - Digital Broadband Compact (DBC) ist ein smarter, modularer HF-Verst\u00e4rker mit einem aktiven Ausgang. Der DBC-1200S eignet sich besonders f\u00fcr eine Seil- und Mastmontage\" srcset=\"https:\/\/emea.dev.technetix.com\/wp-content\/uploads\/sites\/2\/2023\/01\/304_DBC-1200.png 1000w, https:\/\/emea.dev.technetix.com\/wp-content\/uploads\/sites\/2\/2023\/01\/304_DBC-1200-300x150.png 300w, https:\/\/emea.dev.technetix.com\/wp-content\/uploads\/sites\/2\/2023\/01\/304_DBC-1200-768x384.png 768w, https:\/\/emea.dev.technetix.com\/wp-content\/uploads\/sites\/2\/2023\/01\/304_DBC-1200-600x300.png 600w\" sizes=\"(max-width: 1000px) 100vw, 1000px\" \/><\/figure>\n\n<h2 class=\"gb-headline gb-headline-23c0d750 gb-headline-text\">DBC-1200S<\/h2>\n\n<p class=\"gb-headline gb-headline-5fe141aa gb-headline-text\">Digital Broadband Compact (DBC) ist ein smarter, modularer HF-Verst\u00e4rker mit einem aktiven Ausgang. Der DBC-1200S eignet sich besonders f\u00fcr eine Seil- und Mastmontage.<\/p>\n<\/div><\/div>\n<\/div><\/div><\/div>\n\n<div class=\"gb-grid-column gb-grid-column-d18fa710\"><div class=\"gb-container gb-container-d18fa710 image-link-block\"><a class=\"gb-container-link\" href=\"https:\/\/emea.dev.technetix.com\/de\/hfc-netzwerke\/access-verstarker\/dbx-smarte-hf-verstarker\/dbd-verstarker\/\"><\/a><div class=\"gb-inside-container\">\n<div class=\"gb-container gb-container-844acd73\"><div class=\"gb-inside-container\">\n<figure class=\"gb-block-image gb-block-image-906a5986\"><img loading=\"lazy\" decoding=\"async\" width=\"1000\" height=\"500\" class=\"gb-image gb-image-906a5986\" src=\"https:\/\/emea.dev.technetix.com\/wp-content\/uploads\/sites\/2\/2023\/01\/302_DBD-1200.png\" alt=\"DBD-1200 - Digital Broadband Distribution (DBD) ist ein smarter, konfigurierbarer HF-Verst\u00e4rker mit zwei aktiven Ausg\u00e4ngen\" srcset=\"https:\/\/emea.dev.technetix.com\/wp-content\/uploads\/sites\/2\/2023\/01\/302_DBD-1200.png 1000w, https:\/\/emea.dev.technetix.com\/wp-content\/uploads\/sites\/2\/2023\/01\/302_DBD-1200-300x150.png 300w, https:\/\/emea.dev.technetix.com\/wp-content\/uploads\/sites\/2\/2023\/01\/302_DBD-1200-768x384.png 768w, https:\/\/emea.dev.technetix.com\/wp-content\/uploads\/sites\/2\/2023\/01\/302_DBD-1200-600x300.png 600w\" sizes=\"(max-width: 1000px) 100vw, 1000px\" \/><\/figure>\n\n<h2 class=\"gb-headline gb-headline-80f7d0cc gb-headline-text\">DBD-1200<\/h2>\n\n<p class=\"gb-headline gb-headline-91195e9d gb-headline-text\">Digital Broadband Distribution (DBD) ist ein smarter, konfigurierbarer HF-Verst\u00e4rker mit zwei aktiven Ausg\u00e4ngen.<\/p>\n<\/div><\/div>\n<\/div><\/div><\/div>\n\n<div class=\"gb-grid-column gb-grid-column-b2ab680b\"><div class=\"gb-container gb-container-b2ab680b image-link-block\"><a class=\"gb-container-link\" href=\"https:\/\/emea.dev.technetix.com\/de\/hfc-netzwerke\/access-verstarker\/dbx-smarte-hf-verstarker\/dbe-verstarker\/\"><\/a><div class=\"gb-inside-container\">\n<div class=\"gb-container gb-container-fb68fc6b\"><div class=\"gb-inside-container\">\n<figure class=\"gb-block-image gb-block-image-dd468d1c\"><img loading=\"lazy\" decoding=\"async\" width=\"1000\" height=\"500\" class=\"gb-image gb-image-dd468d1c\" src=\"https:\/\/emea.dev.technetix.com\/wp-content\/uploads\/sites\/2\/2023\/01\/303_DBE-1200-BASE.png\" alt=\"DBE-1200 - Digital Broadband Edge (DBE) ist ein smarter, konfigurierbarer HF-Verst\u00e4rker mit vier aktiven Ausg\u00e4ngen\" srcset=\"https:\/\/emea.dev.technetix.com\/wp-content\/uploads\/sites\/2\/2023\/01\/303_DBE-1200-BASE.png 1000w, https:\/\/emea.dev.technetix.com\/wp-content\/uploads\/sites\/2\/2023\/01\/303_DBE-1200-BASE-300x150.png 300w, https:\/\/emea.dev.technetix.com\/wp-content\/uploads\/sites\/2\/2023\/01\/303_DBE-1200-BASE-768x384.png 768w, https:\/\/emea.dev.technetix.com\/wp-content\/uploads\/sites\/2\/2023\/01\/303_DBE-1200-BASE-600x300.png 600w\" sizes=\"(max-width: 1000px) 100vw, 1000px\" \/><\/figure>\n\n<h2 class=\"gb-headline gb-headline-6ae97ef1 gb-headline-text\">DBE-1200<\/h2>\n\n<p class=\"gb-headline gb-headline-1dc54919 gb-headline-text\">Digital Broadband Edge (DBE) ist ein smarter, konfigurierbarer HF-Verst\u00e4rker mit vier aktiven Ausg\u00e4ngen.<\/p>\n<\/div><\/div>\n<\/div><\/div><\/div>\n\n<div class=\"gb-grid-column gb-grid-column-0f7d7656\"><div class=\"gb-container gb-container-0f7d7656 image-link-block\"><a class=\"gb-container-link\" href=\"https:\/\/emea.dev.technetix.com\/de\/hfc-netzwerke\/access-verstarker\/dbx-smarte-hf-verstarker\/dbes-verstarker\/\"><\/a><div class=\"gb-inside-container\">\n<div class=\"gb-container gb-container-942ccd62\"><div class=\"gb-inside-container\">\n<figure class=\"gb-block-image gb-block-image-ec1a4198\"><img loading=\"lazy\" decoding=\"async\" width=\"1000\" height=\"500\" class=\"gb-image gb-image-ec1a4198\" src=\"https:\/\/emea.dev.technetix.com\/wp-content\/uploads\/sites\/2\/2023\/01\/305_DBE-1200.png\" alt=\"DBE-1200S - Digital Broadband Edge (DBE) ist ein smarter, konfigurierbarer HF-Verst\u00e4rker mit drei aktiven Ausg\u00e4ngen. Der DBE-1200S eignet sich besonders f\u00fcr eine Seil- und Mastmontage\" srcset=\"https:\/\/emea.dev.technetix.com\/wp-content\/uploads\/sites\/2\/2023\/01\/305_DBE-1200.png 1000w, https:\/\/emea.dev.technetix.com\/wp-content\/uploads\/sites\/2\/2023\/01\/305_DBE-1200-300x150.png 300w, https:\/\/emea.dev.technetix.com\/wp-content\/uploads\/sites\/2\/2023\/01\/305_DBE-1200-768x384.png 768w, https:\/\/emea.dev.technetix.com\/wp-content\/uploads\/sites\/2\/2023\/01\/305_DBE-1200-600x300.png 600w\" sizes=\"(max-width: 1000px) 100vw, 1000px\" \/><\/figure>\n\n<h2 class=\"gb-headline gb-headline-5e79c27a gb-headline-text\">DBE-1200S<\/h2>\n\n<p class=\"gb-headline gb-headline-82e85554 gb-headline-text\">Digital Broadband Edge (DBE) ist ein smarter, konfigurierbarer HF-Verst\u00e4rker mit drei aktiven Ausg\u00e4ngen. Der DBE-1200S eignet sich besonders f\u00fcr eine Seil- und Mastmontage.<\/p>\n<\/div><\/div>\n<\/div><\/div><\/div>\n<\/div>\n<\/div>","protected":false},"excerpt":{"rendered":"<p>DBx Smarte HF-Verst\u00e4rker Modulare offene Plattform f\u00fcr das Access-Netzwerk mit Unterst\u00fctzung von DOCSIS 3.1 als HF-Verst\u00e4rker, optischer Nodes oder Remote PHY-Nodes.<\/p>\n","protected":false},"author":1,"featured_media":2303,"parent":6174,"menu_order":0,"comment_status":"open","ping_status":"closed","template":"","meta":{"_acf_changed":false,"_gspb_post_css":"","footnotes":""},"class_list":["post-6347","page","type-page","status-publish","has-post-thumbnail"],"yoast_head":"<!-- This site is optimized with the Yoast SEO Premium plugin v22.5 (Yoast SEO v23.7) - https:\/\/yoast.com\/wordpress\/plugins\/seo\/ -->\n<title>DBx Smarte HF-Verst\u00e4rker - Technetix EMEA<\/title>\n<meta name=\"robots\" content=\"index, follow, max-snippet:-1, max-image-preview:large, max-video-preview:-1\" \/>\n<link rel=\"canonical\" href=\"https:\/\/emea.dev.technetix.com\/de\/hfc-netzwerke\/access-verstarker\/dbx-smarte-hf-verstarker\/\" \/>\n<meta property=\"og:locale\" content=\"de_DE\" \/>\n<meta property=\"og:type\" content=\"article\" \/>\n<meta property=\"og:title\" content=\"DBx Smarte HF-Verst\u00e4rker - Technetix EMEA\" \/>\n<meta property=\"og:description\" content=\"DBx Smarte HF-Verst\u00e4rker Modulare offene Plattform f\u00fcr das Access-Netzwerk mit Unterst\u00fctzung von DOCSIS 3.1 als HF-Verst\u00e4rker, optischer Nodes oder Remote PHY-Nodes.\" \/>\n<meta property=\"og:url\" content=\"https:\/\/emea.dev.technetix.com\/de\/hfc-netzwerke\/access-verstarker\/dbx-smarte-hf-verstarker\/\" \/>\n<meta property=\"og:site_name\" content=\"Technetix EMEA\" \/>\n<meta property=\"article:modified_time\" content=\"2023-03-31T12:49:23+00:00\" \/>\n<meta property=\"og:image\" content=\"https:\/\/emea.dev.technetix.com\/wp-content\/uploads\/sites\/2\/2023\/01\/LANDING_PAGE_LARGE_DBX_FINAL.jpeg\" \/>\n\t<meta property=\"og:image:width\" content=\"1920\" \/>\n\t<meta property=\"og:image:height\" content=\"450\" \/>\n\t<meta property=\"og:image:type\" content=\"image\/jpeg\" \/>\n<meta name=\"twitter:card\" content=\"summary_large_image\" \/>\n<meta name=\"twitter:site\" content=\"@technetixgroup\" \/>\n<meta name=\"twitter:label1\" content=\"Gesch\u00e4tzte Lesezeit\" \/>\n\t<meta name=\"twitter:data1\" content=\"2\u00a0Minuten\" \/>\n<script type=\"application\/ld+json\" class=\"yoast-schema-graph\">{\"@context\":\"https:\/\/schema.org\",\"@graph\":[{\"@type\":\"WebPage\",\"@id\":\"https:\/\/emea.dev.technetix.com\/de\/hfc-netzwerke\/access-verstarker\/dbx-smarte-hf-verstarker\/\",\"url\":\"https:\/\/emea.dev.technetix.com\/de\/hfc-netzwerke\/access-verstarker\/dbx-smarte-hf-verstarker\/\",\"name\":\"DBx Smarte HF-Verst\u00e4rker - Technetix EMEA\",\"isPartOf\":{\"@id\":\"https:\/\/emea.dev.technetix.com\/de\/#website\"},\"primaryImageOfPage\":{\"@id\":\"https:\/\/emea.dev.technetix.com\/de\/hfc-netzwerke\/access-verstarker\/dbx-smarte-hf-verstarker\/#primaryimage\"},\"image\":{\"@id\":\"https:\/\/emea.dev.technetix.com\/de\/hfc-netzwerke\/access-verstarker\/dbx-smarte-hf-verstarker\/#primaryimage\"},\"thumbnailUrl\":\"https:\/\/emea.dev.technetix.com\/wp-content\/uploads\/sites\/2\/2023\/01\/LANDING_PAGE_LARGE_DBX_FINAL.jpeg\",\"datePublished\":\"2023-02-02T19:42:25+00:00\",\"dateModified\":\"2023-03-31T12:49:23+00:00\",\"breadcrumb\":{\"@id\":\"https:\/\/emea.dev.technetix.com\/de\/hfc-netzwerke\/access-verstarker\/dbx-smarte-hf-verstarker\/#breadcrumb\"},\"inLanguage\":\"de\",\"potentialAction\":[{\"@type\":\"ReadAction\",\"target\":[\"https:\/\/emea.dev.technetix.com\/de\/hfc-netzwerke\/access-verstarker\/dbx-smarte-hf-verstarker\/\"]}]},{\"@type\":\"ImageObject\",\"inLanguage\":\"de\",\"@id\":\"https:\/\/emea.dev.technetix.com\/de\/hfc-netzwerke\/access-verstarker\/dbx-smarte-hf-verstarker\/#primaryimage\",\"url\":\"https:\/\/emea.dev.technetix.com\/wp-content\/uploads\/sites\/2\/2023\/01\/LANDING_PAGE_LARGE_DBX_FINAL.jpeg\",\"contentUrl\":\"https:\/\/emea.dev.technetix.com\/wp-content\/uploads\/sites\/2\/2023\/01\/LANDING_PAGE_LARGE_DBX_FINAL.jpeg\",\"width\":1920,\"height\":450},{\"@type\":\"BreadcrumbList\",\"@id\":\"https:\/\/emea.dev.technetix.com\/de\/hfc-netzwerke\/access-verstarker\/dbx-smarte-hf-verstarker\/#breadcrumb\",\"itemListElement\":[{\"@type\":\"ListItem\",\"position\":1,\"name\":\"Home\",\"item\":\"https:\/\/emea.dev.technetix.com\/de\/\"},{\"@type\":\"ListItem\",\"position\":2,\"name\":\"Breitband Kabel\",\"item\":\"https:\/\/emea.dev.technetix.com\/de\/hfc-netzwerke\/\"},{\"@type\":\"ListItem\",\"position\":3,\"name\":\"Access-Verst\u00e4rker\",\"item\":\"https:\/\/emea.dev.technetix.com\/de\/hfc-netzwerke\/access-verstarker\/\"},{\"@type\":\"ListItem\",\"position\":4,\"name\":\"DBx Smarte HF-Verst\u00e4rker\"}]},{\"@type\":\"WebSite\",\"@id\":\"https:\/\/emea.dev.technetix.com\/de\/#website\",\"url\":\"https:\/\/emea.dev.technetix.com\/de\/\",\"name\":\"Technetix\",\"description\":\"Next-generation broadband equipment engineering\",\"publisher\":{\"@id\":\"https:\/\/emea.dev.technetix.com\/de\/#organization\"},\"potentialAction\":[{\"@type\":\"SearchAction\",\"target\":{\"@type\":\"EntryPoint\",\"urlTemplate\":\"https:\/\/emea.dev.technetix.com\/de\/?s={search_term_string}\"},\"query-input\":{\"@type\":\"PropertyValueSpecification\",\"valueRequired\":true,\"valueName\":\"search_term_string\"}}],\"inLanguage\":\"de\"},{\"@type\":\"Organization\",\"@id\":\"https:\/\/emea.dev.technetix.com\/de\/#organization\",\"name\":\"Technetix\",\"url\":\"https:\/\/emea.dev.technetix.com\/de\/\",\"logo\":{\"@type\":\"ImageObject\",\"inLanguage\":\"de\",\"@id\":\"https:\/\/emea.dev.technetix.com\/de\/#\/schema\/logo\/image\/\",\"url\":\"https:\/\/emea.dev.technetix.com\/wp-content\/uploads\/sites\/2\/2023\/06\/logo-Technetix-1000x1000-1.png\",\"contentUrl\":\"https:\/\/emea.dev.technetix.com\/wp-content\/uploads\/sites\/2\/2023\/06\/logo-Technetix-1000x1000-1.png\",\"width\":1000,\"height\":1000,\"caption\":\"Technetix\"},\"image\":{\"@id\":\"https:\/\/emea.dev.technetix.com\/de\/#\/schema\/logo\/image\/\"},\"sameAs\":[\"https:\/\/x.com\/technetixgroup\",\"https:\/\/www.linkedin.com\/company\/technetix\/\",\"https:\/\/www.youtube.com\/c\/Technetix-group\"]}]}<\/script>\n<!-- \/ Yoast SEO Premium plugin. -->","yoast_head_json":{"title":"DBx Smarte HF-Verst\u00e4rker - Technetix EMEA","robots":{"index":"index","follow":"follow","max-snippet":"max-snippet:-1","max-image-preview":"max-image-preview:large","max-video-preview":"max-video-preview:-1"},"canonical":"https:\/\/emea.dev.technetix.com\/de\/hfc-netzwerke\/access-verstarker\/dbx-smarte-hf-verstarker\/","og_locale":"de_DE","og_type":"article","og_title":"DBx Smarte HF-Verst\u00e4rker - Technetix EMEA","og_description":"DBx Smarte HF-Verst\u00e4rker Modulare offene Plattform f\u00fcr das Access-Netzwerk mit Unterst\u00fctzung von DOCSIS 3.1 als HF-Verst\u00e4rker, optischer Nodes oder Remote PHY-Nodes.","og_url":"https:\/\/emea.dev.technetix.com\/de\/hfc-netzwerke\/access-verstarker\/dbx-smarte-hf-verstarker\/","og_site_name":"Technetix EMEA","article_modified_time":"2023-03-31T12:49:23+00:00","og_image":[{"width":1920,"height":450,"url":"https:\/\/emea.dev.technetix.com\/wp-content\/uploads\/sites\/2\/2023\/01\/LANDING_PAGE_LARGE_DBX_FINAL.jpeg","type":"image\/jpeg"}],"twitter_card":"summary_large_image","twitter_site":"@technetixgroup","twitter_misc":{"Gesch\u00e4tzte Lesezeit":"2\u00a0Minuten"},"schema":{"@context":"https:\/\/schema.org","@graph":[{"@type":"WebPage","@id":"https:\/\/emea.dev.technetix.com\/de\/hfc-netzwerke\/access-verstarker\/dbx-smarte-hf-verstarker\/","url":"https:\/\/emea.dev.technetix.com\/de\/hfc-netzwerke\/access-verstarker\/dbx-smarte-hf-verstarker\/","name":"DBx Smarte HF-Verst\u00e4rker - Technetix EMEA","isPartOf":{"@id":"https:\/\/emea.dev.technetix.com\/de\/#website"},"primaryImageOfPage":{"@id":"https:\/\/emea.dev.technetix.com\/de\/hfc-netzwerke\/access-verstarker\/dbx-smarte-hf-verstarker\/#primaryimage"},"image":{"@id":"https:\/\/emea.dev.technetix.com\/de\/hfc-netzwerke\/access-verstarker\/dbx-smarte-hf-verstarker\/#primaryimage"},"thumbnailUrl":"https:\/\/emea.dev.technetix.com\/wp-content\/uploads\/sites\/2\/2023\/01\/LANDING_PAGE_LARGE_DBX_FINAL.jpeg","datePublished":"2023-02-02T19:42:25+00:00","dateModified":"2023-03-31T12:49:23+00:00","breadcrumb":{"@id":"https:\/\/emea.dev.technetix.com\/de\/hfc-netzwerke\/access-verstarker\/dbx-smarte-hf-verstarker\/#breadcrumb"},"inLanguage":"de","potentialAction":[{"@type":"ReadAction","target":["https:\/\/emea.dev.technetix.com\/de\/hfc-netzwerke\/access-verstarker\/dbx-smarte-hf-verstarker\/"]}]},{"@type":"ImageObject","inLanguage":"de","@id":"https:\/\/emea.dev.technetix.com\/de\/hfc-netzwerke\/access-verstarker\/dbx-smarte-hf-verstarker\/#primaryimage","url":"https:\/\/emea.dev.technetix.com\/wp-content\/uploads\/sites\/2\/2023\/01\/LANDING_PAGE_LARGE_DBX_FINAL.jpeg","contentUrl":"https:\/\/emea.dev.technetix.com\/wp-content\/uploads\/sites\/2\/2023\/01\/LANDING_PAGE_LARGE_DBX_FINAL.jpeg","width":1920,"height":450},{"@type":"BreadcrumbList","@id":"https:\/\/emea.dev.technetix.com\/de\/hfc-netzwerke\/access-verstarker\/dbx-smarte-hf-verstarker\/#breadcrumb","itemListElement":[{"@type":"ListItem","position":1,"name":"Home","item":"https:\/\/emea.dev.technetix.com\/de\/"},{"@type":"ListItem","position":2,"name":"Breitband Kabel","item":"https:\/\/emea.dev.technetix.com\/de\/hfc-netzwerke\/"},{"@type":"ListItem","position":3,"name":"Access-Verst\u00e4rker","item":"https:\/\/emea.dev.technetix.com\/de\/hfc-netzwerke\/access-verstarker\/"},{"@type":"ListItem","position":4,"name":"DBx Smarte HF-Verst\u00e4rker"}]},{"@type":"WebSite","@id":"https:\/\/emea.dev.technetix.com\/de\/#website","url":"https:\/\/emea.dev.technetix.com\/de\/","name":"Technetix","description":"Next-generation broadband equipment engineering","publisher":{"@id":"https:\/\/emea.dev.technetix.com\/de\/#organization"},"potentialAction":[{"@type":"SearchAction","target":{"@type":"EntryPoint","urlTemplate":"https:\/\/emea.dev.technetix.com\/de\/?s={search_term_string}"},"query-input":{"@type":"PropertyValueSpecification","valueRequired":true,"valueName":"search_term_string"}}],"inLanguage":"de"},{"@type":"Organization","@id":"https:\/\/emea.dev.technetix.com\/de\/#organization","name":"Technetix","url":"https:\/\/emea.dev.technetix.com\/de\/","logo":{"@type":"ImageObject","inLanguage":"de","@id":"https:\/\/emea.dev.technetix.com\/de\/#\/schema\/logo\/image\/","url":"https:\/\/emea.dev.technetix.com\/wp-content\/uploads\/sites\/2\/2023\/06\/logo-Technetix-1000x1000-1.png","contentUrl":"https:\/\/emea.dev.technetix.com\/wp-content\/uploads\/sites\/2\/2023\/06\/logo-Technetix-1000x1000-1.png","width":1000,"height":1000,"caption":"Technetix"},"image":{"@id":"https:\/\/emea.dev.technetix.com\/de\/#\/schema\/logo\/image\/"},"sameAs":["https:\/\/x.com\/technetixgroup","https:\/\/www.linkedin.com\/company\/technetix\/","https:\/\/www.youtube.com\/c\/Technetix-group"]}]}},"acf":[],"publishpress_future_workflow_manual_trigger":{"enabledWorkflows":[]},"_links":{"self":[{"href":"https:\/\/emea.dev.technetix.com\/de\/wp-json\/wp\/v2\/pages\/6347"}],"collection":[{"href":"https:\/\/emea.dev.technetix.com\/de\/wp-json\/wp\/v2\/pages"}],"about":[{"href":"https:\/\/emea.dev.technetix.com\/de\/wp-json\/wp\/v2\/types\/page"}],"author":[{"embeddable":true,"href":"https:\/\/emea.dev.technetix.com\/de\/wp-json\/wp\/v2\/users\/1"}],"replies":[{"embeddable":true,"href":"https:\/\/emea.dev.technetix.com\/de\/wp-json\/wp\/v2\/comments?post=6347"}],"version-history":[{"count":3,"href":"https:\/\/emea.dev.technetix.com\/de\/wp-json\/wp\/v2\/pages\/6347\/revisions"}],"predecessor-version":[{"id":273033,"href":"https:\/\/emea.dev.technetix.com\/de\/wp-json\/wp\/v2\/pages\/6347\/revisions\/273033"}],"up":[{"embeddable":true,"href":"https:\/\/emea.dev.technetix.com\/de\/wp-json\/wp\/v2\/pages\/6174"}],"wp:featuredmedia":[{"embeddable":true,"href":"https:\/\/emea.dev.technetix.com\/de\/wp-json\/wp\/v2\/media\/2303"}],"wp:attachment":[{"href":"https:\/\/emea.dev.technetix.com\/de\/wp-json\/wp\/v2\/media?parent=6347"}],"curies":[{"name":"wp","href":"https:\/\/api.w.org\/{rel}","templated":true}]}}