{"id":6340,"date":"2023-01-17T17:30:00","date_gmt":"2023-01-17T17:30:00","guid":{"rendered":"https:\/\/emea.dev.technetix.com\/erklarung-zu-sklaverei-und-menschenhandel\/"},"modified":"2023-03-27T12:44:55","modified_gmt":"2023-03-27T12:44:55","slug":"erklarung-zu-sklaverei-und-menschenhandel","status":"publish","type":"page","link":"https:\/\/emea.dev.technetix.com\/de\/erklarung-zu-sklaverei-und-menschenhandel\/","title":{"rendered":"Erkl\u00e4rung zu Sklaverei und Menschenhandel"},"content":{"rendered":"<div class=\"gb-container gb-container-f86f3f4f gb-container-hero-banner\"><div class=\"gb-inside-container\">\n<h1 class=\"gb-headline gb-headline-e1547755 gb-headline-text gb-headline-hero-banner-title\">Erkl\u00e4rung zu Sklaverei und Menschenhandel<\/h1>\n<\/div><\/div><div class=\"gb-container gb-container-8481168f gb-container-inner-back-page-con\">\n<h2 class=\"gb-headline gb-headline-d02c52e4 gb-headline-text gb-headline-h2-in-content\">Technetix Group Limited<\/h2>\n\n<p class=\"gb-headline gb-headline-6656b5c3 gb-headline-text\">Technetix toleriert weder in eigenen Gesch\u00e4ftsbereichen noch in den Lieferketten Sklaverei, Menschenhandel oder jedwede andere Verletzung der Menschenrechte. Von allen Angestellten und Lieferanten wird zu jeder Zeit ethisches Handeln und die Einhaltung der rechtlichen Anforderungen gefordert. <\/p>\n\n<p class=\"gb-headline gb-headline-47ee4086 gb-headline-text\">Die Information in dieser Erkl\u00e4rung bezieht sich auf das am 31. Dezember 2022 beendete Gesch\u00e4ftsjahr.<\/p>\n\n<h2 class=\"gb-headline gb-headline-6b17d0fd gb-headline-text gb-headline-h2-in-content\">Struktur und Lieferketten<\/h2>\n\n<p class=\"gb-headline gb-headline-623f5b86 gb-headline-text\">Technetix ist in Europa, Nordamerika, Lateinamerika und der Asien\/Pazifik-Region aktiv und differenziert sich von seinen Wettbewerbern durch detaillierte Kenntnisse der Anforderungen seiner Kunden und die Bereitstellung intelligenter und ausgezeichneter L\u00f6sungen f\u00fcr den Markt.<\/p>\n\n<p class=\"gb-headline gb-headline-a3c0191d gb-headline-text\">Technetix unterst\u00fctzt seine Kunden durch den Aufbau von Beratungspartnerschaften und bietet dabei 33 Jahre Erfahrung in Breitband-Netzwerktechnologien. Es liegt in der Natur dieser Partnerschaften, dass L\u00f6sungen nach der Identifizierung eines Bedarfs schnell entwickelt und zur Marktreife gebracht werden k\u00f6nnen. Dies ist einer der Gr\u00fcnde daf\u00fcr, dass das Unternehmen der erprobte, gepr\u00fcfte und zuverl\u00e4ssige Lieferant f\u00fcr mehr als 2.000 Kunden in 70 L\u00e4ndern ist.  <\/p>\n\n<p class=\"gb-headline gb-headline-5af38e7e gb-headline-text\">Die Einkaufsaktivit\u00e4ten von Technetix sind \u00fcberwiegend zentralisiert. Das Unternehmen kann daher ein gutes Ma\u00df an Konsistenz und Zusammenhalt im Beziehungsmanagement zu den Lieferanten weltweit gew\u00e4hrleisten, was wiederum die F\u00e4higkeit zur \u00dcberwachung der Leistung und zur Evaluation der Compliance mit einem angemessen hohen Ma\u00df an Zuversicht unterstreicht. <\/p>\n\n<h2 class=\"gb-headline gb-headline-4b572e45 gb-headline-text gb-headline-h2-in-content\">Ethische Standards und Erwartungen<\/h2>\n\n<p class=\"gb-headline gb-headline-c9b08205 gb-headline-text\">Technetix toleriert in seiner Belegschaft keinerlei Diskriminierung, Bel\u00e4stigung oder Schikane. Alle F\u00fchrungskr\u00e4fte sind dazu aufgefordert zu gew\u00e4hrleisten, dass alle diesbez\u00fcglichen Richtlinien befolgt werden.<\/p>\n\n<p>Technetix respektiert, dass in anderen L\u00e4ndern Kulturen, Normen und Werte existieren k\u00f6nnen, die sich von den eigenen unterscheiden. Es existieren jedoch gewisse Standards, die von dem Unternehmen als allgemeing\u00fcltig angesehen werden. Die Lieferanten sollen diese Standards erf\u00fcllen und auch gew\u00e4hrleisten, dass diese in ihren eigenen Lieferketten Anwendung finden. Die Standards sind:  <\/p>\n\n<ul class=\"wp-block-list\"><li>Die Lieferanten d\u00fcrfen keine Art von Zwangsarbeit, Leibeigenschaft, Frondienst, Sklaverei oder Menschenhandel anwenden;<\/li>\n\n<li>Die Angestellten der Lieferanten m\u00fcssen ihre Besch\u00e4ftigung frei w\u00e4hlen d\u00fcrfen und nicht durch N\u00f6tigung, Strafen oder Drohungen an einer Trennung nach einer angemessenen K\u00fcndigungsfrist gehindert werden; alle Besch\u00e4ftigungsverh\u00e4ltnisse m\u00fcssen freiwillig sein;<\/li>\n\n<li>Arbeitsstunden und Verg\u00fctungen sollten den lokalen Standards entsprechen und allen lokalen Gesetzen gen\u00fcgen;<\/li>\n\n<li>Lieferanten d\u00fcrfen Angestellte als Vorbedingung f\u00fcr ein Besch\u00e4ftigungsverh\u00e4ltnis nicht zur Hinterlegung von Kautionen oder zur Abgabe von gesetzlichen Identit\u00e4tsdokumenten, P\u00e4ssen oder Arbeitserlaubnissen auffordern.<\/li><\/ul>\n\n<p class=\"gb-headline gb-headline-c063692c gb-headline-text\">Weiterhin sind unsere Lieferanten zur Einhaltung von Prozessen aufgefordert, die die M\u00f6glichkeit, dass an Technetix gelieferte Produkte Kriegsmineralien enthalten, minimieren. Kriegsmineralien sind Mineralien, die unter den Bedingungen eines bewaffneten Konflikts und der Verletzung der Menschenrechte gesch\u00fcrft wurden. Entsprechend den Leitlinien der US-Rechtsprechung (Dodd-Frank Act) und der OECD betrachtet Technetix Gold, Zinn, Tungsten und Tantal als Mineralien, die in von bewaffneten Konflikten betroffenen Gebieten der \u00f6stlichen Demokratischen Republik Kongo gesch\u00fcrft wurden.  <\/p>\n\n<h2 class=\"gb-headline gb-headline-e3742336 gb-headline-text gb-headline-h2-in-content\">Sorgfaltspflicht<\/h2>\n\n<p class=\"gb-headline gb-headline-399aa230 gb-headline-text\">Technetix stellt gegen\u00fcber allen momentanen und m\u00f6glichen Lieferanten klar, dass eine transparente und faire Gesch\u00e4ftsf\u00fchrung erwartet wird. Vor Aufnahme einer Gesch\u00e4ftsbeziehung ist ein Anbieterfragebogen auszuf\u00fcllen. Der Anbieterfragebogen besteht aus einem umfassenden Set von Fragen, die der Evaluation der von dem Unternehmen angewandten Standards dienen und gew\u00e4hrleisten sollen, dass diese Standards die Anforderungen von Technetix erf\u00fcllen. Sollte der Anbieterfragebogen eine Nichterf\u00fcllung der Anforderungen aufzeigen, wird Technetix \u2212 je nach Ausma\u00df der Abweichungen \u2212 die Aufnahme einer Gesch\u00e4ftsbeziehung entweder verweigern oder mit dem Lieferanten bez\u00fcglich der Erf\u00fcllung der Anforderungen zusammenarbeiten.   <\/p>\n\n<p class=\"gb-headline gb-headline-88cc9ccc gb-headline-text\">Vor der Akzeptanz eines neuen Lieferanten werden von relevanten Betriebs-, Richtlinien- und Qualit\u00e4tsexperten sowie dem Senior Management eine On-Site-Bewertung und ein Audit durchgef\u00fchrt.<\/p>\n\n<h2 class=\"gb-headline gb-headline-78eb62d7 gb-headline-text gb-headline-h2-in-content\">Einhaltung ethischer Standards<\/h2>\n\n<p class=\"gb-headline gb-headline-157cb8e3 gb-headline-text\">Technetix unterh\u00e4lt mit allen Lieferanten eine enge Arbeitsbeziehung. Angestellte werden zum Aufzeigen jeglicher Bedenken bez\u00fcglich Sklaverei, Menschenhandel oder beliebiger anderer Aktionen, die nicht mit den Anforderungen vereinbar erscheinen, an einen leitenden Angestellten der Belegschaft ermutigt, damit angemessene Ma\u00dfnahmen ergriffen werden k\u00f6nnen. <\/p>\n\n<p class=\"gb-headline gb-headline-09193b2f gb-headline-text\">Regelm\u00e4\u00dfige Betriebsbesuche durch Betriebspersonal und leitende Angestellte sind ein integraler Bestandteil zum Erhalt dieser engen Arbeitsbeziehungen. W\u00e4hrend dieser Besuche werden Arbeitsbedingungen und ethische Standards bekr\u00e4ftigt und gepr\u00fcft. Dies beinhaltet auch das direkte Gespr\u00e4ch mit Angestellten in der Fertigung oder an der relevanten Arbeitsst\u00e4tte.<\/p>\n\n<h2 class=\"gb-headline gb-headline-21f41611 gb-headline-text gb-headline-h2-in-content\">Training<\/h2>\n\n<p class=\"gb-headline gb-headline-a442a9ae gb-headline-text\">Technetix arbeitet mit allen Angestellten zusammen, um zu gew\u00e4hrleisten, dass sich diese der Leitlinien und deren Implementierung im Rahmen ihrer Position bewusst sind. Angestellte erhalten \u2212 je nach Bedarf \u2212 besondere Schulungen zu Kernthemen, die das Unternehmen betreffen, so zum Beispiel zur Einhaltung der ethischen Standards im Unternehmen sowie bei dessen Lieferanten. <\/p>\n\n<p class=\"gb-headline gb-headline-411978d4 gb-headline-text\">Diese Erkl\u00e4rung wurde vom Technetix-Vorstand autorisiert und erfolgt im Namen der Technetix Group Limited, seiner Niederlassung Technetix Limited im Vereinigten K\u00f6nigreich und aller Unternehmen der Technetix-Gruppe.<\/p>\n\n<figure class=\"gb-block-image gb-block-image-f6a06b6d\"><img loading=\"lazy\" decoding=\"async\" width=\"262\" height=\"89\" class=\"gb-image gb-image-f6a06b6d\" src=\"https:\/\/emea.dev.technetix.com\/wp-content\/uploads\/sites\/2\/2023\/01\/Paul-Broadhurst-Signature.jpeg\" alt=\"\" title=\"Paul-Broadhurst-Signature\"><\/figure>\n\n<p class=\"gb-headline gb-headline-1458ebe2 gb-headline-text\">Paul Broadhurst<\/p>\n\n<p class=\"gb-headline gb-headline-c2330e6b gb-headline-text\">Chief Executive Officer<\/p>\n\n<p class=\"gb-headline gb-headline-966de982 gb-headline-text\">Technetix Group Limited<\/p>\n\n<p class=\"gb-headline gb-headline-202d8562 gb-headline-text\">16 Februar 2023<\/p>\n<\/div>","protected":false},"excerpt":{"rendered":"<p>Erkl\u00e4rung zu Sklaverei und Menschenhandel Technetix Group Limited Technetix toleriert weder in eigenen Gesch\u00e4ftsbereichen noch in den Lieferketten Sklaverei, Menschenhandel oder jedwede andere Verletzung der Menschenrechte. Von allen Angestellten und Lieferanten wird zu jeder Zeit ethisches Handeln und die Einhaltung der rechtlichen Anforderungen gefordert. Die Information in dieser Erkl\u00e4rung bezieht sich auf das am 31. &#8230; <a title=\"Erkl\u00e4rung zu Sklaverei und Menschenhandel\" class=\"read-more\" href=\"https:\/\/emea.dev.technetix.com\/de\/erklarung-zu-sklaverei-und-menschenhandel\/\" aria-label=\"Mehr zu Erkl\u00e4rung zu Sklaverei und Menschenhandel\">Read more<\/a><\/p>\n","protected":false},"author":1,"featured_media":0,"parent":0,"menu_order":0,"comment_status":"closed","ping_status":"closed","template":"","meta":{"_acf_changed":false,"_gspb_post_css":"","footnotes":""},"class_list":["post-6340","page","type-page","status-publish"],"yoast_head":"<!-- This site is optimized with the Yoast SEO Premium plugin v22.5 (Yoast SEO v23.7) - https:\/\/yoast.com\/wordpress\/plugins\/seo\/ -->\n<title>Erkl\u00e4rung zu Sklaverei und Menschenhandel - Technetix EMEA<\/title>\n<meta name=\"robots\" content=\"index, follow, max-snippet:-1, max-image-preview:large, max-video-preview:-1\" \/>\n<link rel=\"canonical\" href=\"https:\/\/emea.dev.technetix.com\/de\/erklarung-zu-sklaverei-und-menschenhandel\/\" \/>\n<meta property=\"og:locale\" content=\"de_DE\" \/>\n<meta property=\"og:type\" content=\"article\" \/>\n<meta property=\"og:title\" content=\"Erkl\u00e4rung zu Sklaverei und Menschenhandel - Technetix EMEA\" \/>\n<meta property=\"og:description\" content=\"Erkl\u00e4rung zu Sklaverei und Menschenhandel Technetix Group Limited Technetix toleriert weder in eigenen Gesch\u00e4ftsbereichen noch in den Lieferketten Sklaverei, Menschenhandel oder jedwede andere Verletzung der Menschenrechte. Von allen Angestellten und Lieferanten wird zu jeder Zeit ethisches Handeln und die Einhaltung der rechtlichen Anforderungen gefordert. Die Information in dieser Erkl\u00e4rung bezieht sich auf das am 31. ... Read more\" \/>\n<meta property=\"og:url\" content=\"https:\/\/emea.dev.technetix.com\/de\/erklarung-zu-sklaverei-und-menschenhandel\/\" \/>\n<meta property=\"og:site_name\" content=\"Technetix EMEA\" \/>\n<meta property=\"article:modified_time\" content=\"2023-03-27T12:44:55+00:00\" \/>\n<meta property=\"og:image\" content=\"https:\/\/emea.dev.technetix.com\/wp-content\/uploads\/sites\/2\/2023\/01\/Paul-Broadhurst-Signature.jpeg\" \/>\n<meta name=\"twitter:card\" content=\"summary_large_image\" \/>\n<meta name=\"twitter:site\" content=\"@technetixgroup\" \/>\n<meta name=\"twitter:label1\" content=\"Gesch\u00e4tzte Lesezeit\" \/>\n\t<meta name=\"twitter:data1\" content=\"4\u00a0Minuten\" \/>\n<script type=\"application\/ld+json\" class=\"yoast-schema-graph\">{\"@context\":\"https:\/\/schema.org\",\"@graph\":[{\"@type\":\"WebPage\",\"@id\":\"https:\/\/emea.dev.technetix.com\/de\/erklarung-zu-sklaverei-und-menschenhandel\/\",\"url\":\"https:\/\/emea.dev.technetix.com\/de\/erklarung-zu-sklaverei-und-menschenhandel\/\",\"name\":\"Erkl\u00e4rung zu Sklaverei und Menschenhandel - Technetix EMEA\",\"isPartOf\":{\"@id\":\"https:\/\/emea.dev.technetix.com\/de\/#website\"},\"primaryImageOfPage\":{\"@id\":\"https:\/\/emea.dev.technetix.com\/de\/erklarung-zu-sklaverei-und-menschenhandel\/#primaryimage\"},\"image\":{\"@id\":\"https:\/\/emea.dev.technetix.com\/de\/erklarung-zu-sklaverei-und-menschenhandel\/#primaryimage\"},\"thumbnailUrl\":\"https:\/\/emea.dev.technetix.com\/wp-content\/uploads\/sites\/2\/2023\/01\/Paul-Broadhurst-Signature.jpeg\",\"datePublished\":\"2023-01-17T17:30:00+00:00\",\"dateModified\":\"2023-03-27T12:44:55+00:00\",\"breadcrumb\":{\"@id\":\"https:\/\/emea.dev.technetix.com\/de\/erklarung-zu-sklaverei-und-menschenhandel\/#breadcrumb\"},\"inLanguage\":\"de\",\"potentialAction\":[{\"@type\":\"ReadAction\",\"target\":[\"https:\/\/emea.dev.technetix.com\/de\/erklarung-zu-sklaverei-und-menschenhandel\/\"]}]},{\"@type\":\"ImageObject\",\"inLanguage\":\"de\",\"@id\":\"https:\/\/emea.dev.technetix.com\/de\/erklarung-zu-sklaverei-und-menschenhandel\/#primaryimage\",\"url\":\"https:\/\/emea.dev.technetix.com\/wp-content\/uploads\/sites\/2\/2023\/01\/Paul-Broadhurst-Signature.jpeg\",\"contentUrl\":\"https:\/\/emea.dev.technetix.com\/wp-content\/uploads\/sites\/2\/2023\/01\/Paul-Broadhurst-Signature.jpeg\"},{\"@type\":\"BreadcrumbList\",\"@id\":\"https:\/\/emea.dev.technetix.com\/de\/erklarung-zu-sklaverei-und-menschenhandel\/#breadcrumb\",\"itemListElement\":[{\"@type\":\"ListItem\",\"position\":1,\"name\":\"Home\",\"item\":\"https:\/\/emea.dev.technetix.com\/de\/\"},{\"@type\":\"ListItem\",\"position\":2,\"name\":\"Erkl\u00e4rung zu Sklaverei und Menschenhandel\"}]},{\"@type\":\"WebSite\",\"@id\":\"https:\/\/emea.dev.technetix.com\/de\/#website\",\"url\":\"https:\/\/emea.dev.technetix.com\/de\/\",\"name\":\"Technetix\",\"description\":\"Next-generation broadband equipment engineering\",\"publisher\":{\"@id\":\"https:\/\/emea.dev.technetix.com\/de\/#organization\"},\"potentialAction\":[{\"@type\":\"SearchAction\",\"target\":{\"@type\":\"EntryPoint\",\"urlTemplate\":\"https:\/\/emea.dev.technetix.com\/de\/?s={search_term_string}\"},\"query-input\":{\"@type\":\"PropertyValueSpecification\",\"valueRequired\":true,\"valueName\":\"search_term_string\"}}],\"inLanguage\":\"de\"},{\"@type\":\"Organization\",\"@id\":\"https:\/\/emea.dev.technetix.com\/de\/#organization\",\"name\":\"Technetix\",\"url\":\"https:\/\/emea.dev.technetix.com\/de\/\",\"logo\":{\"@type\":\"ImageObject\",\"inLanguage\":\"de\",\"@id\":\"https:\/\/emea.dev.technetix.com\/de\/#\/schema\/logo\/image\/\",\"url\":\"https:\/\/emea.dev.technetix.com\/wp-content\/uploads\/sites\/2\/2023\/06\/logo-Technetix-1000x1000-1.png\",\"contentUrl\":\"https:\/\/emea.dev.technetix.com\/wp-content\/uploads\/sites\/2\/2023\/06\/logo-Technetix-1000x1000-1.png\",\"width\":1000,\"height\":1000,\"caption\":\"Technetix\"},\"image\":{\"@id\":\"https:\/\/emea.dev.technetix.com\/de\/#\/schema\/logo\/image\/\"},\"sameAs\":[\"https:\/\/x.com\/technetixgroup\",\"https:\/\/www.linkedin.com\/company\/technetix\/\",\"https:\/\/www.youtube.com\/c\/Technetix-group\"]}]}<\/script>\n<!-- \/ Yoast SEO Premium plugin. -->","yoast_head_json":{"title":"Erkl\u00e4rung zu Sklaverei und Menschenhandel - Technetix EMEA","robots":{"index":"index","follow":"follow","max-snippet":"max-snippet:-1","max-image-preview":"max-image-preview:large","max-video-preview":"max-video-preview:-1"},"canonical":"https:\/\/emea.dev.technetix.com\/de\/erklarung-zu-sklaverei-und-menschenhandel\/","og_locale":"de_DE","og_type":"article","og_title":"Erkl\u00e4rung zu Sklaverei und Menschenhandel - Technetix EMEA","og_description":"Erkl\u00e4rung zu Sklaverei und Menschenhandel Technetix Group Limited Technetix toleriert weder in eigenen Gesch\u00e4ftsbereichen noch in den Lieferketten Sklaverei, Menschenhandel oder jedwede andere Verletzung der Menschenrechte. Von allen Angestellten und Lieferanten wird zu jeder Zeit ethisches Handeln und die Einhaltung der rechtlichen Anforderungen gefordert. Die Information in dieser Erkl\u00e4rung bezieht sich auf das am 31. ... Read more","og_url":"https:\/\/emea.dev.technetix.com\/de\/erklarung-zu-sklaverei-und-menschenhandel\/","og_site_name":"Technetix EMEA","article_modified_time":"2023-03-27T12:44:55+00:00","og_image":[{"url":"https:\/\/emea.dev.technetix.com\/wp-content\/uploads\/sites\/2\/2023\/01\/Paul-Broadhurst-Signature.jpeg"}],"twitter_card":"summary_large_image","twitter_site":"@technetixgroup","twitter_misc":{"Gesch\u00e4tzte Lesezeit":"4\u00a0Minuten"},"schema":{"@context":"https:\/\/schema.org","@graph":[{"@type":"WebPage","@id":"https:\/\/emea.dev.technetix.com\/de\/erklarung-zu-sklaverei-und-menschenhandel\/","url":"https:\/\/emea.dev.technetix.com\/de\/erklarung-zu-sklaverei-und-menschenhandel\/","name":"Erkl\u00e4rung zu Sklaverei und Menschenhandel - Technetix EMEA","isPartOf":{"@id":"https:\/\/emea.dev.technetix.com\/de\/#website"},"primaryImageOfPage":{"@id":"https:\/\/emea.dev.technetix.com\/de\/erklarung-zu-sklaverei-und-menschenhandel\/#primaryimage"},"image":{"@id":"https:\/\/emea.dev.technetix.com\/de\/erklarung-zu-sklaverei-und-menschenhandel\/#primaryimage"},"thumbnailUrl":"https:\/\/emea.dev.technetix.com\/wp-content\/uploads\/sites\/2\/2023\/01\/Paul-Broadhurst-Signature.jpeg","datePublished":"2023-01-17T17:30:00+00:00","dateModified":"2023-03-27T12:44:55+00:00","breadcrumb":{"@id":"https:\/\/emea.dev.technetix.com\/de\/erklarung-zu-sklaverei-und-menschenhandel\/#breadcrumb"},"inLanguage":"de","potentialAction":[{"@type":"ReadAction","target":["https:\/\/emea.dev.technetix.com\/de\/erklarung-zu-sklaverei-und-menschenhandel\/"]}]},{"@type":"ImageObject","inLanguage":"de","@id":"https:\/\/emea.dev.technetix.com\/de\/erklarung-zu-sklaverei-und-menschenhandel\/#primaryimage","url":"https:\/\/emea.dev.technetix.com\/wp-content\/uploads\/sites\/2\/2023\/01\/Paul-Broadhurst-Signature.jpeg","contentUrl":"https:\/\/emea.dev.technetix.com\/wp-content\/uploads\/sites\/2\/2023\/01\/Paul-Broadhurst-Signature.jpeg"},{"@type":"BreadcrumbList","@id":"https:\/\/emea.dev.technetix.com\/de\/erklarung-zu-sklaverei-und-menschenhandel\/#breadcrumb","itemListElement":[{"@type":"ListItem","position":1,"name":"Home","item":"https:\/\/emea.dev.technetix.com\/de\/"},{"@type":"ListItem","position":2,"name":"Erkl\u00e4rung zu Sklaverei und Menschenhandel"}]},{"@type":"WebSite","@id":"https:\/\/emea.dev.technetix.com\/de\/#website","url":"https:\/\/emea.dev.technetix.com\/de\/","name":"Technetix","description":"Next-generation broadband equipment engineering","publisher":{"@id":"https:\/\/emea.dev.technetix.com\/de\/#organization"},"potentialAction":[{"@type":"SearchAction","target":{"@type":"EntryPoint","urlTemplate":"https:\/\/emea.dev.technetix.com\/de\/?s={search_term_string}"},"query-input":{"@type":"PropertyValueSpecification","valueRequired":true,"valueName":"search_term_string"}}],"inLanguage":"de"},{"@type":"Organization","@id":"https:\/\/emea.dev.technetix.com\/de\/#organization","name":"Technetix","url":"https:\/\/emea.dev.technetix.com\/de\/","logo":{"@type":"ImageObject","inLanguage":"de","@id":"https:\/\/emea.dev.technetix.com\/de\/#\/schema\/logo\/image\/","url":"https:\/\/emea.dev.technetix.com\/wp-content\/uploads\/sites\/2\/2023\/06\/logo-Technetix-1000x1000-1.png","contentUrl":"https:\/\/emea.dev.technetix.com\/wp-content\/uploads\/sites\/2\/2023\/06\/logo-Technetix-1000x1000-1.png","width":1000,"height":1000,"caption":"Technetix"},"image":{"@id":"https:\/\/emea.dev.technetix.com\/de\/#\/schema\/logo\/image\/"},"sameAs":["https:\/\/x.com\/technetixgroup","https:\/\/www.linkedin.com\/company\/technetix\/","https:\/\/www.youtube.com\/c\/Technetix-group"]}]}},"acf":[],"publishpress_future_workflow_manual_trigger":{"enabledWorkflows":[]},"_links":{"self":[{"href":"https:\/\/emea.dev.technetix.com\/de\/wp-json\/wp\/v2\/pages\/6340"}],"collection":[{"href":"https:\/\/emea.dev.technetix.com\/de\/wp-json\/wp\/v2\/pages"}],"about":[{"href":"https:\/\/emea.dev.technetix.com\/de\/wp-json\/wp\/v2\/types\/page"}],"author":[{"embeddable":true,"href":"https:\/\/emea.dev.technetix.com\/de\/wp-json\/wp\/v2\/users\/1"}],"replies":[{"embeddable":true,"href":"https:\/\/emea.dev.technetix.com\/de\/wp-json\/wp\/v2\/comments?post=6340"}],"version-history":[{"count":1,"href":"https:\/\/emea.dev.technetix.com\/de\/wp-json\/wp\/v2\/pages\/6340\/revisions"}],"predecessor-version":[{"id":6341,"href":"https:\/\/emea.dev.technetix.com\/de\/wp-json\/wp\/v2\/pages\/6340\/revisions\/6341"}],"wp:attachment":[{"href":"https:\/\/emea.dev.technetix.com\/de\/wp-json\/wp\/v2\/media?parent=6340"}],"curies":[{"name":"wp","href":"https:\/\/api.w.org\/{rel}","templated":true}]}}