{"id":6333,"date":"2023-01-20T17:40:33","date_gmt":"2023-01-20T17:40:33","guid":{"rendered":"https:\/\/emea.dev.technetix.com\/uber-uns\/bei-technetix-arbeiten\/"},"modified":"2024-03-20T08:24:22","modified_gmt":"2024-03-20T08:24:22","slug":"bei-technetix-arbeiten","status":"publish","type":"page","link":"https:\/\/emea.dev.technetix.com\/de\/uber-uns\/bei-technetix-arbeiten\/","title":{"rendered":"Bei Technetix arbeiten"},"content":{"rendered":"<div class=\"gb-container gb-container-f86f3f4f gb-container-hero-banner\"><div class=\"gb-inside-container\">\n<h1 class=\"gb-headline gb-headline-e1547755 gb-headline-text gb-headline-hero-banner-title\">Bei Technetix arbeiten<\/h1>\n<\/div><\/div><div class=\"gb-container gb-container-97f22622 gb-container-inner-back-page-con\">\n<h2 class=\"gb-headline gb-headline-d02c52e4 gb-headline-text\">Unser Unternehmen<\/h2>\n\n<p class=\"gb-headline gb-headline-6656b5c3 gb-headline-text\">Technetix ist ein Anbieter von Komplettl\u00f6sungen f\u00fcr die Breitbandnetzindustrie.   <\/p>\n\n<h2 class=\"gb-headline gb-headline-6b17d0fd gb-headline-text gb-headline-h2-in-content\">Unsere T\u00e4tigkeit<\/h2>\n\n<p class=\"gb-headline gb-headline-623f5b86 gb-headline-text\">Unsere Mitarbeiter entwickeln, fertigen, beschaffen und liefern kritische Breitbandtechnologien und -l\u00f6sungen f\u00fcr f\u00fchrende Kabelnetzbetreiber auf der ganzen Welt. Wir stellen f\u00fchrende Produkte und Services bereit, die das gesamte Hochgeschwindigkeits-Breitbandnetz umspannen und es unseren Kunden erm\u00f6glichen, ihre Netzkapazit\u00e4t zu erh\u00f6hen, die Betriebseffizienz zu verbessern und Kosten zu senken. <\/p>\n\n<div class=\"wp-block-greenshift-blocks-video gs-video youtube gspb_video-id-gsbp-b0a7063\" id=\"gs-video-gsbp-b0a7063\"><div class=\"gs-video-wrapper\" itemscope><iframe class=\"gs-video-element\" data-src=\"https:\/\/youtu.be\/shQ6qkSbHWE\" data-provider=\"youtube\" data-autoplay=\"true\" data-playsinline=\"true\" data-controls=\"true\" data-loop=\"false\" data-mute=\"true\" data-overlay=\"false\" data-lightbox=\"false\" data-modestbranding=\"false\" data-suggested=\"true\" frameborder=\"0\" allowfullscreen><\/iframe><\/div><\/div>\n\n<h2 class=\"gb-headline gb-headline-4b572e45 gb-headline-text gb-headline-h2-in-content\">Einstellung von Mitarbeitern<\/h2>\n\n<p class=\"gb-headline gb-headline-c9b08205 gb-headline-text\">Technetix wird regelm\u00e4\u00dfig in der von der britischen Sunday Times ver\u00f6ffentlichten Liste der besten Unternehmen als Arbeitgeber gef\u00fchrt, und unsere freundliche und innovative Unternehmenskultur unterst\u00fctzt \u00fcber 180 Mitarbeiter in mehr als 15 L\u00e4ndern. Angetrieben von der wachsenden Nachfrage nach Rich-Media-Inhalten und dem Aufkommen von immer neuen Services der n\u00e4chsten Generation w\u00e4chst der Breitbandkabelmarkt exponentiell. Wir begegnen den sich st\u00e4ndig ver\u00e4ndernden Herausforderungen in dieser interessanten Branche, indem wir unsere Mitarbeiter f\u00f6rdern und dabei unterst\u00fctzen, ihr Potenzial voll auszusch\u00f6pfen. Technetix sucht st\u00e4ndig dynamische und talentierte Mitarbeitern (sowohl Berufseinsteiger als auch erfahrene Fachleute), die dazu beitragen m\u00f6chten, unsere Erfolgsgeschichte als bevorzugter Partner der f\u00fchrenden Breitbandnetzbetreiber fortzusetzen.  <\/p>\n\n<h2 class=\"gb-headline gb-headline-ef3c46c0 gb-headline-text gb-headline-h2-in-content\">Offene Stellen<\/h2>\n\n<p class=\"gb-headline gb-headline-8e2e4f4c gb-headline-text\">Wir freuen uns auf Ihre Bewerbung, auch wenn wir gerade keine offene Stelle anbieten! Technetix ist stets an neuen motivierten und talentierten Mitarbeitern interessiert. <\/p>\n\n<h2 class=\"gb-headline gb-headline-e3742336 gb-headline-text gb-headline-h2-in-content\">Aktuelle Stellenangebote<\/h2>\n\n<div class=\"gb-grid-wrapper gb-grid-wrapper-587d847a gb-query-loop-wrapper\"><\/div>\n\n<div class=\"gb-container gb-container-486c75bb job-application-form\">\n<div class=\"gb-container gb-container-8c41e3d7 gb-accordion\">\n<div class=\"gb-container gb-container-9ee2d068 contact-arrow gb-accordion__item\" data-transition=\"slide\">\n<div class=\"gb-container gb-container-76041c99 gb-accordion__toggle\" role=\"button\" tabindex=\"0\">\n<h2 class=\"gb-headline gb-headline-bc763a09 gb-headline-text\">Werden Sie Teil unseres Teams!<\/h2>\n\n<p class=\"gb-headline gb-headline-a79093d4 gb-headline-text\">F\u00fcllen Sie das untenstehende Formular aus, um \u00fcber zuk\u00fcnftige Stellenangebote benachrichtigt zu werden<\/p>\n<\/div>\n\n<div class=\"gb-accordion__content\"><div class=\"gb-container gb-container-c6fc6f76\">\n<div class=\"wpforms-container wpforms-container-full wpforms-block wpforms-block-40b438e7-32f7-474c-a5d1-6f9224fcb334\" id=\"wpforms-21921\"><form id=\"wpforms-form-21921\" class=\"wpforms-validate wpforms-form wpforms-ajax-form\" data-formid=\"21921\" method=\"post\" enctype=\"multipart\/form-data\" action=\"\/de\/wp-json\/wp\/v2\/pages\/6333?wpforms_form_id=21921\" data-token=\"6fe1604c7978a82dfec41bef798aee7b\"><noscript class=\"wpforms-error-noscript\">Bitte aktiviere JavaScript in deinem Browser, um dieses Formular fertigzustellen.<\/noscript><div class=\"wpforms-field-container\"><div id=\"wpforms-21921-field_0-container\" class=\"wpforms-field wpforms-field-name\" data-field-id=\"0\"><label class=\"wpforms-field-label\" for=\"wpforms-21921-field_0\">Name <span class=\"wpforms-required-label\">*<\/span><\/label><div class=\"wpforms-field-row wpforms-field-large\"><div class=\"wpforms-field-row-block wpforms-first wpforms-one-half\"><input type=\"text\" id=\"wpforms-21921-field_0\" class=\"wpforms-field-name-first wpforms-field-required\" name=\"wpforms[fields][0][first]\" placeholder=\"Vorname\" required><label for=\"wpforms-21921-field_0\" class=\"wpforms-field-sublabel after wpforms-sublabel-hide\">Vorname<\/label><\/div><div class=\"wpforms-field-row-block wpforms-one-half\"><input type=\"text\" id=\"wpforms-21921-field_0-last\" class=\"wpforms-field-name-last wpforms-field-required\" name=\"wpforms[fields][0][last]\" placeholder=\"Nachname\" required><label for=\"wpforms-21921-field_0-last\" class=\"wpforms-field-sublabel after wpforms-sublabel-hide\">Nachname<\/label><\/div><\/div><\/div><div id=\"wpforms-21921-field_1-container\" class=\"wpforms-field wpforms-field-email\" data-field-id=\"1\"><label class=\"wpforms-field-label\" for=\"wpforms-21921-field_1\">E-Mail Adresse <span class=\"wpforms-required-label\">*<\/span><\/label><input type=\"email\" id=\"wpforms-21921-field_1\" class=\"wpforms-field-large wpforms-field-required\" name=\"wpforms[fields][1]\" spellcheck=\"false\" required><\/div><div id=\"wpforms-21921-field_3-container\" class=\"wpforms-field wpforms-field-phone\" data-field-id=\"3\"><label class=\"wpforms-field-label\" for=\"wpforms-21921-field_3\">Telefonnummer <span class=\"wpforms-required-label\">*<\/span><\/label><input type=\"tel\" id=\"wpforms-21921-field_3\" class=\"wpforms-field-large wpforms-field-required wpforms-smart-phone-field\" data-rule-smart-phone-field=\"true\" name=\"wpforms[fields][3]\" required><\/div><div id=\"wpforms-21921-field_13-container\" class=\"wpforms-field wpforms-field-text\" data-field-id=\"13\"><label class=\"wpforms-field-label\" for=\"wpforms-21921-field_13\">Ihre Stadt und Ihr Land <span class=\"wpforms-required-label\">*<\/span><\/label><input type=\"text\" id=\"wpforms-21921-field_13\" class=\"wpforms-field-large wpforms-field-required\" name=\"wpforms[fields][13]\" required><\/div><div id=\"wpforms-21921-field_5-container\" class=\"wpforms-field wpforms-field-url\" data-field-id=\"5\"><label class=\"wpforms-field-label\" for=\"wpforms-21921-field_5\">Ihr LinkedIn-Profil-URL<\/label><input type=\"url\" id=\"wpforms-21921-field_5\" class=\"wpforms-field-large\" name=\"wpforms[fields][5]\" ><\/div><div id=\"wpforms-21921-field_8-container\" class=\"wpforms-field wpforms-field-file-upload\" data-field-id=\"8\"><label class=\"wpforms-field-label\" for=\"wpforms-21921-field_8\">Dateien hochladen <span class=\"wpforms-required-label\">*<\/span><\/label><div\n\t\tclass=\"wpforms-uploader\"\n\t\tdata-field-id=\"8\"\n\t\tdata-form-id=\"21921\"\n\t\tdata-input-name=\"wpforms_21921_8\"\n\t\tdata-extensions=\"pdf,doc,docx\"\n\t\tdata-max-size=\"4194304\"\n\t\tdata-max-file-number=\"3\"\n\t\tdata-post-max-size=\"4194304\"\n\t\tdata-max-parallel-uploads=\"4\"\n\t\tdata-parallel-uploads=\"true\"\n\t\tdata-file-chunk-size=\"2097152\">\n\t<div class=\"dz-message\">\n\t\t<svg viewBox=\"0 0 1024 1024\" focusable=\"false\" data-icon=\"inbox\" width=\"50px\" height=\"50px\" fill=\"currentColor\" aria-hidden=\"true\">\n\t\t\t<path d=\"M885.2 446.3l-.2-.8-112.2-285.1c-5-16.1-19.9-27.2-36.8-27.2H281.2c-17 0-32.1 11.3-36.9 27.6L139.4 443l-.3.7-.2.8c-1.3 4.9-1.7 9.9-1 14.8-.1 1.6-.2 3.2-.2 4.8V830a60.9 60.9 0 0 0 60.8 60.8h627.2c33.5 0 60.8-27.3 60.9-60.8V464.1c0-1.3 0-2.6-.1-3.7.4-4.9 0-9.6-1.3-14.1zm-295.8-43l-.3 15.7c-.8 44.9-31.8 75.1-77.1 75.1-22.1 0-41.1-7.1-54.8-20.6S436 441.2 435.6 419l-.3-15.7H229.5L309 210h399.2l81.7 193.3H589.4zm-375 76.8h157.3c24.3 57.1 76 90.8 140.4 90.8 33.7 0 65-9.4 90.3-27.2 22.2-15.6 39.5-37.4 50.7-63.6h156.5V814H214.4V480.1z\"><\/path>\n\t\t<\/svg>\n\t\t<span class=\"modern-title\">Klicke oder ziehe Dateien in diesen Bereich zum Hochladen.<\/span>\n\n\t\t\t\t\t<span class=\"modern-hint\">Du kannst bis zu 3 Dateien hochladen.<\/span>\n\t\t\t<\/div>\n<\/div>\n<input\n\t\ttype=\"text\"\n\t\tautocomplete=\"off\"\n\t\tclass=\"dropzone-input\"\n\t\tstyle=\"position:absolute!important;clip:rect(0,0,0,0)!important;height:1px!important;width:1px!important;border:0!important;overflow:hidden!important;padding:0!important;margin:0!important;\"\n\t\tid=\"wpforms-21921-field_8\"\n\t\tname=\"wpforms_21921_8\" required\t\tvalue=\"\">\n<div class=\"wpforms-field-description\">Laden Sie hier relevante Dateien hoch, wie Ihren Lebenslauf und Ihr Motivationsschreiben an uns<br>\r\nM\u00f6gliche Daten: pdf, doc, docx<br>\r\nMaximale Dateigr\u00f6\u00dfe: 4mb<\/div><\/div><\/div><!-- .wpforms-field-container --><div class=\"wpforms-submit-container\" ><input type=\"hidden\" name=\"wpforms[id]\" value=\"21921\"><input type=\"hidden\" name=\"wpforms[author]\" value=\"1\"><button type=\"submit\" name=\"wpforms[submit]\" id=\"wpforms-submit-21921\" class=\"wpforms-submit\" data-alt-text=\"Sending...\" data-submit-text=\"Senden\" aria-live=\"assertive\" value=\"wpforms-submit\">Senden<\/button><img loading=\"lazy\" decoding=\"async\" src=\"https:\/\/emea.dev.technetix.com\/wp-content\/plugins\/wpforms\/assets\/images\/submit-spin.svg\" class=\"wpforms-submit-spinner\" style=\"display: none;\" width=\"26\" height=\"26\" alt=\"Wird geladen\"><\/div><\/form><\/div>  <!-- .wpforms-container -->\n<\/div><\/div>\n<\/div>\n<\/div>\n<\/div>\n<\/div><div class=\"gb-container gb-container-258ad3b3 gb-container-con-buttons-bottom\">\n<h2 class=\"gb-headline gb-headline-7ce6fa4b gb-headline-text gb-headline-head-bottom-buttons\">N\u00fctzliche Links<\/h2>\n\n<div class=\"gb-button-wrapper gb-button-wrapper-248bce03 gb-button-wrapper-after-con-buttons\">\n<a class=\"gb-button gb-button-94f259b8 gb-button-text gb-button-bottom-button\" href=\"https:\/\/emea.dev.technetix.com\/de\/kontakt\/\">Kontakt<\/a>\n<\/div>\n<\/div>","protected":false},"excerpt":{"rendered":"<p>Bei Technetix arbeiten Unser Unternehmen Technetix ist ein Anbieter von Komplettl\u00f6sungen f\u00fcr die Breitbandnetzindustrie. Unsere T\u00e4tigkeit Unsere Mitarbeiter entwickeln, fertigen, beschaffen und liefern kritische Breitbandtechnologien und -l\u00f6sungen f\u00fcr f\u00fchrende Kabelnetzbetreiber auf der ganzen Welt. Wir stellen f\u00fchrende Produkte und Services bereit, die das gesamte Hochgeschwindigkeits-Breitbandnetz umspannen und es unseren Kunden erm\u00f6glichen, ihre Netzkapazit\u00e4t zu erh\u00f6hen, &#8230; <a title=\"Bei Technetix arbeiten\" class=\"read-more\" href=\"https:\/\/emea.dev.technetix.com\/de\/uber-uns\/bei-technetix-arbeiten\/\" aria-label=\"Mehr zu Bei Technetix arbeiten\">Read more<\/a><\/p>\n","protected":false},"author":1,"featured_media":962,"parent":6291,"menu_order":0,"comment_status":"closed","ping_status":"closed","template":"","meta":{"_acf_changed":false,"_gspb_post_css":".gs-video{position:relative}.gs-video-wrapper{position:relative;height:inherit;max-width:100%}.gs-video-header{text-align:center}.gs-video-header .gs-video-header-title{font-size:24px;line-height:1.3;font-weight:700;margin:0 0 15px}.gs-video-header .gs-video-header-description{font-size:16px;line-height:1.5;margin:0 0 25px}.gs-video video{display:block}.gs-video .gs-video-element,.gs-video .gs-video-wrapper iframe{width:100%;height:100%;object-fit:cover;border:0}.gs-video .gs-video-wrapper iframe{aspect-ratio:16\/9;display:block}.gs-video-overlay{position:absolute;left:0;top:0;width:100%;height:100%;z-index:3;background-color:rgba(0,0,0,.1);background-size:cover;background-position:center;background-repeat:no-repeat;cursor:pointer}.gs-video-overlay .gs-overlay-color{position:absolute;left:0;top:0;width:100%;height:100%;z-index:2}.gs-video-overlay:hover .gs-play-icon{opacity:1}.gs-video-popup .slbContentOuter{width:100%;max-width:1000px}.gs-video-popup .slbContentOuter .slbContent iframe,.gs-video-popup .slbContentOuter .slbContent video{width:100%;height:100%;object-fit:cover}.gs-video-popup .slbContentOuter .slbContent iframe{aspect-ratio:16\/9}.gs-video-popup .slbCloseBtn{font-size:30px;width:40px;height:40px;line-height:40px;right:0;top:-50px}","footnotes":""},"class_list":["post-6333","page","type-page","status-publish","has-post-thumbnail"],"yoast_head":"<!-- This site is optimized with the Yoast SEO Premium plugin v22.5 (Yoast SEO v23.7) - https:\/\/yoast.com\/wordpress\/plugins\/seo\/ -->\n<title>Bei Technetix arbeiten - Technetix EMEA<\/title>\n<meta name=\"robots\" content=\"index, follow, max-snippet:-1, max-image-preview:large, max-video-preview:-1\" \/>\n<link rel=\"canonical\" href=\"https:\/\/emea.dev.technetix.com\/de\/uber-uns\/bei-technetix-arbeiten\/\" \/>\n<meta property=\"og:locale\" content=\"de_DE\" \/>\n<meta property=\"og:type\" content=\"article\" \/>\n<meta property=\"og:title\" content=\"Bei Technetix arbeiten - Technetix EMEA\" \/>\n<meta property=\"og:description\" content=\"Bei Technetix arbeiten Unser Unternehmen Technetix ist ein Anbieter von Komplettl\u00f6sungen f\u00fcr die Breitbandnetzindustrie. Unsere T\u00e4tigkeit Unsere Mitarbeiter entwickeln, fertigen, beschaffen und liefern kritische Breitbandtechnologien und -l\u00f6sungen f\u00fcr f\u00fchrende Kabelnetzbetreiber auf der ganzen Welt. Wir stellen f\u00fchrende Produkte und Services bereit, die das gesamte Hochgeschwindigkeits-Breitbandnetz umspannen und es unseren Kunden erm\u00f6glichen, ihre Netzkapazit\u00e4t zu erh\u00f6hen, ... Read more\" \/>\n<meta property=\"og:url\" content=\"https:\/\/emea.dev.technetix.com\/de\/uber-uns\/bei-technetix-arbeiten\/\" \/>\n<meta property=\"og:site_name\" content=\"Technetix EMEA\" \/>\n<meta property=\"article:modified_time\" content=\"2024-03-20T08:24:22+00:00\" \/>\n<meta property=\"og:image\" content=\"https:\/\/emea.dev.technetix.com\/wp-content\/uploads\/sites\/2\/2023\/01\/ABOUT_LARGE_WORKING_FINAL.jpg\" \/>\n\t<meta property=\"og:image:width\" content=\"1920\" \/>\n\t<meta property=\"og:image:height\" content=\"450\" \/>\n\t<meta property=\"og:image:type\" content=\"image\/jpeg\" \/>\n<meta name=\"twitter:card\" content=\"summary_large_image\" \/>\n<meta name=\"twitter:site\" content=\"@technetixgroup\" \/>\n<meta name=\"twitter:label1\" content=\"Gesch\u00e4tzte Lesezeit\" \/>\n\t<meta name=\"twitter:data1\" content=\"2\u00a0Minuten\" \/>\n<script type=\"application\/ld+json\" class=\"yoast-schema-graph\">{\"@context\":\"https:\/\/schema.org\",\"@graph\":[{\"@type\":\"WebPage\",\"@id\":\"https:\/\/emea.dev.technetix.com\/de\/uber-uns\/bei-technetix-arbeiten\/\",\"url\":\"https:\/\/emea.dev.technetix.com\/de\/uber-uns\/bei-technetix-arbeiten\/\",\"name\":\"Bei Technetix arbeiten - Technetix EMEA\",\"isPartOf\":{\"@id\":\"https:\/\/emea.dev.technetix.com\/de\/#website\"},\"primaryImageOfPage\":{\"@id\":\"https:\/\/emea.dev.technetix.com\/de\/uber-uns\/bei-technetix-arbeiten\/#primaryimage\"},\"image\":{\"@id\":\"https:\/\/emea.dev.technetix.com\/de\/uber-uns\/bei-technetix-arbeiten\/#primaryimage\"},\"thumbnailUrl\":\"https:\/\/emea.dev.technetix.com\/wp-content\/uploads\/sites\/2\/2023\/01\/ABOUT_LARGE_WORKING_FINAL.jpg\",\"datePublished\":\"2023-01-20T17:40:33+00:00\",\"dateModified\":\"2024-03-20T08:24:22+00:00\",\"breadcrumb\":{\"@id\":\"https:\/\/emea.dev.technetix.com\/de\/uber-uns\/bei-technetix-arbeiten\/#breadcrumb\"},\"inLanguage\":\"de\",\"potentialAction\":[{\"@type\":\"ReadAction\",\"target\":[\"https:\/\/emea.dev.technetix.com\/de\/uber-uns\/bei-technetix-arbeiten\/\"]}]},{\"@type\":\"ImageObject\",\"inLanguage\":\"de\",\"@id\":\"https:\/\/emea.dev.technetix.com\/de\/uber-uns\/bei-technetix-arbeiten\/#primaryimage\",\"url\":\"https:\/\/emea.dev.technetix.com\/wp-content\/uploads\/sites\/2\/2023\/01\/ABOUT_LARGE_WORKING_FINAL.jpg\",\"contentUrl\":\"https:\/\/emea.dev.technetix.com\/wp-content\/uploads\/sites\/2\/2023\/01\/ABOUT_LARGE_WORKING_FINAL.jpg\",\"width\":1920,\"height\":450},{\"@type\":\"BreadcrumbList\",\"@id\":\"https:\/\/emea.dev.technetix.com\/de\/uber-uns\/bei-technetix-arbeiten\/#breadcrumb\",\"itemListElement\":[{\"@type\":\"ListItem\",\"position\":1,\"name\":\"Home\",\"item\":\"https:\/\/emea.dev.technetix.com\/de\/\"},{\"@type\":\"ListItem\",\"position\":2,\"name\":\"\u00dcber uns\",\"item\":\"https:\/\/emea.dev.technetix.com\/de\/uber-uns\/\"},{\"@type\":\"ListItem\",\"position\":3,\"name\":\"Bei Technetix arbeiten\"}]},{\"@type\":\"WebSite\",\"@id\":\"https:\/\/emea.dev.technetix.com\/de\/#website\",\"url\":\"https:\/\/emea.dev.technetix.com\/de\/\",\"name\":\"Technetix\",\"description\":\"Next-generation broadband equipment engineering\",\"publisher\":{\"@id\":\"https:\/\/emea.dev.technetix.com\/de\/#organization\"},\"potentialAction\":[{\"@type\":\"SearchAction\",\"target\":{\"@type\":\"EntryPoint\",\"urlTemplate\":\"https:\/\/emea.dev.technetix.com\/de\/?s={search_term_string}\"},\"query-input\":{\"@type\":\"PropertyValueSpecification\",\"valueRequired\":true,\"valueName\":\"search_term_string\"}}],\"inLanguage\":\"de\"},{\"@type\":\"Organization\",\"@id\":\"https:\/\/emea.dev.technetix.com\/de\/#organization\",\"name\":\"Technetix\",\"url\":\"https:\/\/emea.dev.technetix.com\/de\/\",\"logo\":{\"@type\":\"ImageObject\",\"inLanguage\":\"de\",\"@id\":\"https:\/\/emea.dev.technetix.com\/de\/#\/schema\/logo\/image\/\",\"url\":\"https:\/\/emea.dev.technetix.com\/wp-content\/uploads\/sites\/2\/2023\/06\/logo-Technetix-1000x1000-1.png\",\"contentUrl\":\"https:\/\/emea.dev.technetix.com\/wp-content\/uploads\/sites\/2\/2023\/06\/logo-Technetix-1000x1000-1.png\",\"width\":1000,\"height\":1000,\"caption\":\"Technetix\"},\"image\":{\"@id\":\"https:\/\/emea.dev.technetix.com\/de\/#\/schema\/logo\/image\/\"},\"sameAs\":[\"https:\/\/x.com\/technetixgroup\",\"https:\/\/www.linkedin.com\/company\/technetix\/\",\"https:\/\/www.youtube.com\/c\/Technetix-group\"]}]}<\/script>\n<!-- \/ Yoast SEO Premium plugin. -->","yoast_head_json":{"title":"Bei Technetix arbeiten - Technetix EMEA","robots":{"index":"index","follow":"follow","max-snippet":"max-snippet:-1","max-image-preview":"max-image-preview:large","max-video-preview":"max-video-preview:-1"},"canonical":"https:\/\/emea.dev.technetix.com\/de\/uber-uns\/bei-technetix-arbeiten\/","og_locale":"de_DE","og_type":"article","og_title":"Bei Technetix arbeiten - Technetix EMEA","og_description":"Bei Technetix arbeiten Unser Unternehmen Technetix ist ein Anbieter von Komplettl\u00f6sungen f\u00fcr die Breitbandnetzindustrie. Unsere T\u00e4tigkeit Unsere Mitarbeiter entwickeln, fertigen, beschaffen und liefern kritische Breitbandtechnologien und -l\u00f6sungen f\u00fcr f\u00fchrende Kabelnetzbetreiber auf der ganzen Welt. Wir stellen f\u00fchrende Produkte und Services bereit, die das gesamte Hochgeschwindigkeits-Breitbandnetz umspannen und es unseren Kunden erm\u00f6glichen, ihre Netzkapazit\u00e4t zu erh\u00f6hen, ... Read more","og_url":"https:\/\/emea.dev.technetix.com\/de\/uber-uns\/bei-technetix-arbeiten\/","og_site_name":"Technetix EMEA","article_modified_time":"2024-03-20T08:24:22+00:00","og_image":[{"width":1920,"height":450,"url":"https:\/\/emea.dev.technetix.com\/wp-content\/uploads\/sites\/2\/2023\/01\/ABOUT_LARGE_WORKING_FINAL.jpg","type":"image\/jpeg"}],"twitter_card":"summary_large_image","twitter_site":"@technetixgroup","twitter_misc":{"Gesch\u00e4tzte Lesezeit":"2\u00a0Minuten"},"schema":{"@context":"https:\/\/schema.org","@graph":[{"@type":"WebPage","@id":"https:\/\/emea.dev.technetix.com\/de\/uber-uns\/bei-technetix-arbeiten\/","url":"https:\/\/emea.dev.technetix.com\/de\/uber-uns\/bei-technetix-arbeiten\/","name":"Bei Technetix arbeiten - Technetix EMEA","isPartOf":{"@id":"https:\/\/emea.dev.technetix.com\/de\/#website"},"primaryImageOfPage":{"@id":"https:\/\/emea.dev.technetix.com\/de\/uber-uns\/bei-technetix-arbeiten\/#primaryimage"},"image":{"@id":"https:\/\/emea.dev.technetix.com\/de\/uber-uns\/bei-technetix-arbeiten\/#primaryimage"},"thumbnailUrl":"https:\/\/emea.dev.technetix.com\/wp-content\/uploads\/sites\/2\/2023\/01\/ABOUT_LARGE_WORKING_FINAL.jpg","datePublished":"2023-01-20T17:40:33+00:00","dateModified":"2024-03-20T08:24:22+00:00","breadcrumb":{"@id":"https:\/\/emea.dev.technetix.com\/de\/uber-uns\/bei-technetix-arbeiten\/#breadcrumb"},"inLanguage":"de","potentialAction":[{"@type":"ReadAction","target":["https:\/\/emea.dev.technetix.com\/de\/uber-uns\/bei-technetix-arbeiten\/"]}]},{"@type":"ImageObject","inLanguage":"de","@id":"https:\/\/emea.dev.technetix.com\/de\/uber-uns\/bei-technetix-arbeiten\/#primaryimage","url":"https:\/\/emea.dev.technetix.com\/wp-content\/uploads\/sites\/2\/2023\/01\/ABOUT_LARGE_WORKING_FINAL.jpg","contentUrl":"https:\/\/emea.dev.technetix.com\/wp-content\/uploads\/sites\/2\/2023\/01\/ABOUT_LARGE_WORKING_FINAL.jpg","width":1920,"height":450},{"@type":"BreadcrumbList","@id":"https:\/\/emea.dev.technetix.com\/de\/uber-uns\/bei-technetix-arbeiten\/#breadcrumb","itemListElement":[{"@type":"ListItem","position":1,"name":"Home","item":"https:\/\/emea.dev.technetix.com\/de\/"},{"@type":"ListItem","position":2,"name":"\u00dcber uns","item":"https:\/\/emea.dev.technetix.com\/de\/uber-uns\/"},{"@type":"ListItem","position":3,"name":"Bei Technetix arbeiten"}]},{"@type":"WebSite","@id":"https:\/\/emea.dev.technetix.com\/de\/#website","url":"https:\/\/emea.dev.technetix.com\/de\/","name":"Technetix","description":"Next-generation broadband equipment engineering","publisher":{"@id":"https:\/\/emea.dev.technetix.com\/de\/#organization"},"potentialAction":[{"@type":"SearchAction","target":{"@type":"EntryPoint","urlTemplate":"https:\/\/emea.dev.technetix.com\/de\/?s={search_term_string}"},"query-input":{"@type":"PropertyValueSpecification","valueRequired":true,"valueName":"search_term_string"}}],"inLanguage":"de"},{"@type":"Organization","@id":"https:\/\/emea.dev.technetix.com\/de\/#organization","name":"Technetix","url":"https:\/\/emea.dev.technetix.com\/de\/","logo":{"@type":"ImageObject","inLanguage":"de","@id":"https:\/\/emea.dev.technetix.com\/de\/#\/schema\/logo\/image\/","url":"https:\/\/emea.dev.technetix.com\/wp-content\/uploads\/sites\/2\/2023\/06\/logo-Technetix-1000x1000-1.png","contentUrl":"https:\/\/emea.dev.technetix.com\/wp-content\/uploads\/sites\/2\/2023\/06\/logo-Technetix-1000x1000-1.png","width":1000,"height":1000,"caption":"Technetix"},"image":{"@id":"https:\/\/emea.dev.technetix.com\/de\/#\/schema\/logo\/image\/"},"sameAs":["https:\/\/x.com\/technetixgroup","https:\/\/www.linkedin.com\/company\/technetix\/","https:\/\/www.youtube.com\/c\/Technetix-group"]}]}},"acf":[],"publishpress_future_workflow_manual_trigger":{"enabledWorkflows":[]},"_links":{"self":[{"href":"https:\/\/emea.dev.technetix.com\/de\/wp-json\/wp\/v2\/pages\/6333"}],"collection":[{"href":"https:\/\/emea.dev.technetix.com\/de\/wp-json\/wp\/v2\/pages"}],"about":[{"href":"https:\/\/emea.dev.technetix.com\/de\/wp-json\/wp\/v2\/types\/page"}],"author":[{"embeddable":true,"href":"https:\/\/emea.dev.technetix.com\/de\/wp-json\/wp\/v2\/users\/1"}],"replies":[{"embeddable":true,"href":"https:\/\/emea.dev.technetix.com\/de\/wp-json\/wp\/v2\/comments?post=6333"}],"version-history":[{"count":8,"href":"https:\/\/emea.dev.technetix.com\/de\/wp-json\/wp\/v2\/pages\/6333\/revisions"}],"predecessor-version":[{"id":335942,"href":"https:\/\/emea.dev.technetix.com\/de\/wp-json\/wp\/v2\/pages\/6333\/revisions\/335942"}],"up":[{"embeddable":true,"href":"https:\/\/emea.dev.technetix.com\/de\/wp-json\/wp\/v2\/pages\/6291"}],"wp:featuredmedia":[{"embeddable":true,"href":"https:\/\/emea.dev.technetix.com\/de\/wp-json\/wp\/v2\/media\/962"}],"wp:attachment":[{"href":"https:\/\/emea.dev.technetix.com\/de\/wp-json\/wp\/v2\/media?parent=6333"}],"curies":[{"name":"wp","href":"https:\/\/api.w.org\/{rel}","templated":true}]}}