{"id":6291,"date":"2023-01-19T19:03:15","date_gmt":"2023-01-19T19:03:15","guid":{"rendered":"https:\/\/emea.dev.technetix.com\/uber-uns\/"},"modified":"2023-03-30T22:08:05","modified_gmt":"2023-03-30T22:08:05","slug":"uber-uns","status":"publish","type":"page","link":"https:\/\/emea.dev.technetix.com\/de\/uber-uns\/","title":{"rendered":"\u00dcber uns"},"content":{"rendered":"<div class=\"gb-container gb-container-f86f3f4f gb-container-hero-banner\"><div class=\"gb-inside-container\">\n<h1 class=\"gb-headline gb-headline-e1547755 gb-headline-text gb-headline-hero-banner-title\">\u00dcber uns<\/h1>\n<\/div><\/div><div class=\"gb-container gb-container-a95f8d7f gb-container-inner-back-page-con\">\n<h2 class=\"gb-headline gb-headline-d02c52e4 gb-headline-text gb-headline-h2\">Technetix ist ein marktf\u00fchrendes Technologieunternehmen, das die Leistungsf\u00e4higkeit von Breitbandnetzen weltweit kontinuierlich steigert.<\/h2>\n\n<p class=\"gb-headline gb-headline-6656b5c3 gb-headline-text\">Unsere pr\u00e4mierten und etablierten Breitband-HFC-, FTTx- und xHaul-Infrastrukturtechnologien erm\u00f6glichen es unseren Kunden, ihre bestehenden Kernressourcen zu optimieren. Technetix ist ein Technologief\u00fchrer mit neuen, innovativen Entwicklungen in der Kabeltechnologie, einschlie\u00dflich der Technologien Extended Spectrum DOCSIS (ESD) und Full Duplex DOCSIS (FDx), die die bisherigen Grenzen in der Anwendung von Distributed Access Architecture (DAA) erweitern. <\/p>\n\n<p class=\"gb-headline gb-headline-77d4828f gb-headline-text\">Technetix entwickelte sich mit seinem kompakten und robusten remote Optical Line Terminal (rOLT) f\u00fcr Deep-Access-Einsatz, sowie FTTP-Anwendungen auch zu einem f\u00fchrenden Akteur in der Fibre-to-the-Home-Technologie (FTTx). Ideal f\u00fcr Szenarien mit geringer Dichte im l\u00e4ndlichen Raum, bis zur strategischen Anbindung von Businesskunden und Institutionen. Technetix vertreibt auch seine pr\u00e4mierte, virtuelle Fiber-Innovation oder virtuelle Segmentierung, die in vorhandene Netze den Mobilfunk integriert, um diese bestehenden Netze mit Backhaul-\/Midhaul-Daten von Mobilfunknetzen zu verbinden und zu optimieren. Dieses geistige Eigentum ist in 135 Patenten dokumentiert.   <\/p>\n\n<p class=\"gb-headline gb-headline-3982ce7f gb-headline-text\">Mit Hauptsitz in Gro\u00dfbritannien und einem umfangreichen Netzwerk in Europa, Amerika, Afrika und dem asiatisch-pazifischen Raum vertreiben wir j\u00e4hrlich 114 Millionen Produkte in \u00fcber 70 L\u00e4nder. Seit unserer Gr\u00fcndung im Jahr 1990 haben wir kooperative und strategische Partnerschaften mit f\u00fchrenden Blue-Chip-Breitbandkabelbetreibern aufgebaut, bei denen wir f\u00fcr unsere technologische Expertise und unser umfassendes Serviceengagement der bevorzugte Partner sind. <\/p>\n\n<h2 class=\"gb-headline gb-headline-6b17d0fd gb-headline-text gb-headline-h2-in-content\">Breitbandtechnologie<\/h2>\n\n<p class=\"gb-headline gb-headline-623f5b86 gb-headline-text\">Der Schwerpunkt des Teams liegt auf Breitbandtechnologien mit L\u00f6sungen, die f\u00fcr Access-Netzwerke und den Connectivity-Markt entwickelt wurden. Die Mehrzahl dieser Produkte wurden vom Forschungs- und Entwicklungsteam der Technetix entworfen und entwickelt, f\u00fcr die das Unternehmen die geistigen Eigentumsrechte besitzt. Technetix verf\u00fcgt \u00fcber zus\u00e4tzliche Kernprodukte, bei denen das Unternehmen durch seine angewandte Expertise \u00fcber mehrere Jahre durch einen strengen Prozess der Beschaffung, Qualifizierung und Pr\u00fcfung von Produkten nach Kundenspezifikationen, einen erheblichen Mehrwert geschaffen hat.  <\/p>\n\n<h2 class=\"gb-headline gb-headline-4b572e45 gb-headline-text gb-headline-h2-in-content\">Dienstleistungen in der Supply Chain<\/h2>\n\n<p class=\"gb-headline gb-headline-c9b08205 gb-headline-text\">Das Team liefert Technetix-Produkte, sowie Produkte von Drittanbietern im Rahmen von Lieferketten-Servicevereinbarungen mit seinen Key-Kunden im Rahmen eines \u201eOne-Stop-Shop\u201c-Konzepts, das es Technetix erm\u00f6glicht, L\u00f6sungen f\u00fcr Kunden an allen Bereitstellungsebenen von Breitbanddiensten zur Verf\u00fcgung zu stellen.<\/p>\n\n<h2 class=\"gb-headline gb-headline-e3742336 gb-headline-text gb-headline-h2-in-content\">Unsere Kunden<\/h2>\n\n<div class=\"gb-grid-wrapper gb-grid-wrapper-550bdcb0 gb-grid-wrapper-3239ae9f\">\n<div class=\"gb-grid-column gb-grid-column-46781d84\"><div class=\"gb-container gb-container-46781d84\"><div class=\"gb-inside-container\">\n<figure class=\"gb-block-image gb-block-image-b7723790\"><a href=\"https:\/\/www.personal.com.ar\/\" target=\"_blank\" rel=\"noopener noreferrer\"><img loading=\"lazy\" decoding=\"async\" width=\"125\" height=\"75\" class=\"gb-image gb-image-b7723790\" src=\"https:\/\/emea.dev.technetix.com\/wp-content\/uploads\/sites\/2\/2023\/01\/Cablevision_2.jpeg\" alt=\"Cablevision logo\"\/><\/a><\/figure>\n<\/div><\/div><\/div>\n\n<div class=\"gb-grid-column gb-grid-column-07143e46\"><div class=\"gb-container gb-container-07143e46\"><div class=\"gb-inside-container\">\n<figure class=\"gb-block-image gb-block-image-867ed902\"><a href=\"https:\/\/lla.com\/\" target=\"_blank\" rel=\"noopener noreferrer\"><img loading=\"lazy\" decoding=\"async\" width=\"125\" height=\"75\" class=\"gb-image gb-image-867ed902\" src=\"https:\/\/emea.dev.technetix.com\/wp-content\/uploads\/sites\/2\/2023\/01\/LIBERTY-LATIN-AMERICAS-175px.jpeg\" alt=\"LIberty Latin America logo\"\/><\/a><\/figure>\n<\/div><\/div><\/div>\n\n<div class=\"gb-grid-column gb-grid-column-a5514662\"><div class=\"gb-container gb-container-a5514662\"><div class=\"gb-inside-container\">\n<figure class=\"gb-block-image gb-block-image-2e756647\"><a href=\"https:\/\/www.spectrum.net\/\" target=\"_blank\" rel=\"noopener noreferrer\"><img loading=\"lazy\" decoding=\"async\" width=\"125\" height=\"75\" class=\"gb-image gb-image-2e756647\" src=\"https:\/\/emea.dev.technetix.com\/wp-content\/uploads\/sites\/2\/2023\/01\/CharterCommunications_2.jpeg\" alt=\"Charter Communications logo\"\/><\/a><\/figure>\n<\/div><\/div><\/div>\n\n<div class=\"gb-grid-column gb-grid-column-23eb68b9\"><div class=\"gb-container gb-container-23eb68b9\"><div class=\"gb-inside-container\">\n<figure class=\"gb-block-image gb-block-image-c9c47001\"><a href=\"https:\/\/www.claro.com\/\" target=\"_blank\" rel=\"noopener noreferrer\"><img loading=\"lazy\" decoding=\"async\" width=\"125\" height=\"75\" class=\"gb-image gb-image-c9c47001\" src=\"https:\/\/emea.dev.technetix.com\/wp-content\/uploads\/sites\/2\/2023\/01\/Claro_1.jpeg\" alt=\"Claro logo\"\/><\/a><\/figure>\n<\/div><\/div><\/div>\n\n<div class=\"gb-grid-column gb-grid-column-62aad5ed\"><div class=\"gb-container gb-container-62aad5ed\"><div class=\"gb-inside-container\">\n<figure class=\"gb-block-image gb-block-image-ab37471c\"><a href=\"https:\/\/corporate.comcast.com\/\" target=\"_blank\" rel=\"noopener noreferrer\"><img loading=\"lazy\" decoding=\"async\" width=\"125\" height=\"75\" class=\"gb-image gb-image-ab37471c\" src=\"https:\/\/emea.dev.technetix.com\/wp-content\/uploads\/sites\/2\/2023\/01\/Comcast_2.jpeg\" alt=\"Comcast logo\"\/><\/a><\/figure>\n<\/div><\/div><\/div>\n\n<div class=\"gb-grid-column gb-grid-column-a24703f2\"><div class=\"gb-container gb-container-a24703f2\"><div class=\"gb-inside-container\">\n<figure class=\"gb-block-image gb-block-image-a45146ef\"><a href=\"https:\/\/www.cox.com\/aboutus\/home.html\" target=\"_blank\" rel=\"noopener noreferrer\"><img loading=\"lazy\" decoding=\"async\" width=\"125\" height=\"75\" class=\"gb-image gb-image-a45146ef\" src=\"https:\/\/emea.dev.technetix.com\/wp-content\/uploads\/sites\/2\/2023\/01\/COX_2.jpeg\" alt=\"Cox logo\"\/><\/a><\/figure>\n<\/div><\/div><\/div>\n\n<div class=\"gb-grid-column gb-grid-column-2ad7726c\"><div class=\"gb-container gb-container-2ad7726c\"><div class=\"gb-inside-container\">\n<figure class=\"gb-block-image gb-block-image-10765d92\"><a href=\"https:\/\/www.euskaltel.com\/\" target=\"_blank\" rel=\"noopener noreferrer\"><img loading=\"lazy\" decoding=\"async\" width=\"125\" height=\"75\" class=\"gb-image gb-image-10765d92\" src=\"https:\/\/emea.dev.technetix.com\/wp-content\/uploads\/sites\/2\/2023\/01\/Euskaltel_2.jpeg\" alt=\"Euskaltel logo\"\/><\/a><\/figure>\n<\/div><\/div><\/div>\n\n<div class=\"gb-grid-column gb-grid-column-b2422676\"><div class=\"gb-container gb-container-b2422676\"><div class=\"gb-inside-container\">\n<figure class=\"gb-block-image gb-block-image-e9da2191\"><a href=\"https:\/\/www.libertyglobal.com\/\" target=\"_blank\" rel=\"noopener noreferrer\"><img loading=\"lazy\" decoding=\"async\" width=\"125\" height=\"75\" class=\"gb-image gb-image-e9da2191\" src=\"https:\/\/emea.dev.technetix.com\/wp-content\/uploads\/sites\/2\/2023\/01\/LIBERTY-GLOBAL-175px.jpeg\" alt=\"Liberty Global logo\"\/><\/a><\/figure>\n<\/div><\/div><\/div>\n\n<div class=\"gb-grid-column gb-grid-column-a3d3e80a\"><div class=\"gb-container gb-container-a3d3e80a\"><div class=\"gb-inside-container\">\n<figure class=\"gb-block-image gb-block-image-086ad397\"><a href=\"https:\/\/www.nos.pt\/\" target=\"_blank\" rel=\"noopener noreferrer\"><img loading=\"lazy\" decoding=\"async\" width=\"125\" height=\"75\" class=\"gb-image gb-image-086ad397\" src=\"https:\/\/emea.dev.technetix.com\/wp-content\/uploads\/sites\/2\/2023\/01\/NOS_2.jpeg\" alt=\"NOS logo\"\/><\/a><\/figure>\n<\/div><\/div><\/div>\n\n<div class=\"gb-grid-column gb-grid-column-348b0b44\"><div class=\"gb-container gb-container-348b0b44\"><div class=\"gb-inside-container\">\n<figure class=\"gb-block-image gb-block-image-861fd10e\"><a href=\"https:\/\/www.upc.ch\/en\/\" target=\"_blank\" rel=\"noopener noreferrer\"><img loading=\"lazy\" decoding=\"async\" width=\"125\" height=\"75\" class=\"gb-image gb-image-861fd10e\" src=\"https:\/\/emea.dev.technetix.com\/wp-content\/uploads\/sites\/2\/2023\/01\/UPC_2.jpeg\" alt=\"upc logo\"\/><\/a><\/figure>\n<\/div><\/div><\/div>\n\n<div class=\"gb-grid-column gb-grid-column-258e8919\"><div class=\"gb-container gb-container-258e8919\"><div class=\"gb-inside-container\">\n<figure class=\"gb-block-image gb-block-image-84f124c5\"><a href=\"https:\/\/www.o2.co.uk\/virgin-media-o2\" target=\"_blank\" rel=\"noopener noreferrer\"><img loading=\"lazy\" decoding=\"async\" width=\"125\" height=\"75\" class=\"gb-image gb-image-84f124c5\" src=\"https:\/\/emea.dev.technetix.com\/wp-content\/uploads\/sites\/2\/2023\/01\/VIRGIN-MEDIA-O2-175px.jpeg\" alt=\"Virgin Media and O2 logo\"\/><\/a><\/figure>\n<\/div><\/div><\/div>\n\n<div class=\"gb-grid-column gb-grid-column-b8ec149e\"><div class=\"gb-container gb-container-b8ec149e\"><div class=\"gb-inside-container\">\n<figure class=\"gb-block-image gb-block-image-f7a6cfc8\"><a href=\"https:\/\/www.vodafone.co.uk\/\" target=\"_blank\" rel=\"noopener noreferrer\"><img loading=\"lazy\" decoding=\"async\" width=\"125\" height=\"75\" class=\"gb-image gb-image-f7a6cfc8\" src=\"https:\/\/emea.dev.technetix.com\/wp-content\/uploads\/sites\/2\/2023\/01\/Vodafone_3.jpeg\" alt=\"Vodafone logo\"\/><\/a><\/figure>\n<\/div><\/div><\/div>\n\n<div class=\"gb-grid-column gb-grid-column-107d22cc\"><div class=\"gb-container gb-container-107d22cc\"><div class=\"gb-inside-container\">\n<figure class=\"gb-block-image gb-block-image-97aeaee8\"><a href=\"https:\/\/www.ziggo.nl\/\" target=\"_blank\" rel=\"noopener noreferrer\"><img loading=\"lazy\" decoding=\"async\" width=\"125\" height=\"75\" class=\"gb-image gb-image-97aeaee8\" src=\"https:\/\/emea.dev.technetix.com\/wp-content\/uploads\/sites\/2\/2023\/01\/Ziggo_2.jpeg\" alt=\"Ziggo logo\"\/><\/a><\/figure>\n<\/div><\/div><\/div>\n\n<div class=\"gb-grid-column gb-grid-column-907e9c19\"><div class=\"gb-container gb-container-907e9c19\"><div class=\"gb-inside-container\"><\/div><\/div><\/div>\n\n<div class=\"gb-grid-column gb-grid-column-a31ee70f\"><div class=\"gb-container gb-container-a31ee70f\"><div class=\"gb-inside-container\"><\/div><\/div><\/div>\n<\/div>\n<\/div><div class=\"gb-container gb-container-ca80b784 gb-container-con-buttons-bottom\">\n<h2 class=\"gb-headline gb-headline-7ce6fa4b gb-headline-text gb-headline-head-bottom-buttons\">N\u00fctzliche Links<\/h2>\n\n<div class=\"gb-button-wrapper gb-button-wrapper-5300c273 gb-button-wrapper-after-con-buttons\">\n<a class=\"gb-button gb-button-5e4e6530 gb-button-text gb-button-bottom-button\" href=\"https:\/\/emea.dev.technetix.com\/de\/unsere-vision\/\">Unsere Vision<\/a>\n\n<a class=\"gb-button gb-button-3eadfa91 gb-button-text gb-button-bottom-button\" href=\"https:\/\/emea.dev.technetix.com\/de\/uber-uns\/leitende-mitarbeiter\/\">Leitende Mitarbeiter<\/a>\n\n<a class=\"gb-button gb-button-4ceed201 gb-button-text gb-button-bottom-button\" href=\"https:\/\/emea.dev.technetix.com\/de\/uber-uns\/auszeichnungen-und-akkreditierungen\/\">Auszeichnungen und Akkreditierungen<\/a>\n\n<a class=\"gb-button gb-button-e7a0fe73 gb-button-text gb-button-bottom-button\" href=\"https:\/\/emea.dev.technetix.com\/de\/technetix-akademie\/\">Technetix Akademie<\/a>\n<\/div>\n<\/div>","protected":false},"excerpt":{"rendered":"<p>\u00dcber uns Technetix ist ein marktf\u00fchrendes Technologieunternehmen, das die Leistungsf\u00e4higkeit von Breitbandnetzen weltweit kontinuierlich steigert. Unsere pr\u00e4mierten und etablierten Breitband-HFC-, FTTx- und xHaul-Infrastrukturtechnologien erm\u00f6glichen es unseren Kunden, ihre bestehenden Kernressourcen zu optimieren. Technetix ist ein Technologief\u00fchrer mit neuen, innovativen Entwicklungen in der Kabeltechnologie, einschlie\u00dflich der Technologien Extended Spectrum DOCSIS (ESD) und Full Duplex DOCSIS (FDx), &#8230; <a title=\"\u00dcber uns\" class=\"read-more\" href=\"https:\/\/emea.dev.technetix.com\/de\/uber-uns\/\" aria-label=\"Mehr zu \u00dcber uns\">Read more<\/a><\/p>\n","protected":false},"author":1,"featured_media":6293,"parent":0,"menu_order":0,"comment_status":"open","ping_status":"closed","template":"","meta":{"_acf_changed":false,"_gspb_post_css":"","footnotes":""},"class_list":["post-6291","page","type-page","status-publish","has-post-thumbnail"],"yoast_head":"<!-- This site is optimized with the Yoast SEO Premium plugin v22.5 (Yoast SEO v23.7) - https:\/\/yoast.com\/wordpress\/plugins\/seo\/ -->\n<title>\u00dcber uns - Technetix EMEA<\/title>\n<meta name=\"robots\" content=\"index, follow, max-snippet:-1, max-image-preview:large, max-video-preview:-1\" \/>\n<link rel=\"canonical\" href=\"https:\/\/emea.dev.technetix.com\/de\/uber-uns\/\" \/>\n<meta property=\"og:locale\" content=\"de_DE\" \/>\n<meta property=\"og:type\" content=\"article\" \/>\n<meta property=\"og:title\" content=\"\u00dcber uns - Technetix EMEA\" \/>\n<meta property=\"og:description\" content=\"\u00dcber uns Technetix ist ein marktf\u00fchrendes Technologieunternehmen, das die Leistungsf\u00e4higkeit von Breitbandnetzen weltweit kontinuierlich steigert. Unsere pr\u00e4mierten und etablierten Breitband-HFC-, FTTx- und xHaul-Infrastrukturtechnologien erm\u00f6glichen es unseren Kunden, ihre bestehenden Kernressourcen zu optimieren. Technetix ist ein Technologief\u00fchrer mit neuen, innovativen Entwicklungen in der Kabeltechnologie, einschlie\u00dflich der Technologien Extended Spectrum DOCSIS (ESD) und Full Duplex DOCSIS (FDx), ... Read more\" \/>\n<meta property=\"og:url\" content=\"https:\/\/emea.dev.technetix.com\/de\/uber-uns\/\" \/>\n<meta property=\"og:site_name\" content=\"Technetix EMEA\" \/>\n<meta property=\"article:modified_time\" content=\"2023-03-30T22:08:05+00:00\" \/>\n<meta property=\"og:image\" content=\"https:\/\/emea.dev.technetix.com\/wp-content\/uploads\/sites\/2\/2023\/03\/ABOUT_LARGE_DE-ABOUT-US_FINAL.jpeg\" \/>\n\t<meta property=\"og:image:width\" content=\"1920\" \/>\n\t<meta property=\"og:image:height\" content=\"450\" \/>\n\t<meta property=\"og:image:type\" content=\"image\/jpeg\" \/>\n<meta name=\"twitter:card\" content=\"summary_large_image\" \/>\n<meta name=\"twitter:site\" content=\"@technetixgroup\" \/>\n<meta name=\"twitter:label1\" content=\"Gesch\u00e4tzte Lesezeit\" \/>\n\t<meta name=\"twitter:data1\" content=\"5\u00a0Minuten\" \/>\n<script type=\"application\/ld+json\" class=\"yoast-schema-graph\">{\"@context\":\"https:\/\/schema.org\",\"@graph\":[{\"@type\":\"WebPage\",\"@id\":\"https:\/\/emea.dev.technetix.com\/de\/uber-uns\/\",\"url\":\"https:\/\/emea.dev.technetix.com\/de\/uber-uns\/\",\"name\":\"\u00dcber uns - Technetix EMEA\",\"isPartOf\":{\"@id\":\"https:\/\/emea.dev.technetix.com\/de\/#website\"},\"primaryImageOfPage\":{\"@id\":\"https:\/\/emea.dev.technetix.com\/de\/uber-uns\/#primaryimage\"},\"image\":{\"@id\":\"https:\/\/emea.dev.technetix.com\/de\/uber-uns\/#primaryimage\"},\"thumbnailUrl\":\"https:\/\/emea.dev.technetix.com\/wp-content\/uploads\/sites\/2\/2023\/03\/ABOUT_LARGE_DE-ABOUT-US_FINAL.jpeg\",\"datePublished\":\"2023-01-19T19:03:15+00:00\",\"dateModified\":\"2023-03-30T22:08:05+00:00\",\"breadcrumb\":{\"@id\":\"https:\/\/emea.dev.technetix.com\/de\/uber-uns\/#breadcrumb\"},\"inLanguage\":\"de\",\"potentialAction\":[{\"@type\":\"ReadAction\",\"target\":[\"https:\/\/emea.dev.technetix.com\/de\/uber-uns\/\"]}]},{\"@type\":\"ImageObject\",\"inLanguage\":\"de\",\"@id\":\"https:\/\/emea.dev.technetix.com\/de\/uber-uns\/#primaryimage\",\"url\":\"https:\/\/emea.dev.technetix.com\/wp-content\/uploads\/sites\/2\/2023\/03\/ABOUT_LARGE_DE-ABOUT-US_FINAL.jpeg\",\"contentUrl\":\"https:\/\/emea.dev.technetix.com\/wp-content\/uploads\/sites\/2\/2023\/03\/ABOUT_LARGE_DE-ABOUT-US_FINAL.jpeg\",\"width\":1920,\"height\":450,\"caption\":\"\u00dcber uns\"},{\"@type\":\"BreadcrumbList\",\"@id\":\"https:\/\/emea.dev.technetix.com\/de\/uber-uns\/#breadcrumb\",\"itemListElement\":[{\"@type\":\"ListItem\",\"position\":1,\"name\":\"Home\",\"item\":\"https:\/\/emea.dev.technetix.com\/de\/\"},{\"@type\":\"ListItem\",\"position\":2,\"name\":\"\u00dcber uns\"}]},{\"@type\":\"WebSite\",\"@id\":\"https:\/\/emea.dev.technetix.com\/de\/#website\",\"url\":\"https:\/\/emea.dev.technetix.com\/de\/\",\"name\":\"Technetix\",\"description\":\"Next-generation broadband equipment engineering\",\"publisher\":{\"@id\":\"https:\/\/emea.dev.technetix.com\/de\/#organization\"},\"potentialAction\":[{\"@type\":\"SearchAction\",\"target\":{\"@type\":\"EntryPoint\",\"urlTemplate\":\"https:\/\/emea.dev.technetix.com\/de\/?s={search_term_string}\"},\"query-input\":{\"@type\":\"PropertyValueSpecification\",\"valueRequired\":true,\"valueName\":\"search_term_string\"}}],\"inLanguage\":\"de\"},{\"@type\":\"Organization\",\"@id\":\"https:\/\/emea.dev.technetix.com\/de\/#organization\",\"name\":\"Technetix\",\"url\":\"https:\/\/emea.dev.technetix.com\/de\/\",\"logo\":{\"@type\":\"ImageObject\",\"inLanguage\":\"de\",\"@id\":\"https:\/\/emea.dev.technetix.com\/de\/#\/schema\/logo\/image\/\",\"url\":\"https:\/\/emea.dev.technetix.com\/wp-content\/uploads\/sites\/2\/2023\/06\/logo-Technetix-1000x1000-1.png\",\"contentUrl\":\"https:\/\/emea.dev.technetix.com\/wp-content\/uploads\/sites\/2\/2023\/06\/logo-Technetix-1000x1000-1.png\",\"width\":1000,\"height\":1000,\"caption\":\"Technetix\"},\"image\":{\"@id\":\"https:\/\/emea.dev.technetix.com\/de\/#\/schema\/logo\/image\/\"},\"sameAs\":[\"https:\/\/x.com\/technetixgroup\",\"https:\/\/www.linkedin.com\/company\/technetix\/\",\"https:\/\/www.youtube.com\/c\/Technetix-group\"]}]}<\/script>\n<!-- \/ Yoast SEO Premium plugin. -->","yoast_head_json":{"title":"\u00dcber uns - Technetix EMEA","robots":{"index":"index","follow":"follow","max-snippet":"max-snippet:-1","max-image-preview":"max-image-preview:large","max-video-preview":"max-video-preview:-1"},"canonical":"https:\/\/emea.dev.technetix.com\/de\/uber-uns\/","og_locale":"de_DE","og_type":"article","og_title":"\u00dcber uns - Technetix EMEA","og_description":"\u00dcber uns Technetix ist ein marktf\u00fchrendes Technologieunternehmen, das die Leistungsf\u00e4higkeit von Breitbandnetzen weltweit kontinuierlich steigert. Unsere pr\u00e4mierten und etablierten Breitband-HFC-, FTTx- und xHaul-Infrastrukturtechnologien erm\u00f6glichen es unseren Kunden, ihre bestehenden Kernressourcen zu optimieren. Technetix ist ein Technologief\u00fchrer mit neuen, innovativen Entwicklungen in der Kabeltechnologie, einschlie\u00dflich der Technologien Extended Spectrum DOCSIS (ESD) und Full Duplex DOCSIS (FDx), ... Read more","og_url":"https:\/\/emea.dev.technetix.com\/de\/uber-uns\/","og_site_name":"Technetix EMEA","article_modified_time":"2023-03-30T22:08:05+00:00","og_image":[{"width":1920,"height":450,"url":"https:\/\/emea.dev.technetix.com\/wp-content\/uploads\/sites\/2\/2023\/03\/ABOUT_LARGE_DE-ABOUT-US_FINAL.jpeg","type":"image\/jpeg"}],"twitter_card":"summary_large_image","twitter_site":"@technetixgroup","twitter_misc":{"Gesch\u00e4tzte Lesezeit":"5\u00a0Minuten"},"schema":{"@context":"https:\/\/schema.org","@graph":[{"@type":"WebPage","@id":"https:\/\/emea.dev.technetix.com\/de\/uber-uns\/","url":"https:\/\/emea.dev.technetix.com\/de\/uber-uns\/","name":"\u00dcber uns - Technetix EMEA","isPartOf":{"@id":"https:\/\/emea.dev.technetix.com\/de\/#website"},"primaryImageOfPage":{"@id":"https:\/\/emea.dev.technetix.com\/de\/uber-uns\/#primaryimage"},"image":{"@id":"https:\/\/emea.dev.technetix.com\/de\/uber-uns\/#primaryimage"},"thumbnailUrl":"https:\/\/emea.dev.technetix.com\/wp-content\/uploads\/sites\/2\/2023\/03\/ABOUT_LARGE_DE-ABOUT-US_FINAL.jpeg","datePublished":"2023-01-19T19:03:15+00:00","dateModified":"2023-03-30T22:08:05+00:00","breadcrumb":{"@id":"https:\/\/emea.dev.technetix.com\/de\/uber-uns\/#breadcrumb"},"inLanguage":"de","potentialAction":[{"@type":"ReadAction","target":["https:\/\/emea.dev.technetix.com\/de\/uber-uns\/"]}]},{"@type":"ImageObject","inLanguage":"de","@id":"https:\/\/emea.dev.technetix.com\/de\/uber-uns\/#primaryimage","url":"https:\/\/emea.dev.technetix.com\/wp-content\/uploads\/sites\/2\/2023\/03\/ABOUT_LARGE_DE-ABOUT-US_FINAL.jpeg","contentUrl":"https:\/\/emea.dev.technetix.com\/wp-content\/uploads\/sites\/2\/2023\/03\/ABOUT_LARGE_DE-ABOUT-US_FINAL.jpeg","width":1920,"height":450,"caption":"\u00dcber uns"},{"@type":"BreadcrumbList","@id":"https:\/\/emea.dev.technetix.com\/de\/uber-uns\/#breadcrumb","itemListElement":[{"@type":"ListItem","position":1,"name":"Home","item":"https:\/\/emea.dev.technetix.com\/de\/"},{"@type":"ListItem","position":2,"name":"\u00dcber uns"}]},{"@type":"WebSite","@id":"https:\/\/emea.dev.technetix.com\/de\/#website","url":"https:\/\/emea.dev.technetix.com\/de\/","name":"Technetix","description":"Next-generation broadband equipment engineering","publisher":{"@id":"https:\/\/emea.dev.technetix.com\/de\/#organization"},"potentialAction":[{"@type":"SearchAction","target":{"@type":"EntryPoint","urlTemplate":"https:\/\/emea.dev.technetix.com\/de\/?s={search_term_string}"},"query-input":{"@type":"PropertyValueSpecification","valueRequired":true,"valueName":"search_term_string"}}],"inLanguage":"de"},{"@type":"Organization","@id":"https:\/\/emea.dev.technetix.com\/de\/#organization","name":"Technetix","url":"https:\/\/emea.dev.technetix.com\/de\/","logo":{"@type":"ImageObject","inLanguage":"de","@id":"https:\/\/emea.dev.technetix.com\/de\/#\/schema\/logo\/image\/","url":"https:\/\/emea.dev.technetix.com\/wp-content\/uploads\/sites\/2\/2023\/06\/logo-Technetix-1000x1000-1.png","contentUrl":"https:\/\/emea.dev.technetix.com\/wp-content\/uploads\/sites\/2\/2023\/06\/logo-Technetix-1000x1000-1.png","width":1000,"height":1000,"caption":"Technetix"},"image":{"@id":"https:\/\/emea.dev.technetix.com\/de\/#\/schema\/logo\/image\/"},"sameAs":["https:\/\/x.com\/technetixgroup","https:\/\/www.linkedin.com\/company\/technetix\/","https:\/\/www.youtube.com\/c\/Technetix-group"]}]}},"acf":[],"publishpress_future_workflow_manual_trigger":{"enabledWorkflows":[]},"_links":{"self":[{"href":"https:\/\/emea.dev.technetix.com\/de\/wp-json\/wp\/v2\/pages\/6291"}],"collection":[{"href":"https:\/\/emea.dev.technetix.com\/de\/wp-json\/wp\/v2\/pages"}],"about":[{"href":"https:\/\/emea.dev.technetix.com\/de\/wp-json\/wp\/v2\/types\/page"}],"author":[{"embeddable":true,"href":"https:\/\/emea.dev.technetix.com\/de\/wp-json\/wp\/v2\/users\/1"}],"replies":[{"embeddable":true,"href":"https:\/\/emea.dev.technetix.com\/de\/wp-json\/wp\/v2\/comments?post=6291"}],"version-history":[{"count":3,"href":"https:\/\/emea.dev.technetix.com\/de\/wp-json\/wp\/v2\/pages\/6291\/revisions"}],"predecessor-version":[{"id":6524,"href":"https:\/\/emea.dev.technetix.com\/de\/wp-json\/wp\/v2\/pages\/6291\/revisions\/6524"}],"wp:featuredmedia":[{"embeddable":true,"href":"https:\/\/emea.dev.technetix.com\/de\/wp-json\/wp\/v2\/media\/6293"}],"wp:attachment":[{"href":"https:\/\/emea.dev.technetix.com\/de\/wp-json\/wp\/v2\/media?parent=6291"}],"curies":[{"name":"wp","href":"https:\/\/api.w.org\/{rel}","templated":true}]}}