{"id":6259,"date":"2023-01-19T19:00:19","date_gmt":"2023-01-19T19:00:19","guid":{"rendered":"https:\/\/emea.dev.technetix.com\/technetix-akademie\/"},"modified":"2023-03-30T20:21:23","modified_gmt":"2023-03-30T20:21:23","slug":"technetix-akademie","status":"publish","type":"page","link":"https:\/\/emea.dev.technetix.com\/de\/technetix-akademie\/","title":{"rendered":"Technetix Akademie"},"content":{"rendered":"<div class=\"gb-container gb-container-f86f3f4f gb-container-hero-banner\"><div class=\"gb-inside-container\">\n<h1 class=\"gb-headline gb-headline-e1547755 gb-headline-text gb-headline-hero-banner-title\">Technetix Akademie<\/h1>\n<\/div><\/div><div class=\"gb-container gb-container-7e1107eb gb-container-inner-back-page-con\">\n<h2 class=\"gb-headline gb-headline-d02c52e4 gb-headline-text\">Erweitern Sie Ihr Know-how mit der Technetix-Akademie, in der unser Team von Netzwerk-Profis effiziente Schulungen sowohl online als auch als Pr\u00e4senzschulung bereitstellt.<\/h2>\n\n<p class=\"gb-headline gb-headline-6656b5c3 gb-headline-text\">Die Schulungen k\u00f6nnen sowohl in Ihrem Haus als auch an der Technetix-Akademie durchgef\u00fchrt werden (oder nach Vereinbarung auch an anderen Standorten). Unsere Schulungen decken einen gro\u00dfen Bereich an Technologien, Produkten und betrieblichen Fragen f\u00fcr Breitband-Kabelnetzwerke ab und k\u00f6nnen an Ihre speziellen Anforderungen und W\u00fcnsche individuell angepasst werden.  <\/p>\n\n<p class=\"gb-headline gb-headline-e5c1e002 gb-headline-text\">Auszug unserer Schulungen:<\/p>\n\n<ul class=\"wp-block-list\"><li>Viertelj\u00e4hrliche Technologie-Updates mit unserem CTO-Team<\/li>\n\n<li>Virtual Segmentation\u2122 \u2212 Go fibre deep without fibre \u2212 10 Gbps \u00fcber Koax<\/li>\n\n<li>Distributed Gain Architecture \u2013 Ihr Weg zu DOCSIS 4.0<\/li>\n\n<li>DBx-Installationshandbuch<\/li>\n\n<li>Maximierung des ROI aus Ihrem HFC-Netzwerk<\/li><\/ul>\n\n<p class=\"gb-headline gb-headline-623f5b86 gb-headline-text\">Sie m\u00f6chten mehr \u00fcber Schulungen und Beratung erfahren? Bitte kontaktieren Sie uns unter <a href=\"mailto:academy@dev.technetix.com\" target=\"_blank\" rel=\"noreferrer noopener nofollow\">academy@dev.technetix.com<\/a><\/p>\n\n<h2 class=\"gb-headline gb-headline-6b17d0fd gb-headline-text gb-headline-h2-in-content\">Innovation ist Bestandteil unserer DNA<\/h2>\n<\/div><div class=\"gb-container gb-container-e573cd44 gb-container-con-buttons-bottom\">\n<h2 class=\"gb-headline gb-headline-7ce6fa4b gb-headline-text gb-headline-head-bottom-buttons\">N\u00fctzliche Links<\/h2>\n\n<div class=\"gb-button-wrapper gb-button-wrapper-5300c273 gb-button-wrapper-after-con-buttons\">\n<a class=\"gb-button gb-button-74bfad52 gb-button-text gb-button-bottom-button\" href=\"https:\/\/emea.dev.technetix.com\/de\/kontakt\/\">Kontakt<\/a>\n\n<a class=\"gb-button gb-button-5e4e6530 gb-button-text gb-button-bottom-button\" href=\"https:\/\/emea.dev.technetix.com\/de\/unsere-vision\/\">Technologien<\/a>\n\n<a class=\"gb-button gb-button-ff3bad62 gb-button-text gb-button-bottom-button\" href=\"https:\/\/emea.dev.technetix.com\/de\/netzwerk-consulting\/\">Netzwerk-Consulting<\/a>\n<\/div>\n<\/div>","protected":false},"excerpt":{"rendered":"<p>Technetix Akademie Erweitern Sie Ihr Know-how mit der Technetix-Akademie, in der unser Team von Netzwerk-Profis effiziente Schulungen sowohl online als auch als Pr\u00e4senzschulung bereitstellt. Die Schulungen k\u00f6nnen sowohl in Ihrem Haus als auch an der Technetix-Akademie durchgef\u00fchrt werden (oder nach Vereinbarung auch an anderen Standorten). Unsere Schulungen decken einen gro\u00dfen Bereich an Technologien, Produkten und &#8230; <a title=\"Technetix Akademie\" class=\"read-more\" href=\"https:\/\/emea.dev.technetix.com\/de\/technetix-akademie\/\" aria-label=\"Mehr zu Technetix Akademie\">Read more<\/a><\/p>\n","protected":false},"author":1,"featured_media":611,"parent":0,"menu_order":0,"comment_status":"open","ping_status":"closed","template":"","meta":{"_acf_changed":false,"_gspb_post_css":"","footnotes":""},"class_list":["post-6259","page","type-page","status-publish","has-post-thumbnail"],"yoast_head":"<!-- This site is optimized with the Yoast SEO Premium plugin v22.5 (Yoast SEO v23.7) - https:\/\/yoast.com\/wordpress\/plugins\/seo\/ -->\n<title>Technetix Akademie - Technetix EMEA<\/title>\n<meta name=\"robots\" content=\"index, follow, max-snippet:-1, max-image-preview:large, max-video-preview:-1\" \/>\n<link rel=\"canonical\" href=\"https:\/\/emea.dev.technetix.com\/de\/technetix-akademie\/\" \/>\n<meta property=\"og:locale\" content=\"de_DE\" \/>\n<meta property=\"og:type\" content=\"article\" \/>\n<meta property=\"og:title\" content=\"Technetix Akademie - Technetix EMEA\" \/>\n<meta property=\"og:description\" content=\"Technetix Akademie Erweitern Sie Ihr Know-how mit der Technetix-Akademie, in der unser Team von Netzwerk-Profis effiziente Schulungen sowohl online als auch als Pr\u00e4senzschulung bereitstellt. Die Schulungen k\u00f6nnen sowohl in Ihrem Haus als auch an der Technetix-Akademie durchgef\u00fchrt werden (oder nach Vereinbarung auch an anderen Standorten). Unsere Schulungen decken einen gro\u00dfen Bereich an Technologien, Produkten und ... Read more\" \/>\n<meta property=\"og:url\" content=\"https:\/\/emea.dev.technetix.com\/de\/technetix-akademie\/\" \/>\n<meta property=\"og:site_name\" content=\"Technetix EMEA\" \/>\n<meta property=\"article:modified_time\" content=\"2023-03-30T20:21:23+00:00\" \/>\n<meta property=\"og:image\" content=\"https:\/\/emea.dev.technetix.com\/wp-content\/uploads\/sites\/2\/2023\/01\/SERVICES_LARGE_TA_FINAL.jpg\" \/>\n\t<meta property=\"og:image:width\" content=\"1920\" \/>\n\t<meta property=\"og:image:height\" content=\"450\" \/>\n\t<meta property=\"og:image:type\" content=\"image\/jpeg\" \/>\n<meta name=\"twitter:card\" content=\"summary_large_image\" \/>\n<meta name=\"twitter:site\" content=\"@technetixgroup\" \/>\n<meta name=\"twitter:label1\" content=\"Gesch\u00e4tzte Lesezeit\" \/>\n\t<meta name=\"twitter:data1\" content=\"1\u00a0Minute\" \/>\n<script type=\"application\/ld+json\" class=\"yoast-schema-graph\">{\"@context\":\"https:\/\/schema.org\",\"@graph\":[{\"@type\":\"WebPage\",\"@id\":\"https:\/\/emea.dev.technetix.com\/de\/technetix-akademie\/\",\"url\":\"https:\/\/emea.dev.technetix.com\/de\/technetix-akademie\/\",\"name\":\"Technetix Akademie - Technetix EMEA\",\"isPartOf\":{\"@id\":\"https:\/\/emea.dev.technetix.com\/de\/#website\"},\"primaryImageOfPage\":{\"@id\":\"https:\/\/emea.dev.technetix.com\/de\/technetix-akademie\/#primaryimage\"},\"image\":{\"@id\":\"https:\/\/emea.dev.technetix.com\/de\/technetix-akademie\/#primaryimage\"},\"thumbnailUrl\":\"https:\/\/emea.dev.technetix.com\/wp-content\/uploads\/sites\/2\/2023\/01\/SERVICES_LARGE_TA_FINAL.jpg\",\"datePublished\":\"2023-01-19T19:00:19+00:00\",\"dateModified\":\"2023-03-30T20:21:23+00:00\",\"breadcrumb\":{\"@id\":\"https:\/\/emea.dev.technetix.com\/de\/technetix-akademie\/#breadcrumb\"},\"inLanguage\":\"de\",\"potentialAction\":[{\"@type\":\"ReadAction\",\"target\":[\"https:\/\/emea.dev.technetix.com\/de\/technetix-akademie\/\"]}]},{\"@type\":\"ImageObject\",\"inLanguage\":\"de\",\"@id\":\"https:\/\/emea.dev.technetix.com\/de\/technetix-akademie\/#primaryimage\",\"url\":\"https:\/\/emea.dev.technetix.com\/wp-content\/uploads\/sites\/2\/2023\/01\/SERVICES_LARGE_TA_FINAL.jpg\",\"contentUrl\":\"https:\/\/emea.dev.technetix.com\/wp-content\/uploads\/sites\/2\/2023\/01\/SERVICES_LARGE_TA_FINAL.jpg\",\"width\":1920,\"height\":450},{\"@type\":\"BreadcrumbList\",\"@id\":\"https:\/\/emea.dev.technetix.com\/de\/technetix-akademie\/#breadcrumb\",\"itemListElement\":[{\"@type\":\"ListItem\",\"position\":1,\"name\":\"Home\",\"item\":\"https:\/\/emea.dev.technetix.com\/de\/\"},{\"@type\":\"ListItem\",\"position\":2,\"name\":\"Technetix Akademie\"}]},{\"@type\":\"WebSite\",\"@id\":\"https:\/\/emea.dev.technetix.com\/de\/#website\",\"url\":\"https:\/\/emea.dev.technetix.com\/de\/\",\"name\":\"Technetix\",\"description\":\"Next-generation broadband equipment engineering\",\"publisher\":{\"@id\":\"https:\/\/emea.dev.technetix.com\/de\/#organization\"},\"potentialAction\":[{\"@type\":\"SearchAction\",\"target\":{\"@type\":\"EntryPoint\",\"urlTemplate\":\"https:\/\/emea.dev.technetix.com\/de\/?s={search_term_string}\"},\"query-input\":{\"@type\":\"PropertyValueSpecification\",\"valueRequired\":true,\"valueName\":\"search_term_string\"}}],\"inLanguage\":\"de\"},{\"@type\":\"Organization\",\"@id\":\"https:\/\/emea.dev.technetix.com\/de\/#organization\",\"name\":\"Technetix\",\"url\":\"https:\/\/emea.dev.technetix.com\/de\/\",\"logo\":{\"@type\":\"ImageObject\",\"inLanguage\":\"de\",\"@id\":\"https:\/\/emea.dev.technetix.com\/de\/#\/schema\/logo\/image\/\",\"url\":\"https:\/\/emea.dev.technetix.com\/wp-content\/uploads\/sites\/2\/2023\/06\/logo-Technetix-1000x1000-1.png\",\"contentUrl\":\"https:\/\/emea.dev.technetix.com\/wp-content\/uploads\/sites\/2\/2023\/06\/logo-Technetix-1000x1000-1.png\",\"width\":1000,\"height\":1000,\"caption\":\"Technetix\"},\"image\":{\"@id\":\"https:\/\/emea.dev.technetix.com\/de\/#\/schema\/logo\/image\/\"},\"sameAs\":[\"https:\/\/x.com\/technetixgroup\",\"https:\/\/www.linkedin.com\/company\/technetix\/\",\"https:\/\/www.youtube.com\/c\/Technetix-group\"]}]}<\/script>\n<!-- \/ Yoast SEO Premium plugin. -->","yoast_head_json":{"title":"Technetix Akademie - Technetix EMEA","robots":{"index":"index","follow":"follow","max-snippet":"max-snippet:-1","max-image-preview":"max-image-preview:large","max-video-preview":"max-video-preview:-1"},"canonical":"https:\/\/emea.dev.technetix.com\/de\/technetix-akademie\/","og_locale":"de_DE","og_type":"article","og_title":"Technetix Akademie - Technetix EMEA","og_description":"Technetix Akademie Erweitern Sie Ihr Know-how mit der Technetix-Akademie, in der unser Team von Netzwerk-Profis effiziente Schulungen sowohl online als auch als Pr\u00e4senzschulung bereitstellt. Die Schulungen k\u00f6nnen sowohl in Ihrem Haus als auch an der Technetix-Akademie durchgef\u00fchrt werden (oder nach Vereinbarung auch an anderen Standorten). Unsere Schulungen decken einen gro\u00dfen Bereich an Technologien, Produkten und ... Read more","og_url":"https:\/\/emea.dev.technetix.com\/de\/technetix-akademie\/","og_site_name":"Technetix EMEA","article_modified_time":"2023-03-30T20:21:23+00:00","og_image":[{"width":1920,"height":450,"url":"https:\/\/emea.dev.technetix.com\/wp-content\/uploads\/sites\/2\/2023\/01\/SERVICES_LARGE_TA_FINAL.jpg","type":"image\/jpeg"}],"twitter_card":"summary_large_image","twitter_site":"@technetixgroup","twitter_misc":{"Gesch\u00e4tzte Lesezeit":"1\u00a0Minute"},"schema":{"@context":"https:\/\/schema.org","@graph":[{"@type":"WebPage","@id":"https:\/\/emea.dev.technetix.com\/de\/technetix-akademie\/","url":"https:\/\/emea.dev.technetix.com\/de\/technetix-akademie\/","name":"Technetix Akademie - Technetix EMEA","isPartOf":{"@id":"https:\/\/emea.dev.technetix.com\/de\/#website"},"primaryImageOfPage":{"@id":"https:\/\/emea.dev.technetix.com\/de\/technetix-akademie\/#primaryimage"},"image":{"@id":"https:\/\/emea.dev.technetix.com\/de\/technetix-akademie\/#primaryimage"},"thumbnailUrl":"https:\/\/emea.dev.technetix.com\/wp-content\/uploads\/sites\/2\/2023\/01\/SERVICES_LARGE_TA_FINAL.jpg","datePublished":"2023-01-19T19:00:19+00:00","dateModified":"2023-03-30T20:21:23+00:00","breadcrumb":{"@id":"https:\/\/emea.dev.technetix.com\/de\/technetix-akademie\/#breadcrumb"},"inLanguage":"de","potentialAction":[{"@type":"ReadAction","target":["https:\/\/emea.dev.technetix.com\/de\/technetix-akademie\/"]}]},{"@type":"ImageObject","inLanguage":"de","@id":"https:\/\/emea.dev.technetix.com\/de\/technetix-akademie\/#primaryimage","url":"https:\/\/emea.dev.technetix.com\/wp-content\/uploads\/sites\/2\/2023\/01\/SERVICES_LARGE_TA_FINAL.jpg","contentUrl":"https:\/\/emea.dev.technetix.com\/wp-content\/uploads\/sites\/2\/2023\/01\/SERVICES_LARGE_TA_FINAL.jpg","width":1920,"height":450},{"@type":"BreadcrumbList","@id":"https:\/\/emea.dev.technetix.com\/de\/technetix-akademie\/#breadcrumb","itemListElement":[{"@type":"ListItem","position":1,"name":"Home","item":"https:\/\/emea.dev.technetix.com\/de\/"},{"@type":"ListItem","position":2,"name":"Technetix Akademie"}]},{"@type":"WebSite","@id":"https:\/\/emea.dev.technetix.com\/de\/#website","url":"https:\/\/emea.dev.technetix.com\/de\/","name":"Technetix","description":"Next-generation broadband equipment engineering","publisher":{"@id":"https:\/\/emea.dev.technetix.com\/de\/#organization"},"potentialAction":[{"@type":"SearchAction","target":{"@type":"EntryPoint","urlTemplate":"https:\/\/emea.dev.technetix.com\/de\/?s={search_term_string}"},"query-input":{"@type":"PropertyValueSpecification","valueRequired":true,"valueName":"search_term_string"}}],"inLanguage":"de"},{"@type":"Organization","@id":"https:\/\/emea.dev.technetix.com\/de\/#organization","name":"Technetix","url":"https:\/\/emea.dev.technetix.com\/de\/","logo":{"@type":"ImageObject","inLanguage":"de","@id":"https:\/\/emea.dev.technetix.com\/de\/#\/schema\/logo\/image\/","url":"https:\/\/emea.dev.technetix.com\/wp-content\/uploads\/sites\/2\/2023\/06\/logo-Technetix-1000x1000-1.png","contentUrl":"https:\/\/emea.dev.technetix.com\/wp-content\/uploads\/sites\/2\/2023\/06\/logo-Technetix-1000x1000-1.png","width":1000,"height":1000,"caption":"Technetix"},"image":{"@id":"https:\/\/emea.dev.technetix.com\/de\/#\/schema\/logo\/image\/"},"sameAs":["https:\/\/x.com\/technetixgroup","https:\/\/www.linkedin.com\/company\/technetix\/","https:\/\/www.youtube.com\/c\/Technetix-group"]}]}},"acf":[],"publishpress_future_workflow_manual_trigger":{"enabledWorkflows":[]},"_links":{"self":[{"href":"https:\/\/emea.dev.technetix.com\/de\/wp-json\/wp\/v2\/pages\/6259"}],"collection":[{"href":"https:\/\/emea.dev.technetix.com\/de\/wp-json\/wp\/v2\/pages"}],"about":[{"href":"https:\/\/emea.dev.technetix.com\/de\/wp-json\/wp\/v2\/types\/page"}],"author":[{"embeddable":true,"href":"https:\/\/emea.dev.technetix.com\/de\/wp-json\/wp\/v2\/users\/1"}],"replies":[{"embeddable":true,"href":"https:\/\/emea.dev.technetix.com\/de\/wp-json\/wp\/v2\/comments?post=6259"}],"version-history":[{"count":2,"href":"https:\/\/emea.dev.technetix.com\/de\/wp-json\/wp\/v2\/pages\/6259\/revisions"}],"predecessor-version":[{"id":6512,"href":"https:\/\/emea.dev.technetix.com\/de\/wp-json\/wp\/v2\/pages\/6259\/revisions\/6512"}],"wp:featuredmedia":[{"embeddable":true,"href":"https:\/\/emea.dev.technetix.com\/de\/wp-json\/wp\/v2\/media\/611"}],"wp:attachment":[{"href":"https:\/\/emea.dev.technetix.com\/de\/wp-json\/wp\/v2\/media?parent=6259"}],"curies":[{"name":"wp","href":"https:\/\/api.w.org\/{rel}","templated":true}]}}