{"id":6231,"date":"2023-01-20T17:07:46","date_gmt":"2023-01-20T17:07:46","guid":{"rendered":"https:\/\/emea.dev.technetix.com\/unsere-vision\/"},"modified":"2023-05-17T10:59:02","modified_gmt":"2023-05-17T10:59:02","slug":"unsere-vision","status":"publish","type":"page","link":"https:\/\/emea.dev.technetix.com\/de\/unsere-vision\/","title":{"rendered":"Unsere Vision"},"content":{"rendered":"<div class=\"gb-container gb-container-f86f3f4f gb-container-hero-banner\"><div class=\"gb-inside-container\">\n<h1 class=\"gb-headline gb-headline-e1547755 gb-headline-text gb-headline-hero-banner-title\">Unsere Vision<\/h1>\n<\/div><\/div><div class=\"gb-container gb-container-c4c9035b gb-container-con-centered-header\">\n<h2 class=\"gb-headline gb-headline-d02c52e4 gb-headline-text\">Technetix will das Unm\u00f6gliche m\u00f6glich machen. Alle Mitglieder unseres Teams konzentrieren sich auf die Entwicklung und Bereitstellung integrierter L\u00f6sungen zur Maximierung der Leistung Ihres Breitbandnetzwerks \u2212 bei gleichzeitiger Senkung der Gesamtbetriebskosten. Wir bieten bahnbrechende Produkte f\u00fcr die Evolution Ihres Breitbandnetzes.  <\/h2>\n<\/div><div class=\"gb-container gb-container-5c65cbd8 gb-container-wide-back-page-con\">\n<div class=\"gb-grid-wrapper gb-grid-wrapper-53f55656\">\n<div class=\"gb-grid-column gb-grid-column-111762de\"><div class=\"gb-container gb-container-111762de image-link-block\"><a class=\"gb-container-link\" href=\"https:\/\/emea.dev.technetix.com\/our-vision\/5g-xhaul\/\"><\/a><div class=\"gb-inside-container\">\n<div class=\"gb-container gb-container-c51a427e\"><div class=\"gb-inside-container\">\n<figure class=\"gb-block-image gb-block-image-92ef0c3b\"><img loading=\"lazy\" decoding=\"async\" width=\"1000\" height=\"500\" class=\"gb-image gb-image-92ef0c3b\" src=\"https:\/\/emea.dev.technetix.com\/wp-content\/uploads\/sites\/2\/2023\/01\/5G_XHAUL_1000X500_FINAL_2.jpeg\" alt=\"\" srcset=\"https:\/\/emea.dev.technetix.com\/wp-content\/uploads\/sites\/2\/2023\/01\/5G_XHAUL_1000X500_FINAL_2.jpeg 1000w, https:\/\/emea.dev.technetix.com\/wp-content\/uploads\/sites\/2\/2023\/01\/5G_XHAUL_1000X500_FINAL_2-300x150.jpeg 300w, https:\/\/emea.dev.technetix.com\/wp-content\/uploads\/sites\/2\/2023\/01\/5G_XHAUL_1000X500_FINAL_2-768x384.jpeg 768w, https:\/\/emea.dev.technetix.com\/wp-content\/uploads\/sites\/2\/2023\/01\/5G_XHAUL_1000X500_FINAL_2-600x300.jpeg 600w\" sizes=\"(max-width: 1000px) 100vw, 1000px\" \/><\/figure>\n\n<h2 class=\"gb-headline gb-headline-8057c017 gb-headline-text\">5G xHaul<\/h2>\n\n<p class=\"gb-headline gb-headline-380a8e6b gb-headline-text\">Technetix bietet Virtuell-Segmentation\u2122, eine virtuelle Glasfaserl\u00f6sung an, die Ihr Netzwerk auf bis zu 10 Gbps erweitert. Sie kann zur Bereitstellung von 5G-Diensten f\u00fcr Kabelnetz- oder Mobilfunkbetreiber genutzt werden.<\/p>\n<\/div><\/div>\n<\/div><\/div><\/div>\n\n<div class=\"gb-grid-column gb-grid-column-0f3a7a2d\"><div class=\"gb-container gb-container-0f3a7a2d image-link-block\"><a class=\"gb-container-link\" href=\"https:\/\/emea.dev.technetix.com\/our-vision\/10-gbps-over-coax-for-businesses\/\"><\/a><div class=\"gb-inside-container\">\n<div class=\"gb-container gb-container-c4ec9969\"><div class=\"gb-inside-container\">\n<figure class=\"gb-block-image gb-block-image-c6378176\"><img loading=\"lazy\" decoding=\"async\" width=\"1000\" height=\"500\" class=\"gb-image gb-image-c6378176\" src=\"https:\/\/emea.dev.technetix.com\/wp-content\/uploads\/sites\/2\/2023\/01\/10G_1000X500_FINAL_1.jpeg\" alt=\"\" srcset=\"https:\/\/emea.dev.technetix.com\/wp-content\/uploads\/sites\/2\/2023\/01\/10G_1000X500_FINAL_1.jpeg 1000w, https:\/\/emea.dev.technetix.com\/wp-content\/uploads\/sites\/2\/2023\/01\/10G_1000X500_FINAL_1-300x150.jpeg 300w, https:\/\/emea.dev.technetix.com\/wp-content\/uploads\/sites\/2\/2023\/01\/10G_1000X500_FINAL_1-768x384.jpeg 768w, https:\/\/emea.dev.technetix.com\/wp-content\/uploads\/sites\/2\/2023\/01\/10G_1000X500_FINAL_1-600x300.jpeg 600w\" sizes=\"(max-width: 1000px) 100vw, 1000px\" \/><\/figure>\n\n<h2 class=\"gb-headline gb-headline-bdf96aa9 gb-headline-text\">10 Gbps \u00fcber Koax f\u00fcr Unternehmen<\/h2>\n\n<p class=\"gb-headline gb-headline-223e14e1 gb-headline-text\">Virtuell-Segmentation\u2122, die virtuelle Glasfaserl\u00f6sung von Technetix, kann Ihr Netzwerk auf bis zu 10 Gbps erweitern und erm\u00f6glicht Ihnen Hochgeschwindigkeitsverbindungen \u00fcber Coax f\u00fcr Unternehmenskunden.<\/p>\n<\/div><\/div>\n<\/div><\/div><\/div>\n\n<div class=\"gb-grid-column gb-grid-column-fa1136ec\"><div class=\"gb-container gb-container-fa1136ec image-link-block\"><a class=\"gb-container-link\" href=\"https:\/\/emea.dev.technetix.com\/our-vision\/distributed-access-architecture\/\"><\/a><div class=\"gb-inside-container\">\n<div class=\"gb-container gb-container-a82b1d77\"><div class=\"gb-inside-container\">\n<figure class=\"gb-block-image gb-block-image-fb958e24\"><img loading=\"lazy\" decoding=\"async\" width=\"1000\" height=\"500\" class=\"gb-image gb-image-fb958e24\" src=\"https:\/\/emea.dev.technetix.com\/wp-content\/uploads\/sites\/2\/2023\/01\/DAA_1000X500_FINAL_1.jpeg\" alt=\"\" srcset=\"https:\/\/emea.dev.technetix.com\/wp-content\/uploads\/sites\/2\/2023\/01\/DAA_1000X500_FINAL_1.jpeg 1000w, https:\/\/emea.dev.technetix.com\/wp-content\/uploads\/sites\/2\/2023\/01\/DAA_1000X500_FINAL_1-300x150.jpeg 300w, https:\/\/emea.dev.technetix.com\/wp-content\/uploads\/sites\/2\/2023\/01\/DAA_1000X500_FINAL_1-768x384.jpeg 768w, https:\/\/emea.dev.technetix.com\/wp-content\/uploads\/sites\/2\/2023\/01\/DAA_1000X500_FINAL_1-600x300.jpeg 600w\" sizes=\"(max-width: 1000px) 100vw, 1000px\" \/><\/figure>\n\n<h2 class=\"gb-headline gb-headline-0dd81281 gb-headline-text\">Distributed-Access-Architecture<\/h2>\n\n<p class=\"gb-headline gb-headline-75c47dac gb-headline-text\">Die Distributed\u2013Access-Architecture (DAA) erm\u00f6glicht die Neupositionierung klassischer Headend-Elemente im Access-Netzwerk f\u00fcr Betreiber, welche die Kapazit\u00e4t ihrer Netzwerke erh\u00f6hen wollen.<\/p>\n<\/div><\/div>\n<\/div><\/div><\/div>\n\n<div class=\"gb-grid-column gb-grid-column-b447ea4f\"><div class=\"gb-container gb-container-b447ea4f image-link-block\"><a class=\"gb-container-link\" href=\"https:\/\/emea.dev.technetix.com\/our-vision\/distributed-gain-architecture\/\"><\/a><div class=\"gb-inside-container\">\n<div class=\"gb-container gb-container-5236316e\"><div class=\"gb-inside-container\">\n<figure class=\"gb-block-image gb-block-image-a10c1c35\"><img loading=\"lazy\" decoding=\"async\" width=\"1000\" height=\"500\" class=\"gb-image gb-image-a10c1c35\" src=\"https:\/\/emea.dev.technetix.com\/wp-content\/uploads\/sites\/2\/2023\/01\/DGA_1000X500_FINAL_2.jpeg\" alt=\"\" srcset=\"https:\/\/emea.dev.technetix.com\/wp-content\/uploads\/sites\/2\/2023\/01\/DGA_1000X500_FINAL_2.jpeg 1000w, https:\/\/emea.dev.technetix.com\/wp-content\/uploads\/sites\/2\/2023\/01\/DGA_1000X500_FINAL_2-300x150.jpeg 300w, https:\/\/emea.dev.technetix.com\/wp-content\/uploads\/sites\/2\/2023\/01\/DGA_1000X500_FINAL_2-768x384.jpeg 768w, https:\/\/emea.dev.technetix.com\/wp-content\/uploads\/sites\/2\/2023\/01\/DGA_1000X500_FINAL_2-600x300.jpeg 600w\" sizes=\"(max-width: 1000px) 100vw, 1000px\" \/><\/figure>\n\n<h2 class=\"gb-headline gb-headline-e4fd00be gb-headline-text\">DELETE<\/h2>\n\n<p class=\"gb-headline gb-headline-5091eee6 gb-headline-text\">DGA erm\u00f6glicht Ihnen, mit weniger Aufwand einen h\u00f6heren Ertrag zu erzielen.<\/p>\n<\/div><\/div>\n<\/div><\/div><\/div>\n\n<div class=\"gb-grid-column gb-grid-column-d52cf903\"><div class=\"gb-container gb-container-d52cf903 image-link-block\"><a class=\"gb-container-link\" href=\"https:\/\/emea.dev.technetix.com\/our-vision\/docsis3-1\/\"><\/a><div class=\"gb-inside-container\">\n<div class=\"gb-container gb-container-40df47fe\"><div class=\"gb-inside-container\">\n<figure class=\"gb-block-image gb-block-image-e59ab004\"><img loading=\"lazy\" decoding=\"async\" width=\"1000\" height=\"500\" class=\"gb-image gb-image-e59ab004\" src=\"https:\/\/emea.dev.technetix.com\/wp-content\/uploads\/sites\/2\/2023\/01\/D31_1000X500_FINAL_2.jpeg\" alt=\"\" srcset=\"https:\/\/emea.dev.technetix.com\/wp-content\/uploads\/sites\/2\/2023\/01\/D31_1000X500_FINAL_2.jpeg 1000w, https:\/\/emea.dev.technetix.com\/wp-content\/uploads\/sites\/2\/2023\/01\/D31_1000X500_FINAL_2-300x150.jpeg 300w, https:\/\/emea.dev.technetix.com\/wp-content\/uploads\/sites\/2\/2023\/01\/D31_1000X500_FINAL_2-768x384.jpeg 768w, https:\/\/emea.dev.technetix.com\/wp-content\/uploads\/sites\/2\/2023\/01\/D31_1000X500_FINAL_2-600x300.jpeg 600w\" sizes=\"(max-width: 1000px) 100vw, 1000px\" \/><\/figure>\n\n<h2 class=\"gb-headline gb-headline-57a4ec89 gb-headline-text\">DOCSIS 3.1<\/h2>\n\n<p class=\"gb-headline gb-headline-9f7b0e46 gb-headline-text\">Die DOCSIS 3.1-Technologie bietet Hochleistungsinternet mit \u00fcberragender Qualit\u00e4t, was f\u00fcr Online-Gaming und Echtzeitanwendungen wie Augmented-Reality und IoT essenziell ist.<\/p>\n<\/div><\/div>\n<\/div><\/div><\/div>\n\n<div class=\"gb-grid-column gb-grid-column-3871cb83\"><div class=\"gb-container gb-container-3871cb83 image-link-block\"><a class=\"gb-container-link\" href=\"https:\/\/emea.dev.technetix.com\/our-vision\/docsis4-0-esd\/\"><\/a><div class=\"gb-inside-container\">\n<div class=\"gb-container gb-container-0e77b9bc\"><div class=\"gb-inside-container\">\n<figure class=\"gb-block-image gb-block-image-28cbb04e\"><img loading=\"lazy\" decoding=\"async\" width=\"1000\" height=\"500\" class=\"gb-image gb-image-28cbb04e\" src=\"https:\/\/emea.dev.technetix.com\/wp-content\/uploads\/sites\/2\/2023\/01\/D4_ESD_1000X500_FINAL_1.jpeg\" alt=\"\" srcset=\"https:\/\/emea.dev.technetix.com\/wp-content\/uploads\/sites\/2\/2023\/01\/D4_ESD_1000X500_FINAL_1.jpeg 1000w, https:\/\/emea.dev.technetix.com\/wp-content\/uploads\/sites\/2\/2023\/01\/D4_ESD_1000X500_FINAL_1-300x150.jpeg 300w, https:\/\/emea.dev.technetix.com\/wp-content\/uploads\/sites\/2\/2023\/01\/D4_ESD_1000X500_FINAL_1-768x384.jpeg 768w, https:\/\/emea.dev.technetix.com\/wp-content\/uploads\/sites\/2\/2023\/01\/D4_ESD_1000X500_FINAL_1-600x300.jpeg 600w\" sizes=\"(max-width: 1000px) 100vw, 1000px\" \/><\/figure>\n\n<h2 class=\"gb-headline gb-headline-aeb3a02c gb-headline-text\">DOCSIS 4.0 ESD<\/h2>\n\n<p class=\"gb-headline gb-headline-f619d067 gb-headline-text\">DOCSIS 4.0 ESD \u2212 DOCSIS mit erweiterter Bandbreite (Extended Spectrum DOCSIS, ESD) unterst\u00fctzt bis zu 1,8 GHz bei gleichzeitiger Trennung des Datenverkehrs im Up- und Downstream.<\/p>\n<\/div><\/div>\n<\/div><\/div><\/div>\n\n<div class=\"gb-grid-column gb-grid-column-abf88640\"><div class=\"gb-container gb-container-abf88640 image-link-block\"><a class=\"gb-container-link\" href=\"https:\/\/emea.dev.technetix.com\/our-vision\/docsis4-0-fdx\/\"><\/a><div class=\"gb-inside-container\">\n<div class=\"gb-container gb-container-ea187d45\"><div class=\"gb-inside-container\">\n<figure class=\"gb-block-image gb-block-image-f8db48f1\"><img loading=\"lazy\" decoding=\"async\" width=\"1000\" height=\"500\" class=\"gb-image gb-image-f8db48f1\" src=\"https:\/\/emea.dev.technetix.com\/wp-content\/uploads\/sites\/2\/2023\/01\/D4_FDX_1000X500_FINAL.jpeg\" alt=\"\" srcset=\"https:\/\/emea.dev.technetix.com\/wp-content\/uploads\/sites\/2\/2023\/01\/D4_FDX_1000X500_FINAL.jpeg 1000w, https:\/\/emea.dev.technetix.com\/wp-content\/uploads\/sites\/2\/2023\/01\/D4_FDX_1000X500_FINAL-300x150.jpeg 300w, https:\/\/emea.dev.technetix.com\/wp-content\/uploads\/sites\/2\/2023\/01\/D4_FDX_1000X500_FINAL-768x384.jpeg 768w, https:\/\/emea.dev.technetix.com\/wp-content\/uploads\/sites\/2\/2023\/01\/D4_FDX_1000X500_FINAL-600x300.jpeg 600w\" sizes=\"(max-width: 1000px) 100vw, 1000px\" \/><\/figure>\n\n<h2 class=\"gb-headline gb-headline-65d13e9f gb-headline-text\">DOCSIS 4.0 FDx<\/h2>\n\n<p class=\"gb-headline gb-headline-b80c3c47 gb-headline-text\">Die DOCSIS 4.0-Technologie erm\u00f6glicht neue Breitbanddienste auf Basis eines vorhandenen HFC-Netzwerks. Der Standard umfasst die Full-Duplex-DOCSIS (FDx)-Technologie, die symmetrische Datenraten mit einer Geschwindigkeit von mehreren Gigabit bereitstellt.<\/p>\n<\/div><\/div>\n<\/div><\/div><\/div>\n\n<div class=\"gb-grid-column gb-grid-column-4d5091f7\"><div class=\"gb-container gb-container-4d5091f7 image-link-block\"><a class=\"gb-container-link\" href=\"https:\/\/emea.dev.technetix.com\/our-vision\/flexi-split\/\"><\/a><div class=\"gb-inside-container\">\n<div class=\"gb-container gb-container-deebfbac\"><div class=\"gb-inside-container\">\n<figure class=\"gb-block-image gb-block-image-07355cb8\"><img loading=\"lazy\" decoding=\"async\" width=\"1000\" height=\"500\" class=\"gb-image gb-image-07355cb8\" src=\"https:\/\/emea.dev.technetix.com\/wp-content\/uploads\/sites\/2\/2023\/01\/FLEXI-SPLIT_1000X500_FINAL_2.jpeg\" alt=\"\" srcset=\"https:\/\/emea.dev.technetix.com\/wp-content\/uploads\/sites\/2\/2023\/01\/FLEXI-SPLIT_1000X500_FINAL_2.jpeg 1000w, https:\/\/emea.dev.technetix.com\/wp-content\/uploads\/sites\/2\/2023\/01\/FLEXI-SPLIT_1000X500_FINAL_2-300x150.jpeg 300w, https:\/\/emea.dev.technetix.com\/wp-content\/uploads\/sites\/2\/2023\/01\/FLEXI-SPLIT_1000X500_FINAL_2-768x384.jpeg 768w, https:\/\/emea.dev.technetix.com\/wp-content\/uploads\/sites\/2\/2023\/01\/FLEXI-SPLIT_1000X500_FINAL_2-600x300.jpeg 600w\" sizes=\"(max-width: 1000px) 100vw, 1000px\" \/><\/figure>\n\n<h2 class=\"gb-headline gb-headline-21eaa8c1 gb-headline-text\">Flexi-Split<\/h2>\n\n<p class=\"gb-headline gb-headline-597d40a6 gb-headline-text\">Bei Verwendung der Flexi-Split-L\u00f6sung von Technetix kann die Frequenzaufteilung zwischen Up- und Downstream ohne Ersatz oder \u00c4nderung der Flexi-Split-Verst\u00e4rker modifiziert werden.<\/p>\n<\/div><\/div>\n<\/div><\/div><\/div>\n\n<div class=\"gb-grid-column gb-grid-column-62994a5b\"><div class=\"gb-container gb-container-62994a5b image-link-block\"><a class=\"gb-container-link\" href=\"https:\/\/emea.dev.technetix.com\/our-vision\/software-defined-networks\/\"><\/a><div class=\"gb-inside-container\">\n<div class=\"gb-container gb-container-72f14b5c\"><div class=\"gb-inside-container\">\n<figure class=\"gb-block-image gb-block-image-19b713e0\"><img loading=\"lazy\" decoding=\"async\" width=\"1000\" height=\"500\" class=\"gb-image gb-image-19b713e0\" src=\"https:\/\/emea.dev.technetix.com\/wp-content\/uploads\/sites\/2\/2023\/01\/SDN_1000X500_FINAL_1.jpeg\" alt=\"\" srcset=\"https:\/\/emea.dev.technetix.com\/wp-content\/uploads\/sites\/2\/2023\/01\/SDN_1000X500_FINAL_1.jpeg 1000w, https:\/\/emea.dev.technetix.com\/wp-content\/uploads\/sites\/2\/2023\/01\/SDN_1000X500_FINAL_1-300x150.jpeg 300w, https:\/\/emea.dev.technetix.com\/wp-content\/uploads\/sites\/2\/2023\/01\/SDN_1000X500_FINAL_1-768x384.jpeg 768w, https:\/\/emea.dev.technetix.com\/wp-content\/uploads\/sites\/2\/2023\/01\/SDN_1000X500_FINAL_1-600x300.jpeg 600w\" sizes=\"(max-width: 1000px) 100vw, 1000px\" \/><\/figure>\n\n<h2 class=\"gb-headline gb-headline-7d02f62a gb-headline-text\">Software-defined Netzwerke<\/h2>\n\n<p class=\"gb-headline gb-headline-d23ae928 gb-headline-text\">Steuern Sie Ihr Netzwerk aus der Ferne und nutzen Sie dazu Software-defined Netzwerkapplikationen zur \u00c4nderung der Ger\u00e4teeinstellungen.<\/p>\n<\/div><\/div>\n<\/div><\/div><\/div>\n<\/div>\n<\/div><div class=\"gb-container gb-container-86061b5f gb-container-con-buttons-bottom\">\n<h2 class=\"gb-headline gb-headline-7ce6fa4b gb-headline-text gb-headline-head-bottom-buttons\">N\u00fctzliche Links<\/h2>\n\n<div class=\"gb-button-wrapper gb-button-wrapper-5300c273 gb-button-wrapper-after-con-buttons\">\n<a class=\"gb-button gb-button-ff3bad62 gb-button-text gb-button-bottom-button\" href=\"https:\/\/emea.dev.technetix.com\/de\/netzwerk-consulting\/\">Netzwerk-Consulting<\/a>\n\n<a class=\"gb-button gb-button-e7a0fe73 gb-button-text gb-button-bottom-button\" href=\"https:\/\/emea.dev.technetix.com\/de\/technetix-akademie\/\">Technetix Akademie<\/a>\n\n<a class=\"gb-button gb-button-5e4e6530 gb-button-text gb-button-bottom-button\" href=\"https:\/\/emea.dev.technetix.com\/de\/hfc-netzwerke\/\">HFC-Netzwerke<\/a>\n\n<a class=\"gb-button gb-button-3eadfa91 gb-button-text gb-button-bottom-button\" href=\"https:\/\/emea.dev.technetix.com\/de\/fttx-netzwerke\/\">FTTx-Netzwerke<\/a>\n\n<a class=\"gb-button gb-button-74bfad52 gb-button-text gb-button-bottom-button\" href=\"https:\/\/emea.dev.technetix.com\/de\/kontakt\/\">Kontakt<\/a>\n<\/div>\n<\/div>","protected":false},"excerpt":{"rendered":"<p>Unsere Vision Technetix will das Unm\u00f6gliche m\u00f6glich machen. Alle Mitglieder unseres Teams konzentrieren sich auf die Entwicklung und Bereitstellung integrierter L\u00f6sungen zur Maximierung der Leistung Ihres Breitbandnetzwerks \u2212 bei gleichzeitiger Senkung der Gesamtbetriebskosten. Wir bieten bahnbrechende Produkte f\u00fcr die Evolution Ihres Breitbandnetzes. N\u00fctzliche Links<\/p>\n","protected":false},"author":1,"featured_media":21613,"parent":0,"menu_order":0,"comment_status":"open","ping_status":"closed","template":"","meta":{"_acf_changed":false,"_gspb_post_css":"","footnotes":""},"class_list":["post-6231","page","type-page","status-publish","has-post-thumbnail"],"yoast_head":"<!-- This site is optimized with the Yoast SEO Premium plugin v22.5 (Yoast SEO v23.7) - https:\/\/yoast.com\/wordpress\/plugins\/seo\/ -->\n<title>Unsere Vision - Technetix EMEA<\/title>\n<meta name=\"robots\" content=\"index, follow, max-snippet:-1, max-image-preview:large, max-video-preview:-1\" \/>\n<link rel=\"canonical\" href=\"https:\/\/emea.dev.technetix.com\/de\/unsere-vision\/\" \/>\n<meta property=\"og:locale\" content=\"de_DE\" \/>\n<meta property=\"og:type\" content=\"article\" \/>\n<meta property=\"og:title\" content=\"Unsere Vision - Technetix EMEA\" \/>\n<meta property=\"og:description\" content=\"Unsere Vision Technetix will das Unm\u00f6gliche m\u00f6glich machen. Alle Mitglieder unseres Teams konzentrieren sich auf die Entwicklung und Bereitstellung integrierter L\u00f6sungen zur Maximierung der Leistung Ihres Breitbandnetzwerks \u2212 bei gleichzeitiger Senkung der Gesamtbetriebskosten. Wir bieten bahnbrechende Produkte f\u00fcr die Evolution Ihres Breitbandnetzes. N\u00fctzliche Links\" \/>\n<meta property=\"og:url\" content=\"https:\/\/emea.dev.technetix.com\/de\/unsere-vision\/\" \/>\n<meta property=\"og:site_name\" content=\"Technetix EMEA\" \/>\n<meta property=\"article:modified_time\" content=\"2023-05-17T10:59:02+00:00\" \/>\n<meta property=\"og:image\" content=\"https:\/\/emea.dev.technetix.com\/wp-content\/uploads\/sites\/2\/2023\/05\/ABOUT_LARGE_VISION_FINAL-1.jpg\" \/>\n\t<meta property=\"og:image:width\" content=\"1920\" \/>\n\t<meta property=\"og:image:height\" content=\"450\" \/>\n\t<meta property=\"og:image:type\" content=\"image\/jpeg\" \/>\n<meta name=\"twitter:card\" content=\"summary_large_image\" \/>\n<meta name=\"twitter:site\" content=\"@technetixgroup\" \/>\n<meta name=\"twitter:label1\" content=\"Gesch\u00e4tzte Lesezeit\" \/>\n\t<meta name=\"twitter:data1\" content=\"3\u00a0Minuten\" \/>\n<script type=\"application\/ld+json\" class=\"yoast-schema-graph\">{\"@context\":\"https:\/\/schema.org\",\"@graph\":[{\"@type\":\"WebPage\",\"@id\":\"https:\/\/emea.dev.technetix.com\/de\/unsere-vision\/\",\"url\":\"https:\/\/emea.dev.technetix.com\/de\/unsere-vision\/\",\"name\":\"Unsere Vision - Technetix EMEA\",\"isPartOf\":{\"@id\":\"https:\/\/emea.dev.technetix.com\/de\/#website\"},\"primaryImageOfPage\":{\"@id\":\"https:\/\/emea.dev.technetix.com\/de\/unsere-vision\/#primaryimage\"},\"image\":{\"@id\":\"https:\/\/emea.dev.technetix.com\/de\/unsere-vision\/#primaryimage\"},\"thumbnailUrl\":\"https:\/\/emea.dev.technetix.com\/wp-content\/uploads\/sites\/2\/2023\/05\/ABOUT_LARGE_VISION_FINAL-1.jpg\",\"datePublished\":\"2023-01-20T17:07:46+00:00\",\"dateModified\":\"2023-05-17T10:59:02+00:00\",\"breadcrumb\":{\"@id\":\"https:\/\/emea.dev.technetix.com\/de\/unsere-vision\/#breadcrumb\"},\"inLanguage\":\"de\",\"potentialAction\":[{\"@type\":\"ReadAction\",\"target\":[\"https:\/\/emea.dev.technetix.com\/de\/unsere-vision\/\"]}]},{\"@type\":\"ImageObject\",\"inLanguage\":\"de\",\"@id\":\"https:\/\/emea.dev.technetix.com\/de\/unsere-vision\/#primaryimage\",\"url\":\"https:\/\/emea.dev.technetix.com\/wp-content\/uploads\/sites\/2\/2023\/05\/ABOUT_LARGE_VISION_FINAL-1.jpg\",\"contentUrl\":\"https:\/\/emea.dev.technetix.com\/wp-content\/uploads\/sites\/2\/2023\/05\/ABOUT_LARGE_VISION_FINAL-1.jpg\",\"width\":1920,\"height\":450},{\"@type\":\"BreadcrumbList\",\"@id\":\"https:\/\/emea.dev.technetix.com\/de\/unsere-vision\/#breadcrumb\",\"itemListElement\":[{\"@type\":\"ListItem\",\"position\":1,\"name\":\"Home\",\"item\":\"https:\/\/emea.dev.technetix.com\/de\/\"},{\"@type\":\"ListItem\",\"position\":2,\"name\":\"Unsere Vision\"}]},{\"@type\":\"WebSite\",\"@id\":\"https:\/\/emea.dev.technetix.com\/de\/#website\",\"url\":\"https:\/\/emea.dev.technetix.com\/de\/\",\"name\":\"Technetix\",\"description\":\"Next-generation broadband equipment engineering\",\"publisher\":{\"@id\":\"https:\/\/emea.dev.technetix.com\/de\/#organization\"},\"potentialAction\":[{\"@type\":\"SearchAction\",\"target\":{\"@type\":\"EntryPoint\",\"urlTemplate\":\"https:\/\/emea.dev.technetix.com\/de\/?s={search_term_string}\"},\"query-input\":{\"@type\":\"PropertyValueSpecification\",\"valueRequired\":true,\"valueName\":\"search_term_string\"}}],\"inLanguage\":\"de\"},{\"@type\":\"Organization\",\"@id\":\"https:\/\/emea.dev.technetix.com\/de\/#organization\",\"name\":\"Technetix\",\"url\":\"https:\/\/emea.dev.technetix.com\/de\/\",\"logo\":{\"@type\":\"ImageObject\",\"inLanguage\":\"de\",\"@id\":\"https:\/\/emea.dev.technetix.com\/de\/#\/schema\/logo\/image\/\",\"url\":\"https:\/\/emea.dev.technetix.com\/wp-content\/uploads\/sites\/2\/2023\/06\/logo-Technetix-1000x1000-1.png\",\"contentUrl\":\"https:\/\/emea.dev.technetix.com\/wp-content\/uploads\/sites\/2\/2023\/06\/logo-Technetix-1000x1000-1.png\",\"width\":1000,\"height\":1000,\"caption\":\"Technetix\"},\"image\":{\"@id\":\"https:\/\/emea.dev.technetix.com\/de\/#\/schema\/logo\/image\/\"},\"sameAs\":[\"https:\/\/x.com\/technetixgroup\",\"https:\/\/www.linkedin.com\/company\/technetix\/\",\"https:\/\/www.youtube.com\/c\/Technetix-group\"]}]}<\/script>\n<!-- \/ Yoast SEO Premium plugin. -->","yoast_head_json":{"title":"Unsere Vision - Technetix EMEA","robots":{"index":"index","follow":"follow","max-snippet":"max-snippet:-1","max-image-preview":"max-image-preview:large","max-video-preview":"max-video-preview:-1"},"canonical":"https:\/\/emea.dev.technetix.com\/de\/unsere-vision\/","og_locale":"de_DE","og_type":"article","og_title":"Unsere Vision - Technetix EMEA","og_description":"Unsere Vision Technetix will das Unm\u00f6gliche m\u00f6glich machen. Alle Mitglieder unseres Teams konzentrieren sich auf die Entwicklung und Bereitstellung integrierter L\u00f6sungen zur Maximierung der Leistung Ihres Breitbandnetzwerks \u2212 bei gleichzeitiger Senkung der Gesamtbetriebskosten. Wir bieten bahnbrechende Produkte f\u00fcr die Evolution Ihres Breitbandnetzes. N\u00fctzliche Links","og_url":"https:\/\/emea.dev.technetix.com\/de\/unsere-vision\/","og_site_name":"Technetix EMEA","article_modified_time":"2023-05-17T10:59:02+00:00","og_image":[{"width":1920,"height":450,"url":"https:\/\/emea.dev.technetix.com\/wp-content\/uploads\/sites\/2\/2023\/05\/ABOUT_LARGE_VISION_FINAL-1.jpg","type":"image\/jpeg"}],"twitter_card":"summary_large_image","twitter_site":"@technetixgroup","twitter_misc":{"Gesch\u00e4tzte Lesezeit":"3\u00a0Minuten"},"schema":{"@context":"https:\/\/schema.org","@graph":[{"@type":"WebPage","@id":"https:\/\/emea.dev.technetix.com\/de\/unsere-vision\/","url":"https:\/\/emea.dev.technetix.com\/de\/unsere-vision\/","name":"Unsere Vision - Technetix EMEA","isPartOf":{"@id":"https:\/\/emea.dev.technetix.com\/de\/#website"},"primaryImageOfPage":{"@id":"https:\/\/emea.dev.technetix.com\/de\/unsere-vision\/#primaryimage"},"image":{"@id":"https:\/\/emea.dev.technetix.com\/de\/unsere-vision\/#primaryimage"},"thumbnailUrl":"https:\/\/emea.dev.technetix.com\/wp-content\/uploads\/sites\/2\/2023\/05\/ABOUT_LARGE_VISION_FINAL-1.jpg","datePublished":"2023-01-20T17:07:46+00:00","dateModified":"2023-05-17T10:59:02+00:00","breadcrumb":{"@id":"https:\/\/emea.dev.technetix.com\/de\/unsere-vision\/#breadcrumb"},"inLanguage":"de","potentialAction":[{"@type":"ReadAction","target":["https:\/\/emea.dev.technetix.com\/de\/unsere-vision\/"]}]},{"@type":"ImageObject","inLanguage":"de","@id":"https:\/\/emea.dev.technetix.com\/de\/unsere-vision\/#primaryimage","url":"https:\/\/emea.dev.technetix.com\/wp-content\/uploads\/sites\/2\/2023\/05\/ABOUT_LARGE_VISION_FINAL-1.jpg","contentUrl":"https:\/\/emea.dev.technetix.com\/wp-content\/uploads\/sites\/2\/2023\/05\/ABOUT_LARGE_VISION_FINAL-1.jpg","width":1920,"height":450},{"@type":"BreadcrumbList","@id":"https:\/\/emea.dev.technetix.com\/de\/unsere-vision\/#breadcrumb","itemListElement":[{"@type":"ListItem","position":1,"name":"Home","item":"https:\/\/emea.dev.technetix.com\/de\/"},{"@type":"ListItem","position":2,"name":"Unsere Vision"}]},{"@type":"WebSite","@id":"https:\/\/emea.dev.technetix.com\/de\/#website","url":"https:\/\/emea.dev.technetix.com\/de\/","name":"Technetix","description":"Next-generation broadband equipment engineering","publisher":{"@id":"https:\/\/emea.dev.technetix.com\/de\/#organization"},"potentialAction":[{"@type":"SearchAction","target":{"@type":"EntryPoint","urlTemplate":"https:\/\/emea.dev.technetix.com\/de\/?s={search_term_string}"},"query-input":{"@type":"PropertyValueSpecification","valueRequired":true,"valueName":"search_term_string"}}],"inLanguage":"de"},{"@type":"Organization","@id":"https:\/\/emea.dev.technetix.com\/de\/#organization","name":"Technetix","url":"https:\/\/emea.dev.technetix.com\/de\/","logo":{"@type":"ImageObject","inLanguage":"de","@id":"https:\/\/emea.dev.technetix.com\/de\/#\/schema\/logo\/image\/","url":"https:\/\/emea.dev.technetix.com\/wp-content\/uploads\/sites\/2\/2023\/06\/logo-Technetix-1000x1000-1.png","contentUrl":"https:\/\/emea.dev.technetix.com\/wp-content\/uploads\/sites\/2\/2023\/06\/logo-Technetix-1000x1000-1.png","width":1000,"height":1000,"caption":"Technetix"},"image":{"@id":"https:\/\/emea.dev.technetix.com\/de\/#\/schema\/logo\/image\/"},"sameAs":["https:\/\/x.com\/technetixgroup","https:\/\/www.linkedin.com\/company\/technetix\/","https:\/\/www.youtube.com\/c\/Technetix-group"]}]}},"acf":[],"publishpress_future_workflow_manual_trigger":{"enabledWorkflows":[]},"_links":{"self":[{"href":"https:\/\/emea.dev.technetix.com\/de\/wp-json\/wp\/v2\/pages\/6231"}],"collection":[{"href":"https:\/\/emea.dev.technetix.com\/de\/wp-json\/wp\/v2\/pages"}],"about":[{"href":"https:\/\/emea.dev.technetix.com\/de\/wp-json\/wp\/v2\/types\/page"}],"author":[{"embeddable":true,"href":"https:\/\/emea.dev.technetix.com\/de\/wp-json\/wp\/v2\/users\/1"}],"replies":[{"embeddable":true,"href":"https:\/\/emea.dev.technetix.com\/de\/wp-json\/wp\/v2\/comments?post=6231"}],"version-history":[{"count":6,"href":"https:\/\/emea.dev.technetix.com\/de\/wp-json\/wp\/v2\/pages\/6231\/revisions"}],"predecessor-version":[{"id":21616,"href":"https:\/\/emea.dev.technetix.com\/de\/wp-json\/wp\/v2\/pages\/6231\/revisions\/21616"}],"wp:featuredmedia":[{"embeddable":true,"href":"https:\/\/emea.dev.technetix.com\/de\/wp-json\/wp\/v2\/media\/21613"}],"wp:attachment":[{"href":"https:\/\/emea.dev.technetix.com\/de\/wp-json\/wp\/v2\/media?parent=6231"}],"curies":[{"name":"wp","href":"https:\/\/api.w.org\/{rel}","templated":true}]}}