{"id":6219,"date":"2023-01-20T17:15:45","date_gmt":"2023-01-20T17:15:45","guid":{"rendered":"https:\/\/emea.dev.technetix.com\/distributed-access-architektur\/"},"modified":"2024-02-08T10:43:08","modified_gmt":"2024-02-08T10:43:08","slug":"distributed-access-architektur","status":"publish","type":"page","link":"https:\/\/emea.dev.technetix.com\/de\/unsere-vision\/distributed-access-architektur\/","title":{"rendered":"Distributed-Access-Architektur"},"content":{"rendered":"<div class=\"gb-container gb-container-f86f3f4f gb-container-hero-banner\"><div class=\"gb-inside-container\"><\/div><\/div><div class=\"gb-container gb-container-507129f5 gb-container-inner-back-page-con\">\n<h1 class=\"gb-headline gb-headline-e1547755 gb-headline-text\">Distributed-Access-Architektur<\/h1>\n\n<h2 class=\"gb-headline gb-headline-d02c52e4 gb-headline-text\">Realisieren Sie die Zukunft \u2212 mit der DBx Distributed-Access-Architektur-Plattform<\/h2>\n\n<ul class=\"wp-block-list\"><li>Mehr Qualit\u00e4t, mehr Kapazit\u00e4t<\/li>\n\n<li>Geringere Leistungsaufnahme<\/li>\n\n<li>Geringere Latenz<\/li>\n\n<li>Die Evolution der Kopfstelle<\/li><\/ul>\n\n<p class=\"gb-headline gb-headline-6656b5c3 gb-headline-text\">Die Distributed\u2013Access-Architektur (DAA) erm\u00f6glicht die Neupositionierung klassischer Kopfstellenelemente im Up- und Downstream. Netzbetreiber, die die Kapazit\u00e4t ihrer koaxialen Netzwerke erh\u00f6hen wollen, k\u00f6nnen nun in entfernten Lokationen 10 Gbps-Datenstr\u00f6me generieren. Die Verf\u00fcgbarkeit von Leistung, Platz und Gr\u00f6\u00dfe der vorhandenen Stra\u00dfenschr\u00e4nke begrenzt die verf\u00fcgbare Anzahl an Optionen f\u00fcr Betreiber, die diesen n\u00e4chsten Evolutionsschritt in ihren Netzwerken einsetzen wollen, deutlich ein. <\/p>\n\n<p class=\"gb-headline gb-headline-623f5b86 gb-headline-text\">Die Vorteile der DBx-Plattform:<\/p>\n\n<ul class=\"wp-block-list\"><li>\u00d6kologisch handeln &#8211; mit einer der leistungsf\u00e4higsten DAA-L\u00f6sungen im Markt<\/li>\n\n<li>Spart bis zu 75 % Energie- und Betriebskosten<\/li>\n\n<li>Vollst\u00e4ndig remote administrier und \u00fcberwachbar<\/li>\n\n<li>Bereits heute installierbar<\/li>\n\n<li>In diversen Konfigurationen verf\u00fcgbar<\/li><\/ul>\n\n<figure class=\"gb-block-image gb-block-image-61e35e7d\"><img loading=\"lazy\" decoding=\"async\" width=\"1920\" height=\"546\" class=\"gb-image gb-image-61e35e7d\" src=\"https:\/\/emea.dev.technetix.com\/wp-content\/uploads\/sites\/2\/2023\/01\/DAA_01_1-1.png\" alt=\"Das Netzwerk von heute \u2212 Centralised Access Architecture (CAA)\" srcset=\"https:\/\/emea.dev.technetix.com\/wp-content\/uploads\/sites\/2\/2023\/01\/DAA_01_1-1.png 1920w, https:\/\/emea.dev.technetix.com\/wp-content\/uploads\/sites\/2\/2023\/01\/DAA_01_1-1-300x85.png 300w, https:\/\/emea.dev.technetix.com\/wp-content\/uploads\/sites\/2\/2023\/01\/DAA_01_1-1-1024x291.png 1024w, https:\/\/emea.dev.technetix.com\/wp-content\/uploads\/sites\/2\/2023\/01\/DAA_01_1-1-768x218.png 768w, https:\/\/emea.dev.technetix.com\/wp-content\/uploads\/sites\/2\/2023\/01\/DAA_01_1-1-1536x437.png 1536w, https:\/\/emea.dev.technetix.com\/wp-content\/uploads\/sites\/2\/2023\/01\/DAA_01_1-1-600x171.png 600w\" sizes=\"(max-width: 1920px) 100vw, 1920px\" \/><\/figure>\n\n<p class=\"gb-headline gb-headline-c9b08205 gb-headline-text gb-headline-image-caption\">Das Netzwerk von heute \u2212 Centralised Access Architecture (CAA)<\/p>\n\n<p class=\"gb-headline gb-headline-275cb132 gb-headline-text\">Die DAA\u2013L\u00f6sung von Technetix erm\u00f6glicht durch geringe Leistungsaufnahme Kostenreduzierungen. Das kompakte Geh\u00e4usedesign erlaubt sogar den Einsatz in Szenarien mit begrenztem Geh\u00e4useplatz.<\/p>\n\n<p class=\"gb-headline gb-headline-579928b5 gb-headline-text\">Das intelligente Design erm\u00f6glicht eine einfache Installation und Wartung, eine Aufr\u00fcstung nimmt nicht mehr als 10 Minuten in Anspruch. Die Plug-and-Play-Aufr\u00fcstung erlaubt einen schnellen und zuverl\u00e4ssigen \u00dcbergang ohne weitere Schulungsanforderungen vor Ort. Die DAA-L\u00f6sung von Technetix ist die smarte, modulare, gr\u00fcne und nachhaltige Wahl f\u00fcr die Aufr\u00fcstung Ihres Netzwerks.  <\/p>\n\n<figure class=\"gb-block-image gb-block-image-f5380205\"><img loading=\"lazy\" decoding=\"async\" width=\"1920\" height=\"546\" class=\"gb-image gb-image-f5380205\" src=\"https:\/\/emea.dev.technetix.com\/wp-content\/uploads\/sites\/2\/2023\/01\/DAA_02_1-1.png\" alt=\"Distributed-Access-Architektur (DAA)\" srcset=\"https:\/\/emea.dev.technetix.com\/wp-content\/uploads\/sites\/2\/2023\/01\/DAA_02_1-1.png 1920w, https:\/\/emea.dev.technetix.com\/wp-content\/uploads\/sites\/2\/2023\/01\/DAA_02_1-1-300x85.png 300w, https:\/\/emea.dev.technetix.com\/wp-content\/uploads\/sites\/2\/2023\/01\/DAA_02_1-1-1024x291.png 1024w, https:\/\/emea.dev.technetix.com\/wp-content\/uploads\/sites\/2\/2023\/01\/DAA_02_1-1-768x218.png 768w, https:\/\/emea.dev.technetix.com\/wp-content\/uploads\/sites\/2\/2023\/01\/DAA_02_1-1-1536x437.png 1536w, https:\/\/emea.dev.technetix.com\/wp-content\/uploads\/sites\/2\/2023\/01\/DAA_02_1-1-600x171.png 600w\" sizes=\"(max-width: 1920px) 100vw, 1920px\" \/><\/figure>\n\n<p class=\"gb-headline gb-headline-399aa230 gb-headline-text gb-headline-image-caption\">Distributed-Access-Architektur (DAA)<\/p>\n\n<p class=\"gb-headline gb-headline-192056aa gb-headline-text\">Bitte <a href=\"https:\/\/emea.dev.technetix.com\/de\/kontakt\/\">kontaktieren<\/a> Sie uns, wenn Sie die DBx-Plattform bereits verwenden und mehr \u00fcber eine Aufr\u00fcstung zu DAA erfahren wollen.<\/p>\n<\/div><div class=\"gb-container gb-container-da9519f0 gb-container-con-buttons-bottom\">\n<h2 class=\"gb-headline gb-headline-7ce6fa4b gb-headline-text gb-headline-head-bottom-buttons\">N\u00fctzliche Links<\/h2>\n\n<div class=\"gb-button-wrapper gb-button-wrapper-5300c273 gb-button-wrapper-after-con-buttons\">\n<a class=\"gb-button gb-button-5e4e6530 gb-button-text gb-button-bottom-button\" href=\"https:\/\/emea.dev.technetix.com\/de\/hfc-netzwerke\/glasfaser-und-daa-nodes\/dbx-daa-losungen\/\">DBx DAA-L\u00f6sungen<\/a>\n\n<a class=\"gb-button gb-button-ff3bad62 gb-button-text gb-button-bottom-button\" href=\"https:\/\/emea.dev.technetix.com\/de\/netzwerk-consulting\/\">Netzwerk-Consulting<\/a>\n\n<a class=\"gb-button gb-button-e7a0fe73 gb-button-text gb-button-bottom-button\" href=\"https:\/\/emea.dev.technetix.com\/de\/technetix-akademie\/\">Technetix Akademie<\/a>\n\n<a class=\"gb-button gb-button-74bfad52 gb-button-text gb-button-bottom-button\" href=\"https:\/\/emea.dev.technetix.com\/de\/kontakt\/\">Kontakt<\/a>\n<\/div>\n<\/div>","protected":false},"excerpt":{"rendered":"<p>Distributed-Access-Architektur Realisieren Sie die Zukunft \u2212 mit der DBx Distributed-Access-Architektur-Plattform Die Distributed\u2013Access-Architektur (DAA) erm\u00f6glicht die Neupositionierung klassischer Kopfstellenelemente im Up- und Downstream. Netzbetreiber, die die Kapazit\u00e4t ihrer koaxialen Netzwerke erh\u00f6hen wollen, k\u00f6nnen nun in entfernten Lokationen 10 Gbps-Datenstr\u00f6me generieren. Die Verf\u00fcgbarkeit von Leistung, Platz und Gr\u00f6\u00dfe der vorhandenen Stra\u00dfenschr\u00e4nke begrenzt die verf\u00fcgbare Anzahl an Optionen &#8230; <a title=\"Distributed-Access-Architektur\" class=\"read-more\" href=\"https:\/\/emea.dev.technetix.com\/de\/unsere-vision\/distributed-access-architektur\/\" aria-label=\"Mehr zu Distributed-Access-Architektur\">Read more<\/a><\/p>\n","protected":false},"author":1,"featured_media":875,"parent":6231,"menu_order":0,"comment_status":"closed","ping_status":"closed","template":"","meta":{"_acf_changed":false,"_gspb_post_css":"","footnotes":""},"class_list":["post-6219","page","type-page","status-publish","has-post-thumbnail"],"yoast_head":"<!-- This site is optimized with the Yoast SEO Premium plugin v22.5 (Yoast SEO v23.7) - https:\/\/yoast.com\/wordpress\/plugins\/seo\/ -->\n<title>Distributed-Access-Architektur - Technetix EMEA<\/title>\n<meta name=\"robots\" content=\"index, follow, max-snippet:-1, max-image-preview:large, max-video-preview:-1\" \/>\n<link rel=\"canonical\" href=\"https:\/\/emea.dev.technetix.com\/de\/unsere-vision\/distributed-access-architektur\/\" \/>\n<meta property=\"og:locale\" content=\"de_DE\" \/>\n<meta property=\"og:type\" content=\"article\" \/>\n<meta property=\"og:title\" content=\"Distributed-Access-Architektur - Technetix EMEA\" \/>\n<meta property=\"og:description\" content=\"Distributed-Access-Architektur Realisieren Sie die Zukunft \u2212 mit der DBx Distributed-Access-Architektur-Plattform Die Distributed\u2013Access-Architektur (DAA) erm\u00f6glicht die Neupositionierung klassischer Kopfstellenelemente im Up- und Downstream. Netzbetreiber, die die Kapazit\u00e4t ihrer koaxialen Netzwerke erh\u00f6hen wollen, k\u00f6nnen nun in entfernten Lokationen 10 Gbps-Datenstr\u00f6me generieren. Die Verf\u00fcgbarkeit von Leistung, Platz und Gr\u00f6\u00dfe der vorhandenen Stra\u00dfenschr\u00e4nke begrenzt die verf\u00fcgbare Anzahl an Optionen ... Read more\" \/>\n<meta property=\"og:url\" content=\"https:\/\/emea.dev.technetix.com\/de\/unsere-vision\/distributed-access-architektur\/\" \/>\n<meta property=\"og:site_name\" content=\"Technetix EMEA\" \/>\n<meta property=\"article:modified_time\" content=\"2024-02-08T10:43:08+00:00\" \/>\n<meta property=\"og:image\" content=\"https:\/\/emea.dev.technetix.com\/wp-content\/uploads\/sites\/2\/2023\/01\/SOLUTIONS_LARGE_DAA_FINAL.jpg\" \/>\n\t<meta property=\"og:image:width\" content=\"1920\" \/>\n\t<meta property=\"og:image:height\" content=\"450\" \/>\n\t<meta property=\"og:image:type\" content=\"image\/jpeg\" \/>\n<meta name=\"twitter:card\" content=\"summary_large_image\" \/>\n<meta name=\"twitter:site\" content=\"@technetixgroup\" \/>\n<meta name=\"twitter:label1\" content=\"Gesch\u00e4tzte Lesezeit\" \/>\n\t<meta name=\"twitter:data1\" content=\"2\u00a0Minuten\" \/>\n<script type=\"application\/ld+json\" class=\"yoast-schema-graph\">{\"@context\":\"https:\/\/schema.org\",\"@graph\":[{\"@type\":\"WebPage\",\"@id\":\"https:\/\/emea.dev.technetix.com\/de\/unsere-vision\/distributed-access-architektur\/\",\"url\":\"https:\/\/emea.dev.technetix.com\/de\/unsere-vision\/distributed-access-architektur\/\",\"name\":\"Distributed-Access-Architektur - Technetix EMEA\",\"isPartOf\":{\"@id\":\"https:\/\/emea.dev.technetix.com\/de\/#website\"},\"primaryImageOfPage\":{\"@id\":\"https:\/\/emea.dev.technetix.com\/de\/unsere-vision\/distributed-access-architektur\/#primaryimage\"},\"image\":{\"@id\":\"https:\/\/emea.dev.technetix.com\/de\/unsere-vision\/distributed-access-architektur\/#primaryimage\"},\"thumbnailUrl\":\"https:\/\/emea.dev.technetix.com\/wp-content\/uploads\/sites\/2\/2023\/01\/SOLUTIONS_LARGE_DAA_FINAL.jpg\",\"datePublished\":\"2023-01-20T17:15:45+00:00\",\"dateModified\":\"2024-02-08T10:43:08+00:00\",\"breadcrumb\":{\"@id\":\"https:\/\/emea.dev.technetix.com\/de\/unsere-vision\/distributed-access-architektur\/#breadcrumb\"},\"inLanguage\":\"de\",\"potentialAction\":[{\"@type\":\"ReadAction\",\"target\":[\"https:\/\/emea.dev.technetix.com\/de\/unsere-vision\/distributed-access-architektur\/\"]}]},{\"@type\":\"ImageObject\",\"inLanguage\":\"de\",\"@id\":\"https:\/\/emea.dev.technetix.com\/de\/unsere-vision\/distributed-access-architektur\/#primaryimage\",\"url\":\"https:\/\/emea.dev.technetix.com\/wp-content\/uploads\/sites\/2\/2023\/01\/SOLUTIONS_LARGE_DAA_FINAL.jpg\",\"contentUrl\":\"https:\/\/emea.dev.technetix.com\/wp-content\/uploads\/sites\/2\/2023\/01\/SOLUTIONS_LARGE_DAA_FINAL.jpg\",\"width\":1920,\"height\":450},{\"@type\":\"BreadcrumbList\",\"@id\":\"https:\/\/emea.dev.technetix.com\/de\/unsere-vision\/distributed-access-architektur\/#breadcrumb\",\"itemListElement\":[{\"@type\":\"ListItem\",\"position\":1,\"name\":\"Home\",\"item\":\"https:\/\/emea.dev.technetix.com\/de\/\"},{\"@type\":\"ListItem\",\"position\":2,\"name\":\"Unsere Vision\",\"item\":\"https:\/\/emea.dev.technetix.com\/de\/unsere-vision\/\"},{\"@type\":\"ListItem\",\"position\":3,\"name\":\"Distributed-Access-Architektur\"}]},{\"@type\":\"WebSite\",\"@id\":\"https:\/\/emea.dev.technetix.com\/de\/#website\",\"url\":\"https:\/\/emea.dev.technetix.com\/de\/\",\"name\":\"Technetix\",\"description\":\"Next-generation broadband equipment engineering\",\"publisher\":{\"@id\":\"https:\/\/emea.dev.technetix.com\/de\/#organization\"},\"potentialAction\":[{\"@type\":\"SearchAction\",\"target\":{\"@type\":\"EntryPoint\",\"urlTemplate\":\"https:\/\/emea.dev.technetix.com\/de\/?s={search_term_string}\"},\"query-input\":{\"@type\":\"PropertyValueSpecification\",\"valueRequired\":true,\"valueName\":\"search_term_string\"}}],\"inLanguage\":\"de\"},{\"@type\":\"Organization\",\"@id\":\"https:\/\/emea.dev.technetix.com\/de\/#organization\",\"name\":\"Technetix\",\"url\":\"https:\/\/emea.dev.technetix.com\/de\/\",\"logo\":{\"@type\":\"ImageObject\",\"inLanguage\":\"de\",\"@id\":\"https:\/\/emea.dev.technetix.com\/de\/#\/schema\/logo\/image\/\",\"url\":\"https:\/\/emea.dev.technetix.com\/wp-content\/uploads\/sites\/2\/2023\/06\/logo-Technetix-1000x1000-1.png\",\"contentUrl\":\"https:\/\/emea.dev.technetix.com\/wp-content\/uploads\/sites\/2\/2023\/06\/logo-Technetix-1000x1000-1.png\",\"width\":1000,\"height\":1000,\"caption\":\"Technetix\"},\"image\":{\"@id\":\"https:\/\/emea.dev.technetix.com\/de\/#\/schema\/logo\/image\/\"},\"sameAs\":[\"https:\/\/x.com\/technetixgroup\",\"https:\/\/www.linkedin.com\/company\/technetix\/\",\"https:\/\/www.youtube.com\/c\/Technetix-group\"]}]}<\/script>\n<!-- \/ Yoast SEO Premium plugin. -->","yoast_head_json":{"title":"Distributed-Access-Architektur - Technetix EMEA","robots":{"index":"index","follow":"follow","max-snippet":"max-snippet:-1","max-image-preview":"max-image-preview:large","max-video-preview":"max-video-preview:-1"},"canonical":"https:\/\/emea.dev.technetix.com\/de\/unsere-vision\/distributed-access-architektur\/","og_locale":"de_DE","og_type":"article","og_title":"Distributed-Access-Architektur - Technetix EMEA","og_description":"Distributed-Access-Architektur Realisieren Sie die Zukunft \u2212 mit der DBx Distributed-Access-Architektur-Plattform Die Distributed\u2013Access-Architektur (DAA) erm\u00f6glicht die Neupositionierung klassischer Kopfstellenelemente im Up- und Downstream. Netzbetreiber, die die Kapazit\u00e4t ihrer koaxialen Netzwerke erh\u00f6hen wollen, k\u00f6nnen nun in entfernten Lokationen 10 Gbps-Datenstr\u00f6me generieren. Die Verf\u00fcgbarkeit von Leistung, Platz und Gr\u00f6\u00dfe der vorhandenen Stra\u00dfenschr\u00e4nke begrenzt die verf\u00fcgbare Anzahl an Optionen ... Read more","og_url":"https:\/\/emea.dev.technetix.com\/de\/unsere-vision\/distributed-access-architektur\/","og_site_name":"Technetix EMEA","article_modified_time":"2024-02-08T10:43:08+00:00","og_image":[{"width":1920,"height":450,"url":"https:\/\/emea.dev.technetix.com\/wp-content\/uploads\/sites\/2\/2023\/01\/SOLUTIONS_LARGE_DAA_FINAL.jpg","type":"image\/jpeg"}],"twitter_card":"summary_large_image","twitter_site":"@technetixgroup","twitter_misc":{"Gesch\u00e4tzte Lesezeit":"2\u00a0Minuten"},"schema":{"@context":"https:\/\/schema.org","@graph":[{"@type":"WebPage","@id":"https:\/\/emea.dev.technetix.com\/de\/unsere-vision\/distributed-access-architektur\/","url":"https:\/\/emea.dev.technetix.com\/de\/unsere-vision\/distributed-access-architektur\/","name":"Distributed-Access-Architektur - Technetix EMEA","isPartOf":{"@id":"https:\/\/emea.dev.technetix.com\/de\/#website"},"primaryImageOfPage":{"@id":"https:\/\/emea.dev.technetix.com\/de\/unsere-vision\/distributed-access-architektur\/#primaryimage"},"image":{"@id":"https:\/\/emea.dev.technetix.com\/de\/unsere-vision\/distributed-access-architektur\/#primaryimage"},"thumbnailUrl":"https:\/\/emea.dev.technetix.com\/wp-content\/uploads\/sites\/2\/2023\/01\/SOLUTIONS_LARGE_DAA_FINAL.jpg","datePublished":"2023-01-20T17:15:45+00:00","dateModified":"2024-02-08T10:43:08+00:00","breadcrumb":{"@id":"https:\/\/emea.dev.technetix.com\/de\/unsere-vision\/distributed-access-architektur\/#breadcrumb"},"inLanguage":"de","potentialAction":[{"@type":"ReadAction","target":["https:\/\/emea.dev.technetix.com\/de\/unsere-vision\/distributed-access-architektur\/"]}]},{"@type":"ImageObject","inLanguage":"de","@id":"https:\/\/emea.dev.technetix.com\/de\/unsere-vision\/distributed-access-architektur\/#primaryimage","url":"https:\/\/emea.dev.technetix.com\/wp-content\/uploads\/sites\/2\/2023\/01\/SOLUTIONS_LARGE_DAA_FINAL.jpg","contentUrl":"https:\/\/emea.dev.technetix.com\/wp-content\/uploads\/sites\/2\/2023\/01\/SOLUTIONS_LARGE_DAA_FINAL.jpg","width":1920,"height":450},{"@type":"BreadcrumbList","@id":"https:\/\/emea.dev.technetix.com\/de\/unsere-vision\/distributed-access-architektur\/#breadcrumb","itemListElement":[{"@type":"ListItem","position":1,"name":"Home","item":"https:\/\/emea.dev.technetix.com\/de\/"},{"@type":"ListItem","position":2,"name":"Unsere Vision","item":"https:\/\/emea.dev.technetix.com\/de\/unsere-vision\/"},{"@type":"ListItem","position":3,"name":"Distributed-Access-Architektur"}]},{"@type":"WebSite","@id":"https:\/\/emea.dev.technetix.com\/de\/#website","url":"https:\/\/emea.dev.technetix.com\/de\/","name":"Technetix","description":"Next-generation broadband equipment engineering","publisher":{"@id":"https:\/\/emea.dev.technetix.com\/de\/#organization"},"potentialAction":[{"@type":"SearchAction","target":{"@type":"EntryPoint","urlTemplate":"https:\/\/emea.dev.technetix.com\/de\/?s={search_term_string}"},"query-input":{"@type":"PropertyValueSpecification","valueRequired":true,"valueName":"search_term_string"}}],"inLanguage":"de"},{"@type":"Organization","@id":"https:\/\/emea.dev.technetix.com\/de\/#organization","name":"Technetix","url":"https:\/\/emea.dev.technetix.com\/de\/","logo":{"@type":"ImageObject","inLanguage":"de","@id":"https:\/\/emea.dev.technetix.com\/de\/#\/schema\/logo\/image\/","url":"https:\/\/emea.dev.technetix.com\/wp-content\/uploads\/sites\/2\/2023\/06\/logo-Technetix-1000x1000-1.png","contentUrl":"https:\/\/emea.dev.technetix.com\/wp-content\/uploads\/sites\/2\/2023\/06\/logo-Technetix-1000x1000-1.png","width":1000,"height":1000,"caption":"Technetix"},"image":{"@id":"https:\/\/emea.dev.technetix.com\/de\/#\/schema\/logo\/image\/"},"sameAs":["https:\/\/x.com\/technetixgroup","https:\/\/www.linkedin.com\/company\/technetix\/","https:\/\/www.youtube.com\/c\/Technetix-group"]}]}},"acf":[],"publishpress_future_workflow_manual_trigger":{"enabledWorkflows":[]},"_links":{"self":[{"href":"https:\/\/emea.dev.technetix.com\/de\/wp-json\/wp\/v2\/pages\/6219"}],"collection":[{"href":"https:\/\/emea.dev.technetix.com\/de\/wp-json\/wp\/v2\/pages"}],"about":[{"href":"https:\/\/emea.dev.technetix.com\/de\/wp-json\/wp\/v2\/types\/page"}],"author":[{"embeddable":true,"href":"https:\/\/emea.dev.technetix.com\/de\/wp-json\/wp\/v2\/users\/1"}],"replies":[{"embeddable":true,"href":"https:\/\/emea.dev.technetix.com\/de\/wp-json\/wp\/v2\/comments?post=6219"}],"version-history":[{"count":4,"href":"https:\/\/emea.dev.technetix.com\/de\/wp-json\/wp\/v2\/pages\/6219\/revisions"}],"predecessor-version":[{"id":262913,"href":"https:\/\/emea.dev.technetix.com\/de\/wp-json\/wp\/v2\/pages\/6219\/revisions\/262913"}],"up":[{"embeddable":true,"href":"https:\/\/emea.dev.technetix.com\/de\/wp-json\/wp\/v2\/pages\/6231"}],"wp:featuredmedia":[{"embeddable":true,"href":"https:\/\/emea.dev.technetix.com\/de\/wp-json\/wp\/v2\/media\/875"}],"wp:attachment":[{"href":"https:\/\/emea.dev.technetix.com\/de\/wp-json\/wp\/v2\/media?parent=6219"}],"curies":[{"name":"wp","href":"https:\/\/api.w.org\/{rel}","templated":true}]}}