{"id":6179,"date":"2023-01-31T23:16:53","date_gmt":"2023-01-31T23:16:53","guid":{"rendered":"https:\/\/emea.dev.technetix.com\/dna-1800\/"},"modified":"2024-06-13T09:49:52","modified_gmt":"2024-06-13T09:49:52","slug":"dna-1800-15","status":"publish","type":"page","link":"https:\/\/emea.dev.technetix.com\/de\/hfc-netzwerke\/access-verstarker\/dna-1800-15\/","title":{"rendered":"DNA-1800-15"},"content":{"rendered":"<div class=\"gb-container gb-container-f86f3f4f gb-container-hero-banner\"><div class=\"gb-inside-container\">\n<h1 class=\"gb-headline gb-headline-e1547755 gb-headline-text gb-headline-hero-banner-title\">DNA-1800-15<\/h1>\n<\/div><\/div><div class=\"gb-container gb-container-d0b48f42 gb-container-inner-back-page-con\">\n<h2 class=\"gb-headline gb-headline-d02c52e4 gb-headline-text\">Wir haben eine Verst\u00e4rker-L\u00f6sung f\u00fcr Ihr Kabelnetzwerk entwickelt, die den gesamten Frequenzbereich nutzt. Der Frequenzbereich ist derma\u00dfen flexibel, dass er jederzeit angepasst werden kann und den Datenverkehr im Upstream und Downstream ausgleicht. <\/h2>\n\n<p class=\"gb-headline gb-headline-6656b5c3 gb-headline-text\">Unser Verst\u00e4rker des Typs DNA-1800-15 wird die Welt der Kabelnetzwerke ver\u00e4ndern. In Verbindung mit der Flexi-Split-Technologie ist er einfach zu integrieren \u2013 und f\u00fcr k\u00fcnftige \u00c4nderungen des Teilungsverh\u00e4ltnisses sind keine Aufr\u00fcstungen erforderlich. <\/p>\n\n<figure class=\"gb-block-image gb-block-image-61e35e7d\"><img loading=\"lazy\" decoding=\"async\" width=\"400\" height=\"250\" class=\"gb-image gb-image-61e35e7d\" src=\"https:\/\/emea.dev.technetix.com\/wp-content\/uploads\/sites\/2\/2023\/01\/2020-Diamond-Technology-Reviews-Broadband-Technology-report-logo-1.png\" alt=\"Broadband Technology Report 5 Diamanten f\u00fcr den DNA-1800\" srcset=\"https:\/\/emea.dev.technetix.com\/wp-content\/uploads\/sites\/2\/2023\/01\/2020-Diamond-Technology-Reviews-Broadband-Technology-report-logo-1.png 400w, https:\/\/emea.dev.technetix.com\/wp-content\/uploads\/sites\/2\/2023\/01\/2020-Diamond-Technology-Reviews-Broadband-Technology-report-logo-1-300x188.png 300w\" sizes=\"(max-width: 400px) 100vw, 400px\" \/><\/figure>\n<\/div><div class=\"gb-container gb-container-31efa0d6\" id=\"DOCSIS\"><div class=\"gb-inside-container\">\n<div class=\"gb-container gb-container-a6d7ad58 gb-container-back-page\"><div class=\"gb-inside-container\">\n<div class=\"gb-grid-wrapper gb-grid-wrapper-eae54bc3\">\n<div class=\"gb-grid-column gb-grid-column-af7ccfa3\"><div class=\"gb-container gb-container-af7ccfa3\"><div class=\"gb-inside-container\">\n<figure class=\"gb-block-image gb-block-image-ed0c3143\"><img loading=\"lazy\" decoding=\"async\" width=\"1000\" height=\"1000\" class=\"gb-image gb-image-ed0c3143\" src=\"https:\/\/emea.dev.technetix.com\/wp-content\/uploads\/sites\/2\/2024\/05\/19014585_DNA-1800-15_PRFL_01.png\" alt=\"\" title=\"19014585_DNA-1800-15_PRFL_01\" srcset=\"https:\/\/emea.dev.technetix.com\/wp-content\/uploads\/sites\/2\/2024\/05\/19014585_DNA-1800-15_PRFL_01.png 1000w, https:\/\/emea.dev.technetix.com\/wp-content\/uploads\/sites\/2\/2024\/05\/19014585_DNA-1800-15_PRFL_01-300x300.png 300w, https:\/\/emea.dev.technetix.com\/wp-content\/uploads\/sites\/2\/2024\/05\/19014585_DNA-1800-15_PRFL_01-150x150.png 150w, https:\/\/emea.dev.technetix.com\/wp-content\/uploads\/sites\/2\/2024\/05\/19014585_DNA-1800-15_PRFL_01-768x768.png 768w, https:\/\/emea.dev.technetix.com\/wp-content\/uploads\/sites\/2\/2024\/05\/19014585_DNA-1800-15_PRFL_01-600x600.png 600w, https:\/\/emea.dev.technetix.com\/wp-content\/uploads\/sites\/2\/2024\/05\/19014585_DNA-1800-15_PRFL_01-100x100.png 100w\" sizes=\"(max-width: 1000px) 100vw, 1000px\" \/><\/figure>\n<\/div><\/div><\/div>\n\n<div class=\"gb-grid-column gb-grid-column-ac79aa6c\"><div class=\"gb-container gb-container-ac79aa6c\"><div class=\"gb-inside-container\">\n<ul class=\"has-white-color has-text-color wp-block-list\"><li>30 % weniger Leistungsaufnahme im Vergleich zu klassischen Netzwerken<\/li>\n\n<li>Ein Betrieb mit weniger Leistungsaufnahme steht auch f\u00fcr geringere Temperaturen, l\u00e4ngere Lebensdauer und geringere Betriebskosten<\/li>\n\n<li>Downstream-Verst\u00e4rkung bis 1,8 GHz<\/li>\n\n<li>Upstream-Verst\u00e4rkung bis 684 MHz<\/li><\/ul>\n\n<p class=\"gb-headline gb-headline-b759ddfa gb-headline-text\">Full Duplex DOCSIS, Flexi-Split DOCSIS oder DOCSIS mit erweitertem Spektrum \u2013 alles ist m\u00f6glich.<\/p>\n<\/div><\/div><\/div>\n<\/div>\n<\/div><\/div>\n<\/div><\/div><div class=\"gb-container gb-container-42fefd7e gb-container-con-buttons-bottom\">\n<h2 class=\"gb-headline gb-headline-536b31d9 gb-headline-text gb-headline-head-bottom-buttons\">N\u00fctzliche Links<\/h2>\n\n<div class=\"gb-button-wrapper gb-button-wrapper-9eaa7be7 gb-button-wrapper-after-con-buttons\">\n<a class=\"gb-button gb-button-a060ef0e gb-button-text gb-button-bottom-button\" href=\"https:\/\/docs.dev.technetix.com\/datasheets\/19014585_DNA-1800-15_DS_EN.pdf\" target=\"_blank\" rel=\"noopener noreferrer\">Datenblatt<\/a>\n\n<a class=\"gb-button gb-button-b4c94d54 gb-button-text gb-button-bottom-button\" href=\"https:\/\/emea.dev.technetix.com\/wp-content\/uploads\/sites\/2\/2023\/02\/DNx_WP_EN.pdf\" target=\"_blank\" rel=\"noopener noreferrer\">White paper<\/a>\n\n<a class=\"gb-button gb-button-8c820af4 gb-button-text gb-button-bottom-button\" href=\"https:\/\/www.broadbandtechreport.com\/docsis\/article\/14184173\/technetix-group-ltd-direction-neutral-amplifier-5-diamonds\" target=\"_blank\" rel=\"noopener noreferrer\">In der Presse<\/a>\n\n<a class=\"gb-button gb-button-bb2d35d4 gb-button-text gb-button-bottom-button\" href=\"https:\/\/emea.dev.technetix.com\/de\/kontakt\/\">Kontakt<\/a>\n<\/div>\n<\/div>","protected":false},"excerpt":{"rendered":"<p>DNA-1800-15 Wir haben eine Verst\u00e4rker-L\u00f6sung f\u00fcr Ihr Kabelnetzwerk entwickelt, die den gesamten Frequenzbereich nutzt. Der Frequenzbereich ist derma\u00dfen flexibel, dass er jederzeit angepasst werden kann und den Datenverkehr im Upstream und Downstream ausgleicht. Unser Verst\u00e4rker des Typs DNA-1800-15 wird die Welt der Kabelnetzwerke ver\u00e4ndern. In Verbindung mit der Flexi-Split-Technologie ist er einfach zu integrieren \u2013 &#8230; <a title=\"DNA-1800-15\" class=\"read-more\" href=\"https:\/\/emea.dev.technetix.com\/de\/hfc-netzwerke\/access-verstarker\/dna-1800-15\/\" aria-label=\"Mehr zu DNA-1800-15\">Read more<\/a><\/p>\n","protected":false},"author":1,"featured_media":394744,"parent":6174,"menu_order":0,"comment_status":"closed","ping_status":"closed","template":"","meta":{"_acf_changed":false,"_gspb_post_css":"","footnotes":""},"class_list":["post-6179","page","type-page","status-publish","has-post-thumbnail"],"yoast_head":"<!-- This site is optimized with the Yoast SEO Premium plugin v22.5 (Yoast SEO v23.7) - https:\/\/yoast.com\/wordpress\/plugins\/seo\/ -->\n<title>DNA-1800-15 - Technetix EMEA<\/title>\n<meta name=\"robots\" content=\"index, follow, max-snippet:-1, max-image-preview:large, max-video-preview:-1\" \/>\n<link rel=\"canonical\" href=\"https:\/\/emea.dev.technetix.com\/de\/hfc-netzwerke\/access-verstarker\/dna-1800-15\/\" \/>\n<meta property=\"og:locale\" content=\"de_DE\" \/>\n<meta property=\"og:type\" content=\"article\" \/>\n<meta property=\"og:title\" content=\"DNA-1800-15 - Technetix EMEA\" \/>\n<meta property=\"og:description\" content=\"DNA-1800-15 Wir haben eine Verst\u00e4rker-L\u00f6sung f\u00fcr Ihr Kabelnetzwerk entwickelt, die den gesamten Frequenzbereich nutzt. Der Frequenzbereich ist derma\u00dfen flexibel, dass er jederzeit angepasst werden kann und den Datenverkehr im Upstream und Downstream ausgleicht. Unser Verst\u00e4rker des Typs DNA-1800-15 wird die Welt der Kabelnetzwerke ver\u00e4ndern. In Verbindung mit der Flexi-Split-Technologie ist er einfach zu integrieren \u2013 ... Read more\" \/>\n<meta property=\"og:url\" content=\"https:\/\/emea.dev.technetix.com\/de\/hfc-netzwerke\/access-verstarker\/dna-1800-15\/\" \/>\n<meta property=\"og:site_name\" content=\"Technetix EMEA\" \/>\n<meta property=\"article:modified_time\" content=\"2024-06-13T09:49:52+00:00\" \/>\n<meta property=\"og:image\" content=\"https:\/\/emea.dev.technetix.com\/wp-content\/uploads\/sites\/2\/2024\/05\/DNA-1800-15-1920X450_BANNER.jpg\" \/>\n\t<meta property=\"og:image:width\" content=\"1920\" \/>\n\t<meta property=\"og:image:height\" content=\"450\" \/>\n\t<meta property=\"og:image:type\" content=\"image\/jpeg\" \/>\n<meta name=\"twitter:card\" content=\"summary_large_image\" \/>\n<meta name=\"twitter:site\" content=\"@technetixgroup\" \/>\n<meta name=\"twitter:label1\" content=\"Gesch\u00e4tzte Lesezeit\" \/>\n\t<meta name=\"twitter:data1\" content=\"2\u00a0Minuten\" \/>\n<script type=\"application\/ld+json\" class=\"yoast-schema-graph\">{\"@context\":\"https:\/\/schema.org\",\"@graph\":[{\"@type\":\"WebPage\",\"@id\":\"https:\/\/emea.dev.technetix.com\/de\/hfc-netzwerke\/access-verstarker\/dna-1800-15\/\",\"url\":\"https:\/\/emea.dev.technetix.com\/de\/hfc-netzwerke\/access-verstarker\/dna-1800-15\/\",\"name\":\"DNA-1800-15 - Technetix EMEA\",\"isPartOf\":{\"@id\":\"https:\/\/emea.dev.technetix.com\/de\/#website\"},\"primaryImageOfPage\":{\"@id\":\"https:\/\/emea.dev.technetix.com\/de\/hfc-netzwerke\/access-verstarker\/dna-1800-15\/#primaryimage\"},\"image\":{\"@id\":\"https:\/\/emea.dev.technetix.com\/de\/hfc-netzwerke\/access-verstarker\/dna-1800-15\/#primaryimage\"},\"thumbnailUrl\":\"https:\/\/emea.dev.technetix.com\/wp-content\/uploads\/sites\/2\/2024\/05\/DNA-1800-15-1920X450_BANNER.jpg\",\"datePublished\":\"2023-01-31T23:16:53+00:00\",\"dateModified\":\"2024-06-13T09:49:52+00:00\",\"breadcrumb\":{\"@id\":\"https:\/\/emea.dev.technetix.com\/de\/hfc-netzwerke\/access-verstarker\/dna-1800-15\/#breadcrumb\"},\"inLanguage\":\"de\",\"potentialAction\":[{\"@type\":\"ReadAction\",\"target\":[\"https:\/\/emea.dev.technetix.com\/de\/hfc-netzwerke\/access-verstarker\/dna-1800-15\/\"]}]},{\"@type\":\"ImageObject\",\"inLanguage\":\"de\",\"@id\":\"https:\/\/emea.dev.technetix.com\/de\/hfc-netzwerke\/access-verstarker\/dna-1800-15\/#primaryimage\",\"url\":\"https:\/\/emea.dev.technetix.com\/wp-content\/uploads\/sites\/2\/2024\/05\/DNA-1800-15-1920X450_BANNER.jpg\",\"contentUrl\":\"https:\/\/emea.dev.technetix.com\/wp-content\/uploads\/sites\/2\/2024\/05\/DNA-1800-15-1920X450_BANNER.jpg\",\"width\":1920,\"height\":450},{\"@type\":\"BreadcrumbList\",\"@id\":\"https:\/\/emea.dev.technetix.com\/de\/hfc-netzwerke\/access-verstarker\/dna-1800-15\/#breadcrumb\",\"itemListElement\":[{\"@type\":\"ListItem\",\"position\":1,\"name\":\"Home\",\"item\":\"https:\/\/emea.dev.technetix.com\/de\/\"},{\"@type\":\"ListItem\",\"position\":2,\"name\":\"Breitband Kabel\",\"item\":\"https:\/\/emea.dev.technetix.com\/de\/hfc-netzwerke\/\"},{\"@type\":\"ListItem\",\"position\":3,\"name\":\"Access-Verst\u00e4rker\",\"item\":\"https:\/\/emea.dev.technetix.com\/de\/hfc-netzwerke\/access-verstarker\/\"},{\"@type\":\"ListItem\",\"position\":4,\"name\":\"DNA-1800-15\"}]},{\"@type\":\"WebSite\",\"@id\":\"https:\/\/emea.dev.technetix.com\/de\/#website\",\"url\":\"https:\/\/emea.dev.technetix.com\/de\/\",\"name\":\"Technetix\",\"description\":\"Next-generation broadband equipment engineering\",\"publisher\":{\"@id\":\"https:\/\/emea.dev.technetix.com\/de\/#organization\"},\"potentialAction\":[{\"@type\":\"SearchAction\",\"target\":{\"@type\":\"EntryPoint\",\"urlTemplate\":\"https:\/\/emea.dev.technetix.com\/de\/?s={search_term_string}\"},\"query-input\":{\"@type\":\"PropertyValueSpecification\",\"valueRequired\":true,\"valueName\":\"search_term_string\"}}],\"inLanguage\":\"de\"},{\"@type\":\"Organization\",\"@id\":\"https:\/\/emea.dev.technetix.com\/de\/#organization\",\"name\":\"Technetix\",\"url\":\"https:\/\/emea.dev.technetix.com\/de\/\",\"logo\":{\"@type\":\"ImageObject\",\"inLanguage\":\"de\",\"@id\":\"https:\/\/emea.dev.technetix.com\/de\/#\/schema\/logo\/image\/\",\"url\":\"https:\/\/emea.dev.technetix.com\/wp-content\/uploads\/sites\/2\/2023\/06\/logo-Technetix-1000x1000-1.png\",\"contentUrl\":\"https:\/\/emea.dev.technetix.com\/wp-content\/uploads\/sites\/2\/2023\/06\/logo-Technetix-1000x1000-1.png\",\"width\":1000,\"height\":1000,\"caption\":\"Technetix\"},\"image\":{\"@id\":\"https:\/\/emea.dev.technetix.com\/de\/#\/schema\/logo\/image\/\"},\"sameAs\":[\"https:\/\/x.com\/technetixgroup\",\"https:\/\/www.linkedin.com\/company\/technetix\/\",\"https:\/\/www.youtube.com\/c\/Technetix-group\"]}]}<\/script>\n<!-- \/ Yoast SEO Premium plugin. -->","yoast_head_json":{"title":"DNA-1800-15 - Technetix EMEA","robots":{"index":"index","follow":"follow","max-snippet":"max-snippet:-1","max-image-preview":"max-image-preview:large","max-video-preview":"max-video-preview:-1"},"canonical":"https:\/\/emea.dev.technetix.com\/de\/hfc-netzwerke\/access-verstarker\/dna-1800-15\/","og_locale":"de_DE","og_type":"article","og_title":"DNA-1800-15 - Technetix EMEA","og_description":"DNA-1800-15 Wir haben eine Verst\u00e4rker-L\u00f6sung f\u00fcr Ihr Kabelnetzwerk entwickelt, die den gesamten Frequenzbereich nutzt. Der Frequenzbereich ist derma\u00dfen flexibel, dass er jederzeit angepasst werden kann und den Datenverkehr im Upstream und Downstream ausgleicht. Unser Verst\u00e4rker des Typs DNA-1800-15 wird die Welt der Kabelnetzwerke ver\u00e4ndern. In Verbindung mit der Flexi-Split-Technologie ist er einfach zu integrieren \u2013 ... Read more","og_url":"https:\/\/emea.dev.technetix.com\/de\/hfc-netzwerke\/access-verstarker\/dna-1800-15\/","og_site_name":"Technetix EMEA","article_modified_time":"2024-06-13T09:49:52+00:00","og_image":[{"width":1920,"height":450,"url":"https:\/\/emea.dev.technetix.com\/wp-content\/uploads\/sites\/2\/2024\/05\/DNA-1800-15-1920X450_BANNER.jpg","type":"image\/jpeg"}],"twitter_card":"summary_large_image","twitter_site":"@technetixgroup","twitter_misc":{"Gesch\u00e4tzte Lesezeit":"2\u00a0Minuten"},"schema":{"@context":"https:\/\/schema.org","@graph":[{"@type":"WebPage","@id":"https:\/\/emea.dev.technetix.com\/de\/hfc-netzwerke\/access-verstarker\/dna-1800-15\/","url":"https:\/\/emea.dev.technetix.com\/de\/hfc-netzwerke\/access-verstarker\/dna-1800-15\/","name":"DNA-1800-15 - Technetix EMEA","isPartOf":{"@id":"https:\/\/emea.dev.technetix.com\/de\/#website"},"primaryImageOfPage":{"@id":"https:\/\/emea.dev.technetix.com\/de\/hfc-netzwerke\/access-verstarker\/dna-1800-15\/#primaryimage"},"image":{"@id":"https:\/\/emea.dev.technetix.com\/de\/hfc-netzwerke\/access-verstarker\/dna-1800-15\/#primaryimage"},"thumbnailUrl":"https:\/\/emea.dev.technetix.com\/wp-content\/uploads\/sites\/2\/2024\/05\/DNA-1800-15-1920X450_BANNER.jpg","datePublished":"2023-01-31T23:16:53+00:00","dateModified":"2024-06-13T09:49:52+00:00","breadcrumb":{"@id":"https:\/\/emea.dev.technetix.com\/de\/hfc-netzwerke\/access-verstarker\/dna-1800-15\/#breadcrumb"},"inLanguage":"de","potentialAction":[{"@type":"ReadAction","target":["https:\/\/emea.dev.technetix.com\/de\/hfc-netzwerke\/access-verstarker\/dna-1800-15\/"]}]},{"@type":"ImageObject","inLanguage":"de","@id":"https:\/\/emea.dev.technetix.com\/de\/hfc-netzwerke\/access-verstarker\/dna-1800-15\/#primaryimage","url":"https:\/\/emea.dev.technetix.com\/wp-content\/uploads\/sites\/2\/2024\/05\/DNA-1800-15-1920X450_BANNER.jpg","contentUrl":"https:\/\/emea.dev.technetix.com\/wp-content\/uploads\/sites\/2\/2024\/05\/DNA-1800-15-1920X450_BANNER.jpg","width":1920,"height":450},{"@type":"BreadcrumbList","@id":"https:\/\/emea.dev.technetix.com\/de\/hfc-netzwerke\/access-verstarker\/dna-1800-15\/#breadcrumb","itemListElement":[{"@type":"ListItem","position":1,"name":"Home","item":"https:\/\/emea.dev.technetix.com\/de\/"},{"@type":"ListItem","position":2,"name":"Breitband Kabel","item":"https:\/\/emea.dev.technetix.com\/de\/hfc-netzwerke\/"},{"@type":"ListItem","position":3,"name":"Access-Verst\u00e4rker","item":"https:\/\/emea.dev.technetix.com\/de\/hfc-netzwerke\/access-verstarker\/"},{"@type":"ListItem","position":4,"name":"DNA-1800-15"}]},{"@type":"WebSite","@id":"https:\/\/emea.dev.technetix.com\/de\/#website","url":"https:\/\/emea.dev.technetix.com\/de\/","name":"Technetix","description":"Next-generation broadband equipment engineering","publisher":{"@id":"https:\/\/emea.dev.technetix.com\/de\/#organization"},"potentialAction":[{"@type":"SearchAction","target":{"@type":"EntryPoint","urlTemplate":"https:\/\/emea.dev.technetix.com\/de\/?s={search_term_string}"},"query-input":{"@type":"PropertyValueSpecification","valueRequired":true,"valueName":"search_term_string"}}],"inLanguage":"de"},{"@type":"Organization","@id":"https:\/\/emea.dev.technetix.com\/de\/#organization","name":"Technetix","url":"https:\/\/emea.dev.technetix.com\/de\/","logo":{"@type":"ImageObject","inLanguage":"de","@id":"https:\/\/emea.dev.technetix.com\/de\/#\/schema\/logo\/image\/","url":"https:\/\/emea.dev.technetix.com\/wp-content\/uploads\/sites\/2\/2023\/06\/logo-Technetix-1000x1000-1.png","contentUrl":"https:\/\/emea.dev.technetix.com\/wp-content\/uploads\/sites\/2\/2023\/06\/logo-Technetix-1000x1000-1.png","width":1000,"height":1000,"caption":"Technetix"},"image":{"@id":"https:\/\/emea.dev.technetix.com\/de\/#\/schema\/logo\/image\/"},"sameAs":["https:\/\/x.com\/technetixgroup","https:\/\/www.linkedin.com\/company\/technetix\/","https:\/\/www.youtube.com\/c\/Technetix-group"]}]}},"acf":[],"publishpress_future_workflow_manual_trigger":{"enabledWorkflows":[]},"_links":{"self":[{"href":"https:\/\/emea.dev.technetix.com\/de\/wp-json\/wp\/v2\/pages\/6179"}],"collection":[{"href":"https:\/\/emea.dev.technetix.com\/de\/wp-json\/wp\/v2\/pages"}],"about":[{"href":"https:\/\/emea.dev.technetix.com\/de\/wp-json\/wp\/v2\/types\/page"}],"author":[{"embeddable":true,"href":"https:\/\/emea.dev.technetix.com\/de\/wp-json\/wp\/v2\/users\/1"}],"replies":[{"embeddable":true,"href":"https:\/\/emea.dev.technetix.com\/de\/wp-json\/wp\/v2\/comments?post=6179"}],"version-history":[{"count":9,"href":"https:\/\/emea.dev.technetix.com\/de\/wp-json\/wp\/v2\/pages\/6179\/revisions"}],"predecessor-version":[{"id":437175,"href":"https:\/\/emea.dev.technetix.com\/de\/wp-json\/wp\/v2\/pages\/6179\/revisions\/437175"}],"up":[{"embeddable":true,"href":"https:\/\/emea.dev.technetix.com\/de\/wp-json\/wp\/v2\/pages\/6174"}],"wp:featuredmedia":[{"embeddable":true,"href":"https:\/\/emea.dev.technetix.com\/de\/wp-json\/wp\/v2\/media\/394744"}],"wp:attachment":[{"href":"https:\/\/emea.dev.technetix.com\/de\/wp-json\/wp\/v2\/media?parent=6179"}],"curies":[{"name":"wp","href":"https:\/\/api.w.org\/{rel}","templated":true}]}}