{"id":6154,"date":"2023-01-19T19:16:54","date_gmt":"2023-01-19T19:16:54","guid":{"rendered":"https:\/\/emea.dev.technetix.com\/werkzeuge-und-zubehor\/"},"modified":"2023-08-01T08:24:40","modified_gmt":"2023-08-01T08:24:40","slug":"werkzeuge-und-zubehor","status":"publish","type":"page","link":"https:\/\/emea.dev.technetix.com\/de\/hfc-netzwerke\/werkzeuge-und-zubehor\/","title":{"rendered":"Werkzeuge und Zubeh\u00f6r"},"content":{"rendered":"<div class=\"gb-container gb-container-f86f3f4f gb-container-hero-banner\"><div class=\"gb-inside-container\">\n<h1 class=\"gb-headline gb-headline-e1547755 gb-headline-text gb-headline-hero-banner-title\">Werkzeuge und Zubeh\u00f6r<\/h1>\n<\/div><\/div><div class=\"gb-container gb-container-2f016f87 gb-container-con-centered-header\">\n<h2 class=\"gb-headline gb-headline-d02c52e4 gb-headline-text\">Alles, was Sie f\u00fcr Ihre Techniker vor Ort ben\u00f6tigen.<\/h2>\n<\/div><div class=\"gb-container gb-container-3070dded gb-container-wide-back-page-con\">\n<div class=\"gb-grid-wrapper gb-grid-wrapper-53f55656\">\n<div class=\"gb-grid-column gb-grid-column-111762de\"><div class=\"gb-container gb-container-111762de image-link-block\"><a class=\"gb-container-link\" href=\"https:\/\/emea.dev.technetix.com\/de\/produkte\/lieferketten-services\/testausrustung-2\/\"><\/a><div class=\"gb-inside-container\">\n<div class=\"gb-container gb-container-c51a427e\"><div class=\"gb-inside-container\">\n<figure class=\"gb-block-image gb-block-image-92ef0c3b\"><img loading=\"lazy\" decoding=\"async\" width=\"1000\" height=\"500\" class=\"gb-image gb-image-92ef0c3b\" src=\"https:\/\/emea.dev.technetix.com\/wp-content\/uploads\/sites\/2\/2023\/07\/100_analysers.png\" alt=\"\" title=\"100_analysers\" srcset=\"https:\/\/emea.dev.technetix.com\/wp-content\/uploads\/sites\/2\/2023\/07\/100_analysers.png 1000w, https:\/\/emea.dev.technetix.com\/wp-content\/uploads\/sites\/2\/2023\/07\/100_analysers-300x150.png 300w, https:\/\/emea.dev.technetix.com\/wp-content\/uploads\/sites\/2\/2023\/07\/100_analysers-768x384.png 768w, https:\/\/emea.dev.technetix.com\/wp-content\/uploads\/sites\/2\/2023\/07\/100_analysers-600x300.png 600w\" sizes=\"(max-width: 1000px) 100vw, 1000px\" \/><\/figure>\n\n<h2 class=\"gb-headline gb-headline-8057c017 gb-headline-text\">Analyzer<\/h2>\n\n<p class=\"gb-headline gb-headline-380a8e6b gb-headline-text\">Multifunktionale Instrumente zur Unterst\u00fctzung digitaler QAM- und analoger Signale in einem Kabel-TV-Netzwerk.<br><\/p>\n<\/div><\/div>\n<\/div><\/div><\/div>\n\n<div class=\"gb-grid-column gb-grid-column-2424d82a\"><div class=\"gb-container gb-container-2424d82a image-link-block\"><div class=\"gb-inside-container\">\n<figure class=\"gb-block-image gb-block-image-9283621c\"><img loading=\"lazy\" decoding=\"async\" width=\"1000\" height=\"500\" class=\"gb-image gb-image-9283621c\" src=\"https:\/\/emea.dev.technetix.com\/wp-content\/uploads\/sites\/2\/2023\/01\/101_cble-prep-tools.png\" alt=\"Werkzeuge zur Kabelvorbereitung - Technetix offeriert eine gro\u00dfe Anzahl von Werkzeugen f\u00fchrender Hersteller \u2212 einschlie\u00dflich Ripley und Corning \u2212 zur Kabelabmantelung, zur Kabelabl\u00e4ngung und f\u00fcr Crimp-Anwendungen\" srcset=\"https:\/\/emea.dev.technetix.com\/wp-content\/uploads\/sites\/2\/2023\/01\/101_cble-prep-tools.png 1000w, https:\/\/emea.dev.technetix.com\/wp-content\/uploads\/sites\/2\/2023\/01\/101_cble-prep-tools-300x150.png 300w, https:\/\/emea.dev.technetix.com\/wp-content\/uploads\/sites\/2\/2023\/01\/101_cble-prep-tools-768x384.png 768w, https:\/\/emea.dev.technetix.com\/wp-content\/uploads\/sites\/2\/2023\/01\/101_cble-prep-tools-600x300.png 600w\" sizes=\"(max-width: 1000px) 100vw, 1000px\" \/><\/figure>\n\n<h2 class=\"gb-headline gb-headline-a5bea52c gb-headline-text\">Werkzeuge zur Kabelvorbereitung<\/h2>\n\n<p class=\"gb-headline gb-headline-1b078bb3 gb-headline-text\">Technetix offeriert eine gro\u00dfe Anzahl von Werkzeugen f\u00fchrender Hersteller \u2212 einschlie\u00dflich Ripley und Corning \u2212 zur Kabelabmantelung, zur Kabelabl\u00e4ngung und f\u00fcr Crimp-Anwendungen.<\/p>\n\n<div class=\"gb-button-wrapper gb-button-wrapper-7480a20b\">\n<span class=\"gb-button gb-button-5a46f3c1 gb-button-text centre-buttons popup-buttons popmake-6437\">Kontakt<\/span>\n<\/div>\n<\/div><\/div><\/div>\n\n<div class=\"gb-grid-column gb-grid-column-345946e4\"><div class=\"gb-container gb-container-345946e4 image-link-block\"><div class=\"gb-inside-container\">\n<figure class=\"gb-block-image gb-block-image-53de6e75\"><img loading=\"lazy\" decoding=\"async\" width=\"1000\" height=\"500\" class=\"gb-image gb-image-53de6e75\" src=\"https:\/\/emea.dev.technetix.com\/wp-content\/uploads\/sites\/2\/2023\/01\/102_hand-tools.png\" alt=\"Manuelle Werkzeuge - Ein komplettes Portfolio an Werkzeugen f\u00fcr die Kabelinstallation einschlie\u00dflich Drehmomentschl\u00fcssel, Kabel-Zugentlastungen und arretierender Abschl\u00fcsse bis zu Presswerkzeugen\" srcset=\"https:\/\/emea.dev.technetix.com\/wp-content\/uploads\/sites\/2\/2023\/01\/102_hand-tools.png 1000w, https:\/\/emea.dev.technetix.com\/wp-content\/uploads\/sites\/2\/2023\/01\/102_hand-tools-300x150.png 300w, https:\/\/emea.dev.technetix.com\/wp-content\/uploads\/sites\/2\/2023\/01\/102_hand-tools-768x384.png 768w, https:\/\/emea.dev.technetix.com\/wp-content\/uploads\/sites\/2\/2023\/01\/102_hand-tools-600x300.png 600w\" sizes=\"(max-width: 1000px) 100vw, 1000px\" \/><\/figure>\n\n<h2 class=\"gb-headline gb-headline-ca51e75e gb-headline-text\">Manuelle Werkzeuge<\/h2>\n\n<p class=\"gb-headline gb-headline-08f02836 gb-headline-text\">Ein komplettes Portfolio an Werkzeugen f\u00fcr die Kabelinstallation einschlie\u00dflich Drehmomentschl\u00fcssel, Kabel-Zugentlastungen und arretierender Abschl\u00fcsse bis zu Presswerkzeugen.<\/p>\n\n<div class=\"gb-button-wrapper gb-button-wrapper-254dccb3\">\n<span class=\"gb-button gb-button-94b05f41 gb-button-text centre-buttons popup-buttons popmake-6438\">Kontakt<\/span>\n<\/div>\n<\/div><\/div><\/div>\n\n<div class=\"gb-grid-column gb-grid-column-b0a47f93\"><div class=\"gb-container gb-container-b0a47f93 image-link-block\"><div class=\"gb-inside-container\">\n<figure class=\"gb-block-image gb-block-image-51cb115b\"><img loading=\"lazy\" decoding=\"async\" width=\"1000\" height=\"500\" class=\"gb-image gb-image-51cb115b\" src=\"https:\/\/emea.dev.technetix.com\/wp-content\/uploads\/sites\/2\/2023\/01\/103_batteries.png\" alt=\"Ladezubeh\u00f6r und Batterien - Erh\u00f6hen Sie den Lagerbestand an Batteriepacks, Netzteilen und Batterien\" srcset=\"https:\/\/emea.dev.technetix.com\/wp-content\/uploads\/sites\/2\/2023\/01\/103_batteries.png 1000w, https:\/\/emea.dev.technetix.com\/wp-content\/uploads\/sites\/2\/2023\/01\/103_batteries-300x150.png 300w, https:\/\/emea.dev.technetix.com\/wp-content\/uploads\/sites\/2\/2023\/01\/103_batteries-768x384.png 768w, https:\/\/emea.dev.technetix.com\/wp-content\/uploads\/sites\/2\/2023\/01\/103_batteries-600x300.png 600w\" sizes=\"(max-width: 1000px) 100vw, 1000px\" \/><\/figure>\n\n<h2 class=\"gb-headline gb-headline-3a400a7e gb-headline-text\">Ladezubeh\u00f6r und Batterien<\/h2>\n\n<p class=\"gb-headline gb-headline-f604b4f6 gb-headline-text\">Erh\u00f6hen Sie den Lagerbestand an Batteriepacks, Netzteilen und Batterien.<\/p>\n\n<div class=\"gb-button-wrapper gb-button-wrapper-cd5b4233\">\n<span class=\"gb-button gb-button-cff64731 gb-button-text centre-buttons popup-buttons popmake-6439\">Kontakt<\/span>\n<\/div>\n<\/div><\/div><\/div>\n\n<div class=\"gb-grid-column gb-grid-column-7a82d27c\"><div class=\"gb-container gb-container-7a82d27c image-link-block\"><div class=\"gb-inside-container\">\n<figure class=\"gb-block-image gb-block-image-e36710d2\"><img loading=\"lazy\" decoding=\"async\" width=\"1000\" height=\"500\" class=\"gb-image gb-image-e36710d2\" src=\"https:\/\/emea.dev.technetix.com\/wp-content\/uploads\/sites\/2\/2023\/01\/104_duct-and-trunking.png\" alt=\"Leitungen und Kan\u00e4le - Kan\u00e4le und Abschl\u00fcsse in verschiedenen Gr\u00f6\u00dfen, zus\u00e4tzlich zu flexiblen Leitungen\" srcset=\"https:\/\/emea.dev.technetix.com\/wp-content\/uploads\/sites\/2\/2023\/01\/104_duct-and-trunking.png 1000w, https:\/\/emea.dev.technetix.com\/wp-content\/uploads\/sites\/2\/2023\/01\/104_duct-and-trunking-300x150.png 300w, https:\/\/emea.dev.technetix.com\/wp-content\/uploads\/sites\/2\/2023\/01\/104_duct-and-trunking-768x384.png 768w, https:\/\/emea.dev.technetix.com\/wp-content\/uploads\/sites\/2\/2023\/01\/104_duct-and-trunking-600x300.png 600w\" sizes=\"(max-width: 1000px) 100vw, 1000px\" \/><\/figure>\n\n<h2 class=\"gb-headline gb-headline-336b3e53 gb-headline-text\">Leitungen und Kan\u00e4le<\/h2>\n\n<p class=\"gb-headline gb-headline-d78754a0 gb-headline-text\">Kan\u00e4le und Abschl\u00fcsse in verschiedenen Gr\u00f6\u00dfen, zus\u00e4tzlich zu flexiblen Leitungen.<\/p>\n\n<div class=\"gb-button-wrapper gb-button-wrapper-517a613c\">\n<span class=\"gb-button gb-button-675c5da1 gb-button-text centre-buttons popup-buttons popmake-6440\">Kontakt<\/span>\n<\/div>\n<\/div><\/div><\/div>\n\n<div class=\"gb-grid-column gb-grid-column-7b20bceb\"><div class=\"gb-container gb-container-7b20bceb image-link-block\"><div class=\"gb-inside-container\">\n<figure class=\"gb-block-image gb-block-image-0e103afe\"><img loading=\"lazy\" decoding=\"async\" width=\"1000\" height=\"500\" class=\"gb-image gb-image-0e103afe\" src=\"https:\/\/emea.dev.technetix.com\/wp-content\/uploads\/sites\/2\/2023\/01\/105_2501.png\" alt=\"Befestigungsmaterial - Das Portfolio umfasst Schrauben, Kabelbinder und selbstverschweissendes Band.\" srcset=\"https:\/\/emea.dev.technetix.com\/wp-content\/uploads\/sites\/2\/2023\/01\/105_2501.png 1000w, https:\/\/emea.dev.technetix.com\/wp-content\/uploads\/sites\/2\/2023\/01\/105_2501-300x150.png 300w, https:\/\/emea.dev.technetix.com\/wp-content\/uploads\/sites\/2\/2023\/01\/105_2501-768x384.png 768w, https:\/\/emea.dev.technetix.com\/wp-content\/uploads\/sites\/2\/2023\/01\/105_2501-600x300.png 600w\" sizes=\"(max-width: 1000px) 100vw, 1000px\" \/><\/figure>\n\n<h2 class=\"gb-headline gb-headline-6ad1f6d2 gb-headline-text\">Befestigungsmaterial<\/h2>\n\n<p class=\"gb-headline gb-headline-3e47e3c4 gb-headline-text\">Das Portfolio umfasst Schrauben, Kabelbinder und selbstverschweissendes Band.<\/p>\n\n<div class=\"gb-button-wrapper gb-button-wrapper-da97a1a6\">\n<span class=\"gb-button gb-button-72f6fdd0 gb-button-text centre-buttons popup-buttons popmake-6441\">Kontakt<\/span>\n<\/div>\n<\/div><\/div><\/div>\n\n<div class=\"gb-grid-column gb-grid-column-bb59f3e6\"><div class=\"gb-container gb-container-bb59f3e6 image-link-block\"><div class=\"gb-inside-container\">\n<figure class=\"gb-block-image gb-block-image-a5aad459\"><img loading=\"lazy\" decoding=\"async\" width=\"1000\" height=\"500\" class=\"gb-image gb-image-a5aad459\" src=\"https:\/\/emea.dev.technetix.com\/wp-content\/uploads\/sites\/2\/2023\/01\/106_accessories.png\" alt=\"Zubeh\u00f6r - Technetix offeriert ein Portfolio an Markierungsfarben, Schmiermitteln und Reinigungsmaterialien\" srcset=\"https:\/\/emea.dev.technetix.com\/wp-content\/uploads\/sites\/2\/2023\/01\/106_accessories.png 1000w, https:\/\/emea.dev.technetix.com\/wp-content\/uploads\/sites\/2\/2023\/01\/106_accessories-300x150.png 300w, https:\/\/emea.dev.technetix.com\/wp-content\/uploads\/sites\/2\/2023\/01\/106_accessories-768x384.png 768w, https:\/\/emea.dev.technetix.com\/wp-content\/uploads\/sites\/2\/2023\/01\/106_accessories-600x300.png 600w\" sizes=\"(max-width: 1000px) 100vw, 1000px\" \/><\/figure>\n\n<h2 class=\"gb-headline gb-headline-20fb64ae gb-headline-text\">Zubeh\u00f6r<\/h2>\n\n<p class=\"gb-headline gb-headline-793da80a gb-headline-text\">Technetix offeriert ein Portfolio an Markierungsfarben, Schmiermitteln und Reinigungsmaterialien.<\/p>\n\n<div class=\"gb-button-wrapper gb-button-wrapper-b84ce6d8\">\n<span class=\"gb-button gb-button-65cfe0d3 gb-button-text centre-buttons popup-buttons popmake-6442\">Kontakt<\/span>\n<\/div>\n<\/div><\/div><\/div>\n<\/div>\n<\/div>","protected":false},"excerpt":{"rendered":"<p>Werkzeuge und Zubeh\u00f6r Alles, was Sie f\u00fcr Ihre Techniker vor Ort ben\u00f6tigen.<\/p>\n","protected":false},"author":1,"featured_media":22371,"parent":6162,"menu_order":0,"comment_status":"open","ping_status":"open","template":"","meta":{"_acf_changed":false,"_gspb_post_css":"","footnotes":""},"class_list":["post-6154","page","type-page","status-publish","has-post-thumbnail"],"yoast_head":"<!-- This site is optimized with the Yoast SEO Premium plugin v22.5 (Yoast SEO v23.7) - https:\/\/yoast.com\/wordpress\/plugins\/seo\/ -->\n<title>Werkzeuge und Zubeh\u00f6r - Technetix EMEA<\/title>\n<meta name=\"robots\" content=\"index, follow, max-snippet:-1, max-image-preview:large, max-video-preview:-1\" \/>\n<link rel=\"canonical\" href=\"https:\/\/emea.dev.technetix.com\/de\/hfc-netzwerke\/werkzeuge-und-zubehor\/\" \/>\n<meta property=\"og:locale\" content=\"de_DE\" \/>\n<meta property=\"og:type\" content=\"article\" \/>\n<meta property=\"og:title\" content=\"Werkzeuge und Zubeh\u00f6r - Technetix EMEA\" \/>\n<meta property=\"og:description\" content=\"Werkzeuge und Zubeh\u00f6r Alles, was Sie f\u00fcr Ihre Techniker vor Ort ben\u00f6tigen.\" \/>\n<meta property=\"og:url\" content=\"https:\/\/emea.dev.technetix.com\/de\/hfc-netzwerke\/werkzeuge-und-zubehor\/\" \/>\n<meta property=\"og:site_name\" content=\"Technetix EMEA\" \/>\n<meta property=\"article:modified_time\" content=\"2023-08-01T08:24:40+00:00\" \/>\n<meta property=\"og:image\" content=\"https:\/\/emea.dev.technetix.com\/wp-content\/uploads\/sites\/2\/2023\/07\/PRODUCTS_LARGE_TOOLS_FINAL.jpg\" \/>\n\t<meta property=\"og:image:width\" content=\"1920\" \/>\n\t<meta property=\"og:image:height\" content=\"450\" \/>\n\t<meta property=\"og:image:type\" content=\"image\/jpeg\" \/>\n<meta name=\"twitter:card\" content=\"summary_large_image\" \/>\n<meta name=\"twitter:site\" content=\"@technetixgroup\" \/>\n<meta name=\"twitter:label1\" content=\"Gesch\u00e4tzte Lesezeit\" \/>\n\t<meta name=\"twitter:data1\" content=\"2\u00a0Minuten\" \/>\n<script type=\"application\/ld+json\" class=\"yoast-schema-graph\">{\"@context\":\"https:\/\/schema.org\",\"@graph\":[{\"@type\":\"WebPage\",\"@id\":\"https:\/\/emea.dev.technetix.com\/de\/hfc-netzwerke\/werkzeuge-und-zubehor\/\",\"url\":\"https:\/\/emea.dev.technetix.com\/de\/hfc-netzwerke\/werkzeuge-und-zubehor\/\",\"name\":\"Werkzeuge und Zubeh\u00f6r - Technetix EMEA\",\"isPartOf\":{\"@id\":\"https:\/\/emea.dev.technetix.com\/de\/#website\"},\"primaryImageOfPage\":{\"@id\":\"https:\/\/emea.dev.technetix.com\/de\/hfc-netzwerke\/werkzeuge-und-zubehor\/#primaryimage\"},\"image\":{\"@id\":\"https:\/\/emea.dev.technetix.com\/de\/hfc-netzwerke\/werkzeuge-und-zubehor\/#primaryimage\"},\"thumbnailUrl\":\"https:\/\/emea.dev.technetix.com\/wp-content\/uploads\/sites\/2\/2023\/07\/PRODUCTS_LARGE_TOOLS_FINAL.jpg\",\"datePublished\":\"2023-01-19T19:16:54+00:00\",\"dateModified\":\"2023-08-01T08:24:40+00:00\",\"breadcrumb\":{\"@id\":\"https:\/\/emea.dev.technetix.com\/de\/hfc-netzwerke\/werkzeuge-und-zubehor\/#breadcrumb\"},\"inLanguage\":\"de\",\"potentialAction\":[{\"@type\":\"ReadAction\",\"target\":[\"https:\/\/emea.dev.technetix.com\/de\/hfc-netzwerke\/werkzeuge-und-zubehor\/\"]}]},{\"@type\":\"ImageObject\",\"inLanguage\":\"de\",\"@id\":\"https:\/\/emea.dev.technetix.com\/de\/hfc-netzwerke\/werkzeuge-und-zubehor\/#primaryimage\",\"url\":\"https:\/\/emea.dev.technetix.com\/wp-content\/uploads\/sites\/2\/2023\/07\/PRODUCTS_LARGE_TOOLS_FINAL.jpg\",\"contentUrl\":\"https:\/\/emea.dev.technetix.com\/wp-content\/uploads\/sites\/2\/2023\/07\/PRODUCTS_LARGE_TOOLS_FINAL.jpg\",\"width\":1920,\"height\":450},{\"@type\":\"BreadcrumbList\",\"@id\":\"https:\/\/emea.dev.technetix.com\/de\/hfc-netzwerke\/werkzeuge-und-zubehor\/#breadcrumb\",\"itemListElement\":[{\"@type\":\"ListItem\",\"position\":1,\"name\":\"Home\",\"item\":\"https:\/\/emea.dev.technetix.com\/de\/\"},{\"@type\":\"ListItem\",\"position\":2,\"name\":\"Breitband Kabel\",\"item\":\"https:\/\/emea.dev.technetix.com\/de\/hfc-netzwerke\/\"},{\"@type\":\"ListItem\",\"position\":3,\"name\":\"Werkzeuge und Zubeh\u00f6r\"}]},{\"@type\":\"WebSite\",\"@id\":\"https:\/\/emea.dev.technetix.com\/de\/#website\",\"url\":\"https:\/\/emea.dev.technetix.com\/de\/\",\"name\":\"Technetix\",\"description\":\"Next-generation broadband equipment engineering\",\"publisher\":{\"@id\":\"https:\/\/emea.dev.technetix.com\/de\/#organization\"},\"potentialAction\":[{\"@type\":\"SearchAction\",\"target\":{\"@type\":\"EntryPoint\",\"urlTemplate\":\"https:\/\/emea.dev.technetix.com\/de\/?s={search_term_string}\"},\"query-input\":{\"@type\":\"PropertyValueSpecification\",\"valueRequired\":true,\"valueName\":\"search_term_string\"}}],\"inLanguage\":\"de\"},{\"@type\":\"Organization\",\"@id\":\"https:\/\/emea.dev.technetix.com\/de\/#organization\",\"name\":\"Technetix\",\"url\":\"https:\/\/emea.dev.technetix.com\/de\/\",\"logo\":{\"@type\":\"ImageObject\",\"inLanguage\":\"de\",\"@id\":\"https:\/\/emea.dev.technetix.com\/de\/#\/schema\/logo\/image\/\",\"url\":\"https:\/\/emea.dev.technetix.com\/wp-content\/uploads\/sites\/2\/2023\/06\/logo-Technetix-1000x1000-1.png\",\"contentUrl\":\"https:\/\/emea.dev.technetix.com\/wp-content\/uploads\/sites\/2\/2023\/06\/logo-Technetix-1000x1000-1.png\",\"width\":1000,\"height\":1000,\"caption\":\"Technetix\"},\"image\":{\"@id\":\"https:\/\/emea.dev.technetix.com\/de\/#\/schema\/logo\/image\/\"},\"sameAs\":[\"https:\/\/x.com\/technetixgroup\",\"https:\/\/www.linkedin.com\/company\/technetix\/\",\"https:\/\/www.youtube.com\/c\/Technetix-group\"]}]}<\/script>\n<!-- \/ Yoast SEO Premium plugin. -->","yoast_head_json":{"title":"Werkzeuge und Zubeh\u00f6r - Technetix EMEA","robots":{"index":"index","follow":"follow","max-snippet":"max-snippet:-1","max-image-preview":"max-image-preview:large","max-video-preview":"max-video-preview:-1"},"canonical":"https:\/\/emea.dev.technetix.com\/de\/hfc-netzwerke\/werkzeuge-und-zubehor\/","og_locale":"de_DE","og_type":"article","og_title":"Werkzeuge und Zubeh\u00f6r - Technetix EMEA","og_description":"Werkzeuge und Zubeh\u00f6r Alles, was Sie f\u00fcr Ihre Techniker vor Ort ben\u00f6tigen.","og_url":"https:\/\/emea.dev.technetix.com\/de\/hfc-netzwerke\/werkzeuge-und-zubehor\/","og_site_name":"Technetix EMEA","article_modified_time":"2023-08-01T08:24:40+00:00","og_image":[{"width":1920,"height":450,"url":"https:\/\/emea.dev.technetix.com\/wp-content\/uploads\/sites\/2\/2023\/07\/PRODUCTS_LARGE_TOOLS_FINAL.jpg","type":"image\/jpeg"}],"twitter_card":"summary_large_image","twitter_site":"@technetixgroup","twitter_misc":{"Gesch\u00e4tzte Lesezeit":"2\u00a0Minuten"},"schema":{"@context":"https:\/\/schema.org","@graph":[{"@type":"WebPage","@id":"https:\/\/emea.dev.technetix.com\/de\/hfc-netzwerke\/werkzeuge-und-zubehor\/","url":"https:\/\/emea.dev.technetix.com\/de\/hfc-netzwerke\/werkzeuge-und-zubehor\/","name":"Werkzeuge und Zubeh\u00f6r - Technetix EMEA","isPartOf":{"@id":"https:\/\/emea.dev.technetix.com\/de\/#website"},"primaryImageOfPage":{"@id":"https:\/\/emea.dev.technetix.com\/de\/hfc-netzwerke\/werkzeuge-und-zubehor\/#primaryimage"},"image":{"@id":"https:\/\/emea.dev.technetix.com\/de\/hfc-netzwerke\/werkzeuge-und-zubehor\/#primaryimage"},"thumbnailUrl":"https:\/\/emea.dev.technetix.com\/wp-content\/uploads\/sites\/2\/2023\/07\/PRODUCTS_LARGE_TOOLS_FINAL.jpg","datePublished":"2023-01-19T19:16:54+00:00","dateModified":"2023-08-01T08:24:40+00:00","breadcrumb":{"@id":"https:\/\/emea.dev.technetix.com\/de\/hfc-netzwerke\/werkzeuge-und-zubehor\/#breadcrumb"},"inLanguage":"de","potentialAction":[{"@type":"ReadAction","target":["https:\/\/emea.dev.technetix.com\/de\/hfc-netzwerke\/werkzeuge-und-zubehor\/"]}]},{"@type":"ImageObject","inLanguage":"de","@id":"https:\/\/emea.dev.technetix.com\/de\/hfc-netzwerke\/werkzeuge-und-zubehor\/#primaryimage","url":"https:\/\/emea.dev.technetix.com\/wp-content\/uploads\/sites\/2\/2023\/07\/PRODUCTS_LARGE_TOOLS_FINAL.jpg","contentUrl":"https:\/\/emea.dev.technetix.com\/wp-content\/uploads\/sites\/2\/2023\/07\/PRODUCTS_LARGE_TOOLS_FINAL.jpg","width":1920,"height":450},{"@type":"BreadcrumbList","@id":"https:\/\/emea.dev.technetix.com\/de\/hfc-netzwerke\/werkzeuge-und-zubehor\/#breadcrumb","itemListElement":[{"@type":"ListItem","position":1,"name":"Home","item":"https:\/\/emea.dev.technetix.com\/de\/"},{"@type":"ListItem","position":2,"name":"Breitband Kabel","item":"https:\/\/emea.dev.technetix.com\/de\/hfc-netzwerke\/"},{"@type":"ListItem","position":3,"name":"Werkzeuge und Zubeh\u00f6r"}]},{"@type":"WebSite","@id":"https:\/\/emea.dev.technetix.com\/de\/#website","url":"https:\/\/emea.dev.technetix.com\/de\/","name":"Technetix","description":"Next-generation broadband equipment engineering","publisher":{"@id":"https:\/\/emea.dev.technetix.com\/de\/#organization"},"potentialAction":[{"@type":"SearchAction","target":{"@type":"EntryPoint","urlTemplate":"https:\/\/emea.dev.technetix.com\/de\/?s={search_term_string}"},"query-input":{"@type":"PropertyValueSpecification","valueRequired":true,"valueName":"search_term_string"}}],"inLanguage":"de"},{"@type":"Organization","@id":"https:\/\/emea.dev.technetix.com\/de\/#organization","name":"Technetix","url":"https:\/\/emea.dev.technetix.com\/de\/","logo":{"@type":"ImageObject","inLanguage":"de","@id":"https:\/\/emea.dev.technetix.com\/de\/#\/schema\/logo\/image\/","url":"https:\/\/emea.dev.technetix.com\/wp-content\/uploads\/sites\/2\/2023\/06\/logo-Technetix-1000x1000-1.png","contentUrl":"https:\/\/emea.dev.technetix.com\/wp-content\/uploads\/sites\/2\/2023\/06\/logo-Technetix-1000x1000-1.png","width":1000,"height":1000,"caption":"Technetix"},"image":{"@id":"https:\/\/emea.dev.technetix.com\/de\/#\/schema\/logo\/image\/"},"sameAs":["https:\/\/x.com\/technetixgroup","https:\/\/www.linkedin.com\/company\/technetix\/","https:\/\/www.youtube.com\/c\/Technetix-group"]}]}},"acf":[],"publishpress_future_workflow_manual_trigger":{"enabledWorkflows":[]},"_links":{"self":[{"href":"https:\/\/emea.dev.technetix.com\/de\/wp-json\/wp\/v2\/pages\/6154"}],"collection":[{"href":"https:\/\/emea.dev.technetix.com\/de\/wp-json\/wp\/v2\/pages"}],"about":[{"href":"https:\/\/emea.dev.technetix.com\/de\/wp-json\/wp\/v2\/types\/page"}],"author":[{"embeddable":true,"href":"https:\/\/emea.dev.technetix.com\/de\/wp-json\/wp\/v2\/users\/1"}],"replies":[{"embeddable":true,"href":"https:\/\/emea.dev.technetix.com\/de\/wp-json\/wp\/v2\/comments?post=6154"}],"version-history":[{"count":7,"href":"https:\/\/emea.dev.technetix.com\/de\/wp-json\/wp\/v2\/pages\/6154\/revisions"}],"predecessor-version":[{"id":22383,"href":"https:\/\/emea.dev.technetix.com\/de\/wp-json\/wp\/v2\/pages\/6154\/revisions\/22383"}],"up":[{"embeddable":true,"href":"https:\/\/emea.dev.technetix.com\/de\/wp-json\/wp\/v2\/pages\/6162"}],"wp:featuredmedia":[{"embeddable":true,"href":"https:\/\/emea.dev.technetix.com\/de\/wp-json\/wp\/v2\/media\/22371"}],"wp:attachment":[{"href":"https:\/\/emea.dev.technetix.com\/de\/wp-json\/wp\/v2\/media?parent=6154"}],"curies":[{"name":"wp","href":"https:\/\/api.w.org\/{rel}","templated":true}]}}