{"id":6145,"date":"2023-02-02T22:23:07","date_gmt":"2023-02-02T22:23:07","guid":{"rendered":"https:\/\/emea.dev.technetix.com\/moca\/"},"modified":"2023-04-13T17:07:16","modified_gmt":"2023-04-13T17:07:16","slug":"moca","status":"publish","type":"page","link":"https:\/\/emea.dev.technetix.com\/de\/hfc-netzwerke\/komponenten-fur-hausnetzwerke\/moca\/","title":{"rendered":"Virtuelle Glasfaser End-of-Line-Erweiterung"},"content":{"rendered":"<div class=\"gb-container gb-container-f86f3f4f gb-container-hero-banner\"><div class=\"gb-inside-container\">\n<h1 class=\"gb-headline gb-headline-e1547755 gb-headline-text gb-headline-hero-banner-title\">Virtuelle Glasfaser End-of-Line-Erweiterung<\/h1>\n<\/div><\/div><div class=\"gb-container gb-container-3f78117c gb-container-inner-back-page-con\">\n<h2 class=\"gb-headline gb-headline-d02c52e4 gb-headline-text\">High-Speed-Breitband \u00fcber die vorhandene Koax-Geb\u00e4ude-Kabelinfrastruktur (MDU).<\/h2>\n\n<p class=\"gb-headline gb-headline-6656b5c3 gb-headline-text\">Klare Vorteile f\u00fcr Privat- und Gesch\u00e4ftskunden:<\/p>\n\n<ul class=\"wp-block-list\"><li>Bereitstellung von Gigabit-Access \u00fcber IP f\u00fcr eine komplette Triple-Play-Suite an Diensten<\/li>\n\n<li>Hochperformante, kosteneffiziente und nachhaltige Nutzung des vorhandenen Koaxialkabels<\/li>\n\n<li>Unterst\u00fctzt f\u00fcnf Frequenzbereiche zwischen 400 MHz und 1675 MHz<\/li>\n\n<li>2,5 Gbps pro HF-Eingang (Bereitstellung von bis zu 10 Gbps bei Nutzung von 4 Kan\u00e4len)<\/li>\n\n<li>Glasfaserleistung durch symmetrische Dienste \u00fcber das gesamte Spektrum auf Koax<\/li>\n\n<li>Remote-Zugriff unter Verwendung eines Cloud-basierenden Managementsystems<\/li><\/ul>\n\n<figure class=\"gb-block-image gb-block-image-61e35e7d\"><img loading=\"lazy\" decoding=\"async\" width=\"1000\" height=\"752\" class=\"gb-image gb-image-61e35e7d\" src=\"https:\/\/emea.dev.technetix.com\/wp-content\/uploads\/sites\/2\/2023\/02\/INCOAX_NETWORK_01.jpeg\" alt=\"Klare Vorteile f\u00fcr Privat- und Gesch\u00e4ftskunden\" srcset=\"https:\/\/emea.dev.technetix.com\/wp-content\/uploads\/sites\/2\/2023\/02\/INCOAX_NETWORK_01.jpeg 1000w, https:\/\/emea.dev.technetix.com\/wp-content\/uploads\/sites\/2\/2023\/02\/INCOAX_NETWORK_01-300x226.jpeg 300w, https:\/\/emea.dev.technetix.com\/wp-content\/uploads\/sites\/2\/2023\/02\/INCOAX_NETWORK_01-768x578.jpeg 768w, https:\/\/emea.dev.technetix.com\/wp-content\/uploads\/sites\/2\/2023\/02\/INCOAX_NETWORK_01-600x451.jpeg 600w\" sizes=\"(max-width: 1000px) 100vw, 1000px\" \/><\/figure>\n<\/div><div class=\"gb-container gb-container-a16fc195 gb-container-con-buttons-bottom\">\n<h2 class=\"gb-headline gb-headline-7ce6fa4b gb-headline-text gb-headline-head-bottom-buttons\">N\u00fctzliche Links<\/h2>\n\n<div class=\"gb-button-wrapper gb-button-wrapper-5300c273 gb-button-wrapper-after-con-buttons\">\n<a class=\"gb-button gb-button-74bfad52 gb-button-text gb-button-bottom-button\" href=\"https:\/\/emea.dev.technetix.com\/de\/kontakt\/\">Kontakt<\/a>\n<\/div>\n<\/div>","protected":false},"excerpt":{"rendered":"<p>Virtuelle Glasfaser End-of-Line-Erweiterung High-Speed-Breitband \u00fcber die vorhandene Koax-Geb\u00e4ude-Kabelinfrastruktur (MDU). Klare Vorteile f\u00fcr Privat- und Gesch\u00e4ftskunden: N\u00fctzliche Links<\/p>\n","protected":false},"author":1,"featured_media":636,"parent":6195,"menu_order":0,"comment_status":"open","ping_status":"closed","template":"","meta":{"_acf_changed":false,"_gspb_post_css":"","footnotes":""},"class_list":["post-6145","page","type-page","status-publish","has-post-thumbnail"],"yoast_head":"<!-- This site is optimized with the Yoast SEO Premium plugin v22.5 (Yoast SEO v23.7) - https:\/\/yoast.com\/wordpress\/plugins\/seo\/ -->\n<title>Virtuelle Glasfaser End-of-Line-Erweiterung - Technetix EMEA<\/title>\n<meta name=\"robots\" content=\"index, follow, max-snippet:-1, max-image-preview:large, max-video-preview:-1\" \/>\n<link rel=\"canonical\" href=\"https:\/\/emea.dev.technetix.com\/de\/hfc-netzwerke\/komponenten-fur-hausnetzwerke\/moca\/\" \/>\n<meta property=\"og:locale\" content=\"de_DE\" \/>\n<meta property=\"og:type\" content=\"article\" \/>\n<meta property=\"og:title\" content=\"Virtuelle Glasfaser End-of-Line-Erweiterung - Technetix EMEA\" \/>\n<meta property=\"og:description\" content=\"Virtuelle Glasfaser End-of-Line-Erweiterung High-Speed-Breitband \u00fcber die vorhandene Koax-Geb\u00e4ude-Kabelinfrastruktur (MDU). Klare Vorteile f\u00fcr Privat- und Gesch\u00e4ftskunden: N\u00fctzliche Links\" \/>\n<meta property=\"og:url\" content=\"https:\/\/emea.dev.technetix.com\/de\/hfc-netzwerke\/komponenten-fur-hausnetzwerke\/moca\/\" \/>\n<meta property=\"og:site_name\" content=\"Technetix EMEA\" \/>\n<meta property=\"article:modified_time\" content=\"2023-04-13T17:07:16+00:00\" \/>\n<meta property=\"og:image\" content=\"https:\/\/emea.dev.technetix.com\/wp-content\/uploads\/sites\/2\/2023\/01\/PRODUCTS_LARGE_VIRTUAL-FIBRE_EOL_FINAL.jpg\" \/>\n\t<meta property=\"og:image:width\" content=\"1920\" \/>\n\t<meta property=\"og:image:height\" content=\"450\" \/>\n\t<meta property=\"og:image:type\" content=\"image\/jpeg\" \/>\n<meta name=\"twitter:card\" content=\"summary_large_image\" \/>\n<meta name=\"twitter:site\" content=\"@technetixgroup\" \/>\n<meta name=\"twitter:label1\" content=\"Gesch\u00e4tzte Lesezeit\" \/>\n\t<meta name=\"twitter:data1\" content=\"1\u00a0Minute\" \/>\n<script type=\"application\/ld+json\" class=\"yoast-schema-graph\">{\"@context\":\"https:\/\/schema.org\",\"@graph\":[{\"@type\":\"WebPage\",\"@id\":\"https:\/\/emea.dev.technetix.com\/de\/hfc-netzwerke\/komponenten-fur-hausnetzwerke\/moca\/\",\"url\":\"https:\/\/emea.dev.technetix.com\/de\/hfc-netzwerke\/komponenten-fur-hausnetzwerke\/moca\/\",\"name\":\"Virtuelle Glasfaser End-of-Line-Erweiterung - Technetix EMEA\",\"isPartOf\":{\"@id\":\"https:\/\/emea.dev.technetix.com\/de\/#website\"},\"primaryImageOfPage\":{\"@id\":\"https:\/\/emea.dev.technetix.com\/de\/hfc-netzwerke\/komponenten-fur-hausnetzwerke\/moca\/#primaryimage\"},\"image\":{\"@id\":\"https:\/\/emea.dev.technetix.com\/de\/hfc-netzwerke\/komponenten-fur-hausnetzwerke\/moca\/#primaryimage\"},\"thumbnailUrl\":\"https:\/\/emea.dev.technetix.com\/wp-content\/uploads\/sites\/2\/2023\/01\/PRODUCTS_LARGE_VIRTUAL-FIBRE_EOL_FINAL.jpg\",\"datePublished\":\"2023-02-02T22:23:07+00:00\",\"dateModified\":\"2023-04-13T17:07:16+00:00\",\"breadcrumb\":{\"@id\":\"https:\/\/emea.dev.technetix.com\/de\/hfc-netzwerke\/komponenten-fur-hausnetzwerke\/moca\/#breadcrumb\"},\"inLanguage\":\"de\",\"potentialAction\":[{\"@type\":\"ReadAction\",\"target\":[\"https:\/\/emea.dev.technetix.com\/de\/hfc-netzwerke\/komponenten-fur-hausnetzwerke\/moca\/\"]}]},{\"@type\":\"ImageObject\",\"inLanguage\":\"de\",\"@id\":\"https:\/\/emea.dev.technetix.com\/de\/hfc-netzwerke\/komponenten-fur-hausnetzwerke\/moca\/#primaryimage\",\"url\":\"https:\/\/emea.dev.technetix.com\/wp-content\/uploads\/sites\/2\/2023\/01\/PRODUCTS_LARGE_VIRTUAL-FIBRE_EOL_FINAL.jpg\",\"contentUrl\":\"https:\/\/emea.dev.technetix.com\/wp-content\/uploads\/sites\/2\/2023\/01\/PRODUCTS_LARGE_VIRTUAL-FIBRE_EOL_FINAL.jpg\",\"width\":1920,\"height\":450},{\"@type\":\"BreadcrumbList\",\"@id\":\"https:\/\/emea.dev.technetix.com\/de\/hfc-netzwerke\/komponenten-fur-hausnetzwerke\/moca\/#breadcrumb\",\"itemListElement\":[{\"@type\":\"ListItem\",\"position\":1,\"name\":\"Home\",\"item\":\"https:\/\/emea.dev.technetix.com\/de\/\"},{\"@type\":\"ListItem\",\"position\":2,\"name\":\"Breitband Kabel\",\"item\":\"https:\/\/emea.dev.technetix.com\/de\/hfc-netzwerke\/\"},{\"@type\":\"ListItem\",\"position\":3,\"name\":\"Komponenten f\u00fcr Hausnetzwerke\",\"item\":\"https:\/\/emea.dev.technetix.com\/de\/hfc-netzwerke\/komponenten-fur-hausnetzwerke\/\"},{\"@type\":\"ListItem\",\"position\":4,\"name\":\"Virtuelle Glasfaser End-of-Line-Erweiterung\"}]},{\"@type\":\"WebSite\",\"@id\":\"https:\/\/emea.dev.technetix.com\/de\/#website\",\"url\":\"https:\/\/emea.dev.technetix.com\/de\/\",\"name\":\"Technetix\",\"description\":\"Next-generation broadband equipment engineering\",\"publisher\":{\"@id\":\"https:\/\/emea.dev.technetix.com\/de\/#organization\"},\"potentialAction\":[{\"@type\":\"SearchAction\",\"target\":{\"@type\":\"EntryPoint\",\"urlTemplate\":\"https:\/\/emea.dev.technetix.com\/de\/?s={search_term_string}\"},\"query-input\":{\"@type\":\"PropertyValueSpecification\",\"valueRequired\":true,\"valueName\":\"search_term_string\"}}],\"inLanguage\":\"de\"},{\"@type\":\"Organization\",\"@id\":\"https:\/\/emea.dev.technetix.com\/de\/#organization\",\"name\":\"Technetix\",\"url\":\"https:\/\/emea.dev.technetix.com\/de\/\",\"logo\":{\"@type\":\"ImageObject\",\"inLanguage\":\"de\",\"@id\":\"https:\/\/emea.dev.technetix.com\/de\/#\/schema\/logo\/image\/\",\"url\":\"https:\/\/emea.dev.technetix.com\/wp-content\/uploads\/sites\/2\/2023\/06\/logo-Technetix-1000x1000-1.png\",\"contentUrl\":\"https:\/\/emea.dev.technetix.com\/wp-content\/uploads\/sites\/2\/2023\/06\/logo-Technetix-1000x1000-1.png\",\"width\":1000,\"height\":1000,\"caption\":\"Technetix\"},\"image\":{\"@id\":\"https:\/\/emea.dev.technetix.com\/de\/#\/schema\/logo\/image\/\"},\"sameAs\":[\"https:\/\/x.com\/technetixgroup\",\"https:\/\/www.linkedin.com\/company\/technetix\/\",\"https:\/\/www.youtube.com\/c\/Technetix-group\"]}]}<\/script>\n<!-- \/ Yoast SEO Premium plugin. -->","yoast_head_json":{"title":"Virtuelle Glasfaser End-of-Line-Erweiterung - Technetix EMEA","robots":{"index":"index","follow":"follow","max-snippet":"max-snippet:-1","max-image-preview":"max-image-preview:large","max-video-preview":"max-video-preview:-1"},"canonical":"https:\/\/emea.dev.technetix.com\/de\/hfc-netzwerke\/komponenten-fur-hausnetzwerke\/moca\/","og_locale":"de_DE","og_type":"article","og_title":"Virtuelle Glasfaser End-of-Line-Erweiterung - Technetix EMEA","og_description":"Virtuelle Glasfaser End-of-Line-Erweiterung High-Speed-Breitband \u00fcber die vorhandene Koax-Geb\u00e4ude-Kabelinfrastruktur (MDU). Klare Vorteile f\u00fcr Privat- und Gesch\u00e4ftskunden: N\u00fctzliche Links","og_url":"https:\/\/emea.dev.technetix.com\/de\/hfc-netzwerke\/komponenten-fur-hausnetzwerke\/moca\/","og_site_name":"Technetix EMEA","article_modified_time":"2023-04-13T17:07:16+00:00","og_image":[{"width":1920,"height":450,"url":"https:\/\/emea.dev.technetix.com\/wp-content\/uploads\/sites\/2\/2023\/01\/PRODUCTS_LARGE_VIRTUAL-FIBRE_EOL_FINAL.jpg","type":"image\/jpeg"}],"twitter_card":"summary_large_image","twitter_site":"@technetixgroup","twitter_misc":{"Gesch\u00e4tzte Lesezeit":"1\u00a0Minute"},"schema":{"@context":"https:\/\/schema.org","@graph":[{"@type":"WebPage","@id":"https:\/\/emea.dev.technetix.com\/de\/hfc-netzwerke\/komponenten-fur-hausnetzwerke\/moca\/","url":"https:\/\/emea.dev.technetix.com\/de\/hfc-netzwerke\/komponenten-fur-hausnetzwerke\/moca\/","name":"Virtuelle Glasfaser End-of-Line-Erweiterung - Technetix EMEA","isPartOf":{"@id":"https:\/\/emea.dev.technetix.com\/de\/#website"},"primaryImageOfPage":{"@id":"https:\/\/emea.dev.technetix.com\/de\/hfc-netzwerke\/komponenten-fur-hausnetzwerke\/moca\/#primaryimage"},"image":{"@id":"https:\/\/emea.dev.technetix.com\/de\/hfc-netzwerke\/komponenten-fur-hausnetzwerke\/moca\/#primaryimage"},"thumbnailUrl":"https:\/\/emea.dev.technetix.com\/wp-content\/uploads\/sites\/2\/2023\/01\/PRODUCTS_LARGE_VIRTUAL-FIBRE_EOL_FINAL.jpg","datePublished":"2023-02-02T22:23:07+00:00","dateModified":"2023-04-13T17:07:16+00:00","breadcrumb":{"@id":"https:\/\/emea.dev.technetix.com\/de\/hfc-netzwerke\/komponenten-fur-hausnetzwerke\/moca\/#breadcrumb"},"inLanguage":"de","potentialAction":[{"@type":"ReadAction","target":["https:\/\/emea.dev.technetix.com\/de\/hfc-netzwerke\/komponenten-fur-hausnetzwerke\/moca\/"]}]},{"@type":"ImageObject","inLanguage":"de","@id":"https:\/\/emea.dev.technetix.com\/de\/hfc-netzwerke\/komponenten-fur-hausnetzwerke\/moca\/#primaryimage","url":"https:\/\/emea.dev.technetix.com\/wp-content\/uploads\/sites\/2\/2023\/01\/PRODUCTS_LARGE_VIRTUAL-FIBRE_EOL_FINAL.jpg","contentUrl":"https:\/\/emea.dev.technetix.com\/wp-content\/uploads\/sites\/2\/2023\/01\/PRODUCTS_LARGE_VIRTUAL-FIBRE_EOL_FINAL.jpg","width":1920,"height":450},{"@type":"BreadcrumbList","@id":"https:\/\/emea.dev.technetix.com\/de\/hfc-netzwerke\/komponenten-fur-hausnetzwerke\/moca\/#breadcrumb","itemListElement":[{"@type":"ListItem","position":1,"name":"Home","item":"https:\/\/emea.dev.technetix.com\/de\/"},{"@type":"ListItem","position":2,"name":"Breitband Kabel","item":"https:\/\/emea.dev.technetix.com\/de\/hfc-netzwerke\/"},{"@type":"ListItem","position":3,"name":"Komponenten f\u00fcr Hausnetzwerke","item":"https:\/\/emea.dev.technetix.com\/de\/hfc-netzwerke\/komponenten-fur-hausnetzwerke\/"},{"@type":"ListItem","position":4,"name":"Virtuelle Glasfaser End-of-Line-Erweiterung"}]},{"@type":"WebSite","@id":"https:\/\/emea.dev.technetix.com\/de\/#website","url":"https:\/\/emea.dev.technetix.com\/de\/","name":"Technetix","description":"Next-generation broadband equipment engineering","publisher":{"@id":"https:\/\/emea.dev.technetix.com\/de\/#organization"},"potentialAction":[{"@type":"SearchAction","target":{"@type":"EntryPoint","urlTemplate":"https:\/\/emea.dev.technetix.com\/de\/?s={search_term_string}"},"query-input":{"@type":"PropertyValueSpecification","valueRequired":true,"valueName":"search_term_string"}}],"inLanguage":"de"},{"@type":"Organization","@id":"https:\/\/emea.dev.technetix.com\/de\/#organization","name":"Technetix","url":"https:\/\/emea.dev.technetix.com\/de\/","logo":{"@type":"ImageObject","inLanguage":"de","@id":"https:\/\/emea.dev.technetix.com\/de\/#\/schema\/logo\/image\/","url":"https:\/\/emea.dev.technetix.com\/wp-content\/uploads\/sites\/2\/2023\/06\/logo-Technetix-1000x1000-1.png","contentUrl":"https:\/\/emea.dev.technetix.com\/wp-content\/uploads\/sites\/2\/2023\/06\/logo-Technetix-1000x1000-1.png","width":1000,"height":1000,"caption":"Technetix"},"image":{"@id":"https:\/\/emea.dev.technetix.com\/de\/#\/schema\/logo\/image\/"},"sameAs":["https:\/\/x.com\/technetixgroup","https:\/\/www.linkedin.com\/company\/technetix\/","https:\/\/www.youtube.com\/c\/Technetix-group"]}]}},"acf":[],"publishpress_future_workflow_manual_trigger":{"enabledWorkflows":[]},"_links":{"self":[{"href":"https:\/\/emea.dev.technetix.com\/de\/wp-json\/wp\/v2\/pages\/6145"}],"collection":[{"href":"https:\/\/emea.dev.technetix.com\/de\/wp-json\/wp\/v2\/pages"}],"about":[{"href":"https:\/\/emea.dev.technetix.com\/de\/wp-json\/wp\/v2\/types\/page"}],"author":[{"embeddable":true,"href":"https:\/\/emea.dev.technetix.com\/de\/wp-json\/wp\/v2\/users\/1"}],"replies":[{"embeddable":true,"href":"https:\/\/emea.dev.technetix.com\/de\/wp-json\/wp\/v2\/comments?post=6145"}],"version-history":[{"count":3,"href":"https:\/\/emea.dev.technetix.com\/de\/wp-json\/wp\/v2\/pages\/6145\/revisions"}],"predecessor-version":[{"id":13018,"href":"https:\/\/emea.dev.technetix.com\/de\/wp-json\/wp\/v2\/pages\/6145\/revisions\/13018"}],"up":[{"embeddable":true,"href":"https:\/\/emea.dev.technetix.com\/de\/wp-json\/wp\/v2\/pages\/6195"}],"wp:featuredmedia":[{"embeddable":true,"href":"https:\/\/emea.dev.technetix.com\/de\/wp-json\/wp\/v2\/media\/636"}],"wp:attachment":[{"href":"https:\/\/emea.dev.technetix.com\/de\/wp-json\/wp\/v2\/media?parent=6145"}],"curies":[{"name":"wp","href":"https:\/\/api.w.org\/{rel}","templated":true}]}}