{"id":6134,"date":"2023-01-18T23:15:50","date_gmt":"2023-01-18T23:15:50","guid":{"rendered":"https:\/\/emea.dev.technetix.com\/fiber\/rolt\/"},"modified":"2024-02-08T09:22:24","modified_gmt":"2024-02-08T09:22:24","slug":"rolt","status":"publish","type":"page","link":"https:\/\/emea.dev.technetix.com\/de\/fttx-netzwerke\/rolt\/","title":{"rendered":"Remote Optisches Line Terminal (rOLT)"},"content":{"rendered":"<div class=\"gb-container gb-container-f86f3f4f gb-container-hero-banner\"><div class=\"gb-inside-container\">\n<h1 class=\"gb-headline gb-headline-e1547755 gb-headline-text gb-headline-hero-banner-title\">Remote Optisches Line Terminal (rOLT)<\/h1>\n<\/div><\/div><div class=\"gb-container gb-container-2848dbe4 gb-container-inner-back-page-con\">\n<h2 class=\"gb-headline gb-headline-d02c52e4 gb-headline-text\">Ein kosteneffizientes Remote Optical Line Terminal (rOLT) f\u00fcr den Einsatz im Access sowie in FTTP<\/h2>\n\n<p class=\"gb-headline gb-headline-6656b5c3 gb-headline-text\">\u00dcberbr\u00fccken Sie die digitale Trennung mit dem rOLT und erm\u00f6glichen Sie den schnellen Einsatz von symmetrischen 10G FTTH\/P-Breitbanddiensten.<\/p>\n\n<ul class=\"wp-block-list\"><li>Kompaktes XGS-PON OLT f\u00fcr die Erschlie\u00dfung abgelegener Standorte<\/li>\n\n<li>Ideal f\u00fcr die Anbindung im l\u00e4ndlichen Raum und auch von Vorstadtgebieten, sowie Business-Parks und Universit\u00e4ten<\/li>\n\n<li>Geringer Stromverbrauch durch passive K\u00fchlung<\/li>\n\n<li>Robustes rOLT mit \u2265 4 Ports XGS-PON (10G) f\u00fcr bis zu 512 Teilnehmer<\/li>\n\n<li>Schnell einsatzbereit dank integriertem Fiber-Splitter-Management<\/li>\n\n<li>Flexible Konfiguration von 1 bis zu 4 x 10GE-Uplinks und von 1 bis zu 4 x XGS-PON-Ports<\/li>\n\n<li>Verschiedenste Einsatzm\u00f6glichkeiten \u2013 Mast, Sockel, Schacht, Schrank und im Geb\u00e4ude<\/li><\/ul>\n\n<figure class=\"gb-block-image gb-block-image-61e35e7d\"><img loading=\"lazy\" decoding=\"async\" width=\"1000\" height=\"1000\" class=\"gb-image gb-image-61e35e7d\" src=\"https:\/\/emea.dev.technetix.com\/wp-content\/uploads\/sites\/2\/2023\/07\/00000000_rOLT_PRFL_01-1.jpg\" alt=\"\" title=\"00000000_rOLT_PRFL_01-1\" srcset=\"https:\/\/emea.dev.technetix.com\/wp-content\/uploads\/sites\/2\/2023\/07\/00000000_rOLT_PRFL_01-1.jpg 1000w, https:\/\/emea.dev.technetix.com\/wp-content\/uploads\/sites\/2\/2023\/07\/00000000_rOLT_PRFL_01-1-300x300.jpg 300w, https:\/\/emea.dev.technetix.com\/wp-content\/uploads\/sites\/2\/2023\/07\/00000000_rOLT_PRFL_01-1-150x150.jpg 150w, https:\/\/emea.dev.technetix.com\/wp-content\/uploads\/sites\/2\/2023\/07\/00000000_rOLT_PRFL_01-1-768x768.jpg 768w, https:\/\/emea.dev.technetix.com\/wp-content\/uploads\/sites\/2\/2023\/07\/00000000_rOLT_PRFL_01-1-600x600.jpg 600w, https:\/\/emea.dev.technetix.com\/wp-content\/uploads\/sites\/2\/2023\/07\/00000000_rOLT_PRFL_01-1-100x100.jpg 100w\" sizes=\"(max-width: 1000px) 100vw, 1000px\" \/><\/figure>\n\n<figure class=\"gb-block-image gb-block-image-d3107c78\"><img loading=\"lazy\" decoding=\"async\" width=\"1920\" height=\"580\" class=\"gb-image gb-image-d3107c78\" src=\"https:\/\/emea.dev.technetix.com\/wp-content\/uploads\/sites\/2\/2023\/01\/Asset_3_2x.png\" alt=\"\" srcset=\"https:\/\/emea.dev.technetix.com\/wp-content\/uploads\/sites\/2\/2023\/01\/Asset_3_2x.png 1920w, https:\/\/emea.dev.technetix.com\/wp-content\/uploads\/sites\/2\/2023\/01\/Asset_3_2x-300x91.png 300w, https:\/\/emea.dev.technetix.com\/wp-content\/uploads\/sites\/2\/2023\/01\/Asset_3_2x-1024x309.png 1024w, https:\/\/emea.dev.technetix.com\/wp-content\/uploads\/sites\/2\/2023\/01\/Asset_3_2x-768x232.png 768w, https:\/\/emea.dev.technetix.com\/wp-content\/uploads\/sites\/2\/2023\/01\/Asset_3_2x-1536x464.png 1536w, https:\/\/emea.dev.technetix.com\/wp-content\/uploads\/sites\/2\/2023\/01\/Asset_3_2x-600x181.png 600w\" sizes=\"(max-width: 1920px) 100vw, 1920px\" \/><\/figure>\n<\/div><div class=\"gb-container gb-container-dbeed0b8 gb-container-con-buttons-bottom\">\n<h2 class=\"gb-headline gb-headline-7ce6fa4b gb-headline-text gb-headline-head-bottom-buttons\">N\u00fctzliche Links<\/h2>\n\n<div class=\"gb-button-wrapper gb-button-wrapper-5300c273 gb-button-wrapper-after-con-buttons\">\n<a class=\"gb-button gb-button-3eadfa91 gb-button-text gb-button-bottom-button\" href=\"https:\/\/emea.dev.technetix.com\/wp-content\/uploads\/sites\/2\/2023\/07\/00000000_rOLT_V7_DS_AE.pdf\" target=\"_blank\" rel=\"noopener noreferrer\">Datasheet<\/a>\n\n<a class=\"gb-button gb-button-74bfad52 gb-button-text gb-button-bottom-button\" href=\"https:\/\/emea.dev.technetix.com\/de\/kontakt\/\">Contact us<\/a>\n<\/div>\n<\/div>","protected":false},"excerpt":{"rendered":"<p>Remote Optisches Line Terminal (rOLT) Ein kosteneffizientes Remote Optical Line Terminal (rOLT) f\u00fcr den Einsatz im Access sowie in FTTP \u00dcberbr\u00fccken Sie die digitale Trennung mit dem rOLT und erm\u00f6glichen Sie den schnellen Einsatz von symmetrischen 10G FTTH\/P-Breitbanddiensten. N\u00fctzliche Links<\/p>\n","protected":false},"author":1,"featured_media":97130,"parent":6131,"menu_order":0,"comment_status":"closed","ping_status":"closed","template":"","meta":{"_acf_changed":false,"_gspb_post_css":"","footnotes":""},"class_list":["post-6134","page","type-page","status-publish","has-post-thumbnail"],"yoast_head":"<!-- This site is optimized with the Yoast SEO Premium plugin v22.5 (Yoast SEO v23.7) - https:\/\/yoast.com\/wordpress\/plugins\/seo\/ -->\n<title>Remote Optisches Line Terminal (rOLT) - Technetix EMEA<\/title>\n<meta name=\"robots\" content=\"index, follow, max-snippet:-1, max-image-preview:large, max-video-preview:-1\" \/>\n<link rel=\"canonical\" href=\"https:\/\/emea.dev.technetix.com\/de\/fttx-netzwerke\/rolt\/\" \/>\n<meta property=\"og:locale\" content=\"de_DE\" \/>\n<meta property=\"og:type\" content=\"article\" \/>\n<meta property=\"og:title\" content=\"Remote Optisches Line Terminal (rOLT) - Technetix EMEA\" \/>\n<meta property=\"og:description\" content=\"Remote Optisches Line Terminal (rOLT) Ein kosteneffizientes Remote Optical Line Terminal (rOLT) f\u00fcr den Einsatz im Access sowie in FTTP \u00dcberbr\u00fccken Sie die digitale Trennung mit dem rOLT und erm\u00f6glichen Sie den schnellen Einsatz von symmetrischen 10G FTTH\/P-Breitbanddiensten. N\u00fctzliche Links\" \/>\n<meta property=\"og:url\" content=\"https:\/\/emea.dev.technetix.com\/de\/fttx-netzwerke\/rolt\/\" \/>\n<meta property=\"og:site_name\" content=\"Technetix EMEA\" \/>\n<meta property=\"article:modified_time\" content=\"2024-02-08T09:22:24+00:00\" \/>\n<meta property=\"og:image\" content=\"https:\/\/emea.dev.technetix.com\/wp-content\/uploads\/sites\/2\/2023\/10\/PRODUCTS_LARGE_DE_ROLT_FINAL.jpg\" \/>\n\t<meta property=\"og:image:width\" content=\"1920\" \/>\n\t<meta property=\"og:image:height\" content=\"450\" \/>\n\t<meta property=\"og:image:type\" content=\"image\/jpeg\" \/>\n<meta name=\"twitter:card\" content=\"summary_large_image\" \/>\n<meta name=\"twitter:site\" content=\"@technetixgroup\" \/>\n<meta name=\"twitter:label1\" content=\"Gesch\u00e4tzte Lesezeit\" \/>\n\t<meta name=\"twitter:data1\" content=\"1\u00a0Minute\" \/>\n<script type=\"application\/ld+json\" class=\"yoast-schema-graph\">{\"@context\":\"https:\/\/schema.org\",\"@graph\":[{\"@type\":\"WebPage\",\"@id\":\"https:\/\/emea.dev.technetix.com\/de\/fttx-netzwerke\/rolt\/\",\"url\":\"https:\/\/emea.dev.technetix.com\/de\/fttx-netzwerke\/rolt\/\",\"name\":\"Remote Optisches Line Terminal (rOLT) - Technetix EMEA\",\"isPartOf\":{\"@id\":\"https:\/\/emea.dev.technetix.com\/de\/#website\"},\"primaryImageOfPage\":{\"@id\":\"https:\/\/emea.dev.technetix.com\/de\/fttx-netzwerke\/rolt\/#primaryimage\"},\"image\":{\"@id\":\"https:\/\/emea.dev.technetix.com\/de\/fttx-netzwerke\/rolt\/#primaryimage\"},\"thumbnailUrl\":\"https:\/\/emea.dev.technetix.com\/wp-content\/uploads\/sites\/2\/2023\/10\/PRODUCTS_LARGE_DE_ROLT_FINAL.jpg\",\"datePublished\":\"2023-01-18T23:15:50+00:00\",\"dateModified\":\"2024-02-08T09:22:24+00:00\",\"breadcrumb\":{\"@id\":\"https:\/\/emea.dev.technetix.com\/de\/fttx-netzwerke\/rolt\/#breadcrumb\"},\"inLanguage\":\"de\",\"potentialAction\":[{\"@type\":\"ReadAction\",\"target\":[\"https:\/\/emea.dev.technetix.com\/de\/fttx-netzwerke\/rolt\/\"]}]},{\"@type\":\"ImageObject\",\"inLanguage\":\"de\",\"@id\":\"https:\/\/emea.dev.technetix.com\/de\/fttx-netzwerke\/rolt\/#primaryimage\",\"url\":\"https:\/\/emea.dev.technetix.com\/wp-content\/uploads\/sites\/2\/2023\/10\/PRODUCTS_LARGE_DE_ROLT_FINAL.jpg\",\"contentUrl\":\"https:\/\/emea.dev.technetix.com\/wp-content\/uploads\/sites\/2\/2023\/10\/PRODUCTS_LARGE_DE_ROLT_FINAL.jpg\",\"width\":1920,\"height\":450},{\"@type\":\"BreadcrumbList\",\"@id\":\"https:\/\/emea.dev.technetix.com\/de\/fttx-netzwerke\/rolt\/#breadcrumb\",\"itemListElement\":[{\"@type\":\"ListItem\",\"position\":1,\"name\":\"Home\",\"item\":\"https:\/\/emea.dev.technetix.com\/de\/\"},{\"@type\":\"ListItem\",\"position\":2,\"name\":\"Fiber network\",\"item\":\"https:\/\/emea.dev.technetix.com\/de\/fttx-netzwerke\/\"},{\"@type\":\"ListItem\",\"position\":3,\"name\":\"Remote Optisches Line Terminal (rOLT)\"}]},{\"@type\":\"WebSite\",\"@id\":\"https:\/\/emea.dev.technetix.com\/de\/#website\",\"url\":\"https:\/\/emea.dev.technetix.com\/de\/\",\"name\":\"Technetix\",\"description\":\"Next-generation broadband equipment engineering\",\"publisher\":{\"@id\":\"https:\/\/emea.dev.technetix.com\/de\/#organization\"},\"potentialAction\":[{\"@type\":\"SearchAction\",\"target\":{\"@type\":\"EntryPoint\",\"urlTemplate\":\"https:\/\/emea.dev.technetix.com\/de\/?s={search_term_string}\"},\"query-input\":{\"@type\":\"PropertyValueSpecification\",\"valueRequired\":true,\"valueName\":\"search_term_string\"}}],\"inLanguage\":\"de\"},{\"@type\":\"Organization\",\"@id\":\"https:\/\/emea.dev.technetix.com\/de\/#organization\",\"name\":\"Technetix\",\"url\":\"https:\/\/emea.dev.technetix.com\/de\/\",\"logo\":{\"@type\":\"ImageObject\",\"inLanguage\":\"de\",\"@id\":\"https:\/\/emea.dev.technetix.com\/de\/#\/schema\/logo\/image\/\",\"url\":\"https:\/\/emea.dev.technetix.com\/wp-content\/uploads\/sites\/2\/2023\/06\/logo-Technetix-1000x1000-1.png\",\"contentUrl\":\"https:\/\/emea.dev.technetix.com\/wp-content\/uploads\/sites\/2\/2023\/06\/logo-Technetix-1000x1000-1.png\",\"width\":1000,\"height\":1000,\"caption\":\"Technetix\"},\"image\":{\"@id\":\"https:\/\/emea.dev.technetix.com\/de\/#\/schema\/logo\/image\/\"},\"sameAs\":[\"https:\/\/x.com\/technetixgroup\",\"https:\/\/www.linkedin.com\/company\/technetix\/\",\"https:\/\/www.youtube.com\/c\/Technetix-group\"]}]}<\/script>\n<!-- \/ Yoast SEO Premium plugin. -->","yoast_head_json":{"title":"Remote Optisches Line Terminal (rOLT) - Technetix EMEA","robots":{"index":"index","follow":"follow","max-snippet":"max-snippet:-1","max-image-preview":"max-image-preview:large","max-video-preview":"max-video-preview:-1"},"canonical":"https:\/\/emea.dev.technetix.com\/de\/fttx-netzwerke\/rolt\/","og_locale":"de_DE","og_type":"article","og_title":"Remote Optisches Line Terminal (rOLT) - Technetix EMEA","og_description":"Remote Optisches Line Terminal (rOLT) Ein kosteneffizientes Remote Optical Line Terminal (rOLT) f\u00fcr den Einsatz im Access sowie in FTTP \u00dcberbr\u00fccken Sie die digitale Trennung mit dem rOLT und erm\u00f6glichen Sie den schnellen Einsatz von symmetrischen 10G FTTH\/P-Breitbanddiensten. N\u00fctzliche Links","og_url":"https:\/\/emea.dev.technetix.com\/de\/fttx-netzwerke\/rolt\/","og_site_name":"Technetix EMEA","article_modified_time":"2024-02-08T09:22:24+00:00","og_image":[{"width":1920,"height":450,"url":"https:\/\/emea.dev.technetix.com\/wp-content\/uploads\/sites\/2\/2023\/10\/PRODUCTS_LARGE_DE_ROLT_FINAL.jpg","type":"image\/jpeg"}],"twitter_card":"summary_large_image","twitter_site":"@technetixgroup","twitter_misc":{"Gesch\u00e4tzte Lesezeit":"1\u00a0Minute"},"schema":{"@context":"https:\/\/schema.org","@graph":[{"@type":"WebPage","@id":"https:\/\/emea.dev.technetix.com\/de\/fttx-netzwerke\/rolt\/","url":"https:\/\/emea.dev.technetix.com\/de\/fttx-netzwerke\/rolt\/","name":"Remote Optisches Line Terminal (rOLT) - Technetix EMEA","isPartOf":{"@id":"https:\/\/emea.dev.technetix.com\/de\/#website"},"primaryImageOfPage":{"@id":"https:\/\/emea.dev.technetix.com\/de\/fttx-netzwerke\/rolt\/#primaryimage"},"image":{"@id":"https:\/\/emea.dev.technetix.com\/de\/fttx-netzwerke\/rolt\/#primaryimage"},"thumbnailUrl":"https:\/\/emea.dev.technetix.com\/wp-content\/uploads\/sites\/2\/2023\/10\/PRODUCTS_LARGE_DE_ROLT_FINAL.jpg","datePublished":"2023-01-18T23:15:50+00:00","dateModified":"2024-02-08T09:22:24+00:00","breadcrumb":{"@id":"https:\/\/emea.dev.technetix.com\/de\/fttx-netzwerke\/rolt\/#breadcrumb"},"inLanguage":"de","potentialAction":[{"@type":"ReadAction","target":["https:\/\/emea.dev.technetix.com\/de\/fttx-netzwerke\/rolt\/"]}]},{"@type":"ImageObject","inLanguage":"de","@id":"https:\/\/emea.dev.technetix.com\/de\/fttx-netzwerke\/rolt\/#primaryimage","url":"https:\/\/emea.dev.technetix.com\/wp-content\/uploads\/sites\/2\/2023\/10\/PRODUCTS_LARGE_DE_ROLT_FINAL.jpg","contentUrl":"https:\/\/emea.dev.technetix.com\/wp-content\/uploads\/sites\/2\/2023\/10\/PRODUCTS_LARGE_DE_ROLT_FINAL.jpg","width":1920,"height":450},{"@type":"BreadcrumbList","@id":"https:\/\/emea.dev.technetix.com\/de\/fttx-netzwerke\/rolt\/#breadcrumb","itemListElement":[{"@type":"ListItem","position":1,"name":"Home","item":"https:\/\/emea.dev.technetix.com\/de\/"},{"@type":"ListItem","position":2,"name":"Fiber network","item":"https:\/\/emea.dev.technetix.com\/de\/fttx-netzwerke\/"},{"@type":"ListItem","position":3,"name":"Remote Optisches Line Terminal (rOLT)"}]},{"@type":"WebSite","@id":"https:\/\/emea.dev.technetix.com\/de\/#website","url":"https:\/\/emea.dev.technetix.com\/de\/","name":"Technetix","description":"Next-generation broadband equipment engineering","publisher":{"@id":"https:\/\/emea.dev.technetix.com\/de\/#organization"},"potentialAction":[{"@type":"SearchAction","target":{"@type":"EntryPoint","urlTemplate":"https:\/\/emea.dev.technetix.com\/de\/?s={search_term_string}"},"query-input":{"@type":"PropertyValueSpecification","valueRequired":true,"valueName":"search_term_string"}}],"inLanguage":"de"},{"@type":"Organization","@id":"https:\/\/emea.dev.technetix.com\/de\/#organization","name":"Technetix","url":"https:\/\/emea.dev.technetix.com\/de\/","logo":{"@type":"ImageObject","inLanguage":"de","@id":"https:\/\/emea.dev.technetix.com\/de\/#\/schema\/logo\/image\/","url":"https:\/\/emea.dev.technetix.com\/wp-content\/uploads\/sites\/2\/2023\/06\/logo-Technetix-1000x1000-1.png","contentUrl":"https:\/\/emea.dev.technetix.com\/wp-content\/uploads\/sites\/2\/2023\/06\/logo-Technetix-1000x1000-1.png","width":1000,"height":1000,"caption":"Technetix"},"image":{"@id":"https:\/\/emea.dev.technetix.com\/de\/#\/schema\/logo\/image\/"},"sameAs":["https:\/\/x.com\/technetixgroup","https:\/\/www.linkedin.com\/company\/technetix\/","https:\/\/www.youtube.com\/c\/Technetix-group"]}]}},"acf":[],"publishpress_future_workflow_manual_trigger":{"enabledWorkflows":[]},"_links":{"self":[{"href":"https:\/\/emea.dev.technetix.com\/de\/wp-json\/wp\/v2\/pages\/6134"}],"collection":[{"href":"https:\/\/emea.dev.technetix.com\/de\/wp-json\/wp\/v2\/pages"}],"about":[{"href":"https:\/\/emea.dev.technetix.com\/de\/wp-json\/wp\/v2\/types\/page"}],"author":[{"embeddable":true,"href":"https:\/\/emea.dev.technetix.com\/de\/wp-json\/wp\/v2\/users\/1"}],"replies":[{"embeddable":true,"href":"https:\/\/emea.dev.technetix.com\/de\/wp-json\/wp\/v2\/comments?post=6134"}],"version-history":[{"count":7,"href":"https:\/\/emea.dev.technetix.com\/de\/wp-json\/wp\/v2\/pages\/6134\/revisions"}],"predecessor-version":[{"id":262778,"href":"https:\/\/emea.dev.technetix.com\/de\/wp-json\/wp\/v2\/pages\/6134\/revisions\/262778"}],"up":[{"embeddable":true,"href":"https:\/\/emea.dev.technetix.com\/de\/wp-json\/wp\/v2\/pages\/6131"}],"wp:featuredmedia":[{"embeddable":true,"href":"https:\/\/emea.dev.technetix.com\/de\/wp-json\/wp\/v2\/media\/97130"}],"wp:attachment":[{"href":"https:\/\/emea.dev.technetix.com\/de\/wp-json\/wp\/v2\/media?parent=6134"}],"curies":[{"name":"wp","href":"https:\/\/api.w.org\/{rel}","templated":true}]}}