{"id":438807,"date":"2023-11-14T15:04:37","date_gmt":"2023-11-14T15:04:37","guid":{"rendered":"https:\/\/emea.dev.technetix.com\/drahtlose-kommunikation\/optische-hfc-poe-pon-gateways\/optisches-hfc-poe-pon-gateway-lbog-hg8010h-ont-nur-cala\/"},"modified":"2024-06-14T12:05:45","modified_gmt":"2024-06-14T12:05:45","slug":"optisches-hfc-poe-pon-gateway-lbog-hg8010h-ont-nur-cala","status":"publish","type":"page","link":"https:\/\/emea.dev.technetix.com\/de\/drahtlose-kommunikation\/optische-hfc-poe-pon-gateways\/optisches-hfc-poe-pon-gateway-lbog-hg8010h-ont-nur-cala\/","title":{"rendered":"Optisches HFC PoE PON-Gateway (LOG-HG8010H-ONT) (nur CALA)"},"content":{"rendered":"<div class=\"gb-container gb-container-a2efb66f gb-container-wide-back-page-con\" id=\"content\">\n<div class=\"gb-grid-wrapper gb-grid-wrapper-5efcc144\">\n<div class=\"gb-grid-column gb-grid-column-6e2f42ae\"><div class=\"gb-container gb-container-6e2f42ae\" id=\"image-col\"><div class=\"gb-inside-container\">\n<figure class=\"gb-block-image gb-block-image-61e35e7d\"><img loading=\"lazy\" decoding=\"async\" width=\"1000\" height=\"1000\" class=\"gb-image gb-image-61e35e7d\" src=\"https:\/\/emea.dev.technetix.com\/wp-content\/uploads\/sites\/2\/2023\/12\/00000000_DOCSIS-3-1-GATEWAY-8200-POEP50_PRFL_01.jpg\" alt=\"\" title=\"00000000_DOCSIS-3-1-GATEWAY-8200-POE++P50_PRFL_01\" srcset=\"https:\/\/emea.dev.technetix.com\/wp-content\/uploads\/sites\/2\/2023\/12\/00000000_DOCSIS-3-1-GATEWAY-8200-POEP50_PRFL_01.jpg 1000w, https:\/\/emea.dev.technetix.com\/wp-content\/uploads\/sites\/2\/2023\/12\/00000000_DOCSIS-3-1-GATEWAY-8200-POEP50_PRFL_01-300x300.jpg 300w, https:\/\/emea.dev.technetix.com\/wp-content\/uploads\/sites\/2\/2023\/12\/00000000_DOCSIS-3-1-GATEWAY-8200-POEP50_PRFL_01-150x150.jpg 150w, https:\/\/emea.dev.technetix.com\/wp-content\/uploads\/sites\/2\/2023\/12\/00000000_DOCSIS-3-1-GATEWAY-8200-POEP50_PRFL_01-768x768.jpg 768w, https:\/\/emea.dev.technetix.com\/wp-content\/uploads\/sites\/2\/2023\/12\/00000000_DOCSIS-3-1-GATEWAY-8200-POEP50_PRFL_01-600x600.jpg 600w, https:\/\/emea.dev.technetix.com\/wp-content\/uploads\/sites\/2\/2023\/12\/00000000_DOCSIS-3-1-GATEWAY-8200-POEP50_PRFL_01-100x100.jpg 100w\" sizes=\"(max-width: 1000px) 100vw, 1000px\" \/><\/figure>\n<\/div><\/div><\/div>\n\n<div class=\"gb-grid-column gb-grid-column-cb46cc96\"><div class=\"gb-container gb-container-cb46cc96\" id=\"content-col\"><div class=\"gb-inside-container\">\n<h2 class=\"gb-headline gb-headline-d02c52e4 gb-headline-text\">Optisches HFC PoE PON-Gateway (LOG-HG8010H-ONT) (nur CALA)<\/h2>\n\n<p>Die Integration des Huawei HG8010H erm\u00f6glicht schnelle Internet-Dienste f\u00fcr IP-Ger\u00e4te, die \u00fcber eine GPON OLT-Verbindung an den Ethernet-Port angeschlossen sind. Stellt eine Bandbreite von 1 Gbps in Kombination mit passiven PoE-Spannungen (12 VDC oder 48 VDC) mit einer maximalen Leistung von 20 W bereit. Das Gateway ist in in zwei Leistungsvarianten verf\u00fcgbar: HFC-Leistung 40-90 VAC, verf\u00fcgbar in koaxialen Kabel-TV-Netzwerken, oder 110-240 VAC bei Netzspeisung. Es k\u00f6nnen ONTs verschiedener Hersteller integriert werden.  <\/p>\n\n<ul class=\"wp-block-list\"><li>Betriebstemperaturbereich -40 \u00b0C bis +60 \u00b0C (-40 \u00b0F bis +140 \u00b0F)<\/li>\n\n<li>Vollst\u00e4ndig ITU-T G.984-kompatibles Framing<\/li>\n\n<li>\u00dcberwachung &amp; Konfiguration via SNMP-Agenten, SSH oder Web Browser<\/li>\n\n<li>Hinzuf\u00fcgen von Wi-Fi\u00ae, Kameras oder anderen Dienste-erm\u00f6glichenden Ger\u00e4ten<\/li><\/ul>\n<\/div><\/div><\/div>\n<\/div>\n\n<div class=\"gb-container gb-container-dbeed0b8 gb-container-con-buttons-bottom\">\n<h2 class=\"gb-headline gb-headline-7ce6fa4b gb-headline-text gb-headline-head-bottom-buttons\">N\u00fctzliche Links<\/h2>\n\n<div class=\"gb-button-wrapper gb-button-wrapper-5300c273 gb-button-wrapper-after-con-buttons\">\n<a class=\"gb-button gb-button-6da74cf2 gb-button-text gb-button-bottom-button\" href=\"https:\/\/emea.dev.technetix.com\/wp-content\/uploads\/sites\/2\/2023\/11\/LBOG-HG8010H-ONT_V1_DS_SP.pdf\">Datenblatt<\/a>\n\n<a class=\"gb-button gb-button-74bfad52 gb-button-text gb-button-bottom-button\" href=\"https:\/\/emea.dev.technetix.com\/de\/kontakt\/\">Kontakt<\/a>\n<\/div>\n<\/div>\n<\/div>","protected":false},"excerpt":{"rendered":"<p>N\u00fctzliche Links<\/p>\n","protected":false},"author":21,"featured_media":0,"parent":438684,"menu_order":0,"comment_status":"closed","ping_status":"closed","template":"","meta":{"_acf_changed":false,"_gspb_post_css":"","footnotes":""},"class_list":["post-438807","page","type-page","status-publish"],"yoast_head":"<!-- This site is optimized with the Yoast SEO Premium plugin v22.5 (Yoast SEO v23.7) - https:\/\/yoast.com\/wordpress\/plugins\/seo\/ -->\n<title>Optisches HFC PoE PON-Gateway (LOG-HG8010H-ONT) (nur CALA) - Technetix EMEA<\/title>\n<meta name=\"robots\" content=\"index, follow, max-snippet:-1, max-image-preview:large, max-video-preview:-1\" \/>\n<link rel=\"canonical\" href=\"https:\/\/emea.dev.technetix.com\/de\/drahtlose-kommunikation\/optische-hfc-poe-pon-gateways\/optisches-hfc-poe-pon-gateway-lbog-hg8010h-ont-nur-cala\/\" \/>\n<meta property=\"og:locale\" content=\"de_DE\" \/>\n<meta property=\"og:type\" content=\"article\" \/>\n<meta property=\"og:title\" content=\"Optisches HFC PoE PON-Gateway (LOG-HG8010H-ONT) (nur CALA) - Technetix EMEA\" \/>\n<meta property=\"og:description\" content=\"N\u00fctzliche Links\" \/>\n<meta property=\"og:url\" content=\"https:\/\/emea.dev.technetix.com\/de\/drahtlose-kommunikation\/optische-hfc-poe-pon-gateways\/optisches-hfc-poe-pon-gateway-lbog-hg8010h-ont-nur-cala\/\" \/>\n<meta property=\"og:site_name\" content=\"Technetix EMEA\" \/>\n<meta property=\"article:modified_time\" content=\"2024-06-14T12:05:45+00:00\" \/>\n<meta property=\"og:image\" content=\"https:\/\/emea.dev.technetix.com\/wp-content\/uploads\/sites\/2\/2023\/12\/00000000_DOCSIS-3-1-GATEWAY-8200-POEP50_PRFL_01.jpg\" \/>\n<meta name=\"twitter:card\" content=\"summary_large_image\" \/>\n<meta name=\"twitter:site\" content=\"@technetixgroup\" \/>\n<meta name=\"twitter:label1\" content=\"Gesch\u00e4tzte Lesezeit\" \/>\n\t<meta name=\"twitter:data1\" content=\"1\u00a0Minute\" \/>\n<script type=\"application\/ld+json\" class=\"yoast-schema-graph\">{\"@context\":\"https:\/\/schema.org\",\"@graph\":[{\"@type\":\"WebPage\",\"@id\":\"https:\/\/emea.dev.technetix.com\/de\/drahtlose-kommunikation\/optische-hfc-poe-pon-gateways\/optisches-hfc-poe-pon-gateway-lbog-hg8010h-ont-nur-cala\/\",\"url\":\"https:\/\/emea.dev.technetix.com\/de\/drahtlose-kommunikation\/optische-hfc-poe-pon-gateways\/optisches-hfc-poe-pon-gateway-lbog-hg8010h-ont-nur-cala\/\",\"name\":\"Optisches HFC PoE PON-Gateway (LOG-HG8010H-ONT) (nur CALA) - Technetix EMEA\",\"isPartOf\":{\"@id\":\"https:\/\/emea.dev.technetix.com\/de\/#website\"},\"primaryImageOfPage\":{\"@id\":\"https:\/\/emea.dev.technetix.com\/de\/drahtlose-kommunikation\/optische-hfc-poe-pon-gateways\/optisches-hfc-poe-pon-gateway-lbog-hg8010h-ont-nur-cala\/#primaryimage\"},\"image\":{\"@id\":\"https:\/\/emea.dev.technetix.com\/de\/drahtlose-kommunikation\/optische-hfc-poe-pon-gateways\/optisches-hfc-poe-pon-gateway-lbog-hg8010h-ont-nur-cala\/#primaryimage\"},\"thumbnailUrl\":\"https:\/\/emea.dev.technetix.com\/wp-content\/uploads\/sites\/2\/2023\/12\/00000000_DOCSIS-3-1-GATEWAY-8200-POEP50_PRFL_01.jpg\",\"datePublished\":\"2023-11-14T15:04:37+00:00\",\"dateModified\":\"2024-06-14T12:05:45+00:00\",\"breadcrumb\":{\"@id\":\"https:\/\/emea.dev.technetix.com\/de\/drahtlose-kommunikation\/optische-hfc-poe-pon-gateways\/optisches-hfc-poe-pon-gateway-lbog-hg8010h-ont-nur-cala\/#breadcrumb\"},\"inLanguage\":\"de\",\"potentialAction\":[{\"@type\":\"ReadAction\",\"target\":[\"https:\/\/emea.dev.technetix.com\/de\/drahtlose-kommunikation\/optische-hfc-poe-pon-gateways\/optisches-hfc-poe-pon-gateway-lbog-hg8010h-ont-nur-cala\/\"]}]},{\"@type\":\"ImageObject\",\"inLanguage\":\"de\",\"@id\":\"https:\/\/emea.dev.technetix.com\/de\/drahtlose-kommunikation\/optische-hfc-poe-pon-gateways\/optisches-hfc-poe-pon-gateway-lbog-hg8010h-ont-nur-cala\/#primaryimage\",\"url\":\"https:\/\/emea.dev.technetix.com\/wp-content\/uploads\/sites\/2\/2023\/12\/00000000_DOCSIS-3-1-GATEWAY-8200-POEP50_PRFL_01.jpg\",\"contentUrl\":\"https:\/\/emea.dev.technetix.com\/wp-content\/uploads\/sites\/2\/2023\/12\/00000000_DOCSIS-3-1-GATEWAY-8200-POEP50_PRFL_01.jpg\"},{\"@type\":\"BreadcrumbList\",\"@id\":\"https:\/\/emea.dev.technetix.com\/de\/drahtlose-kommunikation\/optische-hfc-poe-pon-gateways\/optisches-hfc-poe-pon-gateway-lbog-hg8010h-ont-nur-cala\/#breadcrumb\",\"itemListElement\":[{\"@type\":\"ListItem\",\"position\":1,\"name\":\"Home\",\"item\":\"https:\/\/emea.dev.technetix.com\/de\/\"},{\"@type\":\"ListItem\",\"position\":2,\"name\":\"Drahtlose Kommunikation\",\"item\":\"https:\/\/emea.dev.technetix.com\/de\/drahtlose-kommunikation\/\"},{\"@type\":\"ListItem\",\"position\":3,\"name\":\"Optische HFC PoE PON-Gateways\",\"item\":\"https:\/\/emea.dev.technetix.com\/de\/drahtlose-kommunikation\/optische-hfc-poe-pon-gateways\/\"},{\"@type\":\"ListItem\",\"position\":4,\"name\":\"Optisches HFC PoE PON-Gateway (LOG-HG8010H-ONT) (nur CALA)\"}]},{\"@type\":\"WebSite\",\"@id\":\"https:\/\/emea.dev.technetix.com\/de\/#website\",\"url\":\"https:\/\/emea.dev.technetix.com\/de\/\",\"name\":\"Technetix\",\"description\":\"Next-generation broadband equipment engineering\",\"publisher\":{\"@id\":\"https:\/\/emea.dev.technetix.com\/de\/#organization\"},\"potentialAction\":[{\"@type\":\"SearchAction\",\"target\":{\"@type\":\"EntryPoint\",\"urlTemplate\":\"https:\/\/emea.dev.technetix.com\/de\/?s={search_term_string}\"},\"query-input\":{\"@type\":\"PropertyValueSpecification\",\"valueRequired\":true,\"valueName\":\"search_term_string\"}}],\"inLanguage\":\"de\"},{\"@type\":\"Organization\",\"@id\":\"https:\/\/emea.dev.technetix.com\/de\/#organization\",\"name\":\"Technetix\",\"url\":\"https:\/\/emea.dev.technetix.com\/de\/\",\"logo\":{\"@type\":\"ImageObject\",\"inLanguage\":\"de\",\"@id\":\"https:\/\/emea.dev.technetix.com\/de\/#\/schema\/logo\/image\/\",\"url\":\"https:\/\/emea.dev.technetix.com\/wp-content\/uploads\/sites\/2\/2023\/06\/logo-Technetix-1000x1000-1.png\",\"contentUrl\":\"https:\/\/emea.dev.technetix.com\/wp-content\/uploads\/sites\/2\/2023\/06\/logo-Technetix-1000x1000-1.png\",\"width\":1000,\"height\":1000,\"caption\":\"Technetix\"},\"image\":{\"@id\":\"https:\/\/emea.dev.technetix.com\/de\/#\/schema\/logo\/image\/\"},\"sameAs\":[\"https:\/\/x.com\/technetixgroup\",\"https:\/\/www.linkedin.com\/company\/technetix\/\",\"https:\/\/www.youtube.com\/c\/Technetix-group\"]}]}<\/script>\n<!-- \/ Yoast SEO Premium plugin. -->","yoast_head_json":{"title":"Optisches HFC PoE PON-Gateway (LOG-HG8010H-ONT) (nur CALA) - Technetix EMEA","robots":{"index":"index","follow":"follow","max-snippet":"max-snippet:-1","max-image-preview":"max-image-preview:large","max-video-preview":"max-video-preview:-1"},"canonical":"https:\/\/emea.dev.technetix.com\/de\/drahtlose-kommunikation\/optische-hfc-poe-pon-gateways\/optisches-hfc-poe-pon-gateway-lbog-hg8010h-ont-nur-cala\/","og_locale":"de_DE","og_type":"article","og_title":"Optisches HFC PoE PON-Gateway (LOG-HG8010H-ONT) (nur CALA) - Technetix EMEA","og_description":"N\u00fctzliche Links","og_url":"https:\/\/emea.dev.technetix.com\/de\/drahtlose-kommunikation\/optische-hfc-poe-pon-gateways\/optisches-hfc-poe-pon-gateway-lbog-hg8010h-ont-nur-cala\/","og_site_name":"Technetix EMEA","article_modified_time":"2024-06-14T12:05:45+00:00","og_image":[{"url":"https:\/\/emea.dev.technetix.com\/wp-content\/uploads\/sites\/2\/2023\/12\/00000000_DOCSIS-3-1-GATEWAY-8200-POEP50_PRFL_01.jpg"}],"twitter_card":"summary_large_image","twitter_site":"@technetixgroup","twitter_misc":{"Gesch\u00e4tzte Lesezeit":"1\u00a0Minute"},"schema":{"@context":"https:\/\/schema.org","@graph":[{"@type":"WebPage","@id":"https:\/\/emea.dev.technetix.com\/de\/drahtlose-kommunikation\/optische-hfc-poe-pon-gateways\/optisches-hfc-poe-pon-gateway-lbog-hg8010h-ont-nur-cala\/","url":"https:\/\/emea.dev.technetix.com\/de\/drahtlose-kommunikation\/optische-hfc-poe-pon-gateways\/optisches-hfc-poe-pon-gateway-lbog-hg8010h-ont-nur-cala\/","name":"Optisches HFC PoE PON-Gateway (LOG-HG8010H-ONT) (nur CALA) - Technetix EMEA","isPartOf":{"@id":"https:\/\/emea.dev.technetix.com\/de\/#website"},"primaryImageOfPage":{"@id":"https:\/\/emea.dev.technetix.com\/de\/drahtlose-kommunikation\/optische-hfc-poe-pon-gateways\/optisches-hfc-poe-pon-gateway-lbog-hg8010h-ont-nur-cala\/#primaryimage"},"image":{"@id":"https:\/\/emea.dev.technetix.com\/de\/drahtlose-kommunikation\/optische-hfc-poe-pon-gateways\/optisches-hfc-poe-pon-gateway-lbog-hg8010h-ont-nur-cala\/#primaryimage"},"thumbnailUrl":"https:\/\/emea.dev.technetix.com\/wp-content\/uploads\/sites\/2\/2023\/12\/00000000_DOCSIS-3-1-GATEWAY-8200-POEP50_PRFL_01.jpg","datePublished":"2023-11-14T15:04:37+00:00","dateModified":"2024-06-14T12:05:45+00:00","breadcrumb":{"@id":"https:\/\/emea.dev.technetix.com\/de\/drahtlose-kommunikation\/optische-hfc-poe-pon-gateways\/optisches-hfc-poe-pon-gateway-lbog-hg8010h-ont-nur-cala\/#breadcrumb"},"inLanguage":"de","potentialAction":[{"@type":"ReadAction","target":["https:\/\/emea.dev.technetix.com\/de\/drahtlose-kommunikation\/optische-hfc-poe-pon-gateways\/optisches-hfc-poe-pon-gateway-lbog-hg8010h-ont-nur-cala\/"]}]},{"@type":"ImageObject","inLanguage":"de","@id":"https:\/\/emea.dev.technetix.com\/de\/drahtlose-kommunikation\/optische-hfc-poe-pon-gateways\/optisches-hfc-poe-pon-gateway-lbog-hg8010h-ont-nur-cala\/#primaryimage","url":"https:\/\/emea.dev.technetix.com\/wp-content\/uploads\/sites\/2\/2023\/12\/00000000_DOCSIS-3-1-GATEWAY-8200-POEP50_PRFL_01.jpg","contentUrl":"https:\/\/emea.dev.technetix.com\/wp-content\/uploads\/sites\/2\/2023\/12\/00000000_DOCSIS-3-1-GATEWAY-8200-POEP50_PRFL_01.jpg"},{"@type":"BreadcrumbList","@id":"https:\/\/emea.dev.technetix.com\/de\/drahtlose-kommunikation\/optische-hfc-poe-pon-gateways\/optisches-hfc-poe-pon-gateway-lbog-hg8010h-ont-nur-cala\/#breadcrumb","itemListElement":[{"@type":"ListItem","position":1,"name":"Home","item":"https:\/\/emea.dev.technetix.com\/de\/"},{"@type":"ListItem","position":2,"name":"Drahtlose Kommunikation","item":"https:\/\/emea.dev.technetix.com\/de\/drahtlose-kommunikation\/"},{"@type":"ListItem","position":3,"name":"Optische HFC PoE PON-Gateways","item":"https:\/\/emea.dev.technetix.com\/de\/drahtlose-kommunikation\/optische-hfc-poe-pon-gateways\/"},{"@type":"ListItem","position":4,"name":"Optisches HFC PoE PON-Gateway (LOG-HG8010H-ONT) (nur CALA)"}]},{"@type":"WebSite","@id":"https:\/\/emea.dev.technetix.com\/de\/#website","url":"https:\/\/emea.dev.technetix.com\/de\/","name":"Technetix","description":"Next-generation broadband equipment engineering","publisher":{"@id":"https:\/\/emea.dev.technetix.com\/de\/#organization"},"potentialAction":[{"@type":"SearchAction","target":{"@type":"EntryPoint","urlTemplate":"https:\/\/emea.dev.technetix.com\/de\/?s={search_term_string}"},"query-input":{"@type":"PropertyValueSpecification","valueRequired":true,"valueName":"search_term_string"}}],"inLanguage":"de"},{"@type":"Organization","@id":"https:\/\/emea.dev.technetix.com\/de\/#organization","name":"Technetix","url":"https:\/\/emea.dev.technetix.com\/de\/","logo":{"@type":"ImageObject","inLanguage":"de","@id":"https:\/\/emea.dev.technetix.com\/de\/#\/schema\/logo\/image\/","url":"https:\/\/emea.dev.technetix.com\/wp-content\/uploads\/sites\/2\/2023\/06\/logo-Technetix-1000x1000-1.png","contentUrl":"https:\/\/emea.dev.technetix.com\/wp-content\/uploads\/sites\/2\/2023\/06\/logo-Technetix-1000x1000-1.png","width":1000,"height":1000,"caption":"Technetix"},"image":{"@id":"https:\/\/emea.dev.technetix.com\/de\/#\/schema\/logo\/image\/"},"sameAs":["https:\/\/x.com\/technetixgroup","https:\/\/www.linkedin.com\/company\/technetix\/","https:\/\/www.youtube.com\/c\/Technetix-group"]}]}},"acf":[],"publishpress_future_workflow_manual_trigger":{"enabledWorkflows":[]},"_links":{"self":[{"href":"https:\/\/emea.dev.technetix.com\/de\/wp-json\/wp\/v2\/pages\/438807"}],"collection":[{"href":"https:\/\/emea.dev.technetix.com\/de\/wp-json\/wp\/v2\/pages"}],"about":[{"href":"https:\/\/emea.dev.technetix.com\/de\/wp-json\/wp\/v2\/types\/page"}],"author":[{"embeddable":true,"href":"https:\/\/emea.dev.technetix.com\/de\/wp-json\/wp\/v2\/users\/21"}],"replies":[{"embeddable":true,"href":"https:\/\/emea.dev.technetix.com\/de\/wp-json\/wp\/v2\/comments?post=438807"}],"version-history":[{"count":3,"href":"https:\/\/emea.dev.technetix.com\/de\/wp-json\/wp\/v2\/pages\/438807\/revisions"}],"predecessor-version":[{"id":438811,"href":"https:\/\/emea.dev.technetix.com\/de\/wp-json\/wp\/v2\/pages\/438807\/revisions\/438811"}],"up":[{"embeddable":true,"href":"https:\/\/emea.dev.technetix.com\/de\/wp-json\/wp\/v2\/pages\/438684"}],"wp:attachment":[{"href":"https:\/\/emea.dev.technetix.com\/de\/wp-json\/wp\/v2\/media?parent=438807"}],"curies":[{"name":"wp","href":"https:\/\/api.w.org\/{rel}","templated":true}]}}