{"id":438684,"date":"2023-11-14T14:47:43","date_gmt":"2023-11-14T14:47:43","guid":{"rendered":"https:\/\/emea.dev.technetix.com\/xhaul\/optische-hfc-poe-pon-gateways\/"},"modified":"2024-06-14T12:10:50","modified_gmt":"2024-06-14T12:10:50","slug":"optische-hfc-poe-pon-gateways","status":"publish","type":"page","link":"https:\/\/emea.dev.technetix.com\/de\/drahtlose-kommunikation\/optische-hfc-poe-pon-gateways\/","title":{"rendered":"Optische HFC PoE PON-Gateways"},"content":{"rendered":"<div class=\"gb-container gb-container-6741be28 gb-container-con-centered-header\" id=\"intro\">\n<div class=\"gb-container gb-container-58e0a5c7 gb-container-con-centered-header\" id=\"intro\">\n<div style=\"height:35px\" aria-hidden=\"true\" class=\"wp-block-spacer\"><\/div>\n\n<h1 class=\"gb-headline gb-headline-724f5148 gb-headline-text\">Optische HFC PoE PON-Gateways<\/h1>\n\n<h6 class=\"gb-headline gb-headline-b6d351a8 gb-headline-text\">Die optischen HFC, Power-over-Ethernet- (PoE) und PON-Gateways von Technetix erm\u00f6glichen schnelle Internet-Dienste f\u00fcr jedes IP-Ger\u00e4t, das \u00fcber eine GPON OLT-Verbindung an den Ethernet-Port angeschlossen ist. Stellt eine Bandbreite von 1 Gbps in Kombination mit passiven PoE-Spannungen mit einer maximalen Leistung von 20 W bereit. <\/h6>\n\n<div style=\"height:35px\" aria-hidden=\"true\" class=\"wp-block-spacer\"><\/div>\n<\/div>\n<\/div><div class=\"gb-container gb-container-3070dded gb-container-wide-back-page-con\" id=\"cards\">\n<div class=\"gb-container gb-container-65c0b9b3 gb-container-wide-back-page-con\">\n<div class=\"gb-grid-wrapper gb-grid-wrapper-53f55656\">\n<div class=\"gb-grid-column gb-grid-column-111762de\"><div class=\"gb-container gb-container-111762de image-link-block\"><a class=\"gb-container-link\" href=\"https:\/\/emea.dev.technetix.com\/de\/drahtlose-kommunikation\/optische-hfc-poe-pon-gateways\/optisches-hfc-poe-pon-gateway-lbog-f601-ont-nur-cala\/\"><\/a><div class=\"gb-inside-container\">\n<div class=\"gb-container gb-container-c51a427e\"><div class=\"gb-inside-container\">\n<figure class=\"gb-block-image gb-block-image-92ef0c3b\"><img loading=\"lazy\" decoding=\"async\" width=\"1000\" height=\"500\" class=\"gb-image gb-image-92ef0c3b\" src=\"https:\/\/emea.dev.technetix.com\/wp-content\/uploads\/sites\/2\/2023\/12\/5000x2500px-tiles_0002_DOCSIS-2-1.png\" alt=\"\" title=\"5000x2500px-tiles_0002_DOCSIS-2-1\" srcset=\"https:\/\/emea.dev.technetix.com\/wp-content\/uploads\/sites\/2\/2023\/12\/5000x2500px-tiles_0002_DOCSIS-2-1.png 1000w, https:\/\/emea.dev.technetix.com\/wp-content\/uploads\/sites\/2\/2023\/12\/5000x2500px-tiles_0002_DOCSIS-2-1-300x150.png 300w, https:\/\/emea.dev.technetix.com\/wp-content\/uploads\/sites\/2\/2023\/12\/5000x2500px-tiles_0002_DOCSIS-2-1-768x384.png 768w, https:\/\/emea.dev.technetix.com\/wp-content\/uploads\/sites\/2\/2023\/12\/5000x2500px-tiles_0002_DOCSIS-2-1-600x300.png 600w\" sizes=\"(max-width: 1000px) 100vw, 1000px\" \/><\/figure>\n\n<h2 class=\"gb-headline gb-headline-8057c017 gb-headline-text\">Optisches HFC PoE PON-Gateway (LBOG-F601-ONT) (nur CALA)<\/h2>\n\n<p class=\"gb-headline gb-headline-380a8e6b gb-headline-text\"><\/p>\n<\/div><\/div>\n<\/div><\/div><\/div>\n\n<div class=\"gb-grid-column gb-grid-column-0960c838\"><div class=\"gb-container gb-container-0960c838 image-link-block\"><a class=\"gb-container-link\" href=\"https:\/\/emea.dev.technetix.com\/de\/drahtlose-kommunikation\/optische-hfc-poe-pon-gateways\/optisches-hfc-poe-pon-gateway-lbog-hg8010h-ont-nur-cala\/\"><\/a><div class=\"gb-inside-container\">\n<div class=\"gb-container gb-container-df6cbcc9\"><div class=\"gb-inside-container\">\n<figure class=\"gb-block-image gb-block-image-6787b70f\"><img loading=\"lazy\" decoding=\"async\" width=\"1000\" height=\"500\" class=\"gb-image gb-image-6787b70f\" src=\"https:\/\/emea.dev.technetix.com\/wp-content\/uploads\/sites\/2\/2023\/12\/5000x2500px-tiles_0002_DOCSIS-2.png\" alt=\"\" title=\"5000x2500px-tiles_0002_DOCSIS-2\" srcset=\"https:\/\/emea.dev.technetix.com\/wp-content\/uploads\/sites\/2\/2023\/12\/5000x2500px-tiles_0002_DOCSIS-2.png 1000w, https:\/\/emea.dev.technetix.com\/wp-content\/uploads\/sites\/2\/2023\/12\/5000x2500px-tiles_0002_DOCSIS-2-300x150.png 300w, https:\/\/emea.dev.technetix.com\/wp-content\/uploads\/sites\/2\/2023\/12\/5000x2500px-tiles_0002_DOCSIS-2-768x384.png 768w, https:\/\/emea.dev.technetix.com\/wp-content\/uploads\/sites\/2\/2023\/12\/5000x2500px-tiles_0002_DOCSIS-2-600x300.png 600w\" sizes=\"(max-width: 1000px) 100vw, 1000px\" \/><\/figure>\n\n<h2 class=\"gb-headline gb-headline-7341686a gb-headline-text\">Optisches HFC PoE PON-Gateway (LOG-HG8010H-ONT) (nur CALA)<\/h2>\n\n<p class=\"gb-headline gb-headline-78d5eadf gb-headline-text\"><\/p>\n<\/div><\/div>\n<\/div><\/div><\/div>\n<\/div>\n<\/div>\n<\/div>","protected":false},"excerpt":{"rendered":"<p>Optische HFC PoE PON-Gateways Die optischen HFC, Power-over-Ethernet- (PoE) und PON-Gateways von Technetix erm\u00f6glichen schnelle Internet-Dienste f\u00fcr jedes IP-Ger\u00e4t, das \u00fcber eine GPON OLT-Verbindung an den Ethernet-Port angeschlossen ist. Stellt eine Bandbreite von 1 Gbps in Kombination mit passiven PoE-Spannungen mit einer maximalen Leistung von 20 W bereit.<\/p>\n","protected":false},"author":21,"featured_media":0,"parent":6157,"menu_order":0,"comment_status":"closed","ping_status":"closed","template":"","meta":{"_acf_changed":false,"_gspb_post_css":"","footnotes":""},"class_list":["post-438684","page","type-page","status-publish"],"yoast_head":"<!-- This site is optimized with the Yoast SEO Premium plugin v22.5 (Yoast SEO v23.7) - https:\/\/yoast.com\/wordpress\/plugins\/seo\/ -->\n<title>Optische HFC PoE PON-Gateways - Technetix EMEA<\/title>\n<meta name=\"robots\" content=\"index, follow, max-snippet:-1, max-image-preview:large, max-video-preview:-1\" \/>\n<link rel=\"canonical\" href=\"https:\/\/emea.dev.technetix.com\/de\/drahtlose-kommunikation\/optische-hfc-poe-pon-gateways\/\" \/>\n<meta property=\"og:locale\" content=\"de_DE\" \/>\n<meta property=\"og:type\" content=\"article\" \/>\n<meta property=\"og:title\" content=\"Optische HFC PoE PON-Gateways - Technetix EMEA\" \/>\n<meta property=\"og:description\" content=\"Optische HFC PoE PON-Gateways Die optischen HFC, Power-over-Ethernet- (PoE) und PON-Gateways von Technetix erm\u00f6glichen schnelle Internet-Dienste f\u00fcr jedes IP-Ger\u00e4t, das \u00fcber eine GPON OLT-Verbindung an den Ethernet-Port angeschlossen ist. Stellt eine Bandbreite von 1 Gbps in Kombination mit passiven PoE-Spannungen mit einer maximalen Leistung von 20 W bereit.\" \/>\n<meta property=\"og:url\" content=\"https:\/\/emea.dev.technetix.com\/de\/drahtlose-kommunikation\/optische-hfc-poe-pon-gateways\/\" \/>\n<meta property=\"og:site_name\" content=\"Technetix EMEA\" \/>\n<meta property=\"article:modified_time\" content=\"2024-06-14T12:10:50+00:00\" \/>\n<meta property=\"og:image\" content=\"https:\/\/emea.dev.technetix.com\/wp-content\/uploads\/sites\/2\/2023\/12\/5000x2500px-tiles_0002_DOCSIS-2-1.png\" \/>\n<meta name=\"twitter:card\" content=\"summary_large_image\" \/>\n<meta name=\"twitter:site\" content=\"@technetixgroup\" \/>\n<meta name=\"twitter:label1\" content=\"Gesch\u00e4tzte Lesezeit\" \/>\n\t<meta name=\"twitter:data1\" content=\"1\u00a0Minute\" \/>\n<script type=\"application\/ld+json\" class=\"yoast-schema-graph\">{\"@context\":\"https:\/\/schema.org\",\"@graph\":[{\"@type\":\"WebPage\",\"@id\":\"https:\/\/emea.dev.technetix.com\/de\/drahtlose-kommunikation\/optische-hfc-poe-pon-gateways\/\",\"url\":\"https:\/\/emea.dev.technetix.com\/de\/drahtlose-kommunikation\/optische-hfc-poe-pon-gateways\/\",\"name\":\"Optische HFC PoE PON-Gateways - Technetix EMEA\",\"isPartOf\":{\"@id\":\"https:\/\/emea.dev.technetix.com\/de\/#website\"},\"primaryImageOfPage\":{\"@id\":\"https:\/\/emea.dev.technetix.com\/de\/drahtlose-kommunikation\/optische-hfc-poe-pon-gateways\/#primaryimage\"},\"image\":{\"@id\":\"https:\/\/emea.dev.technetix.com\/de\/drahtlose-kommunikation\/optische-hfc-poe-pon-gateways\/#primaryimage\"},\"thumbnailUrl\":\"https:\/\/emea.dev.technetix.com\/wp-content\/uploads\/sites\/2\/2023\/12\/5000x2500px-tiles_0002_DOCSIS-2-1.png\",\"datePublished\":\"2023-11-14T14:47:43+00:00\",\"dateModified\":\"2024-06-14T12:10:50+00:00\",\"breadcrumb\":{\"@id\":\"https:\/\/emea.dev.technetix.com\/de\/drahtlose-kommunikation\/optische-hfc-poe-pon-gateways\/#breadcrumb\"},\"inLanguage\":\"de\",\"potentialAction\":[{\"@type\":\"ReadAction\",\"target\":[\"https:\/\/emea.dev.technetix.com\/de\/drahtlose-kommunikation\/optische-hfc-poe-pon-gateways\/\"]}]},{\"@type\":\"ImageObject\",\"inLanguage\":\"de\",\"@id\":\"https:\/\/emea.dev.technetix.com\/de\/drahtlose-kommunikation\/optische-hfc-poe-pon-gateways\/#primaryimage\",\"url\":\"https:\/\/emea.dev.technetix.com\/wp-content\/uploads\/sites\/2\/2023\/12\/5000x2500px-tiles_0002_DOCSIS-2-1.png\",\"contentUrl\":\"https:\/\/emea.dev.technetix.com\/wp-content\/uploads\/sites\/2\/2023\/12\/5000x2500px-tiles_0002_DOCSIS-2-1.png\"},{\"@type\":\"BreadcrumbList\",\"@id\":\"https:\/\/emea.dev.technetix.com\/de\/drahtlose-kommunikation\/optische-hfc-poe-pon-gateways\/#breadcrumb\",\"itemListElement\":[{\"@type\":\"ListItem\",\"position\":1,\"name\":\"Home\",\"item\":\"https:\/\/emea.dev.technetix.com\/de\/\"},{\"@type\":\"ListItem\",\"position\":2,\"name\":\"Drahtlose Kommunikation\",\"item\":\"https:\/\/emea.dev.technetix.com\/de\/drahtlose-kommunikation\/\"},{\"@type\":\"ListItem\",\"position\":3,\"name\":\"Optische HFC PoE PON-Gateways\"}]},{\"@type\":\"WebSite\",\"@id\":\"https:\/\/emea.dev.technetix.com\/de\/#website\",\"url\":\"https:\/\/emea.dev.technetix.com\/de\/\",\"name\":\"Technetix\",\"description\":\"Next-generation broadband equipment engineering\",\"publisher\":{\"@id\":\"https:\/\/emea.dev.technetix.com\/de\/#organization\"},\"potentialAction\":[{\"@type\":\"SearchAction\",\"target\":{\"@type\":\"EntryPoint\",\"urlTemplate\":\"https:\/\/emea.dev.technetix.com\/de\/?s={search_term_string}\"},\"query-input\":{\"@type\":\"PropertyValueSpecification\",\"valueRequired\":true,\"valueName\":\"search_term_string\"}}],\"inLanguage\":\"de\"},{\"@type\":\"Organization\",\"@id\":\"https:\/\/emea.dev.technetix.com\/de\/#organization\",\"name\":\"Technetix\",\"url\":\"https:\/\/emea.dev.technetix.com\/de\/\",\"logo\":{\"@type\":\"ImageObject\",\"inLanguage\":\"de\",\"@id\":\"https:\/\/emea.dev.technetix.com\/de\/#\/schema\/logo\/image\/\",\"url\":\"https:\/\/emea.dev.technetix.com\/wp-content\/uploads\/sites\/2\/2023\/06\/logo-Technetix-1000x1000-1.png\",\"contentUrl\":\"https:\/\/emea.dev.technetix.com\/wp-content\/uploads\/sites\/2\/2023\/06\/logo-Technetix-1000x1000-1.png\",\"width\":1000,\"height\":1000,\"caption\":\"Technetix\"},\"image\":{\"@id\":\"https:\/\/emea.dev.technetix.com\/de\/#\/schema\/logo\/image\/\"},\"sameAs\":[\"https:\/\/x.com\/technetixgroup\",\"https:\/\/www.linkedin.com\/company\/technetix\/\",\"https:\/\/www.youtube.com\/c\/Technetix-group\"]}]}<\/script>\n<!-- \/ Yoast SEO Premium plugin. -->","yoast_head_json":{"title":"Optische HFC PoE PON-Gateways - Technetix EMEA","robots":{"index":"index","follow":"follow","max-snippet":"max-snippet:-1","max-image-preview":"max-image-preview:large","max-video-preview":"max-video-preview:-1"},"canonical":"https:\/\/emea.dev.technetix.com\/de\/drahtlose-kommunikation\/optische-hfc-poe-pon-gateways\/","og_locale":"de_DE","og_type":"article","og_title":"Optische HFC PoE PON-Gateways - Technetix EMEA","og_description":"Optische HFC PoE PON-Gateways Die optischen HFC, Power-over-Ethernet- (PoE) und PON-Gateways von Technetix erm\u00f6glichen schnelle Internet-Dienste f\u00fcr jedes IP-Ger\u00e4t, das \u00fcber eine GPON OLT-Verbindung an den Ethernet-Port angeschlossen ist. Stellt eine Bandbreite von 1 Gbps in Kombination mit passiven PoE-Spannungen mit einer maximalen Leistung von 20 W bereit.","og_url":"https:\/\/emea.dev.technetix.com\/de\/drahtlose-kommunikation\/optische-hfc-poe-pon-gateways\/","og_site_name":"Technetix EMEA","article_modified_time":"2024-06-14T12:10:50+00:00","og_image":[{"url":"https:\/\/emea.dev.technetix.com\/wp-content\/uploads\/sites\/2\/2023\/12\/5000x2500px-tiles_0002_DOCSIS-2-1.png"}],"twitter_card":"summary_large_image","twitter_site":"@technetixgroup","twitter_misc":{"Gesch\u00e4tzte Lesezeit":"1\u00a0Minute"},"schema":{"@context":"https:\/\/schema.org","@graph":[{"@type":"WebPage","@id":"https:\/\/emea.dev.technetix.com\/de\/drahtlose-kommunikation\/optische-hfc-poe-pon-gateways\/","url":"https:\/\/emea.dev.technetix.com\/de\/drahtlose-kommunikation\/optische-hfc-poe-pon-gateways\/","name":"Optische HFC PoE PON-Gateways - Technetix EMEA","isPartOf":{"@id":"https:\/\/emea.dev.technetix.com\/de\/#website"},"primaryImageOfPage":{"@id":"https:\/\/emea.dev.technetix.com\/de\/drahtlose-kommunikation\/optische-hfc-poe-pon-gateways\/#primaryimage"},"image":{"@id":"https:\/\/emea.dev.technetix.com\/de\/drahtlose-kommunikation\/optische-hfc-poe-pon-gateways\/#primaryimage"},"thumbnailUrl":"https:\/\/emea.dev.technetix.com\/wp-content\/uploads\/sites\/2\/2023\/12\/5000x2500px-tiles_0002_DOCSIS-2-1.png","datePublished":"2023-11-14T14:47:43+00:00","dateModified":"2024-06-14T12:10:50+00:00","breadcrumb":{"@id":"https:\/\/emea.dev.technetix.com\/de\/drahtlose-kommunikation\/optische-hfc-poe-pon-gateways\/#breadcrumb"},"inLanguage":"de","potentialAction":[{"@type":"ReadAction","target":["https:\/\/emea.dev.technetix.com\/de\/drahtlose-kommunikation\/optische-hfc-poe-pon-gateways\/"]}]},{"@type":"ImageObject","inLanguage":"de","@id":"https:\/\/emea.dev.technetix.com\/de\/drahtlose-kommunikation\/optische-hfc-poe-pon-gateways\/#primaryimage","url":"https:\/\/emea.dev.technetix.com\/wp-content\/uploads\/sites\/2\/2023\/12\/5000x2500px-tiles_0002_DOCSIS-2-1.png","contentUrl":"https:\/\/emea.dev.technetix.com\/wp-content\/uploads\/sites\/2\/2023\/12\/5000x2500px-tiles_0002_DOCSIS-2-1.png"},{"@type":"BreadcrumbList","@id":"https:\/\/emea.dev.technetix.com\/de\/drahtlose-kommunikation\/optische-hfc-poe-pon-gateways\/#breadcrumb","itemListElement":[{"@type":"ListItem","position":1,"name":"Home","item":"https:\/\/emea.dev.technetix.com\/de\/"},{"@type":"ListItem","position":2,"name":"Drahtlose Kommunikation","item":"https:\/\/emea.dev.technetix.com\/de\/drahtlose-kommunikation\/"},{"@type":"ListItem","position":3,"name":"Optische HFC PoE PON-Gateways"}]},{"@type":"WebSite","@id":"https:\/\/emea.dev.technetix.com\/de\/#website","url":"https:\/\/emea.dev.technetix.com\/de\/","name":"Technetix","description":"Next-generation broadband equipment engineering","publisher":{"@id":"https:\/\/emea.dev.technetix.com\/de\/#organization"},"potentialAction":[{"@type":"SearchAction","target":{"@type":"EntryPoint","urlTemplate":"https:\/\/emea.dev.technetix.com\/de\/?s={search_term_string}"},"query-input":{"@type":"PropertyValueSpecification","valueRequired":true,"valueName":"search_term_string"}}],"inLanguage":"de"},{"@type":"Organization","@id":"https:\/\/emea.dev.technetix.com\/de\/#organization","name":"Technetix","url":"https:\/\/emea.dev.technetix.com\/de\/","logo":{"@type":"ImageObject","inLanguage":"de","@id":"https:\/\/emea.dev.technetix.com\/de\/#\/schema\/logo\/image\/","url":"https:\/\/emea.dev.technetix.com\/wp-content\/uploads\/sites\/2\/2023\/06\/logo-Technetix-1000x1000-1.png","contentUrl":"https:\/\/emea.dev.technetix.com\/wp-content\/uploads\/sites\/2\/2023\/06\/logo-Technetix-1000x1000-1.png","width":1000,"height":1000,"caption":"Technetix"},"image":{"@id":"https:\/\/emea.dev.technetix.com\/de\/#\/schema\/logo\/image\/"},"sameAs":["https:\/\/x.com\/technetixgroup","https:\/\/www.linkedin.com\/company\/technetix\/","https:\/\/www.youtube.com\/c\/Technetix-group"]}]}},"acf":[],"publishpress_future_workflow_manual_trigger":{"enabledWorkflows":[]},"_links":{"self":[{"href":"https:\/\/emea.dev.technetix.com\/de\/wp-json\/wp\/v2\/pages\/438684"}],"collection":[{"href":"https:\/\/emea.dev.technetix.com\/de\/wp-json\/wp\/v2\/pages"}],"about":[{"href":"https:\/\/emea.dev.technetix.com\/de\/wp-json\/wp\/v2\/types\/page"}],"author":[{"embeddable":true,"href":"https:\/\/emea.dev.technetix.com\/de\/wp-json\/wp\/v2\/users\/21"}],"replies":[{"embeddable":true,"href":"https:\/\/emea.dev.technetix.com\/de\/wp-json\/wp\/v2\/comments?post=438684"}],"version-history":[{"count":7,"href":"https:\/\/emea.dev.technetix.com\/de\/wp-json\/wp\/v2\/pages\/438684\/revisions"}],"predecessor-version":[{"id":438815,"href":"https:\/\/emea.dev.technetix.com\/de\/wp-json\/wp\/v2\/pages\/438684\/revisions\/438815"}],"up":[{"embeddable":true,"href":"https:\/\/emea.dev.technetix.com\/de\/wp-json\/wp\/v2\/pages\/6157"}],"wp:attachment":[{"href":"https:\/\/emea.dev.technetix.com\/de\/wp-json\/wp\/v2\/media?parent=438684"}],"curies":[{"name":"wp","href":"https:\/\/api.w.org\/{rel}","templated":true}]}}