{"id":434573,"date":"2023-11-14T12:53:54","date_gmt":"2023-11-14T12:53:54","guid":{"rendered":"https:\/\/emea.dev.technetix.com\/poe-docsis-gateway-mit-50-w-ausgangsleistung-lbdg-pro-50-docsis-3-1-1p\/"},"modified":"2024-06-11T15:28:19","modified_gmt":"2024-06-11T15:28:19","slug":"poe-docsis-gateway-mit-50-w-ausgangsleistung-lbdg-pro-50-docsis-3-1-1p","status":"publish","type":"page","link":"https:\/\/emea.dev.technetix.com\/de\/drahtlose-kommunikation\/poe-docsis-gateways\/poe-docsis-gateway-mit-50-w-ausgangsleistung-lbdg-pro-50-docsis-3-1-1p\/","title":{"rendered":"PoE++ DOCSIS\u00ae-Gateway mit 50 W Ausgangsleistung (LBDG-PRO-50 DOCSIS 3.1 1P)"},"content":{"rendered":"<div class=\"gb-container gb-container-a2efb66f gb-container-wide-back-page-con\" id=\"content\">\n<div class=\"gb-grid-wrapper gb-grid-wrapper-5efcc144\">\n<div class=\"gb-grid-column gb-grid-column-6e2f42ae\"><div class=\"gb-container gb-container-6e2f42ae\" id=\"image-col\"><div class=\"gb-inside-container\">\n<figure class=\"gb-block-image gb-block-image-61e35e7d\"><img loading=\"lazy\" decoding=\"async\" width=\"1000\" height=\"1000\" class=\"gb-image gb-image-61e35e7d\" src=\"https:\/\/emea.dev.technetix.com\/wp-content\/uploads\/sites\/2\/2023\/12\/00000000_DOCSIS-3-1-GATEWAY-8200-POEP50_PRFL_01.png\" alt=\"\" title=\"00000000_DOCSIS-3-1-GATEWAY-8200-POE++P50_PRFL_01\" srcset=\"https:\/\/emea.dev.technetix.com\/wp-content\/uploads\/sites\/2\/2023\/12\/00000000_DOCSIS-3-1-GATEWAY-8200-POEP50_PRFL_01.png 1000w, https:\/\/emea.dev.technetix.com\/wp-content\/uploads\/sites\/2\/2023\/12\/00000000_DOCSIS-3-1-GATEWAY-8200-POEP50_PRFL_01-300x300.png 300w, https:\/\/emea.dev.technetix.com\/wp-content\/uploads\/sites\/2\/2023\/12\/00000000_DOCSIS-3-1-GATEWAY-8200-POEP50_PRFL_01-150x150.png 150w, https:\/\/emea.dev.technetix.com\/wp-content\/uploads\/sites\/2\/2023\/12\/00000000_DOCSIS-3-1-GATEWAY-8200-POEP50_PRFL_01-768x768.png 768w, https:\/\/emea.dev.technetix.com\/wp-content\/uploads\/sites\/2\/2023\/12\/00000000_DOCSIS-3-1-GATEWAY-8200-POEP50_PRFL_01-600x600.png 600w, https:\/\/emea.dev.technetix.com\/wp-content\/uploads\/sites\/2\/2023\/12\/00000000_DOCSIS-3-1-GATEWAY-8200-POEP50_PRFL_01-100x100.png 100w\" sizes=\"(max-width: 1000px) 100vw, 1000px\" \/><\/figure>\n<\/div><\/div><\/div>\n\n<div class=\"gb-grid-column gb-grid-column-cb46cc96\"><div class=\"gb-container gb-container-cb46cc96\" id=\"content-col\"><div class=\"gb-inside-container\">\n<h2 class=\"gb-headline gb-headline-d02c52e4 gb-headline-text\">PoE++ DOCSIS\u00ae-Gateway mit 50 W Ausgangsleistung (LBDG-PRO-50 DOCSIS 3.1 1P)<\/h2>\n\n<p>Eine erschwingliche DOCSIS\u00ae 3.1-basierte Infrastruktur zum Betrieb Ihres bevorzugten 802.3at-basierten Four-Pair-Schemes-kompatiblen Access Points f\u00fcr kleine Funkzellen oder Ihrer IP-Kamera. Entwickelt f\u00fcr den Erhalt der Zuverl\u00e4ssigkeit bei minimierten Kosten verwendet das geh\u00e4rtete Gateway ein vom Betreiber kontrolliertes Standard-basiertes DOCSIS-Kabelmodem. In Verbindung mit SNMP-\u00dcberwachungssystemen kann es zur Evaluation der Leitungsbedingungen der Kabelanlage genutzt werden. <\/p>\n\n<ul class=\"wp-block-list\"><li>Aluminium Spritzguss-Schalengeh\u00e4use<\/li>\n\n<li>Strang-, Decken-, Sockel- oder Wandmontage<\/li>\n\n<li>Betriebstemperaturbereich 40 \u00b0C bis +60 \u00b0C (-40 \u00b0F bis +140 \u00b0F)<\/li>\n\n<li>Die Koax-Leistungsschnittstelle sch\u00fctzt die HF-Leistung des HFC-Kabelnetzes<\/li><\/ul>\n<\/div><\/div><\/div>\n<\/div>\n\n<div class=\"gb-container gb-container-dbeed0b8 gb-container-con-buttons-bottom\">\n<h2 class=\"gb-headline gb-headline-7ce6fa4b gb-headline-text gb-headline-head-bottom-buttons\">N\u00fctzliche Links<\/h2>\n\n<div class=\"gb-button-wrapper gb-button-wrapper-5300c273 gb-button-wrapper-after-con-buttons\">\n<a class=\"gb-button gb-button-3eadfa91 gb-button-text gb-button-bottom-button\" href=\"https:\/\/emea.dev.technetix.com\/wp-content\/uploads\/sites\/2\/2023\/11\/LBDG_PRO_50_DOCSIS3_1_1P_V1_DS_EN.pdf\" target=\"_blank\" rel=\"noopener noreferrer\">Datenblatt<\/a>\n\n<a class=\"gb-button gb-button-74bfad52 gb-button-text gb-button-bottom-button\" href=\"https:\/\/emea.dev.technetix.com\/de\/kontakt\/\">Kontakt<\/a>\n<\/div>\n<\/div>\n<\/div>","protected":false},"excerpt":{"rendered":"<p>N\u00fctzliche Links<\/p>\n","protected":false},"author":21,"featured_media":0,"parent":434577,"menu_order":0,"comment_status":"closed","ping_status":"closed","template":"","meta":{"_acf_changed":false,"_gspb_post_css":"","footnotes":""},"class_list":["post-434573","page","type-page","status-publish"],"yoast_head":"<!-- This site is optimized with the Yoast SEO Premium plugin v22.5 (Yoast SEO v23.7) - https:\/\/yoast.com\/wordpress\/plugins\/seo\/ -->\n<title>PoE++ DOCSIS\u00ae-Gateway mit 50 W Ausgangsleistung (LBDG-PRO-50 DOCSIS 3.1 1P) - Technetix EMEA<\/title>\n<meta name=\"robots\" content=\"index, follow, max-snippet:-1, max-image-preview:large, max-video-preview:-1\" \/>\n<link rel=\"canonical\" href=\"https:\/\/emea.dev.technetix.com\/de\/drahtlose-kommunikation\/poe-docsis-gateways\/poe-docsis-gateway-mit-50-w-ausgangsleistung-lbdg-pro-50-docsis-3-1-1p\/\" \/>\n<meta property=\"og:locale\" content=\"de_DE\" \/>\n<meta property=\"og:type\" content=\"article\" \/>\n<meta property=\"og:title\" content=\"PoE++ DOCSIS\u00ae-Gateway mit 50 W Ausgangsleistung (LBDG-PRO-50 DOCSIS 3.1 1P) - Technetix EMEA\" \/>\n<meta property=\"og:description\" content=\"N\u00fctzliche Links\" \/>\n<meta property=\"og:url\" content=\"https:\/\/emea.dev.technetix.com\/de\/drahtlose-kommunikation\/poe-docsis-gateways\/poe-docsis-gateway-mit-50-w-ausgangsleistung-lbdg-pro-50-docsis-3-1-1p\/\" \/>\n<meta property=\"og:site_name\" content=\"Technetix EMEA\" \/>\n<meta property=\"article:modified_time\" content=\"2024-06-11T15:28:19+00:00\" \/>\n<meta property=\"og:image\" content=\"https:\/\/emea.dev.technetix.com\/wp-content\/uploads\/sites\/2\/2023\/12\/00000000_DOCSIS-3-1-GATEWAY-8200-POEP50_PRFL_01.png\" \/>\n<meta name=\"twitter:card\" content=\"summary_large_image\" \/>\n<meta name=\"twitter:site\" content=\"@technetixgroup\" \/>\n<meta name=\"twitter:label1\" content=\"Gesch\u00e4tzte Lesezeit\" \/>\n\t<meta name=\"twitter:data1\" content=\"1\u00a0Minute\" \/>\n<script type=\"application\/ld+json\" class=\"yoast-schema-graph\">{\"@context\":\"https:\/\/schema.org\",\"@graph\":[{\"@type\":\"WebPage\",\"@id\":\"https:\/\/emea.dev.technetix.com\/de\/drahtlose-kommunikation\/poe-docsis-gateways\/poe-docsis-gateway-mit-50-w-ausgangsleistung-lbdg-pro-50-docsis-3-1-1p\/\",\"url\":\"https:\/\/emea.dev.technetix.com\/de\/drahtlose-kommunikation\/poe-docsis-gateways\/poe-docsis-gateway-mit-50-w-ausgangsleistung-lbdg-pro-50-docsis-3-1-1p\/\",\"name\":\"PoE++ DOCSIS\u00ae-Gateway mit 50 W Ausgangsleistung (LBDG-PRO-50 DOCSIS 3.1 1P) - Technetix EMEA\",\"isPartOf\":{\"@id\":\"https:\/\/emea.dev.technetix.com\/de\/#website\"},\"primaryImageOfPage\":{\"@id\":\"https:\/\/emea.dev.technetix.com\/de\/drahtlose-kommunikation\/poe-docsis-gateways\/poe-docsis-gateway-mit-50-w-ausgangsleistung-lbdg-pro-50-docsis-3-1-1p\/#primaryimage\"},\"image\":{\"@id\":\"https:\/\/emea.dev.technetix.com\/de\/drahtlose-kommunikation\/poe-docsis-gateways\/poe-docsis-gateway-mit-50-w-ausgangsleistung-lbdg-pro-50-docsis-3-1-1p\/#primaryimage\"},\"thumbnailUrl\":\"https:\/\/emea.dev.technetix.com\/wp-content\/uploads\/sites\/2\/2023\/12\/00000000_DOCSIS-3-1-GATEWAY-8200-POEP50_PRFL_01.png\",\"datePublished\":\"2023-11-14T12:53:54+00:00\",\"dateModified\":\"2024-06-11T15:28:19+00:00\",\"breadcrumb\":{\"@id\":\"https:\/\/emea.dev.technetix.com\/de\/drahtlose-kommunikation\/poe-docsis-gateways\/poe-docsis-gateway-mit-50-w-ausgangsleistung-lbdg-pro-50-docsis-3-1-1p\/#breadcrumb\"},\"inLanguage\":\"de\",\"potentialAction\":[{\"@type\":\"ReadAction\",\"target\":[\"https:\/\/emea.dev.technetix.com\/de\/drahtlose-kommunikation\/poe-docsis-gateways\/poe-docsis-gateway-mit-50-w-ausgangsleistung-lbdg-pro-50-docsis-3-1-1p\/\"]}]},{\"@type\":\"ImageObject\",\"inLanguage\":\"de\",\"@id\":\"https:\/\/emea.dev.technetix.com\/de\/drahtlose-kommunikation\/poe-docsis-gateways\/poe-docsis-gateway-mit-50-w-ausgangsleistung-lbdg-pro-50-docsis-3-1-1p\/#primaryimage\",\"url\":\"https:\/\/emea.dev.technetix.com\/wp-content\/uploads\/sites\/2\/2023\/12\/00000000_DOCSIS-3-1-GATEWAY-8200-POEP50_PRFL_01.png\",\"contentUrl\":\"https:\/\/emea.dev.technetix.com\/wp-content\/uploads\/sites\/2\/2023\/12\/00000000_DOCSIS-3-1-GATEWAY-8200-POEP50_PRFL_01.png\"},{\"@type\":\"BreadcrumbList\",\"@id\":\"https:\/\/emea.dev.technetix.com\/de\/drahtlose-kommunikation\/poe-docsis-gateways\/poe-docsis-gateway-mit-50-w-ausgangsleistung-lbdg-pro-50-docsis-3-1-1p\/#breadcrumb\",\"itemListElement\":[{\"@type\":\"ListItem\",\"position\":1,\"name\":\"Home\",\"item\":\"https:\/\/emea.dev.technetix.com\/de\/\"},{\"@type\":\"ListItem\",\"position\":2,\"name\":\"Drahtlose Kommunikation\",\"item\":\"https:\/\/emea.dev.technetix.com\/de\/drahtlose-kommunikation\/\"},{\"@type\":\"ListItem\",\"position\":3,\"name\":\"PoE++ DOCSIS\u00ae-Gateways\",\"item\":\"https:\/\/emea.dev.technetix.com\/de\/drahtlose-kommunikation\/poe-docsis-gateways\/\"},{\"@type\":\"ListItem\",\"position\":4,\"name\":\"PoE++ DOCSIS\u00ae-Gateway mit 50 W Ausgangsleistung (LBDG-PRO-50 DOCSIS 3.1 1P)\"}]},{\"@type\":\"WebSite\",\"@id\":\"https:\/\/emea.dev.technetix.com\/de\/#website\",\"url\":\"https:\/\/emea.dev.technetix.com\/de\/\",\"name\":\"Technetix\",\"description\":\"Next-generation broadband equipment engineering\",\"publisher\":{\"@id\":\"https:\/\/emea.dev.technetix.com\/de\/#organization\"},\"potentialAction\":[{\"@type\":\"SearchAction\",\"target\":{\"@type\":\"EntryPoint\",\"urlTemplate\":\"https:\/\/emea.dev.technetix.com\/de\/?s={search_term_string}\"},\"query-input\":{\"@type\":\"PropertyValueSpecification\",\"valueRequired\":true,\"valueName\":\"search_term_string\"}}],\"inLanguage\":\"de\"},{\"@type\":\"Organization\",\"@id\":\"https:\/\/emea.dev.technetix.com\/de\/#organization\",\"name\":\"Technetix\",\"url\":\"https:\/\/emea.dev.technetix.com\/de\/\",\"logo\":{\"@type\":\"ImageObject\",\"inLanguage\":\"de\",\"@id\":\"https:\/\/emea.dev.technetix.com\/de\/#\/schema\/logo\/image\/\",\"url\":\"https:\/\/emea.dev.technetix.com\/wp-content\/uploads\/sites\/2\/2023\/06\/logo-Technetix-1000x1000-1.png\",\"contentUrl\":\"https:\/\/emea.dev.technetix.com\/wp-content\/uploads\/sites\/2\/2023\/06\/logo-Technetix-1000x1000-1.png\",\"width\":1000,\"height\":1000,\"caption\":\"Technetix\"},\"image\":{\"@id\":\"https:\/\/emea.dev.technetix.com\/de\/#\/schema\/logo\/image\/\"},\"sameAs\":[\"https:\/\/x.com\/technetixgroup\",\"https:\/\/www.linkedin.com\/company\/technetix\/\",\"https:\/\/www.youtube.com\/c\/Technetix-group\"]}]}<\/script>\n<!-- \/ Yoast SEO Premium plugin. -->","yoast_head_json":{"title":"PoE++ DOCSIS\u00ae-Gateway mit 50 W Ausgangsleistung (LBDG-PRO-50 DOCSIS 3.1 1P) - Technetix EMEA","robots":{"index":"index","follow":"follow","max-snippet":"max-snippet:-1","max-image-preview":"max-image-preview:large","max-video-preview":"max-video-preview:-1"},"canonical":"https:\/\/emea.dev.technetix.com\/de\/drahtlose-kommunikation\/poe-docsis-gateways\/poe-docsis-gateway-mit-50-w-ausgangsleistung-lbdg-pro-50-docsis-3-1-1p\/","og_locale":"de_DE","og_type":"article","og_title":"PoE++ DOCSIS\u00ae-Gateway mit 50 W Ausgangsleistung (LBDG-PRO-50 DOCSIS 3.1 1P) - Technetix EMEA","og_description":"N\u00fctzliche Links","og_url":"https:\/\/emea.dev.technetix.com\/de\/drahtlose-kommunikation\/poe-docsis-gateways\/poe-docsis-gateway-mit-50-w-ausgangsleistung-lbdg-pro-50-docsis-3-1-1p\/","og_site_name":"Technetix EMEA","article_modified_time":"2024-06-11T15:28:19+00:00","og_image":[{"url":"https:\/\/emea.dev.technetix.com\/wp-content\/uploads\/sites\/2\/2023\/12\/00000000_DOCSIS-3-1-GATEWAY-8200-POEP50_PRFL_01.png"}],"twitter_card":"summary_large_image","twitter_site":"@technetixgroup","twitter_misc":{"Gesch\u00e4tzte Lesezeit":"1\u00a0Minute"},"schema":{"@context":"https:\/\/schema.org","@graph":[{"@type":"WebPage","@id":"https:\/\/emea.dev.technetix.com\/de\/drahtlose-kommunikation\/poe-docsis-gateways\/poe-docsis-gateway-mit-50-w-ausgangsleistung-lbdg-pro-50-docsis-3-1-1p\/","url":"https:\/\/emea.dev.technetix.com\/de\/drahtlose-kommunikation\/poe-docsis-gateways\/poe-docsis-gateway-mit-50-w-ausgangsleistung-lbdg-pro-50-docsis-3-1-1p\/","name":"PoE++ DOCSIS\u00ae-Gateway mit 50 W Ausgangsleistung (LBDG-PRO-50 DOCSIS 3.1 1P) - Technetix EMEA","isPartOf":{"@id":"https:\/\/emea.dev.technetix.com\/de\/#website"},"primaryImageOfPage":{"@id":"https:\/\/emea.dev.technetix.com\/de\/drahtlose-kommunikation\/poe-docsis-gateways\/poe-docsis-gateway-mit-50-w-ausgangsleistung-lbdg-pro-50-docsis-3-1-1p\/#primaryimage"},"image":{"@id":"https:\/\/emea.dev.technetix.com\/de\/drahtlose-kommunikation\/poe-docsis-gateways\/poe-docsis-gateway-mit-50-w-ausgangsleistung-lbdg-pro-50-docsis-3-1-1p\/#primaryimage"},"thumbnailUrl":"https:\/\/emea.dev.technetix.com\/wp-content\/uploads\/sites\/2\/2023\/12\/00000000_DOCSIS-3-1-GATEWAY-8200-POEP50_PRFL_01.png","datePublished":"2023-11-14T12:53:54+00:00","dateModified":"2024-06-11T15:28:19+00:00","breadcrumb":{"@id":"https:\/\/emea.dev.technetix.com\/de\/drahtlose-kommunikation\/poe-docsis-gateways\/poe-docsis-gateway-mit-50-w-ausgangsleistung-lbdg-pro-50-docsis-3-1-1p\/#breadcrumb"},"inLanguage":"de","potentialAction":[{"@type":"ReadAction","target":["https:\/\/emea.dev.technetix.com\/de\/drahtlose-kommunikation\/poe-docsis-gateways\/poe-docsis-gateway-mit-50-w-ausgangsleistung-lbdg-pro-50-docsis-3-1-1p\/"]}]},{"@type":"ImageObject","inLanguage":"de","@id":"https:\/\/emea.dev.technetix.com\/de\/drahtlose-kommunikation\/poe-docsis-gateways\/poe-docsis-gateway-mit-50-w-ausgangsleistung-lbdg-pro-50-docsis-3-1-1p\/#primaryimage","url":"https:\/\/emea.dev.technetix.com\/wp-content\/uploads\/sites\/2\/2023\/12\/00000000_DOCSIS-3-1-GATEWAY-8200-POEP50_PRFL_01.png","contentUrl":"https:\/\/emea.dev.technetix.com\/wp-content\/uploads\/sites\/2\/2023\/12\/00000000_DOCSIS-3-1-GATEWAY-8200-POEP50_PRFL_01.png"},{"@type":"BreadcrumbList","@id":"https:\/\/emea.dev.technetix.com\/de\/drahtlose-kommunikation\/poe-docsis-gateways\/poe-docsis-gateway-mit-50-w-ausgangsleistung-lbdg-pro-50-docsis-3-1-1p\/#breadcrumb","itemListElement":[{"@type":"ListItem","position":1,"name":"Home","item":"https:\/\/emea.dev.technetix.com\/de\/"},{"@type":"ListItem","position":2,"name":"Drahtlose Kommunikation","item":"https:\/\/emea.dev.technetix.com\/de\/drahtlose-kommunikation\/"},{"@type":"ListItem","position":3,"name":"PoE++ DOCSIS\u00ae-Gateways","item":"https:\/\/emea.dev.technetix.com\/de\/drahtlose-kommunikation\/poe-docsis-gateways\/"},{"@type":"ListItem","position":4,"name":"PoE++ DOCSIS\u00ae-Gateway mit 50 W Ausgangsleistung (LBDG-PRO-50 DOCSIS 3.1 1P)"}]},{"@type":"WebSite","@id":"https:\/\/emea.dev.technetix.com\/de\/#website","url":"https:\/\/emea.dev.technetix.com\/de\/","name":"Technetix","description":"Next-generation broadband equipment engineering","publisher":{"@id":"https:\/\/emea.dev.technetix.com\/de\/#organization"},"potentialAction":[{"@type":"SearchAction","target":{"@type":"EntryPoint","urlTemplate":"https:\/\/emea.dev.technetix.com\/de\/?s={search_term_string}"},"query-input":{"@type":"PropertyValueSpecification","valueRequired":true,"valueName":"search_term_string"}}],"inLanguage":"de"},{"@type":"Organization","@id":"https:\/\/emea.dev.technetix.com\/de\/#organization","name":"Technetix","url":"https:\/\/emea.dev.technetix.com\/de\/","logo":{"@type":"ImageObject","inLanguage":"de","@id":"https:\/\/emea.dev.technetix.com\/de\/#\/schema\/logo\/image\/","url":"https:\/\/emea.dev.technetix.com\/wp-content\/uploads\/sites\/2\/2023\/06\/logo-Technetix-1000x1000-1.png","contentUrl":"https:\/\/emea.dev.technetix.com\/wp-content\/uploads\/sites\/2\/2023\/06\/logo-Technetix-1000x1000-1.png","width":1000,"height":1000,"caption":"Technetix"},"image":{"@id":"https:\/\/emea.dev.technetix.com\/de\/#\/schema\/logo\/image\/"},"sameAs":["https:\/\/x.com\/technetixgroup","https:\/\/www.linkedin.com\/company\/technetix\/","https:\/\/www.youtube.com\/c\/Technetix-group"]}]}},"acf":[],"publishpress_future_workflow_manual_trigger":{"enabledWorkflows":[]},"_links":{"self":[{"href":"https:\/\/emea.dev.technetix.com\/de\/wp-json\/wp\/v2\/pages\/434573"}],"collection":[{"href":"https:\/\/emea.dev.technetix.com\/de\/wp-json\/wp\/v2\/pages"}],"about":[{"href":"https:\/\/emea.dev.technetix.com\/de\/wp-json\/wp\/v2\/types\/page"}],"author":[{"embeddable":true,"href":"https:\/\/emea.dev.technetix.com\/de\/wp-json\/wp\/v2\/users\/21"}],"replies":[{"embeddable":true,"href":"https:\/\/emea.dev.technetix.com\/de\/wp-json\/wp\/v2\/comments?post=434573"}],"version-history":[{"count":1,"href":"https:\/\/emea.dev.technetix.com\/de\/wp-json\/wp\/v2\/pages\/434573\/revisions"}],"predecessor-version":[{"id":434574,"href":"https:\/\/emea.dev.technetix.com\/de\/wp-json\/wp\/v2\/pages\/434573\/revisions\/434574"}],"up":[{"embeddable":true,"href":"https:\/\/emea.dev.technetix.com\/de\/wp-json\/wp\/v2\/pages\/434577"}],"wp:attachment":[{"href":"https:\/\/emea.dev.technetix.com\/de\/wp-json\/wp\/v2\/media?parent=434573"}],"curies":[{"name":"wp","href":"https:\/\/api.w.org\/{rel}","templated":true}]}}