{"id":434305,"date":"2023-11-09T13:09:59","date_gmt":"2023-11-09T13:09:59","guid":{"rendered":"https:\/\/emea.dev.technetix.com\/stromversorgungsloesungen\/nachhaltige-erneuerbare-loesungen\/"},"modified":"2024-06-11T11:11:42","modified_gmt":"2024-06-11T11:11:42","slug":"nachhaltige-erneuerbare-loesungen","status":"publish","type":"page","link":"https:\/\/emea.dev.technetix.com\/de\/stromversorgungsloesungen\/nachhaltige-erneuerbare-loesungen\/","title":{"rendered":"Nachhaltige\/erneuerbare L\u00f6sungen"},"content":{"rendered":"<div class=\"gb-container gb-container-6741be28 gb-container-con-centered-header\" id=\"intro\">\n<div style=\"height:35px\" aria-hidden=\"true\" class=\"wp-block-spacer\"><\/div>\n\n<h2 class=\"gb-headline gb-headline-abbd6caf gb-headline-text\">Nachhaltige\/erneuerbare L\u00f6sungen<\/h2>\n\n<p>Bereitstellung von gr\u00fcner, sauberer Energie f\u00fcr Netzwerke und Gemeinden in Krisensituationen \u00fcber tragbare Wechselstromgeneratoren und Stromanh\u00e4nger aus Lithium-Eisenphosphat, die schnell einsetzbar sind. L\u00f6sungen mit hoher Energiedichte ersetzen gasbetriebene Generatoren. <\/p>\n\n<div style=\"height:29px\" aria-hidden=\"true\" class=\"wp-block-spacer\"><\/div>\n<\/div><div class=\"gb-container gb-container-3070dded gb-container-wide-back-page-con\" id=\"cards\">\n<div class=\"gb-grid-wrapper gb-grid-wrapper-53f55656\">\n<div class=\"gb-grid-column gb-grid-column-111762de\"><div class=\"gb-container gb-container-111762de image-link-block\"><a class=\"gb-container-link\" href=\"https:\/\/emea.dev.technetix.com\/powering-solutions\/sustainable-renewable-powered-by-nue-solutions\/portable-ac-generators\"><\/a><div class=\"gb-inside-container\">\n<div class=\"gb-container gb-container-c51a427e\"><div class=\"gb-inside-container\">\n<figure class=\"gb-block-image gb-block-image-92ef0c3b\"><img loading=\"lazy\" decoding=\"async\" width=\"1000\" height=\"500\" class=\"gb-image gb-image-92ef0c3b\" src=\"https:\/\/emea.dev.technetix.com\/wp-content\/uploads\/sites\/2\/2023\/12\/0002_Portable-LiFePO4-830-1.png\" alt=\"\" title=\"0002_Portable-LiFePO4-830-1\" srcset=\"https:\/\/emea.dev.technetix.com\/wp-content\/uploads\/sites\/2\/2023\/12\/0002_Portable-LiFePO4-830-1.png 1000w, https:\/\/emea.dev.technetix.com\/wp-content\/uploads\/sites\/2\/2023\/12\/0002_Portable-LiFePO4-830-1-300x150.png 300w, https:\/\/emea.dev.technetix.com\/wp-content\/uploads\/sites\/2\/2023\/12\/0002_Portable-LiFePO4-830-1-768x384.png 768w, https:\/\/emea.dev.technetix.com\/wp-content\/uploads\/sites\/2\/2023\/12\/0002_Portable-LiFePO4-830-1-600x300.png 600w\" sizes=\"(max-width: 1000px) 100vw, 1000px\" \/><\/figure>\n\n<h2 class=\"gb-headline gb-headline-8057c017 gb-headline-text\">Portable AC-Generatoren<\/h2>\n\n<p class=\"gb-headline gb-headline-380a8e6b gb-headline-text\"><\/p>\n<\/div><\/div>\n<\/div><\/div><\/div>\n\n<div class=\"gb-grid-column gb-grid-column-0960c838\"><div class=\"gb-container gb-container-0960c838 image-link-block\"><a class=\"gb-container-link\" href=\"https:\/\/emea.dev.technetix.com\/powering-solutions\/sustainable-renewable-powered-by-nue-solutions\/portable-lifepo4-3600-wh-100-ah-36-vdc-broadband-battery-generator-lbbg-3600\/\"><\/a><div class=\"gb-inside-container\">\n<div class=\"gb-container gb-container-df6cbcc9\"><div class=\"gb-inside-container\">\n<figure class=\"gb-block-image gb-block-image-6787b70f\"><img loading=\"lazy\" decoding=\"async\" width=\"1000\" height=\"500\" class=\"gb-image gb-image-6787b70f\" src=\"https:\/\/emea.dev.technetix.com\/wp-content\/uploads\/sites\/2\/2023\/12\/0011_Portable-LiFePO4-2560.png\" alt=\"\" title=\"0011_Portable-LiFePO4-2560\" srcset=\"https:\/\/emea.dev.technetix.com\/wp-content\/uploads\/sites\/2\/2023\/12\/0011_Portable-LiFePO4-2560.png 1000w, https:\/\/emea.dev.technetix.com\/wp-content\/uploads\/sites\/2\/2023\/12\/0011_Portable-LiFePO4-2560-300x150.png 300w, https:\/\/emea.dev.technetix.com\/wp-content\/uploads\/sites\/2\/2023\/12\/0011_Portable-LiFePO4-2560-768x384.png 768w, https:\/\/emea.dev.technetix.com\/wp-content\/uploads\/sites\/2\/2023\/12\/0011_Portable-LiFePO4-2560-600x300.png 600w\" sizes=\"(max-width: 1000px) 100vw, 1000px\" \/><\/figure>\n\n<h2 class=\"gb-headline gb-headline-7341686a gb-headline-text\">Portabler Broadband Batterie Generator<\/h2>\n\n<p class=\"gb-headline gb-headline-78d5eadf gb-headline-text\"><\/p>\n<\/div><\/div>\n<\/div><\/div><\/div>\n<\/div>\n<\/div>","protected":false},"excerpt":{"rendered":"<p>Nachhaltige\/erneuerbare L\u00f6sungen Bereitstellung von gr\u00fcner, sauberer Energie f\u00fcr Netzwerke und Gemeinden in Krisensituationen \u00fcber tragbare Wechselstromgeneratoren und Stromanh\u00e4nger aus Lithium-Eisenphosphat, die schnell einsetzbar sind. L\u00f6sungen mit hoher Energiedichte ersetzen gasbetriebene Generatoren.<\/p>\n","protected":false},"author":21,"featured_media":0,"parent":432986,"menu_order":0,"comment_status":"closed","ping_status":"closed","template":"","meta":{"_acf_changed":false,"_gspb_post_css":"","footnotes":""},"class_list":["post-434305","page","type-page","status-publish"],"yoast_head":"<!-- This site is optimized with the Yoast SEO Premium plugin v22.5 (Yoast SEO v23.7) - https:\/\/yoast.com\/wordpress\/plugins\/seo\/ -->\n<title>Nachhaltige\/erneuerbare L\u00f6sungen - Technetix EMEA<\/title>\n<meta name=\"robots\" content=\"index, follow, max-snippet:-1, max-image-preview:large, max-video-preview:-1\" \/>\n<link rel=\"canonical\" href=\"https:\/\/emea.dev.technetix.com\/de\/stromversorgungsloesungen\/nachhaltige-erneuerbare-loesungen\/\" \/>\n<meta property=\"og:locale\" content=\"de_DE\" \/>\n<meta property=\"og:type\" content=\"article\" \/>\n<meta property=\"og:title\" content=\"Nachhaltige\/erneuerbare L\u00f6sungen - Technetix EMEA\" \/>\n<meta property=\"og:description\" content=\"Nachhaltige\/erneuerbare L\u00f6sungen Bereitstellung von gr\u00fcner, sauberer Energie f\u00fcr Netzwerke und Gemeinden in Krisensituationen \u00fcber tragbare Wechselstromgeneratoren und Stromanh\u00e4nger aus Lithium-Eisenphosphat, die schnell einsetzbar sind. L\u00f6sungen mit hoher Energiedichte ersetzen gasbetriebene Generatoren.\" \/>\n<meta property=\"og:url\" content=\"https:\/\/emea.dev.technetix.com\/de\/stromversorgungsloesungen\/nachhaltige-erneuerbare-loesungen\/\" \/>\n<meta property=\"og:site_name\" content=\"Technetix EMEA\" \/>\n<meta property=\"article:modified_time\" content=\"2024-06-11T11:11:42+00:00\" \/>\n<meta property=\"og:image\" content=\"https:\/\/emea.dev.technetix.com\/wp-content\/uploads\/sites\/2\/2023\/12\/0002_Portable-LiFePO4-830-1.png\" \/>\n<meta name=\"twitter:card\" content=\"summary_large_image\" \/>\n<meta name=\"twitter:site\" content=\"@technetixgroup\" \/>\n<script type=\"application\/ld+json\" class=\"yoast-schema-graph\">{\"@context\":\"https:\/\/schema.org\",\"@graph\":[{\"@type\":\"WebPage\",\"@id\":\"https:\/\/emea.dev.technetix.com\/de\/stromversorgungsloesungen\/nachhaltige-erneuerbare-loesungen\/\",\"url\":\"https:\/\/emea.dev.technetix.com\/de\/stromversorgungsloesungen\/nachhaltige-erneuerbare-loesungen\/\",\"name\":\"Nachhaltige\/erneuerbare L\u00f6sungen - Technetix EMEA\",\"isPartOf\":{\"@id\":\"https:\/\/emea.dev.technetix.com\/de\/#website\"},\"primaryImageOfPage\":{\"@id\":\"https:\/\/emea.dev.technetix.com\/de\/stromversorgungsloesungen\/nachhaltige-erneuerbare-loesungen\/#primaryimage\"},\"image\":{\"@id\":\"https:\/\/emea.dev.technetix.com\/de\/stromversorgungsloesungen\/nachhaltige-erneuerbare-loesungen\/#primaryimage\"},\"thumbnailUrl\":\"https:\/\/emea.dev.technetix.com\/wp-content\/uploads\/sites\/2\/2023\/12\/0002_Portable-LiFePO4-830-1.png\",\"datePublished\":\"2023-11-09T13:09:59+00:00\",\"dateModified\":\"2024-06-11T11:11:42+00:00\",\"breadcrumb\":{\"@id\":\"https:\/\/emea.dev.technetix.com\/de\/stromversorgungsloesungen\/nachhaltige-erneuerbare-loesungen\/#breadcrumb\"},\"inLanguage\":\"de\",\"potentialAction\":[{\"@type\":\"ReadAction\",\"target\":[\"https:\/\/emea.dev.technetix.com\/de\/stromversorgungsloesungen\/nachhaltige-erneuerbare-loesungen\/\"]}]},{\"@type\":\"ImageObject\",\"inLanguage\":\"de\",\"@id\":\"https:\/\/emea.dev.technetix.com\/de\/stromversorgungsloesungen\/nachhaltige-erneuerbare-loesungen\/#primaryimage\",\"url\":\"https:\/\/emea.dev.technetix.com\/wp-content\/uploads\/sites\/2\/2023\/12\/0002_Portable-LiFePO4-830-1.png\",\"contentUrl\":\"https:\/\/emea.dev.technetix.com\/wp-content\/uploads\/sites\/2\/2023\/12\/0002_Portable-LiFePO4-830-1.png\"},{\"@type\":\"BreadcrumbList\",\"@id\":\"https:\/\/emea.dev.technetix.com\/de\/stromversorgungsloesungen\/nachhaltige-erneuerbare-loesungen\/#breadcrumb\",\"itemListElement\":[{\"@type\":\"ListItem\",\"position\":1,\"name\":\"Home\",\"item\":\"https:\/\/emea.dev.technetix.com\/de\/\"},{\"@type\":\"ListItem\",\"position\":2,\"name\":\"Stromversorgungsl\u00f6sungen\",\"item\":\"https:\/\/emea.dev.technetix.com\/de\/stromversorgungsloesungen\/\"},{\"@type\":\"ListItem\",\"position\":3,\"name\":\"Nachhaltige\/erneuerbare L\u00f6sungen\"}]},{\"@type\":\"WebSite\",\"@id\":\"https:\/\/emea.dev.technetix.com\/de\/#website\",\"url\":\"https:\/\/emea.dev.technetix.com\/de\/\",\"name\":\"Technetix\",\"description\":\"Next-generation broadband equipment engineering\",\"publisher\":{\"@id\":\"https:\/\/emea.dev.technetix.com\/de\/#organization\"},\"potentialAction\":[{\"@type\":\"SearchAction\",\"target\":{\"@type\":\"EntryPoint\",\"urlTemplate\":\"https:\/\/emea.dev.technetix.com\/de\/?s={search_term_string}\"},\"query-input\":{\"@type\":\"PropertyValueSpecification\",\"valueRequired\":true,\"valueName\":\"search_term_string\"}}],\"inLanguage\":\"de\"},{\"@type\":\"Organization\",\"@id\":\"https:\/\/emea.dev.technetix.com\/de\/#organization\",\"name\":\"Technetix\",\"url\":\"https:\/\/emea.dev.technetix.com\/de\/\",\"logo\":{\"@type\":\"ImageObject\",\"inLanguage\":\"de\",\"@id\":\"https:\/\/emea.dev.technetix.com\/de\/#\/schema\/logo\/image\/\",\"url\":\"https:\/\/emea.dev.technetix.com\/wp-content\/uploads\/sites\/2\/2023\/06\/logo-Technetix-1000x1000-1.png\",\"contentUrl\":\"https:\/\/emea.dev.technetix.com\/wp-content\/uploads\/sites\/2\/2023\/06\/logo-Technetix-1000x1000-1.png\",\"width\":1000,\"height\":1000,\"caption\":\"Technetix\"},\"image\":{\"@id\":\"https:\/\/emea.dev.technetix.com\/de\/#\/schema\/logo\/image\/\"},\"sameAs\":[\"https:\/\/x.com\/technetixgroup\",\"https:\/\/www.linkedin.com\/company\/technetix\/\",\"https:\/\/www.youtube.com\/c\/Technetix-group\"]}]}<\/script>\n<!-- \/ Yoast SEO Premium plugin. -->","yoast_head_json":{"title":"Nachhaltige\/erneuerbare L\u00f6sungen - Technetix EMEA","robots":{"index":"index","follow":"follow","max-snippet":"max-snippet:-1","max-image-preview":"max-image-preview:large","max-video-preview":"max-video-preview:-1"},"canonical":"https:\/\/emea.dev.technetix.com\/de\/stromversorgungsloesungen\/nachhaltige-erneuerbare-loesungen\/","og_locale":"de_DE","og_type":"article","og_title":"Nachhaltige\/erneuerbare L\u00f6sungen - Technetix EMEA","og_description":"Nachhaltige\/erneuerbare L\u00f6sungen Bereitstellung von gr\u00fcner, sauberer Energie f\u00fcr Netzwerke und Gemeinden in Krisensituationen \u00fcber tragbare Wechselstromgeneratoren und Stromanh\u00e4nger aus Lithium-Eisenphosphat, die schnell einsetzbar sind. L\u00f6sungen mit hoher Energiedichte ersetzen gasbetriebene Generatoren.","og_url":"https:\/\/emea.dev.technetix.com\/de\/stromversorgungsloesungen\/nachhaltige-erneuerbare-loesungen\/","og_site_name":"Technetix EMEA","article_modified_time":"2024-06-11T11:11:42+00:00","og_image":[{"url":"https:\/\/emea.dev.technetix.com\/wp-content\/uploads\/sites\/2\/2023\/12\/0002_Portable-LiFePO4-830-1.png"}],"twitter_card":"summary_large_image","twitter_site":"@technetixgroup","schema":{"@context":"https:\/\/schema.org","@graph":[{"@type":"WebPage","@id":"https:\/\/emea.dev.technetix.com\/de\/stromversorgungsloesungen\/nachhaltige-erneuerbare-loesungen\/","url":"https:\/\/emea.dev.technetix.com\/de\/stromversorgungsloesungen\/nachhaltige-erneuerbare-loesungen\/","name":"Nachhaltige\/erneuerbare L\u00f6sungen - Technetix EMEA","isPartOf":{"@id":"https:\/\/emea.dev.technetix.com\/de\/#website"},"primaryImageOfPage":{"@id":"https:\/\/emea.dev.technetix.com\/de\/stromversorgungsloesungen\/nachhaltige-erneuerbare-loesungen\/#primaryimage"},"image":{"@id":"https:\/\/emea.dev.technetix.com\/de\/stromversorgungsloesungen\/nachhaltige-erneuerbare-loesungen\/#primaryimage"},"thumbnailUrl":"https:\/\/emea.dev.technetix.com\/wp-content\/uploads\/sites\/2\/2023\/12\/0002_Portable-LiFePO4-830-1.png","datePublished":"2023-11-09T13:09:59+00:00","dateModified":"2024-06-11T11:11:42+00:00","breadcrumb":{"@id":"https:\/\/emea.dev.technetix.com\/de\/stromversorgungsloesungen\/nachhaltige-erneuerbare-loesungen\/#breadcrumb"},"inLanguage":"de","potentialAction":[{"@type":"ReadAction","target":["https:\/\/emea.dev.technetix.com\/de\/stromversorgungsloesungen\/nachhaltige-erneuerbare-loesungen\/"]}]},{"@type":"ImageObject","inLanguage":"de","@id":"https:\/\/emea.dev.technetix.com\/de\/stromversorgungsloesungen\/nachhaltige-erneuerbare-loesungen\/#primaryimage","url":"https:\/\/emea.dev.technetix.com\/wp-content\/uploads\/sites\/2\/2023\/12\/0002_Portable-LiFePO4-830-1.png","contentUrl":"https:\/\/emea.dev.technetix.com\/wp-content\/uploads\/sites\/2\/2023\/12\/0002_Portable-LiFePO4-830-1.png"},{"@type":"BreadcrumbList","@id":"https:\/\/emea.dev.technetix.com\/de\/stromversorgungsloesungen\/nachhaltige-erneuerbare-loesungen\/#breadcrumb","itemListElement":[{"@type":"ListItem","position":1,"name":"Home","item":"https:\/\/emea.dev.technetix.com\/de\/"},{"@type":"ListItem","position":2,"name":"Stromversorgungsl\u00f6sungen","item":"https:\/\/emea.dev.technetix.com\/de\/stromversorgungsloesungen\/"},{"@type":"ListItem","position":3,"name":"Nachhaltige\/erneuerbare L\u00f6sungen"}]},{"@type":"WebSite","@id":"https:\/\/emea.dev.technetix.com\/de\/#website","url":"https:\/\/emea.dev.technetix.com\/de\/","name":"Technetix","description":"Next-generation broadband equipment engineering","publisher":{"@id":"https:\/\/emea.dev.technetix.com\/de\/#organization"},"potentialAction":[{"@type":"SearchAction","target":{"@type":"EntryPoint","urlTemplate":"https:\/\/emea.dev.technetix.com\/de\/?s={search_term_string}"},"query-input":{"@type":"PropertyValueSpecification","valueRequired":true,"valueName":"search_term_string"}}],"inLanguage":"de"},{"@type":"Organization","@id":"https:\/\/emea.dev.technetix.com\/de\/#organization","name":"Technetix","url":"https:\/\/emea.dev.technetix.com\/de\/","logo":{"@type":"ImageObject","inLanguage":"de","@id":"https:\/\/emea.dev.technetix.com\/de\/#\/schema\/logo\/image\/","url":"https:\/\/emea.dev.technetix.com\/wp-content\/uploads\/sites\/2\/2023\/06\/logo-Technetix-1000x1000-1.png","contentUrl":"https:\/\/emea.dev.technetix.com\/wp-content\/uploads\/sites\/2\/2023\/06\/logo-Technetix-1000x1000-1.png","width":1000,"height":1000,"caption":"Technetix"},"image":{"@id":"https:\/\/emea.dev.technetix.com\/de\/#\/schema\/logo\/image\/"},"sameAs":["https:\/\/x.com\/technetixgroup","https:\/\/www.linkedin.com\/company\/technetix\/","https:\/\/www.youtube.com\/c\/Technetix-group"]}]}},"acf":[],"publishpress_future_workflow_manual_trigger":{"enabledWorkflows":[]},"_links":{"self":[{"href":"https:\/\/emea.dev.technetix.com\/de\/wp-json\/wp\/v2\/pages\/434305"}],"collection":[{"href":"https:\/\/emea.dev.technetix.com\/de\/wp-json\/wp\/v2\/pages"}],"about":[{"href":"https:\/\/emea.dev.technetix.com\/de\/wp-json\/wp\/v2\/types\/page"}],"author":[{"embeddable":true,"href":"https:\/\/emea.dev.technetix.com\/de\/wp-json\/wp\/v2\/users\/21"}],"replies":[{"embeddable":true,"href":"https:\/\/emea.dev.technetix.com\/de\/wp-json\/wp\/v2\/comments?post=434305"}],"version-history":[{"count":5,"href":"https:\/\/emea.dev.technetix.com\/de\/wp-json\/wp\/v2\/pages\/434305\/revisions"}],"predecessor-version":[{"id":434310,"href":"https:\/\/emea.dev.technetix.com\/de\/wp-json\/wp\/v2\/pages\/434305\/revisions\/434310"}],"up":[{"embeddable":true,"href":"https:\/\/emea.dev.technetix.com\/de\/wp-json\/wp\/v2\/pages\/432986"}],"wp:attachment":[{"href":"https:\/\/emea.dev.technetix.com\/de\/wp-json\/wp\/v2\/media?parent=434305"}],"curies":[{"name":"wp","href":"https:\/\/api.w.org\/{rel}","templated":true}]}}